{"id":10191,"date":"2023-05-10T16:04:55","date_gmt":"2023-05-10T20:04:55","guid":{"rendered":"https:\/\/baycoast.bank\/banca-en-linea\/transferencias-sencillas-de-dinero\/"},"modified":"2024-06-06T16:16:42","modified_gmt":"2024-06-06T20:16:42","slug":"transferencias-sencillas-de-dinero","status":"publish","type":"page","link":"https:\/\/baycoast.bank\/es\/banca-en-linea\/transferencias-sencillas-de-dinero\/","title":{"rendered":"Transferencias sencillas de dinero"},"content":{"rendered":"<div class=\"lazyblock-interior-hero-1rTTIX wp-block-lazyblock-interior-hero\">\n<div class=\"section hero\">\n\t<div class=\"backing parallaxContainer\">\n\t\t<div class=\"backing\" style=\"background-image: url(https:\/\/baycoast.bank\/wp-content\/uploads\/2023\/05\/Payrailz-Webpage-Hero-2.jpg\" role=\"img\" aria-label=\"Hero Image\"><\/div>\n\t<\/div>\n\n\t<div class=\"heroContent\">\n\t\t<div class=\"plusPlus blue\" ><\/div>\n\t\t\n\t\t<div class=\"heroWrapper\">\n\t\t\t<div class=\"heroBlock bgWhite\">\n\t\t\t\t\n\t\t\t\t<div class=\"heroBlockHeadline\">\n\n\t\t\t\t\t\t\t\t\t\t\t<div class=\"categories flex\" style=\"justify-content: flex-start;\">\n\t\t\t\t\t\t\t<div class=\"h6\">\n\n\t\t\t\t\t\t\t  \t\t\t\t\t\t\t\t    \t<a href=\"https:\/\/baycoast.bank\/es\/banca-en-linea\/\">Banca en l\u00ednea<\/a>\n\t\t\t\t\t\t\t    \t\t\t\t\t\t\t  \n\t\t\t\t\t\t\t<\/div>\n\t\t\t\t\t\t\t\n\t\t\t\t\t\t\t\t\t\t\t\t\t<\/div>\n\t\t\t\t\t\t\t\t\t\t\n\t\t\t\t\t<h1 class=\"blue\">Transferencias sencillas de dinero<\/h1>\n\t\t\t\t<\/div>\n\t\t\t<\/div>\n\t\t\t    \t\n\t\t\t\n\t\t<\/div>\n\t<\/div>\n<\/div> \n\n<div class=\"spacer\"><\/div><\/div><div class=\"lazyblock-interior-content-2qSzNG wp-block-lazyblock-interior-content\"><div class=\"spacer\"><\/div>\n\n<div class=\"section\">\n\t<div class=\"paddedWrapper\">\n\t\t<div class=\"wrapper flex gutenberg\" style=\"justify-content: center;\">\n\n\t\t\t\n\t\t\t<div class=\"smallWrapper gutenberg\">\n\t\t\t\n\t\t\t\t<div class=\"h3\">\u00a1Una soluci\u00f3n inteligente, segura y veloz para Cash Apps!<\/div>\n\t\t\t  \n\t\t\t  \t<hr style=\"margin-bottom: 5rem;\">\n\t\t\t\t\n\t\t\t\t\n\n<p>\u00bfEst\u00e1s buscando una manera r\u00e1pida, sencilla y segura de enviar y recibir dinero? BayCoast Bank se complace en anunciarte nuestro nuevo sistema de pagos de persona a persona (P2P), una herramienta financiera digital innovadora que usa tecnolog\u00eda de \u00faltima generaci\u00f3n para darte opciones de pago m\u00e1s r\u00e1pidas y avanzadas. Con los acelerados estilos de vida actuales, esta nueva plataforma te ofrece las facilidades que deseas, con la seguridad que necesitas. <\/p>\n\n\n\n<p>Solo necesitas una direcci\u00f3n de correo electr\u00f3nico o n\u00famero de tel\u00e9fono celular para enviar dinero a un amigo en cualquier momento y lugar, <em>sin importar el banco o la aplicaci\u00f3n que utilice<\/em>. S\u00ed, es as\u00ed de sencillo, y esto es solo el comienzo.<\/p>\n\n\n\n<h4 class=\"wp-block-heading\">Ya sea que est\u00e9s dividiendo la cuenta de tu restaurante preferido o pagando a tu ni\u00f1era, nuestra soluci\u00f3n de transferencias de dinero te hace la vida m\u00e1s f\u00e1cil.<\/h4>\n\n\n\n<div class=\"wp-block-stackable-spacer stk-block-spacer stk--no-padding stk-block stk-6d4a337\" data-block-id=\"6d4a337\"><style>.stk-6d4a337{height:24px !important}@media screen and (max-width:1023px){.stk-6d4a337{height:15px !important}}@media screen and (max-width:767px){.stk-6d4a337{height:10px !important}}<\/style><\/div>\n\n\n\n<div class=\"wp-block-stackable-icon-box stk-block-icon-box stk-block stk-7ace7f9\" data-block-id=\"7ace7f9\"><div class=\"stk-block-content stk-inner-blocks stk-block-icon-box__content stk-container stk-7ace7f9-container stk--no-background stk--no-padding\">\n<div class=\"wp-block-stackable-icon-label stk-block-icon-label stk-block stk-0f10124\" data-block-id=\"0f10124\"><style>.stk-0f10124{margin-bottom:0px !important}<\/style><div class=\"stk-row stk-inner-blocks stk-block-content\">\n<div class=\"wp-block-stackable-icon stk-block-icon has-text-align-left stk-block stk-121f1ee\" data-block-id=\"121f1ee\"><style>.stk-121f1ee .stk--svg-wrapper .stk--inner-svg svg:last-child,.stk-121f1ee .stk--svg-wrapper .stk--inner-svg svg:last-child :is(g,path,rect,polygon,ellipse){fill:var(--stk-global-color-63884,#fbad18) !important}<\/style><span class=\"stk--svg-wrapper\"><div class=\"stk--inner-svg\"><svg style=\"height:0;width:0\"><defs><lineargradient id=\"linear-gradient-121f1ee\" x1=\"0\" x2=\"100%\" y1=\"0\" y2=\"0\"><stop offset=\"0%\" style=\"stop-opacity:1;stop-color:var(--linear-gradient-121-f-1-ee-color-1)\"><\/stop><stop offset=\"100%\" style=\"stop-opacity:1;stop-color:var(--linear-gradient-121-f-1-ee-color-2)\"><\/stop><\/lineargradient><\/defs><\/svg><svg class=\"ugb-custom-icon\" version=\"1.0\" xmlns=\"http:\/\/www.w3.org\/2000\/svg\" width=\"32\" height=\"32\" viewbox=\"0 0 50.000000 50.000000\" preserveaspectratio=\"xMidYMid meet\" aria-hidden=\"true\">\n\n<g transform=\"translate(0.000000,50.000000) scale(0.100000,-0.100000)\" fill=\"#000000\" stroke=\"none\">\n<path d=\"M190 450 c0 -22 5 -40 10 -40 6 0 10 18 10 40 0 22 -4 40 -10 40 -5&#10;0 -10 -18 -10 -40z\"><\/path>\n<path d=\"M100 452 c0 -14 49 -56 57 -49 3 4 -4 18 -17 32 -24 25 -40 32 -40&#10;17z\"><\/path>\n<path d=\"M260 435 c-13 -14 -20 -28 -17 -32 8 -7 57 35 57 49 0 15 -16 8 -40&#10;-17z\"><\/path>\n<path d=\"M279 343 c-54 -53 -100 -95 -102 -92 -43 61 -61 78 -87 84 -19 4 -36&#10;2 -46 -6 -13 -11 -11 -16 14 -43 16 -17 37 -56 47 -86 22 -68 114 -170 155&#10;-170 34 0 176 140 167 164 -4 9 -13 16 -21 16 -9 0 -12 7 -9 21 4 15 0 22 -15&#10;26 -14 3 -19 10 -15 20 4 9 -1 21 -10 28 -15 11 -13 17 24 59 41 46 46 76 13&#10;76 -9 0 -61 -44 -115 -97z\"><\/path>\n<\/g>\n<\/svg><\/div><\/span><\/div>\n\n\n\n<div class=\"wp-block-stackable-heading stk-block-heading stk-block stk-b7b9e05\" data-block-id=\"b7b9e05\"><h5 class=\"stk-block-heading__text\">Simple<\/h5><\/div>\n<\/div><\/div>\n\n\n\n<ul class=\"wp-block-list\">\n<li>Para comenzar, solo debes agregar el n\u00famero de tel\u00e9fono celular o la direcci\u00f3n de correo electr\u00f3nico de tu contacto: no es necesario que usen la misma aplicaci\u00f3n.<\/li>\n\n\n\n<li>Despu\u00e9s de la verificaci\u00f3n, tu contacto puede elegir c\u00f3mo se enviar\u00e1 su pago.<\/li>\n<\/ul>\n<\/div><\/div>\n\n\n\n<div class=\"wp-block-stackable-icon-box stk-block-icon-box stk-block stk-177c3d8\" data-block-id=\"177c3d8\"><div class=\"stk-block-content stk-inner-blocks stk-block-icon-box__content stk-container stk-177c3d8-container stk--no-background stk--no-padding\">\n<div class=\"wp-block-stackable-icon-label stk-block-icon-label stk-block stk-bb51bdf\" data-block-id=\"bb51bdf\"><style>.stk-bb51bdf{margin-bottom:0px !important}<\/style><div class=\"stk-row stk-inner-blocks stk-block-content\">\n<div class=\"wp-block-stackable-icon stk-block-icon has-text-align-left stk-block stk-ace287f\" data-block-id=\"ace287f\"><style>.stk-ace287f .stk--svg-wrapper .stk--inner-svg svg:last-child,.stk-ace287f .stk--svg-wrapper .stk--inner-svg svg:last-child :is(g,path,rect,polygon,ellipse){fill:var(--stk-global-color-63884,#fbad18) !important}<\/style><span class=\"stk--svg-wrapper\"><div class=\"stk--inner-svg\"><svg style=\"height:0;width:0\"><defs><lineargradient id=\"linear-gradient-ace287f\" x1=\"0\" x2=\"100%\" y1=\"0\" y2=\"0\"><stop offset=\"0%\" style=\"stop-opacity:1;stop-color:var(--linear-gradient-ace-287-f-color-1)\"><\/stop><stop offset=\"100%\" style=\"stop-opacity:1;stop-color:var(--linear-gradient-ace-287-f-color-2)\"><\/stop><\/lineargradient><\/defs><\/svg><svg aria-hidden=\"true\" focusable=\"false\" data-prefix=\"fas\" data-icon=\"lock\" class=\"svg-inline--fa fa-lock fa-w-14\" xmlns=\"http:\/\/www.w3.org\/2000\/svg\" viewbox=\"0 0 448 512\" width=\"32\" height=\"32\"><path fill=\"currentColor\" d=\"M400 224h-24v-72C376 68.2 307.8 0 224 0S72 68.2 72 152v72H48c-26.5 0-48 21.5-48 48v192c0 26.5 21.5 48 48 48h352c26.5 0 48-21.5 48-48V272c0-26.5-21.5-48-48-48zm-104 0H152v-72c0-39.7 32.3-72 72-72s72 32.3 72 72v72z\"><\/path><\/svg><\/div><\/span><\/div>\n\n\n\n<div class=\"wp-block-stackable-heading stk-block-heading stk-block stk-8112b71\" data-block-id=\"8112b71\"><h5 class=\"stk-block-heading__text\">Safe<\/h5><\/div>\n<\/div><\/div>\n\n\n\n<ul class=\"wp-block-list\">\n<li>Seguridad proactiva que proporciona contrase\u00f1as de un solo uso y una soluci\u00f3n de detecci\u00f3n del fraude en tiempo real.<\/li>\n\n\n\n<li>Puedes crear preguntas de seguridad exclusivas que solo tu contacto conozca.<\/li>\n<\/ul>\n<\/div><\/div>\n\n\n\n<div class=\"wp-block-stackable-icon-box stk-block-icon-box stk-block stk-43d2fdc\" data-block-id=\"43d2fdc\"><div class=\"stk-block-content stk-inner-blocks stk-block-icon-box__content stk-container stk-43d2fdc-container stk--no-background stk--no-padding\">\n<div class=\"wp-block-stackable-icon-label stk-block-icon-label stk-block stk-f085c93\" data-block-id=\"f085c93\"><style>.stk-f085c93{margin-bottom:0px !important}<\/style><div class=\"stk-row stk-inner-blocks stk-block-content\">\n<div class=\"wp-block-stackable-icon stk-block-icon has-text-align-left stk-block stk-1711938\" data-block-id=\"1711938\"><style>.stk-1711938 .stk--svg-wrapper .stk--inner-svg svg:last-child,.stk-1711938 .stk--svg-wrapper .stk--inner-svg svg:last-child :is(g,path,rect,polygon,ellipse){fill:var(--stk-global-color-63884,#fbad18) !important}<\/style><span class=\"stk--svg-wrapper\"><div class=\"stk--inner-svg\"><svg style=\"height:0;width:0\"><defs><lineargradient id=\"linear-gradient-1711938\" x1=\"0\" x2=\"100%\" y1=\"0\" y2=\"0\"><stop offset=\"0%\" style=\"stop-opacity:1;stop-color:var(--linear-gradient-1711938-color-1)\"><\/stop><stop offset=\"100%\" style=\"stop-opacity:1;stop-color:var(--linear-gradient-1711938-color-2)\"><\/stop><\/lineargradient><\/defs><\/svg><svg aria-hidden=\"true\" focusable=\"false\" data-prefix=\"fas\" data-icon=\"history\" class=\"svg-inline--fa fa-history fa-w-16\" xmlns=\"http:\/\/www.w3.org\/2000\/svg\" viewbox=\"0 0 512 512\" width=\"32\" height=\"32\"><path fill=\"currentColor\" d=\"M504 255.531c.253 136.64-111.18 248.372-247.82 248.468-59.015.042-113.223-20.53-155.822-54.911-11.077-8.94-11.905-25.541-1.839-35.607l11.267-11.267c8.609-8.609 22.353-9.551 31.891-1.984C173.062 425.135 212.781 440 256 440c101.705 0 184-82.311 184-184 0-101.705-82.311-184-184-184-48.814 0-93.149 18.969-126.068 49.932l50.754 50.754c10.08 10.08 2.941 27.314-11.313 27.314H24c-8.837 0-16-7.163-16-16V38.627c0-14.254 17.234-21.393 27.314-11.314l49.372 49.372C129.209 34.136 189.552 8 256 8c136.81 0 247.747 110.78 248 247.531zm-180.912 78.784l9.823-12.63c8.138-10.463 6.253-25.542-4.21-33.679L288 256.349V152c0-13.255-10.745-24-24-24h-16c-13.255 0-24 10.745-24 24v135.651l65.409 50.874c10.463 8.137 25.541 6.253 33.679-4.21z\"><\/path><\/svg><\/div><\/span><\/div>\n\n\n\n<div class=\"wp-block-stackable-heading stk-block-heading stk-block stk-9bf0aaa\" data-block-id=\"9bf0aaa\"><h5 class=\"stk-block-heading__text\">Swift<\/h5><\/div>\n<\/div><\/div>\n\n\n\n<ul class=\"wp-block-list\">\n<li>Los pagos se env\u00edan en tiempo real. No en una hora o en un d\u00eda: de inmediato.<\/li>\n\n\n\n<li>Tambi\u00e9n puedes programar pagos recurrentes para que se env\u00eden el mismo d\u00eda, el d\u00eda siguiente, o en una fecha futura que decidas.<\/li>\n<\/ul>\n<\/div><\/div>\n\n\n\n<h4 class=\"wp-block-heading\">\u00a1Inscr\u00edbete hoy mismo a trav\u00e9s del servicio de banca electr\u00f3nica de BayCoast!<\/h4>\n\n\n\n<p>Realizar transferencias de dinero en tiempo real o programar pagos en la banca electr\u00f3nica nunca fue tan f\u00e1cil. Puedes encontrar nuestro nuevo sistema de pagos en la banca electr\u00f3nica y m\u00f3vil, dentro de la categor\u00eda \u00ab<em>Move Money and Pay Loans<\/em>\u00bb (Mover Dinero y Pagar Pr\u00e9stamos).<\/p>\n\n\n\n<p><strong>\u00bfNo eres usuario de la banca electr\u00f3nica?<\/strong> <a href=\"https:\/\/baycoast.bank\/es\/banca-en-linea\/haz-la-solicitud\/\">Reg\u00edstrate aqu\u00ed y disfruta de muchas funciones de gran utilidad.<\/a> No dudes en descargar nuestra aplicaci\u00f3n gratuita de BayCoast Bank para tel\u00e9fonos m\u00f3viles y disfruta de la facilidad de poder enviar dinero a tus amigos mientras est\u00e1s fuera de casa.<\/p>\n\n\n<div class=\"lazyblock-buttons-19QpWR wp-block-lazyblock-buttons\"><div class=\"buttonsListed\">\n\t\t\t\t\t\t\t\n\t<div class=\"grid\" style=\"align-items: center;\">\n\t\t\t\t\t<a href=\"https:\/\/baycoast.bank\/online-banking\/apply\/\"><div class=\"btn blue\" role=\"button\" tabindex=\"0\">Solicita acceso a la banca electr\u00f3nica&nbsp;<span class=\"primaryColor\">+<\/span> <div class=\"backing\"><\/div><\/div><\/a>\n\t\t\t<\/div>\n\t\n<\/div><\/div>\n\n\n<div class=\"wp-block-stackable-spacer stk-block-spacer stk--no-padding stk-block stk-f5fada0\" data-block-id=\"f5fada0\"><style>.stk-f5fada0{height:24px !important}@media screen and (max-width:1023px){.stk-f5fada0{height:15px !important}}@media screen and (max-width:767px){.stk-f5fada0{height:10px !important}}<\/style><\/div>\n\n\n\n<h5 class=\"wp-block-heading\">Comun\u00edcate con nosotros al 508-678-7641 si tienes preguntas acerca de este nuevo servicio. Estaremos encantados de ayudarte.<\/h5>\n\n\n\t\t\t<\/div>\n\n\t\t<\/div>\n\t<\/div>\n<\/div> <\/div>","protected":false},"excerpt":{"rendered":"","protected":false},"author":13,"featured_media":10094,"parent":7246,"menu_order":41,"comment_status":"closed","ping_status":"closed","template":"","meta":{"_acf_changed":false,"inline_featured_image":false,"footnotes":""},"class_list":["post-10191","page","type-page","status-publish","has-post-thumbnail","hentry"],"acf":[],"featured_image_urls_v2":{"full":["https:\/\/baycoast.bank\/wp-content\/uploads\/2023\/05\/Payrailz-Webpage-Hero-2.jpg",1537,920,false],"thumbnail":["https:\/\/baycoast.bank\/wp-content\/uploads\/2023\/05\/Payrailz-Webpage-Hero-2-150x150.jpg",150,150,true],"medium":["https:\/\/baycoast.bank\/wp-content\/uploads\/2023\/05\/Payrailz-Webpage-Hero-2-300x180.jpg",300,180,true],"medium_large":["https:\/\/baycoast.bank\/wp-content\/uploads\/2023\/05\/Payrailz-Webpage-Hero-2-768x460.jpg",768,460,true],"large":["https:\/\/baycoast.bank\/wp-content\/uploads\/2023\/05\/Payrailz-Webpage-Hero-2-1024x613.jpg",1024,613,true],"1536x1536":["https:\/\/baycoast.bank\/wp-content\/uploads\/2023\/05\/Payrailz-Webpage-Hero-2.jpg",1536,919,false],"2048x2048":["https:\/\/baycoast.bank\/wp-content\/uploads\/2023\/05\/Payrailz-Webpage-Hero-2.jpg",1537,920,false]},"post_excerpt_stackable_v2":"<p>Banca en l\u00ednea Transferencias sencillas de dinero \u00a1Una soluci\u00f3n inteligente, segura y veloz para Cash Apps! \u00bfEst\u00e1s buscando una manera r\u00e1pida, sencilla y segura de enviar y recibir dinero? BayCoast Bank se complace en anunciarte nuestro nuevo sistema de pagos de persona a persona (P2P), una herramienta financiera digital innovadora que usa tecnolog\u00eda de \u00faltima generaci\u00f3n para darte opciones de pago m\u00e1s r\u00e1pidas y avanzadas. Con los acelerados estilos de vida actuales, esta nueva plataforma te ofrece las facilidades que deseas, con la seguridad que necesitas. Solo necesitas una direcci\u00f3n de correo electr\u00f3nico o n\u00famero de tel\u00e9fono celular para enviar&hellip;<\/p>\n","category_list_v2":"","author_info_v2":{"name":"","url":"https:\/\/baycoast.bank\/es\/author\/"},"comments_num_v2":"0 comentarios","publishpress_future_action":{"enabled":false,"date":"2026-05-15 20:53:35","action":"change-status","newStatus":"draft","terms":[],"taxonomy":"translation_priority","extraData":[]},"publishpress_future_workflow_manual_trigger":{"enabledWorkflows":[]},"_links":{"self":[{"href":"https:\/\/baycoast.bank\/es\/wp-json\/wp\/v2\/pages\/10191","targetHints":{"allow":["GET"]}}],"collection":[{"href":"https:\/\/baycoast.bank\/es\/wp-json\/wp\/v2\/pages"}],"about":[{"href":"https:\/\/baycoast.bank\/es\/wp-json\/wp\/v2\/types\/page"}],"author":[{"embeddable":true,"href":"https:\/\/baycoast.bank\/es\/wp-json\/wp\/v2\/users\/13"}],"replies":[{"embeddable":true,"href":"https:\/\/baycoast.bank\/es\/wp-json\/wp\/v2\/comments?post=10191"}],"version-history":[{"count":0,"href":"https:\/\/baycoast.bank\/es\/wp-json\/wp\/v2\/pages\/10191\/revisions"}],"up":[{"embeddable":true,"href":"https:\/\/baycoast.bank\/es\/wp-json\/wp\/v2\/pages\/7246"}],"wp:featuredmedia":[{"embeddable":true,"href":"https:\/\/baycoast.bank\/es\/wp-json\/wp\/v2\/media\/10094"}],"wp:attachment":[{"href":"https:\/\/baycoast.bank\/es\/wp-json\/wp\/v2\/media?parent=10191"}],"curies":[{"name":"wp","href":"https:\/\/api.w.org\/{rel}","templated":true}]}}