{"id":10866,"date":"2023-10-11T15:36:49","date_gmt":"2023-10-11T19:36:49","guid":{"rendered":"https:\/\/baycoast.bank\/servicios-bancarios-de-cannabis\/servicios-bancarios-para-negocios-relacionados-con-el-cannabis\/"},"modified":"2024-07-25T10:17:19","modified_gmt":"2024-07-25T14:17:19","slug":"servicios-bancarios-para-negocios-relacionados-con-el-cannabis","status":"publish","type":"page","link":"https:\/\/baycoast.bank\/es\/servicios-bancarios-de-cannabis\/servicios-bancarios-para-negocios-relacionados-con-el-cannabis\/","title":{"rendered":"Banca para empresas relacionadas con el cannabis"},"content":{"rendered":"<div class=\"lazyblock-interior-hero-Z2kb5D wp-block-lazyblock-interior-hero\">\n<div class=\"section hero\">\n\t<div class=\"backing parallaxContainer\">\n\t\t<div class=\"backing\" style=\"background-image: url(https:\/\/baycoast.bank\/wp-content\/uploads\/2023\/10\/Banking-For-Cannabis-Related-Businesses.jpg\" role=\"img\" aria-label=\"Hero Image\"><\/div>\n\t<\/div>\n\n\t<div class=\"heroContent\">\n\t\t<div class=\"plusPlus blue\" ><\/div>\n\t\t\n\t\t<div class=\"heroWrapper\">\n\t\t\t<div class=\"heroBlock bgWhite\">\n\t\t\t\t\n\t\t\t\t<div class=\"heroBlockHeadline\">\n\n\t\t\t\t\t\t\t\t\t\t\t<div class=\"categories flex\" style=\"justify-content: flex-start;\">\n\t\t\t\t\t\t\t<div class=\"h6\">\n\n\t\t\t\t\t\t\t  \t\t\t\t\t\t\t\t    \t<a href=\"https:\/\/baycoast.bank\/es\/servicios-bancarios-de-cannabis\/\">Servicios bancarios de cannabis en MA y RI<\/a>\n\t\t\t\t\t\t\t    \t\t\t\t\t\t\t  \n\t\t\t\t\t\t\t<\/div>\n\t\t\t\t\t\t\t\n\t\t\t\t\t\t\t\t\t\t\t\t\t<\/div>\n\t\t\t\t\t\t\t\t\t\t\n\t\t\t\t\t<h1 class=\"blue\">Banca para empresas relacionadas con el cannabis<\/h1>\n\t\t\t\t<\/div>\n\t\t\t<\/div>\n\t\t\t    \t\n\t\t\t\n\t\t<\/div>\n\t<\/div>\n<\/div> \n\n<div class=\"spacer\"><\/div><\/div>\n<div class=\"wp-block-stackable-columns stk-block-columns stk-block stk-53c354a\" data-block-id=\"53c354a\"><style>.stk-53c354a{max-width:50% !important;margin-right:auto !important;margin-bottom:50px !important;margin-left:auto !important}@media screen and (max-width:767px){.stk-53c354a{max-width:75% !important}}<\/style><div class=\"stk-row stk-inner-blocks stk-block-content stk-content-align stk-53c354a-column\">\n<div class=\"wp-block-stackable-column stk-block-column stk-column stk-block stk-d913bee\" data-v=\"4\" data-block-id=\"d913bee\"><div class=\"stk-column-wrapper stk-block-column__content stk-container stk-d913bee-container stk--no-background stk--no-padding\"><div class=\"stk-block-content stk-inner-blocks stk-d913bee-inner-blocks\">\n<div class=\"wp-block-stackable-spacer stk-block-spacer stk--no-padding stk-block stk-c50b6f6\" data-block-id=\"c50b6f6\"><style>.stk-c50b6f6{height:25px !important}<\/style><\/div>\n\n\n\n<p>Nueva Inglaterra est\u00e1 estableciendo progresivamente su posici\u00f3n en el panorama de la marihuana legalizada. Tras haber aprobado inicialmente la marihuana medicinal en 2016, Massachusetts se convirti\u00f3 en uno de los primeros estados en legalizar la marihuana recreativa en 2018. Rhode Island legaliz\u00f3 la marihuana medicinal por primera vez en 2006, y aprob\u00f3 el uso recreativo en 2022. A medida que un n\u00famero creciente de estados de EEUU adopta una legislaci\u00f3n similar, las industrias de Massachusetts y Rhode Island sirven como puntos de referencia para futuros desarrollos.<\/p>\n\n\n\n<p>Pero a diferencia de la mayor\u00eda de las dem\u00e1s industrias, las empresas relacionadas con el cannabis tienen que navegar por un complejo panorama normativo para su gesti\u00f3n financiera. Esta complejidad se deriva del conflicto entre las leyes estatales que legalizan la venta de cannabis y las leyes federales que la proh\u00edben. Para dirigir legalmente una empresa de este tipo, necesitar\u00e1s un socio que pueda guiarte eficazmente a trav\u00e9s de estos retos.  <\/p>\n\n\n\n<p>En BayCoast Bank, nuestro personal experto se dedica a prestar <a href=\"https:\/\/baycoast.bank\/es\/servicios-bancarios-de-cannabis\/\">servicios bancarios de cannabis<\/a> de primera categor\u00eda. Explora las formas en que BayCoast puede ayudarte a elevar tu negocio:<\/p>\n\n\n\n<div class=\"wp-block-stackable-spacer stk-block-spacer stk--no-padding stk-block stk-e7084ea\" data-block-id=\"e7084ea\"><style>.stk-e7084ea{height:5px !important}<\/style><\/div>\n\n\n\n<div class=\"wp-block-stackable-spacer stk-block-spacer stk--no-padding stk-block stk-2a29e69\" data-block-id=\"2a29e69\"><style>.stk-2a29e69{height:25px !important}<\/style><\/div>\n\n\n\n<h4 class=\"wp-block-heading\">Tu negocio relacionado con el cannabis<\/h4>\n\n\n\n<p>El t\u00e9rmino \u00abempresa relacionada con el cannabis\u00bb se refiere espec\u00edficamente a las entidades que tocan las plantas, diferenci\u00e1ndolas de las empresas auxiliares que prestan servicios al sector. Esta clasificaci\u00f3n engloba una amplia gama de empresas, como dispensarios, cultivadores, mayoristas, laboratorios de an\u00e1lisis y transportistas. Las empresas auxiliares, como los contratistas de calefacci\u00f3n, ventilaci\u00f3n y aire acondicionado y los electricistas, proporcionan productos y servicios esenciales a la industria del cannabis.  <\/p>\n\n\n\n<p>La concesi\u00f3n de licencias estatales de cannabis es una parte compleja pero esencial de tu trayectoria como empresa relacionada con el cannabis. Se trata de una industria en la que el cumplimiento estricto de la normativa no es negociable. Tanto si tienes licencia completa, provisional o acabas de iniciar el proceso de solicitud, BayCoast Bank est\u00e1 preparado para empezar a trabajar contigo y ayudarte a gestionar tus necesidades financieras cotidianas.<\/p>\n\n\n\n<h4 class=\"wp-block-heading has-text-align-left\">Productos y servicios para empresas relacionadas con el cannabis<\/h4>\n\n\n\n<p>A pesar de que las empresas con las que nos asociamos se enfrentan a m\u00e1s requisitos que las empresas convencionales, nuestros expertos te gu\u00edan a trav\u00e9s del proceso de documentaci\u00f3n de cumplimiento. Una vez completados los requisitos previos, los productos y servicios financieros que ofrecemos se parecen mucho a los que utilizan las empresas de todos los sectores.  <\/p>\n\n\n\n<p class=\"has-text-align-left\"><strong>Estos servicios incluyen:  <\/strong><\/p>\n\n\n\n<div class=\"wp-block-stackable-icon-list stk-block-icon-list stk-block stk-b06a9d7\" data-block-id=\"b06a9d7\"><style>.stk-b06a9d7 ul li:nth-child(1){list-style-image:url('data:image\/svg+xml;base64,PHN2ZyBhcmlhLWhpZGRlbj0idHJ1ZSIgZGF0YS1wcmVmaXg9ImZhcyIgZGF0YS1pY29uPSJjaGVjayIgY2xhc3M9InN2Zy1pbmxpbmUtLWZhIGZhLWNoZWNrIGZhLXctMTYiIHJvbGU9ImltZyIgeG1sbnM9Imh0dHA6Ly93d3cudzMub3JnLzIwMDAvc3ZnIiB2aWV3Qm94PSIwIDAgNTEyIDUxMiIgc3R5bGU9ImZpbGw6ICMzMzMzMzMgIWltcG9ydGFudDsgY29sb3I6ICMzMzMzMzMgIWltcG9ydGFudDt0cmFuc2Zvcm06IHJvdGF0ZShkZWcpICFpbXBvcnRhbnQ7Ij48cGF0aCBmaWxsPSIjMzMzMzMzIiBkPSJNMTczLjg5OCA0MzkuNDA0bC0xNjYuNC0xNjYuNGMtOS45OTctOS45OTctOS45OTctMjYuMjA2IDAtMzYuMjA0bDM2LjIwMy0zNi4yMDRjOS45OTctOS45OTggMjYuMjA3LTkuOTk4IDM2LjIwNCAwTDE5MiAzMTIuNjkgNDMyLjA5NSA3Mi41OTZjOS45OTctOS45OTcgMjYuMjA3LTkuOTk3IDM2LjIwNCAwbDM2LjIwMyAzNi4yMDRjOS45OTcgOS45OTcgOS45OTcgMjYuMjA2IDAgMzYuMjA0bC0yOTQuNCAyOTQuNDAxYy05Ljk5OCA5Ljk5Ny0yNi4yMDcgOS45OTctMzYuMjA0LS4wMDF6IiBzdHJva2U9IiMzMzMzMzMiIHN0eWxlPSJmaWxsOiByZ2IoNTEsIDUxLCA1MSk7IHN0cm9rZTogcmdiKDUxLCA1MSwgNTEpOyIvPjwvc3ZnPg==') !important}.stk-b06a9d7 ul li:nth-child(2){list-style-image:url('data:image\/svg+xml;base64,PHN2ZyBhcmlhLWhpZGRlbj0idHJ1ZSIgZGF0YS1wcmVmaXg9ImZhcyIgZGF0YS1pY29uPSJjaGVjayIgY2xhc3M9InN2Zy1pbmxpbmUtLWZhIGZhLWNoZWNrIGZhLXctMTYiIHJvbGU9ImltZyIgeG1sbnM9Imh0dHA6Ly93d3cudzMub3JnLzIwMDAvc3ZnIiB2aWV3Qm94PSIwIDAgNTEyIDUxMiIgc3R5bGU9ImZpbGw6ICMzMzMzMzMgIWltcG9ydGFudDsgY29sb3I6ICMzMzMzMzMgIWltcG9ydGFudDt0cmFuc2Zvcm06IHJvdGF0ZShkZWcpICFpbXBvcnRhbnQ7Ij48cGF0aCBmaWxsPSIjMzMzMzMzIiBkPSJNMTczLjg5OCA0MzkuNDA0bC0xNjYuNC0xNjYuNGMtOS45OTctOS45OTctOS45OTctMjYuMjA2IDAtMzYuMjA0bDM2LjIwMy0zNi4yMDRjOS45OTctOS45OTggMjYuMjA3LTkuOTk4IDM2LjIwNCAwTDE5MiAzMTIuNjkgNDMyLjA5NSA3Mi41OTZjOS45OTctOS45OTcgMjYuMjA3LTkuOTk3IDM2LjIwNCAwbDM2LjIwMyAzNi4yMDRjOS45OTcgOS45OTcgOS45OTcgMjYuMjA2IDAgMzYuMjA0bC0yOTQuNCAyOTQuNDAxYy05Ljk5OCA5Ljk5Ny0yNi4yMDcgOS45OTctMzYuMjA0LS4wMDF6IiBzdHJva2U9IiMzMzMzMzMiIHN0eWxlPSJmaWxsOiByZ2IoNTEsIDUxLCA1MSk7IHN0cm9rZTogcmdiKDUxLCA1MSwgNTEpOyIvPjwvc3ZnPg==') !important}.stk-b06a9d7 ul li:nth-child(3){list-style-image:url('data:image\/svg+xml;base64,PHN2ZyBhcmlhLWhpZGRlbj0idHJ1ZSIgZGF0YS1wcmVmaXg9ImZhcyIgZGF0YS1pY29uPSJjaGVjayIgY2xhc3M9InN2Zy1pbmxpbmUtLWZhIGZhLWNoZWNrIGZhLXctMTYiIHJvbGU9ImltZyIgeG1sbnM9Imh0dHA6Ly93d3cudzMub3JnLzIwMDAvc3ZnIiB2aWV3Qm94PSIwIDAgNTEyIDUxMiIgc3R5bGU9ImZpbGw6ICMzMzMzMzMgIWltcG9ydGFudDsgY29sb3I6ICMzMzMzMzMgIWltcG9ydGFudDt0cmFuc2Zvcm06IHJvdGF0ZShkZWcpICFpbXBvcnRhbnQ7Ij48cGF0aCBmaWxsPSIjMzMzMzMzIiBkPSJNMTczLjg5OCA0MzkuNDA0bC0xNjYuNC0xNjYuNGMtOS45OTctOS45OTctOS45OTctMjYuMjA2IDAtMzYuMjA0bDM2LjIwMy0zNi4yMDRjOS45OTctOS45OTggMjYuMjA3LTkuOTk4IDM2LjIwNCAwTDE5MiAzMTIuNjkgNDMyLjA5NSA3Mi41OTZjOS45OTctOS45OTcgMjYuMjA3LTkuOTk3IDM2LjIwNCAwbDM2LjIwMyAzNi4yMDRjOS45OTcgOS45OTcgOS45OTcgMjYuMjA2IDAgMzYuMjA0bC0yOTQuNCAyOTQuNDAxYy05Ljk5OCA5Ljk5Ny0yNi4yMDcgOS45OTctMzYuMjA0LS4wMDF6IiBzdHJva2U9IiMzMzMzMzMiIHN0eWxlPSJmaWxsOiByZ2IoNTEsIDUxLCA1MSk7IHN0cm9rZTogcmdiKDUxLCA1MSwgNTEpOyIvPjwvc3ZnPg==') !important}.stk-b06a9d7 ul li:nth-child(4){list-style-image:url('data:image\/svg+xml;base64,PHN2ZyBhcmlhLWhpZGRlbj0idHJ1ZSIgZGF0YS1wcmVmaXg9ImZhcyIgZGF0YS1pY29uPSJjaGVjayIgY2xhc3M9InN2Zy1pbmxpbmUtLWZhIGZhLWNoZWNrIGZhLXctMTYiIHJvbGU9ImltZyIgeG1sbnM9Imh0dHA6Ly93d3cudzMub3JnLzIwMDAvc3ZnIiB2aWV3Qm94PSIwIDAgNTEyIDUxMiIgc3R5bGU9ImZpbGw6ICMzMzMzMzMgIWltcG9ydGFudDsgY29sb3I6ICMzMzMzMzMgIWltcG9ydGFudDt0cmFuc2Zvcm06IHJvdGF0ZShkZWcpICFpbXBvcnRhbnQ7Ij48cGF0aCBmaWxsPSIjMzMzMzMzIiBkPSJNMTczLjg5OCA0MzkuNDA0bC0xNjYuNC0xNjYuNGMtOS45OTctOS45OTctOS45OTctMjYuMjA2IDAtMzYuMjA0bDM2LjIwMy0zNi4yMDRjOS45OTctOS45OTggMjYuMjA3LTkuOTk4IDM2LjIwNCAwTDE5MiAzMTIuNjkgNDMyLjA5NSA3Mi41OTZjOS45OTctOS45OTcgMjYuMjA3LTkuOTk3IDM2LjIwNCAwbDM2LjIwMyAzNi4yMDRjOS45OTcgOS45OTcgOS45OTcgMjYuMjA2IDAgMzYuMjA0bC0yOTQuNCAyOTQuNDAxYy05Ljk5OCA5Ljk5Ny0yNi4yMDcgOS45OTctMzYuMjA0LS4wMDF6IiBzdHJva2U9IiMzMzMzMzMiIHN0eWxlPSJmaWxsOiByZ2IoNTEsIDUxLCA1MSk7IHN0cm9rZTogcmdiKDUxLCA1MSwgNTEpOyIvPjwvc3ZnPg==') !important}.stk-b06a9d7 ul li:nth-child(5){list-style-image:url('data:image\/svg+xml;base64,PHN2ZyBhcmlhLWhpZGRlbj0idHJ1ZSIgZGF0YS1wcmVmaXg9ImZhcyIgZGF0YS1pY29uPSJjaGVjayIgY2xhc3M9InN2Zy1pbmxpbmUtLWZhIGZhLWNoZWNrIGZhLXctMTYiIHJvbGU9ImltZyIgeG1sbnM9Imh0dHA6Ly93d3cudzMub3JnLzIwMDAvc3ZnIiB2aWV3Qm94PSIwIDAgNTEyIDUxMiIgc3R5bGU9ImZpbGw6ICMzMzMzMzMgIWltcG9ydGFudDsgY29sb3I6ICMzMzMzMzMgIWltcG9ydGFudDt0cmFuc2Zvcm06IHJvdGF0ZShkZWcpICFpbXBvcnRhbnQ7Ij48cGF0aCBmaWxsPSIjMzMzMzMzIiBkPSJNMTczLjg5OCA0MzkuNDA0bC0xNjYuNC0xNjYuNGMtOS45OTctOS45OTctOS45OTctMjYuMjA2IDAtMzYuMjA0bDM2LjIwMy0zNi4yMDRjOS45OTctOS45OTggMjYuMjA3LTkuOTk4IDM2LjIwNCAwTDE5MiAzMTIuNjkgNDMyLjA5NSA3Mi41OTZjOS45OTctOS45OTcgMjYuMjA3LTkuOTk3IDM2LjIwNCAwbDM2LjIwMyAzNi4yMDRjOS45OTcgOS45OTcgOS45OTcgMjYuMjA2IDAgMzYuMjA0bC0yOTQuNCAyOTQuNDAxYy05Ljk5OCA5Ljk5Ny0yNi4yMDcgOS45OTctMzYuMjA0LS4wMDF6IiBzdHJva2U9IiMzMzMzMzMiIHN0eWxlPSJmaWxsOiByZ2IoNTEsIDUxLCA1MSk7IHN0cm9rZTogcmdiKDUxLCA1MSwgNTEpOyIvPjwvc3ZnPg==') !important}.stk-b06a9d7 ul li:nth-child(6){list-style-image:url('data:image\/svg+xml;base64,PHN2ZyBhcmlhLWhpZGRlbj0idHJ1ZSIgZGF0YS1wcmVmaXg9ImZhcyIgZGF0YS1pY29uPSJjaGVjayIgY2xhc3M9InN2Zy1pbmxpbmUtLWZhIGZhLWNoZWNrIGZhLXctMTYiIHJvbGU9ImltZyIgeG1sbnM9Imh0dHA6Ly93d3cudzMub3JnLzIwMDAvc3ZnIiB2aWV3Qm94PSIwIDAgNTEyIDUxMiIgc3R5bGU9ImZpbGw6ICMzMzMzMzMgIWltcG9ydGFudDsgY29sb3I6ICMzMzMzMzMgIWltcG9ydGFudDt0cmFuc2Zvcm06IHJvdGF0ZShkZWcpICFpbXBvcnRhbnQ7Ij48cGF0aCBmaWxsPSIjMzMzMzMzIiBkPSJNMTczLjg5OCA0MzkuNDA0bC0xNjYuNC0xNjYuNGMtOS45OTctOS45OTctOS45OTctMjYuMjA2IDAtMzYuMjA0bDM2LjIwMy0zNi4yMDRjOS45OTctOS45OTggMjYuMjA3LTkuOTk4IDM2LjIwNCAwTDE5MiAzMTIuNjkgNDMyLjA5NSA3Mi41OTZjOS45OTctOS45OTcgMjYuMjA3LTkuOTk3IDM2LjIwNCAwbDM2LjIwMyAzNi4yMDRjOS45OTcgOS45OTcgOS45OTcgMjYuMjA2IDAgMzYuMjA0bC0yOTQuNCAyOTQuNDAxYy05Ljk5OCA5Ljk5Ny0yNi4yMDcgOS45OTctMzYuMjA0LS4wMDF6IiBzdHJva2U9IiMzMzMzMzMiIHN0eWxlPSJmaWxsOiByZ2IoNTEsIDUxLCA1MSk7IHN0cm9rZTogcmdiKDUxLCA1MSwgNTEpOyIvPjwvc3ZnPg==') !important}.stk-b06a9d7 ul li:nth-child(7){list-style-image:url('data:image\/svg+xml;base64,PHN2ZyBhcmlhLWhpZGRlbj0idHJ1ZSIgZGF0YS1wcmVmaXg9ImZhcyIgZGF0YS1pY29uPSJjaGVjayIgY2xhc3M9InN2Zy1pbmxpbmUtLWZhIGZhLWNoZWNrIGZhLXctMTYiIHJvbGU9ImltZyIgeG1sbnM9Imh0dHA6Ly93d3cudzMub3JnLzIwMDAvc3ZnIiB2aWV3Qm94PSIwIDAgNTEyIDUxMiIgc3R5bGU9ImZpbGw6ICMzMzMzMzMgIWltcG9ydGFudDsgY29sb3I6ICMzMzMzMzMgIWltcG9ydGFudDt0cmFuc2Zvcm06IHJvdGF0ZShkZWcpICFpbXBvcnRhbnQ7Ij48cGF0aCBmaWxsPSIjMzMzMzMzIiBkPSJNMTczLjg5OCA0MzkuNDA0bC0xNjYuNC0xNjYuNGMtOS45OTctOS45OTctOS45OTctMjYuMjA2IDAtMzYuMjA0bDM2LjIwMy0zNi4yMDRjOS45OTctOS45OTggMjYuMjA3LTkuOTk4IDM2LjIwNCAwTDE5MiAzMTIuNjkgNDMyLjA5NSA3Mi41OTZjOS45OTctOS45OTcgMjYuMjA3LTkuOTk3IDM2LjIwNCAwbDM2LjIwMyAzNi4yMDRjOS45OTcgOS45OTcgOS45OTcgMjYuMjA2IDAgMzYuMjA0bC0yOTQuNCAyOTQuNDAxYy05Ljk5OCA5Ljk5Ny0yNi4yMDcgOS45OTctMzYuMjA0LS4wMDF6IiBzdHJva2U9IiMzMzMzMzMiIHN0eWxlPSJmaWxsOiByZ2IoNTEsIDUxLCA1MSk7IHN0cm9rZTogcmdiKDUxLCA1MSwgNTEpOyIvPjwvc3ZnPg==') !important}.stk-b06a9d7 li{padding-inline-start:5px !important}.stk-b06a9d7 ul li{list-style-image:url('data:image\/svg+xml;base64,undefined') !important}.stk-b06a9d7 li::marker{color:#333333 !important}<\/style><ul><li>Cuenta corriente comercial CRB<\/li><li>Verificaci\u00f3n de empresas relacionadas<\/li><li>Banca de Empresas Online y M\u00f3vil<\/li><li>Captura remota de dep\u00f3sitos<\/li><li>Transacciones ACH<\/li><li>Transferencias electr\u00f3nicas en l\u00ednea<\/li><li>Employee Bank at Work (Un programa para que los propietarios y empleados de CRB utilicen BayCoast Bank para sus necesidades personales).<\/li><\/ul><\/div>\n\n\n\n<h4 class=\"wp-block-heading\">Configurar tus cuentas CRB<\/h4>\n\n\n\n<p>Cuando te asocias con BayCoast Bank, trabajas con expertos especializados en prestar servicios a empresas relacionadas con el cannabis. Han ayudado a varias empresas como la tuya, y pueden guiarte a trav\u00e9s de los retos legales y de cumplimiento. Con su ayuda, crear tus cuentas es m\u00e1s f\u00e1cil de lo que pensabas.<\/p>\n\n\n\n<h4 class=\"wp-block-heading\">Comienza hoy tu viaje CRB<\/h4>\n\n\n\n<p>No importa en qu\u00e9 fase se encuentre ahora tu negocio relacionado con el cannabis en Massachusetts o Rhode Island, BayCoast te ofrece todas las herramientas bancarias que necesitas para triunfar. Ponte en contacto con nosotros hoy mismo para concertar una primera conversaci\u00f3n, y te guiaremos por los pasos necesarios para construir un futuro m\u00e1s s\u00f3lido.<\/p>\n<\/div><\/div><\/div>\n<\/div><\/div>\n\n<a name=\"contactus\"><\/a>\n<a href=\"#contactus\"> <\/a>\n\n<div class=\"wp-block-stackable-columns stk-block-columns stk-block stk-1e02f1f\" data-block-id=\"1e02f1f\"><style>.stk-1e02f1f{margin-bottom:25px !important}<\/style><div class=\"stk-row stk-inner-blocks stk-block-content stk-content-align stk-1e02f1f-column\">\n<div class=\"wp-block-stackable-column stk-block-column stk-column stk-block stk-40831ed\" data-v=\"4\" data-block-id=\"40831ed\"><style>.stk-40831ed-container{background-color:#18428f !important}.stk-40831ed-container:before{background-color:#18428f !important}<\/style><div class=\"stk-column-wrapper stk-block-column__content stk-container stk-40831ed-container stk-hover-parent\"><div class=\"stk-block-content stk-inner-blocks stk-40831ed-inner-blocks\">\n<div class=\"wp-block-stackable-heading stk-block-heading stk-block-heading--v2 stk-block stk-89842ad\" id=\"span-style-color-ffffff-class-stk-highlight-if-youre-a-cannabis-related-business-trust-a-bank-with-a-proven-track-record-of-experience-trust-bay-coast-bank-span\" data-block-id=\"89842ad\"><style>.stk-89842ad{max-width:52% !important;margin-right:auto !important;margin-bottom:0px !important;margin-left:auto !important}@media screen and (max-width:767px){.stk-89842ad{max-width:75% !important}}<\/style><h4 class=\"stk-block-heading__text has-text-align-left stk-block-heading--use-theme-margins\"><span style=\"color: #ffffff\" class=\"stk-highlight\">Si tienes un negocio relacionado con el cannabis, conf\u00eda en un banco con experiencia demostrada. Conf\u00eda en BayCoast Bank.  <\/span><\/h4><\/div>\n<\/div><\/div><\/div>\n<\/div><\/div>\n\n<div class=\"wp-block-stackable-columns stk-block-columns stk-block stk-a358dd6\" data-block-id=\"a358dd6\"><style>.stk-a358dd6{max-width:50% !important;margin-right:auto !important;margin-left:auto !important}@media screen and (max-width:767px){.stk-a358dd6{max-width:75% !important}}<\/style><div class=\"stk-row stk-inner-blocks stk-block-content stk-content-align stk-a358dd6-column\">\n<div class=\"wp-block-stackable-column stk-block-column stk-column stk-block stk-d990e39\" data-v=\"4\" data-block-id=\"d990e39\"><div class=\"stk-column-wrapper stk-block-column__content stk-container stk-d990e39-container stk--no-background stk--no-padding\"><div class=\"stk-block-content stk-inner-blocks stk-d990e39-inner-blocks\">\n<div class=\"wp-block-stackable-heading stk-block-heading stk-block-heading--v2 stk-block stk-330cf36\" id=\"strong-contact-us-today-strong\" data-block-id=\"330cf36\"><style>.stk-330cf36{margin-bottom:15px !important;top:15px !important}.stk-330cf36 .stk-block-heading__text{color:#fbad18 !important}<\/style><h3 class=\"stk-block-heading__text has-text-color stk-block-heading--use-theme-margins\"><strong>Comun\u00edcate hoy con nosotros.<\/strong><\/h3><\/div>\n\n\n\n<p><svg xmlns=\"http:\/\/www.w3.org\/2000\/svg\" width=\"16\" height=\"16\" viewbox=\"0 0 24 24\"><path d=\"M20 4H4c-1.103 0-2 .897-2 2v12c0 1.103.897 2 2 2h16c1.103 0 2-.897 2-2V6c0-1.103-.897-2-2-2zm0 2v.511l-8 6.223-8-6.222V6h16zM4 18V9.044l7.386 5.745a.994.994 0 0 0 1.228 0L20 9.044 20.002 18H4z\"><\/path><\/svg>   CRBDepartment@baycoastbank.com<br\/><svg xmlns=\"http:\/\/www.w3.org\/2000\/svg\" width=\"16\" height=\"16\" viewbox=\"0 0 24 24\"><path d=\"M17.707 12.293a.999.999 0 0 0-1.414 0l-1.594 1.594c-.739-.22-2.118-.72-2.992-1.594s-1.374-2.253-1.594-2.992l1.594-1.594a.999.999 0 0 0 0-1.414l-4-4a.999.999 0 0 0-1.414 0L3.581 5.005c-.38.38-.594.902-.586 1.435.023 1.424.4 6.37 4.298 10.268s8.844 4.274 10.269 4.298h.028c.528 0 1.027-.208 1.405-.586l2.712-2.712a.999.999 0 0 0 0-1.414l-4-4.001zm-.127 6.712c-1.248-.021-5.518-.356-8.873-3.712-3.366-3.366-3.692-7.651-3.712-8.874L7 4.414 9.586 7 8.293 8.293a1 1 0 0 0-.272.912c.024.115.611 2.842 2.271 4.502s4.387 2.247 4.502 2.271a.991.991 0 0 0 .912-.271L17 14.414 19.586 17l-2.006 2.005z\"><\/path><\/svg> 508-996-7718  <\/p>\n<\/div><\/div><\/div>\n\n\n\n<div class=\"wp-block-stackable-column stk-block-column stk-column stk-block stk-c5066e2\" data-v=\"4\" data-block-id=\"c5066e2\"><style>.stk-c5066e2{margin-top:-2% !important}@media screen and (max-width:767px){.stk-c5066e2{top:-40px !important}}<\/style><div class=\"stk-column-wrapper stk-block-column__content stk-container stk-c5066e2-container stk--no-background stk--no-padding\"><div class=\"stk-block-content stk-inner-blocks stk-c5066e2-inner-blocks\"><\/div><\/div><\/div>\n<\/div><\/div>\n","protected":false},"excerpt":{"rendered":"<p>Nueva Inglaterra est\u00e1 estableciendo progresivamente su posici\u00f3n en el panorama de la marihuana legalizada. Tras haber aprobado inicialmente la marihuana medicinal en 2016, Massachusetts se convirti\u00f3 en uno de los primeros estados en legalizar la marihuana recreativa en 2018. Rhode Island legaliz\u00f3 la marihuana medicinal por primera vez en 2006, y aprob\u00f3 el uso recreativo [&hellip;]<\/p>\n","protected":false},"author":13,"featured_media":10770,"parent":7204,"menu_order":13,"comment_status":"closed","ping_status":"closed","template":"","meta":{"_acf_changed":false,"inline_featured_image":false,"footnotes":""},"class_list":["post-10866","page","type-page","status-publish","has-post-thumbnail","hentry"],"acf":[],"featured_image_urls_v2":{"full":["https:\/\/baycoast.bank\/wp-content\/uploads\/2023\/10\/Banking-For-Cannabis-Related-Businesses.jpg",1920,600,false],"thumbnail":["https:\/\/baycoast.bank\/wp-content\/uploads\/2023\/10\/Banking-For-Cannabis-Related-Businesses-150x150.jpg",150,150,true],"medium":["https:\/\/baycoast.bank\/wp-content\/uploads\/2023\/10\/Banking-For-Cannabis-Related-Businesses-300x94.jpg",300,94,true],"medium_large":["https:\/\/baycoast.bank\/wp-content\/uploads\/2023\/10\/Banking-For-Cannabis-Related-Businesses-768x240.jpg",768,240,true],"large":["https:\/\/baycoast.bank\/wp-content\/uploads\/2023\/10\/Banking-For-Cannabis-Related-Businesses-1024x320.jpg",1024,320,true],"1536x1536":["https:\/\/baycoast.bank\/wp-content\/uploads\/2023\/10\/Banking-For-Cannabis-Related-Businesses-1536x480.jpg",1536,480,true],"2048x2048":["https:\/\/baycoast.bank\/wp-content\/uploads\/2023\/10\/Banking-For-Cannabis-Related-Businesses.jpg",1920,600,false]},"post_excerpt_stackable_v2":"<p>Servicios bancarios de cannabis en MA y RI Banca para empresas relacionadas con el cannabis Nueva Inglaterra est\u00e1 estableciendo progresivamente su posici\u00f3n en el panorama de la marihuana legalizada. Tras haber aprobado inicialmente la marihuana medicinal en 2016, Massachusetts se convirti\u00f3 en uno de los primeros estados en legalizar la marihuana recreativa en 2018. Rhode Island legaliz\u00f3 la marihuana medicinal por primera vez en 2006, y aprob\u00f3 el uso recreativo en 2022. A medida que un n\u00famero creciente de estados de EEUU adopta una legislaci\u00f3n similar, las industrias de Massachusetts y Rhode Island sirven como puntos de referencia para futuros&hellip;<\/p>\n","category_list_v2":"","author_info_v2":{"name":"","url":"https:\/\/baycoast.bank\/es\/author\/"},"comments_num_v2":"0 comentarios","publishpress_future_action":{"enabled":false,"date":"2026-04-23 22:04:25","action":"change-status","newStatus":"draft","terms":[],"taxonomy":"translation_priority","extraData":[]},"publishpress_future_workflow_manual_trigger":{"enabledWorkflows":[]},"_links":{"self":[{"href":"https:\/\/baycoast.bank\/es\/wp-json\/wp\/v2\/pages\/10866","targetHints":{"allow":["GET"]}}],"collection":[{"href":"https:\/\/baycoast.bank\/es\/wp-json\/wp\/v2\/pages"}],"about":[{"href":"https:\/\/baycoast.bank\/es\/wp-json\/wp\/v2\/types\/page"}],"author":[{"embeddable":true,"href":"https:\/\/baycoast.bank\/es\/wp-json\/wp\/v2\/users\/13"}],"replies":[{"embeddable":true,"href":"https:\/\/baycoast.bank\/es\/wp-json\/wp\/v2\/comments?post=10866"}],"version-history":[{"count":0,"href":"https:\/\/baycoast.bank\/es\/wp-json\/wp\/v2\/pages\/10866\/revisions"}],"up":[{"embeddable":true,"href":"https:\/\/baycoast.bank\/es\/wp-json\/wp\/v2\/pages\/7204"}],"wp:featuredmedia":[{"embeddable":true,"href":"https:\/\/baycoast.bank\/es\/wp-json\/wp\/v2\/media\/10770"}],"wp:attachment":[{"href":"https:\/\/baycoast.bank\/es\/wp-json\/wp\/v2\/media?parent=10866"}],"curies":[{"name":"wp","href":"https:\/\/api.w.org\/{rel}","templated":true}]}}