{"id":10876,"date":"2023-10-11T16:51:34","date_gmt":"2023-10-11T20:51:34","guid":{"rendered":"https:\/\/baycoast.bank\/servicios-bancarios-de-cannabis\/servicios-bancarios-para-el-cannabis\/"},"modified":"2024-07-25T10:14:27","modified_gmt":"2024-07-25T14:14:27","slug":"servicios-bancarios-para-el-cannabis","status":"publish","type":"page","link":"https:\/\/baycoast.bank\/es\/servicios-bancarios-de-cannabis\/servicios-bancarios-para-el-cannabis\/","title":{"rendered":"Banca del cannabis para empresas"},"content":{"rendered":"<div class=\"lazyblock-interior-hero-Z2kb5D wp-block-lazyblock-interior-hero\">\n<div class=\"section hero\">\n\t<div class=\"backing parallaxContainer\">\n\t\t<div class=\"backing\" style=\"background-image: url(https:\/\/baycoast.bank\/wp-content\/uploads\/2023\/10\/CRB-1.png\" role=\"img\" aria-label=\"Hero Image\"><\/div>\n\t<\/div>\n\n\t<div class=\"heroContent\">\n\t\t<div class=\"plusPlus blue\" ><\/div>\n\t\t\n\t\t<div class=\"heroWrapper\">\n\t\t\t<div class=\"heroBlock bgWhite\">\n\t\t\t\t\n\t\t\t\t<div class=\"heroBlockHeadline\">\n\n\t\t\t\t\t\t\t\t\t\t\t<div class=\"categories flex\" style=\"justify-content: flex-start;\">\n\t\t\t\t\t\t\t<div class=\"h6\">\n\n\t\t\t\t\t\t\t  \t\t\t\t\t\t\t\t    \t<a href=\"https:\/\/baycoast.bank\/es\/servicios-bancarios-de-cannabis\/\">Servicios bancarios de cannabis en MA y RI<\/a>\n\t\t\t\t\t\t\t    \t\t\t\t\t\t\t  \n\t\t\t\t\t\t\t<\/div>\n\t\t\t\t\t\t\t\n\t\t\t\t\t\t\t\t\t\t\t\t\t<\/div>\n\t\t\t\t\t\t\t\t\t\t\n\t\t\t\t\t<h1 class=\"blue\">Banca del cannabis para empresas<\/h1>\n\t\t\t\t<\/div>\n\t\t\t<\/div>\n\t\t\t    \t\n\t\t\t\n\t\t<\/div>\n\t<\/div>\n<\/div> \n\n<div class=\"spacer\"><\/div><\/div>\n<div class=\"wp-block-stackable-columns stk-block-columns stk-block stk-53c354a\" data-block-id=\"53c354a\"><style>.stk-53c354a{max-width:50% !important;margin-right:auto !important;margin-bottom:50px !important;margin-left:auto !important}@media screen and (max-width:767px){.stk-53c354a{max-width:75% !important}}<\/style><div class=\"stk-row stk-inner-blocks stk-block-content stk-content-align stk-53c354a-column\">\n<div class=\"wp-block-stackable-column stk-block-column stk-column stk-block stk-d913bee\" data-v=\"4\" data-block-id=\"d913bee\"><div class=\"stk-column-wrapper stk-block-column__content stk-container stk-d913bee-container stk--no-background stk--no-padding\"><div class=\"stk-block-content stk-inner-blocks stk-d913bee-inner-blocks\">\n<div class=\"wp-block-stackable-spacer stk-block-spacer stk--no-padding stk-block stk-c50b6f6\" data-block-id=\"c50b6f6\"><style>.stk-c50b6f6{height:25px !important}<\/style><\/div>\n\n\n\n<p>Cuando las empresas de Massachusetts y Rhode Island intentan sacar el m\u00e1ximo partido de la legalizaci\u00f3n del cannabis en todo el estado, a menudo se encuentran con obst\u00e1culos relacionados con sus opciones bancarias. Los negocios del cannabis tienen dificultades para asegurar sus ingresos debido a la incapacidad o vacilaci\u00f3n de muchos bancos a la hora de ofrecer ayuda, en gran parte derivada de la normativa federal vigente.<\/p>\n\n\n\n<p>Como partidario desde hace tiempo de las empresas locales, BayCoast se enorgullece de respaldar a los propietarios de negocios de cannabis. Hemos pensado explorar algunos de los obst\u00e1culos a los que se enfrentan las empresas al iniciar su negocio relacionado con el cannabis y explicar c\u00f3mo BayCoast puede ayudarte a evitarlos.<\/p>\n\n\n\n<div class=\"wp-block-stackable-spacer stk-block-spacer stk--no-padding stk-block stk-e7084ea\" data-block-id=\"e7084ea\"><style>.stk-e7084ea{height:5px !important}<\/style><\/div>\n\n\n\n<div class=\"wp-block-stackable-spacer stk-block-spacer stk--no-padding stk-block stk-2a29e69\" data-block-id=\"2a29e69\"><style>.stk-2a29e69{height:25px !important}<\/style><\/div>\n\n\n\n<h4 class=\"wp-block-heading\">Crear una empresa relacionada con el cannabis<\/h4>\n\n\n\n<p>Para poner en marcha tu negocio relacionado con el cannabis (abreviado como CRB), tendr\u00e1s que obtener la licencia adecuada. A medida que crece el sector, obtener una licencia y garantizar su cumplimiento puede convertirse en un procedimiento cada vez m\u00e1s largo. Por suerte, BayCoast puede ayudarte sea cual sea la fase del proceso en la que te encuentres.  <\/p>\n\n\n\n<h4 class=\"wp-block-heading\">Cumplimiento empresarial CRB<\/h4>\n\n\n\n<p>Navegar por el panorama normativo de los CRB puede resultar abrumador para los empresarios. Sin un equipo que te ayude, garantizar el cumplimiento de la normativa municipal y de otros organismos puede parecer casi imposible.  <\/p>\n\n\n\n<p>Por eso BayCoast cuenta con especialistas internos dedicados a ayudar a los CRB a alcanzar sus objetivos.\nCuando hables con los expertos de nuestra divisi\u00f3n de <a href=\"https:\/\/baycoast.bank\/es\/servicios-bancarios-de-cannabis\/\">negocios relacionados con el cannabis<\/a>, podr\u00e1n ayudarte a navegar por el dif\u00edcil entorno normativo. <\/p>\n\n\n\n<h4 class=\"wp-block-heading\">Servicios bancarios para el cannabis<\/h4>\n\n\n\n<p>Mientras que algunos bancos pueden ofrecer servicios limitados para los CRB, BayCoast se compromete a proporcionar un conjunto completo de servicios bancarios para empresas a nuestra clientela de CRB. Adem\u00e1s de nuestro equipo especializado en CRB, los clientes tambi\u00e9n se benefician de numerosos servicios que simplifican el viaje empresarial.  <\/p>\n\n\n\n<p>Nuestra gama de servicios incluye opciones como Cuenta corriente comercial CRB, Procesamiento de monedas y divisas, Captura remota de dep\u00f3sitos, Procesamiento de transferencias bancarias y ACH, y mucho m\u00e1s. Adem\u00e1s, a trav\u00e9s de nuestro \u00e1gil portal de banca digital, gestionar todas las cuentas de tu empresa resulta f\u00e1cil y c\u00f3modo.<\/p>\n\n\n\n<h4 class=\"wp-block-heading\">Estamos preparados para apoyar tu negocio de cannabis<\/h4>\n\n\n\n<p>Si diriges un CRB (o est\u00e1s pensando en empezar uno pronto), no dudes en <a href=\"https:\/\/baycoast.bank\/es\/servicios-bancarios-de-cannabis\/#contactus\">ponerte en contacto con nosotros<\/a> y deja que nuestro experto equipo de CRB te apoye en tu viaje.\nEstamos impacientes por ver c\u00f3mo ser\u00e1 el futuro de este sector, \u00a1y esperamos que te unas a nosotros para ayudar a darle forma! <\/p>\n<\/div><\/div><\/div>\n<\/div><\/div>\n\n<a name=\"contactus\"><\/a>\n<a href=\"#contactus\"> <\/a>\n\n<div class=\"wp-block-stackable-columns stk-block-columns stk-block stk-1e02f1f\" data-block-id=\"1e02f1f\"><style>.stk-1e02f1f{margin-bottom:25px !important}<\/style><div class=\"stk-row stk-inner-blocks stk-block-content stk-content-align stk-1e02f1f-column\">\n<div class=\"wp-block-stackable-column stk-block-column stk-column stk-block stk-40831ed\" data-v=\"4\" data-block-id=\"40831ed\"><style>.stk-40831ed-container{background-color:#18428f !important}.stk-40831ed-container:before{background-color:#18428f !important}<\/style><div class=\"stk-column-wrapper stk-block-column__content stk-container stk-40831ed-container stk-hover-parent\"><div class=\"stk-block-content stk-inner-blocks stk-40831ed-inner-blocks\">\n<div class=\"wp-block-stackable-heading stk-block-heading stk-block-heading--v2 stk-block stk-89842ad\" id=\"span-style-color-ffffff-class-stk-highlight-if-youre-a-cannabis-related-business-trust-a-bank-with-a-proven-track-record-of-experience-nbsp-trust-bay-coast-bank-nbsp-span\" data-block-id=\"89842ad\"><style>.stk-89842ad{max-width:52% !important;margin-right:auto !important;margin-bottom:0px !important;margin-left:auto !important}@media screen and (max-width:767px){.stk-89842ad{max-width:75% !important}}<\/style><h4 class=\"stk-block-heading__text has-text-align-left stk-block-heading--use-theme-margins\"><span style=\"color: #ffffff\" class=\"stk-highlight\">Si tienes un negocio relacionado con el cannabis, conf\u00eda en un banco con experiencia demostrada. Conf\u00eda en BayCoast Bank.  <\/span><\/h4><\/div>\n<\/div><\/div><\/div>\n<\/div><\/div>\n\n<div class=\"wp-block-stackable-columns stk-block-columns stk-block stk-a358dd6\" data-block-id=\"a358dd6\"><style>.stk-a358dd6{max-width:50% !important;margin-right:auto !important;margin-left:auto !important}@media screen and (max-width:767px){.stk-a358dd6{max-width:75% !important}}<\/style><div class=\"stk-row stk-inner-blocks stk-block-content stk-content-align stk-a358dd6-column\">\n<div class=\"wp-block-stackable-column stk-block-column stk-column stk-block stk-d990e39\" data-v=\"4\" data-block-id=\"d990e39\"><div class=\"stk-column-wrapper stk-block-column__content stk-container stk-d990e39-container stk--no-background stk--no-padding\"><div class=\"stk-block-content stk-inner-blocks stk-d990e39-inner-blocks\">\n<div class=\"wp-block-stackable-heading stk-block-heading stk-block-heading--v2 stk-block stk-330cf36\" id=\"strong-contact-us-today-strong\" data-block-id=\"330cf36\"><style>.stk-330cf36{margin-bottom:15px !important;top:15px !important}.stk-330cf36 .stk-block-heading__text{color:#fbad18 !important}<\/style><h3 class=\"stk-block-heading__text has-text-color stk-block-heading--use-theme-margins\"><strong>Comun\u00edcate hoy con nosotros.<\/strong><\/h3><\/div>\n\n\n\n<p><svg xmlns=\"http:\/\/www.w3.org\/2000\/svg\" width=\"16\" height=\"16\" viewbox=\"0 0 24 24\"><path d=\"M20 4H4c-1.103 0-2 .897-2 2v12c0 1.103.897 2 2 2h16c1.103 0 2-.897 2-2V6c0-1.103-.897-2-2-2zm0 2v.511l-8 6.223-8-6.222V6h16zM4 18V9.044l7.386 5.745a.994.994 0 0 0 1.228 0L20 9.044 20.002 18H4z\"><\/path><\/svg>   CRBDepartment@baycoastbank.com<br\/><svg xmlns=\"http:\/\/www.w3.org\/2000\/svg\" width=\"16\" height=\"16\" viewbox=\"0 0 24 24\"><path d=\"M17.707 12.293a.999.999 0 0 0-1.414 0l-1.594 1.594c-.739-.22-2.118-.72-2.992-1.594s-1.374-2.253-1.594-2.992l1.594-1.594a.999.999 0 0 0 0-1.414l-4-4a.999.999 0 0 0-1.414 0L3.581 5.005c-.38.38-.594.902-.586 1.435.023 1.424.4 6.37 4.298 10.268s8.844 4.274 10.269 4.298h.028c.528 0 1.027-.208 1.405-.586l2.712-2.712a.999.999 0 0 0 0-1.414l-4-4.001zm-.127 6.712c-1.248-.021-5.518-.356-8.873-3.712-3.366-3.366-3.692-7.651-3.712-8.874L7 4.414 9.586 7 8.293 8.293a1 1 0 0 0-.272.912c.024.115.611 2.842 2.271 4.502s4.387 2.247 4.502 2.271a.991.991 0 0 0 .912-.271L17 14.414 19.586 17l-2.006 2.005z\"><\/path><\/svg> 508-996-7718  <\/p>\n<\/div><\/div><\/div>\n\n\n\n<div class=\"wp-block-stackable-column stk-block-column stk-column stk-block stk-c5066e2\" data-v=\"4\" data-block-id=\"c5066e2\"><style>.stk-c5066e2{margin-top:-2% !important}@media screen and (max-width:767px){.stk-c5066e2{top:-40px !important}}<\/style><div class=\"stk-column-wrapper stk-block-column__content stk-container stk-c5066e2-container stk--no-background stk--no-padding\"><div class=\"stk-block-content stk-inner-blocks stk-c5066e2-inner-blocks\"><\/div><\/div><\/div>\n<\/div><\/div>\n","protected":false},"excerpt":{"rendered":"<p>Cuando las empresas de Massachusetts y Rhode Island intentan sacar el m\u00e1ximo partido de la legalizaci\u00f3n del cannabis en todo el estado, a menudo se encuentran con obst\u00e1culos relacionados con sus opciones bancarias. Los negocios del cannabis tienen dificultades para asegurar sus ingresos debido a la incapacidad o vacilaci\u00f3n de muchos bancos a la hora [&hellip;]<\/p>\n","protected":false},"author":13,"featured_media":10697,"parent":7204,"menu_order":13,"comment_status":"closed","ping_status":"closed","template":"","meta":{"_acf_changed":false,"inline_featured_image":false,"footnotes":""},"class_list":["post-10876","page","type-page","status-publish","has-post-thumbnail","hentry"],"acf":[],"featured_image_urls_v2":{"full":["https:\/\/baycoast.bank\/wp-content\/uploads\/2023\/10\/CRB-1.png",1920,600,false],"thumbnail":["https:\/\/baycoast.bank\/wp-content\/uploads\/2023\/10\/CRB-1-150x150.png",150,150,true],"medium":["https:\/\/baycoast.bank\/wp-content\/uploads\/2023\/10\/CRB-1-300x94.png",300,94,true],"medium_large":["https:\/\/baycoast.bank\/wp-content\/uploads\/2023\/10\/CRB-1-768x240.png",768,240,true],"large":["https:\/\/baycoast.bank\/wp-content\/uploads\/2023\/10\/CRB-1-1024x320.png",1024,320,true],"1536x1536":["https:\/\/baycoast.bank\/wp-content\/uploads\/2023\/10\/CRB-1-1536x480.png",1536,480,true],"2048x2048":["https:\/\/baycoast.bank\/wp-content\/uploads\/2023\/10\/CRB-1.png",1920,600,false]},"post_excerpt_stackable_v2":"<p>Servicios bancarios de cannabis en MA y RI Banca del cannabis para empresas Cuando las empresas de Massachusetts y Rhode Island intentan sacar el m\u00e1ximo partido de la legalizaci\u00f3n del cannabis en todo el estado, a menudo se encuentran con obst\u00e1culos relacionados con sus opciones bancarias. Los negocios del cannabis tienen dificultades para asegurar sus ingresos debido a la incapacidad o vacilaci\u00f3n de muchos bancos a la hora de ofrecer ayuda, en gran parte derivada de la normativa federal vigente. Como partidario desde hace tiempo de las empresas locales, BayCoast se enorgullece de respaldar a los propietarios de negocios de&hellip;<\/p>\n","category_list_v2":"","author_info_v2":{"name":"","url":"https:\/\/baycoast.bank\/es\/author\/"},"comments_num_v2":"0 comentarios","publishpress_future_action":{"enabled":false,"date":"2026-05-22 04:35:48","action":"change-status","newStatus":"draft","terms":[],"taxonomy":"translation_priority","extraData":[]},"publishpress_future_workflow_manual_trigger":{"enabledWorkflows":[]},"_links":{"self":[{"href":"https:\/\/baycoast.bank\/es\/wp-json\/wp\/v2\/pages\/10876","targetHints":{"allow":["GET"]}}],"collection":[{"href":"https:\/\/baycoast.bank\/es\/wp-json\/wp\/v2\/pages"}],"about":[{"href":"https:\/\/baycoast.bank\/es\/wp-json\/wp\/v2\/types\/page"}],"author":[{"embeddable":true,"href":"https:\/\/baycoast.bank\/es\/wp-json\/wp\/v2\/users\/13"}],"replies":[{"embeddable":true,"href":"https:\/\/baycoast.bank\/es\/wp-json\/wp\/v2\/comments?post=10876"}],"version-history":[{"count":0,"href":"https:\/\/baycoast.bank\/es\/wp-json\/wp\/v2\/pages\/10876\/revisions"}],"up":[{"embeddable":true,"href":"https:\/\/baycoast.bank\/es\/wp-json\/wp\/v2\/pages\/7204"}],"wp:featuredmedia":[{"embeddable":true,"href":"https:\/\/baycoast.bank\/es\/wp-json\/wp\/v2\/media\/10697"}],"wp:attachment":[{"href":"https:\/\/baycoast.bank\/es\/wp-json\/wp\/v2\/media?parent=10876"}],"curies":[{"name":"wp","href":"https:\/\/api.w.org\/{rel}","templated":true}]}}