{"id":11700,"date":"2023-06-20T11:46:27","date_gmt":"2023-06-20T15:46:27","guid":{"rendered":"https:\/\/baycoast.bank\/acerca-de-nosotros\/seguros-fdic-y-dif-en-el-distrito-historico-de-new-bedford\/"},"modified":"2024-05-30T12:11:25","modified_gmt":"2024-05-30T16:11:25","slug":"seguros-fdic-y-dif-en-el-distrito-historico-de-new-bedford","status":"publish","type":"page","link":"https:\/\/baycoast.bank\/es\/acerca-de-nosotros\/seguros-fdic-y-dif-en-el-distrito-historico-de-new-bedford\/","title":{"rendered":"Seguros FDIC y DIF en el Distrito Hist\u00f3rico de New Bedford"},"content":{"rendered":"<div class=\"lazyblock-interior-hero-Z1gFMNH wp-block-lazyblock-interior-hero\">\n<div class=\"section hero\">\n\t<div class=\"backing parallaxContainer\">\n\t\t<div class=\"backing\" style=\"background-image: url(https:\/\/baycoast.bank\/wp-content\/uploads\/2023\/03\/FDICDIF-Webpage-Hero-v2.jpg\" role=\"img\" aria-label=\"Hero Image\"><\/div>\n\t<\/div>\n\n\t<div class=\"heroContent\">\n\t\t<div class=\"plusPlus blue\" ><\/div>\n\t\t\n\t\t<div class=\"heroWrapper\">\n\t\t\t<div class=\"heroBlock bgWhite\">\n\t\t\t\t\n\t\t\t\t<div class=\"heroBlockHeadline\">\n\n\t\t\t\t\t\t\t\t\t\t\t<div class=\"categories flex\" style=\"justify-content: flex-start;\">\n\t\t\t\t\t\t\t<div class=\"h6\">\n\n\t\t\t\t\t\t\t  \t\t\t\t\t\t\t\t    \t<a href=\"https:\/\/baycoast.bank\/es\/acerca-de-nosotros\/\">Acerca de nosotros<\/a>\n\t\t\t\t\t\t\t    \t\t\t\t\t\t\t  \n\t\t\t\t\t\t\t<\/div>\n\t\t\t\t\t\t\t\n\t\t\t\t\t\t\t\t\t\t\t\t\t<\/div>\n\t\t\t\t\t\t\t\t\t\t\n\t\t\t\t\t<h1 class=\"blue\">Seguros FDIC y DIF en el Distrito Hist\u00f3rico de New Bedford<\/h1>\n\t\t\t\t<\/div>\n\t\t\t<\/div>\n\t\t\t    \t\n\t\t\t\n\t\t\t\t<div class=\"openAccount bgBlue\">\n\t\t\t\t\t<div class=\"grain\" role=\"presentation\"><\/div>\n\t\t\t\t\t<div class=\"btn white\" role=\"button\" tabindex=\"0\">abrir una cuenta&nbsp;<span class=\"primaryColor\">+<\/span> <div class=\"backing bgPrimaryColor\"><\/div><\/div>\n\n\t\t\t\t\t<div class=\"backing bgPrimaryColor\"><\/div>\n\t\t\t\t\t\n\t\t\t\t\t<a  href=\"\/online-account-opening\/\"><\/a>\n\t\t\t\t<\/div>\n\n\t\t\t\n\t\t<\/div>\n\t<\/div>\n<\/div> \n\n<div class=\"spacer\"><\/div><\/div><div class=\"lazyblock-interior-content-Z1hX3wn wp-block-lazyblock-interior-content\"><div class=\"spacer\"><\/div>\n\n<div class=\"section\">\n\t<div class=\"paddedWrapper\">\n\t\t<div class=\"wrapper flex gutenberg\" style=\"justify-content: center;\">\n\n\t\t\t\n\t\t\t<div class=\"smallWrapper gutenberg\">\n\t\t\t\n\t\t\t\t<div class=\"h3\">Tus dep\u00f3sitos est\u00e1n 100&nbsp;% asegurados en BayCoast Bank, donde hemos asumido el compromiso de servir a nuestra comunidad.<\/div>\n\t\t\t  \n\t\t\t  \t<hr style=\"margin-bottom: 5rem;\">\n\t\t\t\t\n\t\t\t\t\n\n<p>Cuando realizas tus operaciones bancarias con nosotros, el 100% de tus dep\u00f3sitos en BayCoast est\u00e1n totalmente asegurados a trav\u00e9s de FDIC (Federal Deposit Insurance Corporation) y DIF (Depositors Insurance Fund). En BayCoast, tenemos una extensa tradici\u00f3n de preocuparnos por nuestros clientes y su bienestar financiero.<\/p>\n\n\n\n<p>Desde 1851 y con gran orgullo, el Banco ha prestado servicios a los habitantes y empresas de la costa sur de Massachusetts y Rhode Island. Brindar excelentes soluciones y un servicio excepcional a nuestra comunidad es muy importante para nosotros. En la actualidad, este compromiso es tan firme como siempre lo ha sido. Estamos a tu lado, como antes estuvimos junto a tus padres, abuelos y bisabuelos.<\/p>\n\n\n\n<div class=\"wp-block-stackable-button-group stk-block-button-group stk-block stk-2316def\" data-block-id=\"2316def\"><style>.stk-2316def{margin-bottom:25px !important}<\/style><div class=\"stk-row stk-inner-blocks stk-block-content stk-button-group\">\n<div class=\"wp-block-stackable-button stk-block-button stk-block stk-b88bb44\" data-block-id=\"b88bb44\"><style>.stk-b88bb44 .stk-button{padding-top:15px !important;padding-right:20px !important;padding-bottom:15px !important;padding-left:20px !important;background:var(--stk-global-color-63884,#fbad18) !important}.stk-b88bb44 .stk-button__inner-text{font-size:14px !important;color:var(--stk-global-color-3828,#18428f) !important;font-weight:700 !important;text-transform:uppercase !important}@media screen and (max-width:1023px){.stk-b88bb44 .stk-button__inner-text{font-size:14px !important}}<\/style><a class=\"stk-link stk-button stk--hover-effect-darken\" href=\"https:\/\/baycoast.bank\/es\/apertura-de-una-cuenta-en-linea\/\" target=\"_blank\" rel=\"noreferrer noopener\"><span class=\"has-text-color has-stk-global-color-3828-color stk-button__inner-text\">abre una cuenta hoy mismo<\/span><\/a><\/div>\n<\/div><\/div>\n\n\n\n<p>Aqu\u00ed encontrar\u00e1s un mayor detalle del seguro combinado de dep\u00f3sitos de FDIC y DIF para BayCoast, que brinda protecci\u00f3n y tranquilidad mental a todos nuestros depositantes.<\/p>\n\n\n\n<h4 class=\"wp-block-heading\">Seguro de Dep\u00f3sitos de FDIC<\/h4>\n\n\n\n<p>FDIC (Federal Deposit Insurance Corporation \/ Corporaci\u00f3n Federal de Seguros de Dep\u00f3sitos) es un organismo independiente del gobierno de los Estados Unidos, que cuenta con respaldo de plena fe y cr\u00e9dito del gobierno de los Estados Unidos, que ha asumido el compromiso de que el dinero de todos los depositantes permanezca seguro. Como cliente de BayCoast Bank, los dep\u00f3sitos que tengas con nosotros est\u00e1n autom\u00e1ticamente cubiertos por el seguro de dep\u00f3sitos de FDIC, por un total de al menos $250,000 por depositante. <\/p>\n\n\n\n<div class=\"wp-block-stackable-button-group stk-block-button-group stk-block stk-9905ddc\" data-block-id=\"9905ddc\"><style>.stk-9905ddc{margin-bottom:25px !important}<\/style><div class=\"stk-row stk-inner-blocks stk-block-content stk-button-group\">\n<div class=\"wp-block-stackable-button stk-block-button stk-block stk-dd07e3f\" data-block-id=\"dd07e3f\"><style>.stk-dd07e3f .stk-button{padding-top:15px !important;padding-right:20px !important;padding-bottom:15px !important;padding-left:20px !important;background:var(--stk-global-color-63884,#fbad18) !important}.stk-dd07e3f .stk-button__inner-text{font-size:14px !important;color:var(--stk-global-color-3828,#18428f) !important;font-weight:700 !important;text-transform:uppercase !important}@media screen and (max-width:1023px){.stk-dd07e3f .stk-button__inner-text{font-size:14px !important}}<\/style><a class=\"stk-link stk-button stk--hover-effect-darken\" href=\"https:\/\/www.fdic.gov\/\" target=\"_blank\" rel=\"noreferrer noopener\"><span class=\"has-text-color has-stk-global-color-3828-color stk-button__inner-text\">Conoce m\u00e1s acerca de FDIC<\/span><\/a><\/div>\n<\/div><\/div>\n\n\n\n<h4 class=\"wp-block-heading\">Seguro de Dep\u00f3sitos de DIF<\/h4>\n\n\n\n<p>DIF (Depositors Insurance Fund \/ Fondo de Seguro de Depositantes) es un fondo de seguro privado que patrocina la misma actividad, exclusivo para los bancos comunitarios del estado de Massachussets, que asegura todos los dep\u00f3sitos que sobrepasan el l\u00edmite de $250,000 por depositante que cubre FDIC. Esto significa que con los seguros de dep\u00f3sito de FDIC y DIF, tus dep\u00f3sitos en BayCoast est\u00e1n cubiertos en su totalidad, sin importar el saldo.<\/p>\n\n\n\n<div class=\"wp-block-stackable-button-group stk-block-button-group stk-block stk-d1ec068\" data-block-id=\"d1ec068\"><style>.stk-d1ec068{margin-bottom:25px !important}<\/style><div class=\"stk-row stk-inner-blocks stk-block-content stk-button-group\">\n<div class=\"wp-block-stackable-button stk-block-button stk-block stk-695a17c\" data-block-id=\"695a17c\"><style>.stk-695a17c .stk-button{padding-top:15px !important;padding-right:20px !important;padding-bottom:15px !important;padding-left:20px !important;background:var(--stk-global-color-63884,#fbad18) !important}.stk-695a17c .stk-button__inner-text{font-size:14px !important;color:var(--stk-global-color-3828,#18428f) !important;font-weight:700 !important;text-transform:uppercase !important}@media screen and (max-width:1023px){.stk-695a17c .stk-button__inner-text{font-size:14px !important}}<\/style><a class=\"stk-link stk-button stk--hover-effect-darken\" href=\"\" target=\"_blank\" rel=\"noreferrer noopener\"><span class=\"has-text-color has-stk-global-color-3828-color stk-button__inner-text\">Conoce m\u00e1s acerca de DIF<\/span><\/a><\/div>\n<\/div><\/div>\n\n\n\n<h4 class=\"wp-block-heading\">Ning\u00fan depositante ha perdido un solo penique en un banco que contara tanto con el seguro de FDIC como con el de DIF.<\/h4>\n\n\n\n<p>La combinaci\u00f3n de los seguros de FDIC y DIF proporciona aseguramiento completo para la totalidad de los dep\u00f3sitos en todas nuestras cuentas de dep\u00f3sito.<\/p>\n\n\n\n<p>Para obtener m\u00e1s informaci\u00f3n, comun\u00edcate directamente con nosotros llamando al <strong><a href=\"tel:5086787641\">508-678-7641<\/a><\/strong>. <\/p>\n\n\n\n<div class=\"wp-block-stackable-button-group stk-block-button-group stk-block stk-ee45ca7\" data-block-id=\"ee45ca7\"><style>.stk-ee45ca7{margin-bottom:25px !important}<\/style><div class=\"stk-row stk-inner-blocks stk-block-content stk-button-group\">\n<div class=\"wp-block-stackable-button stk-block-button stk-block stk-3b990ba\" data-block-id=\"3b990ba\"><style>.stk-3b990ba .stk-button{padding-top:15px !important;padding-right:20px !important;padding-bottom:15px !important;padding-left:20px !important;background:var(--stk-global-color-63884,#fbad18) !important}.stk-3b990ba .stk-button__inner-text{font-size:14px !important;color:var(--stk-global-color-3828,#18428f) !important;font-weight:700 !important;text-transform:uppercase !important}@media screen and (max-width:1023px){.stk-3b990ba .stk-button__inner-text{font-size:14px !important}}<\/style><a class=\"stk-link stk-button stk--hover-effect-darken\" href=\"https:\/\/baycoast.bank\/es\/apertura-de-una-cuenta-en-linea\/\" target=\"_blank\" rel=\"noreferrer noopener\"><span class=\"has-text-color has-stk-global-color-3828-color stk-button__inner-text\">abre una cuenta hoy mismo<\/span><\/a><\/div>\n<\/div><\/div>\n\n\n\t\t\t<\/div>\n\n\t\t<\/div>\n\t<\/div>\n<\/div> <\/div>\n<div class=\"wp-block-stackable-feature alignfull is-style-default stk-block-feature stk-block stk-228b298 stk-block-background\" data-block-id=\"228b298\"><style>.stk-228b298{background-color:var(--stk-global-color-3828,#18428f) !important}.stk-228b298:before{background-color:var(--stk-global-color-3828,#18428f) !important}.stk-228b298-container{max-width:70% !important;min-width:auto !important;margin-right:auto !important;margin-left:auto !important}@media screen and (max-width:1023px){.stk-228b298-container{max-width:90% !important;min-width:auto !important}}.stk-228b298{top:75px !important}<\/style><div class=\"stk-content-align stk-228b298-column alignwide stk-container stk-228b298-container stk--no-background stk--no-padding\"><div class=\"stk-inner-blocks stk-block-content stk-row\">\n<div class=\"wp-block-stackable-column stk-block-column stk-column stk-block stk-f9a15cf\" data-block-id=\"f9a15cf\"><style>.stk-f9a15cf{align-self:center !important}<\/style><div class=\"stk-column-wrapper stk-block-column__content stk-container stk-f9a15cf-container stk--no-background stk--no-padding\"><div class=\"stk-block-content stk-inner-blocks\">\n<div class=\"wp-block-stackable-heading stk-block-heading stk-block stk-674340c\" data-block-id=\"674340c\"><style>.stk-674340c .stk-block-heading__text{color:#FFFFFF !important;font-weight:700 !important;text-transform:uppercase !important;font-family:\"Poppins\",Sans-serif !important}@media screen and (max-width:1023px){.stk-674340c .stk-block-heading__text{font-size:24px !important}}<\/style><h2 class=\"stk-block-heading__text has-text-color has-white-color has-text-align-left\">Nuestro personal especializado te espera en el Distrito Hist\u00f3rico de New Bedford <\/h2><\/div>\n\n\n\n<div class=\"wp-block-stackable-icon-label stk-block-icon-label stk-block-icon-label--use-flex-basis stk-block stk-e110066\" data-block-id=\"e110066\"><style>.stk-e110066{margin-bottom:10px !important}<\/style><div class=\"stk-row stk-inner-blocks stk-block-content\">\n<div class=\"wp-block-stackable-icon stk-block-icon has-text-align-left stk-block stk-8074a7e\" data-block-id=\"8074a7e\"><style>.stk-8074a7e .stk--svg-wrapper .stk--inner-svg svg:last-child{height:30px !important;width:30px !important}.stk-8074a7e .stk--svg-wrapper .stk--inner-svg svg:last-child,.stk-8074a7e .stk--svg-wrapper .stk--inner-svg svg:last-child :is(g,path,rect,polygon,ellipse){fill:var(--stk-global-color-63884,#fbad18) !important}<\/style><span class=\"stk--svg-wrapper\"><div class=\"stk--inner-svg\"><svg style=\"height:0;width:0\"><defs><lineargradient id=\"linear-gradient-8074a7e\" x1=\"0\" x2=\"100%\" y1=\"0\" y2=\"0\"><stop offset=\"0%\" style=\"stop-opacity:1;stop-color:var(--linear-gradient-8074-a-7-e-color-1)\"><\/stop><stop offset=\"100%\" style=\"stop-opacity:1;stop-color:var(--linear-gradient-8074-a-7-e-color-2)\"><\/stop><\/lineargradient><\/defs><\/svg><svg aria-hidden=\"true\" data-prefix=\"fas\" data-icon=\"map-marker-alt\" class=\"svg-inline--fa fa-map-marker-alt fa-w-12\" xmlns=\"http:\/\/www.w3.org\/2000\/svg\" viewbox=\"0 0 384 512\" width=\"32\" height=\"32\"><path fill=\"currentColor\" d=\"M172.268 501.67C26.97 291.031 0 269.413 0 192 0 85.961 85.961 0 192 0s192 85.961 192 192c0 77.413-26.97 99.031-172.268 309.67-9.535 13.774-29.93 13.773-39.464 0zM192 272c44.183 0 80-35.817 80-80s-35.817-80-80-80-80 35.817-80 80 35.817 80 80 80z\"><\/path><\/svg><\/div><\/span><\/div>\n\n\n\n<div class=\"wp-block-stackable-heading stk-block-heading stk-block stk-e303675\" data-block-id=\"e303675\"><style>.stk-e303675 .stk-block-heading__text{color:#ffffff !important}<\/style><h5 class=\"stk-block-heading__text has-text-color has-white-color\">23 Elm Street<br\/>New Bedford, MA 02740<\/h5><\/div>\n<\/div><\/div>\n\n\n\n<div class=\"wp-block-stackable-icon-label stk-block-icon-label stk-block-icon-label--use-flex-basis stk-block stk-694b42f\" data-block-id=\"694b42f\"><style>.stk-694b42f{margin-bottom:30px !important}<\/style><div class=\"stk-row stk-inner-blocks stk-block-content\">\n<div class=\"wp-block-stackable-icon stk-block-icon has-text-align-left stk-block stk-c841d05\" data-block-id=\"c841d05\"><style>.stk-c841d05 .stk--svg-wrapper .stk--inner-svg svg:last-child{height:30px !important;width:30px !important}.stk-c841d05 .stk--svg-wrapper .stk--inner-svg svg:last-child,.stk-c841d05 .stk--svg-wrapper .stk--inner-svg svg:last-child :is(g,path,rect,polygon,ellipse){fill:var(--stk-global-color-63884,#fbad18) !important}<\/style><span class=\"stk--svg-wrapper\"><div class=\"stk--inner-svg\"><svg style=\"height:0;width:0\"><defs><lineargradient id=\"linear-gradient-c841d05\" x1=\"0\" x2=\"100%\" y1=\"0\" y2=\"0\"><stop offset=\"0%\" style=\"stop-opacity:1;stop-color:var(--linear-gradient-c-841-d-05-color-1)\"><\/stop><stop offset=\"100%\" style=\"stop-opacity:1;stop-color:var(--linear-gradient-c-841-d-05-color-2)\"><\/stop><\/lineargradient><\/defs><\/svg><svg aria-hidden=\"true\" data-prefix=\"fas\" data-icon=\"phone-alt\" class=\"svg-inline--fa fa-phone-alt fa-w-16\" xmlns=\"http:\/\/www.w3.org\/2000\/svg\" viewbox=\"0 0 512 512\" width=\"32\" height=\"32\"><path fill=\"currentColor\" d=\"M497.39 361.8l-112-48a24 24 0 0 0-28 6.9l-49.6 60.6A370.66 370.66 0 0 1 130.6 204.11l60.6-49.6a23.94 23.94 0 0 0 6.9-28l-48-112A24.16 24.16 0 0 0 122.6.61l-104 24A24 24 0 0 0 0 48c0 256.5 207.9 464 464 464a24 24 0 0 0 23.4-18.6l24-104a24.29 24.29 0 0 0-14.01-27.6z\"><\/path><\/svg><\/div><\/span><\/div>\n\n\n\n<div class=\"wp-block-stackable-heading stk-block-heading stk-block stk-9db0b8d\" data-block-id=\"9db0b8d\"><h5 class=\"stk-block-heading__text\"><span style=\"color: #ffffff\" class=\"stk-highlight\">508-678-7641<\/span><\/h5><\/div>\n<\/div><\/div>\n\n\n\n<div class=\"wp-block-stackable-button-group stk-block-button-group stk-block stk-b22bc86\" data-block-id=\"b22bc86\"><div class=\"stk-row stk-inner-blocks stk-block-content stk-button-group\">\n<div class=\"wp-block-stackable-button stk-block-button stk-block stk-f18a44a\" data-block-id=\"f18a44a\"><style>.stk-f18a44a .stk-button{padding-top:15px !important;padding-right:20px !important;padding-bottom:15px !important;padding-left:20px !important;background:var(--stk-global-color-63884,#fbad18) !important}.stk-f18a44a .stk-button__inner-text{font-size:16px !important;color:#ffffff !important;font-weight:700 !important;text-transform:uppercase !important}@media screen and (max-width:1023px){.stk-f18a44a .stk-button__inner-text{font-size:16px !important}}<\/style><a class=\"stk-link stk-button stk--hover-effect-darken\" href=\"https:\/\/baycoast.bank\/en\/locations\/new-bedford-elm-street\/\"><span class=\"has-text-color has-white-color stk-button__inner-text\">Ver horarios.<\/span><\/a><\/div>\n\n\n\n<div class=\"wp-block-stackable-button stk-block-button stk-block stk-609466f\" data-block-id=\"609466f\"><style>.stk-609466f .stk-button{padding-top:15px !important;padding-right:20px !important;padding-bottom:15px !important;padding-left:20px !important;background:var(--stk-global-color-63884,#fbad18) !important}.stk-609466f .stk-button__inner-text{font-size:16px !important;font-weight:700 !important;text-transform:uppercase !important}@media screen and (max-width:1023px){.stk-609466f .stk-button__inner-text{font-size:16px !important}}<\/style><a class=\"stk-link stk-button stk--hover-effect-darken\" href=\"https:\/\/baycoast.bank\/es\/sucursales\/\"><span class=\"stk-button__inner-text\">Ver todas las ubicaciones<\/span><\/a><\/div>\n<\/div><\/div>\n<\/div><\/div><\/div>\n\n\n\n<div class=\"wp-block-stackable-column stk-block-column stk-column stk-block stk-5561492\" data-block-id=\"5561492\"><style>.stk-5561492{align-self:center !important}<\/style><div class=\"stk-column-wrapper stk-block-column__content stk-container stk-5561492-container stk--no-background stk--no-padding\"><div class=\"stk-block-content stk-inner-blocks\">\n<div class=\"wp-block-stackable-image stk-block-image stk-block stk-e110ee0\" data-block-id=\"e110ee0\"><style>.stk-e110ee0{margin-top:-80px !important}@media screen and (max-width:1023px){.stk-e110ee0{top:25px !important}}@media screen and (max-width:767px){.stk-e110ee0{top:5px !important}}.stk-e110ee0 .stk-img-wrapper{height:500px !important}@media screen and (max-width:1023px){.stk-e110ee0 .stk-img-wrapper{height:300px !important}}<\/style><figure class=\"stk-img-wrapper stk-image--shape-stretch\"><img decoding=\"async\" class=\"stk-img wp-image-10291\" src=\"https:\/\/baycoast.bank\/wp-content\/uploads\/2023\/06\/BCB-Vericast-Location-Photos-6.23-1.jpg\" width=\"1200\" height=\"800\" alt=\"Elm Street \" srcset=\"https:\/\/baycoast.bank\/wp-content\/uploads\/2023\/06\/BCB-Vericast-Location-Photos-6.23-1.jpg 1200w, https:\/\/baycoast.bank\/wp-content\/uploads\/2023\/06\/BCB-Vericast-Location-Photos-6.23-1-300x200.jpg 300w, https:\/\/baycoast.bank\/wp-content\/uploads\/2023\/06\/BCB-Vericast-Location-Photos-6.23-1-1024x683.jpg 1024w, https:\/\/baycoast.bank\/wp-content\/uploads\/2023\/06\/BCB-Vericast-Location-Photos-6.23-1-768x512.jpg 768w\" sizes=\"(max-width: 1200px) 100vw, 1200px\" \/><\/figure><\/div>\n<\/div><\/div><\/div>\n<\/div><\/div><\/div>\n","protected":false},"excerpt":{"rendered":"<p>Nuestro personal especializado te espera en el Distrito Hist\u00f3rico de New Bedford 23 Elm StreetNew Bedford, MA 02740 508-678-7641 Ver horarios. Ver todas las ubicaciones<\/p>\n","protected":false},"author":17,"featured_media":9594,"parent":7056,"menu_order":0,"comment_status":"closed","ping_status":"closed","template":"","meta":{"_acf_changed":false,"inline_featured_image":false,"footnotes":""},"class_list":["post-11700","page","type-page","status-publish","has-post-thumbnail","hentry"],"acf":[],"featured_image_urls_v2":{"full":["https:\/\/baycoast.bank\/wp-content\/uploads\/2023\/03\/FDICDIF-Webpage-Hero-v2.jpg",1920,600,false],"thumbnail":["https:\/\/baycoast.bank\/wp-content\/uploads\/2023\/03\/FDICDIF-Webpage-Hero-v2-150x150.jpg",150,150,true],"medium":["https:\/\/baycoast.bank\/wp-content\/uploads\/2023\/03\/FDICDIF-Webpage-Hero-v2-300x94.jpg",300,94,true],"medium_large":["https:\/\/baycoast.bank\/wp-content\/uploads\/2023\/03\/FDICDIF-Webpage-Hero-v2-768x240.jpg",768,240,true],"large":["https:\/\/baycoast.bank\/wp-content\/uploads\/2023\/03\/FDICDIF-Webpage-Hero-v2-1024x320.jpg",1024,320,true],"1536x1536":["https:\/\/baycoast.bank\/wp-content\/uploads\/2023\/03\/FDICDIF-Webpage-Hero-v2-1536x480.jpg",1536,480,true],"2048x2048":["https:\/\/baycoast.bank\/wp-content\/uploads\/2023\/03\/FDICDIF-Webpage-Hero-v2.jpg",1920,600,false]},"post_excerpt_stackable_v2":"<p>Acerca de nosotros Seguros FDIC y DIF en el Distrito Hist\u00f3rico de New Bedford abrir una cuenta&nbsp;+ Tus dep\u00f3sitos est\u00e1n 100&nbsp;% asegurados en BayCoast Bank, donde hemos asumido el compromiso de servir a nuestra comunidad. Cuando realizas tus operaciones bancarias con nosotros, el 100% de tus dep\u00f3sitos en BayCoast est\u00e1n totalmente asegurados a trav\u00e9s de FDIC (Federal Deposit Insurance Corporation) y DIF (Depositors Insurance Fund). En BayCoast, tenemos una extensa tradici\u00f3n de preocuparnos por nuestros clientes y su bienestar financiero. Desde 1851 y con gran orgullo, el Banco ha prestado servicios a los habitantes y empresas de la costa sur&hellip;<\/p>\n","category_list_v2":"","author_info_v2":{"name":"knogueira","url":"https:\/\/baycoast.bank\/es\/author\/knogueira\/"},"comments_num_v2":"0 comentarios","publishpress_future_action":{"enabled":false,"date":"2026-04-25 16:59:45","action":"change-status","newStatus":"draft","terms":[],"taxonomy":"translation_priority","extraData":[]},"publishpress_future_workflow_manual_trigger":{"enabledWorkflows":[]},"_links":{"self":[{"href":"https:\/\/baycoast.bank\/es\/wp-json\/wp\/v2\/pages\/11700","targetHints":{"allow":["GET"]}}],"collection":[{"href":"https:\/\/baycoast.bank\/es\/wp-json\/wp\/v2\/pages"}],"about":[{"href":"https:\/\/baycoast.bank\/es\/wp-json\/wp\/v2\/types\/page"}],"author":[{"embeddable":true,"href":"https:\/\/baycoast.bank\/es\/wp-json\/wp\/v2\/users\/17"}],"replies":[{"embeddable":true,"href":"https:\/\/baycoast.bank\/es\/wp-json\/wp\/v2\/comments?post=11700"}],"version-history":[{"count":0,"href":"https:\/\/baycoast.bank\/es\/wp-json\/wp\/v2\/pages\/11700\/revisions"}],"up":[{"embeddable":true,"href":"https:\/\/baycoast.bank\/es\/wp-json\/wp\/v2\/pages\/7056"}],"wp:featuredmedia":[{"embeddable":true,"href":"https:\/\/baycoast.bank\/es\/wp-json\/wp\/v2\/media\/9594"}],"wp:attachment":[{"href":"https:\/\/baycoast.bank\/es\/wp-json\/wp\/v2\/media?parent=11700"}],"curies":[{"name":"wp","href":"https:\/\/api.w.org\/{rel}","templated":true}]}}