{"id":13153,"date":"2025-07-14T10:33:23","date_gmt":"2025-07-14T14:33:23","guid":{"rendered":"https:\/\/baycoast.bank\/financiar-una-casa-mas-sostenible\/"},"modified":"2025-07-14T14:59:51","modified_gmt":"2025-07-14T18:59:51","slug":"financiar-una-casa-mas-sostenible","status":"publish","type":"page","link":"https:\/\/baycoast.bank\/es\/financiar-una-casa-mas-sostenible\/","title":{"rendered":"Financiar una casa m\u00e1s sostenible"},"content":{"rendered":"<div class=\"lazyblock-interior-hero-Z1uefCT wp-block-lazyblock-interior-hero\">\n<div class=\"section hero\">\n\t<div class=\"backing parallaxContainer\">\n\t\t<div class=\"backing\" style=\"background-image: url(https:\/\/baycoast.bank\/wp-content\/uploads\/2025\/07\/Financing-A-More-Sustainable-Home.jpg\" role=\"img\" aria-label=\"Hero Image\"><\/div>\n\t<\/div>\n\n\t<div class=\"heroContent\">\n\t\t<div class=\"plusPlus blue\" ><\/div>\n\t\t\n\t\t<div class=\"heroWrapper\">\n\t\t\t<div class=\"heroBlock bgWhite\">\n\t\t\t\t\n\t\t\t\t<div class=\"heroBlockHeadline\">\n\n\t\t\t\t\t\t\t\t\t\t\n\t\t\t\t\t<h1 class=\"blue\">Financiar una casa m\u00e1s sostenible<\/h1>\n\t\t\t\t<\/div>\n\t\t\t<\/div>\n\t\t\t    \t\n\t\t\t\n\t\t<\/div>\n\t<\/div>\n<\/div> \n\n<div class=\"spacer\"><\/div><\/div>\n<div class=\"wp-block-stackable-columns stk-block-columns stk-block stk-53c354a\" data-block-id=\"53c354a\"><style>.stk-53c354a {max-width:50% !important;min-width:auto !important;margin-right:auto !important;margin-bottom:50px !important;margin-left:auto !important;}@media screen and (max-width: 767px){.stk-53c354a {max-width:75% !important;min-width:auto !important;}}<\/style><div class=\"stk-row stk-inner-blocks stk-block-content stk-content-align stk-53c354a-column\">\n<div class=\"wp-block-stackable-column stk-block-column stk-column stk-block stk-d913bee\" data-v=\"4\" data-block-id=\"d913bee\"><div class=\"stk-column-wrapper stk-block-column__content stk-container stk-d913bee-container stk--no-background stk--no-padding\"><div class=\"stk-block-content stk-inner-blocks stk-d913bee-inner-blocks\">\n<div class=\"wp-block-stackable-spacer stk-block-spacer stk--no-padding stk-block stk-c50b6f6\" data-block-id=\"c50b6f6\"><style>.stk-c50b6f6 {height:25px !important;}<\/style><\/div>\n\n\n\n<h2 class=\"wp-block-heading\">Soluciones de pr\u00e9stamo flexibles para ayudar a los propietarios a ser ecol\u00f3gicos.<\/h2>\n\n\n\n<p>Hacer mejoras ecol\u00f3gicas en tu casa es una forma inteligente de reducir tu huella ambiental, al tiempo que aumentas la eficiencia energ\u00e9tica y contribuyes a tu salud y bienestar. Considera estas mejoras impactantes para la sostenibilidad: <\/p>\n\n\n\n<ul class=\"wp-block-list\">\n<li><strong>Sustituye tu bomba de calor:<\/strong> La actualizaci\u00f3n a una bomba de calor ENERGY STAR\u00ae de alta eficiencia puede reducir tus facturas de energ\u00eda al tiempo que aumenta el confort interior y la calidad del aire.<\/li>\n\n\n\n<li><strong>Mejora tu sistema s\u00e9ptico:<\/strong> Sustituir tu sistema actual por un sistema s\u00e9ptico desnitrificante ayuda a reducir la contaminaci\u00f3n por nitr\u00f3geno de las aguas costeras, protegiendo los ecosistemas locales.<\/li>\n\n\n\n<li><strong>Con\u00e9ctate a los sistemas municipales:<\/strong> Conectarse a un sistema municipal de alcantarillado o agua puede mejorar la eficacia y salvaguardar la calidad de las aguas subterr\u00e1neas.<\/li>\n\n\n\n<li><strong>Instala paneles solares (sistemas fotovoltaicos):<\/strong> Aprovecha la medici\u00f3n neta, que te permite compensar tu consumo de electricidad y obtener cr\u00e9ditos por el exceso de energ\u00eda que devuelves a la red.<\/li>\n<\/ul>\n\n\n\n<div class=\"wp-block-stackable-spacer stk-block-spacer stk--no-padding stk-block stk-e7084ea\" data-block-id=\"e7084ea\"><style>.stk-e7084ea {height:5px !important;}<\/style><\/div>\n\n\n\n<div class=\"wp-block-stackable-button-group stk-block-button-group stk-block stk-c62bd56\" data-block-id=\"c62bd56\"><div class=\"stk-row stk-inner-blocks stk-block-content stk-button-group\">\n<div class=\"wp-block-stackable-button stk-block-button stk-block stk-50f5477\" data-block-id=\"50f5477\"><style>.stk-50f5477 .stk-button{padding-top:15px !important;padding-right:20px !important;padding-bottom:15px !important;padding-left:20px !important;background:#fbad18 !important;}.stk-50f5477 .stk-button__inner-text{font-size:16px !important;color:#18428f !important;font-weight:600 !important;}@media screen and (max-width: 1023px){.stk-50f5477 .stk-button__inner-text{font-size:16px !important;}}<\/style><a class=\"stk-link stk-button stk--hover-effect-darken\" href=\"https:\/\/oa.fisglobal.com\/oa\/fi\/beginApp\" target=\"_blank\" rel=\"noopener\"><span class=\"has-text-color stk-button__inner-text\">Solicitar ahora<\/span><\/a><\/div>\n<\/div><\/div>\n\n\n\n<div class=\"wp-block-stackable-spacer stk-block-spacer stk--no-padding stk-block stk-2a29e69\" data-block-id=\"2a29e69\"><style>.stk-2a29e69 {height:25px !important;}<\/style><\/div>\n\n\n\n<div class=\"wp-block-stackable-columns alignfull stk-block-columns stk-block stk-d6ea868\" data-block-id=\"d6ea868\"><style>.stk-d6ea868 {margin-top:var(--stk--preset--spacing--70, 3.38rem) !important;margin-bottom:var(--stk--preset--spacing--70, 3.38rem) !important;}<\/style><div class=\"stk-row stk-inner-blocks stk-block-content stk-content-align stk-d6ea868-column alignwide\">\n<div class=\"wp-block-stackable-column stk-block-column stk-column stk-block stk-aa62414\" data-v=\"4\" data-block-id=\"aa62414\"><div class=\"stk-column-wrapper stk-block-column__content stk-container stk-aa62414-container stk--no-background stk--no-padding\"><div class=\"stk-block-content stk-inner-blocks stk-aa62414-inner-blocks\">\n<div class=\"wp-block-stackable-heading stk-block-heading stk-block-heading--v2 stk-block stk-b34a8f5\" id=\"heading-placeholder\" data-block-id=\"b34a8f5\"><h2 class=\"stk-block-heading__text has-text-align-center\"><strong>Opciones de financiaci\u00f3n para ahorrar energ\u00eda<\/strong><\/h2><\/div>\n\n\n\n<div class=\"wp-block-stackable-text stk-block-text stk-block stk-fbce3d5\" data-block-id=\"fbce3d5\"><p class=\"stk-block-text__text has-text-align-center\">\u00bfEst\u00e1s preparado para aumentar potencialmente el valor de tu casa y reducir tus costes energ\u00e9ticos? Ahora puede ser el momento perfecto para pasar a la acci\u00f3n. En BayCoast Bank tenemos varias opciones de financiaci\u00f3n para ayudarte a realizar mejoras sostenibles en tu vivienda. Entre ellas est\u00e1n:   <\/p><\/div>\n\n\n\n<div class=\"wp-block-stackable-columns stk-block-columns stk-block stk-1cd2a91\" data-block-id=\"1cd2a91\"><div class=\"stk-row stk-inner-blocks stk-block-content stk-content-align stk-1cd2a91-column\">\n<div class=\"wp-block-stackable-column stk-block-column stk-column stk-block stk-e82f7da\" data-v=\"4\" data-block-id=\"e82f7da\"><style>@media screen and (min-width: 768px) and (max-width: 1023px){.stk-e82f7da {flex:var(--stk-flex-grow, 1) 1 calc(100% - var(--stk-column-gap, 0px) * 0 \/ 1 ) !important;}}<\/style><div class=\"stk-column-wrapper stk-block-column__content stk-container stk-e82f7da-container stk-hover-parent\"><div class=\"has-text-align-center stk-block-content stk-inner-blocks stk-e82f7da-inner-blocks\">\n<div class=\"wp-block-stackable-heading stk-block-heading stk-block-heading--v2 stk-block stk-bf613ba\" id=\"home-equity-loans-heloan\" data-block-id=\"bf613ba\"><h4 class=\"stk-block-heading__text\">Pr\u00e9stamos con garant\u00eda hipotecaria (HELOAN)<\/h4><\/div>\n\n\n\n<div class=\"wp-block-stackable-button-group stk-block-button-group stk-block stk-6851244\" data-block-id=\"6851244\"><div class=\"stk-row stk-inner-blocks stk-block-content stk-button-group\">\n<div class=\"wp-block-stackable-button stk-block-button is-style-ghost stk-block stk-b1dbaed\" data-block-id=\"b1dbaed\"><style>.stk-b1dbaed .stk-button{background:transparent !important;}.stk-b1dbaed .stk-button:hover:after{background:transparent !important;opacity:1 !important;}:where(.stk-hover-parent:hover,  .stk-hover-parent.stk--is-hovered) .stk-b1dbaed .stk-button:after{background:transparent !important;opacity:1 !important;}.stk-b1dbaed .stk-button:before{border-style:solid !important;border-color:var(--stk-global-color-63884, #fbad18) !important;}.stk-b1dbaed .stk-button__inner-text{font-size:16px !important;color:var(--stk-global-color-3828, #18428f) !important;}@media screen and (max-width: 1023px){.stk-b1dbaed .stk-button__inner-text{font-size:16px !important;}}<\/style><a class=\"stk-link stk-button stk--hover-effect-darken\" href=\"https:\/\/baycoast.bank\/pt-pt\/personal\/credito\/emprestimo-para-aquisicao-de-habitacao-propria-heloan\/\"><span class=\"has-text-color stk-button__inner-text\">Para comenzar<\/span><\/a><\/div>\n<\/div><\/div>\n\n\n\n<div class=\"wp-block-stackable-text stk-block-text stk-block stk-8ebc951\" data-block-id=\"8ebc951\"><p class=\"stk-block-text__text\">Descubre las ventajas de un pr\u00e9stamo con garant\u00eda hipotecaria (HELOAN) de BayCoast Bank. Tanto si est\u00e1s planeando una reforma importante de tu casa, como si quieres consolidar una deuda o financiar una compra importante, un HELOAN te ofrece una forma inteligente y segura de alcanzar tus objetivos financieros. <\/p><\/div>\n<\/div><\/div><\/div>\n\n\n\n<div class=\"wp-block-stackable-column stk-block-column stk-column stk-block stk-1efdabc\" data-v=\"4\" data-block-id=\"1efdabc\"><style>.stk-1efdabc-container{box-shadow:0 5px 30px -10px #123f524d !important;}@media screen and (min-width: 768px) and (max-width: 1023px){.stk-1efdabc {flex:var(--stk-flex-grow, 1) 1 calc(100% - var(--stk-column-gap, 0px) * 0 \/ 1 ) !important;}}<\/style><div class=\"stk-column-wrapper stk-block-column__content stk-container stk-1efdabc-container stk-hover-parent\"><div class=\"has-text-align-center stk-block-content stk-inner-blocks stk-1efdabc-inner-blocks\">\n<div class=\"wp-block-stackable-heading stk-block-heading stk-block-heading--v2 stk-block stk-fcbe7c4\" id=\"home-equity-lines-of-credit-heloc\" data-block-id=\"fcbe7c4\"><h4 class=\"stk-block-heading__text\">L\u00edneas de Cr\u00e9dito Hipotecario (HELOC)<\/h4><\/div>\n\n\n\n<div class=\"wp-block-stackable-button-group stk-block-button-group stk-block stk-ea19a2f\" data-block-id=\"ea19a2f\"><div class=\"stk-row stk-inner-blocks stk-block-content stk-button-group\">\n<div class=\"wp-block-stackable-button stk-block-button stk-block stk-6937cc5\" data-block-id=\"6937cc5\"><style>.stk-6937cc5 .stk-button{background:var(--stk-global-color-63884, #fbad18) !important;}.stk-6937cc5 .stk-button__inner-text{font-size:16px !important;}@media screen and (max-width: 1023px){.stk-6937cc5 .stk-button__inner-text{font-size:16px !important;}}<\/style><a class=\"stk-link stk-button stk--hover-effect-darken\" href=\"https:\/\/baycoast.bank\/pt-pt\/personal\/credito\/emprestimos-e-linhas-de-credito\/\"><span class=\"stk-button__inner-text\">Para comenzar<\/span><\/a><\/div>\n<\/div><\/div>\n\n\n\n<div class=\"wp-block-stackable-text stk-block-text stk-block stk-2fc7ca0\" data-block-id=\"2fc7ca0\"><p class=\"stk-block-text__text\">Ya sea renovar tu cocina, actualizar un cuarto de ba\u00f1o, mejorar tu propiedad con revestimiento vin\u00edlico, financiar los gastos de matr\u00edcula o incluso permitirte unas vacaciones de ensue\u00f1o, una L\u00ednea de Cr\u00e9dito Hipotecario (HELOC) puede ayudarte a hacer realidad tus aspiraciones.<\/p><\/div>\n<\/div><\/div><\/div>\n\n\n\n<div class=\"wp-block-stackable-column stk-block-column stk-column stk-block stk-b480698\" data-v=\"4\" data-block-id=\"b480698\"><style>@media screen and (min-width: 768px) and (max-width: 1023px){.stk-b480698 {flex:var(--stk-flex-grow, 1) 1 calc(100% - var(--stk-column-gap, 0px) * 0 \/ 1 ) !important;}}<\/style><div class=\"stk-column-wrapper stk-block-column__content stk-container stk-b480698-container stk-hover-parent\"><div class=\"has-text-align-center stk-block-content stk-inner-blocks stk-b480698-inner-blocks\">\n<div class=\"wp-block-stackable-heading stk-block-heading stk-block-heading--v2 stk-block stk-de1ee66\" id=\"energy-efficiency-loans\" data-block-id=\"de1ee66\"><h4 class=\"stk-block-heading__text\">Pr\u00e9stamos para la eficiencia energ\u00e9tica<\/h4><\/div>\n\n\n\n<div class=\"wp-block-stackable-button-group stk-block-button-group stk-block stk-1599255\" data-block-id=\"1599255\"><div class=\"stk-row stk-inner-blocks stk-block-content stk-button-group\">\n<div class=\"wp-block-stackable-button stk-block-button is-style-ghost stk-block stk-a43cc29\" data-block-id=\"a43cc29\"><style>.stk-a43cc29 .stk-button{background:transparent !important;}.stk-a43cc29 .stk-button:hover:after{background:transparent !important;opacity:1 !important;}:where(.stk-hover-parent:hover,  .stk-hover-parent.stk--is-hovered) .stk-a43cc29 .stk-button:after{background:transparent !important;opacity:1 !important;}.stk-a43cc29 .stk-button:before{border-style:solid !important;border-color:var(--stk-global-color-63884, #fbad18) !important;}.stk-a43cc29 .stk-button__inner-text{font-size:16px !important;color:var(--stk-global-color-3828, #18428f) !important;}@media screen and (max-width: 1023px){.stk-a43cc29 .stk-button__inner-text{font-size:16px !important;}}<\/style><a class=\"stk-link stk-button stk--hover-effect-darken\" href=\"https:\/\/baycoast.bank\/pt-pt\/personal\/credito\/emprestimos-para-eficiencia-energetica\/\"><span class=\"has-text-color stk-button__inner-text\">Para comenzar<\/span><\/a><\/div>\n<\/div><\/div>\n\n\n\n<div class=\"wp-block-stackable-text stk-block-text stk-block stk-d851753\" data-block-id=\"d851753\"><p class=\"stk-block-text__text\">Mejora el consumo energ\u00e9tico de tu vivienda y reduce las facturas de servicios p\u00fablicos con nuestro Pr\u00e9stamo para Mejoras en el Hogar por Eficiencia Energ\u00e9tica.<\/p><\/div>\n\n\n\n<p><\/p>\n<\/div><\/div><\/div>\n<\/div><\/div>\n\n\n\n<div class=\"wp-block-stackable-columns stk-block-columns stk-block stk-7bda35a\" data-block-id=\"7bda35a\"><div class=\"stk-row stk-inner-blocks stk-block-content stk-content-align stk-7bda35a-column\">\n<div class=\"wp-block-stackable-column stk-block-column stk-column stk-block stk-954061b\" data-v=\"4\" data-block-id=\"954061b\"><style>@media screen and (min-width: 768px) and (max-width: 1023px){.stk-954061b {flex:var(--stk-flex-grow, 1) 1 calc(100% - var(--stk-column-gap, 0px) * 0 \/ 1 ) !important;}}<\/style><div class=\"stk-column-wrapper stk-block-column__content stk-container stk-954061b-container stk-hover-parent\"><div class=\"has-text-align-center stk-block-content stk-inner-blocks stk-954061b-inner-blocks\">\n<div class=\"wp-block-stackable-heading stk-block-heading stk-block-heading--v2 stk-block stk-c00b0a2\" id=\"heat-loans\" data-block-id=\"c00b0a2\"><h4 class=\"stk-block-heading__text\">Pr\u00e9stamos HEAT<\/h4><\/div>\n\n\n\n<div class=\"wp-block-stackable-button-group stk-block-button-group stk-block stk-ec0202d\" data-block-id=\"ec0202d\"><div class=\"stk-row stk-inner-blocks stk-block-content stk-button-group\">\n<div class=\"wp-block-stackable-button stk-block-button is-style-ghost stk-block stk-9c5e7d9\" data-block-id=\"9c5e7d9\"><style>.stk-9c5e7d9 .stk-button{background:transparent !important;}.stk-9c5e7d9 .stk-button:hover:after{background:transparent !important;opacity:1 !important;}:where(.stk-hover-parent:hover,  .stk-hover-parent.stk--is-hovered) .stk-9c5e7d9 .stk-button:after{background:transparent !important;opacity:1 !important;}.stk-9c5e7d9 .stk-button:before{border-style:solid !important;border-color:var(--stk-global-color-63884, #fbad18) !important;}.stk-9c5e7d9 .stk-button__inner-text{font-size:16px !important;color:var(--stk-global-color-3828, #18428f) !important;}@media screen and (max-width: 1023px){.stk-9c5e7d9 .stk-button__inner-text{font-size:16px !important;}}<\/style><a class=\"stk-link stk-button stk--hover-effect-darken\" href=\"https:\/\/baycoast.bank\/pt-pt\/personal\/credito\/emprestimo-heat\/\"><span class=\"has-text-color stk-button__inner-text\">Para comenzar<\/span><\/a><\/div>\n<\/div><\/div>\n\n\n\n<div class=\"wp-block-stackable-text stk-block-text stk-block stk-260ec27\" data-block-id=\"260ec27\"><p class=\"stk-block-text__text\">El Programa de Pr\u00e9stamos HEAT residencial ofrece a los clientes la oportunidad de solicitar un pr\u00e9stamo sin intereses a los prestamistas participantes para ayudarles a instalar mejoras cualificadas de eficiencia energ\u00e9tica en sus viviendas o propiedades de alquiler.<\/p><\/div>\n<\/div><\/div><\/div>\n\n\n\n<div class=\"wp-block-stackable-column stk-block-column stk-column stk-block stk-9627ec3\" data-v=\"4\" data-block-id=\"9627ec3\"><style>.stk-9627ec3-container{box-shadow:0 5px 30px -10px #123f524d !important;}@media screen and (min-width: 768px) and (max-width: 1023px){.stk-9627ec3 {flex:var(--stk-flex-grow, 1) 1 calc(100% - var(--stk-column-gap, 0px) * 0 \/ 1 ) !important;}}<\/style><div class=\"stk-column-wrapper stk-block-column__content stk-container stk-9627ec3-container stk-hover-parent\"><div class=\"has-text-align-center stk-block-content stk-inner-blocks stk-9627ec3-inner-blocks\">\n<div class=\"wp-block-stackable-heading stk-block-heading stk-block-heading--v2 stk-block stk-c57311e\" id=\"home-improvement-loans-ma-amp-ri-residents\" data-block-id=\"c57311e\"><h4 class=\"stk-block-heading__text\">Pr\u00e9stamos para mejoras en el hogar (residentes en MA y RI)<\/h4><\/div>\n\n\n\n<div class=\"wp-block-stackable-button-group stk-block-button-group stk-block stk-a3aaab7\" data-block-id=\"a3aaab7\"><div class=\"stk-row stk-inner-blocks stk-block-content stk-button-group\">\n<div class=\"wp-block-stackable-button stk-block-button stk-block stk-c9b450a\" data-block-id=\"c9b450a\"><style>.stk-c9b450a .stk-button{background:var(--stk-global-color-63884, #fbad18) !important;}.stk-c9b450a .stk-button__inner-text{font-size:16px !important;}@media screen and (max-width: 1023px){.stk-c9b450a .stk-button__inner-text{font-size:16px !important;}}<\/style><a class=\"stk-link stk-button stk--hover-effect-darken\" href=\"https:\/\/baycoast.bank\/pt-pt\/personal\/credito\/emprestimos-para-melhorias-em-casa\/\"><span class=\"stk-button__inner-text\">Para comenzar<\/span><\/a><\/div>\n<\/div><\/div>\n\n\n\n<div class=\"wp-block-stackable-text stk-block-text stk-block stk-36ccbcd\" data-block-id=\"36ccbcd\"><p class=\"stk-block-text__text\">Hacer mejoras y renovaciones aumenta el valor de tu vivienda, haci\u00e9ndola m\u00e1s valiosa en el futuro. Nuestros pr\u00e9stamos a tipo fijo hacen m\u00e1s f\u00e1cil hacer realidad tu visi\u00f3n de la vivienda. <\/p><\/div>\n<\/div><\/div><\/div>\n\n\n\n<div class=\"wp-block-stackable-column stk-block-column stk-column stk-block stk-046e97b\" data-v=\"4\" data-block-id=\"046e97b\"><div class=\"stk-column-wrapper stk-block-column__content stk-container stk-046e97b-container stk--no-background stk--no-padding\"><div class=\"stk-block-content stk-inner-blocks stk-046e97b-inner-blocks\"><\/div><\/div><\/div>\n<\/div><\/div>\n<\/div><\/div><\/div>\n<\/div><\/div>\n\n\n\n<div class=\"wp-block-stackable-spacer stk-block-spacer stk--no-padding stk-block stk-f64e4d8\" data-block-id=\"f64e4d8\"><\/div>\n\n\n\n<div class=\"wp-block-stackable-heading stk-block-heading stk-block-heading--v2 stk-block stk-1ae3201\" id=\"strong-questions-were-here-to-help-strong\" data-block-id=\"1ae3201\"><h3 class=\"stk-block-heading__text\"><strong>\u00bfTienes preguntas? \u00a1Estamos aqu\u00ed para ayudarte! <\/strong><\/h3><\/div>\n\n\n\n<p>Nuestros <a href=\"https:\/\/baycoastmortgage.com\/en\/loan-officers\/\" target=\"_blank\" rel=\"noopener\">profesionales<\/a> expertos en pr\u00e9stamos est\u00e1n aqu\u00ed para ayudarte en cada paso del camino. <a href=\"https:\/\/baycoast.bank\/es\/sucursales\/\">Visita una de nuestras sucursales<\/a> o ll\u00e1manos al 508-678-7641 para empezar.<\/p>\n<\/div><\/div><\/div>\n<\/div><\/div>\n","protected":false},"excerpt":{"rendered":"<p>Soluciones de pr\u00e9stamo flexibles para ayudar a los propietarios a ser ecol\u00f3gicos. Hacer mejoras ecol\u00f3gicas en tu casa es una forma inteligente de reducir tu huella ambiental, al tiempo que aumentas la eficiencia energ\u00e9tica y contribuyes a tu salud y bienestar. Considera estas mejoras impactantes para la sostenibilidad: Solicitar ahora Opciones de financiaci\u00f3n para ahorrar [&hellip;]<\/p>\n","protected":false},"author":30,"featured_media":13097,"parent":0,"menu_order":13,"comment_status":"closed","ping_status":"closed","template":"","meta":{"_acf_changed":false,"inline_featured_image":false,"footnotes":""},"class_list":["post-13153","page","type-page","status-publish","has-post-thumbnail","hentry"],"acf":[],"featured_image_urls_v2":{"full":["https:\/\/baycoast.bank\/wp-content\/uploads\/2025\/07\/Financing-A-More-Sustainable-Home.jpg",1920,1171,false],"thumbnail":["https:\/\/baycoast.bank\/wp-content\/uploads\/2025\/07\/Financing-A-More-Sustainable-Home-150x150.jpg",150,150,true],"medium":["https:\/\/baycoast.bank\/wp-content\/uploads\/2025\/07\/Financing-A-More-Sustainable-Home-300x183.jpg",300,183,true],"medium_large":["https:\/\/baycoast.bank\/wp-content\/uploads\/2025\/07\/Financing-A-More-Sustainable-Home-768x468.jpg",768,468,true],"large":["https:\/\/baycoast.bank\/wp-content\/uploads\/2025\/07\/Financing-A-More-Sustainable-Home-1024x625.jpg",1024,625,true],"1536x1536":["https:\/\/baycoast.bank\/wp-content\/uploads\/2025\/07\/Financing-A-More-Sustainable-Home-1536x937.jpg",1536,937,true],"2048x2048":["https:\/\/baycoast.bank\/wp-content\/uploads\/2025\/07\/Financing-A-More-Sustainable-Home.jpg",1920,1171,false]},"post_excerpt_stackable_v2":"<p>Financiar una casa m\u00e1s sostenible Soluciones de pr\u00e9stamo flexibles para ayudar a los propietarios a ser ecol\u00f3gicos. Hacer mejoras ecol\u00f3gicas en tu casa es una forma inteligente de reducir tu huella ambiental, al tiempo que aumentas la eficiencia energ\u00e9tica y contribuyes a tu salud y bienestar. Considera estas mejoras impactantes para la sostenibilidad: Sustituye tu bomba de calor: La actualizaci\u00f3n a una bomba de calor ENERGY STAR\u00ae de alta eficiencia puede reducir tus facturas de energ\u00eda al tiempo que aumenta el confort interior y la calidad del aire. Mejora tu sistema s\u00e9ptico: Sustituir tu sistema actual por un sistema s\u00e9ptico&hellip;<\/p>\n","category_list_v2":"","author_info_v2":{"name":"BayCoast Marketing","url":"https:\/\/baycoast.bank\/es\/author\/marketingbaycoastbank-com\/"},"comments_num_v2":"0 comentarios","publishpress_future_action":{"enabled":false,"date":"2026-05-03 05:26:13","action":"change-status","newStatus":"draft","terms":[],"taxonomy":"translation_priority","extraData":[]},"publishpress_future_workflow_manual_trigger":{"enabledWorkflows":[]},"_links":{"self":[{"href":"https:\/\/baycoast.bank\/es\/wp-json\/wp\/v2\/pages\/13153","targetHints":{"allow":["GET"]}}],"collection":[{"href":"https:\/\/baycoast.bank\/es\/wp-json\/wp\/v2\/pages"}],"about":[{"href":"https:\/\/baycoast.bank\/es\/wp-json\/wp\/v2\/types\/page"}],"author":[{"embeddable":true,"href":"https:\/\/baycoast.bank\/es\/wp-json\/wp\/v2\/users\/30"}],"replies":[{"embeddable":true,"href":"https:\/\/baycoast.bank\/es\/wp-json\/wp\/v2\/comments?post=13153"}],"version-history":[{"count":0,"href":"https:\/\/baycoast.bank\/es\/wp-json\/wp\/v2\/pages\/13153\/revisions"}],"wp:featuredmedia":[{"embeddable":true,"href":"https:\/\/baycoast.bank\/es\/wp-json\/wp\/v2\/media\/13097"}],"wp:attachment":[{"href":"https:\/\/baycoast.bank\/es\/wp-json\/wp\/v2\/media?parent=13153"}],"curies":[{"name":"wp","href":"https:\/\/api.w.org\/{rel}","templated":true}]}}