{"id":13195,"date":"2025-02-03T08:16:05","date_gmt":"2025-02-03T13:16:05","guid":{"rendered":"https:\/\/baycoast.bank\/ofertas-paginas-de-hifi\/cuenta-corriente-gratuita\/"},"modified":"2025-07-14T14:57:12","modified_gmt":"2025-07-14T18:57:12","slug":"cuenta-corriente-gratuita","status":"publish","type":"page","link":"https:\/\/baycoast.bank\/es\/ofertas-paginas-de-hifi\/cuenta-corriente-gratuita\/","title":{"rendered":"Cuenta corriente gratuita"},"content":{"rendered":"<div class=\"lazyblock-main-hero-static-lLfOa wp-block-lazyblock-main-hero-static\"><div class=\"section hero staticHero mainHero\">\n\t<div id=\"heroFlexslider\" class=\"flexslider heroFlexslider backing\" style=\"z-index: 0;\">\n\t\t<ul class=\"slides backing\">\n\t\t\t<li class=\"slide backing\">\n\t\t\t\t<div class=\"backing parallaxContainer\">\n\t\t\t\t\t<div class=\"backing slideImage\" style=\"background-image: url(https:\/\/baycoast.bank\/wp-content\/uploads\/2024\/09\/6.jpg);\" role=\"img\" aria-label=\"Abrir una cuenta corriente gratuita\"><\/div>\n\t\t\t\t<\/div>\n\t\t\t\t<!-- <div class=\"backing lightOverlay bgWhite\"><\/div>\n\t\t\t\t<div class=\"backing colorOverlay bgGradientBlue\" style=\"opacity: 1; mix-blend-mode: multiply;\"><\/div> -->\n\t\t\t<\/li>\n\t\t<\/ul>\n\t<\/div>\n\t\n\t<div class=\"heroContent\">\n\t\t<div class=\"heroWrapper\">\n\t\t\t<div class=\"heroBlock bgWhite\">\n\n\t\t\t\t<div id=\"heroHeadlineFlexslider\">\n\t\t\t\t\t<ul class=\"slides\">\n\t\t\t\t\t\t<li class=\"slide\">\n\t\t\t\t\t\t\n\t\t\t\t\t\t\t<div class=\"heroBlockHeadline\">\n\t\t\t\t\t\t\t\t<div class=\"h1 h1Smallest blue\">Abrir una cuenta corriente gratuita<\/div>\n\n\t\t\t\t\t\t\t\t<div class=\"hr bgPrimaryColor\"><\/div>\n\n\t\t\t\t\t\t\t\t<p><\/p>\n\n\t\t\t\t\t\t\t\t<a href=\"https:\/\/apply.baycoast.bank\/apply.aspx?enc=Kw21Wblm1yxpjJabdoZaD8Gt5F8AGMk9HZu4Ma1r7QewstuQif7nTAPMm3uYKgZZHbYxzv1AeuFtgBZYnMq8rA\"><div class=\"btn blue\" role=\"button\" tabindex=\"0\">Abre una cuenta <span class=\"primaryColor\">+<\/span> <div class=\"backing\"><\/div><\/div><\/a>\n\t\t\t\t\t\t\t<\/div>\n\n\t\t\t\t\t\t<\/li>\n\t\t\t\t\t<\/ul>\n\t\t\t\t<\/div>\n\t\t\t\t\n\t\t\t<\/div>\n\t\t<\/div>\t\t\n\t<\/div>\n<\/div><\/div><div class=\"lazyblock-interior-content-QViue wp-block-lazyblock-interior-content\"><div class=\"spacer\"><\/div>\n\n<div class=\"section\">\n\t<div class=\"paddedWrapper\">\n\t\t<div class=\"wrapper flex gutenberg\" style=\"justify-content: center;\">\n\n\t\t\t\n\t\t\t<div class=\"smallWrapper gutenberg\">\n\t\t\t\n\t\t\t\t<div class=\"h3\">Cuenta corriente gratuita en Massachusetts y Rhode Island, desp\u00eddete de las comisiones. Sin cuotas mensuales de servicio. Sin comisiones por transacci\u00f3n.  <\/div>\n\t\t\t  \n\t\t\t  \t<hr style=\"margin-bottom: 5rem;\">\n\t\t\t\t\n\t\t\t\t\n\n<p>Abre tu cuenta corriente GRATUITA <a href=\"https:\/\/apply.baycoast.bank\/apply.aspx?enc=Kw21Wblm1yxpjJabdoZaD8Gt5F8AGMk9HZu4Ma1r7QewstuQif7nTAPMm3uYKgZZHbYxzv1AeuFtgBZYnMq8rA\">por Internet<\/a> o en persona en una de las <a href=\"https:\/\/baycoast.bank\/es\/sucursales\/\">c\u00f3modas sucursales<\/a> de BayCoast Bank en la costa sur de Massachusetts y Rhode Island y disfrutar\u00e1s de:<\/p>\n\n\n\n<div class=\"wp-block-stackable-button-group stk-block-button-group stk-block stk-9905ddc\" data-block-id=\"9905ddc\"><style>.stk-9905ddc .stk-button-group{flex-direction:row !important;}.stk-9905ddc {margin-bottom:70px !important;top:15px !important;}@media screen and (max-width: 1023px){.stk-9905ddc .stk-button-group{flex-direction:row !important;}}@media screen and (max-width: 767px){.stk-9905ddc .stk-button-group{flex-direction:row !important;}}<\/style><div class=\"stk-row stk-inner-blocks stk-block-content stk-button-group\">\n<div class=\"wp-block-stackable-button stk-block-button stk-block stk-dd07e3f\" data-block-id=\"dd07e3f\"><style>.stk-dd07e3f .stk-button{padding-top:15px !important;padding-right:20px !important;padding-bottom:15px !important;padding-left:20px !important;background:var(--stk-global-color-63884, #fbad18) !important;}.stk-dd07e3f .stk-button__inner-text{font-size:14px !important;color:var(u002du002dstk-global-color-3828, #18428f) !important;font-weight:700 !important;text-transform:uppercase !important;}@media screen and (max-width: 1023px){.stk-dd07e3f .stk-button__inner-text{font-size:14px !important;}}<\/style><a class=\"stk-link stk-button stk--hover-effect-darken\" href=\"https:\/\/apply.baycoast.bank\/apply.aspx?enc=Kw21Wblm1yxpjJabdoZaD8Gt5F8AGMk9HZu4Ma1r7QewstuQif7nTAPMm3uYKgZZHbYxzv1AeuFtgBZYnMq8rA\" target=\"_blank\" rel=\"noreferrer noopener\"><span class=\"has-text-color has-stk-global-color-3828-color stk-button__inner-text\">Abrir cuenta<\/span><\/a><\/div>\n<\/div><\/div>\n\n\n\n<p><strong>\u00a1Consigue una cuenta corriente GRATUITA, segura y flexible del banco en el que conf\u00edan los habitantes del sudeste de Nueva Inglaterra, BayCoast Bank!<\/strong><\/p>\n\n\n\n<ul class=\"wp-block-list\">\n<li>Sin cuotas mensuales de servicio<\/li>\n\n\n\n<li>Sin requisito de saldo m\u00ednimo<\/li>\n\n\n\n<li>Sin comisiones por transacci\u00f3n<\/li>\n\n\n\n<li>Emisi\u00f3n ilimitada de cheques<\/li>\n\n\n\n<li>Paquete de inicio de cheques GRATIS<\/li>\n<\/ul>\n\n\n\n<div class=\"wp-block-stackable-spacer stk-block-spacer stk--no-padding stk-block stk-6be27a1\" data-block-id=\"6be27a1\"><\/div>\n\n\n\n<h4 class=\"wp-block-heading\">\u00bfPor qu\u00e9 la cuenta corriente personal GRATUITA de BayCoast en Rhode Island y Massachusetts es la mejor para ti?<\/h4>\n\n\n\n<p>Con la Cuenta Corriente Personal Gratuita de BayCoast, NO tendr\u00e1s que pagar comisiones mensuales ni requisitos de saldo m\u00ednimo, lo que la convierte en la opci\u00f3n m\u00e1s sencilla y accesible para tus necesidades bancarias. Tanto si acabas de empezar tu andadura financiera como si quieres cambiar de banco, nuestra cuenta corriente gratuita est\u00e1 dise\u00f1ada para ayudarte a gestionar tu dinero con facilidad y flexibilidad. <\/p>\n\n\n\n<p>En BayCoast Bank, nos enorgullecemos de ser el mejor banco comunitario local de<strong> Rhode Island y Massachusetts<\/strong>, comprometidos a ofrecer un servicio personal centrado en los valores locales. Cuando realizas operaciones bancarias con nosotros, est\u00e1s apoyando a un banco que reinvierte en empresas, organizaciones y causas locales. Nuestra Cuenta Corriente Personal Gratuita es un reflejo de esa dedicaci\u00f3n, y te ofrece la libertad de realizar operaciones bancarias sin comisiones ocultas ni condiciones complicadas.  <\/p>\n\n\n\n<p>Experimenta la diferencia que puede marcar un banco comunitario local con la cuenta corriente personal gratuita de BayCoast.<\/p>\n\n\n\n<div class=\"wp-block-stackable-spacer stk-block-spacer stk--no-padding stk-block stk-7eecf16\" data-block-id=\"7eecf16\"><\/div>\n\n\n\n<p>Si a\u00fan no lo has hecho, suscr\u00edbete a la banca online y desc\u00e1rgate nuestra aplicaci\u00f3n de banca m\u00f3vil BayCoast para disfrutar de todas las comodidades de nuestra cuenta corriente GRATUITA mientras te desplazas.  <\/p>\n\n\n\n<div class=\"wp-block-stackable-columns stk-block-columns stk-block stk-92ad3ed\" data-block-id=\"92ad3ed\"><style>.stk-92ad3ed {margin-bottom:73px !important;}<\/style><div class=\"stk-row stk-inner-blocks stk-block-content stk-content-align stk-92ad3ed-column\">\n<div class=\"wp-block-stackable-column stk-block-column stk-column stk-block stk-f2c5f83\" data-v=\"4\" data-block-id=\"f2c5f83\"><style>@media screen and (min-width: 768px){.stk-f2c5f83 {flex:var(--stk-flex-grow, 1) 1 calc(17.8% - var(--stk-column-gap, 0px) * 3 \/ 4 ) !important;}}<\/style><div class=\"stk-column-wrapper stk-block-column__content stk-container stk-f2c5f83-container stk--no-background stk--no-padding\"><div class=\"stk-block-content stk-inner-blocks stk-f2c5f83-inner-blocks\">\n<div class=\"wp-block-stackable-image stk-block-image stk-block stk-1aed8d0\" data-block-id=\"1aed8d0\"><figure><a class=\"stk-link\" href=\"https:\/\/play.google.com\/store\/search?q=baycoast%20bank&amp;c=apps&amp;hl=en_US&amp;gl=US\" target=\"_blank\" rel=\"noopener\"><span class=\"stk-img-wrapper stk-image--shape-stretch\"><img decoding=\"async\" class=\"stk-img wp-image-1159\" src=\"https:\/\/baycoast.bank\/wp-content\/uploads\/2020\/08\/Google-Play-1.png\" width=\"1024\" height=\"303\" alt=\"Bot&#xF3;n Cons&#xED;guelo en Google Play\" srcset=\"https:\/\/baycoast.bank\/wp-content\/uploads\/2020\/08\/Google-Play-1.png 1024w, https:\/\/baycoast.bank\/wp-content\/uploads\/2020\/08\/Google-Play-1-300x89.png 300w, https:\/\/baycoast.bank\/wp-content\/uploads\/2020\/08\/Google-Play-1-768x227.png 768w\" sizes=\"(max-width: 1024px) 100vw, 1024px\" \/><\/span><\/a><\/figure><\/div>\n<\/div><\/div><\/div>\n\n\n\n<div class=\"wp-block-stackable-column stk-block-column stk-column stk-block stk-c2565d8\" data-v=\"4\" data-block-id=\"c2565d8\"><style>@media screen and (min-width: 768px){.stk-c2565d8 {flex:var(--stk-flex-grow, 1) 1 calc(17.8% - var(--stk-column-gap, 0px) * 3 \/ 4 ) !important;}}<\/style><div class=\"stk-column-wrapper stk-block-column__content stk-container stk-c2565d8-container stk--no-background stk--no-padding\"><div class=\"stk-block-content stk-inner-blocks stk-c2565d8-inner-blocks\">\n<div class=\"wp-block-stackable-image stk-block-image stk-block stk-94b2c42\" data-block-id=\"94b2c42\"><figure><a class=\"stk-link\" href=\"https:\/\/apps.apple.com\/us\/app\/baycoast-bank-mobile\/id575675176\" target=\"_blank\" rel=\"noopener\"><span class=\"stk-img-wrapper stk-image--shape-stretch\"><img decoding=\"async\" class=\"stk-img wp-image-1158\" src=\"https:\/\/baycoast.bank\/wp-content\/uploads\/2020\/08\/App-Store-1.png\" width=\"500\" height=\"148\" alt=\"Disponible en el bot&#xF3;n App Store\" srcset=\"https:\/\/baycoast.bank\/wp-content\/uploads\/2020\/08\/App-Store-1.png 500w, https:\/\/baycoast.bank\/wp-content\/uploads\/2020\/08\/App-Store-1-300x89.png 300w\" sizes=\"(max-width: 500px) 100vw, 500px\" \/><\/span><\/a><\/figure><\/div>\n<\/div><\/div><\/div>\n\n\n\n<div class=\"wp-block-stackable-column stk-block-column stk-column stk-block stk-9cd524a\" data-v=\"4\" data-block-id=\"9cd524a\"><style>@media screen and (min-width: 768px){.stk-9cd524a {flex:var(--stk-flex-grow, 1) 1 calc(39.39999999999999% - var(--stk-column-gap, 0px) * 3 \/ 4 ) !important;}}<\/style><div class=\"stk-column-wrapper stk-block-column__content stk-container stk-9cd524a-container stk--no-background stk--no-padding\"><div class=\"stk-block-content stk-inner-blocks stk-9cd524a-inner-blocks\"><\/div><\/div><\/div>\n\n\n\n<div class=\"wp-block-stackable-column stk-block-column stk-column stk-block stk-40c378e\" data-v=\"4\" data-block-id=\"40c378e\"><style>@media screen and (min-width: 768px){.stk-40c378e {flex:var(--stk-flex-grow, 1) 1 calc(25% - var(--stk-column-gap, 0px) * 3 \/ 4 ) !important;}}<\/style><div class=\"stk-column-wrapper stk-block-column__content stk-container stk-40c378e-container stk--no-background stk--no-padding\"><div class=\"stk-block-content stk-inner-blocks stk-40c378e-inner-blocks\"><\/div><\/div><\/div>\n<\/div><\/div>\n\n\n\n<div class=\"wp-block-stackable-heading stk-block-heading stk-block-heading--v2 stk-block stk-16d310f\" id=\"benefits-amp-pricing\" data-block-id=\"16d310f\"><h3 class=\"stk-block-heading__text\">Ventajas y precios<\/h3><\/div>\n\n\n\n<div class=\"wp-block-stackable-tabs stk-block-tabs stk-block stk-6be3a60 stk-block-background\" data-initial-tab=\"1\" data-block-id=\"6be3a60\"><style>.stk-6be3a60 .stk-block-tab-content .stk-block-content .stk-block-column[hidden]{display:none !important;}.stk-6be3a60 {background-color:#00000000 !important;margin-bottom:43px !important;}.stk-6be3a60:before{background-color:#00000000 !important;}<\/style><div class=\"stk-row stk-inner-blocks stk-block-content stk-block-tabs--vertical stk-block-tabs--fade stk-content-align stk-6be3a60-column\">\n<div class=\"wp-block-stackable-tab-labels stk-block-tab-labels stk-block stk-be8abaa is-style-classic\" data-block-id=\"be8abaa\"><style>.stk-be8abaa {--tabs-column-gap:10px !important;--tabs-row-gap:20px !important;overflow:hidden !important;box-shadow:inset -1px 0px 0px 0px #000000ff !important;}.stk-be8abaa .stk-block-tabs__tab{color:var(--stk-global-color-3828, #18428f) !important;background:#ffffff !important;border-style:solid !important;border-color:var(--stk-global-color-3828, #18428f) !important;border-top-width:1px !important;border-right-width:1px !important;border-bottom-width:1px !important;border-left-width:1px !important;}.stk-be8abaa .stk-block-tabs__tab.stk-block-tabs__tab--active .stk-block-tab-labels__text{color:var(--stk-global-color-3828, #18428f) !important;}.stk-be8abaa .stk-block-tab-labels__text{text-shadow:none !important;font-size:16px !important;color:var(--stk-global-color-3828, #18428f) !important;}.stk-be8abaa .stk-block-tabs__tab .stk--inner-svg svg:last-child, .stk-be8abaa .stk-block-tabs__tab .stk--inner-svg svg:last-child :is(g, path, rect, polygon, ellipse){fill:#000000 !important;}.stk-be8abaa .stk-block-tabs__tab.stk-block-tabs__tab--active{background:#ffffff !important;border-color:#000000 !important;border-top-width:1px !important;border-right-width:0px !important;border-bottom-width:1px !important;border-left-width:1px !important;}@media screen and (max-width: 1023px){.stk-be8abaa .stk-block-tab-labels__text{font-size:16px !important;}}<\/style><div class=\"stk-block-tab-labels__wrapper\" role=\"tablist\"><button class=\"stk-block-tabs__tab\" role=\"tab\"><div class=\"stk-block-tab-labels__text\"><span>Cargo mensual por servicio de mantenimiento<\/span><\/div><\/button><button class=\"stk-block-tabs__tab\" role=\"tab\"><div class=\"stk-block-tab-labels__text\"><span>M\u00ednimo para abrir una cuenta<\/span><\/div><\/button><button class=\"stk-block-tabs__tab\" role=\"tab\"><div class=\"stk-block-tab-labels__text\"><span>Tasa de<\/span><\/div><\/button><button class=\"stk-block-tabs__tab\" role=\"tab\"><div class=\"stk-block-tab-labels__text\"><span>Cargo por servicio de cajero autom\u00e1tico<\/span><\/div><\/button><button class=\"stk-block-tabs__tab\" role=\"tab\"><div class=\"stk-block-tab-labels__text\"><span>Check Orders<\/span><\/div><\/button><button class=\"stk-block-tabs__tab\" role=\"tab\"><div class=\"stk-block-tab-labels__text\"><span>Other Features<\/span><\/div><\/button><\/div><\/div>\n\n\n\n<div class=\"wp-block-stackable-tab-content stk-block-tab-content stk-block stk-8af658e\" data-block-id=\"8af658e\"><div class=\"stk-row stk-inner-blocks stk-block-content stk-content-align stk-8af658e-column\">\n<div class=\"wp-block-stackable-column stk-block-column stk-column stk-block stk-db27724\" data-v=\"4\" role=\"tabpanel\" data-block-id=\"db27724\"><div class=\"stk-column-wrapper stk-block-column__content stk-container stk-db27724-container stk--no-background stk--no-padding\"><div class=\"stk-block-content stk-inner-blocks stk-db27724-inner-blocks\">\n<div class=\"wp-block-stackable-text stk-block-text stk-block stk-491991b\" id=\"none\" data-block-id=\"491991b\"><p class=\"stk-block-text__text\">Ninguno<\/p><\/div>\n<\/div><\/div><\/div>\n\n\n\n<div class=\"wp-block-stackable-column stk-block-column stk-column stk-block stk-8e141b3\" data-v=\"4\" role=\"tabpanel\" data-block-id=\"8e141b3\"><div class=\"stk-column-wrapper stk-block-column__content stk-container stk-8e141b3-container stk--no-background stk--no-padding\"><div class=\"stk-block-content stk-inner-blocks stk-8e141b3-inner-blocks\">\n<div class=\"wp-block-stackable-text stk-block-text stk-block stk-4ec0426\" data-block-id=\"4ec0426\"><p class=\"stk-block-text__text\">Se requiere un dep\u00f3sito de 10,00 $ para abrir esta cuenta. (1)<\/p><\/div>\n<\/div><\/div><\/div>\n\n\n\n<div class=\"wp-block-stackable-column stk-block-column stk-column stk-block stk-6c22b73\" data-v=\"4\" role=\"tabpanel\" data-block-id=\"6c22b73\"><div class=\"stk-column-wrapper stk-block-column__content stk-container stk-6c22b73-container stk--no-background stk--no-padding\"><div class=\"stk-block-content stk-inner-blocks stk-6c22b73-inner-blocks\">\n<div class=\"wp-block-stackable-text stk-block-text stk-block stk-455bf32\" data-block-id=\"455bf32\"><p class=\"stk-block-text__text\">Esta cuenta no devenga intereses.<\/p><\/div>\n<\/div><\/div><\/div>\n\n\n\n<div class=\"wp-block-stackable-column stk-block-column stk-column stk-block stk-f186c22\" data-v=\"4\" role=\"tabpanel\" data-block-id=\"f186c22\"><div class=\"stk-column-wrapper stk-block-column__content stk-container stk-f186c22-container stk--no-background stk--no-padding\"><div class=\"stk-block-content stk-inner-blocks stk-f186c22-inner-blocks\">\n<div class=\"wp-block-stackable-text stk-block-text stk-block stk-9004c44\" data-block-id=\"9004c44\"><p class=\"stk-block-text__text\">Los cajeros autom\u00e1ticos de BayCoast Bank est\u00e1n exentos de todos los cargos por servicio. Otras instituciones financieras pueden incurrir en una comisi\u00f3n por cajero autom\u00e1tico.  (3)<\/p><\/div>\n<\/div><\/div><\/div>\n\n\n\n<div class=\"wp-block-stackable-column stk-block-column stk-column stk-block stk-591cdc0\" data-v=\"4\" role=\"tabpanel\" data-block-id=\"591cdc0\"><div class=\"stk-column-wrapper stk-block-column__content stk-container stk-591cdc0-container stk--no-background stk--no-padding\"><div class=\"stk-block-content stk-inner-blocks stk-591cdc0-inner-blocks\">\n<div class=\"wp-block-stackable-text stk-block-text stk-block stk-e8187a8\" data-block-id=\"e8187a8\"><p class=\"stk-block-text__text\">Paquete de inicio de cheques GRATIS (2)<\/p><\/div>\n<\/div><\/div><\/div>\n\n\n\n<div class=\"wp-block-stackable-column stk-block-column stk-column stk-block stk-a61ae46\" data-v=\"4\" role=\"tabpanel\" data-block-id=\"a61ae46\"><div class=\"stk-column-wrapper stk-block-column__content stk-container stk-a61ae46-container stk--no-background stk--no-padding\"><div class=\"stk-block-content stk-inner-blocks stk-a61ae46-inner-blocks\">\n<div class=\"wp-block-stackable-text stk-block-text stk-block stk-949dbfc\" data-block-id=\"949dbfc\"><p class=\"stk-block-text__text\">No se cobran comisiones por los cheques emitidos con cargo a esta cuenta.<\/p><\/div>\n<\/div><\/div><\/div>\n<\/div><\/div>\n<\/div><\/div>\n\n\n\n<p class=\"has-small-font-size\"><em>Miembro FDIC. Miembro DIF. (1) Se cobrar\u00e1 una comisi\u00f3n por cierre anticipado de 25,00 $ si esta cuenta se cierra en los seis (6) meses siguientes a su apertura. (2) Un paquete inicial gratuito incluye 40 cheques. Las comisiones por pedidos de cheques adicionales variar\u00e1n en funci\u00f3n del n\u00famero y el estilo de los cheques seleccionados.     (3). Consulta la informaci\u00f3n sobre Comisiones y Cargos Diversos para conocer las comisiones adicionales que pueden aplicarse, incluidos, entre otros, los cargos por servicio de cajero autom\u00e1tico y los cargos por fondos insuficientes.<\/em><\/p>\n\n\n\n<div class=\"wp-block-stackable-spacer stk-block-spacer stk--no-padding stk-block stk-6d50f94\" data-block-id=\"6d50f94\"><\/div>\n\n\n\t\t\t<\/div>\n\n\t\t<\/div>\n\t<\/div>\n<\/div> <\/div><div class=\"lazyblock-looking-for-more-QrDJK wp-block-lazyblock-looking-for-more\"><div class=\"spacer\"><\/div>\n\n<div class=\"section\">\n\t<div class=\"paddedWrapper\">\n\t\t<div class=\"wrapper\">\n\t\t\t<div class=\"mediumWrapper\">\n\n\t\t\t\t<div class=\"lookingForMore\">\n\t\t\t\t\t<h4 class=\"blue h3 hide\">\u00bfbuscas algo m\u00e1s?<\/h4><!--\n\t\t\t\t\t--><div class=\"moreLinkList\">\n\t\t\t\t\t\t\t\t\t\t\t\t\t<a href=\"\"><div class=\"moreBtn hide\">Comprobaci\u00f3n activa  <span class=\"primaryColor\">+<\/span> <div class=\"backing\"><\/div><\/div><\/a>\n        \t\t\t\t\t\t\t\t\t\t\t<a href=\"\"><div class=\"moreBtn hide\">Cuenta de cheques Directa (Direct Checking) <span class=\"primaryColor\">+<\/span> <div class=\"backing\"><\/div><\/div><\/a>\n        \t\t\t\t\t\t\t\t\t\t\t<a href=\"\"><div class=\"moreBtn hide\">Cuenta de cheques Preferida (Preferred Checking) <span class=\"primaryColor\">+<\/span> <div class=\"backing\"><\/div><\/div><\/a>\n        \t\t\t\t\t\t\t\t\t\t\t<a href=\"\"><div class=\"moreBtn hide\">Comprobaci\u00f3n de estudiantes <span class=\"primaryColor\">+<\/span> <div class=\"backing\"><\/div><\/div><\/a>\n        \t\t\t\t\t\t\t\t\t\t\t<a href=\"\"><div class=\"moreBtn hide\">Cuenta de cheques para Personas Mayores (Senior Checking) <span class=\"primaryColor\">+<\/span> <div class=\"backing\"><\/div><\/div><\/a>\n        \t\t\t\t\t\t\t\t\t\t\t<a href=\"\"><div class=\"moreBtn hide\">Compara cuentas <span class=\"primaryColor\">+<\/span> <div class=\"backing\"><\/div><\/div><\/a>\n        \t\t\t\t\t\t\t\t\t\t\t<a href=\"\"><div class=\"moreBtn hide\">Cuenta de ahorros personales <span class=\"primaryColor\">+<\/span> <div class=\"backing\"><\/div><\/div><\/a>\n        \t\t\t\t\t\t\t\t\t<\/div>\n\t\t\t\t<\/div>\n\n\t\t\t<\/div>\n\t\t<\/div>\n\t<\/div>\n<\/div> <\/div>","protected":false},"excerpt":{"rendered":"","protected":false},"author":20,"featured_media":12156,"parent":10932,"menu_order":21,"comment_status":"closed","ping_status":"closed","template":"","meta":{"_acf_changed":false,"inline_featured_image":false,"footnotes":""},"class_list":["post-13195","page","type-page","status-publish","has-post-thumbnail","hentry"],"acf":[],"featured_image_urls_v2":{"full":["https:\/\/baycoast.bank\/wp-content\/uploads\/2024\/09\/6.jpg",1573,920,false],"thumbnail":["https:\/\/baycoast.bank\/wp-content\/uploads\/2024\/09\/6-150x150.jpg",150,150,true],"medium":["https:\/\/baycoast.bank\/wp-content\/uploads\/2024\/09\/6-300x175.jpg",300,175,true],"medium_large":["https:\/\/baycoast.bank\/wp-content\/uploads\/2024\/09\/6-768x449.jpg",768,449,true],"large":["https:\/\/baycoast.bank\/wp-content\/uploads\/2024\/09\/6-1024x599.jpg",1024,599,true],"1536x1536":["https:\/\/baycoast.bank\/wp-content\/uploads\/2024\/09\/6-1536x898.jpg",1536,898,true],"2048x2048":["https:\/\/baycoast.bank\/wp-content\/uploads\/2024\/09\/6.jpg",1573,920,false]},"post_excerpt_stackable_v2":"<p>Abrir una cuenta corriente gratuita Abre una cuenta + Cuenta corriente gratuita en Massachusetts y Rhode Island, desp\u00eddete de las comisiones. Sin cuotas mensuales de servicio. Sin comisiones por transacci\u00f3n. Abre tu cuenta corriente GRATUITA por Internet o en persona en una de las c\u00f3modas sucursales de BayCoast Bank en la costa sur de Massachusetts y Rhode Island y disfrutar\u00e1s de: Abrir cuenta \u00a1Consigue una cuenta corriente GRATUITA, segura y flexible del banco en el que conf\u00edan los habitantes del sudeste de Nueva Inglaterra, BayCoast Bank! Sin cuotas mensuales de servicio Sin requisito de saldo m\u00ednimo Sin comisiones por transacci\u00f3n&hellip;<\/p>\n","category_list_v2":"","author_info_v2":{"name":"kcaisse","url":"https:\/\/baycoast.bank\/es\/author\/kcaisse\/"},"comments_num_v2":"0 comentarios","publishpress_future_action":{"enabled":false,"date":"2026-05-08 20:03:38","action":"change-status","newStatus":"draft","terms":[],"taxonomy":"translation_priority","extraData":[]},"publishpress_future_workflow_manual_trigger":{"enabledWorkflows":[]},"_links":{"self":[{"href":"https:\/\/baycoast.bank\/es\/wp-json\/wp\/v2\/pages\/13195","targetHints":{"allow":["GET"]}}],"collection":[{"href":"https:\/\/baycoast.bank\/es\/wp-json\/wp\/v2\/pages"}],"about":[{"href":"https:\/\/baycoast.bank\/es\/wp-json\/wp\/v2\/types\/page"}],"author":[{"embeddable":true,"href":"https:\/\/baycoast.bank\/es\/wp-json\/wp\/v2\/users\/20"}],"replies":[{"embeddable":true,"href":"https:\/\/baycoast.bank\/es\/wp-json\/wp\/v2\/comments?post=13195"}],"version-history":[{"count":0,"href":"https:\/\/baycoast.bank\/es\/wp-json\/wp\/v2\/pages\/13195\/revisions"}],"up":[{"embeddable":true,"href":"https:\/\/baycoast.bank\/es\/wp-json\/wp\/v2\/pages\/10932"}],"wp:featuredmedia":[{"embeddable":true,"href":"https:\/\/baycoast.bank\/es\/wp-json\/wp\/v2\/media\/12156"}],"wp:attachment":[{"href":"https:\/\/baycoast.bank\/es\/wp-json\/wp\/v2\/media?parent=13195"}],"curies":[{"name":"wp","href":"https:\/\/api.w.org\/{rel}","templated":true}]}}