{"id":7056,"date":"2020-06-29T16:18:56","date_gmt":"2020-06-29T20:18:56","guid":{"rendered":"https:\/\/baycoast.bank\/acerca-de-nosotros\/"},"modified":"2024-07-24T14:45:25","modified_gmt":"2024-07-24T18:45:25","slug":"acerca-de-nosotros","status":"publish","type":"page","link":"https:\/\/baycoast.bank\/es\/acerca-de-nosotros\/","title":{"rendered":"Acerca de nosotros"},"content":{"rendered":"<div class=\"lazyblock-interior-hero-Z2wXRzb wp-block-lazyblock-interior-hero\">\n<div class=\"section hero\">\n\t<div class=\"backing parallaxContainer\">\n\t\t<div class=\"backing\" style=\"background-image: url(https:\/\/baycoast.bank\/wp-content\/uploads\/2021\/12\/about-us-hero.png\" role=\"img\" aria-label=\"Hero Image\"><\/div>\n\t<\/div>\n\n\t<div class=\"heroContent\">\n\t\t<div class=\"plusPlus blue\" ><\/div>\n\t\t\n\t\t<div class=\"heroWrapper\">\n\t\t\t<div class=\"heroBlock bgWhite\">\n\t\t\t\t\n\t\t\t\t<div class=\"heroBlockHeadline\">\n\n\t\t\t\t\t\t\t\t\t\t\n\t\t\t\t\t<h1 class=\"blue\">Acerca de nosotros<\/h1>\n\t\t\t\t<\/div>\n\t\t\t<\/div>\n\t\t\t    \t\n\t\t\t\n\t\t<\/div>\n\t<\/div>\n<\/div> \n\n<div class=\"spacer\"><\/div><\/div><div class=\"lazyblock-interior-content-ZIT0va wp-block-lazyblock-interior-content\"><div class=\"spacer\"><\/div>\n\n<div class=\"section\">\n\t<div class=\"paddedWrapper\">\n\t\t<div class=\"wrapper flex gutenberg\" style=\"justify-content: center;\">\n\n\t\t\t\n\t\t\t<div class=\"smallWrapper gutenberg\">\n\t\t\t\n\t\t\t\t<div class=\"h3\">En BayCoast Bank, nos enorgullece prestar servicios a las personas y empresas de Massachusetts y Rhode Island. <\/div>\n\t\t\t  \n\t\t\t  \t<hr style=\"margin-bottom: 5rem;\">\n\t\t\t\t\n\t\t\t\t\n\n<p>BayCoast respalda la convicci\u00f3n tradicional de participar en la comunidad y proporciona un amplio rango de servicios financieros. Somos tus amigos y vecinos, dedicados a brindar apoyo a las comunidades donde vivimos y trabajamos. Ofrecemos una amplia selecci\u00f3n de soluciones financieras que se ajustan a tu estilo de vida. Despu\u00e9s de todo, t\u00fa tienes metas financieras y nosotros estamos aqu\u00ed para ayudarte a que las alcances. <\/p>\n\n\n\n<div style=\"height:20px\" aria-hidden=\"true\" class=\"wp-block-spacer\"><\/div>\n\n\n\n<h3 class=\"wp-block-heading\">Nuestra historia<\/h3>\n\n\n\n<div class=\"wp-block-columns is-layout-flex wp-container-core-columns-is-layout-9d6595d7 wp-block-columns-is-layout-flex\">\n<div class=\"wp-block-column is-layout-flow wp-block-column-is-layout-flow\">\n<p>BayCoast Bank es un banco comunitario de larga trayectoria hist\u00f3rica, ya que atiende a clientes desde 1851. Establecido originalmente en Tiverton, Rhode Island, el BayCoast Bank empez\u00f3 simplemente como <em>The Savings Bank<\/em>, abriendo sus puertas el 1 de diciembre de ese mismo a\u00f1o. En 1862, el desplazamiento de una frontera estatal dej\u00f3 a<em> The Savings Bank <\/em>del lado de Massachusetts, haciendo que la ciudad de Fall River fuera su sede durante m\u00e1s de un siglo, antes de reubicar sus oficinas matrices a Swansea en 2011.<\/p>\n\n\n\n<p>Nos sentimos incre\u00edblemente honrados por nuestras d\u00e9cadas de tradici\u00f3n de servicios financieros en nuestra \u00e1rea. Hoy, este compromiso es m\u00e1s fuerte que nunca y es nuestro privilegio continuar brind\u00e1ndote un servicio excepcional, como hicimos con tus padres, abuelos y bisabuelos.<\/p>\n<\/div>\n\n\n\n<div class=\"wp-block-column is-layout-flow wp-block-column-is-layout-flow\">\n<div style=\"height:20px\" aria-hidden=\"true\" class=\"wp-block-spacer\"><\/div>\n\n\n\n<figure class=\"wp-block-image size-full\"><img decoding=\"async\" width=\"750\" height=\"750\" src=\"https:\/\/baycoast.bank\/wp-content\/uploads\/2021\/12\/170-years-circle.png\" alt=\"\" class=\"wp-image-4016\" srcset=\"https:\/\/baycoast.bank\/wp-content\/uploads\/2021\/12\/170-years-circle.png 750w, https:\/\/baycoast.bank\/wp-content\/uploads\/2021\/12\/170-years-circle-300x300.png 300w, https:\/\/baycoast.bank\/wp-content\/uploads\/2021\/12\/170-years-circle-150x150.png 150w\" sizes=\"(max-width: 750px) 100vw, 750px\" \/><\/figure>\n<\/div>\n<\/div>\n\n\n\n<h3 class=\"wp-block-heading\">Nuestra misi\u00f3n<\/h3>\n\n\n\n<p>En BayCoast Bank somos una comunidad de gente que ayuda a la gente. Nuestra misi\u00f3n es brindar servicio excepcional y soluciones a nuestra comunidad.<\/p>\n\n\n\n<div style=\"height:20px\" aria-hidden=\"true\" class=\"wp-block-spacer\"><\/div>\n\n\n\n<h3 class=\"wp-block-heading\">Nuestro credo<\/h3>\n\n\n\n<p>En nuestro trabajo contamos con un fuerte conjunto de convicciones que nos gu\u00eda d\u00eda con d\u00eda. Aqu\u00ed en BayCoast Bank, brindar un excepcional servicio al cliente empieza con cuatro convicciones b\u00e1sicas. Como empleado de BayCoast, har\u00e9 lo siguiente:<\/p>\n\n\n\n<ul class=\"wp-block-list\">\n<li>Me sentir\u00e9 orgulloso de lo que hago.<\/li>\n\n\n\n<li>Creer\u00e9 que lo que hago es importante.<\/li>\n\n\n\n<li>Me preocupar\u00e9 por la gente.<\/li>\n\n\n\n<li>Tendr\u00e9 una actitud positiva.<\/li>\n<\/ul>\n\n\n\n<div style=\"height:40px\" aria-hidden=\"true\" class=\"wp-block-spacer\"><\/div>\n\n\n\n<hr class=\"wp-block-separator has-text-color has-css-opacity has-background is-style-wide\" style=\"background-color:#fbad18;color:#fbad18\"\/>\n\n\n\n<div style=\"height:20px\" aria-hidden=\"true\" class=\"wp-block-spacer\"><\/div>\n\n\n\n<h3 class=\"wp-block-heading\"><strong>Nuestros servicios<\/strong><\/h3>\n\n\n\n<p>Ya sea que necesites abrir una cuenta de cheques o de ahorros, obtener un Certificado de Dep\u00f3sito (CD) o solicitar un pr\u00e9stamo automotriz, estamos aqu\u00ed para brindarte las soluciones que necesitas. <\/p>\n\n\n\n<div style=\"height:10px\" aria-hidden=\"true\" class=\"wp-block-spacer\"><\/div>\n\n\n\n<p class=\"has-stk-global-color-3828-color has-text-color\" style=\"font-size:18px\"><strong>Las soluciones bancarias personales incluyen:<\/strong><\/p>\n\n\n\n<ul class=\"wp-block-list\">\n<li><a href=\"https:\/\/baycoast.bank\/es\/personal\/cuenta-de-cheques-personal-personal-checking\/\">Cuentas de cheques<\/a><\/li>\n\n\n\n<li><a href=\"https:\/\/baycoast.bank\/es\/personal\/cuentas-de-ahorros\/\">Cuentas de ahorros<\/a><\/li>\n\n\n\n<li><a href=\"https:\/\/baycoast.bank\/es\/personal\/prestamos\/\">autom\u00f3viles<\/a><\/li>\n\n\n\n<li><a href=\"https:\/\/baycoast.bank\/es\/personal\/inversiones\/\">Inversiones<\/a><\/li>\n\n\n\n<li><a href=\"https:\/\/baycoast.bank\/es\/banca-en-linea\/\">Banca en l\u00ednea<\/a><\/li>\n\n\n\n<li><a href=\"https:\/\/baycoast.bank\/es\/otros-servicios\/\">Servicios adicionales<\/a><\/li>\n<\/ul>\n\n\n\n<p class=\"has-stk-global-color-3828-color has-text-color\" style=\"font-size:18px\"><strong>Las soluciones bancarias para negocios incluyen:<\/strong><\/p>\n\n\n\n<ul class=\"wp-block-list\">\n<li><a href=\"https:\/\/baycoast.bank\/es\/empresas\/cuenta-de-cheques-para-empresas-business-checking\/\">Cuentas de cheques<\/a><\/li>\n\n\n\n<li><a href=\"https:\/\/baycoast.bank\/es\/empresas\/cuentas-de-ahorros\/\">Cuentas de ahorros<\/a><\/li>\n\n\n\n<li><a href=\"https:\/\/baycoast.bank\/es\/empresas\/prestamos\/\">Pr\u00e9stamos<\/a><\/li>\n\n\n\n<li><a href=\"https:\/\/baycoast.bank\/es\/empresas\/servicios\/\">Servicios adicionales<\/a><\/li>\n<\/ul>\n\n\n\n<hr class=\"wp-block-separator has-text-color has-css-opacity has-background is-style-wide\" style=\"background-color:#fbad18;color:#fbad18\"\/>\n\n\n\n<h3 class=\"wp-block-heading\"><strong>Reporte anual de 2023<\/strong><\/h3>\n\n\n\n<div class=\"wp-block-stackable-spacer stk-block-spacer stk--no-padding stk-block stk-92669ca\" data-block-id=\"92669ca\"><style>.stk-92669ca{height:25px !important}<\/style><\/div>\n\n\n\n<div style=\"position:relative;padding-top:max(60%,326px);height:0;width:100%\"><iframe allow=\"clipboard-write\" sandbox=\"allow-top-navigation allow-top-navigation-by-user-activation allow-downloads allow-scripts allow-same-origin allow-popups allow-modals allow-popups-to-escape-sandbox allow-forms\" allowfullscreen=\"true\" style=\"position:absolute;border:none;width:100%;height:100%;left:0;right:0;top:0;bottom:0;\" src=\"https:\/\/e.issuu.com\/embed.html?backgroundColor=%23ffffff&#038;backgroundColorFullscreen=%23ffffff&#038;d=2023_annualreport_with_financials_1_&#038;hideIssuuLogo=true&#038;logoImageUrl=https%3A%2F%2Fbaycoast.bank%2Fwp-content%2Fuploads%2F2022%2F12%2FBayCoast-Bank-Logo_Full-Color.png&#038;u=baycoastbank\"><\/iframe><\/div>\n\n\n\n<hr class=\"wp-block-separator has-text-color has-css-opacity has-background is-style-wide\" style=\"background-color:#fbad18;color:#fbad18\"\/>\n\n\n\n<div style=\"height:40px\" aria-hidden=\"true\" class=\"wp-block-spacer\"><\/div>\n\n\n\n<h3 class=\"wp-block-heading\">Nuestra familia de servicios<\/h3>\n\n\n\n<p>Aqu\u00ed en BayCoast, no somos \u00fanicamente un banco. Somos una familia y queremos ayudarte a que comprendas cabalmente tu panorama financiero. A trav\u00e9s de nuestra familia de servicios BayCoast, podemos ayudarte a que administres todas tus necesidades financieras a medida que trabajas para mejorar tu bienestar financiero. Esto incluye servicios de inversiones y jubilaci\u00f3n, cobertura de seguros y mucho m\u00e1s.<\/p>\n\n\n\n<div style=\"height:20px\" aria-hidden=\"true\" class=\"wp-block-spacer\"><\/div>\n\n\n\t\t\t<\/div>\n\n\t\t<\/div>\n\t<\/div>\n<\/div> <\/div><div class=\"lazyblock-left-image-right-text-2tN2N9 wp-block-lazyblock-left-image-right-text\"><div class=\"spacer\"><\/div>\n\n<div class=\"section overlap-section\">\n\t<div class=\"wrapper\">\n\t\t\n\t\t<div class=\"absoluteRight overlapContent bgWhite\">\n\t\t\t<div class=\"flex hide\">\n\t\t\t\t<div class=\"line\"><\/div>\n\t\t\t\t<div class=\"h6 blue\">Banca<\/div>\n\t\t\t<\/div>\n\t\t\t\n\t\t\t<div class=\"hide\">\n\t\t\t\t  \n\t\t\t    \t<div class=\"h3 blue\">BayCoast Bank<\/div>\n\t\t\t  \t\t\t\t  \n\t\t\t  \t\n\n<p>Establecido en 1851, BayCoast Bank es un banco comunitario, que sirve a la gente y los negocios de la Costa Sur de Massachusetts y Rhode Island. Ofrecemos soluciones bancarias que son las ideales (Just Right\u00ae) para tu intenso estilo de vida.<\/p>\n\n\t\t\t<\/div>\n\t\t\t\n\t\t\t\t\t<\/div>\n\t\n\t\t<div class=\"visual hide\" style=\"width: 60%;\">\n\t\t\t<div class=\"plusBackground plusDesign plusRight\" style=\"bottom: -90px; top: auto;\"><\/div>\n\t\t\t<div class=\"backing\" style=\"background-image: url(https:\/\/baycoast.bank\/wp-content\/uploads\/2021\/04\/iStock-1257805716-min-e1618505502752.jpg);\" role=\"img\" aria-label=\"BayCoast Bank\"><\/div>\n\t\t<\/div>\n\n\t<\/div>\n<\/div><\/div><div class=\"lazyblock-right-image-left-text-2bEsu5 wp-block-lazyblock-right-image-left-text\"><div class=\"spacer\"><\/div>\n\n<div class=\"section overlap-section\">\n\t<div class=\"wrapper\">\n\t\t\n\t\t<div class=\"absoluteLeft overlapContent bgWhite\">\n\t\t\t<div class=\"flex hide\">\n\t\t\t\t<div class=\"line\"><\/div>\n\t\t\t\t<div class=\"h6 blue\">Hipotecas<\/div>\n\t\t\t<\/div>\n\t\t\t\n\t\t\t  \n\t\t\t    <div class=\"h3 blue\">BayCoast Mortgage Company<\/div>\n\t\t\t\t\t\t  \n\t\t\t\n\n<p>Cuando necesites soluciones hipotecarias de calidad, cuenta con BayCoast Mortgage Company. Somos una compa\u00f1\u00eda prestamista de servicios completos, que brinda las mejores soluciones de la industria para la compra, refinanciamiento, renovaciones y pr\u00e9stamos de construcci\u00f3n residenciales. Tenemos la flexibilidad de ofrecer servicio y productos superiores, haciendo que el proceso sea f\u00e1cil y conveniente.<\/p>\n\n\t\t\t  \n\t\t\t\t\t\t\t<a href=\"https:\/\/www.baycoastmortgage.com\/\" target=\"_blank\" rel=\"noopener\"><div class=\"btn blue hide\" role=\"button\" tabindex=\"0\">Visita BayCoast Mortgage <span class=\"primaryColor\">+<\/span> <div class=\"backing\"><\/div><\/div><\/a>\n\t\t\t\t\t<\/div>\n\t\n\t\t<div class=\"visual marginRight hide\" style=\"width: 60%;\">\n\t\t\t<div class=\"plusBackground plusDesign plusRight\" style=\"bottom: -90px; top: auto;\"><\/div>\n\t\t\t<div class=\"backing\" style=\"background-image: url(https:\/\/baycoast.bank\/wp-content\/uploads\/2021\/04\/iStock-1256023753-min.jpg);\" role=\"img\" aria-label=\"BayCoast Mortgage Company\" role=\"img\" aria-label=\"BayCoast Mortgage Company image\"><\/div>\n\t\t<\/div>\n\n\t<\/div>\n<\/div><\/div><div class=\"lazyblock-left-image-right-text-Z1uiqVq wp-block-lazyblock-left-image-right-text\"><div class=\"spacer\"><\/div>\n\n<div class=\"section overlap-section\">\n\t<div class=\"wrapper\">\n\t\t\n\t\t<div class=\"absoluteRight overlapContent bgWhite\">\n\t\t\t<div class=\"flex hide\">\n\t\t\t\t<div class=\"line\"><\/div>\n\t\t\t\t<div class=\"h6 blue\">Inversiones<\/div>\n\t\t\t<\/div>\n\t\t\t\n\t\t\t<div class=\"hide\">\n\t\t\t\t  \n\t\t\t    \t<div class=\"h3 blue\">Plimoth Investment Advisors<\/div>\n\t\t\t  \t\t\t\t  \n\t\t\t  \t\n\n<p>Plimoth Investment Advisors cuenta con una larga y exitosa historia de administracion de carteras tanto para clientes privados como institucionales. Nos concentramos en crear una experiencia personalizada y \u00fanica para cada uno de nuestros clientes, ayud\u00e1ndote a desarrollar un plan de inversiones que se adapte a tus metas financieras espec\u00edficas.<\/p>\n\n\t\t\t<\/div>\n\t\t\t\n\t\t\t\t\t\t  \t<a href=\"https:\/\/www.plimothinvestmentadvisors.com\/\" target=\"_blank\" rel=\"noopener\"><div class=\"btn blue hide\" role=\"button\" tabindex=\"0\">Visita Plimoth Investments <span class=\"primaryColor\">+<\/span> <div class=\"backing\"><\/div><\/div><\/a>\n\t\t\t\t\t<\/div>\n\t\n\t\t<div class=\"visual hide\" style=\"width: 60%;\">\n\t\t\t<div class=\"plusBackground plusDesign plusRight\" style=\"bottom: -90px; top: auto;\"><\/div>\n\t\t\t<div class=\"backing\" style=\"background-image: url(https:\/\/baycoast.bank\/wp-content\/uploads\/2021\/04\/iStock-881635134-min.jpg);\" role=\"img\" aria-label=\"Plimoth Investment Advisors\"><\/div>\n\t\t<\/div>\n\n\t<\/div>\n<\/div><\/div><div class=\"lazyblock-right-image-left-text-1pMtNd wp-block-lazyblock-right-image-left-text\"><div class=\"spacer\"><\/div>\n\n<div class=\"section overlap-section\">\n\t<div class=\"wrapper\">\n\t\t\n\t\t<div class=\"absoluteLeft overlapContent bgWhite\">\n\t\t\t<div class=\"flex hide\">\n\t\t\t\t<div class=\"line\"><\/div>\n\t\t\t\t<div class=\"h6 blue\">Seguros<\/div>\n\t\t\t<\/div>\n\t\t\t\n\t\t\t  \n\t\t\t    <div class=\"h3 blue\">BayCoast Insurance <\/div>\n\t\t\t\t\t\t  \n\t\t\t\n\n<p>La cobertura de seguros no es de talla \u00fanica. En BayCoast Insurance nos asociamos contigo para dise\u00f1ar una cobertura que se ajuste a tus necesidades individuales con el mejor costo posible. Como agencia de seguros local, no trabajamos para las compa\u00f1\u00edas de seguro. Trabajamos para ti.<\/p>\n\n\t\t\t  \n\t\t\t\t\t\t\t<a href=\"https:\/\/www.baycoastinsurance.com\/\" target=\"_blank\" rel=\"noopener\"><div class=\"btn blue hide\" role=\"button\" tabindex=\"0\">Visita BayCoast Insurance <span class=\"primaryColor\">+<\/span> <div class=\"backing\"><\/div><\/div><\/a>\n\t\t\t\t\t<\/div>\n\t\n\t\t<div class=\"visual marginRight hide\" style=\"width: 60%;\">\n\t\t\t<div class=\"plusBackground plusDesign plusRight\" style=\"bottom: -90px; top: auto;\"><\/div>\n\t\t\t<div class=\"backing\" style=\"background-image: url(https:\/\/baycoast.bank\/wp-content\/uploads\/2021\/12\/Homepage-Slider-Auto-Insurance.jpg);\" role=\"img\" aria-label=\"BayCoast Insurance \" role=\"img\" aria-label=\"BayCoast Insurance  image\"><\/div>\n\t\t<\/div>\n\n\t<\/div>\n<\/div><\/div><div class=\"lazyblock-interior-content-Z1kG7s4 wp-block-lazyblock-interior-content\"><div class=\"spacer\"><\/div>\n\n<div class=\"section\">\n\t<div class=\"paddedWrapper\">\n\t\t<div class=\"wrapper flex gutenberg\" style=\"justify-content: center;\">\n\n\t\t\t\n\t\t\t<div class=\"smallWrapper gutenberg\">\n\t\t\t\n\t\t\t\t<div class=\"h3\"><\/div>\n\t\t\t  \n\t\t\t  \t<hr style=\"margin-bottom: 5rem;\">\n\t\t\t\t\n\t\t\t\t\n\n<h4 class=\"wp-block-heading\">Nuestros recursos<\/h4>\n\n\n\n<p>En BayCoast Bank, sabemos que tienes preguntas sobre una amplia variedad de temas relacionados con el mundo de las finanzas. Nos enorgullece poder ofrecer informaci\u00f3n adicional que pueda ayudarte a ti y a tu familia. Desde programas de educaci\u00f3n financiera hasta consejos sobre seguridad en Internet, alertas de fraude y m\u00e1s, los recursos est\u00e1n aqu\u00ed, todos al alcance de tus manos. Haz clic a continuaci\u00f3n para lo siguiente:<\/p>\n\n\n\n<ul class=\"wp-block-list\">\n<li><a href=\"https:\/\/baycoast.bank\/security\/\">Centro de Seguridad<\/a><\/li>\n\n\n\n<li><a href=\"https:\/\/baycoast.bank\/es\/recursos\/educacion-financiera-2\/\">Educacion Financiera<\/a><\/li>\n\n\n\n<li><a href=\"https:\/\/baycoast.bank\/es\/recursos\/educacion-financiera-2\/\">Herramientas y Consejos<\/a><\/li>\n<\/ul>\n\n\n\n<div style=\"height:20px\" aria-hidden=\"true\" class=\"wp-block-spacer\"><\/div>\n\n\n\n<h4 class=\"wp-block-heading\">Tu gu\u00eda bancaria<\/h4>\n\n\n\n<p>\u00bfNo est\u00e1s seguro de cu\u00e1les son los servicios que pudieras necesitar? No te preocupes, \u00a1no hay problema! Tenemos un <a href=\"https:\/\/baycoast.bank\/es\/cuestionario\/\">cuestionario especial<\/a>, dise\u00f1ado para ayudarte a conocer los servicios bancarios que pueden resultar mejor para tus necesidades. Basta con que respondas unas pocas preguntas y podremos orientarte para que avances en la direcci\u00f3n correcta.<\/p>\n\n\n\n<div class=\"wp-block-stackable-button-group stk-block-button-group stk-block stk-c2e666f\" data-block-id=\"c2e666f\"><style>.stk-c2e666f{margin-bottom:0px !important}<\/style><div class=\"stk-row stk-inner-blocks stk-block-content stk-button-group\">\n<div class=\"wp-block-stackable-button stk-block-button is-style-ghost stk-block stk-f5713f5\" data-block-id=\"f5713f5\"><style>.stk-f5713f5 .stk-button{padding-top:15px !important;padding-right:20px !important;padding-bottom:15px !important;padding-left:20px !important;background:transparent !important}.stk-f5713f5 .stk-button:hover:after{background:transparent !important;opacity:1 !important}:where(.stk-hover-parent:hover,.stk-hover-parent.stk--is-hovered) .stk-f5713f5 .stk-button:after{background:transparent !important;opacity:1 !important}.stk-f5713f5 .stk-button:before{border-style:solid !important;border-color:#fbad18 !important}.stk-f5713f5 .stk-button__inner-text{font-size:16px !important;color:#18428f !important;font-weight:600 !important}@media screen and (max-width:1023px){.stk-f5713f5 .stk-button__inner-text{font-size:16px !important}}<\/style><a class=\"stk-link stk-button stk--hover-effect-lift-scale\" href=\"https:\/\/baycoast.bank\/es\/cuestionario\/\"><span class=\"has-text-color stk-button__inner-text\">Perm\u00edtenos ayudarte<\/span><\/a><\/div>\n<\/div><\/div>\n\n\n\n<div style=\"height:25px\" aria-hidden=\"true\" class=\"wp-block-spacer\"><\/div>\n\n\n\n<h4 class=\"wp-block-heading\">Servicio al cliente<\/h4>\n\n\n\n<p>\u00bfNecesitas hablar con alguien? \u00a1Estamos para servirte en todo lo que podamos!<\/p>\n\n\n\n<div class=\"wp-block-stackable-button-group stk-block-button-group stk-block stk-ccae43a\" data-block-id=\"ccae43a\"><style>.stk-ccae43a{margin-bottom:0px !important}<\/style><div class=\"stk-row stk-inner-blocks stk-block-content stk-button-group\">\n<div class=\"wp-block-stackable-button stk-block-button is-style-ghost stk-block stk-a1dd013\" data-block-id=\"a1dd013\"><style>.stk-a1dd013 .stk-button{padding-top:15px !important;padding-right:20px !important;padding-bottom:15px !important;padding-left:20px !important;background:transparent !important}.stk-a1dd013 .stk-button:hover:after{background:transparent !important;opacity:1 !important}:where(.stk-hover-parent:hover,.stk-hover-parent.stk--is-hovered) .stk-a1dd013 .stk-button:after{background:transparent !important;opacity:1 !important}.stk-a1dd013 .stk-button:before{border-style:solid !important;border-color:#fbad18 !important}.stk-a1dd013 .stk-button__inner-text{font-size:16px !important;color:#18428f !important;font-weight:600 !important}@media screen and (max-width:1023px){.stk-a1dd013 .stk-button__inner-text{font-size:16px !important}}<\/style><a class=\"stk-link stk-button stk--hover-effect-lift-scale\" href=\"https:\/\/baycoast.bank\/es\/acerca-de-nosotros\/servicio-al-cliente\/\"><span class=\"has-text-color stk-button__inner-text\">Comun\u00edcate con Servicio al Cliente<\/span><\/a><\/div>\n<\/div><\/div>\n\n\n\n<div class=\"wp-block-stackable-spacer stk-block-spacer stk--no-padding stk-block stk-e9acb9a\" data-block-id=\"e9acb9a\"><style>.stk-e9acb9a{height:100px !important}<\/style><\/div>\n\n\n\t\t\t<\/div>\n\n\t\t<\/div>\n\t<\/div>\n<\/div> <\/div>\n<div class=\"wp-block-stackable-text stk-block-text stk-block stk-344ef02\" data-block-id=\"344ef02\"><style>.stk-344ef02{max-width:80% !important;margin-right:auto !important;margin-bottom:0px !important;margin-left:auto !important}.stk-344ef02 .stk-block-text__text{font-size:12px !important}@media screen and (max-width:1023px){.stk-344ef02 .stk-block-text__text{font-size:12px !important}}<\/style><p class=\"stk-block-text__text has-text-align-left\">Los productos y servicios que est\u00e1n disponibles a trav\u00e9s de BayCoast Financial Services, BayCoast Insurance y Plimoth Investment Advisors no est\u00e1n asegurados por la FDIC, DIF ni ninguna otra agencia de Estados Unidos, y no son dep\u00f3sitos u obligaciones ni est\u00e1n garantizados ni asegurados por BayCoast Bank ni ninguno de sus afiliados. Los productos de inversiones est\u00e1n sujetos a riesgo, incluida la posible p\u00e9rdida del capital del monto invertido.<\/p><\/div>\n","protected":false},"excerpt":{"rendered":"<p>Los productos y servicios que est\u00e1n disponibles a trav\u00e9s de BayCoast Financial Services, BayCoast Insurance y Plimoth Investment Advisors no est\u00e1n asegurados por la FDIC, DIF ni ninguna otra agencia de Estados Unidos, y no son dep\u00f3sitos u obligaciones ni est\u00e1n garantizados ni asegurados por BayCoast Bank ni ninguno de sus afiliados. Los productos de [&hellip;]<\/p>\n","protected":false},"author":2,"featured_media":6285,"parent":0,"menu_order":119,"comment_status":"closed","ping_status":"closed","template":"","meta":{"_acf_changed":false,"inline_featured_image":false,"footnotes":""},"class_list":["post-7056","page","type-page","status-publish","has-post-thumbnail","hentry"],"acf":[],"featured_image_urls_v2":{"full":["https:\/\/baycoast.bank\/wp-content\/uploads\/2021\/12\/about-us-hero.png",1920,800,false],"thumbnail":["https:\/\/baycoast.bank\/wp-content\/uploads\/2021\/12\/about-us-hero-150x150.png",150,150,true],"medium":["https:\/\/baycoast.bank\/wp-content\/uploads\/2021\/12\/about-us-hero-300x125.png",300,125,true],"medium_large":["https:\/\/baycoast.bank\/wp-content\/uploads\/2021\/12\/about-us-hero-768x320.png",768,320,true],"large":["https:\/\/baycoast.bank\/wp-content\/uploads\/2021\/12\/about-us-hero-1024x427.png",1024,427,true],"1536x1536":["https:\/\/baycoast.bank\/wp-content\/uploads\/2021\/12\/about-us-hero-1536x640.png",1536,640,true],"2048x2048":["https:\/\/baycoast.bank\/wp-content\/uploads\/2021\/12\/about-us-hero.png",1920,800,false]},"post_excerpt_stackable_v2":"<p>Acerca de nosotros En BayCoast Bank, nos enorgullece prestar servicios a las personas y empresas de Massachusetts y Rhode Island. BayCoast respalda la convicci\u00f3n tradicional de participar en la comunidad y proporciona un amplio rango de servicios financieros. Somos tus amigos y vecinos, dedicados a brindar apoyo a las comunidades donde vivimos y trabajamos. Ofrecemos una amplia selecci\u00f3n de soluciones financieras que se ajustan a tu estilo de vida. Despu\u00e9s de todo, t\u00fa tienes metas financieras y nosotros estamos aqu\u00ed para ayudarte a que las alcances. Nuestra historia BayCoast Bank es un banco comunitario de larga trayectoria hist\u00f3rica, ya que&hellip;<\/p>\n","category_list_v2":"","author_info_v2":{"name":"","url":"https:\/\/baycoast.bank\/es\/author\/"},"comments_num_v2":"0 comentarios","publishpress_future_action":{"enabled":false,"date":"2026-05-02 07:14:17","action":"change-status","newStatus":"draft","terms":[],"taxonomy":"translation_priority","extraData":[]},"publishpress_future_workflow_manual_trigger":{"enabledWorkflows":[]},"_links":{"self":[{"href":"https:\/\/baycoast.bank\/es\/wp-json\/wp\/v2\/pages\/7056","targetHints":{"allow":["GET"]}}],"collection":[{"href":"https:\/\/baycoast.bank\/es\/wp-json\/wp\/v2\/pages"}],"about":[{"href":"https:\/\/baycoast.bank\/es\/wp-json\/wp\/v2\/types\/page"}],"author":[{"embeddable":true,"href":"https:\/\/baycoast.bank\/es\/wp-json\/wp\/v2\/users\/2"}],"replies":[{"embeddable":true,"href":"https:\/\/baycoast.bank\/es\/wp-json\/wp\/v2\/comments?post=7056"}],"version-history":[{"count":0,"href":"https:\/\/baycoast.bank\/es\/wp-json\/wp\/v2\/pages\/7056\/revisions"}],"wp:featuredmedia":[{"embeddable":true,"href":"https:\/\/baycoast.bank\/es\/wp-json\/wp\/v2\/media\/6285"}],"wp:attachment":[{"href":"https:\/\/baycoast.bank\/es\/wp-json\/wp\/v2\/media?parent=7056"}],"curies":[{"name":"wp","href":"https:\/\/api.w.org\/{rel}","templated":true}]}}