{"id":7060,"date":"2020-07-06T16:14:39","date_gmt":"2020-07-06T20:14:39","guid":{"rendered":"https:\/\/baycoast.bank\/negocios\/"},"modified":"2024-03-08T15:26:17","modified_gmt":"2024-03-08T20:26:17","slug":"negocios","status":"publish","type":"page","link":"https:\/\/baycoast.bank\/es\/negocios\/","title":{"rendered":"Negocios"},"content":{"rendered":"<div class=\"lazyblock-no-slug-Z1YKeUc wp-block-lazyblock-no-slug\"><div class=\"section hero mainHero\">\n\t<div id=\"heroFlexslider\" class=\"flexslider heroFlexslider backing\" style=\"z-index: 0;\">\n\t\t<ul class=\"slides backing\">\n\t\t\t\t\t\t\t<li class=\"slide backing\">\n\t\t\t\t\t<div class=\"backing parallaxContainer\">\n\t\t\t\t\t\t<div class=\"backing slideImage\"  style=\"background-image: url(https:\/\/baycoast.bank\/wp-content\/uploads\/2023\/01\/BayCoast-Q1-23-Acquisition-homepage-herobusiness.jpg);\" role=\"img\" aria-label=\"Descubre nuestras tarjetas de cr\u00e9dito para empresas\"><\/div>\n\t\t\t\t\t<\/div>\n\t\t\t\t<\/li>\n\t\t\t\t\t\t\t<li class=\"slide backing\">\n\t\t\t\t\t<div class=\"backing parallaxContainer\">\n\t\t\t\t\t\t<div class=\"backing slideImage\"  style=\"background-image: url(https:\/\/baycoast.bank\/wp-content\/uploads\/2023\/02\/Small-Business-Florist-2.23.jpg);\" role=\"img\" aria-label=\"Haz que tu negocio crezca\"><\/div>\n\t\t\t\t\t<\/div>\n\t\t\t\t<\/li>\n\t\t\t\t\t\t\t<li class=\"slide backing\">\n\t\t\t\t\t<div class=\"backing parallaxContainer\">\n\t\t\t\t\t\t<div class=\"backing slideImage\"  style=\"background-image: url(https:\/\/baycoast.bank\/wp-content\/uploads\/2021\/04\/iStock-1188930666-min.jpg);\" role=\"img\" aria-label=\"Pr\u00e9stamos comerciales\"><\/div>\n\t\t\t\t\t<\/div>\n\t\t\t\t<\/li>\n\t\t\t\t\t<\/ul>\n\t<\/div>\n\n\t<div class=\"heroContent\">\n\t\t<div class=\"heroWrapper\">\n\t\t\t<div class=\"heroBlock bgWhite\">\n\n\t\t\t\t<div id=\"heroHeadlineFlexslider\" class=\"flexslider\">\n\t\t\t\t\t<ul class=\"slides\">\n\n\t\t\t\t\t\t\t\t\t\t\t\t\t<li class=\"slide\">\n\n\t\t\t\t\t\t\t\t<div class=\"heroBlockHeadline\">\n\t\t\t\t\t\t\t\t\t<p class=\"number blue\"><\/p>\n\n\t\t\t\t\t\t\t\t\t<div class=\"h1 h1Medium blue\">Descubre nuestras tarjetas de cr\u00e9dito para empresas<\/div>\n\n\t\t\t\t\t\t\t\t\t<p>Ofrecemos una amplia selecci\u00f3n de productos de tarjetas de cr\u00e9dito y opciones de recompensas que son perfectas para gastos comerciales cotidianos, as\u00ed como para tus necesidades de productos, inventario y equipo a largo plazo.<\/p>\n\n\t\t\t\t\t\t\t\t\t<a href=\"https:\/\/baycoast.bank\/business\/services\/credit-card\/\"><div class=\"btn blue\">Conoce m\u00e1s. <span class=\"primaryColor\">+<\/span> <div class=\"backing\"><\/div><\/div><\/a>\n\t\t\t\t\t\t\t\t<\/div>\n\n\t\t\t\t\t\t\t<\/li>\n\t\t\t\t\t\t\t\t\t\t\t\t\t<li class=\"slide\">\n\n\t\t\t\t\t\t\t\t<div class=\"heroBlockHeadline\">\n\t\t\t\t\t\t\t\t\t<p class=\"number blue\"><\/p>\n\n\t\t\t\t\t\t\t\t\t<div class=\"h1  blue\">Haz que tu negocio crezca<\/div>\n\n\t\t\t\t\t\t\t\t\t<p>En BayCoast, tus metas son tambi\u00e9n las nuestras. \u00bfEst\u00e1 preparado para hacerlas realidad?<\/p>\n\n\t\t\t\t\t\t\t\t\t<a href=\"https:\/\/baycoast.bank\/business\/savings\/\"><div class=\"btn blue\">Conoce m\u00e1s. <span class=\"primaryColor\">+<\/span> <div class=\"backing\"><\/div><\/div><\/a>\n\t\t\t\t\t\t\t\t<\/div>\n\n\t\t\t\t\t\t\t<\/li>\n\t\t\t\t\t\t\t\t\t\t\t\t\t<li class=\"slide\">\n\n\t\t\t\t\t\t\t\t<div class=\"heroBlockHeadline\">\n\t\t\t\t\t\t\t\t\t<p class=\"number blue\"><\/p>\n\n\t\t\t\t\t\t\t\t\t<div class=\"h1  blue\">Pr\u00e9stamos comerciales<\/div>\n\n\t\t\t\t\t\t\t\t\t<p>Nuestro equipo de pr\u00e9stamos trabaja para entender tu negocio y dise\u00f1ar soluciones que se ajusten a tus necesidades.<\/p>\n\n\t\t\t\t\t\t\t\t\t<a href=\"https:\/\/baycoast.bank\/business\/lending\/commercial-lending\/\"><div class=\"btn blue\">Conoce m\u00e1s. <span class=\"primaryColor\">+<\/span> <div class=\"backing\"><\/div><\/div><\/a>\n\t\t\t\t\t\t\t\t<\/div>\n\n\t\t\t\t\t\t\t<\/li>\n\t\t\t\t\t\t\n\t\t\t\t\t<\/ul>\n\t\t\t\t<\/div>\n\n\t\t\t\t<!-- <div class=\"pluses blue plusBackground\" ><\/div> -->\n\n\t\t\t\t<div class=\"sliderControl flex\">\n\t\t\t\t\t<ul class=\"sliderBtns\">\n\n\t\t\t\t\t\t\t\t\t\t\t\t\t\t<li class=\"sliderBtn\" role=\"button\" tabindex=\"0\">01<\/li>\n\t\t\t\t\t\t\t\t\t\t\t\t\t\t\t<li class=\"sliderBtn\" role=\"button\" tabindex=\"0\">02<\/li>\n\t\t\t\t\t\t\t\t\t\t\t\t\t\t\t<li class=\"sliderBtn\" role=\"button\" tabindex=\"0\">03<\/li>\n\t\t\t\t\t\t\t\t\t\t\t\t\t\n\t\t\t\t\t<\/ul>\n\n\t\t\t\t\t<div class=\"slideFiller\">\n\t\t\t\t\t\t<div class=\"bgPrimaryColor guage\"><\/div>\n\t\t\t\t\t<\/div>\n\t\t\t\t<\/div>\n\n\t\t\t<\/div>\n\t\t<\/div>\n\t<\/div>\n<\/div>\n<\/div><div class=\"lazyblock-quicklinks-1YRlbM wp-block-lazyblock-quicklinks\"><div class=\"spacer\"><\/div>\n\n<div class=\"section\">\n\t<div class=\"paddedWrapper\">\n\n\t\t<div class=\"wrapper quickLinkWrapper\">\n\t\t\t<div class=\"quickLinks\">\n\t\t\t  \t\t\t\t\t\t<div class=\"quickLink\" style=\"position: relative\" tabindex=\"0\">\n\t\t\t\t\t\t\t\t\t\t\t\t\t<img decoding=\"async\" class=\"hide\" src=\"https:\/\/baycoast.bank\/wp-content\/uploads\/2020\/07\/businessCheckingIcon.svg\" tabindex=\"0\" alt=\"Cuentas de cheques icon\">\n\t\t\t\t\t\t\n\t\t\t\t\t\t\t\t\t\t\t\t\t<div class=\"h3 blue hide\" role=\"title\" tabindex=\"0\">Cuentas de cheques<\/div>\n\t\t\t\t\t\t\t\t\t\t\t\t\t\n\t\t\t\t\t\t\t\t\t\t\t\t\t<p class=\"hide\" tabindex=\"0\">Nuestras cuentas de cheques se adaptan al uso de tu flujo de efectivo. Elige la mejor para ti.<\/p>\n\t\t\t\t\t\t\t\t\t\t\t\t\t\n\t\t\t\t\t\t\t\t\t\t\t\t\t<a class=\"backing\" style=\"z-index: 99;\" href=\"https:\/\/baycoast.bank\/business\/checking\/\"><span class=\"srOnly\">Cuentas de cheques<\/span><\/a>\n\t\t\t\t\t\t\t<div class=\"btn blue hide\" role=\"button\" tabindex=\"0\">Conoce m\u00e1s.&nbsp;<span class=\"primaryColor\">+<\/span> <div class=\"backing\"><\/div><\/div>\n\t\t\t\t\t\t\t\t\t\t\t<\/div>\n\t\t\t\t\t\t\t\t\t<div class=\"quickLink\" style=\"position: relative\" tabindex=\"0\">\n\t\t\t\t\t\t\t\t\t\t\t\t\t<img decoding=\"async\" class=\"hide\" src=\"https:\/\/baycoast.bank\/wp-content\/uploads\/2020\/07\/businessBorrowingIcon.svg\" tabindex=\"0\" alt=\"Pr\u00e9stamos icon\">\n\t\t\t\t\t\t\n\t\t\t\t\t\t\t\t\t\t\t\t\t<div class=\"h3 blue hide\" role=\"title\" tabindex=\"0\">Pr\u00e9stamos<\/div>\n\t\t\t\t\t\t\t\t\t\t\t\t\t\n\t\t\t\t\t\t\t\t\t\t\t\t\t<p class=\"hide\" tabindex=\"0\">Nuestros oficiales de pr\u00e9stamos pueden ayudarte a obtener el capital necesario para dar un impulso a tus necesidades comerciales.<\/p>\n\t\t\t\t\t\t\t\t\t\t\t\t\t\n\t\t\t\t\t\t\t\t\t\t\t\t\t<a class=\"backing\" style=\"z-index: 99;\" href=\"https:\/\/baycoast.bank\/business\/lending\/\"><span class=\"srOnly\">Pr\u00e9stamos<\/span><\/a>\n\t\t\t\t\t\t\t<div class=\"btn blue hide\" role=\"button\" tabindex=\"0\">Conoce m\u00e1s.&nbsp;<span class=\"primaryColor\">+<\/span> <div class=\"backing\"><\/div><\/div>\n\t\t\t\t\t\t\t\t\t\t\t<\/div>\n\t\t\t\t\t\t\t\t\t<div class=\"quickLink\" style=\"position: relative\" tabindex=\"0\">\n\t\t\t\t\t\t\t\t\t\t\t\t\t<img decoding=\"async\" class=\"hide\" src=\"https:\/\/baycoast.bank\/wp-content\/uploads\/2020\/07\/businessSavingsIcon.svg\" tabindex=\"0\" alt=\"Seguros icon\">\n\t\t\t\t\t\t\n\t\t\t\t\t\t\t\t\t\t\t\t\t<div class=\"h3 blue hide\" role=\"title\" tabindex=\"0\">Seguros<\/div>\n\t\t\t\t\t\t\t\t\t\t\t\t\t\n\t\t\t\t\t\t\t\t\t\t\t\t\t<p class=\"hide\" tabindex=\"0\">Ofrecemos soluciones de seguro a medida que consideran las necesidades particulares de tu negocio.<\/p>\n\t\t\t\t\t\t\t\t\t\t\t\t\t\n\t\t\t\t\t\t\t\t\t\t\t\t\t<a class=\"backing\" style=\"z-index: 99;\" href=\"https:\/\/www.baycoastinsurance.com\/\" target=\"_blank\" rel=\"noopener\"><span class=\"srOnly\">Seguros<\/span><\/a>\n\t\t\t\t\t\t\t<div class=\"btn blue hide\" role=\"button\" tabindex=\"0\">Conoce m\u00e1s.&nbsp;<span class=\"primaryColor\">+<\/span> <div class=\"backing\"><\/div><\/div>\n\t\t\t\t\t\t\t\t\t\t\t<\/div>\n\t\t\t\t\t\t\t\t\t<div class=\"quickLink\" style=\"position: relative\" tabindex=\"0\">\n\t\t\t\t\t\t\t\t\t\t\t\t\t<img decoding=\"async\" class=\"hide\" src=\"https:\/\/baycoast.bank\/wp-content\/uploads\/2020\/07\/businessInvestingIcon.svg\" tabindex=\"0\" alt=\"Inversiones icon\">\n\t\t\t\t\t\t\n\t\t\t\t\t\t\t\t\t\t\t\t\t<div class=\"h3 blue hide\" role=\"title\" tabindex=\"0\">Inversiones<\/div>\n\t\t\t\t\t\t\t\t\t\t\t\t\t\n\t\t\t\t\t\t\t\t\t\t\t\t\t<p class=\"hide\" tabindex=\"0\">Establece las bases de tu legado. Nuestro equipo de inversiones te guiar\u00e1 hacia el \u00e9xito a largo plazo.<\/p>\n\t\t\t\t\t\t\t\t\t\t\t\t\t\n\t\t\t\t\t\t\t\t\t\t\t\t\t<a class=\"backing\" style=\"z-index: 99;\" href=\"https:\/\/baycoast.bank\/business\/investing\/\"><span class=\"srOnly\">Inversiones<\/span><\/a>\n\t\t\t\t\t\t\t<div class=\"btn blue hide\" role=\"button\" tabindex=\"0\">Conoce m\u00e1s.&nbsp;<span class=\"primaryColor\">+<\/span> <div class=\"backing\"><\/div><\/div>\n\t\t\t\t\t\t\t\t\t\t\t<\/div>\n\t\t\t\t\t\t\t<\/div>\n\t\t<\/div>\n\t\t\n\t<\/div>\n<\/div><\/div><div class=\"lazyblock-left-image-right-text-Z23ILjW wp-block-lazyblock-left-image-right-text\"><div class=\"spacer\"><\/div>\n\n<div class=\"section overlap-section\">\n\t<div class=\"wrapper\">\n\t\t\n\t\t<div class=\"absoluteRight overlapContent bgWhite\">\n\t\t\t<div class=\"flex hide\">\n\t\t\t\t<div class=\"line\"><\/div>\n\t\t\t\t<div class=\"h6 blue\">Aviso importante<\/div>\n\t\t\t<\/div>\n\t\t\t\n\t\t\t<div class=\"hide\">\n\t\t\t\t  \n\t\t\t    \t<div class=\"h3 blue\">Clientes de BayCoast Bank objeto de solicitudes no afiliadas de reembolso de impuestos y pr\u00e9stamos comerciales<\/div>\n\t\t\t  \t\t\t\t  \n\t\t\t  \t\n\n<p>Tenga en cuenta que los clientes de BayCoast Bank han recibido comunicaciones por correo electr\u00f3nico y correo directo relacionadas con devoluciones de impuestos y pr\u00e9stamos empresariales de BayCoast Bank. Estas empresas <em>NO<\/em> est\u00e1n afiliadas a BayCoast Bank y utilizan informaci\u00f3n de dominio p\u00fablico para solicitar negocios. Si alguna vez tiene alguna pregunta o duda sobre informaci\u00f3n que pueda parecer relacionada con BayCoast Bank, ll\u00e1menos inmediatamente al 508-678-7641.<\/p>\n\n\t\t\t<\/div>\n\t\t\t\n\t\t\t\t\t\t  \t<a href=\"https:\/\/baycoast.bank\/about-us\/\"><div class=\"btn blue hide\" role=\"button\" tabindex=\"0\">Conoce m\u00e1s. <span class=\"primaryColor\">+<\/span> <div class=\"backing\"><\/div><\/div><\/a>\n\t\t\t\t\t<\/div>\n\t\n\t\t<div class=\"visual hide\" style=\"width: 60%;\">\n\t\t\t<div class=\"plusBackground plusDesign plusRight\" style=\"bottom: -90px; top: auto;\"><\/div>\n\t\t\t<div class=\"backing\" style=\"background-image: url(https:\/\/baycoast.bank\/wp-content\/uploads\/2023\/05\/BCB-Business-Alert.jpg);\" role=\"img\" aria-label=\"Clientes de BayCoast Bank objeto de solicitudes no afiliadas de reembolso de impuestos y pr\u00e9stamos comerciales\"><\/div>\n\t\t<\/div>\n\n\t<\/div>\n<\/div><\/div><div class=\"lazyblock-right-image-left-text-1UVaC5 wp-block-lazyblock-right-image-left-text\"><div class=\"spacer\"><\/div>\n\n<div class=\"section overlap-section\">\n\t<div class=\"wrapper\">\n\t\t\n\t\t<div class=\"absoluteLeft overlapContent bgWhite\">\n\t\t\t<div class=\"flex hide\">\n\t\t\t\t<div class=\"line\"><\/div>\n\t\t\t\t<div class=\"h6 blue\">Peque\u00f1as empresas<\/div>\n\t\t\t<\/div>\n\t\t\t\n\t\t\t  \n\t\t\t    <div class=\"h3 blue\">Subvenciones disponibles en Fall River y New Bedford<\/div>\n\t\t\t\t\t\t  \n\t\t\t\n\n<p> \u00bfEres due\u00f1o de una peque\u00f1a empresa que se vio impactada por la COVID-19? <br\/><br\/>\u279c Haz clic aqu\u00ed para conocer las subvenciones disponibles en Fall River.<a href=\"https:\/\/baycoast.bank\/es\/perspectivas\/subvenciones-de-recuperacion-disponibles-para-negocios-pequenos-de-fall-river\/\"> <\/a> <br\/>\u279c Haz clic aqu\u00ed para conocer las subvenciones disponibles en New Bedford. <a href=\"https:\/\/baycoast.bank\/es\/perspectivas\/las-subvenciones-del-plan-de-rescate-estadounidense-estan-disponibles-en-new-bedford\/\"> <\/a>  <\/p>\n\n\t\t\t  \n\t\t\t\t\t<\/div>\n\t\n\t\t<div class=\"visual marginRight hide\" style=\"width: 60%;\">\n\t\t\t<div class=\"plusBackground plusDesign plusRight\" style=\"bottom: -90px; top: auto;\"><\/div>\n\t\t\t<div class=\"backing\" style=\"background-image: url(https:\/\/baycoast.bank\/wp-content\/uploads\/2022\/04\/New-Bedford-Grants.png);\" role=\"img\" aria-label=\"Subvenciones disponibles en Fall River y New Bedford\" role=\"img\" aria-label=\"Subvenciones disponibles en Fall River y New Bedford image\"><\/div>\n\t\t<\/div>\n\n\t<\/div>\n<\/div><\/div><div class=\"lazyblock-left-image-right-text-eFfim wp-block-lazyblock-left-image-right-text\"><div class=\"spacer\"><\/div>\n\n<div class=\"section overlap-section\">\n\t<div class=\"wrapper\">\n\t\t\n\t\t<div class=\"absoluteRight overlapContent bgWhite\">\n\t\t\t<div class=\"flex hide\">\n\t\t\t\t<div class=\"line\"><\/div>\n\t\t\t\t<div class=\"h6 blue\">Qui\u00e9nes somos<\/div>\n\t\t\t<\/div>\n\t\t\t\n\t\t\t<div class=\"hide\">\n\t\t\t\t\t\t\t  \n\t\t\t  \t\n\n<p>Los propietarios de negocios son de otra madera. En BayCoast estamos tan comprometidos con tu \u00e9xito como lo est\u00e1s t\u00fa. <\/p>\n\n\t\t\t<\/div>\n\t\t\t\n\t\t\t\t\t\t  \t<a href=\"https:\/\/baycoast.bank\/about-us\/\"><div class=\"btn blue hide\" role=\"button\" tabindex=\"0\">Conoce m\u00e1s. <span class=\"primaryColor\">+<\/span> <div class=\"backing\"><\/div><\/div><\/a>\n\t\t\t\t\t<\/div>\n\t\n\t\t<div class=\"visual hide\" style=\"width: 60%;\">\n\t\t\t<div class=\"plusBackground plusDesign plusRight\" style=\"bottom: -90px; top: auto;\"><\/div>\n\t\t\t<div class=\"backing\" style=\"background-image: url(https:\/\/baycoast.bank\/wp-content\/uploads\/2021\/04\/iStock-694478134-min.jpg);\" role=\"img\" aria-label=\"\"><\/div>\n\t\t<\/div>\n\n\t<\/div>\n<\/div><\/div><div class=\"lazyblock-full-width-left-aligned-Z2vi6e8 wp-block-lazyblock-full-width-left-aligned\"><div class=\"spacer\"><\/div>\n\n<div class=\"section fullWidth-section bgGradientBlue\" >\n\t<div class=\"plusBackground plusDesign plusLeft\"><\/div>\n\t<div class=\"backing\" style=\"z-index: 7; background-image: url(https:\/\/baycoast.bank\/wp-content\/uploads\/2023\/10\/Banking-For-Cannabis-Related-Businesses.jpg); filter: grayscale(100%);\" role=\"img\" aria-label=\"Estamos aqu\u00ed para ayudarte\"><\/div>\n\t<div class=\"backing plusBackground\" style=\"opacity: .4; z-index: 8;\"><\/div>\n\t<div class=\"backing bgGradientBlue\" style=\"opacity: .8; z-index: 8;\"><\/div>\n\n\t<div class=\"spacer\"><\/div>\n\n\t<div class=\"mediumWrapper\" style=\"z-index: 9;\">\n\t\t<div style=\"max-width: 62rem;\">\n\t\t\t<div class=\"h2 white hide\" style=\"\">Estamos aqu\u00ed para ayudarte<\/div>\n\n\t\t\t<div class=\"white\">\n\t\t\t\t\t\t\t<\/div>\n\n\t\t\t<a href=\"https:\/\/baycoast.bank\/business\/services\/cash-management-solutions\/\">\n\t\t\t  <div class=\"btn white hide\" role=\"button\" tabindex=\"0\">Conoce m\u00e1s. <span class=\"primaryColor\">+<\/span> <div class=\"backing\"><\/div><\/div>\n\n\t\t\t<\/a>\n\t\t<\/div>\n\t<\/div>\n\n\t<div class=\"spacer\"><\/div>\n<\/div><\/div><div class=\"lazyblock-right-image-left-text-ZjAzeg wp-block-lazyblock-right-image-left-text\"><div class=\"spacer\"><\/div>\n\n<div class=\"section overlap-section\">\n\t<div class=\"wrapper\">\n\t\t\n\t\t<div class=\"absoluteLeft overlapContent bgWhite\">\n\t\t\t<div class=\"flex hide\">\n\t\t\t\t<div class=\"line\"><\/div>\n\t\t\t\t<div class=\"h6 blue\">Banca en l\u00ednea<\/div>\n\t\t\t<\/div>\n\t\t\t\n\t\t\t\t\t\t  \n\t\t\t\n\n<p>Mantente al tanto del pulso de tu flujo de efectivo con nuestra plataforma de servicios bancarios en l\u00ednea para negocios. Paga tus cuentas, revisa tus transacciones y mucho m\u00e1s.<\/p>\n\n\t\t\t  \n\t\t\t\t\t\t\t<a href=\"https:\/\/baycoast.bank\/business\/services\/ibanking\/\"><div class=\"btn blue hide\" role=\"button\" tabindex=\"0\">Conoce m\u00e1s. <span class=\"primaryColor\">+<\/span> <div class=\"backing\"><\/div><\/div><\/a>\n\t\t\t\t\t<\/div>\n\t\n\t\t<div class=\"visual marginRight hide\" style=\"width: 60%;\">\n\t\t\t<div class=\"plusBackground plusDesign plusRight\" style=\"bottom: -90px; top: auto;\"><\/div>\n\t\t\t<div class=\"backing\" style=\"background-image: url(https:\/\/baycoast.bank\/wp-content\/uploads\/2021\/04\/iStock-462372963-min.jpg);\" role=\"img\" aria-label=\"\" role=\"img\" aria-label=\" image\"><\/div>\n\t\t<\/div>\n\n\t<\/div>\n<\/div><\/div>","protected":false},"excerpt":{"rendered":"","protected":false},"author":2,"featured_media":0,"parent":0,"menu_order":27,"comment_status":"closed","ping_status":"closed","template":"front-page.php","meta":{"_acf_changed":false,"inline_featured_image":false,"footnotes":""},"class_list":["post-7060","page","type-page","status-publish","hentry"],"acf":[],"featured_image_urls_v2":{"full":"","thumbnail":"","medium":"","medium_large":"","large":"","1536x1536":"","2048x2048":""},"post_excerpt_stackable_v2":"<p>Descubre nuestras tarjetas de cr\u00e9dito para empresas Ofrecemos una amplia selecci\u00f3n de productos de tarjetas de cr\u00e9dito y opciones de recompensas que son perfectas para gastos comerciales cotidianos, as\u00ed como para tus necesidades de productos, inventario y equipo a largo plazo. Conoce m\u00e1s. + Haz que tu negocio crezca En BayCoast, tus metas son tambi\u00e9n las nuestras. \u00bfEst\u00e1 preparado para hacerlas realidad? Conoce m\u00e1s. + Pr\u00e9stamos comerciales Nuestro equipo de pr\u00e9stamos trabaja para entender tu negocio y dise\u00f1ar soluciones que se ajusten a tus necesidades. Conoce m\u00e1s. + 01 02 03 Cuentas de cheques Nuestras cuentas de cheques se adaptan&hellip;<\/p>\n","category_list_v2":"","author_info_v2":{"name":"","url":"https:\/\/baycoast.bank\/es\/author\/"},"comments_num_v2":"0 comentarios","publishpress_future_action":{"enabled":false,"date":"2026-04-28 02:19:55","action":"change-status","newStatus":"draft","terms":[],"taxonomy":"translation_priority","extraData":[]},"publishpress_future_workflow_manual_trigger":{"enabledWorkflows":[]},"_links":{"self":[{"href":"https:\/\/baycoast.bank\/es\/wp-json\/wp\/v2\/pages\/7060","targetHints":{"allow":["GET"]}}],"collection":[{"href":"https:\/\/baycoast.bank\/es\/wp-json\/wp\/v2\/pages"}],"about":[{"href":"https:\/\/baycoast.bank\/es\/wp-json\/wp\/v2\/types\/page"}],"author":[{"embeddable":true,"href":"https:\/\/baycoast.bank\/es\/wp-json\/wp\/v2\/users\/2"}],"replies":[{"embeddable":true,"href":"https:\/\/baycoast.bank\/es\/wp-json\/wp\/v2\/comments?post=7060"}],"version-history":[{"count":0,"href":"https:\/\/baycoast.bank\/es\/wp-json\/wp\/v2\/pages\/7060\/revisions"}],"wp:attachment":[{"href":"https:\/\/baycoast.bank\/es\/wp-json\/wp\/v2\/media?parent=7060"}],"curies":[{"name":"wp","href":"https:\/\/api.w.org\/{rel}","templated":true}]}}