{"id":7160,"date":"2020-08-07T14:42:53","date_gmt":"2020-08-07T18:42:53","guid":{"rendered":"https:\/\/baycoast.bank\/otros-servicios\/"},"modified":"2024-06-06T16:09:53","modified_gmt":"2024-06-06T20:09:53","slug":"otros-servicios","status":"publish","type":"page","link":"https:\/\/baycoast.bank\/es\/otros-servicios\/","title":{"rendered":"Otros Servicios"},"content":{"rendered":"<div class=\"lazyblock-interior-hero-1WSX8o wp-block-lazyblock-interior-hero\">\n<div class=\"section hero\">\n\t<div class=\"backing parallaxContainer\">\n\t\t<div class=\"backing\" style=\"background-image: url(https:\/\/baycoast.bank\/wp-content\/uploads\/2020\/07\/resource_fixedVsAdjustable-min-e1596767061498.jpg\" role=\"img\" aria-label=\"Hero Image\"><\/div>\n\t<\/div>\n\n\t<div class=\"heroContent\">\n\t\t<div class=\"plusPlus blue\" ><\/div>\n\t\t\n\t\t<div class=\"heroWrapper\">\n\t\t\t<div class=\"heroBlock bgWhite\">\n\t\t\t\t\n\t\t\t\t<div class=\"heroBlockHeadline\">\n\n\t\t\t\t\t\t\t\t\t\t\n\t\t\t\t\t<h1 class=\"blue\">Otros Servicios<\/h1>\n\t\t\t\t<\/div>\n\t\t\t<\/div>\n\t\t\t    \t\n\t\t\t\n\t\t<\/div>\n\t<\/div>\n<\/div> \n\n<div class=\"spacer\"><\/div><\/div><div class=\"lazyblock-interior-content-tsjgC wp-block-lazyblock-interior-content\"><div class=\"spacer\"><\/div>\n\n<div class=\"section\">\n\t<div class=\"paddedWrapper\">\n\t\t<div class=\"wrapper flex gutenberg\" style=\"justify-content: center;\">\n\n\t\t\t\n\t\t\t<div class=\"smallWrapper gutenberg\">\n\t\t\t\n\t\t\t\t<div class=\"h3\">Cualesquiera sean los servicios bancarios que necesites, BayCoast Bank puede ayudarte.<\/div>\n\t\t\t  \n\t\t\t  \t<hr style=\"margin-bottom: 5rem;\">\n\t\t\t\t\n\t\t\t\t\n\n<p>Cualesquiera sean los servicios bancarios que necesites, BayCoast Bank puede ayudarte. Junto con nuestros servicios personales de <a href=\"https:\/\/baycoast.bank\/es\/personal\/cuenta-de-cheques-personal-personal-checking\/\">cuentas de cheques<\/a>, <a href=\"https:\/\/baycoast.bank\/es\/personal\/cuentas-de-ahorros\/\">cuentas de ahorros<\/a> y <a href=\"https:\/\/baycoast.bank\/pt-pt\/personal\/credito\/emprestimos-pessoais\/\">pr\u00e9stamos<\/a>, brindamos otras soluciones y servicios financieros para que nuestros clientes puedan cubrir todas sus necesidades bancarias. <\/p>\n\n\n\n<p>Desde cambios de divisas, tarjetas de cr\u00e9dito, cajeros interactivos (ITM) y tarjetas de ATM \/ d\u00e9bito, hasta cajas de seguridad, estados de cuenta electr\u00f3nicos (eStatement) y protecci\u00f3n de sobregiros, puedes obtener m\u00e1s informaci\u00f3n sobre nuestros servicios adicionales a continuaci\u00f3n:<\/p>\n\n\n\n<ul class=\"wp-block-list\">\n<li><strong>Cambios de divisas<\/strong>: \u00bfDisfrutas de unas croissants en Par\u00eds? \u00bfEst\u00e1s paseando en g\u00f3ndola por Venecia? Sin importar donde te lleve el mundo, aseg\u00farate de visitar una sucursal de BayCoast Bank cerca tuyo para cubrir todas tus necesidades de <a href=\"https:\/\/baycoast.bank\/es\/otros-servicios\/cambio-de-divisas\/\">cambio de divisas<\/a>. No te arriesgues a tener que pagar abultadas tarifas en tu destino de ultramar. El personal de BayCoast te puede ayudar a obtener cambio de divisas de hasta $1,000.00 en 90\u00a0pa\u00edses extranjeros, de manera segura y con tarifas de cambio competitivas. Ofrecemos este servicio tanto a nuestros clientes como al p\u00fablico en general. <strong><\/strong><\/li>\n\n\n\n<li><strong>Tarjetas de cr\u00e9dito:<\/strong> Elige la <a href=\"https:\/\/baycoast.bank\/es\/otros-servicios\/tarjetas-de-credito-para\/\">tarjeta de cr\u00e9dito<\/a> ideal para ti. Ya sea que desees ganar recompensas de efectivo devuelto (cash back) o hacer bajar tu tasa de inter\u00e9s anual (APR), tenemos una tarjeta perfecta para ti. Adem\u00e1s del reconocimiento que ofrece la marca Mastercard\u00ae, portar\u00e1s una tarjeta de un banco local que conoces y en el que conf\u00edas. \u00a1D\u00e9janos ayudarte a encontrar la tarjeta de cr\u00e9dito que mejor se ajuste a tus necesidades!<\/li>\n\n\n\n<li><strong>Cajeros ITM:<\/strong> Nuestros <a href=\"https:\/\/baycoast.bank\/es\/otros-servicios\/cajeros-interactivos-itm\/\">cajeros interactivos (ITM)<\/a> combinan la practicidad de un cajero autom\u00e1tico (ATM) con el servicio personal que recibir\u00edas en una de nuestras sucursales locales. Cuando uses uno de nuestros cajeros ITM, podr\u00e1s hablar con uno de nuestros banqueros para clientes personales a trav\u00e9s de una sesi\u00f3n segura de video en vivo, y realizar muchas transacciones bancarias, como hacer retiros, depositar y cobrar cheques, transferir dinero entre cuentas, hacer canjes de efectivo, pagos de pr\u00e9stamos \u00a1y m\u00e1s! Los cajeros ITM son pr\u00e1cticos porque permanecen abiertos m\u00e1s all\u00e1 de las horas comerciales regulares. Cuando no est\u00e1n disponibles como cajero ITM, las m\u00e1quinas funcionan como un cajero ATM, las 24 horas del d\u00eda y los 7 d\u00edas de la semana. BayCoast Bank se enorgullece de ser uno de los primeros bancos en nuestra regi\u00f3n en utilizar la tecnolog\u00eda ITM para mejorar la experiencia del cliente.<\/li>\n\n\n\n<li><strong>Tarjeta de ATM \/ d\u00e9bito:<\/strong> Los cajeros autom\u00e1ticos (ATM) ofrecen una practicidad extraordinaria, ya que te permiten acceder a tu dinero desde miles de sitios, no solo a nivel local sino tambi\u00e9n en todo el pa\u00eds. Como somos miembros de la red SUM\u00ae, puedes usar tu tarjeta de d\u00e9bito de BayCoast Bank para retirar dinero de los cajeros autom\u00e1ticos de la red SUM\u00ae. Nuestra membres\u00eda de SUM\u00ae significa que tendr\u00e1s acceso a miles de cajeros autom\u00e1ticos, donde los propietarios de otros cajeros autom\u00e1ticos de la red SUM\u00ae no te cobrar\u00e1n tarifas para acceder a tu cuenta de BayCoast y hacer retiros. Nuestras <a href=\"https:\/\/baycoast.bank\/es\/otros-servicios\/tarjeta-de-atm-debito\/\">tarjetas de d\u00e9bito<\/a> tambi\u00e9n cuentan con un microchip incorporado y una opci\u00f3n de pago sin contacto que mantiene segura tu informaci\u00f3n durante las compras en tiendas. <\/li>\n\n\n\n<li><strong>Cajas de seguridad:<\/strong> Si necesitas guardar documentos importantes u otros objetos de valor de forma segura, puedes hacerlo con una de <a href=\"https:\/\/baycoast.bank\/es\/otros-servicios\/cajas-de-seguridad\/\">nuestras cajas de seguridad<\/a>. Ofrecemos cajas de seguridad en varios tama\u00f1os con un costo anual accesible, a fin de que nuestros clientes puedan encontrar una caja adecuada a sus necesidades.<\/li>\n\n\n\n<li><strong>eStatements:<\/strong> En BayCoast, queremos que revisar sus cuentas sea lo m\u00e1s f\u00e1cil posible para nuestros clientes. Por eso ofrecemos <a href=\"https:\/\/baycoast.bank\/es\/otros-servicios\/estatements-estados-de-cuenta-electronicos\/\">estados de cuenta electr\u00f3nicos (eStatements) a todos nuestros clientes<\/a>. Al iniciar sesi\u00f3n en el portal de la Banca en L\u00ednea de BayCoast Bank, puedes verificar r\u00e1pidamente tu eStatement y revisar tu informaci\u00f3n financiera. Como estos estados de cuenta son digitales, ahorras papel y evitas tener que revisar montones de documentos para encontrar un estado de cuenta.<\/li>\n\n\n\n<li><strong>Protecci\u00f3n de sobregiros:<\/strong> Si participas de nuestros programa Bounce Protection, puedes recibir los beneficios de <a href=\"https:\/\/baycoast.bank\/es\/otros-servicios\/proteccion-de-sobregiros\/\">nuestra protecci\u00f3n de sobregiros<\/a> para tus cuentas personales de cheques. Con nuestra protecci\u00f3n est\u00e1ndar de sobregiros, a menudo pagaremos los sobregiros de pagos autom\u00e1ticos de facturas, cheques u otras transacciones que utilicen tu n\u00famero de cuenta de cheques. Para evitar pagar altas tarifas por sobregirar tu cuenta, tambi\u00e9n puedes inscribirte en otros planes de protecci\u00f3n contra sobregiros, como una l\u00ednea de cr\u00e9dito personal para sobregiros o una vinculaci\u00f3n a una cuenta de ahorros.<\/li>\n<\/ul>\n\n\n\n<p><strong>Elige BayCoast Bank para todas tus necesidades bancarias<\/strong><\/p>\n\n\n\n<p>En BayCoast Bank, asumimos el compromiso de brindar a nuestros clientes la mejor experiencia bancaria. Ya sea que est\u00e9s buscando un pr\u00e9stamo para una nueva vivienda, quieras abrir una cuenta corriente o necesites ayuda para hacer crecer tu peque\u00f1a empresa, BayCoast tiene todo lo que necesitas. Adem\u00e1s de los numerosos servicios mencionados anteriormente, puedes solicitar nuestras cuentas personales <a href=\"https:\/\/baycoast.bank\/es\/personal\/cuenta-de-cheques-personal-personal-checking\/\">de cheques<\/a> o <a href=\"https:\/\/baycoast.bank\/es\/personal\/cuentas-de-ahorros\/\">de ahorro<\/a> tanto en l\u00ednea como en persona en una de nuestras sucursales locales y, si tienes una empresa, puedes utilizar nuestros <a href=\"https:\/\/baycoast.bank\/business\/\">numerosos servicios empresariales<\/a>. <\/p>\n\n\n\n<p>No dejes de <a href=\"https:\/\/baycoast.bank\/es\/acerca-de-nosotros\/servicio-al-cliente\/\">comunicarte con nosotros<\/a> o visitar <a href=\"https:\/\/baycoast.bank\/es\/sucursales\/\">una sucursal local<\/a> si tienes alguna pregunta acerca de nuestros servicios. Estamos encantados de ayudarte.<\/p>\n\n\n\t\t\t<\/div>\n\n\t\t<\/div>\n\t<\/div>\n<\/div> <\/div><div class=\"lazyblock-archive-section-Z2u76ys wp-block-lazyblock-archive-section\"><div class=\"spacer\"><\/div>\n\n<div class=\"section archive-section\">\n\t<div class=\"paddedWrapper\">\n\t\t<div class=\"wrapper\">\n\t\t\t\n\t\t\t<div class=\"thumbnails grid hide smallerGrid\">\n\t\t\t\t\n\t\t\t\t\t\t<div id=\"parent-9234\" class=\"thumbnail\">\n\t\t\t\t\t\t\t<div class=\"thumbnailImage\">\n\t\t\t\t\t\t\t\t<div class=\"backing\" style=\"background-image: url(https:\/\/baycoast.bank\/wp-content\/uploads\/2022\/11\/Foreign-Currency-Webpage-Hero-1920-\u00d7-600-px-5.jpg\" role=\"img\" aria-label=\"Cambio de divisas\"><\/div>\n\t\t\t\t\t\t\t<\/div>\n\n\t\t\t\t\t\t\t<div class=\"thumbnailContent\">\n\t\t\t\t\t\t\t\t<h3 class=\"blue\">Cambio de divisas<\/h3>\n\n\t\t\t\t\t\t\t\t<p>\u2022 Cambio de divisas: Viaja por el mundo sin pagar tarifas altas. Antes de emprender tu viaje, pasa por la sucursal local de BayCoast para un cambio de divisas conveniente.<\/p>\n\n\t\t\t\t\t\t\t\t<div class=\"btn blue \" role=\"button\" tabindex=\"0\">Conoce M\u00e1s <span class=\"primaryColor\">+<\/span> <div class=\"backing\"><\/div><\/div>\n\t\t\t\t\t\t\t<\/div>\n\n\t\t\t\t\t\t\t<a href=\"https:\/\/baycoast.bank\/es\/otros-servicios\/cambio-de-divisas\/\"><\/a>\n\t\t\t\t\t\t<\/div>\n\n\t\t\t\t\t\n\t\t\t\t\t\t<div id=\"parent-7346\" class=\"thumbnail\">\n\t\t\t\t\t\t\t<div class=\"thumbnailImage\">\n\t\t\t\t\t\t\t\t<div class=\"backing\" style=\"background-image: url(https:\/\/baycoast.bank\/wp-content\/uploads\/2022\/02\/Personal-Credit-Card-Page-mobile.jpg\" role=\"img\" aria-label=\"Tarjetas de cr\u00e9dito para\"><\/div>\n\t\t\t\t\t\t\t<\/div>\n\n\t\t\t\t\t\t\t<div class=\"thumbnailContent\">\n\t\t\t\t\t\t\t\t<h3 class=\"blue\">Tarjetas de cr\u00e9dito para<\/h3>\n\n\t\t\t\t\t\t\t\t<p>Tarjetas de cr\u00e9dito: Estamos orgullosos de ofrecerte varios tipos de opciones de tarjetas de cr\u00e9dito que presentan TAE bajas y el servicio local y amable que esperas de nosotros.<\/p>\n\n\t\t\t\t\t\t\t\t<div class=\"btn blue \" role=\"button\" tabindex=\"0\">Conoce M\u00e1s <span class=\"primaryColor\">+<\/span> <div class=\"backing\"><\/div><\/div>\n\t\t\t\t\t\t\t<\/div>\n\n\t\t\t\t\t\t\t<a href=\"https:\/\/baycoast.bank\/es\/otros-servicios\/tarjetas-de-credito-para\/\"><\/a>\n\t\t\t\t\t\t<\/div>\n\n\t\t\t\t\t\n\t\t\t\t\t\t<div id=\"parent-13197\" class=\"thumbnail\">\n\t\t\t\t\t\t\t<div class=\"thumbnailImage\">\n\t\t\t\t\t\t\t\t<div class=\"backing\" style=\"background-image: url(https:\/\/baycoast.bank\/wp-content\/uploads\/2022\/02\/Personal-Credit-Card-Page-mobile.jpg\" role=\"img\" aria-label=\"Tarjetas de cr\u00e9dito para consumidores\"><\/div>\n\t\t\t\t\t\t\t<\/div>\n\n\t\t\t\t\t\t\t<div class=\"thumbnailContent\">\n\t\t\t\t\t\t\t\t<h3 class=\"blue\">Tarjetas de cr\u00e9dito para consumidores<\/h3>\n\n\t\t\t\t\t\t\t\t<p>Estamos orgullosos de ofrecerte varios tipos de opciones de tarjetas de cr\u00e9dito al consumo con TAE bajas y el servicio local y cordial que esperas de nosotros.<\/p>\n\n\t\t\t\t\t\t\t\t<div class=\"btn blue \" role=\"button\" tabindex=\"0\">Conoce M\u00e1s <span class=\"primaryColor\">+<\/span> <div class=\"backing\"><\/div><\/div>\n\t\t\t\t\t\t\t<\/div>\n\n\t\t\t\t\t\t\t<a href=\"https:\/\/baycoast.bank\/es\/otros-servicios\/tarjetas-de-credito-para-consumidores\/\"><\/a>\n\t\t\t\t\t\t<\/div>\n\n\t\t\t\t\t\n\t\t\t\t\t\t<div id=\"parent-7698\" class=\"thumbnail\">\n\t\t\t\t\t\t\t<div class=\"thumbnailImage\">\n\t\t\t\t\t\t\t\t<div class=\"backing\" style=\"background-image: url(https:\/\/baycoast.bank\/wp-content\/uploads\/2021\/11\/ITM.jpg\" role=\"img\" aria-label=\"Cajeros autom\u00e1ticos interactivos (CIM)\"><\/div>\n\t\t\t\t\t\t\t<\/div>\n\n\t\t\t\t\t\t\t<div class=\"thumbnailContent\">\n\t\t\t\t\t\t\t\t<h3 class=\"blue\">Cajeros autom\u00e1ticos interactivos (CIM)<\/h3>\n\n\t\t\t\t\t\t\t\t<p>Combina la comodidad de un cajero autom\u00e1tico con el servicio personal de un banquero personal acudiendo a cualquiera de nuestros IMT para realizar tus operaciones bancarias.<\/p>\n\n\t\t\t\t\t\t\t\t<div class=\"btn blue \" role=\"button\" tabindex=\"0\">Conoce M\u00e1s <span class=\"primaryColor\">+<\/span> <div class=\"backing\"><\/div><\/div>\n\t\t\t\t\t\t\t<\/div>\n\n\t\t\t\t\t\t\t<a href=\"https:\/\/baycoast.bank\/es\/otros-servicios\/cajeros-interactivos-itm\/\"><\/a>\n\t\t\t\t\t\t<\/div>\n\n\t\t\t\t\t\n\t\t\t\t\t\t<div id=\"parent-7162\" class=\"thumbnail\">\n\t\t\t\t\t\t\t<div class=\"thumbnailImage\">\n\t\t\t\t\t\t\t\t<div class=\"backing\" style=\"background-image: url(https:\/\/baycoast.bank\/wp-content\/uploads\/2020\/07\/iStock-1077565558-min-e1616788103918.jpg\" role=\"img\" aria-label=\"Tarjeta de ATM\/D\u00e9bito\"><\/div>\n\t\t\t\t\t\t\t<\/div>\n\n\t\t\t\t\t\t\t<div class=\"thumbnailContent\">\n\t\t\t\t\t\t\t\t<h3 class=\"blue\">Tarjeta de ATM\/D\u00e9bito<\/h3>\n\n\t\t\t\t\t\t\t\t<p>Un modo conveniente y seguro de tener acceso a tus fondos y administrarlos, para que los pagos y retiros diarios sean una experiencia sin complicaciones.<\/p>\n\n\t\t\t\t\t\t\t\t<div class=\"btn blue \" role=\"button\" tabindex=\"0\">Conoce M\u00e1s <span class=\"primaryColor\">+<\/span> <div class=\"backing\"><\/div><\/div>\n\t\t\t\t\t\t\t<\/div>\n\n\t\t\t\t\t\t\t<a href=\"https:\/\/baycoast.bank\/es\/otros-servicios\/tarjeta-de-atm-debito\/\"><\/a>\n\t\t\t\t\t\t<\/div>\n\n\t\t\t\t\t\n\t\t\t\t\t\t<div id=\"parent-7164\" class=\"thumbnail\">\n\t\t\t\t\t\t\t<div class=\"thumbnailImage\">\n\t\t\t\t\t\t\t\t<div class=\"backing\" style=\"background-image: url(https:\/\/baycoast.bank\/wp-content\/uploads\/2021\/04\/iStock-1239844469-min-e1618505210293.jpg\" role=\"img\" aria-label=\"Cajas de seguridad\"><\/div>\n\t\t\t\t\t\t\t<\/div>\n\n\t\t\t\t\t\t\t<div class=\"thumbnailContent\">\n\t\t\t\t\t\t\t\t<h3 class=\"blue\">Cajas de seguridad<\/h3>\n\n\t\t\t\t\t\t\t\t<p>Las cajas de seguridad te ofrecen un espacio seguro y privado para guardar tus objetos de valor y documentos importantes, brind\u00e1ndote tranquilidad.<\/p>\n\n\t\t\t\t\t\t\t\t<div class=\"btn blue \" role=\"button\" tabindex=\"0\">Conoce M\u00e1s <span class=\"primaryColor\">+<\/span> <div class=\"backing\"><\/div><\/div>\n\t\t\t\t\t\t\t<\/div>\n\n\t\t\t\t\t\t\t<a href=\"https:\/\/baycoast.bank\/es\/otros-servicios\/cajas-de-seguridad\/\"><\/a>\n\t\t\t\t\t\t<\/div>\n\n\t\t\t\t\t\n\t\t\t\t\t\t<div id=\"parent-7172\" class=\"thumbnail\">\n\t\t\t\t\t\t\t<div class=\"thumbnailImage\">\n\t\t\t\t\t\t\t\t<div class=\"backing\" style=\"background-image: url(https:\/\/baycoast.bank\/wp-content\/uploads\/2021\/04\/iStock-1257664287-min-e1618503585348.jpg\" role=\"img\" aria-label=\"eStatements (estados de cuenta electr\u00f3nicos)\"><\/div>\n\t\t\t\t\t\t\t<\/div>\n\n\t\t\t\t\t\t\t<div class=\"thumbnailContent\">\n\t\t\t\t\t\t\t\t<h3 class=\"blue\">eStatements (estados de cuenta electr\u00f3nicos)<\/h3>\n\n\t\t\t\t\t\t\t\t<p>\u00a1Inscr\u00edbete hoy a estados de cuenta electr\u00f3nicos! Es r\u00e1pido y sencillo. Nuestros eStatements te permiten llevar un registro de tus transacciones, ver tu historial financiero y administrar tu cuenta de manera eficiente y tambi\u00e9n ecol\u00f3gica, al no utilizar papel.<\/p>\n\n\t\t\t\t\t\t\t\t<div class=\"btn blue \" role=\"button\" tabindex=\"0\">Conoce M\u00e1s <span class=\"primaryColor\">+<\/span> <div class=\"backing\"><\/div><\/div>\n\t\t\t\t\t\t\t<\/div>\n\n\t\t\t\t\t\t\t<a href=\"https:\/\/baycoast.bank\/es\/otros-servicios\/estatements-estados-de-cuenta-electronicos\/\"><\/a>\n\t\t\t\t\t\t<\/div>\n\n\t\t\t\t\t\n\t\t\t\t\t\t<div id=\"parent-7402\" class=\"thumbnail\">\n\t\t\t\t\t\t\t<div class=\"thumbnailImage\">\n\t\t\t\t\t\t\t\t<div class=\"backing\" style=\"background-image: url(https:\/\/baycoast.bank\/wp-content\/uploads\/2021\/04\/iStock-1169976759-min-e1618506020944.jpg\" role=\"img\" aria-label=\"Protecci\u00f3n de sobregiros\"><\/div>\n\t\t\t\t\t\t\t<\/div>\n\n\t\t\t\t\t\t\t<div class=\"thumbnailContent\">\n\t\t\t\t\t\t\t\t<h3 class=\"blue\">Protecci\u00f3n de sobregiros<\/h3>\n\n\t\t\t\t\t\t\t\t<p>\u2022 : La protecci\u00f3n de sobregiros te protege de eventuales tarifas y complicaciones, ya que cubre el faltante de manera autom\u00e1tica cuando haces una compra que excede el saldo de tu cuenta.<\/p>\n\n\t\t\t\t\t\t\t\t<div class=\"btn blue \" role=\"button\" tabindex=\"0\">Conoce M\u00e1s <span class=\"primaryColor\">+<\/span> <div class=\"backing\"><\/div><\/div>\n\t\t\t\t\t\t\t<\/div>\n\n\t\t\t\t\t\t\t<a href=\"https:\/\/baycoast.bank\/es\/otros-servicios\/proteccion-de-sobregiros\/\"><\/a>\n\t\t\t\t\t\t<\/div>\n\n\t\t\t\t\t\t\t\t<\/div>\n\t\t<\/div>\n\t<\/div>\n<\/div><\/div>","protected":false},"excerpt":{"rendered":"","protected":false},"author":1,"featured_media":5469,"parent":0,"menu_order":43,"comment_status":"closed","ping_status":"closed","template":"","meta":{"_acf_changed":false,"inline_featured_image":false,"footnotes":""},"class_list":["post-7160","page","type-page","status-publish","has-post-thumbnail","hentry"],"acf":[],"featured_image_urls_v2":{"full":["https:\/\/baycoast.bank\/wp-content\/uploads\/2020\/07\/resource_fixedVsAdjustable-min-e1596767061498.jpg",2121,1203,false],"thumbnail":["https:\/\/baycoast.bank\/wp-content\/uploads\/2020\/07\/resource_fixedVsAdjustable-min-e1596767061498-150x150.jpg",150,150,true],"medium":["https:\/\/baycoast.bank\/wp-content\/uploads\/2020\/07\/resource_fixedVsAdjustable-min-e1596767061498-300x170.jpg",300,170,true],"medium_large":["https:\/\/baycoast.bank\/wp-content\/uploads\/2020\/07\/resource_fixedVsAdjustable-min-e1596767061498-768x436.jpg",768,436,true],"large":["https:\/\/baycoast.bank\/wp-content\/uploads\/2020\/07\/resource_fixedVsAdjustable-min-e1596767061498-1024x581.jpg",1024,581,true],"1536x1536":["https:\/\/baycoast.bank\/wp-content\/uploads\/2020\/07\/resource_fixedVsAdjustable-min-e1596767061498-1536x871.jpg",1536,871,true],"2048x2048":["https:\/\/baycoast.bank\/wp-content\/uploads\/2020\/07\/resource_fixedVsAdjustable-min-e1596767061498-2048x1162.jpg",2048,1162,true]},"post_excerpt_stackable_v2":"<p>Otros Servicios Cualesquiera sean los servicios bancarios que necesites, BayCoast Bank puede ayudarte. Cualesquiera sean los servicios bancarios que necesites, BayCoast Bank puede ayudarte. Junto con nuestros servicios personales de cuentas de cheques, cuentas de ahorros y pr\u00e9stamos, brindamos otras soluciones y servicios financieros para que nuestros clientes puedan cubrir todas sus necesidades bancarias. Desde cambios de divisas, tarjetas de cr\u00e9dito, cajeros interactivos (ITM) y tarjetas de ATM \/ d\u00e9bito, hasta cajas de seguridad, estados de cuenta electr\u00f3nicos (eStatement) y protecci\u00f3n de sobregiros, puedes obtener m\u00e1s informaci\u00f3n sobre nuestros servicios adicionales a continuaci\u00f3n: Cambios de divisas: \u00bfDisfrutas de unas croissants&hellip;<\/p>\n","category_list_v2":"","author_info_v2":{"name":"","url":"https:\/\/baycoast.bank\/es\/author\/"},"comments_num_v2":"0 comentarios","publishpress_future_action":{"enabled":false,"date":"2026-04-28 18:00:28","action":"change-status","newStatus":"draft","terms":[],"taxonomy":"translation_priority","extraData":[]},"publishpress_future_workflow_manual_trigger":{"enabledWorkflows":[]},"_links":{"self":[{"href":"https:\/\/baycoast.bank\/es\/wp-json\/wp\/v2\/pages\/7160","targetHints":{"allow":["GET"]}}],"collection":[{"href":"https:\/\/baycoast.bank\/es\/wp-json\/wp\/v2\/pages"}],"about":[{"href":"https:\/\/baycoast.bank\/es\/wp-json\/wp\/v2\/types\/page"}],"author":[{"embeddable":true,"href":"https:\/\/baycoast.bank\/es\/wp-json\/wp\/v2\/users\/1"}],"replies":[{"embeddable":true,"href":"https:\/\/baycoast.bank\/es\/wp-json\/wp\/v2\/comments?post=7160"}],"version-history":[{"count":0,"href":"https:\/\/baycoast.bank\/es\/wp-json\/wp\/v2\/pages\/7160\/revisions"}],"wp:featuredmedia":[{"embeddable":true,"href":"https:\/\/baycoast.bank\/es\/wp-json\/wp\/v2\/media\/5469"}],"wp:attachment":[{"href":"https:\/\/baycoast.bank\/es\/wp-json\/wp\/v2\/media?parent=7160"}],"curies":[{"name":"wp","href":"https:\/\/api.w.org\/{rel}","templated":true}]}}