{"id":7162,"date":"2020-08-07T14:52:15","date_gmt":"2020-08-07T18:52:15","guid":{"rendered":"https:\/\/baycoast.bank\/otros-servicios\/tarjeta-de-atm-debito\/"},"modified":"2024-01-10T13:10:01","modified_gmt":"2024-01-10T18:10:01","slug":"tarjeta-de-atm-debito","status":"publish","type":"page","link":"https:\/\/baycoast.bank\/es\/otros-servicios\/tarjeta-de-atm-debito\/","title":{"rendered":"Tarjeta de ATM\/D\u00e9bito"},"content":{"rendered":"<div class=\"lazyblock-interior-hero-1LNQ87 wp-block-lazyblock-interior-hero\">\n<div class=\"section hero\">\n\t<div class=\"backing parallaxContainer\">\n\t\t<div class=\"backing\" style=\"background-image: url(https:\/\/baycoast.bank\/wp-content\/uploads\/2020\/07\/iStock-1077565558-min-e1616788103918.jpg\" role=\"img\" aria-label=\"Hero Image\"><\/div>\n\t<\/div>\n\n\t<div class=\"heroContent\">\n\t\t<div class=\"plusPlus blue\" ><\/div>\n\t\t\n\t\t<div class=\"heroWrapper\">\n\t\t\t<div class=\"heroBlock bgWhite\">\n\t\t\t\t\n\t\t\t\t<div class=\"heroBlockHeadline\">\n\n\t\t\t\t\t\t\t\t\t\t\t<div class=\"categories flex\" style=\"justify-content: flex-start;\">\n\t\t\t\t\t\t\t<div class=\"h6\">\n\n\t\t\t\t\t\t\t  \t\t\t\t\t\t\t\t    \t<a href=\"https:\/\/baycoast.bank\/es\/otros-servicios\/\">Otros Servicios<\/a>\n\t\t\t\t\t\t\t    \t\t\t\t\t\t\t  \n\t\t\t\t\t\t\t<\/div>\n\t\t\t\t\t\t\t\n\t\t\t\t\t\t\t\t\t\t\t\t\t<\/div>\n\t\t\t\t\t\t\t\t\t\t\n\t\t\t\t\t<h1 class=\"blue\">Tarjeta de ATM\/D\u00e9bito<\/h1>\n\t\t\t\t<\/div>\n\t\t\t<\/div>\n\t\t\t    \t\n\t\t\t\n\t\t<\/div>\n\t<\/div>\n<\/div> \n\n<div class=\"spacer\"><\/div><\/div><div class=\"lazyblock-interior-content-Z1pDAox wp-block-lazyblock-interior-content\"><div class=\"spacer\"><\/div>\n\n<div class=\"section\">\n\t<div class=\"paddedWrapper\">\n\t\t<div class=\"wrapper flex gutenberg\" style=\"justify-content: center;\">\n\n\t\t\t\n\t\t\t<div class=\"smallWrapper gutenberg\">\n\t\t\t\n\t\t\t\t<div class=\"h3\">Puedes usar tu tarjeta de ATM para acceder a cualquiera de tus cuentas de cheques o de ahorros con estado mensual de BayCoast Bank en miles de cajeros autom\u00e1ticos (ATM).<\/div>\n\t\t\t  \n\t\t\t  \t<hr style=\"margin-bottom: 5rem;\">\n\t\t\t\t\n\t\t\t\t\n\n<p>BayCoast Bank es miembro de la red SUM, as\u00ed que evitar\u00e1s que te impongan recargos los propietarios de otros cajeros autom\u00e1ticos (ATM) de la red SUM. Dependiendo de las caracter\u00edsticas de tu cuenta con BayCoast Bank, de todos modos podr\u00edas incurrir en una comisi\u00f3n por usar el cajero autom\u00e1tico (ATM) de otro banco. Consulta la informaci\u00f3n para tu cuenta de dep\u00f3sitos.<\/p>\n\n\n\n<h2 class=\"wp-block-heading blue h5\">Tarjeta de d\u00e9bito MasterCard\u00ae<\/h2>\n\n\n\n<p>Funciona como un cheque, pero mejor. Cuando haces compras, el monto se deduce directamente de tu cuenta de cheques. Adem\u00e1s, tiene como adicional la conveniencia y la protecci\u00f3n de seguridad que brinda la tecnolog\u00eda de microchip. Esta tarjeta de d\u00e9bito tiene integrado un microchip que protege las compras en tiendas, ya que genera un c\u00f3digo \u00fanico de un solo uso por cada transacci\u00f3n. Tal tecnolog\u00eda te proporciona un mayor nivel de seguridad y tranquilidad cuando haces transacciones en terminales habilitadas para microchip. <a href=\"https:\/\/baycoast.bank\/wp-content\/uploads\/2020\/08\/Chip-Card-FAQ.pdf\" target=\"_blank\" rel=\"noreferrer noopener\">Conoce m\u00e1s acerca de las tarjetas con microchip.<\/a><\/p>\n\n\n\n<ul class=\"wp-block-list\">\n<li>Sin comisiones por compra<\/li>\n\n\n\n<li>Sin comisiones anuales<\/li>\n\n\n\n<li>Sin cuotas en ning\u00fan BayCoast Bank ni ubicaciones de cajeros autom\u00e1ticos (ATM)<\/li>\n\n\n\n<li>Aceptada en todo el mundo donde se exhiban los logotipos de Mastercard\u00ae, NYCE\u00ae, PLUS o MoneyPass\u00ae.<\/li>\n<\/ul>\n\n\n\n<h2 class=\"wp-block-heading blue h5\">\u00bfTarjeta extraviada o robada?<\/h2>\n\n\n\n<p>Si necesitas reportar una tarjeta extraviada o robada, hazlo de inmediato. Durante el horario de oficina llama a BayCoast Bank al 508-678-7641,o al 833-337-6075 fuera del horario de oficina.<\/p>\n\n\n\t\t\t<\/div>\n\n\t\t<\/div>\n\t<\/div>\n<\/div> <\/div>","protected":false},"excerpt":{"rendered":"<p>Un modo conveniente y seguro de tener acceso a tus fondos y administrarlos, para que los pagos y retiros diarios sean una experiencia sin complicaciones.<\/p>\n","protected":false},"author":1,"featured_media":5399,"parent":7160,"menu_order":46,"comment_status":"closed","ping_status":"closed","template":"","meta":{"_acf_changed":false,"inline_featured_image":false,"footnotes":""},"class_list":["post-7162","page","type-page","status-publish","has-post-thumbnail","hentry"],"acf":[],"featured_image_urls_v2":{"full":["https:\/\/baycoast.bank\/wp-content\/uploads\/2020\/07\/iStock-1077565558-min-e1616788103918.jpg",2121,1219,false],"thumbnail":["https:\/\/baycoast.bank\/wp-content\/uploads\/2020\/07\/iStock-1077565558-min-e1616788103918-150x150.jpg",150,150,true],"medium":["https:\/\/baycoast.bank\/wp-content\/uploads\/2020\/07\/iStock-1077565558-min-e1616788103918-300x172.jpg",300,172,true],"medium_large":["https:\/\/baycoast.bank\/wp-content\/uploads\/2020\/07\/iStock-1077565558-min-e1616788103918-768x441.jpg",768,441,true],"large":["https:\/\/baycoast.bank\/wp-content\/uploads\/2020\/07\/iStock-1077565558-min-e1616788103918-1024x589.jpg",1024,589,true],"1536x1536":["https:\/\/baycoast.bank\/wp-content\/uploads\/2020\/07\/iStock-1077565558-min-e1616788103918-1536x883.jpg",1536,883,true],"2048x2048":["https:\/\/baycoast.bank\/wp-content\/uploads\/2020\/07\/iStock-1077565558-min-e1616788103918-2048x1177.jpg",2048,1177,true]},"post_excerpt_stackable_v2":"<p>Un modo conveniente y seguro de tener acceso a tus fondos y administrarlos, para que los pagos y retiros diarios sean una experiencia sin complicaciones.<\/p>\n","category_list_v2":"","author_info_v2":{"name":"","url":"https:\/\/baycoast.bank\/es\/author\/"},"comments_num_v2":"0 comentarios","publishpress_future_action":{"enabled":false,"date":"2026-04-24 01:08:13","action":"change-status","newStatus":"draft","terms":[],"taxonomy":"translation_priority","extraData":[]},"publishpress_future_workflow_manual_trigger":{"enabledWorkflows":[]},"_links":{"self":[{"href":"https:\/\/baycoast.bank\/es\/wp-json\/wp\/v2\/pages\/7162","targetHints":{"allow":["GET"]}}],"collection":[{"href":"https:\/\/baycoast.bank\/es\/wp-json\/wp\/v2\/pages"}],"about":[{"href":"https:\/\/baycoast.bank\/es\/wp-json\/wp\/v2\/types\/page"}],"author":[{"embeddable":true,"href":"https:\/\/baycoast.bank\/es\/wp-json\/wp\/v2\/users\/1"}],"replies":[{"embeddable":true,"href":"https:\/\/baycoast.bank\/es\/wp-json\/wp\/v2\/comments?post=7162"}],"version-history":[{"count":0,"href":"https:\/\/baycoast.bank\/es\/wp-json\/wp\/v2\/pages\/7162\/revisions"}],"up":[{"embeddable":true,"href":"https:\/\/baycoast.bank\/es\/wp-json\/wp\/v2\/pages\/7160"}],"wp:featuredmedia":[{"embeddable":true,"href":"https:\/\/baycoast.bank\/es\/wp-json\/wp\/v2\/media\/5399"}],"wp:attachment":[{"href":"https:\/\/baycoast.bank\/es\/wp-json\/wp\/v2\/media?parent=7162"}],"curies":[{"name":"wp","href":"https:\/\/api.w.org\/{rel}","templated":true}]}}