{"id":7166,"date":"2020-08-07T15:12:16","date_gmt":"2020-08-07T19:12:16","guid":{"rendered":"https:\/\/baycoast.bank\/apple-y-google-pay\/"},"modified":"2023-02-28T15:57:57","modified_gmt":"2023-02-28T20:57:57","slug":"apple-y-google-pay","status":"publish","type":"page","link":"https:\/\/baycoast.bank\/es\/banca-en-linea\/apple-y-google-pay\/","title":{"rendered":"Apple y Google Pay"},"content":{"rendered":"<div class=\"lazyblock-interior-hero-2wCQC9 wp-block-lazyblock-interior-hero\">\n<div class=\"section hero\">\n\t<div class=\"backing parallaxContainer\">\n\t\t<div class=\"backing\" style=\"background-image: url(https:\/\/baycoast.bank\/wp-content\/uploads\/2020\/05\/womanPhone-min.jpg\" role=\"img\" aria-label=\"Hero Image\"><\/div>\n\t<\/div>\n\n\t<div class=\"heroContent\">\n\t\t<div class=\"plusPlus blue\" ><\/div>\n\t\t\n\t\t<div class=\"heroWrapper\">\n\t\t\t<div class=\"heroBlock bgWhite\">\n\t\t\t\t\n\t\t\t\t<div class=\"heroBlockHeadline\">\n\n\t\t\t\t\t\t\t\t\t\t\t<div class=\"categories flex\" style=\"justify-content: flex-start;\">\n\t\t\t\t\t\t\t<div class=\"h6\">\n\n\t\t\t\t\t\t\t  \t\t\t\t\t\t\t\t    \t<a href=\"https:\/\/baycoast.bank\/es\/banca-en-linea\/\">Banca en l\u00ednea<\/a>\n\t\t\t\t\t\t\t    \t\t\t\t\t\t\t  \n\t\t\t\t\t\t\t<\/div>\n\t\t\t\t\t\t\t\n\t\t\t\t\t\t\t\t\t\t\t\t\t<\/div>\n\t\t\t\t\t\t\t\t\t\t\n\t\t\t\t\t<h1 class=\"blue\">Apple y Google Pay<\/h1>\n\t\t\t\t<\/div>\n\t\t\t<\/div>\n\t\t\t    \t\n\t\t\t\n\t\t<\/div>\n\t<\/div>\n<\/div> \n\n<div class=\"spacer\"><\/div><\/div><div class=\"lazyblock-interior-content-ZGpYKY wp-block-lazyblock-interior-content\"><div class=\"spacer\"><\/div>\n\n<div class=\"section\">\n\t<div class=\"paddedWrapper\">\n\t\t<div class=\"wrapper flex gutenberg\" style=\"justify-content: center;\">\n\n\t\t\t\n\t\t\t<div class=\"smallWrapper gutenberg\">\n\t\t\t\n\t\t\t\t<div class=\"h3\">Conecta tu cuenta de BayCoast con estos servicios para pagar con facilidad a trav\u00e9s de tu dispositivo m\u00f3vil.<\/div>\n\t\t\t  \n\t\t\t  \t<hr style=\"margin-bottom: 5rem;\">\n\t\t\t\t\n\t\t\t\t\n\n<figure class=\"wp-block-image size-thumbnail is-resized\"><img decoding=\"async\" src=\"https:\/\/baycoast.bank\/wp-content\/uploads\/2020\/08\/apple-pay.svg\" alt=\"\" class=\"wp-image-1132\" width=\"120\" height=\"266\"\/><\/figure>\n\n\n\n<p>Apple Pay es una aplicaci\u00f3n de servicio de pagos m\u00f3viles y cartera digital que usa Near Field Communication (NFC) para iniciar transacciones de pago entre terminales de pago inal\u00e1mbricas sin contacto y dispositivos Apple iOS como el iPhone 6, iPhone 6 Plus y Apple Watch.<\/p>\n\n\n<div class=\"lazyblock-buttons-Z1xiOo4 wp-block-lazyblock-buttons\"><div class=\"buttonsListed\">\n\t\t\t\t\t\t\t\n\t<div class=\"grid\" style=\"align-items: center;\">\n\t\t\t\t\t<a href=\"http:\/\/www.apple.com\/apple-pay\/\" target=\"_blank\" rel=\"noopener\"><div class=\"btn blue\" role=\"button\" tabindex=\"0\">Conoce m\u00e1s.&nbsp;<span class=\"primaryColor\">+<\/span> <div class=\"backing\"><\/div><\/div><\/a>\n\t\t\t<\/div>\n\t\n<\/div><\/div>\n\n\n<div style=\"height:80px\" aria-hidden=\"true\" class=\"wp-block-spacer\"><\/div>\n\n\n\n<figure class=\"wp-block-image size-full is-resized\"><img decoding=\"async\" src=\"https:\/\/baycoast.bank\/wp-content\/uploads\/2020\/08\/google-pay-primary-logo.svg\" alt=\"\" class=\"wp-image-1133\" width=\"120\"\/><\/figure>\n\n\n\n<p>Google Pay es el modo r\u00e1pido y simple de pagar en millones de lugares: en l\u00ednea, en tiendas y m\u00e1s. Tiene todo lo que necesitas al pagar y mantiene tu informaci\u00f3n segura.<\/p>\n\n\n<div class=\"lazyblock-buttons-pqVRG wp-block-lazyblock-buttons\"><div class=\"buttonsListed\">\n\t\t\t\t\t\t\t\n\t<div class=\"grid\" style=\"align-items: center;\">\n\t\t\t\t\t<a href=\"https:\/\/pay.google.com\/about\/\" target=\"_blank\" rel=\"noopener\"><div class=\"btn blue\" role=\"button\" tabindex=\"0\">Conoce m\u00e1s.&nbsp;<span class=\"primaryColor\">+<\/span> <div class=\"backing\"><\/div><\/div><\/a>\n\t\t\t<\/div>\n\t\n<\/div><\/div>\n\n\t\t\t<\/div>\n\n\t\t<\/div>\n\t<\/div>\n<\/div> <\/div>","protected":false},"excerpt":{"rendered":"","protected":false},"author":1,"featured_media":5293,"parent":7246,"menu_order":38,"comment_status":"closed","ping_status":"closed","template":"","meta":{"_acf_changed":false,"inline_featured_image":false,"footnotes":""},"class_list":["post-7166","page","type-page","status-publish","has-post-thumbnail","hentry"],"acf":[],"featured_image_urls_v2":{"full":["https:\/\/baycoast.bank\/wp-content\/uploads\/2020\/05\/womanPhone-min.jpg",1441,961,false],"thumbnail":["https:\/\/baycoast.bank\/wp-content\/uploads\/2020\/05\/womanPhone-min-150x150.jpg",150,150,true],"medium":["https:\/\/baycoast.bank\/wp-content\/uploads\/2020\/05\/womanPhone-min-300x200.jpg",300,200,true],"medium_large":["https:\/\/baycoast.bank\/wp-content\/uploads\/2020\/05\/womanPhone-min-768x512.jpg",768,512,true],"large":["https:\/\/baycoast.bank\/wp-content\/uploads\/2020\/05\/womanPhone-min-1024x683.jpg",1024,683,true],"1536x1536":["https:\/\/baycoast.bank\/wp-content\/uploads\/2020\/05\/womanPhone-min.jpg",1441,961,false],"2048x2048":["https:\/\/baycoast.bank\/wp-content\/uploads\/2020\/05\/womanPhone-min.jpg",1441,961,false]},"post_excerpt_stackable_v2":"<p>Banca en l\u00ednea Apple y Google Pay Conecta tu cuenta de BayCoast con estos servicios para pagar con facilidad a trav\u00e9s de tu dispositivo m\u00f3vil. Apple Pay es una aplicaci\u00f3n de servicio de pagos m\u00f3viles y cartera digital que usa Near Field Communication (NFC) para iniciar transacciones de pago entre terminales de pago inal\u00e1mbricas sin contacto y dispositivos Apple iOS como el iPhone 6, iPhone 6 Plus y Apple Watch. Conoce m\u00e1s.&nbsp;+ Google Pay es el modo r\u00e1pido y simple de pagar en millones de lugares: en l\u00ednea, en tiendas y m\u00e1s. Tiene todo lo que necesitas al pagar y&hellip;<\/p>\n","category_list_v2":"","author_info_v2":{"name":"","url":"https:\/\/baycoast.bank\/es\/author\/"},"comments_num_v2":"0 comentarios","publishpress_future_action":{"enabled":false,"date":"2026-05-09 05:18:55","action":"change-status","newStatus":"draft","terms":[],"taxonomy":"translation_priority","extraData":[]},"publishpress_future_workflow_manual_trigger":{"enabledWorkflows":[]},"_links":{"self":[{"href":"https:\/\/baycoast.bank\/es\/wp-json\/wp\/v2\/pages\/7166","targetHints":{"allow":["GET"]}}],"collection":[{"href":"https:\/\/baycoast.bank\/es\/wp-json\/wp\/v2\/pages"}],"about":[{"href":"https:\/\/baycoast.bank\/es\/wp-json\/wp\/v2\/types\/page"}],"author":[{"embeddable":true,"href":"https:\/\/baycoast.bank\/es\/wp-json\/wp\/v2\/users\/1"}],"replies":[{"embeddable":true,"href":"https:\/\/baycoast.bank\/es\/wp-json\/wp\/v2\/comments?post=7166"}],"version-history":[{"count":0,"href":"https:\/\/baycoast.bank\/es\/wp-json\/wp\/v2\/pages\/7166\/revisions"}],"up":[{"embeddable":true,"href":"https:\/\/baycoast.bank\/es\/wp-json\/wp\/v2\/pages\/7246"}],"wp:featuredmedia":[{"embeddable":true,"href":"https:\/\/baycoast.bank\/es\/wp-json\/wp\/v2\/media\/5293"}],"wp:attachment":[{"href":"https:\/\/baycoast.bank\/es\/wp-json\/wp\/v2\/media?parent=7166"}],"curies":[{"name":"wp","href":"https:\/\/api.w.org\/{rel}","templated":true}]}}