{"id":7168,"date":"2020-08-07T16:39:15","date_gmt":"2020-08-07T20:39:15","guid":{"rendered":"https:\/\/baycoast.bank\/declaracion-de-exoneracion\/"},"modified":"2023-06-06T13:11:51","modified_gmt":"2023-06-06T17:11:51","slug":"declaracion-de-exoneracion","status":"publish","type":"page","link":"https:\/\/baycoast.bank\/es\/declaracion-de-exoneracion\/","title":{"rendered":"Declaraci\u00f3n de exoneraci\u00f3n"},"content":{"rendered":"<div class=\"lazyblock-no-hero-Z1LN4W5 wp-block-lazyblock-no-hero\"><div class=\"noHero\" style=\"height: 10rem;\"><\/div><\/div><div class=\"lazyblock-interior-content-ZFo4Dp wp-block-lazyblock-interior-content\"><div class=\"spacer\"><\/div>\n\n<div class=\"section\">\n\t<div class=\"paddedWrapper\">\n\t\t<div class=\"wrapper flex gutenberg\" style=\"justify-content: center;\">\n\n\t\t\t\n\t\t\t<div class=\"smallWrapper gutenberg\">\n\t\t\t\n\t\t\t\t<div class=\"h3\"><\/div>\n\t\t\t  \n\t\t\t  \t<hr style=\"margin-bottom: 5rem;\">\n\t\t\t\t\n\t\t\t\t\n\n<h1 class=\"wp-block-heading has-large-font-size\">Este sitio web destinado a brindar informaci\u00f3n y realizar transacciones es propiedad de Partners Insurance Group.<\/h1>\n\n\n\n<p>No est\u00e1 permitido el acceso ni uso no autorizado, que constituye un delito punible por ley (18 USC 1030). Queda estrictamente prohibida cualquiera divulgaci\u00f3n, distribuci\u00f3n o copia de informacion de este sitio web.<\/p>\n\n\n\n<p>Las ofertas, tasas, t\u00e9rminos, y otra informaci\u00f3n que se brinde en este sitio web est\u00e1n sujetas a cambios sin previo aviso y se pueden retirar en cualquier momento.<\/p>\n\n\n\n<p>Debido a la posibilidad de error humano y mec\u00e1nico, as\u00ed como otros factores, BayCoast Bank no asume ninguna responsabilidad por los errores y omisiones de la informaci\u00f3n contenida o a la que se acceda en este sitio web. Dicha informaci\u00f3n se proporciona al usuario en el estado en que encuentra, sin garant\u00edas expresas o impl\u00edcitas de ning\u00fan tipo, incluidas las garant\u00edas de comerciabilidad, la no infracci\u00f3n de propiedad intelectual o su adecuaci\u00f3n para un prop\u00f3sito en particular. Asimismo, BayCoast Bank no se hace responsable por ninguna demora, dificultad de uso, imprecisi\u00f3n de la informaci\u00f3n, virus inform\u00e1ticos, c\u00f3digos maliciosos ni ning\u00fan otro defecto en este sitio web.<\/p>\n\n\n\t\t\t<\/div>\n\n\t\t<\/div>\n\t<\/div>\n<\/div> <\/div>","protected":false},"excerpt":{"rendered":"","protected":false},"author":1,"featured_media":0,"parent":0,"menu_order":163,"comment_status":"closed","ping_status":"closed","template":"","meta":{"_acf_changed":false,"inline_featured_image":false,"footnotes":""},"class_list":["post-7168","page","type-page","status-publish","hentry"],"acf":[],"featured_image_urls_v2":{"full":"","thumbnail":"","medium":"","medium_large":"","large":"","1536x1536":"","2048x2048":""},"post_excerpt_stackable_v2":"<p>Este sitio web destinado a brindar informaci\u00f3n y realizar transacciones es propiedad de Partners Insurance Group. No est\u00e1 permitido el acceso ni uso no autorizado, que constituye un delito punible por ley (18 USC 1030). Queda estrictamente prohibida cualquiera divulgaci\u00f3n, distribuci\u00f3n o copia de informacion de este sitio web. Las ofertas, tasas, t\u00e9rminos, y otra informaci\u00f3n que se brinde en este sitio web est\u00e1n sujetas a cambios sin previo aviso y se pueden retirar en cualquier momento. Debido a la posibilidad de error humano y mec\u00e1nico, as\u00ed como otros factores, BayCoast Bank no asume ninguna responsabilidad por los errores y&hellip;<\/p>\n","category_list_v2":"","author_info_v2":{"name":"","url":"https:\/\/baycoast.bank\/es\/author\/"},"comments_num_v2":"0 comentarios","publishpress_future_action":{"enabled":false,"date":"2026-04-26 09:35:34","action":"change-status","newStatus":"draft","terms":[],"taxonomy":"translation_priority","extraData":[]},"publishpress_future_workflow_manual_trigger":{"enabledWorkflows":[]},"_links":{"self":[{"href":"https:\/\/baycoast.bank\/es\/wp-json\/wp\/v2\/pages\/7168","targetHints":{"allow":["GET"]}}],"collection":[{"href":"https:\/\/baycoast.bank\/es\/wp-json\/wp\/v2\/pages"}],"about":[{"href":"https:\/\/baycoast.bank\/es\/wp-json\/wp\/v2\/types\/page"}],"author":[{"embeddable":true,"href":"https:\/\/baycoast.bank\/es\/wp-json\/wp\/v2\/users\/1"}],"replies":[{"embeddable":true,"href":"https:\/\/baycoast.bank\/es\/wp-json\/wp\/v2\/comments?post=7168"}],"version-history":[{"count":0,"href":"https:\/\/baycoast.bank\/es\/wp-json\/wp\/v2\/pages\/7168\/revisions"}],"wp:attachment":[{"href":"https:\/\/baycoast.bank\/es\/wp-json\/wp\/v2\/media?parent=7168"}],"curies":[{"name":"wp","href":"https:\/\/api.w.org\/{rel}","templated":true}]}}