{"id":7176,"date":"2020-08-09T17:26:15","date_gmt":"2020-08-09T21:26:15","guid":{"rendered":"https:\/\/baycoast.bank\/seguridad-de-la-banca-movil\/"},"modified":"2023-02-28T15:54:56","modified_gmt":"2023-02-28T20:54:56","slug":"seguridad-de-la-banca-movil","status":"publish","type":"page","link":"https:\/\/baycoast.bank\/es\/banca-en-linea\/banca-movil\/seguridad-de-la-banca-movil\/","title":{"rendered":"Seguridad de la banca m\u00f3vil"},"content":{"rendered":"<div class=\"lazyblock-interior-hero-Z2U5Rl wp-block-lazyblock-interior-hero\">\n<div class=\"section hero\">\n\t<div class=\"backing parallaxContainer\">\n\t\t<div class=\"backing\" style=\"background-image: url(https:\/\/baycoast.bank\/wp-content\/uploads\/2020\/07\/iStock-468353920-min.jpg\" role=\"img\" aria-label=\"Hero Image\"><\/div>\n\t<\/div>\n\n\t<div class=\"heroContent\">\n\t\t<div class=\"plusPlus blue\" ><\/div>\n\t\t\n\t\t<div class=\"heroWrapper\">\n\t\t\t<div class=\"heroBlock bgWhite\">\n\t\t\t\t\n\t\t\t\t<div class=\"heroBlockHeadline\">\n\n\t\t\t\t\t\t\t\t\t\t\t<div class=\"categories flex\" style=\"justify-content: flex-start;\">\n\t\t\t\t\t\t\t<div class=\"h6\">\n\n\t\t\t\t\t\t\t  \t\t\t\t\t\t\t\t    \t<a href=\"https:\/\/baycoast.bank\/es\/banca-en-linea\/banca-movil\/\">Banca m\u00f3vil<\/a>\n\t\t\t\t\t\t\t    \t\t\t\t\t\t\t  \n\t\t\t\t\t\t\t<\/div>\n\t\t\t\t\t\t\t\n\t\t\t\t\t\t\t\t\t\t\t\t\t<\/div>\n\t\t\t\t\t\t\t\t\t\t\n\t\t\t\t\t<h1 class=\"blue\">Seguridad de la banca m\u00f3vil<\/h1>\n\t\t\t\t<\/div>\n\t\t\t<\/div>\n\t\t\t    \t\n\t\t\t\n\t\t<\/div>\n\t<\/div>\n<\/div> \n\n<div class=\"spacer\"><\/div><\/div><div class=\"lazyblock-interior-content-qwrfz wp-block-lazyblock-interior-content\"><div class=\"spacer\"><\/div>\n\n<div class=\"section\">\n\t<div class=\"paddedWrapper\">\n\t\t<div class=\"wrapper flex gutenberg\" style=\"justify-content: center;\">\n\n\t\t\t\n\t\t\t<div class=\"smallWrapper gutenberg\">\n\t\t\t\n\t\t\t\t<div class=\"h3\"><\/div>\n\t\t\t  \n\t\t\t  \t<hr style=\"margin-bottom: 5rem;\">\n\t\t\t\t\n\t\t\t\t\n\n<h2 class=\"h3 wp-block-heading\">Registro m\u00f3vil seguro<\/h2>\n\n\n\n<ul class=\"wp-block-list\">\n<li>Es necesario inscribirse en la banca en l\u00ednea para tener acceso a la banca m\u00f3vil de BayCoast Bank.<\/li>\n\n\n\n<li>Los usuarios usan el mismo nombre de usuario y contrase\u00f1a en la banca electr\u00f3nica.<\/li>\n\n\n\n<li>Los empleados de BayCoast Bank nunca tendr\u00e1n acceso al nombre de usuario y contrase\u00f1a, ni a las preguntas y respuestas sobre la seguridad.<\/li>\n\n\n\n<li>Solo funcionar\u00e1n los c\u00f3digos de mensajes de texto SMS v\u00e1lidos de n\u00fameros de tel\u00e9fono previamente activados. Se usan los sistemas de seguridad m\u00e1s fuertes disponibles para asegurar conexiones seguras.<\/li>\n<\/ul>\n\n\n\n<p><strong>Tel\u00e9fono extraviado\/robado<\/strong><\/p>\n\n\n\n<ul class=\"wp-block-list\">\n<li>Deshabilita la banca electr\u00f3nica ingresando a la banca m\u00f3vil y haciendo clic en la pesta\u00f1a de navegaci\u00f3n \u00abBanca M\u00f3vil y Alertas\u00bb para que tu tel\u00e9fono quede desactivado. Comun\u00edcate con Comercio Electr\u00f3nico (eCommerce) al 508-675-4404 si necesitas asistencia.<\/li>\n\n\n\n<li>Ponte en contacto con tu proveedor de servicios inal\u00e1mbricos para reportar un tel\u00e9fono extraviado o robado y p\u00eddele que suspendan tu servicio de inmediato.<\/li>\n<\/ul>\n\n\n\n<p><strong>Consejos \u00fatiles para mantener tu seguridad m\u00f3vil<\/strong><\/p>\n\n\n\n<ul class=\"wp-block-list\">\n<li>Descarga y aplica las actualizaciones y parches de seguridad a tu navegador de Internet cuando tu proveedor inal\u00e1mbrico los pone a disposici\u00f3n. Han sido dise\u00f1ados para protegerte de posibles problemas de seguridad ya conocidos.<\/li>\n\n\n\n<li>Para evitar la llegada de virus u otros problemas indeseados, no abras nunca adjuntos de fuentes desconocidas o no confiables.<\/li>\n\n\n\n<li>No instales software pirata ni software de fuentes desconocidas.<\/li>\n\n\n\n<li>Limita el acceso no autorizado a tu tel\u00e9fono celular. Nunca dejes desatendido tu tel\u00e9fono m\u00f3vil durante una sesi\u00f3n abierta con tu banca movil.<\/li>\n\n\n\n<li>Nunca guardes en tu nombre de usuario o tu contrase\u00f1a en tu tel\u00e9fono m\u00f3vil, en memos ni en ning\u00fan sitio en tu dispositivo.<\/li>\n\n\n\n<li>Recuerda siempre desconectarte correctamente usando el bot\u00f3n \u00abCerrar sesi\u00f3n\u00bb (Sign Off) cuando hayas concluido con tus actividades de banca m\u00f3vil.<\/li>\n\n\n\n<li>Ten presente la posibilidad de que existan aplicaciones fraudulentas de banca m\u00f3vil.<\/li>\n<\/ul>\n\n\n\n<p>BayCoast Bank NUNCA te pedir\u00e1 n\u00fameros de cuenta, contrase\u00f1as ni otros datos personales sensibles por correo electr\u00f3nico, tel\u00e9fono ni ning\u00fan otro m\u00e9todo. Del mismo modo, nunca debes enviar informaci\u00f3n personal como n\u00fameros de cuentas o de la seguridad social en tus mensajes de correo electr\u00f3nico si no conoces al receptor.<\/p>\n\n\n\t\t\t<\/div>\n\n\t\t<\/div>\n\t<\/div>\n<\/div> <\/div>","protected":false},"excerpt":{"rendered":"","protected":false},"author":1,"featured_media":5439,"parent":7248,"menu_order":32,"comment_status":"closed","ping_status":"closed","template":"","meta":{"_acf_changed":false,"inline_featured_image":false,"footnotes":""},"class_list":["post-7176","page","type-page","status-publish","has-post-thumbnail","hentry"],"acf":[],"featured_image_urls_v2":{"full":["https:\/\/baycoast.bank\/wp-content\/uploads\/2020\/07\/iStock-468353920-min.jpg",2046,1466,false],"thumbnail":["https:\/\/baycoast.bank\/wp-content\/uploads\/2020\/07\/iStock-468353920-min-150x150.jpg",150,150,true],"medium":["https:\/\/baycoast.bank\/wp-content\/uploads\/2020\/07\/iStock-468353920-min-300x215.jpg",300,215,true],"medium_large":["https:\/\/baycoast.bank\/wp-content\/uploads\/2020\/07\/iStock-468353920-min-768x550.jpg",768,550,true],"large":["https:\/\/baycoast.bank\/wp-content\/uploads\/2020\/07\/iStock-468353920-min-1024x734.jpg",1024,734,true],"1536x1536":["https:\/\/baycoast.bank\/wp-content\/uploads\/2020\/07\/iStock-468353920-min-1536x1101.jpg",1536,1101,true],"2048x2048":["https:\/\/baycoast.bank\/wp-content\/uploads\/2020\/07\/iStock-468353920-min.jpg",2046,1466,false]},"post_excerpt_stackable_v2":"<p>Banca m\u00f3vil Seguridad de la banca m\u00f3vil Registro m\u00f3vil seguro Es necesario inscribirse en la banca en l\u00ednea para tener acceso a la banca m\u00f3vil de BayCoast Bank. Los usuarios usan el mismo nombre de usuario y contrase\u00f1a en la banca electr\u00f3nica. Los empleados de BayCoast Bank nunca tendr\u00e1n acceso al nombre de usuario y contrase\u00f1a, ni a las preguntas y respuestas sobre la seguridad. Solo funcionar\u00e1n los c\u00f3digos de mensajes de texto SMS v\u00e1lidos de n\u00fameros de tel\u00e9fono previamente activados. Se usan los sistemas de seguridad m\u00e1s fuertes disponibles para asegurar conexiones seguras. Tel\u00e9fono extraviado\/robado Deshabilita la banca electr\u00f3nica&hellip;<\/p>\n","category_list_v2":"","author_info_v2":{"name":"","url":"https:\/\/baycoast.bank\/es\/author\/"},"comments_num_v2":"0 comentarios","publishpress_future_action":{"enabled":false,"date":"2026-05-09 01:00:32","action":"change-status","newStatus":"draft","terms":[],"taxonomy":"translation_priority","extraData":[]},"publishpress_future_workflow_manual_trigger":{"enabledWorkflows":[]},"_links":{"self":[{"href":"https:\/\/baycoast.bank\/es\/wp-json\/wp\/v2\/pages\/7176","targetHints":{"allow":["GET"]}}],"collection":[{"href":"https:\/\/baycoast.bank\/es\/wp-json\/wp\/v2\/pages"}],"about":[{"href":"https:\/\/baycoast.bank\/es\/wp-json\/wp\/v2\/types\/page"}],"author":[{"embeddable":true,"href":"https:\/\/baycoast.bank\/es\/wp-json\/wp\/v2\/users\/1"}],"replies":[{"embeddable":true,"href":"https:\/\/baycoast.bank\/es\/wp-json\/wp\/v2\/comments?post=7176"}],"version-history":[{"count":0,"href":"https:\/\/baycoast.bank\/es\/wp-json\/wp\/v2\/pages\/7176\/revisions"}],"up":[{"embeddable":true,"href":"https:\/\/baycoast.bank\/es\/wp-json\/wp\/v2\/pages\/7248"}],"wp:featuredmedia":[{"embeddable":true,"href":"https:\/\/baycoast.bank\/es\/wp-json\/wp\/v2\/media\/5439"}],"wp:attachment":[{"href":"https:\/\/baycoast.bank\/es\/wp-json\/wp\/v2\/media?parent=7176"}],"curies":[{"name":"wp","href":"https:\/\/api.w.org\/{rel}","templated":true}]}}