{"id":7178,"date":"2020-08-09T17:31:59","date_gmt":"2020-08-09T21:31:59","guid":{"rendered":"https:\/\/baycoast.bank\/recursos\/herramientas-y-consejos\/consejos-para-viajes\/"},"modified":"2024-01-10T13:01:06","modified_gmt":"2024-01-10T18:01:06","slug":"consejos-para-viajes","status":"publish","type":"page","link":"https:\/\/baycoast.bank\/es\/recursos\/herramientas-y-consejos\/consejos-para-viajes\/","title":{"rendered":"Consejos para viajes"},"content":{"rendered":"<div class=\"lazyblock-interior-hero-9zWe3 wp-block-lazyblock-interior-hero\">\n<div class=\"section hero\">\n\t<div class=\"backing parallaxContainer\">\n\t\t<div class=\"backing\" style=\"background-image: url(https:\/\/baycoast.bank\/wp-content\/uploads\/2021\/04\/iStock-1217428017-min-e1618505675127.jpg\" role=\"img\" aria-label=\"Hero Image\"><\/div>\n\t<\/div>\n\n\t<div class=\"heroContent\">\n\t\t<div class=\"plusPlus blue\" ><\/div>\n\t\t\n\t\t<div class=\"heroWrapper\">\n\t\t\t<div class=\"heroBlock bgWhite\">\n\t\t\t\t\n\t\t\t\t<div class=\"heroBlockHeadline\">\n\n\t\t\t\t\t\t\t\t\t\t\t<div class=\"categories flex\" style=\"justify-content: flex-start;\">\n\t\t\t\t\t\t\t<div class=\"h6\">\n\n\t\t\t\t\t\t\t  \t\t\t\t\t\t\t\t    \t<a href=\"https:\/\/baycoast.bank\/es\/recursos\/herramientas-y-consejos\/\">Herramientas y Consejos<\/a>\n\t\t\t\t\t\t\t    \t\t\t\t\t\t\t  \n\t\t\t\t\t\t\t<\/div>\n\t\t\t\t\t\t\t\n\t\t\t\t\t\t\t\t\t\t\t\t\t<\/div>\n\t\t\t\t\t\t\t\t\t\t\n\t\t\t\t\t<h1 class=\"blue\">Consejos para viajes<\/h1>\n\t\t\t\t<\/div>\n\t\t\t<\/div>\n\t\t\t    \t\n\t\t\t\n\t\t<\/div>\n\t<\/div>\n<\/div> \n\n<div class=\"spacer\"><\/div><\/div><div class=\"lazyblock-interior-content-Z1A9afo wp-block-lazyblock-interior-content\"><div class=\"spacer\"><\/div>\n\n<div class=\"section\">\n\t<div class=\"paddedWrapper\">\n\t\t<div class=\"wrapper flex gutenberg\" style=\"justify-content: center;\">\n\n\t\t\t\n\t\t\t<div class=\"smallWrapper gutenberg\">\n\t\t\t\n\t\t\t\t<div class=\"h3\">\u00bfEst\u00e1s planeando alg\u00fan viaje?<\/div>\n\t\t\t  \n\t\t\t  \t<hr style=\"margin-bottom: 5rem;\">\n\t\t\t\t\n\t\t\t\t\n\n<ol class=\"wp-block-list\">\n<li>Por tu seguridad, monitoreamos transacciones de tarjeta de d\u00e9bito y podemos rechazar las que est\u00e9n fuera de tus actividades y patrones normales. Si estar\u00e1s de viaje, comun\u00edcanos tus planes siguiendo los siguientes pasos o llam\u00e1ndonos al 508-675-4404.<\/li>\n\n\n\n<li>Completa el <a href=\"https:\/\/baycoast.bank\/es\/acerca-de-nosotros\/servicio-al-cliente\/\">formulario de servicio al cliente por correo electr\u00f3nico<\/a>.<\/li>\n\n\n\n<li>Ingresa los rangos de las fechas de viaje, los estados de Estados Unidos o pa\u00edses adonde viajar\u00e1s, tu nombre y domicilio y los \u00faltimos 4 d\u00edgitos de tu tarjeta de d\u00e9bito MasterCard\u00ae en la casilla \u00abMensaje\u00bb (Message).<\/li>\n\n\n\n<li>Haz clic en \u00abEnviar\u00bb (Submit) y registraremos tu tarjeta para viajes. <\/li>\n<\/ol>\n\n\n\n<h2 class=\"wp-block-heading h4\"><em>\u00a1Deseamos que tengas un viaje maravilloso!<\/em><\/h2>\n\n\n\t\t\t<\/div>\n\n\t\t<\/div>\n\t<\/div>\n<\/div> <\/div>","protected":false},"excerpt":{"rendered":"","protected":false},"author":1,"featured_media":6041,"parent":7174,"menu_order":112,"comment_status":"closed","ping_status":"closed","template":"","meta":{"_acf_changed":false,"inline_featured_image":false,"footnotes":""},"class_list":["post-7178","page","type-page","status-publish","has-post-thumbnail","hentry"],"acf":[],"featured_image_urls_v2":{"full":["https:\/\/baycoast.bank\/wp-content\/uploads\/2021\/04\/iStock-1217428017-min-e1618505675127.jpg",1920,1080,false],"thumbnail":["https:\/\/baycoast.bank\/wp-content\/uploads\/2021\/04\/iStock-1217428017-min-e1618505675127-150x150.jpg",150,150,true],"medium":["https:\/\/baycoast.bank\/wp-content\/uploads\/2021\/04\/iStock-1217428017-min-e1618505675127-300x169.jpg",300,169,true],"medium_large":["https:\/\/baycoast.bank\/wp-content\/uploads\/2021\/04\/iStock-1217428017-min-e1618505675127-768x432.jpg",768,432,true],"large":["https:\/\/baycoast.bank\/wp-content\/uploads\/2021\/04\/iStock-1217428017-min-e1618505675127-1024x576.jpg",1024,576,true],"1536x1536":["https:\/\/baycoast.bank\/wp-content\/uploads\/2021\/04\/iStock-1217428017-min-e1618505675127-1536x864.jpg",1536,864,true],"2048x2048":["https:\/\/baycoast.bank\/wp-content\/uploads\/2021\/04\/iStock-1217428017-min-e1618505675127.jpg",1920,1080,false]},"post_excerpt_stackable_v2":"<p>Herramientas y Consejos Consejos para viajes \u00bfEst\u00e1s planeando alg\u00fan viaje? Por tu seguridad, monitoreamos transacciones de tarjeta de d\u00e9bito y podemos rechazar las que est\u00e9n fuera de tus actividades y patrones normales. Si estar\u00e1s de viaje, comun\u00edcanos tus planes siguiendo los siguientes pasos o llam\u00e1ndonos al 508-675-4404. Completa el formulario de servicio al cliente por correo electr\u00f3nico. Ingresa los rangos de las fechas de viaje, los estados de Estados Unidos o pa\u00edses adonde viajar\u00e1s, tu nombre y domicilio y los \u00faltimos 4 d\u00edgitos de tu tarjeta de d\u00e9bito MasterCard\u00ae en la casilla \u00abMensaje\u00bb (Message). Haz clic en \u00abEnviar\u00bb (Submit) y&hellip;<\/p>\n","category_list_v2":"","author_info_v2":{"name":"","url":"https:\/\/baycoast.bank\/es\/author\/"},"comments_num_v2":"0 comentarios","publishpress_future_action":{"enabled":false,"date":"2026-05-02 12:45:26","action":"change-status","newStatus":"draft","terms":[],"taxonomy":"translation_priority","extraData":[]},"publishpress_future_workflow_manual_trigger":{"enabledWorkflows":[]},"_links":{"self":[{"href":"https:\/\/baycoast.bank\/es\/wp-json\/wp\/v2\/pages\/7178","targetHints":{"allow":["GET"]}}],"collection":[{"href":"https:\/\/baycoast.bank\/es\/wp-json\/wp\/v2\/pages"}],"about":[{"href":"https:\/\/baycoast.bank\/es\/wp-json\/wp\/v2\/types\/page"}],"author":[{"embeddable":true,"href":"https:\/\/baycoast.bank\/es\/wp-json\/wp\/v2\/users\/1"}],"replies":[{"embeddable":true,"href":"https:\/\/baycoast.bank\/es\/wp-json\/wp\/v2\/comments?post=7178"}],"version-history":[{"count":0,"href":"https:\/\/baycoast.bank\/es\/wp-json\/wp\/v2\/pages\/7178\/revisions"}],"up":[{"embeddable":true,"href":"https:\/\/baycoast.bank\/es\/wp-json\/wp\/v2\/pages\/7174"}],"wp:featuredmedia":[{"embeddable":true,"href":"https:\/\/baycoast.bank\/es\/wp-json\/wp\/v2\/media\/6041"}],"wp:attachment":[{"href":"https:\/\/baycoast.bank\/es\/wp-json\/wp\/v2\/media?parent=7178"}],"curies":[{"name":"wp","href":"https:\/\/api.w.org\/{rel}","templated":true}]}}