{"id":7204,"date":"2021-12-10T09:26:40","date_gmt":"2021-12-10T14:26:40","guid":{"rendered":"https:\/\/baycoast.bank\/servicios-bancarios-de-cannabis\/"},"modified":"2024-07-24T15:41:31","modified_gmt":"2024-07-24T19:41:31","slug":"servicios-bancarios-de-cannabis","status":"publish","type":"page","link":"https:\/\/baycoast.bank\/es\/servicios-bancarios-de-cannabis\/","title":{"rendered":"Servicios bancarios de cannabis en MA y RI"},"content":{"rendered":"<div class=\"lazyblock-interior-hero-Z1uefCT wp-block-lazyblock-interior-hero\">\n<div class=\"section hero\">\n\t<div class=\"backing parallaxContainer\">\n\t\t<div class=\"backing\" style=\"background-image: url(https:\/\/baycoast.bank\/wp-content\/uploads\/2021\/12\/CRB-Hero-V1.jpg\" role=\"img\" aria-label=\"Hero Image\"><\/div>\n\t<\/div>\n\n\t<div class=\"heroContent\">\n\t\t<div class=\"plusPlus blue\" ><\/div>\n\t\t\n\t\t<div class=\"heroWrapper\">\n\t\t\t<div class=\"heroBlock bgWhite\">\n\t\t\t\t\n\t\t\t\t<div class=\"heroBlockHeadline\">\n\n\t\t\t\t\t\t\t\t\t\t\n\t\t\t\t\t<h1 class=\"blue\">Servicios bancarios de cannabis en MA y RI<\/h1>\n\t\t\t\t<\/div>\n\t\t\t<\/div>\n\t\t\t    \t\n\t\t\t\n\t\t<\/div>\n\t<\/div>\n<\/div> \n\n<div class=\"spacer\"><\/div><\/div>\n<div class=\"wp-block-stackable-columns stk-block-columns stk-block stk-53c354a\" data-block-id=\"53c354a\"><style>.stk-53c354a{max-width:50% !important;margin-right:auto !important;margin-bottom:50px !important;margin-left:auto !important}@media screen and (max-width:767px){.stk-53c354a{max-width:75% !important}}<\/style><div class=\"stk-row stk-inner-blocks stk-block-content stk-content-align stk-53c354a-column\">\n<div class=\"wp-block-stackable-column stk-block-column stk-column stk-block stk-d913bee\" data-v=\"4\" data-block-id=\"d913bee\"><div class=\"stk-column-wrapper stk-block-column__content stk-container stk-d913bee-container stk--no-background stk--no-padding\"><div class=\"stk-block-content stk-inner-blocks stk-d913bee-inner-blocks\">\n<div class=\"wp-block-stackable-spacer stk-block-spacer stk--no-padding stk-block stk-c50b6f6\" data-block-id=\"c50b6f6\"><style>.stk-c50b6f6{height:25px !important}<\/style><\/div>\n\n\n\n<h4 class=\"wp-block-heading\">Tu negocio de cannabis est\u00e1 creciendo.\nAhora hay un banco que puede crecer contigo.\nTe presentamos BayCoast Bank: Tu banco amigo del cannabis en Massachusetts y Rhode Island.  <\/h4>\n\n\n\n<p>BayCoast Bank es l\u00edder en soluciones bancarias para el cannabis, utilizando nuestra experiencia financiera para servir a las empresas <strong>relacionadas con el cannabis (CRB) en Massachusetts y Rhode Island<\/strong>.\nDado que los medios bancarios tradicionales no son ampliamente accesibles para las empresas autorizadas a tocar cannabis, BayCoast Bank destaca como una de las primeras instituciones financieras de Massachusetts en empezar a trabajar con las CRB y a concederles pr\u00e9stamos, permiti\u00e9ndoles una v\u00eda fundamental hacia el capital y los servicios financieros que necesitan para operar, gestionar y hacer crecer sus negocios con \u00e9xito. <\/p>\n\n\n\n<div class=\"wp-block-stackable-spacer stk-block-spacer stk--no-padding stk-block stk-e7084ea\" data-block-id=\"e7084ea\"><style>.stk-e7084ea{height:5px !important}<\/style><\/div>\n\n\n\n<div class=\"wp-block-stackable-button-group stk-block-button-group stk-block stk-c62bd56\" data-block-id=\"c62bd56\"><div class=\"stk-row stk-inner-blocks stk-block-content stk-button-group\">\n<div class=\"wp-block-stackable-button stk-block-button stk-block stk-50f5477\" data-block-id=\"50f5477\"><style>.stk-50f5477 .stk-button{padding-top:15px !important;padding-right:20px !important;padding-bottom:15px !important;padding-left:20px !important;background:#fbad18 !important}.stk-50f5477 .stk-button__inner-text{font-size:16px !important;color:#18428f !important;font-weight:600 !important}@media screen and (max-width:1023px){.stk-50f5477 .stk-button__inner-text{font-size:16px !important}}<\/style><a class=\"stk-link stk-button stk--hover-effect-darken\" href=\"https:\/\/baycoast.bank\/es\/servicios-bancarios-de-cannabis\/#contactus\"><span class=\"has-text-color stk-button__inner-text\">Comun\u00edcate hoy con nosotros.<\/span><\/a><\/div>\n<\/div><\/div>\n\n\n\n<div class=\"wp-block-stackable-spacer stk-block-spacer stk--no-padding stk-block stk-2a29e69\" data-block-id=\"2a29e69\"><style>.stk-2a29e69{height:25px !important}<\/style><\/div>\n\n\n\n<h4 class=\"wp-block-heading has-text-align-left\">BayCoast Bank es tu banco 420 Friendly.\nEstamos preparados para apoyar tu negocio de cannabis autorizado en Massachusetts y Rhode Island. <\/h4>\n\n\n\n<p>Nuestras subsidiarias de plena propiedad ofrecen una selecci\u00f3n completa de soluciones financieras para negocios de cannabis calificados y para sus empleados, que incluyen:<\/p>\n\n\n\n<div class=\"wp-block-stackable-icon-list stk-block-icon-list stk-block stk-c31bcc4\" data-block-id=\"c31bcc4\"><style>.stk-c31bcc4{margin-bottom:10px !important;--stk-icon-list-column-count:2 !important;--stk-icon-height:7.75px !important}.stk-c31bcc4 .stk-block-icon-list-item__content{gap:4px !important;align-items:baseline !important}<\/style><svg style=\"display:none\"><defs><g id=\"stk-icon-list__icon-svg-def-c31bcc4\"><svg xmlns=\"http:\/\/www.w3.org\/2000\/svg\" viewBox=\"0 0 190 190\"><polygon points=\"173.8,28.4 60.4,141.8 15.7,97.2 5.1,107.8 60.4,163 184.4,39 173.8,28.4\" \/><\/svg><\/g><\/defs><\/svg><div class=\"stk-block-icon-list__ul stk-block-icon-list--column\"><ul class=\"stk-block-icon-list__group\">\n<li class=\"wp-block-stackable-icon-list-item stk-block-icon-list-item stk-block stk-f428748\" data-block-id=\"f428748\"><div class=\"stk-block-icon-list-item__content\"><span class=\"stk--svg-wrapper\"><div class=\"stk--inner-svg\"><svg aria-hidden=\"true\" width=\"32\" height=\"32\"><\/svg><\/div><\/span><span class=\"stk-block-icon-list-item__text\">Cuentas corrientes de Cannabis Business Bank  <\/span><\/div><\/li>\n\n\n\n<li class=\"wp-block-stackable-icon-list-item stk-block-icon-list-item stk-block stk-43e0366\" data-block-id=\"43e0366\"><div class=\"stk-block-icon-list-item__content\"><span class=\"stk--svg-wrapper\"><div class=\"stk--inner-svg\"><svg aria-hidden=\"true\" width=\"32\" height=\"32\"><\/svg><\/div><\/span><span class=\"stk-block-icon-list-item__text\">Cuenta corriente para empresas relacionadas con el cannabis<\/span><\/div><\/li>\n\n\n\n<li class=\"wp-block-stackable-icon-list-item stk-block-icon-list-item stk-block stk-bbc355f\" data-block-id=\"bbc355f\"><div class=\"stk-block-icon-list-item__content\"><span class=\"stk--svg-wrapper\"><div class=\"stk--inner-svg\"><svg aria-hidden=\"true\" width=\"32\" height=\"32\"><\/svg><\/div><\/span><span class=\"stk-block-icon-list-item__text\">Banca online para empresas<\/span><\/div><\/li>\n\n\n\n<li class=\"wp-block-stackable-icon-list-item stk-block-icon-list-item stk-block stk-c9ba80a\" data-block-id=\"c9ba80a\"><div class=\"stk-block-icon-list-item__content\"><span class=\"stk--svg-wrapper\"><div class=\"stk--inner-svg\"><svg aria-hidden=\"true\" width=\"32\" height=\"32\"><\/svg><\/div><\/span><span class=\"stk-block-icon-list-item__text\">Captura remota de dep\u00f3sitos<\/span><\/div><\/li>\n\n\n\n<li class=\"wp-block-stackable-icon-list-item stk-block-icon-list-item stk-block stk-7cff35e\" data-block-id=\"7cff35e\"><div class=\"stk-block-icon-list-item__content\"><span class=\"stk--svg-wrapper\"><div class=\"stk--inner-svg\"><svg aria-hidden=\"true\" width=\"32\" height=\"32\"><\/svg><\/div><\/span><span class=\"stk-block-icon-list-item__text\">Aplicaci\u00f3n de banca m\u00f3vil para empresas<\/span><\/div><\/li>\n\n\n\n<li class=\"wp-block-stackable-icon-list-item stk-block-icon-list-item stk-block stk-4376324\" data-block-id=\"4376324\"><div class=\"stk-block-icon-list-item__content\"><span class=\"stk--svg-wrapper\"><div class=\"stk--inner-svg\"><svg aria-hidden=\"true\" width=\"32\" height=\"32\"><\/svg><\/div><\/span><span class=\"stk-block-icon-list-item__text\">Transacciones ACH<\/span><\/div><\/li>\n\n\n\n<li class=\"wp-block-stackable-icon-list-item stk-block-icon-list-item stk-block stk-7df2fd1\" data-block-id=\"7df2fd1\"><div class=\"stk-block-icon-list-item__content\"><span class=\"stk--svg-wrapper\"><div class=\"stk--inner-svg\"><svg aria-hidden=\"true\" width=\"32\" height=\"32\"><\/svg><\/div><\/span><span class=\"stk-block-icon-list-item__text\">Procesamiento de monedas y divisas<\/span><\/div><\/li>\n\n\n\n<li class=\"wp-block-stackable-icon-list-item stk-block-icon-list-item stk-block stk-465e043\" data-block-id=\"465e043\"><div class=\"stk-block-icon-list-item__content\"><span class=\"stk--svg-wrapper\"><div class=\"stk--inner-svg\"><svg aria-hidden=\"true\" width=\"32\" height=\"32\"><\/svg><\/div><\/span><span class=\"stk-block-icon-list-item__text\">Transferencias electr\u00f3nicas en l\u00ednea<\/span><\/div><\/li>\n\n\n\n<li class=\"wp-block-stackable-icon-list-item stk-block-icon-list-item stk-block stk-eb1ea16\" data-block-id=\"eb1ea16\"><div class=\"stk-block-icon-list-item__content\"><span class=\"stk--svg-wrapper\"><div class=\"stk--inner-svg\"><svg aria-hidden=\"true\" width=\"32\" height=\"32\"><\/svg><\/div><\/span><span class=\"stk-block-icon-list-item__text\">Transferencias preautorizadas<\/span><\/div><\/li>\n\n\n\n<li class=\"wp-block-stackable-icon-list-item stk-block-icon-list-item stk-block stk-4caf5a0\" data-block-id=\"4caf5a0\"><div class=\"stk-block-icon-list-item__content\"><span class=\"stk--svg-wrapper\"><div class=\"stk--inner-svg\"><svg aria-hidden=\"true\" width=\"32\" height=\"32\"><\/svg><\/div><\/span><span class=\"stk-block-icon-list-item__text\">Banca telef\u00f3nica<\/span><\/div><\/li>\n\n\n\n<li class=\"wp-block-stackable-icon-list-item stk-block-icon-list-item stk-block stk-73dd445\" data-block-id=\"73dd445\"><div class=\"stk-block-icon-list-item__content\"><span class=\"stk--svg-wrapper\"><div class=\"stk--inner-svg\"><svg aria-hidden=\"true\" width=\"32\" height=\"32\"><\/svg><\/div><\/span><span class=\"stk-block-icon-list-item__text\">Programa Banco de Empleados en el Trabajo<\/span><\/div><\/li>\n<\/ul><\/div><\/div>\n\n\n\n<p>Nuestro equipo CRB tambi\u00e9n puede recomendar varios contratistas independientes que ofrecen soluciones de tecnolog\u00eda espec\u00edficamente dise\u00f1ada para sus negocios dentro de la industria del cannabis.<\/p>\n\n\n\n<p>BayCoast Bank ofrece la mejor cuenta bancaria para negocios relacionados con el cannabis y la marihuana<\/p>\n\n\n\n<h4 class=\"wp-block-heading has-text-align-left\">\u00bfPor qu\u00e9 deber\u00edas trabajar con BayCoast Bank?<\/h4>\n\n\n\n<div class=\"wp-block-stackable-icon-list stk-block-icon-list stk-block stk-b06a9d7\" data-block-id=\"b06a9d7\"><style>.stk-b06a9d7 .stk-block-icon-list-item__content{gap:9px !important;align-items:baseline !important}.stk-b06a9d7{--stk-icon-list-marker-color:#333333 !important;--stk-icon-height:7.75px !important}<\/style><svg style=\"display:none\"><defs><g id=\"stk-icon-list__icon-svg-def-b06a9d7\"><svg aria-hidden=\"true\" data-prefix=\"fas\" data-icon=\"circle\" class=\"svg-inline--fa fa-circle fa-w-16\" role=\"img\" xmlns=\"http:\/\/www.w3.org\/2000\/svg\" viewBox=\"0 0 512 512\"><path fill=\"currentColor\" d=\"M256 8C119 8 8 119 8 256s111 248 248 248 248-111 248-248S393 8 256 8z\"><\/path><\/svg><\/g><\/defs><\/svg><div class=\"stk-block-icon-list__ul stk-block-icon-list--column\"><ul class=\"stk-block-icon-list__group\">\n<li class=\"wp-block-stackable-icon-list-item stk-block-icon-list-item stk-block stk-26a2406\" data-block-id=\"26a2406\"><div class=\"stk-block-icon-list-item__content\"><span class=\"stk--svg-wrapper\"><div class=\"stk--inner-svg\"><svg aria-hidden=\"true\" width=\"32\" height=\"32\"><\/svg><\/div><\/span><span class=\"stk-block-icon-list-item__text\">BayCoast cuenta con un equipo CRB dedicado y experimentado que conoce el sector del cannabis desde el punto de vista bancario y ofrece un servicio de atenci\u00f3n al cliente personalizado y experiencia a sus clientes.<\/span><\/div><\/li>\n\n\n\n<li class=\"wp-block-stackable-icon-list-item stk-block-icon-list-item stk-block stk-a7f942c\" data-block-id=\"a7f942c\"><div class=\"stk-block-icon-list-item__content\"><span class=\"stk--svg-wrapper\"><div class=\"stk--inner-svg\"><svg aria-hidden=\"true\" width=\"32\" height=\"32\"><\/svg><\/div><\/span><span class=\"stk-block-icon-list-item__text\">Nuestro equipo de CRB tiene conocimientos sobre las leyes federales y estatales que afectan a las necesidades bancarias de quienes trabajan en el sector del cannabis y est\u00e1n disponibles para ayudar a los clientes a navegar por este sector en r\u00e1pida evoluci\u00f3n.<\/span><\/div><\/li>\n\n\n\n<li class=\"wp-block-stackable-icon-list-item stk-block-icon-list-item stk-block stk-f45c0b4\" data-block-id=\"f45c0b4\"><div class=\"stk-block-icon-list-item__content\"><span class=\"stk--svg-wrapper\"><div class=\"stk--inner-svg\"><svg aria-hidden=\"true\" width=\"32\" height=\"32\"><\/svg><\/div><\/span><span class=\"stk-block-icon-list-item__text\">Se anima a los propietarios y empleados de empresas relacionadas con el cannabis a que utilicen el banco para sus necesidades bancarias personales, y estos clientes tienen a su disposici\u00f3n una gama completa de productos.<\/span><\/div><\/li>\n<\/ul><\/div><\/div>\n<\/div><\/div><\/div>\n<\/div><\/div>\n\n<a name=\"contactus\"><\/a>\n<a href=\"#contactus\"> <\/a>\n\n<div class=\"wp-block-stackable-columns stk-block-columns stk-block stk-1e02f1f\" data-block-id=\"1e02f1f\"><style>.stk-1e02f1f{margin-bottom:25px !important}<\/style><div class=\"stk-row stk-inner-blocks stk-block-content stk-content-align stk-1e02f1f-column\">\n<div class=\"wp-block-stackable-column stk-block-column stk-column stk-block stk-40831ed\" data-v=\"4\" data-block-id=\"40831ed\"><style>.stk-40831ed-container{background-color:#18428f !important}.stk-40831ed-container:before{background-color:#18428f !important}<\/style><div class=\"stk-column-wrapper stk-block-column__content stk-container stk-40831ed-container stk-hover-parent\"><div class=\"stk-block-content stk-inner-blocks stk-40831ed-inner-blocks\">\n<div class=\"wp-block-stackable-heading stk-block-heading stk-block-heading--v2 stk-block stk-89842ad\" id=\"span-style-color-ffffff-class-stk-highlight-if-youre-a-cannabis-related-business-trust-a-bank-with-a-proven-track-record-of-experience-nbsp-trust-bay-coast-bank-nbsp-span\" data-block-id=\"89842ad\"><style>.stk-89842ad{max-width:52% !important;margin-right:auto !important;margin-bottom:0px !important;margin-left:auto !important}@media screen and (max-width:767px){.stk-89842ad{max-width:75% !important}}<\/style><h4 class=\"stk-block-heading__text has-text-align-left stk-block-heading--use-theme-margins\"><span style=\"color: #ffffff\" class=\"stk-highlight\">Si tienes un negocio relacionado con el cannabis, conf\u00eda en un banco con experiencia demostrada.\nConf\u00eda en BayCoast Bank.   <\/span><\/h4><\/div>\n<\/div><\/div><\/div>\n<\/div><\/div>\n\n<div class=\"wp-block-stackable-columns stk-block-columns stk-block stk-a358dd6\" data-block-id=\"a358dd6\"><style>.stk-a358dd6{max-width:50% !important;margin-right:auto !important;margin-left:auto !important}@media screen and (max-width:767px){.stk-a358dd6{max-width:75% !important}}<\/style><div class=\"stk-row stk-inner-blocks stk-block-content stk-content-align stk-a358dd6-column\">\n<div class=\"wp-block-stackable-column stk-block-column stk-column stk-block stk-d990e39\" data-v=\"4\" data-block-id=\"d990e39\"><div class=\"stk-column-wrapper stk-block-column__content stk-container stk-d990e39-container stk--no-background stk--no-padding\"><div class=\"stk-block-content stk-inner-blocks stk-d990e39-inner-blocks\">\n<div class=\"wp-block-stackable-heading stk-block-heading stk-block-heading--v2 stk-block stk-330cf36\" id=\"strong-contact-us-today-strong\" data-block-id=\"330cf36\"><style>.stk-330cf36{margin-bottom:15px !important;top:15px !important}.stk-330cf36 .stk-block-heading__text{color:#fbad18 !important}<\/style><h3 class=\"stk-block-heading__text has-text-color stk-block-heading--use-theme-margins\"><strong>Contacta con nosotros<\/strong><\/h3><\/div>\n\n\n\n<p><svg xmlns=\"http:\/\/www.w3.org\/2000\/svg\" width=\"16\" height=\"16\" viewbox=\"0 0 24 24\"><path d=\"M20 4H4c-1.103 0-2 .897-2 2v12c0 1.103.897 2 2 2h16c1.103 0 2-.897 2-2V6c0-1.103-.897-2-2-2zm0 2v.511l-8 6.223-8-6.222V6h16zM4 18V9.044l7.386 5.745a.994.994 0 0 0 1.228 0L20 9.044 20.002 18H4z\"><\/path><\/svg>   CRBDepartment@baycoastbank.com<br\/><svg xmlns=\"http:\/\/www.w3.org\/2000\/svg\" width=\"16\" height=\"16\" viewbox=\"0 0 24 24\"><path d=\"M17.707 12.293a.999.999 0 0 0-1.414 0l-1.594 1.594c-.739-.22-2.118-.72-2.992-1.594s-1.374-2.253-1.594-2.992l1.594-1.594a.999.999 0 0 0 0-1.414l-4-4a.999.999 0 0 0-1.414 0L3.581 5.005c-.38.38-.594.902-.586 1.435.023 1.424.4 6.37 4.298 10.268s8.844 4.274 10.269 4.298h.028c.528 0 1.027-.208 1.405-.586l2.712-2.712a.999.999 0 0 0 0-1.414l-4-4.001zm-.127 6.712c-1.248-.021-5.518-.356-8.873-3.712-3.366-3.366-3.692-7.651-3.712-8.874L7 4.414 9.586 7 8.293 8.293a1 1 0 0 0-.272.912c.024.115.611 2.842 2.271 4.502s4.387 2.247 4.502 2.271a.991.991 0 0 0 .912-.271L17 14.414 19.586 17l-2.006 2.005z\"><\/path><\/svg> 508-996-7718  <\/p>\n<\/div><\/div><\/div>\n\n\n\n<div class=\"wp-block-stackable-column stk-block-column stk-column stk-block stk-c5066e2\" data-v=\"4\" data-block-id=\"c5066e2\"><style>.stk-c5066e2{margin-top:-2% !important}@media screen and (max-width:767px){.stk-c5066e2{top:-40px !important}}<\/style><div class=\"stk-column-wrapper stk-block-column__content stk-container stk-c5066e2-container stk--no-background stk--no-padding\"><div class=\"stk-block-content stk-inner-blocks stk-c5066e2-inner-blocks\"><\/div><\/div><\/div>\n<\/div><\/div>\n<div class=\"lazyblock-looking-for-more-slC5B wp-block-lazyblock-looking-for-more\"><div class=\"spacer\"><\/div>\n\n<div class=\"section\">\n\t<div class=\"paddedWrapper\">\n\t\t<div class=\"wrapper\">\n\t\t\t<div class=\"mediumWrapper\">\n\n\t\t\t\t<div class=\"lookingForMore\">\n\t\t\t\t\t<h4 class=\"blue h3 hide\">Recursos bancarios acerca del cannabis<\/h4><!--\n\t\t\t\t\t--><div class=\"moreLinkList\">\n\t\t\t\t\t\t\t\t\t\t\t\t\t<a href=\"https:\/\/baycoast.bank\/en\/cannabis-banking-services-crb\/cannabis-banking-for-business\/\"><div class=\"moreBtn hide\">Conoce los servicios bancarios para negocios del cannabis <span class=\"primaryColor\">+<\/span> <div class=\"backing\"><\/div><\/div><\/a>\n        \t\t\t\t\t\t\t\t\t\t\t<a href=\"\/cannabis-banking-services-crb\/banking-cannabis\/\"><div class=\"moreBtn hide\">Conceptos bancarios b\u00e1sicos para negocios relacionados con el cannabis <span class=\"primaryColor\">+<\/span> <div class=\"backing\"><\/div><\/div><\/a>\n        \t\t\t\t\t\t\t\t\t\t\t<a href=\"https:\/\/baycoast.bank\/en\/cannabis-banking-services-crb\/banking-as-a-cannabis-business\/\"><div class=\"moreBtn hide\">Aborda tus operaciones bancarias como negocio del cannabis <span class=\"primaryColor\">+<\/span> <div class=\"backing\"><\/div><\/div><\/a>\n        \t\t\t\t\t\t\t\t\t<\/div>\n\t\t\t\t<\/div>\n\n\t\t\t<\/div>\n\t\t<\/div>\n\t<\/div>\n<\/div> <\/div>","protected":false},"excerpt":{"rendered":"<p>Tu negocio de cannabis est\u00e1 creciendo. Ahora hay un banco que puede crecer contigo. Te presentamos BayCoast Bank: Tu banco amigo del cannabis en Massachusetts y Rhode Island. BayCoast Bank es l\u00edder en soluciones bancarias para el cannabis, utilizando nuestra experiencia financiera para servir a las empresas relacionadas con el cannabis (CRB) en Massachusetts y [&hellip;]<\/p>\n","protected":false},"author":13,"featured_media":6269,"parent":0,"menu_order":13,"comment_status":"closed","ping_status":"closed","template":"","meta":{"_acf_changed":false,"inline_featured_image":false,"footnotes":""},"class_list":["post-7204","page","type-page","status-publish","has-post-thumbnail","hentry"],"acf":[],"featured_image_urls_v2":{"full":["https:\/\/baycoast.bank\/wp-content\/uploads\/2021\/12\/CRB-Hero-V1.jpg",1920,600,false],"thumbnail":["https:\/\/baycoast.bank\/wp-content\/uploads\/2021\/12\/CRB-Hero-V1-150x150.jpg",150,150,true],"medium":["https:\/\/baycoast.bank\/wp-content\/uploads\/2021\/12\/CRB-Hero-V1-300x94.jpg",300,94,true],"medium_large":["https:\/\/baycoast.bank\/wp-content\/uploads\/2021\/12\/CRB-Hero-V1-768x240.jpg",768,240,true],"large":["https:\/\/baycoast.bank\/wp-content\/uploads\/2021\/12\/CRB-Hero-V1-1024x320.jpg",1024,320,true],"1536x1536":["https:\/\/baycoast.bank\/wp-content\/uploads\/2021\/12\/CRB-Hero-V1-1536x480.jpg",1536,480,true],"2048x2048":["https:\/\/baycoast.bank\/wp-content\/uploads\/2021\/12\/CRB-Hero-V1.jpg",1920,600,false]},"post_excerpt_stackable_v2":"<p>Servicios bancarios de cannabis en MA y RI Tu negocio de cannabis est\u00e1 creciendo. Ahora hay un banco que puede crecer contigo. Te presentamos BayCoast Bank: Tu banco amigo del cannabis en Massachusetts y Rhode Island. BayCoast Bank es l\u00edder en soluciones bancarias para el cannabis, utilizando nuestra experiencia financiera para servir a las empresas relacionadas con el cannabis (CRB) en Massachusetts y Rhode Island. Dado que los medios bancarios tradicionales no son ampliamente accesibles para las empresas autorizadas a tocar cannabis, BayCoast Bank destaca como una de las primeras instituciones financieras de Massachusetts en empezar a trabajar con las&hellip;<\/p>\n","category_list_v2":"","author_info_v2":{"name":"","url":"https:\/\/baycoast.bank\/es\/author\/"},"comments_num_v2":"0 comentarios","publishpress_future_action":{"enabled":false,"date":"2026-04-26 09:32:48","action":"change-status","newStatus":"draft","terms":[],"taxonomy":"translation_priority","extraData":[]},"publishpress_future_workflow_manual_trigger":{"enabledWorkflows":[]},"_links":{"self":[{"href":"https:\/\/baycoast.bank\/es\/wp-json\/wp\/v2\/pages\/7204","targetHints":{"allow":["GET"]}}],"collection":[{"href":"https:\/\/baycoast.bank\/es\/wp-json\/wp\/v2\/pages"}],"about":[{"href":"https:\/\/baycoast.bank\/es\/wp-json\/wp\/v2\/types\/page"}],"author":[{"embeddable":true,"href":"https:\/\/baycoast.bank\/es\/wp-json\/wp\/v2\/users\/13"}],"replies":[{"embeddable":true,"href":"https:\/\/baycoast.bank\/es\/wp-json\/wp\/v2\/comments?post=7204"}],"version-history":[{"count":0,"href":"https:\/\/baycoast.bank\/es\/wp-json\/wp\/v2\/pages\/7204\/revisions"}],"wp:featuredmedia":[{"embeddable":true,"href":"https:\/\/baycoast.bank\/es\/wp-json\/wp\/v2\/media\/6269"}],"wp:attachment":[{"href":"https:\/\/baycoast.bank\/es\/wp-json\/wp\/v2\/media?parent=7204"}],"curies":[{"name":"wp","href":"https:\/\/api.w.org\/{rel}","templated":true}]}}