{"id":7208,"date":"2022-01-21T09:35:21","date_gmt":"2022-01-21T14:35:21","guid":{"rendered":"https:\/\/baycoast.bank\/pagos-de-prestamos-en-linea\/"},"modified":"2023-02-28T15:54:28","modified_gmt":"2023-02-28T20:54:28","slug":"pagos-de-prestamos-en-linea","status":"publish","type":"page","link":"https:\/\/baycoast.bank\/es\/pagos-de-prestamos-en-linea\/","title":{"rendered":"Pagos de pr\u00e9stamos en l\u00ednea"},"content":{"rendered":"<div class=\"lazyblock-interior-hero-ZSvyCf wp-block-lazyblock-interior-hero\">\n<div class=\"section hero\">\n\t<div class=\"backing parallaxContainer\">\n\t\t<div class=\"backing\" style=\"background-image: url(https:\/\/baycoast.bank\/wp-content\/uploads\/2022\/01\/Online-Payment-Portal-Page-v2.jpg\" role=\"img\" aria-label=\"Hero Image\"><\/div>\n\t<\/div>\n\n\t<div class=\"heroContent\">\n\t\t<div class=\"plusPlus blue\" ><\/div>\n\t\t\n\t\t<div class=\"heroWrapper\">\n\t\t\t<div class=\"heroBlock bgWhite\">\n\t\t\t\t\n\t\t\t\t<div class=\"heroBlockHeadline\">\n\n\t\t\t\t\t\t\t\t\t\t\n\t\t\t\t\t<h1 class=\"blue\">Pagos de pr\u00e9stamos en l\u00ednea<\/h1>\n\t\t\t\t<\/div>\n\t\t\t<\/div>\n\t\t\t    \t\n\t\t\t\n\t\t<\/div>\n\t<\/div>\n<\/div> \n\n<div class=\"spacer\"><\/div><\/div><div class=\"lazyblock-interior-content-7tvUY wp-block-lazyblock-interior-content\"><div class=\"spacer\"><\/div>\n\n<div class=\"section\">\n\t<div class=\"paddedWrapper\">\n\t\t<div class=\"wrapper flex gutenberg\" style=\"justify-content: center;\">\n\n\t\t\t\n\t\t\t<div class=\"smallWrapper gutenberg\">\n\t\t\t\n\t\t\t\t<div class=\"h3\"><h2>Pagos de pr\u00e9stamos r\u00e1pidos y f\u00e1ciles con BayCoast Bank<\/h2><\/div>\n\t\t\t  \n\t\t\t  \t<hr style=\"margin-bottom: 5rem;\">\n\t\t\t\t\n\t\t\t\t\n\n<p>S\u00edrvete leer las instrucciones m\u00e1s abajo para asegurarte de que usas la forma m\u00e1s eficiente para hacer tus pagos de los pr\u00e9stamos que tengas con BayCoast Bank. <\/p>\n\n\n\n<div class=\"wp-block-stackable-spacer stk-block-spacer stk--no-padding stk-block stk-7a09a6b\" data-block-id=\"7a09a6b\"><style>.stk-7a09a6b{height:15px !important}<\/style><\/div>\n\n\n\n<h3 class=\"wp-block-heading\">\u00bfTienes banca electr\u00f3nica y una cuenta de cheques o de ahorros en BayCoast Bank?<\/h3>\n\n\n\n<p>Usa nuestra plataforma de <a href=\"https:\/\/baycoast.bank\/es\/banca-en-linea\/\"><strong>banca electr\u00f3nica<\/strong><\/a> para hacer pagos desde tu cuenta de cheques o de ahorros con BayCoast Bank. Este es el modo m\u00e1s r\u00e1pido de tramitar tus pagos cada mes, ya que los pagos se aplican al instante. \u00bfNo est\u00e1s inscrito para la banca electr\u00f3nica? Configura tu cuenta <a href=\"https:\/\/baycoast.bank\/es\/banca-en-linea\/haz-la-solicitud\/\">aqu\u00ed<\/a>.<\/p>\n\n\n\n<div class=\"wp-block-stackable-spacer stk-block-spacer stk--no-padding stk-block stk-8233960\" data-block-id=\"8233960\"><style>.stk-8233960{height:10px !important}<\/style><\/div>\n\n\n\n<div class=\"wp-block-stackable-button-group stk-block-button-group stk-block stk-715a2d7\" data-block-id=\"715a2d7\"><div class=\"stk-row stk-inner-blocks stk-block-content stk-button-group\">\n<div class=\"wp-block-stackable-button stk-block-button stk-block stk-ef268a6\" data-block-id=\"ef268a6\"><style>.stk-ef268a6 .stk-button{padding-top:15px !important;padding-bottom:15px !important;background:#fbad18 !important}.stk-ef268a6 .stk-button__inner-text{font-size:16px !important;color:#18428f !important;font-weight:600 !important}@media screen and (max-width:1023px){.stk-ef268a6 .stk-button__inner-text{font-size:16px !important}}<\/style><a class=\"stk-link stk-button stk--hover-effect-scale\" href=\"https:\/\/www.baycoastbank.com\/dbank\/live\/app\/login\/consumer\" target=\"_blank\" rel=\"noreferrer noopener\"><span class=\"has-text-color stk-button__inner-text\"> Iniciar sesi\u00f3n en banca electr\u00f3nica <\/span><\/a><\/div>\n\n\n\n<div class=\"wp-block-stackable-button stk-block-button stk-block stk-d9c015e\" data-block-id=\"d9c015e\"><style>.stk-d9c015e .stk-button{padding-top:15px !important;padding-bottom:15px !important;background:#fbad18 !important}.stk-d9c015e .stk-button__inner-text{font-size:16px !important;color:#18428f !important;font-weight:600 !important}@media screen and (max-width:1023px){.stk-d9c015e .stk-button__inner-text{font-size:16px !important}}<\/style><a class=\"stk-link stk-button stk--hover-effect-scale\" href=\"https:\/\/baycoast.bank\/es\/banca-en-linea\/haz-la-solicitud\/\" rel=\"noreferrer noopener\"><span class=\"has-text-color stk-button__inner-text\">Inscr\u00edbete para la banca electr\u00f3nica<\/span><\/a><\/div>\n<\/div><\/div>\n\n\n\n<div class=\"wp-block-stackable-spacer stk-block-spacer stk--no-padding stk-block stk-a93fc59\" data-block-id=\"a93fc59\"><style>.stk-a93fc59{height:5px !important}<\/style><\/div>\n\n\n\n<p>Para mayor conveniencia, <a href=\"https:\/\/baycoast.bank\/es\/banca-en-linea\/banca-movil\/\"><strong>descarga nuestra aplicaci\u00f3n m\u00f3vil<\/strong><\/a> para que puedas hacer pagos desde tu dispositivo m\u00f3vil a cualquier hora y desde donde sea. Descarga nuestra aplicaci\u00f3n m\u00f3vil gratis aqu\u00ed:<\/p>\n\n\n\n<p><a href=\"https:\/\/itunes.apple.com\/us\/app\/baycoast-bank-mobile\/id575675176?ls=1&amp;mt=8\" target=\"_blank\" rel=\"noreferrer noopener\"><img decoding=\"async\" width=\"150\" height=\"49\" class=\"wp-image-1082\" style=\"width: 150px;\" src=\"https:\/\/baycoast.bank\/wp-content\/uploads\/2020\/08\/App-Store.png\" alt=\"\" srcset=\"https:\/\/baycoast.bank\/wp-content\/uploads\/2020\/08\/App-Store.png 393w, https:\/\/baycoast.bank\/wp-content\/uploads\/2020\/08\/App-Store-300x98.png 300w\" sizes=\"(max-width: 150px) 100vw, 150px\" \/><\/a>    \n       <a href=\"https:\/\/play.google.com\/store\/search?q=baycoast+bank\" target=\"_blank\" rel=\"noreferrer noopener\"><img decoding=\"async\" width=\"120\" height=\"28\" class=\"wp-image-1083\" style=\"width: 120px;\" src=\"https:\/\/baycoast.bank\/wp-content\/uploads\/2020\/08\/Google-Play.png\" alt=\"\"\/><\/a><\/p>\n\n\n\n<div class=\"wp-block-stackable-spacer stk-block-spacer stk--no-padding stk-block stk-f68871e\" data-block-id=\"f68871e\"><style>.stk-f68871e{height:30px !important}<\/style><\/div>\n\n\n\n<h3 class=\"wp-block-heading\"><strong>\u00bfEres cliente de un pr\u00e9stamo y no tienes una cuenta de cheques o de ahorros en BayCoast Bank?<\/strong><\/h3>\n\n\n\n<p>Cuentas con m\u00faltiples opciones disponibles para hacer los pagos de tu pr\u00e9stamo.<\/p>\n\n\n\n<div class=\"wp-block-stackable-spacer stk-block-spacer stk--no-padding stk-block stk-92c53ab\" data-block-id=\"92c53ab\"><style>.stk-92c53ab{height:5px !important}<\/style><\/div>\n\n\n\n<h5 class=\"wp-block-heading\">Paga en l\u00ednea<\/h5>\n\n\n\n<p>Haz un pago usando nuestro <strong><a href=\"https:\/\/baycoastbank.tfaforms.net\/67\" target=\"_blank\" rel=\"noreferrer noopener\">nuevo Portal de Pago de Pr\u00e9stamos<\/a><\/strong>.<\/p>\n\n\n\n<div class=\"wp-block-stackable-spacer stk-block-spacer stk--no-padding stk-block stk-5d95401\" data-block-id=\"5d95401\"><style>.stk-5d95401{height:10px !important}<\/style><\/div>\n\n\n\n<div class=\"wp-block-stackable-button-group stk-block-button-group stk-block stk-e780329\" data-block-id=\"e780329\"><div class=\"stk-row stk-inner-blocks stk-block-content stk-button-group\">\n<div class=\"wp-block-stackable-button stk-block-button stk-block stk-4463ba3\" data-block-id=\"4463ba3\"><style>.stk-4463ba3 .stk-button{padding-top:15px !important;padding-bottom:15px !important;background:#fbad18 !important}.stk-4463ba3 .stk-button__inner-text{font-size:16px !important;color:#18428f !important;font-weight:600 !important}@media screen and (max-width:1023px){.stk-4463ba3 .stk-button__inner-text{font-size:16px !important}}<\/style><a class=\"stk-link stk-button stk--hover-effect-scale\" href=\"https:\/\/baycoastbank.tfaforms.net\/67\" target=\"_blank\" rel=\"noreferrer noopener\"><span class=\"has-text-color stk-button__inner-text\">Portal de pagos en l\u00ednea<\/span><\/a><\/div>\n<\/div><\/div>\n\n\n\n<div class=\"wp-block-stackable-spacer stk-block-spacer stk--no-padding stk-block stk-24e1911\" data-block-id=\"24e1911\"><style>.stk-24e1911{height:5px !important}<\/style><\/div>\n\n\n\n<h5 class=\"wp-block-heading\">Abre una cuenta<\/h5>\n\n\n\n<p>Considera abrir una <strong><a href=\"https:\/\/baycoast.bank\/es\/personal\/cuenta-de-cheques-personal-personal-checking\/\">cuenta de cheques en BayCoast Bank<\/a> <\/strong>para tener acceso a la banca electr\u00f3nica. Al tener una cuenta de cheques con nosotros, puedes:<\/p>\n\n\n\n<ul class=\"wp-block-list\">\n<li>Hacer el pago de tus pr\u00e9stamos instant\u00e1neamente desde tu cuenta en BayCoast a tu cuenta de pr\u00e9stamo de BayCoast usando la <a href=\"https:\/\/baycoast.bank\/es\/banca-en-linea\/\"><strong>banca electr\u00f3nica<\/strong><\/a>.<\/li>\n\n\n\n<li>Una vez que configures la banca electr\u00f3nica, tienes la opci\u00f3n de hacer pagos al instante usando nuestra <a href=\"https:\/\/baycoast.bank\/es\/banca-en-linea\/banca-movil\/\"><strong>aplicaci\u00f3n m\u00f3vil<\/strong><\/a>.<\/li>\n<\/ul>\n\n\n\n<div class=\"wp-block-stackable-spacer stk-block-spacer stk--no-padding stk-block stk-76ba5d7\" data-block-id=\"76ba5d7\"><style>.stk-76ba5d7{height:10px !important}<\/style><\/div>\n\n\n\n<div class=\"wp-block-stackable-button-group stk-block-button-group stk-block stk-ae08f2e\" data-block-id=\"ae08f2e\"><div class=\"stk-row stk-inner-blocks stk-block-content stk-button-group\">\n<div class=\"wp-block-stackable-button stk-block-button stk-block stk-1f665ae\" data-block-id=\"1f665ae\"><style>.stk-1f665ae .stk-button{padding-top:15px !important;padding-bottom:15px !important;background:#fbad18 !important}.stk-1f665ae .stk-button__inner-text{font-size:16px !important;color:#18428f !important;font-weight:600 !important}@media screen and (max-width:1023px){.stk-1f665ae .stk-button__inner-text{font-size:16px !important}}<\/style><a class=\"stk-link stk-button stk--hover-effect-scale\" href=\"https:\/\/baycoast.bank\/es\/apertura-de-una-cuenta-en-linea\/\"><span class=\"has-text-color stk-button__inner-text\">Conoce nuestras cuentas de cheques<\/span><\/a><\/div>\n<\/div><\/div>\n\n\n\n<div class=\"wp-block-stackable-spacer stk-block-spacer stk--no-padding stk-block stk-bfa97f6\" data-block-id=\"bfa97f6\"><style>.stk-bfa97f6{height:5px !important}<\/style><\/div>\n\n\n\n<h5 class=\"wp-block-heading\">Opciones adicionales<\/h5>\n\n\n\n<p>Tambi\u00e9n tienes la opci\u00f3n de hacer tu pago por correo, <a href=\"https:\/\/baycoast.bank\/es\/sucursales\/\">en la sucursal<\/a>, <a href=\"https:\/\/baycoast.bank\/es\/services\/cajeros-automaticos-interactivos-itm\/\">visitando un cajero interactivo (ITM)<\/a> o por tel\u00e9fono.<\/p>\n\n\n\t\t\t<\/div>\n\n\t\t<\/div>\n\t<\/div>\n<\/div> <\/div>","protected":false},"excerpt":{"rendered":"<p>Empieza ya escogiendo cualquiera de estas estupendas cuentas.<\/p>\n","protected":false},"author":13,"featured_media":6289,"parent":0,"menu_order":142,"comment_status":"closed","ping_status":"closed","template":"","meta":{"_acf_changed":false,"inline_featured_image":false,"footnotes":""},"class_list":["post-7208","page","type-page","status-publish","has-post-thumbnail","hentry"],"acf":[],"featured_image_urls_v2":{"full":["https:\/\/baycoast.bank\/wp-content\/uploads\/2022\/01\/Online-Payment-Portal-Page-v2.jpg",1920,800,false],"thumbnail":["https:\/\/baycoast.bank\/wp-content\/uploads\/2022\/01\/Online-Payment-Portal-Page-v2-150x150.jpg",150,150,true],"medium":["https:\/\/baycoast.bank\/wp-content\/uploads\/2022\/01\/Online-Payment-Portal-Page-v2-300x125.jpg",300,125,true],"medium_large":["https:\/\/baycoast.bank\/wp-content\/uploads\/2022\/01\/Online-Payment-Portal-Page-v2-768x320.jpg",768,320,true],"large":["https:\/\/baycoast.bank\/wp-content\/uploads\/2022\/01\/Online-Payment-Portal-Page-v2-1024x427.jpg",1024,427,true],"1536x1536":["https:\/\/baycoast.bank\/wp-content\/uploads\/2022\/01\/Online-Payment-Portal-Page-v2-1536x640.jpg",1536,640,true],"2048x2048":["https:\/\/baycoast.bank\/wp-content\/uploads\/2022\/01\/Online-Payment-Portal-Page-v2.jpg",1920,800,false]},"post_excerpt_stackable_v2":"<p>Empieza ya escogiendo cualquiera de estas estupendas cuentas.<\/p>\n","category_list_v2":"","author_info_v2":{"name":"","url":"https:\/\/baycoast.bank\/es\/author\/"},"comments_num_v2":"0 comentarios","publishpress_future_action":{"enabled":false,"date":"2026-04-30 23:46:20","action":"change-status","newStatus":"draft","terms":[],"taxonomy":"translation_priority","extraData":[]},"publishpress_future_workflow_manual_trigger":{"enabledWorkflows":[]},"_links":{"self":[{"href":"https:\/\/baycoast.bank\/es\/wp-json\/wp\/v2\/pages\/7208","targetHints":{"allow":["GET"]}}],"collection":[{"href":"https:\/\/baycoast.bank\/es\/wp-json\/wp\/v2\/pages"}],"about":[{"href":"https:\/\/baycoast.bank\/es\/wp-json\/wp\/v2\/types\/page"}],"author":[{"embeddable":true,"href":"https:\/\/baycoast.bank\/es\/wp-json\/wp\/v2\/users\/13"}],"replies":[{"embeddable":true,"href":"https:\/\/baycoast.bank\/es\/wp-json\/wp\/v2\/comments?post=7208"}],"version-history":[{"count":0,"href":"https:\/\/baycoast.bank\/es\/wp-json\/wp\/v2\/pages\/7208\/revisions"}],"wp:featuredmedia":[{"embeddable":true,"href":"https:\/\/baycoast.bank\/es\/wp-json\/wp\/v2\/media\/6289"}],"wp:attachment":[{"href":"https:\/\/baycoast.bank\/es\/wp-json\/wp\/v2\/media?parent=7208"}],"curies":[{"name":"wp","href":"https:\/\/api.w.org\/{rel}","templated":true}]}}