{"id":7246,"date":"2020-07-24T03:42:17","date_gmt":"2020-07-24T07:42:17","guid":{"rendered":"https:\/\/baycoast.bank\/banca-en-linea\/"},"modified":"2023-02-28T15:56:11","modified_gmt":"2023-02-28T20:56:11","slug":"banca-en-linea","status":"publish","type":"page","link":"https:\/\/baycoast.bank\/es\/banca-en-linea\/","title":{"rendered":"Banca en l\u00ednea"},"content":{"rendered":"<div class=\"lazyblock-interior-hero-ZbQRwX wp-block-lazyblock-interior-hero\">\n<div class=\"section hero\">\n\t<div class=\"backing parallaxContainer\">\n\t\t<div class=\"backing\" style=\"background-image: url(https:\/\/baycoast.bank\/wp-content\/uploads\/2020\/07\/iStock-1161412655-min-scaled-e1596806511218.jpg\" role=\"img\" aria-label=\"Hero Image\"><\/div>\n\t<\/div>\n\n\t<div class=\"heroContent\">\n\t\t<div class=\"plusPlus blue\" ><\/div>\n\t\t\n\t\t<div class=\"heroWrapper\">\n\t\t\t<div class=\"heroBlock bgWhite\">\n\t\t\t\t\n\t\t\t\t<div class=\"heroBlockHeadline\">\n\n\t\t\t\t\t\t\t\t\t\t\n\t\t\t\t\t<h1 class=\"blue\">Banca en l\u00ednea<\/h1>\n\t\t\t\t<\/div>\n\t\t\t<\/div>\n\t\t\t    \t\n\t\t\t\n\t\t\t\t<div class=\"openAccount bgBlue\">\n\t\t\t\t\t<div class=\"grain\" role=\"presentation\"><\/div>\n\t\t\t\t\t<div class=\"btn white\" role=\"button\" tabindex=\"0\">Solic\u00edtalo ya&nbsp;<span class=\"primaryColor\">+<\/span> <div class=\"backing bgPrimaryColor\"><\/div><\/div>\n\n\t\t\t\t\t<div class=\"backing bgPrimaryColor\"><\/div>\n\t\t\t\t\t\n\t\t\t\t\t<a href=\"https:\/\/baycoast.bank\/online-banking\/apply\"><\/a>\n\t\t\t\t<\/div>\n\n\t\t\t\n\t\t<\/div>\n\t<\/div>\n<\/div> \n\n<div class=\"spacer\"><\/div><\/div><div class=\"lazyblock-interior-content-O8CAQ wp-block-lazyblock-interior-content\"><div class=\"spacer\"><\/div>\n\n<div class=\"section\">\n\t<div class=\"paddedWrapper\">\n\t\t<div class=\"wrapper flex gutenberg\" style=\"justify-content: center;\">\n\n\t\t\t\n\t\t\t<div class=\"smallWrapper gutenberg\">\n\t\t\t\n\t\t\t\t<div class=\"h3\">Que tus finanzas avancen a toda potencia. <\/div>\n\t\t\t  \n\t\t\t  \t<hr style=\"margin-bottom: 5rem;\">\n\t\t\t\t\n\t\t\t\t\n\n<p>Verifica los saldos de tus cuentas, transfiere fondos, haz el seguimiento de tus dep\u00f3sitos autom\u00e1ticos, monitorea las actividades de tus cuentas, obt\u00e9n respuesta a tus preguntas a trav\u00e9s del correo electr\u00f3nico y mucho m\u00e1s.<\/p>\n\n\n\n<p>Lo mejor de todo es que puedes acceder a tus cuentas a trav\u00e9s de los siguientes medios:<\/p>\n\n\n\n<ul class=\"wp-block-list\">\n<li>Computadora: haz clic en Online Login (Inicio de sesi\u00f3n) en la parte superior derecha de esta p\u00e1gina.<\/li>\n\n\n\n<li>Tel\u00e9fono m\u00f3vil o tableta: <a href=\"https:\/\/baycoast.bank\/es\/banca-en-linea\/banca-movil\/\">descarga la app<\/a>.<\/li>\n\n\n\n<li>Cajero autom\u00e1tico (ATM): <a href=\"https:\/\/baycoast.bank\/es\/sucursales\/\">encuentra la ubicaci\u00f3n de los ATM<\/a><\/li>\n\n\n\n<li>Tel\u00e9fono: marca 888-533-6695<\/li>\n<\/ul>\n\n\n\n<p>Entre otras caracter\u00edsticas, la banca m\u00f3vil incluye lo siguiente: <\/p>\n\n\n\n<ul class=\"wp-block-list\">\n<li>eStatements (estados de cuenta electr\u00f3nicos)<\/li>\n\n\n\n<li>Presentaci\u00f3n y pago de cuentas<\/li>\n\n\n\n<li>Im\u00e1genes de cheques<\/li>\n\n\n\n<li>Cartera de cotizaciones burs\u00e1tiles<\/li>\n\n\n\n<li>Seguridad reforzada para el ingreso<\/li>\n\n\n\n<li>Funci\u00f3n Turbo Tax durante la temporada de impuestos<\/li>\n<\/ul>\n\n\n\n<p>Para conocer m\u00e1s sobre la Banca en L\u00ednea, visita la p\u00e1gina de <a href=\"https:\/\/baycoast.bank\/es\/banca-en-linea\/preguntas-frecuentes-sobre-la-banca-electronica\/\">Preguntas frecuentes<\/a>.<br\/><a href=\"https:\/\/www.baycoastbank.com\/home\/onlinebanking\/personal\/application\" target=\"_blank\" rel=\"noopener\"><\/a><\/p>\n\n\n\n<p class=\"has-small-font-size\"><em>Microsoft es marca registrada de Microsoft Corporation en Estados Unidos y\/o en otros pa\u00edses.<\/em><\/p>\n\n\n\n<p class=\"has-small-font-size\"><em>Quicken, QuickBooks y QuickBooks Online son marcas registradas de Intuit, Inc., registradas en Estados Unidos y otros pa\u00edses.<\/em><\/p>\n\n\n\t\t\t<\/div>\n\n\t\t<\/div>\n\t<\/div>\n<\/div> <\/div><div class=\"lazyblock-archive-section-jIBEq wp-block-lazyblock-archive-section\"><div class=\"spacer\"><\/div>\n\n<div class=\"section archive-section\">\n\t<div class=\"paddedWrapper\">\n\t\t<div class=\"wrapper\">\n\t\t\t\n\t\t\t<div class=\"thumbnails grid hide smallerGrid\">\n\t\t\t\t\n\t\t\t\t\t\t<div id=\"parent-7248\" class=\"thumbnail\">\n\t\t\t\t\t\t\t<div class=\"thumbnailImage\">\n\t\t\t\t\t\t\t\t<div class=\"backing\" style=\"background-image: url(https:\/\/baycoast.bank\/wp-content\/uploads\/2020\/07\/iStock-1164972371-min-scaled.jpg\" role=\"img\" aria-label=\"Banca m\u00f3vil\"><\/div>\n\t\t\t\t\t\t\t<\/div>\n\n\t\t\t\t\t\t\t<div class=\"thumbnailContent\">\n\t\t\t\t\t\t\t\t<h3 class=\"blue\">Banca m\u00f3vil<\/h3>\n\n\t\t\t\t\t\t\t\t\n\t\t\t\t\t\t\t\t<div class=\"btn blue noExcerpt\" role=\"button\" tabindex=\"0\">Conoce M\u00e1s <span class=\"primaryColor\">+<\/span> <div class=\"backing\"><\/div><\/div>\n\t\t\t\t\t\t\t<\/div>\n\n\t\t\t\t\t\t\t<a href=\"https:\/\/baycoast.bank\/es\/banca-en-linea\/banca-movil\/\"><\/a>\n\t\t\t\t\t\t<\/div>\n\n\t\t\t\t\t\n\t\t\t\t\t\t<div id=\"parent-7815\" class=\"thumbnail\">\n\t\t\t\t\t\t\t<div class=\"thumbnailImage\">\n\t\t\t\t\t\t\t\t<div class=\"backing\" style=\"background-image: url(https:\/\/baycoast.bank\/wp-content\/uploads\/2022\/10\/MobileImages_Blue_BayCoast.jpg\" role=\"img\" aria-label=\"Puntaje crediticio.\"><\/div>\n\t\t\t\t\t\t\t<\/div>\n\n\t\t\t\t\t\t\t<div class=\"thumbnailContent\">\n\t\t\t\t\t\t\t\t<h3 class=\"blue\">Puntaje crediticio.<\/h3>\n\n\t\t\t\t\t\t\t\t<p>Tu puntaje crediticio.Y m\u00e1s. En cualquier momento. En cualquier lugar. El puntaje crediticio est\u00e1 disponible para nuestro clientes de BayCoast Bank a trav\u00e9s del banco m\u00f3vil o en l\u00ednea. Con esta poderosa herramienta puedes acceder a tu puntaje crediticio, informe completo de cr\u00e9dito, monitoreo de cr\u00e9ditos, consejos financieros y recursos educativos. Puedes hacerlo en CUALQUIER [&hellip;]<\/p>\n\n\t\t\t\t\t\t\t\t<div class=\"btn blue \" role=\"button\" tabindex=\"0\">Conoce M\u00e1s <span class=\"primaryColor\">+<\/span> <div class=\"backing\"><\/div><\/div>\n\t\t\t\t\t\t\t<\/div>\n\n\t\t\t\t\t\t\t<a href=\"https:\/\/baycoast.bank\/es\/banca-en-linea\/puntaje-crediticio\/\"><\/a>\n\t\t\t\t\t\t<\/div>\n\n\t\t\t\t\t\n\t\t\t\t\t\t<div id=\"parent-7310\" class=\"thumbnail\">\n\t\t\t\t\t\t\t<div class=\"thumbnailImage\">\n\t\t\t\t\t\t\t\t<div class=\"backing\" style=\"background-image: url(https:\/\/baycoast.bank\/wp-content\/uploads\/2021\/04\/iStock-920710216-min-e1618505140306.jpg\" role=\"img\" aria-label=\"Recompensas por compras\"><\/div>\n\t\t\t\t\t\t\t<\/div>\n\n\t\t\t\t\t\t\t<div class=\"thumbnailContent\">\n\t\t\t\t\t\t\t\t<h3 class=\"blue\">Recompensas por compras<\/h3>\n\n\t\t\t\t\t\t\t\t\n\t\t\t\t\t\t\t\t<div class=\"btn blue noExcerpt\" role=\"button\" tabindex=\"0\">Conoce M\u00e1s <span class=\"primaryColor\">+<\/span> <div class=\"backing\"><\/div><\/div>\n\t\t\t\t\t\t\t<\/div>\n\n\t\t\t\t\t\t\t<a href=\"https:\/\/baycoast.bank\/es\/banca-en-linea\/recompensas-por-compras\/\"><\/a>\n\t\t\t\t\t\t<\/div>\n\n\t\t\t\t\t\n\t\t\t\t\t\t<div id=\"parent-7276\" class=\"thumbnail\">\n\t\t\t\t\t\t\t<div class=\"thumbnailImage\">\n\t\t\t\t\t\t\t\t<div class=\"backing\" style=\"background-image: url(https:\/\/baycoast.bank\/wp-content\/uploads\/2021\/04\/iStock-521459708-min-e1618503803182.jpg\" role=\"img\" aria-label=\"CardValet\u00ae\"><\/div>\n\t\t\t\t\t\t\t<\/div>\n\n\t\t\t\t\t\t\t<div class=\"thumbnailContent\">\n\t\t\t\t\t\t\t\t<h3 class=\"blue\">CardValet\u00ae<\/h3>\n\n\t\t\t\t\t\t\t\t\n\t\t\t\t\t\t\t\t<div class=\"btn blue noExcerpt\" role=\"button\" tabindex=\"0\">Conoce M\u00e1s <span class=\"primaryColor\">+<\/span> <div class=\"backing\"><\/div><\/div>\n\t\t\t\t\t\t\t<\/div>\n\n\t\t\t\t\t\t\t<a href=\"https:\/\/baycoast.bank\/es\/banca-en-linea\/cardvalet\/\"><\/a>\n\t\t\t\t\t\t<\/div>\n\n\t\t\t\t\t\n\t\t\t\t\t\t<div id=\"parent-7166\" class=\"thumbnail\">\n\t\t\t\t\t\t\t<div class=\"thumbnailImage\">\n\t\t\t\t\t\t\t\t<div class=\"backing\" style=\"background-image: url(https:\/\/baycoast.bank\/wp-content\/uploads\/2020\/05\/womanPhone-min.jpg\" role=\"img\" aria-label=\"Apple y Google Pay\"><\/div>\n\t\t\t\t\t\t\t<\/div>\n\n\t\t\t\t\t\t\t<div class=\"thumbnailContent\">\n\t\t\t\t\t\t\t\t<h3 class=\"blue\">Apple y Google Pay<\/h3>\n\n\t\t\t\t\t\t\t\t\n\t\t\t\t\t\t\t\t<div class=\"btn blue noExcerpt\" role=\"button\" tabindex=\"0\">Conoce M\u00e1s <span class=\"primaryColor\">+<\/span> <div class=\"backing\"><\/div><\/div>\n\t\t\t\t\t\t\t<\/div>\n\n\t\t\t\t\t\t\t<a href=\"https:\/\/baycoast.bank\/es\/banca-en-linea\/apple-y-google-pay\/\"><\/a>\n\t\t\t\t\t\t<\/div>\n\n\t\t\t\t\t\n\t\t\t\t\t\t<div id=\"parent-7180\" class=\"thumbnail\">\n\t\t\t\t\t\t\t<div class=\"thumbnailImage\">\n\t\t\t\t\t\t\t\t<div class=\"backing\" style=\"background-image: url(https:\/\/baycoast.bank\/wp-content\/uploads\/2020\/08\/iStock-613241502-min.jpg\" role=\"img\" aria-label=\"Gesti\u00f3n del dinero\"><\/div>\n\t\t\t\t\t\t\t<\/div>\n\n\t\t\t\t\t\t\t<div class=\"thumbnailContent\">\n\t\t\t\t\t\t\t\t<h3 class=\"blue\">Gesti\u00f3n del dinero<\/h3>\n\n\t\t\t\t\t\t\t\t\n\t\t\t\t\t\t\t\t<div class=\"btn blue noExcerpt\" role=\"button\" tabindex=\"0\">Conoce M\u00e1s <span class=\"primaryColor\">+<\/span> <div class=\"backing\"><\/div><\/div>\n\t\t\t\t\t\t\t<\/div>\n\n\t\t\t\t\t\t\t<a href=\"https:\/\/baycoast.bank\/es\/banca-en-linea\/gestion-del-dinero\/\"><\/a>\n\t\t\t\t\t\t<\/div>\n\n\t\t\t\t\t\n\t\t\t\t\t\t<div id=\"parent-7272\" class=\"thumbnail\">\n\t\t\t\t\t\t\t<div class=\"thumbnailImage\">\n\t\t\t\t\t\t\t\t<div class=\"backing\" style=\"background-image: url(https:\/\/baycoast.bank\/wp-content\/uploads\/2020\/07\/iStock-1210359011-min-scaled-e1596807793740.jpg\" role=\"img\" aria-label=\"Haz la solicitud\"><\/div>\n\t\t\t\t\t\t\t<\/div>\n\n\t\t\t\t\t\t\t<div class=\"thumbnailContent\">\n\t\t\t\t\t\t\t\t<h3 class=\"blue\">Haz la solicitud<\/h3>\n\n\t\t\t\t\t\t\t\t\n\t\t\t\t\t\t\t\t<div class=\"btn blue noExcerpt\" role=\"button\" tabindex=\"0\">Conoce M\u00e1s <span class=\"primaryColor\">+<\/span> <div class=\"backing\"><\/div><\/div>\n\t\t\t\t\t\t\t<\/div>\n\n\t\t\t\t\t\t\t<a href=\"https:\/\/baycoast.bank\/es\/banca-en-linea\/haz-la-solicitud\/\"><\/a>\n\t\t\t\t\t\t<\/div>\n\n\t\t\t\t\t\n\t\t\t\t\t\t<div id=\"parent-10191\" class=\"thumbnail\">\n\t\t\t\t\t\t\t<div class=\"thumbnailImage\">\n\t\t\t\t\t\t\t\t<div class=\"backing\" style=\"background-image: url(https:\/\/baycoast.bank\/wp-content\/uploads\/2023\/05\/Payrailz-Webpage-Hero-2.jpg\" role=\"img\" aria-label=\"Transferencias sencillas de dinero\"><\/div>\n\t\t\t\t\t\t\t<\/div>\n\n\t\t\t\t\t\t\t<div class=\"thumbnailContent\">\n\t\t\t\t\t\t\t\t<h3 class=\"blue\">Transferencias sencillas de dinero<\/h3>\n\n\t\t\t\t\t\t\t\t\n\t\t\t\t\t\t\t\t<div class=\"btn blue noExcerpt\" role=\"button\" tabindex=\"0\">Conoce M\u00e1s <span class=\"primaryColor\">+<\/span> <div class=\"backing\"><\/div><\/div>\n\t\t\t\t\t\t\t<\/div>\n\n\t\t\t\t\t\t\t<a href=\"https:\/\/baycoast.bank\/es\/banca-en-linea\/transferencias-sencillas-de-dinero\/\"><\/a>\n\t\t\t\t\t\t<\/div>\n\n\t\t\t\t\t\n\t\t\t\t\t\t<div id=\"parent-7398\" class=\"thumbnail\">\n\t\t\t\t\t\t\t<div class=\"thumbnailImage\">\n\t\t\t\t\t\t\t\t<div class=\"backing\" style=\"background-image: url(https:\/\/baycoast.bank\/wp-content\/uploads\/2021\/04\/iStock-1286249877-min-e1618505231163.jpg\" role=\"img\" aria-label=\"Preguntas frecuentes sobre la banca electr\u00f3nica\"><\/div>\n\t\t\t\t\t\t\t<\/div>\n\n\t\t\t\t\t\t\t<div class=\"thumbnailContent\">\n\t\t\t\t\t\t\t\t<h3 class=\"blue\">Preguntas frecuentes sobre la banca electr\u00f3nica<\/h3>\n\n\t\t\t\t\t\t\t\t\n\t\t\t\t\t\t\t\t<div class=\"btn blue noExcerpt\" role=\"button\" tabindex=\"0\">Conoce M\u00e1s <span class=\"primaryColor\">+<\/span> <div class=\"backing\"><\/div><\/div>\n\t\t\t\t\t\t\t<\/div>\n\n\t\t\t\t\t\t\t<a href=\"https:\/\/baycoast.bank\/es\/banca-en-linea\/preguntas-frecuentes-sobre-la-banca-electronica\/\"><\/a>\n\t\t\t\t\t\t<\/div>\n\n\t\t\t\t\t\t\t\t<\/div>\n\t\t<\/div>\n\t<\/div>\n<\/div><\/div>","protected":false},"excerpt":{"rendered":"","protected":false},"author":2,"featured_media":5379,"parent":0,"menu_order":29,"comment_status":"closed","ping_status":"closed","template":"","meta":{"_acf_changed":false,"inline_featured_image":false,"footnotes":""},"class_list":["post-7246","page","type-page","status-publish","has-post-thumbnail","hentry"],"acf":[],"featured_image_urls_v2":{"full":["https:\/\/baycoast.bank\/wp-content\/uploads\/2020\/07\/iStock-1161412655-min-scaled-e1596806511218.jpg",1803,1143,false],"thumbnail":["https:\/\/baycoast.bank\/wp-content\/uploads\/2020\/07\/iStock-1161412655-min-scaled-e1596806511218-150x150.jpg",150,150,true],"medium":["https:\/\/baycoast.bank\/wp-content\/uploads\/2020\/07\/iStock-1161412655-min-scaled-e1596806511218-300x190.jpg",300,190,true],"medium_large":["https:\/\/baycoast.bank\/wp-content\/uploads\/2020\/07\/iStock-1161412655-min-scaled-e1596806511218-768x487.jpg",768,487,true],"large":["https:\/\/baycoast.bank\/wp-content\/uploads\/2020\/07\/iStock-1161412655-min-scaled-e1596806511218-1024x649.jpg",1024,649,true],"1536x1536":["https:\/\/baycoast.bank\/wp-content\/uploads\/2020\/07\/iStock-1161412655-min-scaled-e1596806511218-1536x974.jpg",1536,974,true],"2048x2048":["https:\/\/baycoast.bank\/wp-content\/uploads\/2020\/07\/iStock-1161412655-min-2048x1365.jpg",2048,1365,true]},"post_excerpt_stackable_v2":"<p>Banca en l\u00ednea Solic\u00edtalo ya&nbsp;+ Que tus finanzas avancen a toda potencia. Verifica los saldos de tus cuentas, transfiere fondos, haz el seguimiento de tus dep\u00f3sitos autom\u00e1ticos, monitorea las actividades de tus cuentas, obt\u00e9n respuesta a tus preguntas a trav\u00e9s del correo electr\u00f3nico y mucho m\u00e1s. Lo mejor de todo es que puedes acceder a tus cuentas a trav\u00e9s de los siguientes medios: Computadora: haz clic en Online Login (Inicio de sesi\u00f3n) en la parte superior derecha de esta p\u00e1gina. Tel\u00e9fono m\u00f3vil o tableta: descarga la app. Cajero autom\u00e1tico (ATM): encuentra la ubicaci\u00f3n de los ATM Tel\u00e9fono: marca 888-533-6695 Entre&hellip;<\/p>\n","category_list_v2":"","author_info_v2":{"name":"","url":"https:\/\/baycoast.bank\/es\/author\/"},"comments_num_v2":"0 comentarios","publishpress_future_action":{"enabled":false,"date":"2026-04-29 12:07:28","action":"change-status","newStatus":"draft","terms":[],"taxonomy":"translation_priority","extraData":[]},"publishpress_future_workflow_manual_trigger":{"enabledWorkflows":[]},"_links":{"self":[{"href":"https:\/\/baycoast.bank\/es\/wp-json\/wp\/v2\/pages\/7246","targetHints":{"allow":["GET"]}}],"collection":[{"href":"https:\/\/baycoast.bank\/es\/wp-json\/wp\/v2\/pages"}],"about":[{"href":"https:\/\/baycoast.bank\/es\/wp-json\/wp\/v2\/types\/page"}],"author":[{"embeddable":true,"href":"https:\/\/baycoast.bank\/es\/wp-json\/wp\/v2\/users\/2"}],"replies":[{"embeddable":true,"href":"https:\/\/baycoast.bank\/es\/wp-json\/wp\/v2\/comments?post=7246"}],"version-history":[{"count":0,"href":"https:\/\/baycoast.bank\/es\/wp-json\/wp\/v2\/pages\/7246\/revisions"}],"wp:featuredmedia":[{"embeddable":true,"href":"https:\/\/baycoast.bank\/es\/wp-json\/wp\/v2\/media\/5379"}],"wp:attachment":[{"href":"https:\/\/baycoast.bank\/es\/wp-json\/wp\/v2\/media?parent=7246"}],"curies":[{"name":"wp","href":"https:\/\/api.w.org\/{rel}","templated":true}]}}