{"id":7248,"date":"2020-07-24T03:43:47","date_gmt":"2020-07-24T07:43:47","guid":{"rendered":"https:\/\/baycoast.bank\/banca-en-linea\/banca-movil\/"},"modified":"2023-02-28T15:56:09","modified_gmt":"2023-02-28T20:56:09","slug":"banca-movil","status":"publish","type":"page","link":"https:\/\/baycoast.bank\/es\/banca-en-linea\/banca-movil\/","title":{"rendered":"Banca m\u00f3vil"},"content":{"rendered":"<div class=\"lazyblock-interior-hero-Z21JToO wp-block-lazyblock-interior-hero\">\n<div class=\"section hero\">\n\t<div class=\"backing parallaxContainer\">\n\t\t<div class=\"backing\" style=\"background-image: url(https:\/\/baycoast.bank\/wp-content\/uploads\/2020\/07\/iStock-1164972371-min-scaled.jpg\" role=\"img\" aria-label=\"Hero Image\"><\/div>\n\t<\/div>\n\n\t<div class=\"heroContent\">\n\t\t<div class=\"plusPlus blue\" ><\/div>\n\t\t\n\t\t<div class=\"heroWrapper\">\n\t\t\t<div class=\"heroBlock bgWhite\">\n\t\t\t\t\n\t\t\t\t<div class=\"heroBlockHeadline\">\n\n\t\t\t\t\t\t\t\t\t\t\t<div class=\"categories flex\" style=\"justify-content: flex-start;\">\n\t\t\t\t\t\t\t<div class=\"h6\">\n\n\t\t\t\t\t\t\t  \t\t\t\t\t\t\t\t    \t<a href=\"https:\/\/baycoast.bank\/es\/banca-en-linea\/\">Banca en l\u00ednea<\/a>\n\t\t\t\t\t\t\t    \t\t\t\t\t\t\t  \n\t\t\t\t\t\t\t<\/div>\n\t\t\t\t\t\t\t\n\t\t\t\t\t\t\t\t\t\t\t\t\t<\/div>\n\t\t\t\t\t\t\t\t\t\t\n\t\t\t\t\t<h1 class=\"blue\">Banca m\u00f3vil<\/h1>\n\t\t\t\t<\/div>\n\t\t\t<\/div>\n\t\t\t    \t\n\t\t\t\n\t\t\t\t<div class=\"openAccount bgBlue\">\n\t\t\t\t\t<div class=\"grain\" role=\"presentation\"><\/div>\n\t\t\t\t\t<div class=\"btn white\" role=\"button\" tabindex=\"0\">Ver Preguntas Frecuentes&nbsp;<span class=\"primaryColor\">+<\/span> <div class=\"backing bgPrimaryColor\"><\/div><\/div>\n\n\t\t\t\t\t<div class=\"backing bgPrimaryColor\"><\/div>\n\t\t\t\t\t\n\t\t\t\t\t<a  href=\"https:\/\/baycoast.bank\/online-banking\/mobile-banking\/mobile-banking-faqs\/\"><\/a>\n\t\t\t\t<\/div>\n\n\t\t\t\n\t\t<\/div>\n\t<\/div>\n<\/div> \n\n<div class=\"spacer\"><\/div><\/div><div class=\"lazyblock-interior-content-Z24E4q9 wp-block-lazyblock-interior-content\"><div class=\"spacer\"><\/div>\n\n<div class=\"section\">\n\t<div class=\"paddedWrapper\">\n\t\t<div class=\"wrapper flex gutenberg\" style=\"justify-content: center;\">\n\n\t\t\t\t\t    \t<div class=\"illustration\" style=\"background-image: url(https:\/\/baycoast.bank\/wp-content\/uploads\/2020\/05\/bayPhoneRight-min-scaled.jpg); background-size: \" role=\"img\" aria-label=\"No esperes para depositar tu cheque: pulsa la pantalla del celular... \u00a1y listo!\"><\/div>\n\t\t  \t\n\t\t\t<div class=\"smallWrapper gutenberg\">\n\t\t\t\n\t\t\t\t<div class=\"h3\">No esperes para depositar tu cheque: pulsa la pantalla del celular&#8230; \u00a1y listo!<\/div>\n\t\t\t  \n\t\t\t  \t<hr style=\"margin-bottom: 5rem;\">\n\t\t\t\t\n\t\t\t\t\n\n<p>Administra tus finanzas a cualquier hora y desde donde sea con el acceso a tus cuentas desde un dispositivo m\u00f3vil. Descarga nuestra aplicaci\u00f3n gratuita de banca m\u00f3vil (BayCoast Bank Mobile Banking app) desde App Store para iPhone o desde Google Play para tel\u00e9fonos Android. <\/p>\n\n\n\n<p><a href=\"https:\/\/itunes.apple.com\/us\/app\/baycoast-bank-mobile\/id575675176?ls=1&amp;mt=8\" target=\"_blank\" rel=\"noopener noreferrer\"><img decoding=\"async\" style=\"width:120px;\" src=\"https:\/\/baycoast.bank\/wp-content\/uploads\/2020\/08\/App-Store.png\"\/><\/a>            <a href=\"https:\/\/play.google.com\/store\/search?q=baycoast+bank\" target=\"_blank\" rel=\"noopener noreferrer\"><img decoding=\"async\" style=\"width:120px;\" src=\"https:\/\/baycoast.bank\/wp-content\/uploads\/2020\/08\/Google-Play.png\"\/><\/a><\/p>\n\n\n\n<ul class=\"wp-block-list\">\n<li>Ahorra tiempo al ir menos veces al banco.<\/li>\n\n\n\n<li>Deposita cheques a cualquier hora y donde sea.<\/li>\n\n\n\n<li>Logra acceso a tus fondos m\u00e1s r\u00e1pido.<\/li>\n\n\n\n<li>Es totalmente gratis.<\/li>\n<\/ul>\n\n\n\n<p>Para lograr acceso a la banca m\u00f3vil se requiere de la app m\u00f3vil de BayCoast Bank.<\/p>\n\n\n<div class=\"lazyblock-buttons-Z2eVEI4 wp-block-lazyblock-buttons\"><div class=\"buttonsListed\">\n\t\t\t\t\t\t\t\n\t<div class=\"grid\" style=\"align-items: center;\">\n\t\t\t\t\t<a href=\"https:\/\/baycoast.bank\/online-banking\/mobile-banking\/mobile-deposit-faqs\/\"><div class=\"btn blue\" role=\"button\" tabindex=\"0\">Preguntas frecuentes sobre Dep\u00f3sitos M\u00f3viles&nbsp;<span class=\"primaryColor\">+<\/span> <div class=\"backing\"><\/div><\/div><\/a>\n\t\t\t<\/div>\n\t\n<\/div><\/div>\n\n\n<div style=\"height:30px\" aria-hidden=\"true\" class=\"wp-block-spacer\"><\/div>\n\n\n\n<h3 class=\"blue wp-block-heading\">Banca por texto<\/h3>\n\n\n\n<p>La banca por texto te da acceso a tus cuentas a trav\u00e9s de mensajes de texto (SMS) en tu tel\u00e9fono. Recibir\u00e1s mensajes cuando los solicites utilizando <a href=\"https:\/\/baycoast.bank\/wp-content\/uploads\/2020\/08\/TextBankingCommands.pdf\">comandos de banca por texto<\/a>. Para establecer mensajes de texto, ingresa a la banca m\u00f3vil de BayCoast Bank y haz clic en &#8216;Banca m\u00f3vil&#8217; bajo la pesta\u00f1a superior \u00abEstados de cuenta electr\u00f3nicos y otros servicios\u00bb. Este servicio requiere que solicites un c\u00f3digo de activaci\u00f3n por \u00fanica vez para activar tu dispositivo m\u00f3vil. Por lo general, se necesitar\u00e1 un plan de datos o de mensajes de texto, ya que el uso de datos puede ser costoso sin ellos. Consulta con tu proveedor inal\u00e1mbrico para m\u00e1s informaci\u00f3n.<\/p>\n\n\n\n<p>Se requiere estar inscrito en la banca electr\u00f3nica para tener acceso a la banca movil, dep\u00f3sitos m\u00f3viles y banca por texto. <a href=\"https:\/\/baycoast.bank\/es\/banca-en-linea\/haz-la-solicitud\/\">Haz clic aqui para solicitar la banca electr\u00f3nica<\/a>.<\/p>\n\n\n\n<hr class=\"wp-block-separator has-css-opacity\"\/>\n\n\n\n<div style=\"height:20px\" aria-hidden=\"true\" class=\"wp-block-spacer\"><\/div>\n\n\n<div class=\"lazyblock-buttons-Z1pf5Ck wp-block-lazyblock-buttons\"><div class=\"buttonsListed\">\n\t\t\t\t\t\t\t\n\t<div class=\"grid\" style=\"align-items: center;\">\n\t\t\t\t\t<a href=\"https:\/\/baycoast.bank\/online-banking\/mobile-banking\/mobile-banking-security\/\"><div class=\"btn blue\" role=\"button\" tabindex=\"0\">Seguridad de la banca m\u00f3vil&nbsp;<span class=\"primaryColor\">+<\/span> <div class=\"backing\"><\/div><\/div><\/a>\n\t\t\t<\/div>\n\t\n<\/div><\/div>\n\n\t\t\t<\/div>\n\n\t\t<\/div>\n\t<\/div>\n<\/div> <\/div>","protected":false},"excerpt":{"rendered":"","protected":false},"author":2,"featured_media":5381,"parent":7246,"menu_order":30,"comment_status":"closed","ping_status":"closed","template":"","meta":{"_acf_changed":false,"inline_featured_image":false,"footnotes":""},"class_list":["post-7248","page","type-page","status-publish","has-post-thumbnail","hentry"],"acf":[],"featured_image_urls_v2":{"full":["https:\/\/baycoast.bank\/wp-content\/uploads\/2020\/07\/iStock-1164972371-min-scaled.jpg",2560,1707,false],"thumbnail":["https:\/\/baycoast.bank\/wp-content\/uploads\/2020\/07\/iStock-1164972371-min-150x150.jpg",150,150,true],"medium":["https:\/\/baycoast.bank\/wp-content\/uploads\/2020\/07\/iStock-1164972371-min-300x200.jpg",300,200,true],"medium_large":["https:\/\/baycoast.bank\/wp-content\/uploads\/2020\/07\/iStock-1164972371-min-768x512.jpg",768,512,true],"large":["https:\/\/baycoast.bank\/wp-content\/uploads\/2020\/07\/iStock-1164972371-min-1024x683.jpg",1024,683,true],"1536x1536":["https:\/\/baycoast.bank\/wp-content\/uploads\/2020\/07\/iStock-1164972371-min-1536x1024.jpg",1536,1024,true],"2048x2048":["https:\/\/baycoast.bank\/wp-content\/uploads\/2020\/07\/iStock-1164972371-min-2048x1366.jpg",2048,1366,true]},"post_excerpt_stackable_v2":"<p>Banca en l\u00ednea Banca m\u00f3vil Ver Preguntas Frecuentes&nbsp;+ No esperes para depositar tu cheque: pulsa la pantalla del celular&#8230; \u00a1y listo! Administra tus finanzas a cualquier hora y desde donde sea con el acceso a tus cuentas desde un dispositivo m\u00f3vil. Descarga nuestra aplicaci\u00f3n gratuita de banca m\u00f3vil (BayCoast Bank Mobile Banking app) desde App Store para iPhone o desde Google Play para tel\u00e9fonos Android. Ahorra tiempo al ir menos veces al banco. Deposita cheques a cualquier hora y donde sea. Logra acceso a tus fondos m\u00e1s r\u00e1pido. Es totalmente gratis. Para lograr acceso a la banca m\u00f3vil se requiere&hellip;<\/p>\n","category_list_v2":"","author_info_v2":{"name":"","url":"https:\/\/baycoast.bank\/es\/author\/"},"comments_num_v2":"0 comentarios","publishpress_future_action":{"enabled":false,"date":"2026-05-18 21:53:10","action":"change-status","newStatus":"draft","terms":[],"taxonomy":"translation_priority","extraData":[]},"publishpress_future_workflow_manual_trigger":{"enabledWorkflows":[]},"_links":{"self":[{"href":"https:\/\/baycoast.bank\/es\/wp-json\/wp\/v2\/pages\/7248","targetHints":{"allow":["GET"]}}],"collection":[{"href":"https:\/\/baycoast.bank\/es\/wp-json\/wp\/v2\/pages"}],"about":[{"href":"https:\/\/baycoast.bank\/es\/wp-json\/wp\/v2\/types\/page"}],"author":[{"embeddable":true,"href":"https:\/\/baycoast.bank\/es\/wp-json\/wp\/v2\/users\/2"}],"replies":[{"embeddable":true,"href":"https:\/\/baycoast.bank\/es\/wp-json\/wp\/v2\/comments?post=7248"}],"version-history":[{"count":0,"href":"https:\/\/baycoast.bank\/es\/wp-json\/wp\/v2\/pages\/7248\/revisions"}],"up":[{"embeddable":true,"href":"https:\/\/baycoast.bank\/es\/wp-json\/wp\/v2\/pages\/7246"}],"wp:featuredmedia":[{"embeddable":true,"href":"https:\/\/baycoast.bank\/es\/wp-json\/wp\/v2\/media\/5381"}],"wp:attachment":[{"href":"https:\/\/baycoast.bank\/es\/wp-json\/wp\/v2\/media?parent=7248"}],"curies":[{"name":"wp","href":"https:\/\/api.w.org\/{rel}","templated":true}]}}