{"id":7272,"date":"2020-08-07T13:34:21","date_gmt":"2020-08-07T17:34:21","guid":{"rendered":"https:\/\/baycoast.bank\/banca-en-linea\/haz-la-solicitud\/"},"modified":"2023-02-28T15:58:03","modified_gmt":"2023-02-28T20:58:03","slug":"haz-la-solicitud","status":"publish","type":"page","link":"https:\/\/baycoast.bank\/es\/banca-en-linea\/haz-la-solicitud\/","title":{"rendered":"Haz la solicitud"},"content":{"rendered":"<div class=\"lazyblock-interior-hero-Z2o8xwe wp-block-lazyblock-interior-hero\">\n<div class=\"section hero\">\n\t<div class=\"backing parallaxContainer\">\n\t\t<div class=\"backing\" style=\"background-image: url(https:\/\/baycoast.bank\/wp-content\/uploads\/2020\/07\/iStock-1210359011-min-scaled-e1596807793740.jpg\" role=\"img\" aria-label=\"Hero Image\"><\/div>\n\t<\/div>\n\n\t<div class=\"heroContent\">\n\t\t<div class=\"plusPlus blue\" ><\/div>\n\t\t\n\t\t<div class=\"heroWrapper\">\n\t\t\t<div class=\"heroBlock bgWhite\">\n\t\t\t\t\n\t\t\t\t<div class=\"heroBlockHeadline\">\n\n\t\t\t\t\t\t\t\t\t\t\t<div class=\"categories flex\" style=\"justify-content: flex-start;\">\n\t\t\t\t\t\t\t<div class=\"h6\">\n\n\t\t\t\t\t\t\t  \t\t\t\t\t\t\t\t    \t<a href=\"https:\/\/baycoast.bank\/es\/banca-en-linea\/\">Banca en l\u00ednea<\/a>\n\t\t\t\t\t\t\t    \t\t\t\t\t\t\t  \n\t\t\t\t\t\t\t<\/div>\n\t\t\t\t\t\t\t\n\t\t\t\t\t\t\t\t\t\t\t\t\t<\/div>\n\t\t\t\t\t\t\t\t\t\t\n\t\t\t\t\t<h1 class=\"blue\">Haz la solicitud<\/h1>\n\t\t\t\t<\/div>\n\t\t\t<\/div>\n\t\t\t    \t\n\t\t\t\n\t\t<\/div>\n\t<\/div>\n<\/div> \n\n<div class=\"spacer\"><\/div><\/div><div class=\"lazyblock-interior-content-ZiQGWm wp-block-lazyblock-interior-content\"><div class=\"spacer\"><\/div>\n\n<div class=\"section\">\n\t<div class=\"paddedWrapper\">\n\t\t<div class=\"wrapper flex gutenberg\" style=\"justify-content: center;\">\n\n\t\t\t\n\t\t\t<div class=\"smallWrapper gutenberg\">\n\t\t\t\n\t\t\t\t<div class=\"h3\">Solicitud para la banca electr\u00f3nica de BayCoast Bank<\/div>\n\t\t\t  \n\t\t\t  \t<hr style=\"margin-bottom: 5rem;\">\n\t\t\t\t\n\t\t\t\t\n\n<p><strong>Los requisitos de elegibilidad para la banca electr\u00f3nica de BayCoast Bank incluyen:<\/strong><\/p>\n\n\n\n<ul class=\"wp-block-list\">\n<li>Contar con una cuenta existente en el banco<\/li>\n\n\n\n<li>Tener un n\u00famero de Seguro Social v\u00e1lido<\/li>\n\n\n\n<li>Tener una direcci\u00f3n v\u00e1lida de correo electr\u00f3nico<\/li>\n<\/ul>\n\n\n\n<p>Como usuario de banca electr\u00f3nica, puedes tener acceso en l\u00ednea a todas las cuentas elegibles de las cuales seas el titular. Las cuentas elegibles incluyen cuentas de cheques, cuentas de ahorros, cuentas de Mercado Monetario, Certificados de Dep\u00f3sito, cuentas de pr\u00e9stamos, cuentas de l\u00edneas de cr\u00e9dito y pr\u00e9stamos hipotecarios. Una vez que completes el formulario de inscripci\u00f3n a la banca electr\u00f3nica, podr\u00e1s ingresar haciendo uso de tu nombre de usuario y contrase\u00f1a.*<\/p>\n\n\n\n<div style=\"height:10px\" aria-hidden=\"true\" class=\"wp-block-spacer\"><\/div>\n\n\n\n<div class=\"wp-block-stackable-button-group stk-block-button-group stk-block stk-fe66a0b\" data-block-id=\"fe66a0b\"><div class=\"stk-row stk-inner-blocks stk-block-content stk-button-group\">\n<div class=\"wp-block-stackable-button stk-block-button stk-block stk-d7ad297\" data-block-id=\"d7ad297\"><style>.stk-d7ad297 .stk-button{padding-top:20px !important;padding-right:20px !important;padding-bottom:20px !important;padding-left:20px !important;background:#fbad18 !important}.stk-d7ad297 .stk-button__inner-text{font-size:20px !important;color:#18428f !important;font-weight:600 !important}@media screen and (max-width:1023px){.stk-d7ad297 .stk-button__inner-text{font-size:20px !important}}<\/style><a class=\"stk-link stk-button stk--hover-effect-darken\" href=\"https:\/\/www.baycoastbank.com\/tob\/live\/usp-core\/app\/register\" title=\"Inscr\u00edbete ya\" target=\"_blank\" rel=\"noopener\"><span class=\"has-text-color stk-button__inner-text\">Inscr\u00edbete ya<\/span><\/a><\/div>\n<\/div><\/div>\n\n\n\n<div style=\"height:5px\" aria-hidden=\"true\" class=\"wp-block-spacer\"><\/div>\n\n\n\n<p style=\"font-size:12px\"><em>*Todas las solicitudes est\u00e1n sujetas a la aprobaci\u00f3n del banco. Las cuentas de ahorro con libreta no son ilegibles para retiros y transferencias a trav\u00e9s de la banca electr\u00f3nica. Las cuentas de Certificado de Dep\u00f3sito e IRA solo son accesibles en l\u00ednea en modo vista, y no son elegibles para realizar transferencias en l\u00ednea. BayCoast Bank se reserva el derecho de determinar cu\u00e1les son las cuentas que se pueden conectar con el servicio.<\/em><\/p>\n\n\n\t\t\t<\/div>\n\n\t\t<\/div>\n\t<\/div>\n<\/div> <\/div><div class=\"lazyblock-looking-for-more-1Hqhub wp-block-lazyblock-looking-for-more\"><div class=\"spacer\"><\/div>\n\n<div class=\"section\">\n\t<div class=\"paddedWrapper\">\n\t\t<div class=\"wrapper\">\n\t\t\t<div class=\"mediumWrapper\">\n\n\t\t\t\t<div class=\"lookingForMore\">\n\t\t\t\t\t<h4 class=\"blue h3 hide\">\u00bfbuscas algo m\u00e1s?<\/h4><!--\n\t\t\t\t\t--><div class=\"moreLinkList\">\n\t\t\t\t\t\t\t\t\t\t\t\t\t<a href=\"https:\/\/baycoast.bank\/security\/\"><div class=\"moreBtn hide\">Centro de Seguridad <span class=\"primaryColor\">+<\/span> <div class=\"backing\"><\/div><\/div><\/a>\n        \t\t\t\t\t\t\t\t\t\t\t<a href=\"https:\/\/baycoast.bank\/online-banking\/mobile-banking\/\"><div class=\"moreBtn hide\">Banca m\u00f3vil <span class=\"primaryColor\">+<\/span> <div class=\"backing\"><\/div><\/div><\/a>\n        \t\t\t\t\t\t\t\t\t\t\t<a href=\"https:\/\/baycoast.bank\/online-banking\/money-management\/\"><div class=\"moreBtn hide\">Gesti\u00f3n del dinero <span class=\"primaryColor\">+<\/span> <div class=\"backing\"><\/div><\/div><\/a>\n        \t\t\t\t\t\t\t\t\t\t\t<a href=\"https:\/\/baycoast.bank\/online-banking\/money-management\/\"><div class=\"moreBtn hide\">Pop Money <span class=\"primaryColor\">+<\/span> <div class=\"backing\"><\/div><\/div><\/a>\n        \t\t\t\t\t\t\t\t\t\t\t<a href=\"https:\/\/baycoast.bank\/other-services\/estatements\/\"><div class=\"moreBtn hide\">eStatements (estados de cuenta electr\u00f3nicos) <span class=\"primaryColor\">+<\/span> <div class=\"backing\"><\/div><\/div><\/a>\n        \t\t\t\t\t\t\t\t\t<\/div>\n\t\t\t\t<\/div>\n\n\t\t\t<\/div>\n\t\t<\/div>\n\t<\/div>\n<\/div> <\/div>","protected":false},"excerpt":{"rendered":"","protected":false},"author":1,"featured_media":5397,"parent":7246,"menu_order":40,"comment_status":"closed","ping_status":"closed","template":"","meta":{"_acf_changed":false,"inline_featured_image":false,"footnotes":""},"class_list":["post-7272","page","type-page","status-publish","has-post-thumbnail","hentry"],"acf":[],"featured_image_urls_v2":{"full":["https:\/\/baycoast.bank\/wp-content\/uploads\/2020\/07\/iStock-1210359011-min-scaled-e1596807793740.jpg",2553,1536,false],"thumbnail":["https:\/\/baycoast.bank\/wp-content\/uploads\/2020\/07\/iStock-1210359011-min-scaled-e1596807793740-150x150.jpg",150,150,true],"medium":["https:\/\/baycoast.bank\/wp-content\/uploads\/2020\/07\/iStock-1210359011-min-scaled-e1596807793740-300x180.jpg",300,180,true],"medium_large":["https:\/\/baycoast.bank\/wp-content\/uploads\/2020\/07\/iStock-1210359011-min-scaled-e1596807793740-768x462.jpg",768,462,true],"large":["https:\/\/baycoast.bank\/wp-content\/uploads\/2020\/07\/iStock-1210359011-min-scaled-e1596807793740-1024x616.jpg",1024,616,true],"1536x1536":["https:\/\/baycoast.bank\/wp-content\/uploads\/2020\/07\/iStock-1210359011-min-scaled-e1596807793740-1536x924.jpg",1536,924,true],"2048x2048":["https:\/\/baycoast.bank\/wp-content\/uploads\/2020\/07\/iStock-1210359011-min-scaled-e1596807793740-2048x1232.jpg",2048,1232,true]},"post_excerpt_stackable_v2":"<p>Banca en l\u00ednea Haz la solicitud Solicitud para la banca electr\u00f3nica de BayCoast Bank Los requisitos de elegibilidad para la banca electr\u00f3nica de BayCoast Bank incluyen: Contar con una cuenta existente en el banco Tener un n\u00famero de Seguro Social v\u00e1lido Tener una direcci\u00f3n v\u00e1lida de correo electr\u00f3nico Como usuario de banca electr\u00f3nica, puedes tener acceso en l\u00ednea a todas las cuentas elegibles de las cuales seas el titular. Las cuentas elegibles incluyen cuentas de cheques, cuentas de ahorros, cuentas de Mercado Monetario, Certificados de Dep\u00f3sito, cuentas de pr\u00e9stamos, cuentas de l\u00edneas de cr\u00e9dito y pr\u00e9stamos hipotecarios. Una vez que&hellip;<\/p>\n","category_list_v2":"","author_info_v2":{"name":"","url":"https:\/\/baycoast.bank\/es\/author\/"},"comments_num_v2":"0 comentarios","publishpress_future_action":{"enabled":false,"date":"2026-05-11 06:36:58","action":"change-status","newStatus":"draft","terms":[],"taxonomy":"translation_priority","extraData":[]},"publishpress_future_workflow_manual_trigger":{"enabledWorkflows":[]},"_links":{"self":[{"href":"https:\/\/baycoast.bank\/es\/wp-json\/wp\/v2\/pages\/7272","targetHints":{"allow":["GET"]}}],"collection":[{"href":"https:\/\/baycoast.bank\/es\/wp-json\/wp\/v2\/pages"}],"about":[{"href":"https:\/\/baycoast.bank\/es\/wp-json\/wp\/v2\/types\/page"}],"author":[{"embeddable":true,"href":"https:\/\/baycoast.bank\/es\/wp-json\/wp\/v2\/users\/1"}],"replies":[{"embeddable":true,"href":"https:\/\/baycoast.bank\/es\/wp-json\/wp\/v2\/comments?post=7272"}],"version-history":[{"count":0,"href":"https:\/\/baycoast.bank\/es\/wp-json\/wp\/v2\/pages\/7272\/revisions"}],"up":[{"embeddable":true,"href":"https:\/\/baycoast.bank\/es\/wp-json\/wp\/v2\/pages\/7246"}],"wp:featuredmedia":[{"embeddable":true,"href":"https:\/\/baycoast.bank\/es\/wp-json\/wp\/v2\/media\/5397"}],"wp:attachment":[{"href":"https:\/\/baycoast.bank\/es\/wp-json\/wp\/v2\/media?parent=7272"}],"curies":[{"name":"wp","href":"https:\/\/api.w.org\/{rel}","templated":true}]}}