{"id":7276,"date":"2020-08-07T14:12:10","date_gmt":"2020-08-07T18:12:10","guid":{"rendered":"https:\/\/baycoast.bank\/banca-en-linea\/cardvalet\/"},"modified":"2023-02-28T15:58:06","modified_gmt":"2023-02-28T20:58:06","slug":"cardvalet","status":"publish","type":"page","link":"https:\/\/baycoast.bank\/es\/banca-en-linea\/cardvalet\/","title":{"rendered":"CardValet\u00ae"},"content":{"rendered":"<div class=\"lazyblock-interior-hero-Z2hWfko wp-block-lazyblock-interior-hero\">\n<div class=\"section hero\">\n\t<div class=\"backing parallaxContainer\">\n\t\t<div class=\"backing\" style=\"background-image: url(https:\/\/baycoast.bank\/wp-content\/uploads\/2021\/04\/iStock-521459708-min-e1618503803182.jpg\" role=\"img\" aria-label=\"Hero Image\"><\/div>\n\t<\/div>\n\n\t<div class=\"heroContent\">\n\t\t<div class=\"plusPlus blue\" ><\/div>\n\t\t\n\t\t<div class=\"heroWrapper\">\n\t\t\t<div class=\"heroBlock bgWhite\">\n\t\t\t\t\n\t\t\t\t<div class=\"heroBlockHeadline\">\n\n\t\t\t\t\t\t\t\t\t\t\t<div class=\"categories flex\" style=\"justify-content: flex-start;\">\n\t\t\t\t\t\t\t<div class=\"h6\">\n\n\t\t\t\t\t\t\t  \t\t\t\t\t\t\t\t    \t<a href=\"https:\/\/baycoast.bank\/es\/banca-en-linea\/\">Banca en l\u00ednea<\/a>\n\t\t\t\t\t\t\t    \t\t\t\t\t\t\t  \n\t\t\t\t\t\t\t<\/div>\n\t\t\t\t\t\t\t\n\t\t\t\t\t\t\t\t\t\t\t\t\t<\/div>\n\t\t\t\t\t\t\t\t\t\t\n\t\t\t\t\t<h1 class=\"blue\">CardValet\u00ae<\/h1>\n\t\t\t\t<\/div>\n\t\t\t<\/div>\n\t\t\t    \t\n\t\t\t\n\t\t<\/div>\n\t<\/div>\n<\/div> \n\n<div class=\"spacer\"><\/div><\/div><div class=\"lazyblock-interior-content-hy2em wp-block-lazyblock-interior-content\"><div class=\"spacer\"><\/div>\n\n<div class=\"section\">\n\t<div class=\"paddedWrapper\">\n\t\t<div class=\"wrapper flex gutenberg\" style=\"justify-content: center;\">\n\n\t\t\t\n\t\t\t<div class=\"smallWrapper gutenberg\">\n\t\t\t\n\t\t\t\t<div class=\"h3\">Mant\u00e9n el control al alcance de la mano y descarga CardValet\u00ae.<\/div>\n\t\t\t  \n\t\t\t  \t<hr style=\"margin-bottom: 5rem;\">\n\t\t\t\t\n\t\t\t\t\n\n<p>Es f\u00e1cil administrar tu cuenta de d\u00e9bito y que te protejas contra el fraude con CardValet\u00ae. Con la aplicaci\u00f3n CardValet\u00ae, puedes configurar tu cuenta de d\u00e9bito y gestionarla y monitorearla donde vayas. Asume el control de tu tarjeta de d\u00e9bito sin tener que contactar a apoyo al cliente. Puedes configurar las medidas de seguridad desde tu tel\u00e9fono para evitar los contratiempos de sufrir un fraude en tu cuenta. <\/p>\n\n\n\n<p>Para descargar CardValet\u00ae busca en tu tienda de apps o simplemente ingresar a la aplicaci\u00f3n de banca m\u00f3vil de BayCoast Bank. Puedes encontrar un enlace directo a CardValet\u00ae bajo el men\u00fa \u00abM\u00e1s\u00bb en \u00abControl de mi tarjeta de d\u00e9bito\u00bb, y te llevar\u00e1 directamente a la aplicaci\u00f3n CardValet\u00ae en tu tienda de apps.<\/p>\n\n\n\n<p>La aplicaci\u00f3n de control CardValet\u00ae requiere que el tarjetahabiente registre un nuevo nombre de usuario y contrase\u00f1a para verificar los datos de la tarjeta y su autentificaci\u00f3n. El nombre de usuario y contrase\u00f1a de CardValet\u00ae no est\u00e1n conectados con el nombre de usuario y contrase\u00f1a de la banca electr\u00f3nica de BayCoast Bank.<\/p>\n\n\n\n<p><a href=\"https:\/\/apps.apple.com\/us\/app\/cardvalet\/id849898083\" target=\"_blank\" rel=\"noopener\"><img decoding=\"async\" alt=\"\" src=\"https:\/\/baycoast.bank\/wp-content\/uploads\/2020\/08\/App-Store.png\" style=\"width: 150px; height: 49px;\"\/><\/a>     <a href=\"https:\/\/play.google.com\/store\/apps\/details?id=com.fiservcardvalet.mobile.android&amp;hl=en_US\" target=\"_blank\" rel=\"noopener\"><img decoding=\"async\" alt=\"\" src=\"https:\/\/baycoast.bank\/wp-content\/uploads\/2020\/08\/Google-Play.png\" style=\"width: 150px; height: 34px;\"\/><\/a><\/p>\n\n\n\n<p>Como siempre, si tienes alg\u00fan problema con CardValet\u00ae o banca electr\u00f3nica, habla con uno de nuestros amigables miembros del personal de comercio electr\u00f3nico.<\/p>\n\n\n\n<p>Email: <a href=\"mailto:ecommerce@baycoastbank.com\">ecommerce@baycoastbank.com<\/a><br\/>Tel\u00e9fono: 508-675-4404<\/p>\n\n\n\t\t\t<\/div>\n\n\t\t<\/div>\n\t<\/div>\n<\/div> <\/div>","protected":false},"excerpt":{"rendered":"","protected":false},"author":1,"featured_media":5965,"parent":7246,"menu_order":37,"comment_status":"closed","ping_status":"closed","template":"","meta":{"_acf_changed":false,"inline_featured_image":false,"footnotes":""},"class_list":["post-7276","page","type-page","status-publish","has-post-thumbnail","hentry"],"acf":[],"featured_image_urls_v2":{"full":["https:\/\/baycoast.bank\/wp-content\/uploads\/2021\/04\/iStock-521459708-min-e1618503803182.jpg",1920,988,false],"thumbnail":["https:\/\/baycoast.bank\/wp-content\/uploads\/2021\/04\/iStock-521459708-min-e1618503803182-150x150.jpg",150,150,true],"medium":["https:\/\/baycoast.bank\/wp-content\/uploads\/2021\/04\/iStock-521459708-min-e1618503803182-300x154.jpg",300,154,true],"medium_large":["https:\/\/baycoast.bank\/wp-content\/uploads\/2021\/04\/iStock-521459708-min-e1618503803182-768x395.jpg",768,395,true],"large":["https:\/\/baycoast.bank\/wp-content\/uploads\/2021\/04\/iStock-521459708-min-e1618503803182-1024x527.jpg",1024,527,true],"1536x1536":["https:\/\/baycoast.bank\/wp-content\/uploads\/2021\/04\/iStock-521459708-min-e1618503803182-1536x790.jpg",1536,790,true],"2048x2048":["https:\/\/baycoast.bank\/wp-content\/uploads\/2021\/04\/iStock-521459708-min-e1618503803182.jpg",1920,988,false]},"post_excerpt_stackable_v2":"<p>Banca en l\u00ednea CardValet\u00ae Mant\u00e9n el control al alcance de la mano y descarga CardValet\u00ae. Es f\u00e1cil administrar tu cuenta de d\u00e9bito y que te protejas contra el fraude con CardValet\u00ae. Con la aplicaci\u00f3n CardValet\u00ae, puedes configurar tu cuenta de d\u00e9bito y gestionarla y monitorearla donde vayas. Asume el control de tu tarjeta de d\u00e9bito sin tener que contactar a apoyo al cliente. Puedes configurar las medidas de seguridad desde tu tel\u00e9fono para evitar los contratiempos de sufrir un fraude en tu cuenta. Para descargar CardValet\u00ae busca en tu tienda de apps o simplemente ingresar a la aplicaci\u00f3n de banca&hellip;<\/p>\n","category_list_v2":"","author_info_v2":{"name":"","url":"https:\/\/baycoast.bank\/es\/author\/"},"comments_num_v2":"0 comentarios","publishpress_future_action":{"enabled":false,"date":"2026-04-29 12:16:10","action":"change-status","newStatus":"draft","terms":[],"taxonomy":"translation_priority","extraData":[]},"publishpress_future_workflow_manual_trigger":{"enabledWorkflows":[]},"_links":{"self":[{"href":"https:\/\/baycoast.bank\/es\/wp-json\/wp\/v2\/pages\/7276","targetHints":{"allow":["GET"]}}],"collection":[{"href":"https:\/\/baycoast.bank\/es\/wp-json\/wp\/v2\/pages"}],"about":[{"href":"https:\/\/baycoast.bank\/es\/wp-json\/wp\/v2\/types\/page"}],"author":[{"embeddable":true,"href":"https:\/\/baycoast.bank\/es\/wp-json\/wp\/v2\/users\/1"}],"replies":[{"embeddable":true,"href":"https:\/\/baycoast.bank\/es\/wp-json\/wp\/v2\/comments?post=7276"}],"version-history":[{"count":0,"href":"https:\/\/baycoast.bank\/es\/wp-json\/wp\/v2\/pages\/7276\/revisions"}],"up":[{"embeddable":true,"href":"https:\/\/baycoast.bank\/es\/wp-json\/wp\/v2\/pages\/7246"}],"wp:featuredmedia":[{"embeddable":true,"href":"https:\/\/baycoast.bank\/es\/wp-json\/wp\/v2\/media\/5965"}],"wp:attachment":[{"href":"https:\/\/baycoast.bank\/es\/wp-json\/wp\/v2\/media?parent=7276"}],"curies":[{"name":"wp","href":"https:\/\/api.w.org\/{rel}","templated":true}]}}