{"id":7278,"date":"2020-08-07T14:33:01","date_gmt":"2020-08-07T18:33:01","guid":{"rendered":"https:\/\/baycoast.bank\/tu-dinero-esta-seguro\/"},"modified":"2025-07-14T14:45:40","modified_gmt":"2025-07-14T18:45:40","slug":"tu-dinero-esta-seguro","status":"publish","type":"page","link":"https:\/\/baycoast.bank\/es\/tu-dinero-esta-seguro\/","title":{"rendered":"Seguro de Dep\u00f3sitos de FDIC y DIF"},"content":{"rendered":"<div class=\"lazyblock-interior-hero-Z22RP5C wp-block-lazyblock-interior-hero\">\n<div class=\"section hero\">\n\t<div class=\"backing parallaxContainer\">\n\t\t<div class=\"backing\" style=\"background-image: url(https:\/\/baycoast.bank\/wp-content\/uploads\/2023\/03\/FDICDIF-Webpage-Hero-v2.jpg\" role=\"img\" aria-label=\"Hero Image\"><\/div>\n\t<\/div>\n\n\t<div class=\"heroContent\">\n\t\t<div class=\"plusPlus blue\" ><\/div>\n\t\t\n\t\t<div class=\"heroWrapper\">\n\t\t\t<div class=\"heroBlock bgWhite\">\n\t\t\t\t\n\t\t\t\t<div class=\"heroBlockHeadline\">\n\n\t\t\t\t\t\t\t\t\t\t\n\t\t\t\t\t<h1 class=\"blue\">Seguro de Dep\u00f3sitos de FDIC y DIF<\/h1>\n\t\t\t\t<\/div>\n\t\t\t<\/div>\n\t\t\t    \t\n\t\t\t\n\t\t\t\t<div class=\"openAccount bgBlue\">\n\t\t\t\t\t<div class=\"grain\" role=\"presentation\"><\/div>\n\t\t\t\t\t<div class=\"btn white\" role=\"button\" tabindex=\"0\">abrir una cuenta&nbsp;<span class=\"primaryColor\">+<\/span> <div class=\"backing bgPrimaryColor\"><\/div><\/div>\n\n\t\t\t\t\t<div class=\"backing bgPrimaryColor\"><\/div>\n\t\t\t\t\t\n\t\t\t\t\t<a  href=\"\/online-account-opening\/\"><\/a>\n\t\t\t\t<\/div>\n\n\t\t\t\n\t\t<\/div>\n\t<\/div>\n<\/div> \n\n<div class=\"spacer\"><\/div><\/div><div class=\"lazyblock-interior-content-ZJ2deD wp-block-lazyblock-interior-content\"><div class=\"spacer\"><\/div>\n\n<div class=\"section\">\n\t<div class=\"paddedWrapper\">\n\t\t<div class=\"wrapper flex gutenberg\" style=\"justify-content: center;\">\n\n\t\t\t\n\t\t\t<div class=\"smallWrapper gutenberg\">\n\t\t\t\n\t\t\t\t<div class=\"h3\">En BayCoast Bank, tus dep\u00f3sitos est\u00e1n 100% asegurados.<\/div>\n\t\t\t  \n\t\t\t  \t<hr style=\"margin-bottom: 5rem;\">\n\t\t\t\t\n\t\t\t\t\n\n<p>Cuando realizas tus operaciones bancarias con nosotros, el 100% de tus dep\u00f3sitos en BayCoast est\u00e1n totalmente asegurados a trav\u00e9s de FDIC (Federal Deposit Insurance Corporation) y DIF (Depositors Insurance Fund). En BayCoast, tenemos una extensa tradici\u00f3n de preocuparnos por nuestros clientes y su bienestar financiero.<\/p>\n\n\n\n<p>Desde 1851 y con gran orgullo, el Banco ha prestado servicios a los habitantes y empresas de la costa sur de Massachusetts y Rhode Island. Brindar excelentes soluciones y un servicio excepcional a nuestra comunidad es muy importante para nosotros. En la actualidad, este compromiso es tan firme como siempre lo ha sido. Estamos a tu lado, como antes estuvimos junto a tus padres, abuelos y bisabuelos.<\/p>\n\n\n\n<div class=\"wp-block-stackable-button-group stk-block-button-group stk-block stk-ee45ca7\" data-block-id=\"ee45ca7\"><style>.stk-ee45ca7 .stk-button-group{flex-direction:row !important;}.stk-ee45ca7 {margin-bottom:25px !important;}@media screen and (max-width: 1023px){.stk-ee45ca7 .stk-button-group{flex-direction:row !important;}}@media screen and (max-width: 767px){.stk-ee45ca7 .stk-button-group{flex-direction:row !important;}}<\/style><div class=\"stk-row stk-inner-blocks stk-block-content stk-button-group\">\n<div class=\"wp-block-stackable-button stk-block-button stk-block stk-3b990ba\" data-block-id=\"3b990ba\"><style>.stk-3b990ba .stk-button{padding-top:15px !important;padding-right:20px !important;padding-bottom:15px !important;padding-left:20px !important;background:var(--stk-global-color-63884, #fbad18) !important;}.stk-3b990ba .stk-button__inner-text{font-size:14px !important;color:var(--stk-global-color-3828, #18428f) !important;font-weight:700 !important;text-transform:uppercase !important;}@media screen and (max-width: 1023px){.stk-3b990ba .stk-button__inner-text{font-size:14px !important;}}<\/style><a class=\"stk-link stk-button stk--hover-effect-darken\" href=\"https:\/\/baycoast.bank\/es\/apertura-de-una-cuenta-en-linea\/\" target=\"_blank\" rel=\"noreferrer noopener\"><span class=\"has-text-color has-stk-global-color-3828-color stk-button__inner-text\">abre una cuenta hoy mismo<\/span><\/a><\/div>\n<\/div><\/div>\n\n\n\n<p>Aqu\u00ed encontrar\u00e1s un mayor detalle del seguro combinado de dep\u00f3sitos de FDIC y DIF para BayCoast, que brinda protecci\u00f3n y tranquilidad mental a todos nuestros depositantes.<\/p>\n\n\n\n<h4 class=\"wp-block-heading\">Seguro de Dep\u00f3sitos de FDIC<\/h4>\n\n\n\n<p>FDIC (Federal Deposit Insurance Corporation \/ Corporaci\u00f3n Federal de Seguros de Dep\u00f3sitos) es un organismo independiente del gobierno de los Estados Unidos, que cuenta con respaldo de plena fe y cr\u00e9dito del gobierno de los Estados Unidos, que ha asumido el compromiso de que el dinero de todos los depositantes permanezca seguro. Como cliente de BayCoast Bank, los dep\u00f3sitos que tengas con nosotros est\u00e1n autom\u00e1ticamente cubiertos por el seguro de dep\u00f3sitos de FDIC, por un total de al menos $250,000 por depositante. <\/p>\n\n\n\n<div class=\"wp-block-stackable-button-group stk-block-button-group stk-block stk-9905ddc\" data-block-id=\"9905ddc\"><style>.stk-9905ddc .stk-button-group{flex-direction:row !important;}.stk-9905ddc {margin-bottom:25px !important;}@media screen and (max-width: 1023px){.stk-9905ddc .stk-button-group{flex-direction:row !important;}}@media screen and (max-width: 767px){.stk-9905ddc .stk-button-group{flex-direction:row !important;}}<\/style><div class=\"stk-row stk-inner-blocks stk-block-content stk-button-group\">\n<div class=\"wp-block-stackable-button stk-block-button stk-block stk-dd07e3f\" data-block-id=\"dd07e3f\"><style>.stk-dd07e3f .stk-button{padding-top:15px !important;padding-right:20px !important;padding-bottom:15px !important;padding-left:20px !important;background:var(--stk-global-color-63884, #fbad18) !important;}.stk-dd07e3f .stk-button__inner-text{font-size:14px !important;color:var(--stk-global-color-3828, #18428f) !important;font-weight:700 !important;text-transform:uppercase !important;}@media screen and (max-width: 1023px){.stk-dd07e3f .stk-button__inner-text{font-size:14px !important;}}<\/style><a class=\"stk-link stk-button stk--hover-effect-darken\" href=\"https:\/\/www.fdic.gov\/\" target=\"_blank\" rel=\"noreferrer noopener\"><span class=\"has-text-color has-stk-global-color-3828-color stk-button__inner-text\">Conoce m\u00e1s acerca de FDIC<\/span><\/a><\/div>\n<\/div><\/div>\n\n\n\n<h4 class=\"wp-block-heading\">Seguro de Dep\u00f3sitos de DIF<\/h4>\n\n\n\n<p>DIF (Depositors Insurance Fund \/ Fondo de Seguro de Depositantes) es un fondo de seguro privado que patrocina la misma actividad, exclusivo para los bancos comunitarios del estado de Massachussets, que asegura todos los dep\u00f3sitos que sobrepasan el l\u00edmite de $250,000 por depositante que cubre FDIC. Esto significa que con los seguros de dep\u00f3sito de FDIC y DIF, tus dep\u00f3sitos en BayCoast est\u00e1n cubiertos en su totalidad, sin importar el saldo.<\/p>\n\n\n\n<div class=\"wp-block-stackable-button-group stk-block-button-group stk-block stk-d1ec068\" data-block-id=\"d1ec068\"><style>.stk-d1ec068 .stk-button-group{flex-direction:row !important;}.stk-d1ec068 {margin-bottom:25px !important;}@media screen and (max-width: 1023px){.stk-d1ec068 .stk-button-group{flex-direction:row !important;}}@media screen and (max-width: 767px){.stk-d1ec068 .stk-button-group{flex-direction:row !important;}}<\/style><div class=\"stk-row stk-inner-blocks stk-block-content stk-button-group\">\n<div class=\"wp-block-stackable-button stk-block-button stk-block stk-695a17c\" data-block-id=\"695a17c\"><style>.stk-695a17c .stk-button{padding-top:15px !important;padding-right:20px !important;padding-bottom:15px !important;padding-left:20px !important;background:var(--stk-global-color-63884, #fbad18) !important;}.stk-695a17c .stk-button__inner-text{font-size:14px !important;color:var(--stk-global-color-3828, #18428f) !important;font-weight:700 !important;text-transform:uppercase !important;}@media screen and (max-width: 1023px){.stk-695a17c .stk-button__inner-text{font-size:14px !important;}}<\/style><a class=\"stk-link stk-button stk--hover-effect-darken\" href=\"https:\/\/difxs.com\/about\/\" target=\"_blank\" rel=\"noreferrer noopener\"><span class=\"has-text-color has-stk-global-color-3828-color stk-button__inner-text\">Conoce m\u00e1s acerca de DIF<\/span><\/a><\/div>\n<\/div><\/div>\n\n\n\n<h4 class=\"wp-block-heading\">Ning\u00fan depositante ha perdido un solo penique en un banco que contara tanto con el seguro de FDIC como con el de DIF.<\/h4>\n\n\n\n<p>La combinaci\u00f3n de los seguros de FDIC y DIF proporciona aseguramiento completo para la totalidad de los dep\u00f3sitos en todas nuestras cuentas de dep\u00f3sito.<\/p>\n\n\n\n<p>Para obtener m\u00e1s informaci\u00f3n, comun\u00edcate directamente con nosotros llamando al <strong><a href=\"tel:5086787641\">508-678-7641.<\/a><\/strong> <\/p>\n\n\n\n<div class=\"wp-block-stackable-button-group stk-block-button-group stk-block stk-3ed6e20\" data-block-id=\"3ed6e20\"><style>.stk-3ed6e20 .stk-button-group{flex-direction:row !important;}.stk-3ed6e20 {margin-bottom:25px !important;}@media screen and (max-width: 1023px){.stk-3ed6e20 .stk-button-group{flex-direction:row !important;}}@media screen and (max-width: 767px){.stk-3ed6e20 .stk-button-group{flex-direction:row !important;}}<\/style><div class=\"stk-row stk-inner-blocks stk-block-content stk-button-group\">\n<div class=\"wp-block-stackable-button stk-block-button stk-block stk-69be4a9\" data-block-id=\"69be4a9\"><style>.stk-69be4a9 .stk-button{padding-top:15px !important;padding-right:20px !important;padding-bottom:15px !important;padding-left:20px !important;background:var(--stk-global-color-63884, #fbad18) !important;}.stk-69be4a9 .stk-button__inner-text{font-size:14px !important;color:var(--stk-global-color-3828, #18428f) !important;font-weight:700 !important;text-transform:uppercase !important;}@media screen and (max-width: 1023px){.stk-69be4a9 .stk-button__inner-text{font-size:14px !important;}}<\/style><a class=\"stk-link stk-button stk--hover-effect-darken\" href=\"https:\/\/baycoast.bank\/es\/apertura-de-una-cuenta-en-linea\/\" target=\"_blank\" rel=\"noreferrer noopener\"><span class=\"has-text-color has-stk-global-color-3828-color stk-button__inner-text\">abre una cuenta hoy mismo<\/span><\/a><\/div>\n<\/div><\/div>\n\n\n\t\t\t<\/div>\n\n\t\t<\/div>\n\t<\/div>\n<\/div> <\/div>","protected":false},"excerpt":{"rendered":"","protected":false},"author":1,"featured_media":9594,"parent":0,"menu_order":166,"comment_status":"closed","ping_status":"closed","template":"","meta":{"_acf_changed":false,"inline_featured_image":false,"footnotes":""},"class_list":["post-7278","page","type-page","status-publish","has-post-thumbnail","hentry"],"acf":[],"featured_image_urls_v2":{"full":["https:\/\/baycoast.bank\/wp-content\/uploads\/2023\/03\/FDICDIF-Webpage-Hero-v2.jpg",1920,600,false],"thumbnail":["https:\/\/baycoast.bank\/wp-content\/uploads\/2023\/03\/FDICDIF-Webpage-Hero-v2-150x150.jpg",150,150,true],"medium":["https:\/\/baycoast.bank\/wp-content\/uploads\/2023\/03\/FDICDIF-Webpage-Hero-v2-300x94.jpg",300,94,true],"medium_large":["https:\/\/baycoast.bank\/wp-content\/uploads\/2023\/03\/FDICDIF-Webpage-Hero-v2-768x240.jpg",768,240,true],"large":["https:\/\/baycoast.bank\/wp-content\/uploads\/2023\/03\/FDICDIF-Webpage-Hero-v2-1024x320.jpg",1024,320,true],"1536x1536":["https:\/\/baycoast.bank\/wp-content\/uploads\/2023\/03\/FDICDIF-Webpage-Hero-v2-1536x480.jpg",1536,480,true],"2048x2048":["https:\/\/baycoast.bank\/wp-content\/uploads\/2023\/03\/FDICDIF-Webpage-Hero-v2.jpg",1920,600,false]},"post_excerpt_stackable_v2":"<p>Seguro de Dep\u00f3sitos de FDIC y DIF abrir una cuenta&nbsp;+ En BayCoast Bank, tus dep\u00f3sitos est\u00e1n 100% asegurados. Cuando realizas tus operaciones bancarias con nosotros, el 100% de tus dep\u00f3sitos en BayCoast est\u00e1n totalmente asegurados a trav\u00e9s de FDIC (Federal Deposit Insurance Corporation) y DIF (Depositors Insurance Fund). En BayCoast, tenemos una extensa tradici\u00f3n de preocuparnos por nuestros clientes y su bienestar financiero. Desde 1851 y con gran orgullo, el Banco ha prestado servicios a los habitantes y empresas de la costa sur de Massachusetts y Rhode Island. Brindar excelentes soluciones y un servicio excepcional a nuestra comunidad es muy&hellip;<\/p>\n","category_list_v2":"","author_info_v2":{"name":"","url":"https:\/\/baycoast.bank\/es\/author\/"},"comments_num_v2":"0 comentarios","publishpress_future_action":{"enabled":false,"date":"2026-05-02 18:58:15","action":"change-status","newStatus":"draft","terms":[],"taxonomy":"translation_priority","extraData":[]},"publishpress_future_workflow_manual_trigger":{"enabledWorkflows":[]},"_links":{"self":[{"href":"https:\/\/baycoast.bank\/es\/wp-json\/wp\/v2\/pages\/7278","targetHints":{"allow":["GET"]}}],"collection":[{"href":"https:\/\/baycoast.bank\/es\/wp-json\/wp\/v2\/pages"}],"about":[{"href":"https:\/\/baycoast.bank\/es\/wp-json\/wp\/v2\/types\/page"}],"author":[{"embeddable":true,"href":"https:\/\/baycoast.bank\/es\/wp-json\/wp\/v2\/users\/1"}],"replies":[{"embeddable":true,"href":"https:\/\/baycoast.bank\/es\/wp-json\/wp\/v2\/comments?post=7278"}],"version-history":[{"count":0,"href":"https:\/\/baycoast.bank\/es\/wp-json\/wp\/v2\/pages\/7278\/revisions"}],"wp:featuredmedia":[{"embeddable":true,"href":"https:\/\/baycoast.bank\/es\/wp-json\/wp\/v2\/media\/9594"}],"wp:attachment":[{"href":"https:\/\/baycoast.bank\/es\/wp-json\/wp\/v2\/media?parent=7278"}],"curies":[{"name":"wp","href":"https:\/\/api.w.org\/{rel}","templated":true}]}}