{"id":7310,"date":"2020-07-24T04:00:16","date_gmt":"2020-07-24T08:00:16","guid":{"rendered":"https:\/\/baycoast.bank\/banca-en-linea\/recompensas-por-compras\/"},"modified":"2024-01-10T13:01:05","modified_gmt":"2024-01-10T18:01:05","slug":"recompensas-por-compras","status":"publish","type":"page","link":"https:\/\/baycoast.bank\/es\/banca-en-linea\/recompensas-por-compras\/","title":{"rendered":"Recompensas por compras"},"content":{"rendered":"<div class=\"lazyblock-interior-hero-W8mHy wp-block-lazyblock-interior-hero\">\n<div class=\"section hero\">\n\t<div class=\"backing parallaxContainer\">\n\t\t<div class=\"backing\" style=\"background-image: url(https:\/\/baycoast.bank\/wp-content\/uploads\/2021\/04\/iStock-920710216-min-e1618505140306.jpg\" role=\"img\" aria-label=\"Hero Image\"><\/div>\n\t<\/div>\n\n\t<div class=\"heroContent\">\n\t\t<div class=\"plusPlus blue\" ><\/div>\n\t\t\n\t\t<div class=\"heroWrapper\">\n\t\t\t<div class=\"heroBlock bgWhite\">\n\t\t\t\t\n\t\t\t\t<div class=\"heroBlockHeadline\">\n\n\t\t\t\t\t\t\t\t\t\t\t<div class=\"categories flex\" style=\"justify-content: flex-start;\">\n\t\t\t\t\t\t\t<div class=\"h6\">\n\n\t\t\t\t\t\t\t  \t\t\t\t\t\t\t\t    \t<a href=\"https:\/\/baycoast.bank\/es\/banca-en-linea\/\">Banca en l\u00ednea<\/a>\n\t\t\t\t\t\t\t    \t\t\t\t\t\t\t  \n\t\t\t\t\t\t\t<\/div>\n\t\t\t\t\t\t\t\n\t\t\t\t\t\t\t\t\t\t\t\t\t<\/div>\n\t\t\t\t\t\t\t\t\t\t\n\t\t\t\t\t<h1 class=\"blue\">Recompensas por compras<\/h1>\n\t\t\t\t<\/div>\n\t\t\t<\/div>\n\t\t\t    \t\n\t\t\t\n\t\t<\/div>\n\t<\/div>\n<\/div> \n\n<div class=\"spacer\"><\/div><\/div><div class=\"lazyblock-interior-content-Z1jIA7 wp-block-lazyblock-interior-content\"><div class=\"spacer\"><\/div>\n\n<div class=\"section\">\n\t<div class=\"paddedWrapper\">\n\t\t<div class=\"wrapper flex gutenberg\" style=\"justify-content: center;\">\n\n\t\t\t\n\t\t\t<div class=\"smallWrapper gutenberg\">\n\t\t\t\n\t\t\t\t<div class=\"h3\">\u00a1Convierte las compras de todos los d\u00edas en dinero en efectivo!<\/div>\n\t\t\t  \n\t\t\t  \t<hr style=\"margin-bottom: 5rem;\">\n\t\t\t\t\n\t\t\t\t\n\n<p>Obt\u00e9n exclusivas ofertas de devoluci\u00f3n de efectivo (cash back) cuando uses tu tarjeta de d\u00e9bito MasterCard\u00ae en los tipos de lugares donde te gusta comprar.<\/p>\n\n\n\n<p><strong>C\u00f3mo funciona&#8230;<\/strong><br\/><br\/>1. Ingresa a la banca electr\u00f3nica y haz clic en las ofertas mostradas para que actives las exclusivas recompensas de devoluci\u00f3n de efectivo.<\/p>\n\n\n\n<figure class=\"wp-block-image\"><img decoding=\"async\" src=\"https:\/\/www.baycoastbank.com\/home\/fiFiles\/static\/images\/Rewardsgraphic.jpg\" alt=\"Gr&#xE1;fico que muestra las recompensas de devoluci&#xF3;n de efectivo - BayCoast Bank\"\/><\/figure>\n\n\n\n<p>2. Haz compras en l\u00ednea o en tiendas para que canjees tus ofertas al pagar con tu tarjeta de d\u00e9bito MasterCard\u00ae.<\/p>\n\n\n\n<p>3. Disfruta de tu devoluci\u00f3n de efectivo (cash back) que al final del siguiente mes se deposita en tu cuenta.<br\/><br\/><a href=\"https:\/\/baycoast.bank\/wp-content\/uploads\/2020\/08\/RewardsQA.pdf\" target=\"_blank\" rel=\"noreferrer noopener\">Preguntas frecuentes<\/a><br\/><br\/>\u00bfNo est\u00e1s registrado en la banca electr\u00f3nica? <a href=\"https:\/\/baycoast.bank\/es\/banca-en-linea\/haz-la-solicitud\/\">Haz clic aqu\u00ed para solicitarla<\/a>.<\/p>\n\n\n\t\t\t<\/div>\n\n\t\t<\/div>\n\t<\/div>\n<\/div> <\/div>","protected":false},"excerpt":{"rendered":"","protected":false},"author":2,"featured_media":5979,"parent":7246,"menu_order":35,"comment_status":"closed","ping_status":"closed","template":"","meta":{"_acf_changed":false,"inline_featured_image":false,"footnotes":""},"class_list":["post-7310","page","type-page","status-publish","has-post-thumbnail","hentry"],"acf":[],"featured_image_urls_v2":{"full":["https:\/\/baycoast.bank\/wp-content\/uploads\/2021\/04\/iStock-920710216-min-e1618505140306.jpg",1920,1190,false],"thumbnail":["https:\/\/baycoast.bank\/wp-content\/uploads\/2021\/04\/iStock-920710216-min-e1618505140306-150x150.jpg",150,150,true],"medium":["https:\/\/baycoast.bank\/wp-content\/uploads\/2021\/04\/iStock-920710216-min-e1618505140306-300x186.jpg",300,186,true],"medium_large":["https:\/\/baycoast.bank\/wp-content\/uploads\/2021\/04\/iStock-920710216-min-e1618505140306-768x476.jpg",768,476,true],"large":["https:\/\/baycoast.bank\/wp-content\/uploads\/2021\/04\/iStock-920710216-min-e1618505140306-1024x635.jpg",1024,635,true],"1536x1536":["https:\/\/baycoast.bank\/wp-content\/uploads\/2021\/04\/iStock-920710216-min-e1618505140306-1536x952.jpg",1536,952,true],"2048x2048":["https:\/\/baycoast.bank\/wp-content\/uploads\/2021\/04\/iStock-920710216-min-e1618505140306.jpg",1920,1190,false]},"post_excerpt_stackable_v2":"<p>Banca en l\u00ednea Recompensas por compras \u00a1Convierte las compras de todos los d\u00edas en dinero en efectivo! Obt\u00e9n exclusivas ofertas de devoluci\u00f3n de efectivo (cash back) cuando uses tu tarjeta de d\u00e9bito MasterCard\u00ae en los tipos de lugares donde te gusta comprar. C\u00f3mo funciona&#8230;1. Ingresa a la banca electr\u00f3nica y haz clic en las ofertas mostradas para que actives las exclusivas recompensas de devoluci\u00f3n de efectivo. 2. Haz compras en l\u00ednea o en tiendas para que canjees tus ofertas al pagar con tu tarjeta de d\u00e9bito MasterCard\u00ae. 3. Disfruta de tu devoluci\u00f3n de efectivo (cash back) que al final del&hellip;<\/p>\n","category_list_v2":"","author_info_v2":{"name":"","url":"https:\/\/baycoast.bank\/es\/author\/"},"comments_num_v2":"0 comentarios","publishpress_future_action":{"enabled":false,"date":"2026-05-06 21:02:07","action":"change-status","newStatus":"draft","terms":[],"taxonomy":"translation_priority","extraData":[]},"publishpress_future_workflow_manual_trigger":{"enabledWorkflows":[]},"_links":{"self":[{"href":"https:\/\/baycoast.bank\/es\/wp-json\/wp\/v2\/pages\/7310","targetHints":{"allow":["GET"]}}],"collection":[{"href":"https:\/\/baycoast.bank\/es\/wp-json\/wp\/v2\/pages"}],"about":[{"href":"https:\/\/baycoast.bank\/es\/wp-json\/wp\/v2\/types\/page"}],"author":[{"embeddable":true,"href":"https:\/\/baycoast.bank\/es\/wp-json\/wp\/v2\/users\/2"}],"replies":[{"embeddable":true,"href":"https:\/\/baycoast.bank\/es\/wp-json\/wp\/v2\/comments?post=7310"}],"version-history":[{"count":0,"href":"https:\/\/baycoast.bank\/es\/wp-json\/wp\/v2\/pages\/7310\/revisions"}],"up":[{"embeddable":true,"href":"https:\/\/baycoast.bank\/es\/wp-json\/wp\/v2\/pages\/7246"}],"wp:featuredmedia":[{"embeddable":true,"href":"https:\/\/baycoast.bank\/es\/wp-json\/wp\/v2\/media\/5979"}],"wp:attachment":[{"href":"https:\/\/baycoast.bank\/es\/wp-json\/wp\/v2\/media?parent=7310"}],"curies":[{"name":"wp","href":"https:\/\/api.w.org\/{rel}","templated":true}]}}