{"id":7322,"date":"2020-07-27T14:41:47","date_gmt":"2020-07-27T18:41:47","guid":{"rendered":"https:\/\/baycoast.bank\/acerca-de-nosotros\/servicio-al-cliente\/"},"modified":"2025-07-14T14:46:33","modified_gmt":"2025-07-14T18:46:33","slug":"servicio-al-cliente","status":"publish","type":"page","link":"https:\/\/baycoast.bank\/es\/acerca-de-nosotros\/servicio-al-cliente\/","title":{"rendered":"Ayuda y soporte"},"content":{"rendered":"<div class=\"lazyblock-interior-hero-1jhCUe wp-block-lazyblock-interior-hero\">\n<div class=\"section hero\">\n\t<div class=\"backing parallaxContainer\">\n\t\t<div class=\"backing\" style=\"background-image: url(https:\/\/baycoast.bank\/wp-content\/uploads\/2021\/04\/iStock-1271895952-min-e1618505423168.jpg\" role=\"img\" aria-label=\"Hero Image\"><\/div>\n\t<\/div>\n\n\t<div class=\"heroContent\">\n\t\t<div class=\"plusPlus blue\" ><\/div>\n\t\t\n\t\t<div class=\"heroWrapper\">\n\t\t\t<div class=\"heroBlock bgWhite\">\n\t\t\t\t\n\t\t\t\t<div class=\"heroBlockHeadline\">\n\n\t\t\t\t\t\t\t\t\t\t\t<div class=\"categories flex\" style=\"justify-content: flex-start;\">\n\t\t\t\t\t\t\t<div class=\"h6\">\n\n\t\t\t\t\t\t\t  \t\t\t\t\t\t\t\t    \t<a href=\"https:\/\/baycoast.bank\/es\/acerca-de-nosotros\/\">Acerca de nosotros<\/a>\n\t\t\t\t\t\t\t    \t\t\t\t\t\t\t  \n\t\t\t\t\t\t\t<\/div>\n\t\t\t\t\t\t\t\n\t\t\t\t\t\t\t\t\t\t\t\t\t<\/div>\n\t\t\t\t\t\t\t\t\t\t\n\t\t\t\t\t<h1 class=\"blue\">Ayuda y soporte<\/h1>\n\t\t\t\t<\/div>\n\t\t\t<\/div>\n\t\t\t    \t\n\t\t\t\n\t\t<\/div>\n\t<\/div>\n<\/div> \n\n<div class=\"spacer\"><\/div><\/div><div class=\"lazyblock-interior-content-Z1FaNcN wp-block-lazyblock-interior-content\"><div class=\"spacer\"><\/div>\n\n<div class=\"section\">\n\t<div class=\"paddedWrapper\">\n\t\t<div class=\"wrapper flex gutenberg\" style=\"justify-content: center;\">\n\n\t\t\t\n\t\t\t<div class=\"smallWrapper gutenberg\">\n\t\t\t\n\t\t\t\t<div class=\"h3\">Bienvenido a nuestro Centro de Asistencia<\/div>\n\t\t\t  \n\t\t\t  \t<hr style=\"margin-bottom: 5rem;\">\n\t\t\t\t\n\t\t\t\t\n\n<p>En BayCoast Bank, nuestro compromiso es proporcionarte un servicio y una asistencia excepcionales. Si tienes un problema, buscas consejo sobre c\u00f3mo utilizar nuestros productos o simplemente tienes una pregunta, estamos aqu\u00ed para ayudarte. <\/p>\n\n\n\n<p><strong>Para Atenci\u00f3n al Cliente<\/strong><br\/><strong>508-678-7641<br\/><\/strong>Lunes-viernes: 7:00-7:00 pm<br\/>S\u00e1bados: 8:00 h-14:00 h<br\/>o Llamada gratuita: 888-806-2872<\/p>\n\n\n\n<p><strong>Informar de la p\u00e9rdida o robo de una<\/strong><strong> tarjeta de d\u00e9bito<\/strong><strong>ATM o Mastercard\u00ae<\/strong><br\/>En horario comercial: 508-678-7641 <br\/>Fuera de horario: 800-264-5578  <\/p>\n\n\n\n<p><strong>Asistencia fuera del horario laboral: Env\u00eda un Ticket<br\/><\/strong>Para obtener asistencia detallada, env\u00eda un ticket de soporte y un miembro de nuestro equipo se pondr\u00e1 en contacto contigo lo antes posible. Por favor, incluye tantos detalles como puedas para ayudarnos a asistirte mejor. <\/p>\n\n\n\n<div class=\"wp-block-stackable-button-group stk-block-button-group stk-block stk-0ea7dd4\" data-block-id=\"0ea7dd4\"><div class=\"stk-row stk-inner-blocks stk-block-content stk-button-group\">\n<div class=\"wp-block-stackable-button stk-block-button stk-block stk-68fe610\" data-block-id=\"68fe610\"><style>.stk-68fe610 .stk-button{min-height:0px !important;background:var(--stk-global-color-7995,#63b1dc) !important}.stk-68fe610 .stk-button__inner-text{font-size:16px !important}@media screen and (max-width:1023px){.stk-68fe610 .stk-button__inner-text{font-size:16px !important}}<\/style><a class=\"stk-link stk-button stk--hover-effect-darken\" href=\"https:\/\/baycoastbank.tfaforms.net\/385\" target=\"_blank\" rel=\"noreferrer noopener\"><span class=\"stk-button__inner-text\">Ticket de asistencia fuera de horario<\/span><\/a><\/div>\n<\/div><\/div>\n\n\n\n<p><strong>\u00bfNecesitas cambiar tu direcci\u00f3n?<\/strong> <a href=\"https:\/\/baycoast.bank\/wp-content\/uploads\/2020\/08\/addresschangeform.pdf\" target=\"_blank\" rel=\"noreferrer noopener\">Haz clic aqu\u00ed<\/a><br\/><em class=\"has-small-font-size\">(Requiere <a href=\"http:\/\/www.adobe.com\/\" target=\"_blank\" rel=\"noopener\">Adobe\u00ae Acrobat\u00ae Reader\u00ae<\/a>)<\/em><\/p>\n\n\n\n<p><strong>N\u00famero de ruta: <\/strong>211372239<\/p>\n\n\n\n<div style=\"height:20px\" aria-hidden=\"true\" class=\"wp-block-spacer\"><\/div>\n\n\n\n<div class=\"wp-block-buttons is-layout-flex wp-block-buttons-is-layout-flex\"><\/div>\n\n\n\n<hr class=\"wp-block-separator has-css-opacity\"\/>\n\n\n\t\t\t<\/div>\n\n\t\t<\/div>\n\t<\/div>\n<\/div> <\/div><div class=\"lazyblock-archive-section-ZIVn4a wp-block-lazyblock-archive-section\"><div class=\"spacer\"><\/div>\n\n<div class=\"section archive-section\">\n\t<div class=\"paddedWrapper\">\n\t\t<div class=\"wrapper\">\n\t\t\t\n\t\t\t<div class=\"thumbnails grid hide normalGrid\">\n\t\t\t\t\t\t\t<\/div>\n\t\t<\/div>\n\t<\/div>\n<\/div><\/div>","protected":false},"excerpt":{"rendered":"","protected":false},"author":2,"featured_media":6061,"parent":7056,"menu_order":130,"comment_status":"closed","ping_status":"closed","template":"","meta":{"_acf_changed":false,"inline_featured_image":false,"footnotes":""},"class_list":["post-7322","page","type-page","status-publish","has-post-thumbnail","hentry"],"acf":[],"featured_image_urls_v2":{"full":["https:\/\/baycoast.bank\/wp-content\/uploads\/2021\/04\/iStock-1271895952-min-e1618505423168.jpg",1920,1209,false],"thumbnail":["https:\/\/baycoast.bank\/wp-content\/uploads\/2021\/04\/iStock-1271895952-min-e1618505423168-150x150.jpg",150,150,true],"medium":["https:\/\/baycoast.bank\/wp-content\/uploads\/2021\/04\/iStock-1271895952-min-e1618505423168-300x189.jpg",300,189,true],"medium_large":["https:\/\/baycoast.bank\/wp-content\/uploads\/2021\/04\/iStock-1271895952-min-e1618505423168-768x484.jpg",768,484,true],"large":["https:\/\/baycoast.bank\/wp-content\/uploads\/2021\/04\/iStock-1271895952-min-e1618505423168-1024x645.jpg",1024,645,true],"1536x1536":["https:\/\/baycoast.bank\/wp-content\/uploads\/2021\/04\/iStock-1271895952-min-e1618505423168-1536x967.jpg",1536,967,true],"2048x2048":["https:\/\/baycoast.bank\/wp-content\/uploads\/2021\/04\/iStock-1271895952-min-e1618505423168.jpg",1920,1209,false]},"post_excerpt_stackable_v2":"<p>Acerca de nosotros Ayuda y soporte Bienvenido a nuestro Centro de Asistencia En BayCoast Bank, nuestro compromiso es proporcionarte un servicio y una asistencia excepcionales. Si tienes un problema, buscas consejo sobre c\u00f3mo utilizar nuestros productos o simplemente tienes una pregunta, estamos aqu\u00ed para ayudarte. Para Atenci\u00f3n al Cliente508-678-7641Lunes-viernes: 7:00-7:00 pmS\u00e1bados: 8:00 h-14:00 ho Llamada gratuita: 888-806-2872 Informar de la p\u00e9rdida o robo de una tarjeta de d\u00e9bitoATM o Mastercard\u00aeEn horario comercial: 508-678-7641 Fuera de horario: 800-264-5578 Asistencia fuera del horario laboral: Env\u00eda un TicketPara obtener asistencia detallada, env\u00eda un ticket de soporte y un miembro de nuestro equipo se&hellip;<\/p>\n","category_list_v2":"","author_info_v2":{"name":"","url":"https:\/\/baycoast.bank\/es\/author\/"},"comments_num_v2":"0 comentarios","publishpress_future_action":{"enabled":false,"date":"2026-05-08 06:17:15","action":"change-status","newStatus":"draft","terms":[],"taxonomy":"translation_priority","extraData":[]},"publishpress_future_workflow_manual_trigger":{"enabledWorkflows":[]},"_links":{"self":[{"href":"https:\/\/baycoast.bank\/es\/wp-json\/wp\/v2\/pages\/7322","targetHints":{"allow":["GET"]}}],"collection":[{"href":"https:\/\/baycoast.bank\/es\/wp-json\/wp\/v2\/pages"}],"about":[{"href":"https:\/\/baycoast.bank\/es\/wp-json\/wp\/v2\/types\/page"}],"author":[{"embeddable":true,"href":"https:\/\/baycoast.bank\/es\/wp-json\/wp\/v2\/users\/2"}],"replies":[{"embeddable":true,"href":"https:\/\/baycoast.bank\/es\/wp-json\/wp\/v2\/comments?post=7322"}],"version-history":[{"count":0,"href":"https:\/\/baycoast.bank\/es\/wp-json\/wp\/v2\/pages\/7322\/revisions"}],"up":[{"embeddable":true,"href":"https:\/\/baycoast.bank\/es\/wp-json\/wp\/v2\/pages\/7056"}],"wp:featuredmedia":[{"embeddable":true,"href":"https:\/\/baycoast.bank\/es\/wp-json\/wp\/v2\/media\/6061"}],"wp:attachment":[{"href":"https:\/\/baycoast.bank\/es\/wp-json\/wp\/v2\/media?parent=7322"}],"curies":[{"name":"wp","href":"https:\/\/api.w.org\/{rel}","templated":true}]}}