{"id":7390,"date":"2020-08-08T22:21:22","date_gmt":"2020-08-09T02:21:22","guid":{"rendered":"https:\/\/baycoast.bank\/apertura-de-una-cuenta-en-linea\/"},"modified":"2025-07-14T14:45:40","modified_gmt":"2025-07-14T18:45:40","slug":"apertura-de-una-cuenta-en-linea","status":"publish","type":"page","link":"https:\/\/baycoast.bank\/es\/apertura-de-una-cuenta-en-linea\/","title":{"rendered":"Apertura de cuenta en l\u00ednea"},"content":{"rendered":"<div class=\"lazyblock-interior-hero-ZSvyCf wp-block-lazyblock-interior-hero\">\n<div class=\"section hero\">\n\t<div class=\"backing parallaxContainer\">\n\t\t<div class=\"backing\" style=\"background-image: url(https:\/\/baycoast.bank\/wp-content\/uploads\/2020\/07\/resource_rhodeIsland-min.jpg\" role=\"img\" aria-label=\"Hero Image\"><\/div>\n\t<\/div>\n\n\t<div class=\"heroContent\">\n\t\t<div class=\"plusPlus blue\" ><\/div>\n\t\t\n\t\t<div class=\"heroWrapper\">\n\t\t\t<div class=\"heroBlock bgWhite\">\n\t\t\t\t\n\t\t\t\t<div class=\"heroBlockHeadline\">\n\n\t\t\t\t\t\t\t\t\t\t\n\t\t\t\t\t<h1 class=\"blue\">Apertura de cuenta en l\u00ednea<\/h1>\n\t\t\t\t<\/div>\n\t\t\t<\/div>\n\t\t\t    \t\n\t\t\t\n\t\t<\/div>\n\t<\/div>\n<\/div> \n\n<div class=\"spacer\"><\/div><\/div><div class=\"lazyblock-interior-content-7tvUY wp-block-lazyblock-interior-content\"><div class=\"spacer\"><\/div>\n\n<div class=\"section\">\n\t<div class=\"paddedWrapper\">\n\t\t<div class=\"wrapper flex gutenberg\" style=\"justify-content: center;\">\n\n\t\t\t\n\t\t\t<div class=\"smallWrapper gutenberg\">\n\t\t\t\n\t\t\t\t<div class=\"h3\">Bienvenido a la apertura de cuentas en l\u00ednea<\/div>\n\t\t\t  \n\t\t\t  \t<hr style=\"margin-bottom: 5rem;\">\n\t\t\t\t\n\t\t\t\t\n\n<p>BayCoast Bank est\u00e1 haciendo que las operaciones bancarias sean m\u00e1s f\u00e1ciles que nunca con la comodidad de la apertura de cuentas online.<\/p>\n\n\n\n<h2 class=\"wp-block-heading h4\">Empieza eligiendo cualquiera de estas magn\u00edficas cuentas:<\/h2>\n\n\n\n<h2 class=\"wp-block-heading has-text-color has-link-color wp-elements-9448f72ecc7ccf1f7a120c8fa25cc438\" style=\"color:#18428f\"><strong>Cuentas de cheques<\/strong><\/h2>\n\n\n\n<p><strong>Cuenta corriente activa &#8211; <\/strong><a href=\"https:\/\/apply.baycoast.bank\/apply.aspx?enc=Kw21Wblm1yxpjJabdoZaD8Gt5F8AGMk9HZu4Ma1r7QewstuQif7nTAPMm3uYKgZZHbYxzv1AeuFtgBZYnMq8rA\">Abrir ahora<\/a><br\/>Una cuenta corriente remunerada dise\u00f1ada con caracter\u00edsticas especiales que recompensan tu estilo de vida activo.<\/p>\n\n\n\n<p><strong>Cuenta corriente preferente &#8211; <\/strong><a href=\"https:\/\/apply.baycoast.bank\/apply.aspx?enc=Kw21Wblm1yxpjJabdoZaD8Gt5F8AGMk9HZu4Ma1r7QewstuQif7nTAPMm3uYKgZZHbYxzv1AeuFtgBZYnMq8rA\">Abrir ahora<\/a><br\/>La cuenta con beneficios mejorados que ofrece caracter\u00edsticas como tipos de inter\u00e9s preferentes para CD y tipos de inter\u00e9s con descuento para pr\u00e9stamos.<\/p>\n\n\n\n<p><strong>Cuenta corriente directa &#8211; <\/strong><a href=\"https:\/\/apply.baycoast.bank\/apply.aspx?enc=Kw21Wblm1yxpjJabdoZaD8Gt5F8AGMk9HZu4Ma1r7QewstuQif7nTAPMm3uYKgZZHbYxzv1AeuFtgBZYnMq8rA\">Abrir ahora<\/a><br\/>Ideal para cualquiera que utilice el dep\u00f3sito directo, esta cuenta rentable tiene todo lo esencial para evitar las comisiones mensuales de mantenimiento.<\/p>\n\n\n\n<p>Cuenta corriente para mayores y <strong>menores &#8211; <\/strong><a href=\"https:\/\/apply.baycoast.bank\/apply.aspx?enc=Kw21Wblm1yxpjJabdoZaD8Gt5F8AGMk9HZu4Ma1r7QewstuQif7nTAPMm3uYKgZZHbYxzv1AeuFtgBZYnMq8rA\" target=\"_blank\" rel=\"noreferrer noopener\">Abrir ahora<\/a><br\/>La cuenta corriente para mayores y menores es una cuenta corriente gratuita para mayores de 65 a\u00f1os y menores de 19.<\/p>\n\n\n\n<p><strong>Cuenta de Cheques Gratuita &#8211; <\/strong><a href=\"https:\/\/apply.baycoast.bank\/apply.aspx?enc=Kw21Wblm1yxpjJabdoZaD8Gt5F8AGMk9HZu4Ma1r7QewstuQif7nTAPMm3uYKgZZHbYxzv1AeuFtgBZYnMq8rA\" target=\"_blank\" rel=\"noreferrer noopener\">\u00c1brela ahora<\/a><br\/>No pagues comisiones mensuales ni tengas que mantener un saldo m\u00ednimo, lo que convierte a esta cuenta en la opci\u00f3n m\u00e1s sencilla y accesible para tus necesidades bancarias.<\/p>\n\n\n\n<h2 class=\"wp-block-heading has-text-color has-link-color wp-elements-58a60de01f656d8d27f62a92b4f4e436\" style=\"color:#18428f\"><strong>Cuentas de ahorros<\/strong><\/h2>\n\n\n\n<p><strong>Ahorro con extracto &#8211; <\/strong><a href=\"https:\/\/apply.baycoast.bank\/apply.aspx?enc=Kw21Wblm1yxpjJabdoZaD8Gt5F8AGMk9HZu4Ma1r7QewstuQif7nTAPMm3uYKgZZHbYxzv1AeuFtgBZYnMq8rA\" target=\"_blank\" rel=\"noreferrer noopener\">Abrir ahora<\/a><br\/>Aumenta tus ahorros r\u00e1pidamente y obt\u00e9n la comodidad de recibir un extracto mensual sin tener que actualizar la libreta.<\/p>\n\n\n\n<h2 class=\"wp-block-heading has-text-color has-link-color wp-elements-8d81851315497fa6435b6adfd040f042\" style=\"color:#18428f\"><strong>Mercados monetarios<\/strong><\/h2>\n\n\n\n<p><strong>Mercado Monetario &#8211; <\/strong><a href=\"https:\/\/apply.baycoast.bank\/apply.aspx?enc=Kw21Wblm1yxpjJabdoZaD8Gt5F8AGMk9HZu4Ma1r7QewstuQif7nTAPMm3uYKgZZHbYxzv1AeuFtgBZYnMq8rA\">Abrir ahora<\/a><br\/>Si quieres una cuenta que devengue m\u00e1s intereses que las cuentas corrientes remuneradas, esta cuenta es para ti.<\/p>\n\n\n\n<h2 class=\"wp-block-heading has-text-color has-link-color wp-elements-12d6a50927781d4feef2d4c644fe4cd8\" style=\"color:#18428f\"><strong>Cuentas de certificado<\/strong><\/h2>\n\n\n\n<p><strong>Statement CD (Certificado de Dep\u00f3sito)<strong>&#8211; <\/strong><\/strong><a href=\"https:\/\/apply.baycoast.bank\/apply.aspx?enc=Kw21Wblm1yxpjJabdoZaD8Gt5F8AGMk9HZu4Ma1r7QewstuQif7nTAPMm3uYKgZZHbYxzv1AeuFtgBZYnMq8rA\" target=\"_blank\" rel=\"noreferrer noopener\">Abrir ahora<\/a><br\/>Tipos de inter\u00e9s competitivos con una variedad de plazos para satisfacer todos tus objetivos financieros.<\/p>\n\n\n\n<p><a href=\"https:\/\/baycoast.bank\/es\/tasas-de-interes\/\">Ver las tasas<\/a><\/p>\n\n\n\t\t\t<\/div>\n\n\t\t<\/div>\n\t<\/div>\n<\/div> <\/div>","protected":false},"excerpt":{"rendered":"<p>Empieza eligiendo cualquiera de estas magn\u00edficas cuentas.<\/p>\n","protected":false},"author":1,"featured_media":5487,"parent":0,"menu_order":145,"comment_status":"closed","ping_status":"closed","template":"","meta":{"_acf_changed":false,"inline_featured_image":false,"footnotes":""},"class_list":["post-7390","page","type-page","status-publish","has-post-thumbnail","hentry"],"acf":[],"featured_image_urls_v2":{"full":["https:\/\/baycoast.bank\/wp-content\/uploads\/2020\/07\/resource_rhodeIsland-min.jpg",2121,1414,false],"thumbnail":["https:\/\/baycoast.bank\/wp-content\/uploads\/2020\/07\/resource_rhodeIsland-min-150x150.jpg",150,150,true],"medium":["https:\/\/baycoast.bank\/wp-content\/uploads\/2020\/07\/resource_rhodeIsland-min-300x200.jpg",300,200,true],"medium_large":["https:\/\/baycoast.bank\/wp-content\/uploads\/2020\/07\/resource_rhodeIsland-min-768x512.jpg",768,512,true],"large":["https:\/\/baycoast.bank\/wp-content\/uploads\/2020\/07\/resource_rhodeIsland-min-1024x683.jpg",1024,683,true],"1536x1536":["https:\/\/baycoast.bank\/wp-content\/uploads\/2020\/07\/resource_rhodeIsland-min-1536x1024.jpg",1536,1024,true],"2048x2048":["https:\/\/baycoast.bank\/wp-content\/uploads\/2020\/07\/resource_rhodeIsland-min-2048x1365.jpg",2048,1365,true]},"post_excerpt_stackable_v2":"<p>Empieza eligiendo cualquiera de estas magn\u00edficas cuentas.<\/p>\n","category_list_v2":"","author_info_v2":{"name":"","url":"https:\/\/baycoast.bank\/es\/author\/"},"comments_num_v2":"0 comentarios","publishpress_future_action":{"enabled":false,"date":"2026-04-28 12:02:11","action":"change-status","newStatus":"draft","terms":[],"taxonomy":"translation_priority","extraData":[]},"publishpress_future_workflow_manual_trigger":{"enabledWorkflows":[]},"_links":{"self":[{"href":"https:\/\/baycoast.bank\/es\/wp-json\/wp\/v2\/pages\/7390","targetHints":{"allow":["GET"]}}],"collection":[{"href":"https:\/\/baycoast.bank\/es\/wp-json\/wp\/v2\/pages"}],"about":[{"href":"https:\/\/baycoast.bank\/es\/wp-json\/wp\/v2\/types\/page"}],"author":[{"embeddable":true,"href":"https:\/\/baycoast.bank\/es\/wp-json\/wp\/v2\/users\/1"}],"replies":[{"embeddable":true,"href":"https:\/\/baycoast.bank\/es\/wp-json\/wp\/v2\/comments?post=7390"}],"version-history":[{"count":0,"href":"https:\/\/baycoast.bank\/es\/wp-json\/wp\/v2\/pages\/7390\/revisions"}],"wp:featuredmedia":[{"embeddable":true,"href":"https:\/\/baycoast.bank\/es\/wp-json\/wp\/v2\/media\/5487"}],"wp:attachment":[{"href":"https:\/\/baycoast.bank\/es\/wp-json\/wp\/v2\/media?parent=7390"}],"curies":[{"name":"wp","href":"https:\/\/api.w.org\/{rel}","templated":true}]}}