{"id":7404,"date":"2020-08-09T23:09:30","date_gmt":"2020-08-10T03:09:30","guid":{"rendered":"https:\/\/baycoast.bank\/otros-servicios\/proteccion-de-sobregiros\/proteccion-de-sobregiros\/"},"modified":"2023-02-28T15:54:43","modified_gmt":"2023-02-28T20:54:43","slug":"proteccion-de-sobregiros","status":"publish","type":"page","link":"https:\/\/baycoast.bank\/es\/otros-servicios\/proteccion-de-sobregiros\/proteccion-de-sobregiros\/","title":{"rendered":"Protecci\u00f3n de sobregiros"},"content":{"rendered":"<div class=\"lazyblock-interior-hero-2hLAwA wp-block-lazyblock-interior-hero\">\n<div class=\"section hero\">\n\t<div class=\"backing parallaxContainer\">\n\t\t<div class=\"backing\" style=\"background-image: url(https:\/\/baycoast.bank\/wp-content\/uploads\/2020\/07\/iStock-857481660-1-min-scaled-e1616785873231.jpg\" role=\"img\" aria-label=\"Hero Image\"><\/div>\n\t<\/div>\n\n\t<div class=\"heroContent\">\n\t\t<div class=\"plusPlus blue\" ><\/div>\n\t\t\n\t\t<div class=\"heroWrapper\">\n\t\t\t<div class=\"heroBlock bgWhite\">\n\t\t\t\t\n\t\t\t\t<div class=\"heroBlockHeadline\">\n\n\t\t\t\t\t\t\t\t\t\t\t<div class=\"categories flex\" style=\"justify-content: flex-start;\">\n\t\t\t\t\t\t\t<div class=\"h6\">\n\n\t\t\t\t\t\t\t  \t\t\t\t\t\t\t\t    \t<a href=\"https:\/\/baycoast.bank\/es\/otros-servicios\/proteccion-de-sobregiros\/\">Protecci\u00f3n de sobregiros<\/a>\n\t\t\t\t\t\t\t    \t\t\t\t\t\t\t  \n\t\t\t\t\t\t\t<\/div>\n\t\t\t\t\t\t\t\n\t\t\t\t\t\t\t\t\t\t\t\t\t<\/div>\n\t\t\t\t\t\t\t\t\t\t\n\t\t\t\t\t<h1 class=\"blue\">Protecci\u00f3n de sobregiros<\/h1>\n\t\t\t\t<\/div>\n\t\t\t<\/div>\n\t\t\t    \t\n\t\t\t\n\t\t<\/div>\n\t<\/div>\n<\/div> \n\n<div class=\"spacer\"><\/div><\/div><div class=\"lazyblock-interior-content-Z2rVaAC wp-block-lazyblock-interior-content\"><div class=\"spacer\"><\/div>\n\n<div class=\"section\">\n\t<div class=\"paddedWrapper\">\n\t\t<div class=\"wrapper flex gutenberg\" style=\"justify-content: center;\">\n\n\t\t\t\n\t\t\t<div class=\"smallWrapper gutenberg\">\n\t\t\t\n\t\t\t\t<div class=\"h3\">El sobregiro de un cheque puede ser un error muy costoso.<\/div>\n\t\t\t  \n\t\t\t  \t<hr style=\"margin-bottom: 5rem;\">\n\t\t\t\t\n\t\t\t\t\n\n<h2 class=\"h4 wp-block-heading\">BayCoast Bank ofrece Proteccion de Sobregiros justo para esos momentos no anticipados de la vida.<\/h2>\n\n\n\n<p>A veces, los gastos no anticipados o problemas imprevistos te pueden dejar con muy poco efectivo en tu cuenta de cheques. Tener un cheque devuelto a causa de fondos insuficientes puede ser costoso, inconveniente y una experiencia potencialmente vergonzosa. En BayCoast Bank no fomentamos los sobregiros. Como siempre, te exhortamos a que administres tus finanzas de modo responsable. No obstante, queremos ahorrarte cargos adicionales de comerciantes y el posible da\u00f1o a tu historial de cr\u00e9dito que pudiera resultar por un cheque devuelto. Por eso es que brindamos Bounce Protection<sup>SM<\/sup>, un servicio especial de sobregiros para clientes de BayCoast Bank.<\/p>\n\n\n\n<h3 class=\"h4 wp-block-heading\">\u00bfEn qu\u00e9 consiste el servicio Bounce Protection<sup>SM<\/sup>?<\/h3>\n\n\n\n<p>Bounce Protection es un servicio de sobregiros discrecional que no requiere ninguna acci\u00f3n de tu parte y que te brinda una red de seguridad hasta un l\u00edmite de sobregiros autom\u00e1ticamente asignado. Tu l\u00edmite del servicio Bounce Protection puede estar disponible para cheques y otras transacciones que realices,  haciendo uso de tu n\u00famero de cuenta de cheques o pago de cuentas automatico y pago recurrente de tarjeta de d\u00e9bito. Asimismo, a petici\u00f3n tuya (solo cuentas personales), podemos autorizar y pagar transferencias de cajero autom\u00e1tico (ATM) o retiros y compras cotidianas con tarjeta de d\u00e9bito usando tu l\u00edmite.<\/p>\n\n\n\n<h4 class=\"wp-block-heading\">\u00bfCu\u00e1nto cuesta mi Bounce Protection?<\/h4>\n\n\n\n<p>No hay costo adicional asociado con este privilegio a menos que lo uses. Se te cobrar\u00e1 una cuota de sobregiro de $35 por cada art\u00edculo de sobregiro creado por un cheque tradicional de papel, un retiro ante un cajero bancario, una transacci\u00f3n (ACH) por pago autom\u00e1tico o un pago recurrente por tarjeta de d\u00e9bito. Si nos has autorizado (solo cuentas personales), tambi\u00e9n podemos autorizar y cubrir transferencias y retiros de cajero autom\u00e1tico (ATM), y compras cotidianas con tarjeta de d\u00e9bito. Por ejemplo, tres art\u00edculos pagados en un d\u00eda resultar\u00e1n en $105 de comisiones por sobregiro. Para ayudarte a que administres tu cuenta, el total de comisiones que pagaste por art\u00edculos (tanto los pagados como los devueltos) durante el mes corriente y por el a\u00f1o hasta la fecha se reflejar\u00e1n en tu estado de cuenta mensual.<\/p>\n\n\n\n<h4 class=\"wp-block-heading\">\u00bfC\u00f3mo funciona Bounce Protection?<\/h4>\n\n\n\n<p>Mientras mantengas tu cuenta en \u00abbuenos t\u00e9rminos\u00bb, podemos aprobar tus art\u00edculos sobregirados dentro del l\u00edmite de tu protecci\u00f3n de sobregiros (Bounce Protection) como una cortes\u00eda no contractual. Para consideraci\u00f3n del privilegio de sobregiros, tu cuenta est\u00e1 en \u00abbuenos t\u00e9rminos\u00bb si (1) haces suficientes dep\u00f3sitos como para que tu cuenta est\u00e9 con saldo positivo al cierre del d\u00eda por lo menos una vez cada 30 d\u00edas naturales (incluido el pago de todas las cuotas y cargos del banco); (2) evitas excesivos sobregiros que sugieran el uso de Bounce Protection como l\u00ednea de cr\u00e9dito continua; y (3) no existen \u00f3rdenes judiciales, grav\u00e1menes ni derechos de retenci\u00f3n aplicados a tu cuenta. Ten presente que el monto del sobregiro m\u00e1s nuestra comisi\u00f3n por sobregiro de $35 por cada art\u00edculo se deducir\u00e1 de tu l\u00edmite de sobregiros. Si el art\u00edculo se devuelve, la comisi\u00f3n por sobregiro de hasta $35 se deducir\u00e1 de tu cuenta. No se cobrar\u00e1 inter\u00e9s en el saldo por sobregiro. Para detalles adicionales, consulta la pol\u00edtica de sobregiros para clientes.<\/p>\n\n\n\n<h4 class=\"wp-block-heading\">\u00bfC\u00f3mo puedo saber que ya utilic\u00e9 el l\u00edmite de sobregiro?<\/h4>\n\n\n\n<p>Recibir\u00e1s un aviso de sobregiro cada vez que se pagan los art\u00edculos, incluidas las comisiones. Necesitar\u00e1s restar el total de las comisiones cuando cuadres tu chequera.<\/p>\n\n\n\n<h4 class=\"wp-block-heading\">\u00bfCu\u00e1l es el l\u00edmite de mi protecci\u00f3n de sobregiros? Si tengo dos cuentas de cheques, \u00bfpuedo tener el servicio Bounce Protection en las dos?<\/h4>\n\n\n\n<p>El l\u00edmite del servicio Bounce Protection es de $500 por cada cuenta de cheques personal elegible y $1,000 por cada cuenta de cheques para empresas elegible, independientemente de que tengas o no m\u00faltiples cuentas.<\/p>\n\n\n\n<h4 class=\"wp-block-heading\">\u00bfQu\u00e9 paso si rebaso mi l\u00edmite de Bounce Protection?<\/h4>\n\n\n\n<p>Los sobregiros que sobrepasen tu l\u00edmite Bounce Protection establecido pueden resultar en que los cheques u otros art\u00edculos se devuelvan al beneficiario. Se cobrar\u00e1 la cuota de sobregiro de hasta $35 por cada art\u00edculo y esto se aplicar\u00e1 a tu cuenta. Se te enviar\u00e1 un aviso de fondos insuficientes para notificarte de art\u00edculos no pagados y\/o devueltos.<\/p>\n\n\n\n<h4 class=\"wp-block-heading\">\u00bfEn qu\u00e9 plazo debo pagar mi Bounce Protection?<\/h4>\n\n\n\n<p>Debes intentar por todos los medios y lo antes posible que tu cuenta quede con saldo positivo para el cierre del d\u00eda, y debes hacerlo dentro del periodo de 30 d\u00edas naturales. Si no puedes hacerlo, recibir\u00e1s una carta de BayCoast Bank donde se te informa que se suspendido tu l\u00edmite de Bounce Protection y que se devolver\u00e1n cualesquiera art\u00edculos adicionales. A menos que te indiquemos algo distinto o que t\u00fa solicites que se elimine este servicio de tu cuenta, tu l\u00edmite volver\u00e1 a estar disponible para volver a cubrir sobregiros el primer d\u00eda h\u00e1bil despu\u00e9s de que tu cuenta termine el d\u00eda con un saldo positivo.<\/p>\n\n\n\n<h4 class=\"wp-block-heading\">\u00bfDe qu\u00e9 otras formas puedo acceder a mi l\u00edmite de Bounce Protection? \u00bfSe reflejar\u00e1 mi l\u00edmite en el saldo que recibo?<\/h4>\n\n\n\n<p>La siguiente tabla muestro los distintos modos en que puedes acceder a tu l\u00edmite de Bounce Protection y te indica si dicho l\u00edmite se reflejar\u00e1 o no en el saldo provisto.<\/p>\n\n\n\n<figure class=\"wp-block-table\"><table><tbody><tr><td><strong>Puntos de acceso<\/strong><\/td><td><strong>\u00bfEst\u00e1 disponible mi privilegio de sobregiros?<\/strong><\/td><td><strong>\u00bfSe refleja en el saldo provisto el l\u00edmite de mi privilegio de sobregiros?<\/strong><\/td><\/tr><tr><td>Cajero<\/td><td>S\u00ed<\/td><td>No<\/td><\/tr><tr><td>Confecci\u00f3n de un cheque<\/td><td>S\u00ed<\/td><td>N\/A<\/td><\/tr><tr><td>Tarjeta de d\u00e9bito (transacciones recurrentes)<\/td><td>S\u00ed<\/td><td>N\/A<\/td><\/tr><tr><td>Tarjeta de d\u00e9bito (transacciones cotidianas)<\/td><td>No**<br\/>S\u00ed (cuentas de empresas)<\/td><td>No <\/td><\/tr><tr><td>Retiro de cajero autom\u00e1tico (ATM)<\/td><td>No**<br\/>S\u00ed (cuentas de empresas)<\/td><td>No <\/td><\/tr><tr><td>ACH &#8211; D\u00e9bito autom\u00e1tico<\/td><td>S\u00ed<\/td><td>N\/A<\/td><\/tr><tr><td>Banca en l\u00ednea<\/td><td>S\u00ed<\/td><td>No<\/td><\/tr><tr><td>Bill Pay (Pago de facturas)<\/td><td>S\u00ed<\/td><td>N\/A<\/td><\/tr><tr><td>Banca telef\u00f3nica<\/td><td>S\u00ed<\/td><td>No<\/td><\/tr><\/tbody><\/table><figcaption class=\"wp-element-caption\">** El servicio Bounce Protection estar\u00e1 disponible para transacciones cotidianas con tarjeta de d\u00e9bito o por cajero autom\u00e1tico (ATM), solo a pedido tuyo. Llama al (508) 678-7641 o visita una de nuestras sucursales para acordar la cobertura de ATM y tarjeta de d\u00e9bito para tu cuenta de cheques personal.<\/figcaption><\/figure>\n\n\n\n<h4 class=\"wp-block-heading\">\u00bfQu\u00e9 tan pronto puedo usar mi Bounce Protection?<\/h4>\n\n\n\n<p>Tendr\u00e1s acceso a tu Bounce Protection 30 d\u00edas despu\u00e9s de la apertura de tu cuenta, siempre y cuando tu cuenta est\u00e9 en buenos t\u00e9rminos seg\u00fan lo define este folleto.<\/p>\n\n\n\n<h4 class=\"wp-block-heading\">\u00bfEn qu\u00e9 otras formas puedo cubrir los sobregiros en BayCoast Bank?<\/h4>\n\n\n\n<p>La mejor manera de evitar sobregiros y comisiones es controlar tu saldo de cuenta: registrar todos los cheques, compras con tarjeta de d\u00e9bito y retiros por cajero autom\u00e1tico en tu libreta de ahorros, cuadrar tu chequera con regularidad y administrar tus finanzas con responsabilidad. Sin embargo, si ocurre un error, BayCoast Bank ofrece otros modos de cubrir los sobregiros, adem\u00e1s del servicio Bounce Protection.<\/p>\n\n\n\n<figure class=\"wp-block-table\"><table><tbody><tr><td>Buena administraci\u00f3n de cuentas<\/td><td>$0<\/td><\/tr><tr><td>Enlace a cuenta de ahorros<\/td><td>$ 5 de comisi\u00f3n de transferencia por el monto exacto que se necesita<\/td><\/tr><tr><td>L\u00ednea de cr\u00e9dito para sobregiros<\/td><td>La tasa es la tasa Prime del Wall Street Journal m\u00e1s 6%. Tasa de porcentaje anual (APR) m\u00ednimo del 10% y m\u00e1ximo del 18%.<\/td><\/tr><tr><td>Protecci\u00f3n de sobregiros<\/td><td>Hasta $35 de comisi\u00f3n de sobregiros por cada art\u00edculo o $5 por cuentas calificadas designadas 18\/65.<\/td><\/tr><tr><td>* Se brindan estos costos a modo de ejemplos. Cons\u00faltanos sobre nuestros productos y cargos espec\u00edficos.<\/td><\/tr><\/tbody><\/table><\/figure>\n\n\n\n<h4 class=\"wp-block-heading\">\u00bfQu\u00e9 ocurre si no quiero el servicio Bounce Protection en mi cuenta de cheques?<\/h4>\n\n\n\n<p>Si deseas eliminar este servicio de tu cuenta, llama al (508) 678-7641 o visita una de nuestras sucursales.<\/p>\n\n\n\n<h4 class=\"wp-block-heading\">Pol\u00edtica para clientes del servicio Bounce Protection.<\/h4>\n\n\n\n<p>Un saldo con fondos insuficientes puede ser el resultado de varios eventos, entre ellos: (1) el pago de cheques, transferencias electr\u00f3nicas de fondos u otras peticiones de retiro; (2) pagos que t\u00fa hayas autorizado; (3) la devoluci\u00f3n de art\u00edculos no pagados que hayas depositado; (4) cargos por servicios bancarios; o (5) el deposito de articulos que, de acuerdo con la pol\u00edtica de disponibilidad de fondos del banco, son considerados y tratados como a\u00fan no disponibles o finalmente pagados. No estamos obligados a pagar ning\u00fan art\u00edculo que se presente para el pago si tu cuenta de cheques no contiene fondos suficientes.<\/p>\n\n\n\n<p>Mientras mantengas tu cuenta en \u00abbuenos t\u00e9rminos\u00bb, podemos aprobar tus art\u00edculos sobregirados dentro del l\u00edmite de tu protecci\u00f3n de sobregiros (Bounce Protection) como una cortes\u00eda no contractual. A fin de recibir la consideraci\u00f3n de cortes\u00eda de protecci\u00f3n de sobregiros, tu cuenta estar\u00e1 en \u00abbuenos t\u00e9rminos\u00bb si (1) haces dep\u00f3sitos suficientes para que tu cuenta muestre un saldo positivo al cierre del d\u00eda por lo menos una vez cada 30 d\u00edas naturales (incluidos los pagos de todos los cargos y comisiones del banco); (2) evitas sobregiros excesivos que sugieran que usas Bounce Protection como una l\u00ednea de cr\u00e9dito continua; y (3) no existen \u00f3rdenes judiciales, grav\u00e1menes ni derechos de retenci\u00f3n aplicados a tu cuenta.<\/p>\n\n\n\n<p>En el curso regular de las operaciones, por lo general pagamos primero las transacciones electr\u00f3nicas y luego los cheques (de cantidad menor a mayor), de acuerdo con la pol\u00edtica del banco. Nos reservamos el derecho de cambiar el orden de pago sin avisarte en el caso de que sospechamos de alg\u00fan fraude o posible actividad il\u00edcita que afecte tu cuenta. Asimismo, ten presente que el orden de pago de los art\u00edculos podr\u00eda crear m\u00faltiples art\u00edculos de sobregiro durante una misma jornada bancaria, por lo cual se te cobrar\u00e1 nuestra comisi\u00f3n de sobregiro de hasta $35.00 (o $5.00 en cuentas calificadas designadas 18\/65) por cada art\u00edculo sobregirado que se pague.<\/p>\n\n\n\n<p>Puedas rechazar el servicio Bounce Protection en cualquier momento, pero t\u00fa ser\u00e1s el responsable por cualesquiera saldos por sobregiros en el momento de salirte de este servicio. Normalmente, no aprobaremos un sobregiro para ti en exceso de un monto predeterminado que se haya asignado a tu tipo de cuenta. Con el fin de que no excedas tu l\u00edmite, recuerda que el monto del sobregiro m\u00e1s la comisi\u00f3n por sobregiro del banco de hasta $35.00 por art\u00edculo (o de $5.00 en cuentas calificadas designadas 18\/65) se deducir\u00e1 de tu l\u00edmite de sobregiros.<\/p>\n\n\n\n<p>Podemos negarnos a pagar un art\u00edculo sobregirado en cualquier momento, a\u00fan si hubi\u00e9ramos pagamos sobregiros por ti con anterioridad. Por ejemplo, t\u00edpicamente no pagamos art\u00edculos sobregirados si tu cuenta no est\u00e1 en buenos t\u00e9rminos seg\u00fan se define en este folleto o, si en base a nuestra revisi\u00f3n de la gesti\u00f3n de tu cuenta, determinamos que tienes demasiados sobregiros o que est\u00e1s usando el servicio Bounce Protection como l\u00ednea regular de cr\u00e9dito. Se te cobrar\u00e1 una comisi\u00f3n por sobregiro de hasta $35.00 (o $5.00 en cuentas calificadas designadas 18\/65) por cada art\u00edculo devuelto.<\/p>\n\n\n\n<p>Hay un l\u00edmite diario de seis (6) para el n\u00famero total de comisiones por sobregiro que te cobraremos.<\/p>\n\n\n\n<p>Se te notificar\u00e1 por correo electr\u00f3nico acerca de los art\u00edculos pagados o devueltos por fondos insuficientes o fondos no cobrados que puedas tener; no obstante, no tenemos la obligaci\u00f3n de avisarte antes de pagar o devolver cualquier art\u00edculo. El monto de todo sobregiro, incluida la comisi\u00f3n por sobregiro que nos debas, se mantendr\u00e1 como una deuda y ser\u00e1 pagadera a demanda tuya, pero si no lo especificas, no m\u00e1s de treinta (30) d\u00edas naturales despu\u00e9s de la creaci\u00f3n del sobregiro. Si hay un sobregiro en una cuenta con m\u00e1s de un due\u00f1o en la tarjeta de firmas, cada due\u00f1o y agente, si corresponde, ser\u00e1 conjuntamente responsable por todos los sobregiros, incluyendo las comisiones.<\/p>\n\n\n\n<p>El servicio Bounce Protection no debe ser visto como una invitaci\u00f3n a que sobregires tu cuenta. Para evitar comisiones, te animamos a que lleves cuenta de tu saldo apuntando todos los art\u00edculos en tu libreta de ahorros, que cuadres tu chequera con regularidad y administres tus finanzas con responsabilidad. El banco tambi\u00e9n ofrece otros planes de protecci\u00f3n de sobregiros tales como \u00abProtecci\u00f3n de sobregiros\u00bb (Overdraft Protection) (con un enlace a tu cuenta de ahorros) y \u00abL\u00ednea de cr\u00e9dito de sobregiros\u00bb (Overdraft Line of Credit), que pueden ser m\u00e1s econ\u00f3micos que el servicio Bounce Protection. Si deseas eliminar Bounce Protection de tu cuenta o quieres m\u00e1s informaci\u00f3n sobre nuestros otros planes de protecci\u00f3n de sobregiros, comun\u00edcate al 508-678-7641 o visita cualquier sucursal.<\/p>\n\n\n\n<p>Ten en cuenta que tu l\u00edmite de Bounce Protection puede estar disponible cuando usas el procesamiento de cheques por medio de cheques de papel tradicionales, un retiro ante un cajero bancario, una transaccion ACH, una transacci\u00f3n recurrente de tarjeta de d\u00e9bito (punto de venta), o a trav\u00e9s de servicios bancarios en l\u00ednea, pago de cuentas o servicios bancarios telef\u00f3nicos. Incluido adicionalmente con la documentaci\u00f3n apropiada que indique que el cliente opt\u00f3 por este servicio (solo cuentas personales), podemos autorizar y cubrir transacciones desde ATM y transacciones de terminales de tarjetas de d\u00e9bito (punto de venta) de un solo uso. El l\u00edmite no se incluir\u00e1 en el saldo disponible proporcionado durante la consulta de un ATM, servicios bancarios telef\u00f3nicos o en l\u00ednea.<\/p>\n\n\n\n<p>LIMITACIONES: Bounce Protection es una cortes\u00eda no contractual disponible para todas las cuentas de cheques en buenos t\u00e9rminos (con algunas excepciones). BayCoast Bank se reserva el derecho de limitar la participaci\u00f3n a una cuenta por hogar\/entidad y de suspender, revocar o discontinuar este servicio sin previo aviso. A menos que te indiquemos algo distinto o que t\u00fa solicites que se elimine este servicio de tu cuenta, tu l\u00edmite volver\u00e1 a estar disponible para volver a cubrir sobregiros el primer d\u00eda h\u00e1bil despu\u00e9s de que tu cuenta termine el d\u00eda con un saldo positivo.<\/p>\n\n\n\t\t\t<\/div>\n\n\t\t<\/div>\n\t<\/div>\n<\/div> <\/div>","protected":false},"excerpt":{"rendered":"","protected":false},"author":1,"featured_media":5353,"parent":7402,"menu_order":103,"comment_status":"closed","ping_status":"closed","template":"","meta":{"_acf_changed":false,"inline_featured_image":false,"footnotes":""},"class_list":["post-7404","page","type-page","status-publish","has-post-thumbnail","hentry"],"acf":[],"featured_image_urls_v2":{"full":["https:\/\/baycoast.bank\/wp-content\/uploads\/2020\/07\/iStock-857481660-1-min-scaled-e1616785873231.jpg",2560,1312,false],"thumbnail":["https:\/\/baycoast.bank\/wp-content\/uploads\/2020\/07\/iStock-857481660-1-min-scaled-e1616785873231-150x150.jpg",150,150,true],"medium":["https:\/\/baycoast.bank\/wp-content\/uploads\/2020\/07\/iStock-857481660-1-min-scaled-e1616785873231-300x154.jpg",300,154,true],"medium_large":["https:\/\/baycoast.bank\/wp-content\/uploads\/2020\/07\/iStock-857481660-1-min-scaled-e1616785873231-768x394.jpg",768,394,true],"large":["https:\/\/baycoast.bank\/wp-content\/uploads\/2020\/07\/iStock-857481660-1-min-scaled-e1616785873231-1024x525.jpg",1024,525,true],"1536x1536":["https:\/\/baycoast.bank\/wp-content\/uploads\/2020\/07\/iStock-857481660-1-min-scaled-e1616785873231-1536x787.jpg",1536,787,true],"2048x2048":["https:\/\/baycoast.bank\/wp-content\/uploads\/2020\/07\/iStock-857481660-1-min-scaled-e1616785873231-2048x1050.jpg",2048,1050,true]},"post_excerpt_stackable_v2":"<p>Protecci\u00f3n de sobregiros Protecci\u00f3n de sobregiros El sobregiro de un cheque puede ser un error muy costoso. BayCoast Bank ofrece Proteccion de Sobregiros justo para esos momentos no anticipados de la vida. A veces, los gastos no anticipados o problemas imprevistos te pueden dejar con muy poco efectivo en tu cuenta de cheques. Tener un cheque devuelto a causa de fondos insuficientes puede ser costoso, inconveniente y una experiencia potencialmente vergonzosa. En BayCoast Bank no fomentamos los sobregiros. Como siempre, te exhortamos a que administres tus finanzas de modo responsable. No obstante, queremos ahorrarte cargos adicionales de comerciantes y el&hellip;<\/p>\n","category_list_v2":"","author_info_v2":{"name":"","url":"https:\/\/baycoast.bank\/es\/author\/"},"comments_num_v2":"0 comentarios","publishpress_future_action":{"enabled":false,"date":"2026-05-08 22:27:56","action":"change-status","newStatus":"draft","terms":[],"taxonomy":"translation_priority","extraData":[]},"publishpress_future_workflow_manual_trigger":{"enabledWorkflows":[]},"_links":{"self":[{"href":"https:\/\/baycoast.bank\/es\/wp-json\/wp\/v2\/pages\/7404","targetHints":{"allow":["GET"]}}],"collection":[{"href":"https:\/\/baycoast.bank\/es\/wp-json\/wp\/v2\/pages"}],"about":[{"href":"https:\/\/baycoast.bank\/es\/wp-json\/wp\/v2\/types\/page"}],"author":[{"embeddable":true,"href":"https:\/\/baycoast.bank\/es\/wp-json\/wp\/v2\/users\/1"}],"replies":[{"embeddable":true,"href":"https:\/\/baycoast.bank\/es\/wp-json\/wp\/v2\/comments?post=7404"}],"version-history":[{"count":0,"href":"https:\/\/baycoast.bank\/es\/wp-json\/wp\/v2\/pages\/7404\/revisions"}],"up":[{"embeddable":true,"href":"https:\/\/baycoast.bank\/es\/wp-json\/wp\/v2\/pages\/7402"}],"wp:featuredmedia":[{"embeddable":true,"href":"https:\/\/baycoast.bank\/es\/wp-json\/wp\/v2\/media\/5353"}],"wp:attachment":[{"href":"https:\/\/baycoast.bank\/es\/wp-json\/wp\/v2\/media?parent=7404"}],"curies":[{"name":"wp","href":"https:\/\/api.w.org\/{rel}","templated":true}]}}