{"id":7421,"date":"2020-08-06T13:51:43","date_gmt":"2020-08-06T17:51:43","guid":{"rendered":"https:\/\/baycoast.bank\/tasas-de-interes\/tasas-de-prestamos\/"},"modified":"2026-05-04T15:45:21","modified_gmt":"2026-05-04T19:45:21","slug":"tasas-de-prestamos","status":"publish","type":"page","link":"https:\/\/baycoast.bank\/es\/tasas-de-interes\/tasas-de-prestamos\/","title":{"rendered":"Tasas de pr\u00e9stamos"},"content":{"rendered":"<div class=\"lazyblock-interior-hero-1hP57c wp-block-lazyblock-interior-hero\">\n<div class=\"section hero\">\n\t<div class=\"backing parallaxContainer\">\n\t\t<div class=\"backing\" style=\"background-image: url(https:\/\/baycoast.bank\/wp-content\/uploads\/2020\/07\/iStock-1134018566-1-min-scaled-e1616788474645.jpg\" role=\"img\" aria-label=\"Hero Image\"><\/div>\n\t<\/div>\n\n\t<div class=\"heroContent\">\n\t\t<div class=\"plusPlus blue\" ><\/div>\n\t\t\n\t\t<div class=\"heroWrapper\">\n\t\t\t<div class=\"heroBlock bgWhite\">\n\t\t\t\t\n\t\t\t\t<div class=\"heroBlockHeadline\">\n\n\t\t\t\t\t\t\t\t\t\t\t<div class=\"categories flex\" style=\"justify-content: flex-start;\">\n\t\t\t\t\t\t\t<div class=\"h6\">\n\n\t\t\t\t\t\t\t  \t\t\t\t\t\t\t\t    \t<a href=\"https:\/\/baycoast.bank\/es\/tasas-de-interes\/\">Tasas de inter\u00e9s<\/a>\n\t\t\t\t\t\t\t    \t\t\t\t\t\t\t  \n\t\t\t\t\t\t\t<\/div>\n\t\t\t\t\t\t\t\n\t\t\t\t\t\t\t\t\t\t\t\t\t<\/div>\n\t\t\t\t\t\t\t\t\t\t\n\t\t\t\t\t<h1 class=\"blue\">Tasas de pr\u00e9stamos<\/h1>\n\t\t\t\t<\/div>\n\t\t\t<\/div>\n\t\t\t    \t\n\t\t\t\n\t\t<\/div>\n\t<\/div>\n<\/div> \n\n<div class=\"spacer\"><\/div><\/div>\n\n<div class=\"lazyblock-interior-content-1kA0Wn wp-block-lazyblock-interior-content\"><div class=\"spacer\"><\/div>\n\n<div class=\"section\">\n\t<div class=\"paddedWrapper\">\n\t\t<div class=\"wrapper flex gutenberg\" style=\"justify-content: center;\">\n\n\t\t\t\n\t\t\t<div class=\"smallWrapper gutenberg\">\n\t\t\t\n\t\t\t\t<div class=\"h3\">Tarifas vigentes a partir del 05\/04\/2026<\/div>\n\t\t\t  \n\t\t\t  \t<hr style=\"margin-bottom: 5rem;\">\n\t\t\t\t\n\t\t\t\t\n\n<p><a href=\"https:\/\/baycoastbank.mortgagewebcenter.com\/CheckRates\" target=\"_blank\" rel=\"noopener\">Haz clic aqu\u00ed para las tasas de un pr\u00e9stamo con garant\u00eda hipotecaria o una l\u00ednea de cr\u00e9dito con garant\u00eda hipotecaria<\/a><br> <\/p>\n\n\n\n<figure class=\"wp-block-table\"><table><tbody><tr><td><strong>Mejoras al hogar<\/strong><\/td><td><\/td><td><\/td><td><\/td><td><\/td><td><\/td><\/tr><tr><th><\/th><th>Pago<\/th><th>inicial<\/th><th>Tasa de inter\u00e9s<\/th><th>APR<\/th><th>Cuotas mensuales<br>por 1.000 $ prestados<\/th><\/tr><tr><td>Mejoras al hogar<\/td><td>0%<\/td><td>84 meses<\/td><td>9.500%*<\/td><td>9.500%<\/td><td>$16.34<\/td><\/tr><tr><td>Mejoras al hogar para la eficiencia energ\u00e9tica<\/td><td>0%<\/td><td>120 meses<\/td><td>9.250% **<\/td><td>9.250%<\/td><td>$12.80<\/td><\/tr><\/tbody><\/table><\/figure>\n\n\n\n<p class=\"has-small-font-size\">* Pr\u00e9stamo para mejoras del hogar: el monto m\u00ednimo del pr\u00e9stamo es de $2,500. El importe m\u00e1ximo del pr\u00e9stamo es de 25.000,00 $.<br>** Pr\u00e9stamo para Mejoras Energ\u00e9ticas en el Hogar: El importe m\u00ednimo del pr\u00e9stamo es de 2.500 $. El importe m\u00e1ximo del pr\u00e9stamo es de 40.000 $. <\/p>\n\n\n\n<figure class=\"wp-block-table\"><table><tbody><tr><td><strong>Prestamo HEAT<\/strong><\/td><td><\/td><td><\/td><td><\/td><td><\/td><td><\/td><\/tr><tr><th><\/th><th>Pago<\/th><th>inicial<\/th><th>Tasa de inter\u00e9s<\/th><th>APR<\/th><th>Cuotas mensuales<br>por 1.000 $ prestados<\/th><\/tr><tr><td>&nbsp;<\/td><td>0%<\/td><td>84 meses<\/td><td>0.000%<\/td><td>0.000%<\/td><td>$11.90<\/td><\/tr><\/tbody><\/table><\/figure>\n\n\n\n<p class=\"has-small-font-size\">El monto m\u00ednimo del pr\u00e9stamo es de $2,000.00. El monto m\u00e1ximo del pr\u00e9stamo es de $25,000.00<\/p>\n\n\n\n<figure class=\"wp-block-table\"><table><tbody><tr><td><strong>Auto<\/strong><br><strong>Pr\u00e9stamos<\/strong><\/td><td><\/td><td><\/td><td><\/td><td><\/td><td><\/td><\/tr><tr><th><\/th><th>Pago inicial<br><\/th><th>inicial<\/th><th>Inter\u00e9s<br>Tipo<\/th><th>APR<\/th><th>Cuotas mensuales<br>por 1.000 $ prestados<\/th><\/tr><tr><td>Solo nuevo<\/td><td>5%<\/td><td>36 meses<\/td><td>7.750%*<\/td><td>7.750%<\/td><td>$31.22<\/td><\/tr><tr><td>Solo nuevo<\/td><td>5%<\/td><td>48 meses<\/td><td>8.000%*<\/td><td>8.000%<\/td><td>$24.41<\/td><\/tr><tr><td>Solo nuevo<\/td><td>5%<\/td><td>60 meses<\/td><td>8.250%*<\/td><td>8.250%<\/td><td>$20.40<\/td><\/tr><tr><td>Solo nuevo<\/td><td>5%<\/td><td>72 meses<\/td><td>8.500%*<\/td><td>8.500%<\/td><td>$17.78<\/td><\/tr><tr><td>Solo usado<\/td><td>10%<\/td><td>36 meses<\/td><td>8.000%*<\/td><td>8.000%<\/td><td>$31.34<\/td><\/tr><tr><td>Solo usado<\/td><td>10%<\/td><td>48 meses<\/td><td>8.250%*<\/td><td>8.250%<\/td><td>$24.53<\/td><\/tr><tr><td>Solo usado<\/td><td>10%<\/td><td>60 meses<\/td><td>8.500%*<\/td><td>8.500%<\/td><td>$20.52<\/td><\/tr><\/tbody><\/table><\/figure>\n\n\n\n<p class=\"has-small-font-size\">S\u00f3lo nuevo modelo a\u00f1o 2025-2026. S\u00f3lo usados a\u00f1o modelo 2023 y posteriores durante 60 meses,<br>2021 y posteriores durante 48 meses, y 2020 y posteriores durante 36 meses.<\/p>\n\n\n\n<p>Ya no ofrecemos recompras de leasing en pr\u00e9stamos para autom\u00f3viles. S\u00f3lo transacciones de Compra o Refinanciaci\u00f3n.<\/p>\n\n\n\n<figure class=\"wp-block-table\"><table><tbody><tr><td><strong>Pr\u00e9stamos para embarcaciones<\/strong><\/td><td><\/td><td><\/td><td><\/td><td><\/td><td><\/td><\/tr><tr><th><\/th><th>Pago<\/th><th>inicial<\/th><th>Tasa de inter\u00e9s<\/th><th>APR<\/th><th>Cuotas mensuales<br>por 1.000 $ prestados<\/th><\/tr><tr><td>$2,500.00 &#8211; $10,000.00<\/td><td>25%<\/td><td>60 meses<\/td><td>9.000%*<\/td><td>9.000%<\/td><td>$20.76<\/td><\/tr><tr><td>$10,001.00 &#8211; $50,000.00<\/td><td>25%<\/td><td>180 meses<\/td><td>10.000%*<\/td><td>10.000%<\/td><td>$10.75<\/td><\/tr><\/tbody><\/table><\/figure>\n\n\n\n<p class=\"has-small-font-size\">El monto m\u00e1ximo del pr\u00e9stamo es de $50,000 y el t\u00e9rmino m\u00e1ximo es de 180 meses.<\/p>\n\n\n\n<figure class=\"wp-block-table\"><table><tbody><tr><td><strong>Sobregiro<\/strong><br><strong>L\u00ednea de cr\u00e9dito<\/strong><\/td><td><\/td><td><\/td><td><\/td><td><\/td><td><\/td><\/tr><tr><th><\/th><th>Pago<\/th><th>inicial<\/th><th>Tasa de inter\u00e9s<\/th><th>APR<\/th><th>Cuotas mensuales<br>por 1.000 $ prestados<\/th><\/tr><tr><td>&nbsp;<\/td><td>0%<\/td><td>120 meses<\/td><td>12.75%<\/td><td>12.75%<\/td><td>$14.78<\/td><\/tr><\/tbody><\/table><\/figure>\n\n\n\n<p class=\"has-small-font-size\">La tasa puede variar dependiendo de la tasa Prime que se publica en The Wall Street Journal. La TAE m\u00ednima es del 10,000%. El APR m\u00e1ximo es de 18% El monto m\u00ednimo de la l\u00ednea es de $500.00 El monto m\u00e1ximo de la l\u00ednea es de $5,000.00.<\/p>\n\n\n\n<figure class=\"wp-block-table\"><table><tbody><tr><td><strong>Pr\u00e9stamo personal<\/strong><\/td><td><\/td><td><\/td><td><\/td><td><\/td><td><\/td><\/tr><tr><th><\/th><th>Pago<\/th><th>inicial<\/th><th>Inter\u00e9s<br>Tipo<\/th><th>APR<\/th><th>Cuotas mensuales<br>por 1.000 $ prestados<\/th><\/tr><tr><td>&nbsp;<\/td><td>0%<\/td><td>36 meses<\/td><td>14.240%*<\/td><td>14.240%<\/td><td>$34.29<\/td><\/tr><\/tbody><\/table><\/figure>\n\n\n\n<p class=\"has-small-font-size\">El monto m\u00ednimo del pr\u00e9stamo es de $5,000.00. El monto m\u00e1ximo del pr\u00e9stamo es de $15,000.00 El t\u00e9rmino m\u00e1ximo es de 36 meses.<\/p>\n\n\n\n<figure class=\"wp-block-table\"><table><tbody><tr><td><strong>Pr\u00e9stamo colateral con caja de ahorros como garant\u00eda<\/strong><\/td><td><\/td><td><\/td><td><\/td><td><\/td><td><\/td><\/tr><tr><th><\/th><th>Pago<\/th><th>inicial<\/th><th>Inter\u00e9s<br>Tipo<\/th><th>APR<\/th><th>Cuotas mensuales<br>por 1.000 $ prestados<\/th><\/tr><tr><td>&nbsp;<\/td><td>0%<\/td><td>60 meses<\/td><td>4.100%<\/td><td>4.100%<\/td><td>$18.01<\/td><\/tr><\/tbody><\/table><\/figure>\n\n\n\n<p class=\"has-small-font-size\">El APR es de 4.00% sobre intereses ganados en una cuenta de ahorros o Certificado de Dep\u00f3sito de BayCoast Bank. El pago mensual mostrado es solo el inter\u00e9s. El monto m\u00ednimo de un pr\u00e9stamo es de $500. El monto m\u00e1ximo del pr\u00e9stamo es del 90% del saldo de la cuenta de ahorros con BayCoast Bank. El t\u00e9rmino m\u00e1ximo es de 60 meses.<\/p>\n\n\n\n<p class=\"has-small-font-size\"><strong><em>*Las tasas de inter\u00e9s publicadas reflejan una reducci\u00f3n de 0.25% por tener el pago del pr\u00e9stamo deducido autom\u00e1ticamente a trav\u00e9s de transferencia preaprobada desde una cuenta de cheques o una cuenta de ahorros con estado mensual de BayCoast Bank. Los pr\u00e9stamos sin la funci\u00f3n de d\u00e9bito autom\u00e1tico tendr\u00e1n una tasa de inter\u00e9s incrementada en un 0.25%.<\/em><\/strong><\/p>\n\n\n\n<p class=\"has-small-font-size\"><strong><em>El APR se refiere e a la tasa de inter\u00e9s anual. Todas las tasa de inter\u00e9s y las tasa de inter\u00e9s anuales (APR) son correctas para la fecha arriba indicada, est\u00e1n sujetas a aprobaci\u00f3n crediticia y pueden cambiar sin previo aviso. Las cuentas IRA y de Plan Calificado no se pueden usar como garant\u00eda para ning\u00fan tipo de pr\u00e9stamo. <\/em><\/strong><\/p>\n\n\n\t\t\t<\/div>\n\n\t\t<\/div>\n\t<\/div>\n<\/div> <\/div>","protected":false},"excerpt":{"rendered":"","protected":false},"author":1,"featured_media":5361,"parent":7374,"menu_order":157,"comment_status":"closed","ping_status":"closed","template":"","meta":{"_acf_changed":false,"inline_featured_image":false,"footnotes":""},"class_list":["post-7421","page","type-page","status-publish","has-post-thumbnail","hentry"],"acf":[],"featured_image_urls_v2":{"full":["https:\/\/baycoast.bank\/wp-content\/uploads\/2020\/07\/iStock-1134018566-1-min-scaled-e1616788474645.jpg",2560,1465,false],"thumbnail":["https:\/\/baycoast.bank\/wp-content\/uploads\/2020\/07\/iStock-1134018566-1-min-scaled-e1616788474645-150x150.jpg",150,150,true],"medium":["https:\/\/baycoast.bank\/wp-content\/uploads\/2020\/07\/iStock-1134018566-1-min-scaled-e1616788474645-300x172.jpg",300,172,true],"medium_large":["https:\/\/baycoast.bank\/wp-content\/uploads\/2020\/07\/iStock-1134018566-1-min-scaled-e1616788474645-768x440.jpg",768,440,true],"large":["https:\/\/baycoast.bank\/wp-content\/uploads\/2020\/07\/iStock-1134018566-1-min-scaled-e1616788474645-1024x586.jpg",1024,586,true],"1536x1536":["https:\/\/baycoast.bank\/wp-content\/uploads\/2020\/07\/iStock-1134018566-1-min-scaled-e1616788474645-1536x879.jpg",1536,879,true],"2048x2048":["https:\/\/baycoast.bank\/wp-content\/uploads\/2020\/07\/iStock-1134018566-1-min-scaled-e1616788474645-2048x1172.jpg",2048,1172,true]},"post_excerpt_stackable_v2":"<p>Tasas de inter\u00e9s Tasas de pr\u00e9stamos Tarifas vigentes a partir del 05\/04\/2026 Haz clic aqu\u00ed para las tasas de un pr\u00e9stamo con garant\u00eda hipotecaria o una l\u00ednea de cr\u00e9dito con garant\u00eda hipotecaria Mejoras al hogarPagoinicialTasa de inter\u00e9sAPRCuotas mensualespor 1.000 $ prestadosMejoras al hogar0%84 meses9.500%*9.500%$16.34Mejoras al hogar para la eficiencia energ\u00e9tica0%120 meses9.250% **9.250%$12.80 * Pr\u00e9stamo para mejoras del hogar: el monto m\u00ednimo del pr\u00e9stamo es de $2,500. El importe m\u00e1ximo del pr\u00e9stamo es de 25.000,00 $.** Pr\u00e9stamo para Mejoras Energ\u00e9ticas en el Hogar: El importe m\u00ednimo del pr\u00e9stamo es de 2.500 $. El importe m\u00e1ximo del pr\u00e9stamo es de 40.000 $.&hellip;<\/p>\n","category_list_v2":"","author_info_v2":{"name":"","url":"https:\/\/baycoast.bank\/es\/author\/"},"comments_num_v2":"0 comentarios","publishpress_future_action":{"enabled":false,"date":"2026-05-18 06:10:08","action":"change-status","newStatus":"draft","terms":[],"taxonomy":"translation_priority","extraData":[]},"publishpress_future_workflow_manual_trigger":{"enabledWorkflows":[]},"_links":{"self":[{"href":"https:\/\/baycoast.bank\/es\/wp-json\/wp\/v2\/pages\/7421","targetHints":{"allow":["GET"]}}],"collection":[{"href":"https:\/\/baycoast.bank\/es\/wp-json\/wp\/v2\/pages"}],"about":[{"href":"https:\/\/baycoast.bank\/es\/wp-json\/wp\/v2\/types\/page"}],"author":[{"embeddable":true,"href":"https:\/\/baycoast.bank\/es\/wp-json\/wp\/v2\/users\/1"}],"replies":[{"embeddable":true,"href":"https:\/\/baycoast.bank\/es\/wp-json\/wp\/v2\/comments?post=7421"}],"version-history":[{"count":0,"href":"https:\/\/baycoast.bank\/es\/wp-json\/wp\/v2\/pages\/7421\/revisions"}],"up":[{"embeddable":true,"href":"https:\/\/baycoast.bank\/es\/wp-json\/wp\/v2\/pages\/7374"}],"wp:featuredmedia":[{"embeddable":true,"href":"https:\/\/baycoast.bank\/es\/wp-json\/wp\/v2\/media\/5361"}],"wp:attachment":[{"href":"https:\/\/baycoast.bank\/es\/wp-json\/wp\/v2\/media?parent=7421"}],"curies":[{"name":"wp","href":"https:\/\/api.w.org\/{rel}","templated":true}]}}