{"id":7427,"date":"2020-08-06T13:50:54","date_gmt":"2020-08-06T17:50:54","guid":{"rendered":"https:\/\/baycoast.bank\/tasas-de-interes\/tasas-de-deposito\/"},"modified":"2026-05-04T14:45:25","modified_gmt":"2026-05-04T18:45:25","slug":"tasas-de-deposito","status":"publish","type":"page","link":"https:\/\/baycoast.bank\/es\/tasas-de-interes\/tasas-de-deposito\/","title":{"rendered":"Tasas de dep\u00f3sito"},"content":{"rendered":"<div class=\"lazyblock-interior-hero-Zqau96 wp-block-lazyblock-interior-hero\">\n<div class=\"section hero\">\n\t<div class=\"backing parallaxContainer\">\n\t\t<div class=\"backing\" style=\"background-image: url(https:\/\/baycoast.bank\/wp-content\/uploads\/2020\/07\/iStock-1210359011-min-scaled-e1596807793740.jpg\" role=\"img\" aria-label=\"Hero Image\"><\/div>\n\t<\/div>\n\n\t<div class=\"heroContent\">\n\t\t<div class=\"plusPlus blue\" ><\/div>\n\t\t\n\t\t<div class=\"heroWrapper\">\n\t\t\t<div class=\"heroBlock bgWhite\">\n\t\t\t\t\n\t\t\t\t<div class=\"heroBlockHeadline\">\n\n\t\t\t\t\t\t\t\t\t\t\t<div class=\"categories flex\" style=\"justify-content: flex-start;\">\n\t\t\t\t\t\t\t<div class=\"h6\">\n\n\t\t\t\t\t\t\t  \t\t\t\t\t\t\t\t    \t<a href=\"https:\/\/baycoast.bank\/es\/tasas-de-interes\/\">Tasas de inter\u00e9s<\/a>\n\t\t\t\t\t\t\t    \t\t\t\t\t\t\t  \n\t\t\t\t\t\t\t<\/div>\n\t\t\t\t\t\t\t\n\t\t\t\t\t\t\t\t\t\t\t\t\t<\/div>\n\t\t\t\t\t\t\t\t\t\t\n\t\t\t\t\t<h1 class=\"blue\">Tasas de dep\u00f3sito<\/h1>\n\t\t\t\t<\/div>\n\t\t\t<\/div>\n\t\t\t    \t\n\t\t\t\n\t\t\t\t<div class=\"openAccount bgBlue\">\n\t\t\t\t\t<div class=\"grain\" role=\"presentation\"><\/div>\n\t\t\t\t\t<div class=\"btn white\" role=\"button\" tabindex=\"0\">abrir una cuenta&nbsp;<span class=\"primaryColor\">+<\/span> <div class=\"backing bgPrimaryColor\"><\/div><\/div>\n\n\t\t\t\t\t<div class=\"backing bgPrimaryColor\"><\/div>\n\t\t\t\t\t\n\t\t\t\t\t<a  href=\"https:\/\/baycoast.bank\/online-account-opening\/\"><\/a>\n\t\t\t\t<\/div>\n\n\t\t\t\n\t\t<\/div>\n\t<\/div>\n<\/div> \n\n<div class=\"spacer\"><\/div><\/div>\n\n<div class=\"lazyblock-interior-content-2gStiG wp-block-lazyblock-interior-content\"><div class=\"spacer\"><\/div>\n\n<div class=\"section\">\n\t<div class=\"paddedWrapper\">\n\t\t<div class=\"wrapper flex gutenberg\" style=\"justify-content: center;\">\n\n\t\t\t\n\t\t\t<div class=\"smallWrapper gutenberg\">\n\t\t\t\n\t\t\t\t<div class=\"h3\">Tarifas vigentes a partir del  05\/04\/2026<\/div>\n\t\t\t  \n\t\t\t  \t<hr style=\"margin-bottom: 5rem;\">\n\t\t\t\t\n\t\t\t\t\n\n<figure class=\"wp-block-table\"><table><tbody><tr><td>Cuentas de ahorros<\/td><\/tr><tr><th>Nombre de cuenta<\/th><th>Tasa de inter\u00e9s<\/th><th>APY (porcentaje de rendimiento anual)<\/th><th>Saldo m\u00ednimo para abrir una cuenta<\/th><th>Saldo m\u00ednimo para<br>Obtener APY<\/th><\/tr><tr><td>Cuenta de ahorros con estado mensual (Statement Savings)<\/td><td>0.10%<\/td><td>0.10%<\/td><td>$10.00<\/td><td>$10.00<\/td><\/tr><tr><td>Club de Ahorros (Savings Club)<\/td><td>0.10%<\/td><td>0.10%<\/td><td>$5.00<\/td><td>$10.00<\/td><\/tr><\/tbody><\/table><\/figure>\n\n\n\n<figure class=\"wp-block-table\"><table><tbody><tr><td>Cuentas de cheques<\/td><\/tr><tr><th>Nombre de cuenta<\/th><th>Tasa de inter\u00e9s<\/th><th>APY (porcentaje de rendimiento anual)<\/th><th>Saldo m\u00ednimo para<br>Abrir cuenta<\/th><th>Saldo m\u00ednimo para<br>Obtener APY<\/th><\/tr><tr><td>Cuenta corriente <sup>activa\u00b9<\/sup><br> Tipo b\u00e1sico<br> Tipo cualificado<\/td><td><br>0.05%<br>0.15%<br>0.10%<\/td><td><br>0,05%<br>0,15%<br>Rango de 0,15% a 0,10%.<\/td><td>$500.00<\/td><td><br>0,01 $<br> 0,01 $<br>Porci\u00f3n superior a 25.000,00 $.<\/td><\/tr><tr><td>Cuenta de cheques Preferida (Preferred Checking)<\/td><td>0.10%<\/td><td>0.10%<\/td><td>$10.00<\/td><td>$500.00<\/td><\/tr><\/tbody><\/table><\/figure>\n\n\n\n<p class=\"has-small-font-size\"><sup>\u00b9<\/sup>Para ganar intereses a la tasa calificada se deben cumplir todos los requisitos de calificaci\u00f3n en cada periodo que califica. Si no se cumple con todos los requisitos de calificaci\u00f3n durante cada periodo que califica, el saldo completo de la cuenta obtendr\u00e1 intereses a la tasa base. Para ver la visita de calificaciones, <a href=\"https:\/\/baycoast.bank\/es\/personal\/cuenta-de-cheques-personal-personal-checking\/cuenta-de-cheques-activa-active-checking\/\">haga clic aqu\u00ed para visitar nuestra p\u00e1gina Comprobaci\u00f3n activa<\/a>.<\/p>\n\n\n\n<figure class=\"wp-block-table\"><table><tbody><tr><td>Mercado Monetario<\/td><\/tr><tr><th>Nombre de cuenta<\/th><th>Tasa de inter\u00e9s<\/th><th>APY (porcentaje de rendimiento anual)<\/th><th>Saldo m\u00ednimo para<br>Abrir cuenta<\/th><th>Saldo m\u00ednimo para<br>Obtener APY<\/th><\/tr><tr><td>Mercado monetario para consumidores<\/td><td>&nbsp;<\/td><td>&nbsp;<\/td><td>$1,000.00<\/td><td>&nbsp;<\/td><\/tr><tr><td>Nivel 1<\/td><td>0.10%<\/td><td>0.10%<\/td><td>&nbsp;<\/td><td>$1,000.00<\/td><\/tr><tr><td>Nivel 2<\/td><td>0.10%<\/td><td>0.10%<\/td><td>&nbsp;<\/td><td>$10,000.00<\/td><\/tr><tr><td>Nivel 3<\/td><td>0.15%<\/td><td>0.15%<\/td><td>&nbsp;<\/td><td>$50,000.00<\/td><\/tr><tr><td>Nivel 4<\/td><td>0.20%<\/td><td>0.20%<\/td><td>&nbsp;<\/td><td>$100,000.00<\/td><\/tr><tr><td>Nivel 5<\/td><td>0.20%<\/td><td>0.20%<\/td><td>&nbsp;<\/td><td>$250,000.00<\/td><\/tr><\/tbody><\/table><\/figure>\n\n\n\n<figure class=\"wp-block-table\"><table><tbody><tr><td>Mercado Monetario para empresas<\/td><\/tr><tr><th>Nombre de cuenta<\/th><th>Tasa de inter\u00e9s<\/th><th>APY (porcentaje de rendimiento anual)<\/th><th>Saldo m\u00ednimo para<br>Abrir cuenta<\/th><th>Saldo m\u00ednimo para<br>Obtener APY<\/th><\/tr><tr><td>Cuenta empresarial de Acceso al mercado monetario (Business Money Market Access)<\/td><td>&nbsp;<\/td><td>&nbsp;<\/td><td>$1,000.00<\/td><td>$10.00<\/td><\/tr><tr><td>Nivel 1<\/td><td>0.10%<\/td><td>0.10%<\/td><td>&nbsp;<\/td><td>$1,000.00<\/td><\/tr><tr><td>Nivel 2<\/td><td>0.10%<\/td><td>0.10%<\/td><td>&nbsp;<\/td><td>$10,000.00<\/td><\/tr><tr><td>Nivel 3<\/td><td>0.15%<\/td><td>0.15%<\/td><td>&nbsp;<\/td><td>$50,000.00<\/td><\/tr><tr><td>Nivel 4<\/td><td>0.20%<\/td><td>0.20%<\/td><td>&nbsp;<\/td><td>$100,000.00<\/td><\/tr><tr><td>Nivel 5<\/td><td>0.20%<\/td><td>0.20%<\/td><td>&nbsp;<\/td><td>$250,000.00<\/td><\/tr><\/tbody><\/table><\/figure>\n\n\n\n<figure class=\"wp-block-table\"><table><tbody><tr><td>Certificado de Dep\u00f3sito (CD)<\/td><\/tr><tr><th>T\u00e9rminos de la cuenta<\/th><th>Tasa de inter\u00e9s<\/th><th>APY (porcentaje de rendimiento anual)<\/th><th>Saldo m\u00ednimo para<br>Abrir cuenta<\/th><th>Saldo m\u00ednimo para<br>Obtener APY<\/th><\/tr><tr><td>Con estado de cuenta a 6 meses &#8211; menos de un a\u00f1o<\/td><td>0.20%<\/td><td>0.20%<\/td><td>$500.00<\/td><td>$10.00<\/td><\/tr><tr><td>Tasa especial de CD con estado de cuenta a 15 meses*<\/td><td>3.15%<\/td><td>3.20%<\/td><td>$500.00<\/td><td>$10.00<\/td><\/tr><tr><td>Con estado de cuenta a 12 &#8211; 23 meses<\/td><td>0.35%<\/td><td>0.35%<\/td><td>$500.00<\/td><td>$10.00<\/td><\/tr><tr><td>Con estado de cuenta a 24 -35 meses<\/td><td>0.40%<\/td><td>0.40%<\/td><td>$500.00<\/td><td>$10.00<\/td><\/tr><tr><td>Extrato de 3- meses-menos de 4 ano<\/td><td>0.50%<\/td><td>0.50%<\/td><td>$500.00<\/td><td>$10.00<\/td><\/tr><tr><td>Con estado de cuenta a 4 &#8211; 5 a\u00f1os<\/td><td>0.70%<\/td><td>0.70%<\/td><td>$500.00<\/td><td>$10.00<\/td><\/tr><\/tbody><\/table><\/figure>\n\n\n\n<p>Los t\u00e9rminos, tasas de inter\u00e9s y APY referidos arriba aplican solamente a CD basados en estados de cuenta. Para mas informaci\u00f3n, visita una sucursal. <\/p>\n\n\n\n<p class=\"has-small-font-size\"><em>*La Rentabilidad Anual Equivalente (APY) es exacta a 05\/04\/2026<\/em> <em>y est\u00e1 sujeta a cambios. Esta oferta se puede retirar en cualquier momento. El saldo m\u00ednimo para obtener el porcentaje de rendimiento anual (APY) es $10.00. Puede imponerse una penalizaci\u00f3n por las retiradas anticipadas. <\/em><\/p>\n\n\n\n<p class=\"has-small-font-size\">La siglas APY (Annual Percentage Yield) se refieren al porcentaje de rendimiento actual. Todas las tasas de inter\u00e9s y APYs son correctas para la fecha arriba indicada y est\u00e1n sujetas a cambios sin previo aviso. El porcentaje de rendimiento anual (APY) se aplica cuando el saldo m\u00ednimo requerido y el inter\u00e9s se mantienen en dep\u00f3sito por un a\u00f1o. En el caso de todas las cuentas de ahorros, de cheques, de Mercado Monetario y de Mercado Monetario empresarial, la tasa puede cambiar despu\u00e9s de que se haya abierto la cuenta. Todos los CD arriba mencionados son CD a tasa fija, con tasas de inter\u00e9s que pueden cambiar al finalizar el plazo de la cuenta. El inter\u00e9s es compuesto y se acredita mensualmente a todas las cuentas. Las comisiones por mantenimiento o actividad pueden reducir las ganancias. Los CD est\u00e1n sujetos a una penalizaci\u00f3n por retiro temprano.<\/p>\n\n\n\n<p class=\"has-small-font-size\">All deposits are 100% insured. All deposit amounts above FDIC insurance limits are insured in full by the DIF.<\/p>\n\n\n\t\t\t<\/div>\n\n\t\t<\/div>\n\t<\/div>\n<\/div> <\/div>","protected":false},"excerpt":{"rendered":"","protected":false},"author":1,"featured_media":5397,"parent":7374,"menu_order":151,"comment_status":"closed","ping_status":"closed","template":"","meta":{"_acf_changed":false,"inline_featured_image":false,"footnotes":""},"class_list":["post-7427","page","type-page","status-publish","has-post-thumbnail","hentry"],"acf":[],"featured_image_urls_v2":{"full":["https:\/\/baycoast.bank\/wp-content\/uploads\/2020\/07\/iStock-1210359011-min-scaled-e1596807793740.jpg",2553,1536,false],"thumbnail":["https:\/\/baycoast.bank\/wp-content\/uploads\/2020\/07\/iStock-1210359011-min-scaled-e1596807793740-150x150.jpg",150,150,true],"medium":["https:\/\/baycoast.bank\/wp-content\/uploads\/2020\/07\/iStock-1210359011-min-scaled-e1596807793740-300x180.jpg",300,180,true],"medium_large":["https:\/\/baycoast.bank\/wp-content\/uploads\/2020\/07\/iStock-1210359011-min-scaled-e1596807793740-768x462.jpg",768,462,true],"large":["https:\/\/baycoast.bank\/wp-content\/uploads\/2020\/07\/iStock-1210359011-min-scaled-e1596807793740-1024x616.jpg",1024,616,true],"1536x1536":["https:\/\/baycoast.bank\/wp-content\/uploads\/2020\/07\/iStock-1210359011-min-scaled-e1596807793740-1536x924.jpg",1536,924,true],"2048x2048":["https:\/\/baycoast.bank\/wp-content\/uploads\/2020\/07\/iStock-1210359011-min-scaled-e1596807793740-2048x1232.jpg",2048,1232,true]},"post_excerpt_stackable_v2":"<p>Tasas de inter\u00e9s Tasas de dep\u00f3sito abrir una cuenta&nbsp;+ Tarifas vigentes a partir del 05\/04\/2026 Cuentas de ahorrosNombre de cuentaTasa de inter\u00e9sAPY (porcentaje de rendimiento anual)Saldo m\u00ednimo para abrir una cuentaSaldo m\u00ednimo paraObtener APYCuenta de ahorros con estado mensual (Statement Savings)0.10%0.10%$10.00$10.00Club de Ahorros (Savings Club)0.10%0.10%$5.00$10.00 Cuentas de chequesNombre de cuentaTasa de inter\u00e9sAPY (porcentaje de rendimiento anual)Saldo m\u00ednimo paraAbrir cuentaSaldo m\u00ednimo paraObtener APYCuenta corriente activa\u00b9 Tipo b\u00e1sico Tipo cualificado0.05%0.15%0.10%0,05%0,15%Rango de 0,15% a 0,10%.$500.000,01 $ 0,01 $Porci\u00f3n superior a 25.000,00 $.Cuenta de cheques Preferida (Preferred Checking)0.10%0.10%$10.00$500.00 \u00b9Para ganar intereses a la tasa calificada se deben cumplir todos los requisitos de calificaci\u00f3n en&hellip;<\/p>\n","category_list_v2":"","author_info_v2":{"name":"","url":"https:\/\/baycoast.bank\/es\/author\/"},"comments_num_v2":"0 comentarios","publishpress_future_action":{"enabled":false,"date":"2026-05-18 08:11:18","action":"change-status","newStatus":"draft","terms":[],"taxonomy":"translation_priority","extraData":[]},"publishpress_future_workflow_manual_trigger":{"enabledWorkflows":[]},"_links":{"self":[{"href":"https:\/\/baycoast.bank\/es\/wp-json\/wp\/v2\/pages\/7427","targetHints":{"allow":["GET"]}}],"collection":[{"href":"https:\/\/baycoast.bank\/es\/wp-json\/wp\/v2\/pages"}],"about":[{"href":"https:\/\/baycoast.bank\/es\/wp-json\/wp\/v2\/types\/page"}],"author":[{"embeddable":true,"href":"https:\/\/baycoast.bank\/es\/wp-json\/wp\/v2\/users\/1"}],"replies":[{"embeddable":true,"href":"https:\/\/baycoast.bank\/es\/wp-json\/wp\/v2\/comments?post=7427"}],"version-history":[{"count":0,"href":"https:\/\/baycoast.bank\/es\/wp-json\/wp\/v2\/pages\/7427\/revisions"}],"up":[{"embeddable":true,"href":"https:\/\/baycoast.bank\/es\/wp-json\/wp\/v2\/pages\/7374"}],"wp:featuredmedia":[{"embeddable":true,"href":"https:\/\/baycoast.bank\/es\/wp-json\/wp\/v2\/media\/5397"}],"wp:attachment":[{"href":"https:\/\/baycoast.bank\/es\/wp-json\/wp\/v2\/media?parent=7427"}],"curies":[{"name":"wp","href":"https:\/\/api.w.org\/{rel}","templated":true}]}}