{"id":7698,"date":"2021-11-30T15:13:50","date_gmt":"2021-11-30T20:13:50","guid":{"rendered":"https:\/\/baycoast.bank\/otros-servicios\/cajeros-interactivos-itm\/"},"modified":"2025-07-14T14:44:51","modified_gmt":"2025-07-14T18:44:51","slug":"cajeros-interactivos-itm","status":"publish","type":"page","link":"https:\/\/baycoast.bank\/es\/otros-servicios\/cajeros-interactivos-itm\/","title":{"rendered":"Cajeros autom\u00e1ticos interactivos (CIM)"},"content":{"rendered":"<div class=\"lazyblock-interior-hero-1LNQ87 wp-block-lazyblock-interior-hero\">\n<div class=\"section hero\">\n\t<div class=\"backing parallaxContainer\">\n\t\t<div class=\"backing\" style=\"background-image: url(https:\/\/baycoast.bank\/wp-content\/uploads\/2021\/11\/ITM.jpg\" role=\"img\" aria-label=\"Hero Image\"><\/div>\n\t<\/div>\n\n\t<div class=\"heroContent\">\n\t\t<div class=\"plusPlus blue\" ><\/div>\n\t\t\n\t\t<div class=\"heroWrapper\">\n\t\t\t<div class=\"heroBlock bgWhite\">\n\t\t\t\t\n\t\t\t\t<div class=\"heroBlockHeadline\">\n\n\t\t\t\t\t\t\t\t\t\t\t<div class=\"categories flex\" style=\"justify-content: flex-start;\">\n\t\t\t\t\t\t\t<div class=\"h6\">\n\n\t\t\t\t\t\t\t  \t\t\t\t\t\t\t\t    \t<a href=\"https:\/\/baycoast.bank\/es\/otros-servicios\/\">Otros Servicios<\/a>\n\t\t\t\t\t\t\t    \t\t\t\t\t\t\t  \n\t\t\t\t\t\t\t<\/div>\n\t\t\t\t\t\t\t\n\t\t\t\t\t\t\t\t\t\t\t\t\t<\/div>\n\t\t\t\t\t\t\t\t\t\t\n\t\t\t\t\t<h1 class=\"blue\">Cajeros autom\u00e1ticos interactivos (CIM)<\/h1>\n\t\t\t\t<\/div>\n\t\t\t<\/div>\n\t\t\t    \t\n\t\t\t\n\t\t<\/div>\n\t<\/div>\n<\/div> \n\n<div class=\"spacer\"><\/div><\/div><div class=\"lazyblock-interior-content-Z1pDAox wp-block-lazyblock-interior-content\"><div class=\"spacer\"><\/div>\n\n<div class=\"section\">\n\t<div class=\"paddedWrapper\">\n\t\t<div class=\"wrapper flex gutenberg\" style=\"justify-content: center;\">\n\n\t\t\t\n\t\t\t<div class=\"smallWrapper gutenberg\">\n\t\t\t\n\t\t\t\t<div class=\"h3\">\u00bfQu\u00e9 es un Cajero Autom\u00e1tico Interactivo (CCI)?<\/div>\n\t\t\t  \n\t\t\t  \t<hr style=\"margin-bottom: 5rem;\">\n\t\t\t\t\n\t\t\t\t\n\n<p>Los cajeros autom\u00e1ticos interactivos (CIM) combinan la comodidad de un cajero autom\u00e1tico con el servicio personal de la banca en una sucursal, al permitir a los clientes ver y hablar con una persona real a trav\u00e9s de un monitor de v\u00eddeo.  <\/p>\n\n\n\n<p>El IMT est\u00e1 abierto m\u00e1s all\u00e1 del horario normal de la sucursal. Cuando el IMT no est\u00e1 disponible, la m\u00e1quina funciona igual que un cajero autom\u00e1tico normal.<\/p>\n\n\n\n<h3 class=\"wp-block-heading blue h5\">Algunas cosas que puedes hacer en un IMT de BayCoast:  <\/h3>\n\n\n\n<ul class=\"wp-block-list\">\n<li>Habla con un cajero de verdad<\/li>\n\n\n\n<li>Retira dinero, \u00a1y no s\u00f3lo de diez en diez o de veinte en veinte!<\/li>\n\n\n\n<li>Hacer dep\u00f3sitos y cobrar cheques<\/li>\n\n\n\n<li>Realiza los pagos del pr\u00e9stamo<\/li>\n\n\n\n<li>Transferencia entre cuentas<\/li>\n\n\n\n<li>Haz intercambios de efectivo<\/li>\n<\/ul>\n\n\n\n<div style=\"height:15px\" aria-hidden=\"true\" class=\"wp-block-spacer\"><\/div>\n\n\n\n<div class=\"wp-block-stackable-button-group stk-block-button-group stk-block stk-8cff8b4\" data-block-id=\"8cff8b4\"><style>.stk-8cff8b4{margin-bottom:50px !important}<\/style><div class=\"stk-row stk-inner-blocks stk-block-content stk-button-group\">\n<div class=\"wp-block-stackable-button stk-block-button stk-block stk-dee6cf7\" data-block-id=\"dee6cf7\"><style>.stk-dee6cf7 .stk-button{padding-top:15px !important;padding-right:20px !important;padding-bottom:15px !important;padding-left:20px !important;background:#fbad18 !important}.stk-dee6cf7 .stk-button__inner-text{font-size:16px !important;color:#18428f !important}@media screen and (max-width:1023px){.stk-dee6cf7 .stk-button__inner-text{font-size:16px !important}}<\/style><a class=\"stk-link stk-button stk--hover-effect-scale\" href=\"https:\/\/baycoast.bank\/es\/services\/cajeros-automaticos-interactivos-itm\/\"><span class=\"has-text-color stk-button__inner-text\"><strong>ENCUENTRA EL ITM M\u00c1S CERCANO<\/strong><\/span><\/a><\/div>\n<\/div><\/div>\n\n\n\n<h2 class=\"wp-block-heading blue h5\"><strong><em>Mira nuestro v\u00eddeo para saber m\u00e1s.  <\/em><\/strong><\/h2>\n\n\n\n<div style=\"height:20px\" aria-hidden=\"true\" class=\"wp-block-spacer\"><\/div>\n\n\n\n<div style=\"padding:56.25% 0 0 0;position:relative;\"><iframe src=\"https:\/\/player.vimeo.com\/video\/996835934?badge=0&#038;autopause=0&#038;player_id=0&#038;app_id=58479\" frameborder=\"0\" allow=\"autoplay; fullscreen; picture-in-picture; clipboard-write\" style=\"position:absolute;top:0;left:0;width:100%;height:100%;\" title=\"ITM - C\u00f3mo hacerlo (con audio)\"><\/iframe><\/div><script src=\"https:\/\/player.vimeo.com\/api\/player.js\"><\/script>\n\n\n\n<p style=\"font-size:12px\"><em>Todas las transacciones quedan registradas para tu seguridad.<\/em><\/p>\n\n\n\t\t\t<\/div>\n\n\t\t<\/div>\n\t<\/div>\n<\/div> <\/div>","protected":false},"excerpt":{"rendered":"<p>Combina la comodidad de un cajero autom\u00e1tico con el servicio personal de un banquero personal acudiendo a cualquiera de nuestros IMT para realizar tus operaciones bancarias.<\/p>\n","protected":false},"author":13,"featured_media":6249,"parent":7160,"menu_order":45,"comment_status":"closed","ping_status":"closed","template":"","meta":{"_acf_changed":false,"inline_featured_image":false,"footnotes":""},"class_list":["post-7698","page","type-page","status-publish","has-post-thumbnail","hentry"],"acf":[],"featured_image_urls_v2":{"full":["https:\/\/baycoast.bank\/wp-content\/uploads\/2021\/11\/ITM.jpg",1920,600,false],"thumbnail":["https:\/\/baycoast.bank\/wp-content\/uploads\/2021\/11\/ITM-150x150.jpg",150,150,true],"medium":["https:\/\/baycoast.bank\/wp-content\/uploads\/2021\/11\/ITM-300x94.jpg",300,94,true],"medium_large":["https:\/\/baycoast.bank\/wp-content\/uploads\/2021\/11\/ITM-768x240.jpg",768,240,true],"large":["https:\/\/baycoast.bank\/wp-content\/uploads\/2021\/11\/ITM-1024x320.jpg",1024,320,true],"1536x1536":["https:\/\/baycoast.bank\/wp-content\/uploads\/2021\/11\/ITM-1536x480.jpg",1536,480,true],"2048x2048":["https:\/\/baycoast.bank\/wp-content\/uploads\/2021\/11\/ITM.jpg",1920,600,false]},"post_excerpt_stackable_v2":"<p>Combina la comodidad de un cajero autom\u00e1tico con el servicio personal de un banquero personal acudiendo a cualquiera de nuestros IMT para realizar tus operaciones bancarias.<\/p>\n","category_list_v2":"","author_info_v2":{"name":"","url":"https:\/\/baycoast.bank\/es\/author\/"},"comments_num_v2":"0 comentarios","publishpress_future_action":{"enabled":false,"date":"2026-04-28 21:14:36","action":"change-status","newStatus":"draft","terms":[],"taxonomy":"translation_priority","extraData":[]},"publishpress_future_workflow_manual_trigger":{"enabledWorkflows":[]},"_links":{"self":[{"href":"https:\/\/baycoast.bank\/es\/wp-json\/wp\/v2\/pages\/7698","targetHints":{"allow":["GET"]}}],"collection":[{"href":"https:\/\/baycoast.bank\/es\/wp-json\/wp\/v2\/pages"}],"about":[{"href":"https:\/\/baycoast.bank\/es\/wp-json\/wp\/v2\/types\/page"}],"author":[{"embeddable":true,"href":"https:\/\/baycoast.bank\/es\/wp-json\/wp\/v2\/users\/13"}],"replies":[{"embeddable":true,"href":"https:\/\/baycoast.bank\/es\/wp-json\/wp\/v2\/comments?post=7698"}],"version-history":[{"count":0,"href":"https:\/\/baycoast.bank\/es\/wp-json\/wp\/v2\/pages\/7698\/revisions"}],"up":[{"embeddable":true,"href":"https:\/\/baycoast.bank\/es\/wp-json\/wp\/v2\/pages\/7160"}],"wp:featuredmedia":[{"embeddable":true,"href":"https:\/\/baycoast.bank\/es\/wp-json\/wp\/v2\/media\/6249"}],"wp:attachment":[{"href":"https:\/\/baycoast.bank\/es\/wp-json\/wp\/v2\/media?parent=7698"}],"curies":[{"name":"wp","href":"https:\/\/api.w.org\/{rel}","templated":true}]}}