{"id":10301,"date":"2023-05-10T16:04:55","date_gmt":"2023-05-10T20:04:55","guid":{"rendered":"https:\/\/baycoast.bank\/banco-online\/transferencias-de-dinheiro-simples\/"},"modified":"2024-06-06T16:16:55","modified_gmt":"2024-06-06T20:16:55","slug":"transferencias-de-dinheiro-simples","status":"publish","type":"page","link":"https:\/\/baycoast.bank\/pt-pt\/banco-online\/transferencias-de-dinheiro-simples\/","title":{"rendered":"Transfer\u00eancias de dinheiro simples"},"content":{"rendered":"<div class=\"lazyblock-interior-hero-1rTTIX wp-block-lazyblock-interior-hero\">\n<div class=\"section hero\">\n\t<div class=\"backing parallaxContainer\">\n\t\t<div class=\"backing\" style=\"background-image: url(https:\/\/baycoast.bank\/wp-content\/uploads\/2023\/05\/Payrailz-Webpage-Hero-2.jpg\" role=\"img\" aria-label=\"Hero Image\"><\/div>\n\t<\/div>\n\n\t<div class=\"heroContent\">\n\t\t<div class=\"plusPlus blue\" ><\/div>\n\t\t\n\t\t<div class=\"heroWrapper\">\n\t\t\t<div class=\"heroBlock bgWhite\">\n\t\t\t\t\n\t\t\t\t<div class=\"heroBlockHeadline\">\n\n\t\t\t\t\t\t\t\t\t\t\t<div class=\"categories flex\" style=\"justify-content: flex-start;\">\n\t\t\t\t\t\t\t<div class=\"h6\">\n\n\t\t\t\t\t\t\t  \t\t\t\t\t\t\t\t    \t<a href=\"https:\/\/baycoast.bank\/pt-pt\/banco-online\/\">Banco Online<\/a>\n\t\t\t\t\t\t\t    \t\t\t\t\t\t\t  \n\t\t\t\t\t\t\t<\/div>\n\t\t\t\t\t\t\t\n\t\t\t\t\t\t\t\t\t\t\t\t\t<\/div>\n\t\t\t\t\t\t\t\t\t\t\n\t\t\t\t\t<h1 class=\"blue\">Transfer\u00eancias de dinheiro simples<\/h1>\n\t\t\t\t<\/div>\n\t\t\t<\/div>\n\t\t\t    \t\n\t\t\t\n\t\t<\/div>\n\t<\/div>\n<\/div> \n\n<div class=\"spacer\"><\/div><\/div><div class=\"lazyblock-interior-content-2qSzNG wp-block-lazyblock-interior-content\"><div class=\"spacer\"><\/div>\n\n<div class=\"section\">\n\t<div class=\"paddedWrapper\">\n\t\t<div class=\"wrapper flex gutenberg\" style=\"justify-content: center;\">\n\n\t\t\t\n\t\t\t<div class=\"smallWrapper gutenberg\">\n\t\t\t\n\t\t\t\t<div class=\"h3\">Uma solu\u00e7\u00e3o inteligente, segura e r\u00e1pida para apps financeiras!<\/div>\n\t\t\t  \n\t\t\t  \t<hr style=\"margin-bottom: 5rem;\">\n\t\t\t\t\n\t\t\t\t\n\n<p>Procura uma forma r\u00e1pida, simples e segura para enviar e receber dinheiro? \u00c9 com entusiasmo que o BayCoast Bank anuncia o seu novo sistema de pagamento de pessoa para pessoa (P2P), uma ferramenta financeira digital inovadora que recorre a tecnologia de \u00faltima gera\u00e7\u00e3o para lhe oferecer op\u00e7\u00f5es de pagamento mais r\u00e1pidas e mais avan\u00e7adas. Com o atual estilo de vida atarefado, esta nova plataforma oferece a comodidade que procura e a seguran\u00e7a que necessita. <\/p>\n\n\n\n<p>S\u00f3 precisa de um endere\u00e7o de e-mail ou n\u00famero de telem\u00f3vel para enviar dinheiro a uma pessoa amiga a qualquer momento e em qualquer lugar, <em>independentemente do banco ou apps que essa pessoa usar.<\/em> Sim, \u00e9 assim t\u00e3o simples e isto \u00e9 apenas o come\u00e7o.<\/p>\n\n\n\n<h4 class=\"wp-block-heading\">Quer esteja a dividir a conta no seu restaurante favorito ou a pagar \u00e0 baby-sitter, a nossa solu\u00e7\u00e3o de transfer\u00eancia de dinheiro pode simplificar a sua vida.<\/h4>\n\n\n\n<div class=\"wp-block-stackable-spacer stk-block-spacer stk--no-padding stk-block stk-6d4a337\" data-block-id=\"6d4a337\"><style>.stk-6d4a337{height:24px !important}@media screen and (max-width:1023px){.stk-6d4a337{height:15px !important}}@media screen and (max-width:767px){.stk-6d4a337{height:10px !important}}<\/style><\/div>\n\n\n\n<div class=\"wp-block-stackable-icon-box stk-block-icon-box stk-block stk-7ace7f9\" data-block-id=\"7ace7f9\"><div class=\"stk-block-content stk-inner-blocks stk-block-icon-box__content stk-container stk-7ace7f9-container stk--no-background stk--no-padding\">\n<div class=\"wp-block-stackable-icon-label stk-block-icon-label stk-block stk-0f10124\" data-block-id=\"0f10124\"><style>.stk-0f10124{margin-bottom:0px !important}<\/style><div class=\"stk-row stk-inner-blocks stk-block-content\">\n<div class=\"wp-block-stackable-icon stk-block-icon has-text-align-left stk-block stk-121f1ee\" data-block-id=\"121f1ee\"><style>.stk-121f1ee .stk--svg-wrapper .stk--inner-svg svg:last-child,.stk-121f1ee .stk--svg-wrapper .stk--inner-svg svg:last-child :is(g,path,rect,polygon,ellipse){fill:var(--stk-global-color-63884,#fbad18) !important}<\/style><span class=\"stk--svg-wrapper\"><div class=\"stk--inner-svg\"><svg style=\"height:0;width:0\"><defs><lineargradient id=\"linear-gradient-121f1ee\" x1=\"0\" x2=\"100%\" y1=\"0\" y2=\"0\"><stop offset=\"0%\" style=\"stop-opacity:1;stop-color:var(--linear-gradient-121-f-1-ee-color-1)\"><\/stop><stop offset=\"100%\" style=\"stop-opacity:1;stop-color:var(--linear-gradient-121-f-1-ee-color-2)\"><\/stop><\/lineargradient><\/defs><\/svg><svg class=\"ugb-custom-icon\" version=\"1.0\" xmlns=\"http:\/\/www.w3.org\/2000\/svg\" width=\"32\" height=\"32\" viewbox=\"0 0 50.000000 50.000000\" preserveaspectratio=\"xMidYMid meet\" aria-hidden=\"true\">\n\n<g transform=\"translate(0.000000,50.000000) scale(0.100000,-0.100000)\" fill=\"#000000\" stroke=\"none\">\n<path d=\"M190 450 c0 -22 5 -40 10 -40 6 0 10 18 10 40 0 22 -4 40 -10 40 -5&#10;0 -10 -18 -10 -40z\"><\/path>\n<path d=\"M100 452 c0 -14 49 -56 57 -49 3 4 -4 18 -17 32 -24 25 -40 32 -40&#10;17z\"><\/path>\n<path d=\"M260 435 c-13 -14 -20 -28 -17 -32 8 -7 57 35 57 49 0 15 -16 8 -40&#10;-17z\"><\/path>\n<path d=\"M279 343 c-54 -53 -100 -95 -102 -92 -43 61 -61 78 -87 84 -19 4 -36&#10;2 -46 -6 -13 -11 -11 -16 14 -43 16 -17 37 -56 47 -86 22 -68 114 -170 155&#10;-170 34 0 176 140 167 164 -4 9 -13 16 -21 16 -9 0 -12 7 -9 21 4 15 0 22 -15&#10;26 -14 3 -19 10 -15 20 4 9 -1 21 -10 28 -15 11 -13 17 24 59 41 46 46 76 13&#10;76 -9 0 -61 -44 -115 -97z\"><\/path>\n<\/g>\n<\/svg><\/div><\/span><\/div>\n\n\n\n<div class=\"wp-block-stackable-heading stk-block-heading stk-block stk-b7b9e05\" data-block-id=\"b7b9e05\"><h5 class=\"stk-block-heading__text\">Simple<\/h5><\/div>\n<\/div><\/div>\n\n\n\n<ul class=\"wp-block-list\">\n<li>Basta adicionar o n\u00famero de telem\u00f3vel ou o endere\u00e7o de e-mail do seu contacto para come\u00e7ar. N\u00e3o precisa de usar a mesma app.<\/li>\n\n\n\n<li>Ap\u00f3s a verifica\u00e7\u00e3o, o seu contacto pode selecionar como recebe o seu pagamento.<\/li>\n<\/ul>\n<\/div><\/div>\n\n\n\n<div class=\"wp-block-stackable-icon-box stk-block-icon-box stk-block stk-177c3d8\" data-block-id=\"177c3d8\"><div class=\"stk-block-content stk-inner-blocks stk-block-icon-box__content stk-container stk-177c3d8-container stk--no-background stk--no-padding\">\n<div class=\"wp-block-stackable-icon-label stk-block-icon-label stk-block stk-bb51bdf\" data-block-id=\"bb51bdf\"><style>.stk-bb51bdf{margin-bottom:0px !important}<\/style><div class=\"stk-row stk-inner-blocks stk-block-content\">\n<div class=\"wp-block-stackable-icon stk-block-icon has-text-align-left stk-block stk-ace287f\" data-block-id=\"ace287f\"><style>.stk-ace287f .stk--svg-wrapper .stk--inner-svg svg:last-child,.stk-ace287f .stk--svg-wrapper .stk--inner-svg svg:last-child :is(g,path,rect,polygon,ellipse){fill:var(--stk-global-color-63884,#fbad18) !important}<\/style><span class=\"stk--svg-wrapper\"><div class=\"stk--inner-svg\"><svg style=\"height:0;width:0\"><defs><lineargradient id=\"linear-gradient-ace287f\" x1=\"0\" x2=\"100%\" y1=\"0\" y2=\"0\"><stop offset=\"0%\" style=\"stop-opacity:1;stop-color:var(--linear-gradient-ace-287-f-color-1)\"><\/stop><stop offset=\"100%\" style=\"stop-opacity:1;stop-color:var(--linear-gradient-ace-287-f-color-2)\"><\/stop><\/lineargradient><\/defs><\/svg><svg aria-hidden=\"true\" focusable=\"false\" data-prefix=\"fas\" data-icon=\"lock\" class=\"svg-inline--fa fa-lock fa-w-14\" xmlns=\"http:\/\/www.w3.org\/2000\/svg\" viewbox=\"0 0 448 512\" width=\"32\" height=\"32\"><path fill=\"currentColor\" d=\"M400 224h-24v-72C376 68.2 307.8 0 224 0S72 68.2 72 152v72H48c-26.5 0-48 21.5-48 48v192c0 26.5 21.5 48 48 48h352c26.5 0 48-21.5 48-48V272c0-26.5-21.5-48-48-48zm-104 0H152v-72c0-39.7 32.3-72 72-72s72 32.3 72 72v72z\"><\/path><\/svg><\/div><\/span><\/div>\n\n\n\n<div class=\"wp-block-stackable-heading stk-block-heading stk-block stk-8112b71\" data-block-id=\"8112b71\"><h5 class=\"stk-block-heading__text\">Safe<\/h5><\/div>\n<\/div><\/div>\n\n\n\n<ul class=\"wp-block-list\">\n<li>Seguran\u00e7a proativa, incluindo uma palavra-passe \u00fanica e uma solu\u00e7\u00e3o de dete\u00e7\u00e3o de fraude em tempo real.<\/li>\n\n\n\n<li>Cria perguntas de seguran\u00e7a \u00fanicas que apenas o seu contacto sabe responder.<\/li>\n<\/ul>\n<\/div><\/div>\n\n\n\n<div class=\"wp-block-stackable-icon-box stk-block-icon-box stk-block stk-43d2fdc\" data-block-id=\"43d2fdc\"><div class=\"stk-block-content stk-inner-blocks stk-block-icon-box__content stk-container stk-43d2fdc-container stk--no-background stk--no-padding\">\n<div class=\"wp-block-stackable-icon-label stk-block-icon-label stk-block stk-f085c93\" data-block-id=\"f085c93\"><style>.stk-f085c93{margin-bottom:0px !important}<\/style><div class=\"stk-row stk-inner-blocks stk-block-content\">\n<div class=\"wp-block-stackable-icon stk-block-icon has-text-align-left stk-block stk-1711938\" data-block-id=\"1711938\"><style>.stk-1711938 .stk--svg-wrapper .stk--inner-svg svg:last-child,.stk-1711938 .stk--svg-wrapper .stk--inner-svg svg:last-child :is(g,path,rect,polygon,ellipse){fill:var(--stk-global-color-63884,#fbad18) !important}<\/style><span class=\"stk--svg-wrapper\"><div class=\"stk--inner-svg\"><svg style=\"height:0;width:0\"><defs><lineargradient id=\"linear-gradient-1711938\" x1=\"0\" x2=\"100%\" y1=\"0\" y2=\"0\"><stop offset=\"0%\" style=\"stop-opacity:1;stop-color:var(--linear-gradient-1711938-color-1)\"><\/stop><stop offset=\"100%\" style=\"stop-opacity:1;stop-color:var(--linear-gradient-1711938-color-2)\"><\/stop><\/lineargradient><\/defs><\/svg><svg aria-hidden=\"true\" focusable=\"false\" data-prefix=\"fas\" data-icon=\"history\" class=\"svg-inline--fa fa-history fa-w-16\" xmlns=\"http:\/\/www.w3.org\/2000\/svg\" viewbox=\"0 0 512 512\" width=\"32\" height=\"32\"><path fill=\"currentColor\" d=\"M504 255.531c.253 136.64-111.18 248.372-247.82 248.468-59.015.042-113.223-20.53-155.822-54.911-11.077-8.94-11.905-25.541-1.839-35.607l11.267-11.267c8.609-8.609 22.353-9.551 31.891-1.984C173.062 425.135 212.781 440 256 440c101.705 0 184-82.311 184-184 0-101.705-82.311-184-184-184-48.814 0-93.149 18.969-126.068 49.932l50.754 50.754c10.08 10.08 2.941 27.314-11.313 27.314H24c-8.837 0-16-7.163-16-16V38.627c0-14.254 17.234-21.393 27.314-11.314l49.372 49.372C129.209 34.136 189.552 8 256 8c136.81 0 247.747 110.78 248 247.531zm-180.912 78.784l9.823-12.63c8.138-10.463 6.253-25.542-4.21-33.679L288 256.349V152c0-13.255-10.745-24-24-24h-16c-13.255 0-24 10.745-24 24v135.651l65.409 50.874c10.463 8.137 25.541 6.253 33.679-4.21z\"><\/path><\/svg><\/div><\/span><\/div>\n\n\n\n<div class=\"wp-block-stackable-heading stk-block-heading stk-block stk-9bf0aaa\" data-block-id=\"9bf0aaa\"><h5 class=\"stk-block-heading__text\">Swift<\/h5><\/div>\n<\/div><\/div>\n\n\n\n<ul class=\"wp-block-list\">\n<li>Pagamentos enviados em tempo real, n\u00e3o demoram uma hora ou um dia, s\u00e3o imediatos.<\/li>\n\n\n\n<li>Pode ainda configurar pagamentos recorrentes para serem realizados no mesmo dia, no dia seguinte ou indicar uma data futura.<\/li>\n<\/ul>\n<\/div><\/div>\n\n\n\n<h4 class=\"wp-block-heading\">Subscreva o servi\u00e7o de banco Online do BayCoast hoje mesmo!<\/h4>\n\n\n\n<p>Realizar transfer\u00eancias de dinheiro em tempo real ou agendar pagamentos com banco online n\u00e3o poderia ser mais simples. Pode encontrar o nosso novo sistema de pagamento no banco online e m\u00f3vel, na categoria \u201c<em>Move Money and Pay Loans<\/em>\u201d.<\/p>\n\n\n\n<p><strong>Ainda n\u00e3o usa o banco Online?<\/strong> <a href=\"https:\/\/baycoast.bank\/pt-pt\/banco-online\/faca-o-seu-pedido\/\">Fa\u00e7a o seu registo aqui e aproveite todas as funcionalidades dispon\u00edveis.<\/a> Transfira a aplica\u00e7\u00e3o m\u00f3vel gratuita do BayCoast Bank e desfrute da comodidade de enviar dinheiro para os seus amigos a partir de qualquer local.<\/p>\n\n\n<div class=\"lazyblock-buttons-19QpWR wp-block-lazyblock-buttons\"><div class=\"buttonsListed\">\n\t\t\t\t\t\t\t\n\t<div class=\"grid\" style=\"align-items: center;\">\n\t\t\t\t\t<a href=\"https:\/\/baycoast.bank\/online-banking\/apply\/\"><div class=\"btn blue\" role=\"button\" tabindex=\"0\">Adira ao Banco Online&nbsp;<span class=\"primaryColor\">+<\/span> <div class=\"backing\"><\/div><\/div><\/a>\n\t\t\t<\/div>\n\t\n<\/div><\/div>\n\n\n<div class=\"wp-block-stackable-spacer stk-block-spacer stk--no-padding stk-block stk-f5fada0\" data-block-id=\"f5fada0\"><style>.stk-f5fada0{height:24px !important}@media screen and (max-width:1023px){.stk-f5fada0{height:15px !important}}@media screen and (max-width:767px){.stk-f5fada0{height:10px !important}}<\/style><\/div>\n\n\n\n<h5 class=\"wp-block-heading\">Se precisar de algum esclarecimento sobre este novo servi\u00e7o, n\u00e3o hesite em contactar-nos para 508-678-7641. Teremos todo o gosto em ajudar.<\/h5>\n\n\n\t\t\t<\/div>\n\n\t\t<\/div>\n\t<\/div>\n<\/div> <\/div>","protected":false},"excerpt":{"rendered":"","protected":false},"author":13,"featured_media":10093,"parent":7245,"menu_order":41,"comment_status":"closed","ping_status":"closed","template":"","meta":{"_acf_changed":false,"inline_featured_image":false,"footnotes":""},"class_list":["post-10301","page","type-page","status-publish","has-post-thumbnail","hentry"],"acf":[],"featured_image_urls_v2":{"full":["https:\/\/baycoast.bank\/wp-content\/uploads\/2023\/05\/Payrailz-Webpage-Hero-2.jpg",1537,920,false],"thumbnail":["https:\/\/baycoast.bank\/wp-content\/uploads\/2023\/05\/Payrailz-Webpage-Hero-2-150x150.jpg",150,150,true],"medium":["https:\/\/baycoast.bank\/wp-content\/uploads\/2023\/05\/Payrailz-Webpage-Hero-2-300x180.jpg",300,180,true],"medium_large":["https:\/\/baycoast.bank\/wp-content\/uploads\/2023\/05\/Payrailz-Webpage-Hero-2-768x460.jpg",768,460,true],"large":["https:\/\/baycoast.bank\/wp-content\/uploads\/2023\/05\/Payrailz-Webpage-Hero-2-1024x613.jpg",1024,613,true],"1536x1536":["https:\/\/baycoast.bank\/wp-content\/uploads\/2023\/05\/Payrailz-Webpage-Hero-2.jpg",1536,919,false],"2048x2048":["https:\/\/baycoast.bank\/wp-content\/uploads\/2023\/05\/Payrailz-Webpage-Hero-2.jpg",1537,920,false]},"post_excerpt_stackable_v2":"<p>Banco Online Transfer\u00eancias de dinheiro simples Uma solu\u00e7\u00e3o inteligente, segura e r\u00e1pida para apps financeiras! Procura uma forma r\u00e1pida, simples e segura para enviar e receber dinheiro? \u00c9 com entusiasmo que o BayCoast Bank anuncia o seu novo sistema de pagamento de pessoa para pessoa (P2P), uma ferramenta financeira digital inovadora que recorre a tecnologia de \u00faltima gera\u00e7\u00e3o para lhe oferecer op\u00e7\u00f5es de pagamento mais r\u00e1pidas e mais avan\u00e7adas. Com o atual estilo de vida atarefado, esta nova plataforma oferece a comodidade que procura e a seguran\u00e7a que necessita. S\u00f3 precisa de um endere\u00e7o de e-mail ou n\u00famero de telem\u00f3vel&hellip;<\/p>\n","category_list_v2":"","author_info_v2":{"name":"","url":"https:\/\/baycoast.bank\/pt-pt\/author\/"},"comments_num_v2":"0 comments","publishpress_future_action":{"enabled":false,"date":"2026-04-25 13:43:21","action":"change-status","newStatus":"draft","terms":[],"taxonomy":"translation_priority","extraData":[]},"publishpress_future_workflow_manual_trigger":{"enabledWorkflows":[]},"_links":{"self":[{"href":"https:\/\/baycoast.bank\/pt-pt\/wp-json\/wp\/v2\/pages\/10301","targetHints":{"allow":["GET"]}}],"collection":[{"href":"https:\/\/baycoast.bank\/pt-pt\/wp-json\/wp\/v2\/pages"}],"about":[{"href":"https:\/\/baycoast.bank\/pt-pt\/wp-json\/wp\/v2\/types\/page"}],"author":[{"embeddable":true,"href":"https:\/\/baycoast.bank\/pt-pt\/wp-json\/wp\/v2\/users\/13"}],"replies":[{"embeddable":true,"href":"https:\/\/baycoast.bank\/pt-pt\/wp-json\/wp\/v2\/comments?post=10301"}],"version-history":[{"count":0,"href":"https:\/\/baycoast.bank\/pt-pt\/wp-json\/wp\/v2\/pages\/10301\/revisions"}],"up":[{"embeddable":true,"href":"https:\/\/baycoast.bank\/pt-pt\/wp-json\/wp\/v2\/pages\/7245"}],"wp:featuredmedia":[{"embeddable":true,"href":"https:\/\/baycoast.bank\/pt-pt\/wp-json\/wp\/v2\/media\/10093"}],"wp:attachment":[{"href":"https:\/\/baycoast.bank\/pt-pt\/wp-json\/wp\/v2\/media?parent=10301"}],"curies":[{"name":"wp","href":"https:\/\/api.w.org\/{rel}","templated":true}]}}