{"id":10871,"date":"2023-10-11T15:36:49","date_gmt":"2023-10-11T19:36:49","guid":{"rendered":"https:\/\/baycoast.bank\/servicos-bancarios-para-a-canabis\/solucoes-bancarias-para-negocios-relacionados-com-a-canabis\/"},"modified":"2024-07-25T10:16:08","modified_gmt":"2024-07-25T14:16:08","slug":"solucoes-bancarias-para-negocios-relacionados-com-a-canabis","status":"publish","type":"page","link":"https:\/\/baycoast.bank\/pt-pt\/servicos-bancarios-para-a-canabis\/solucoes-bancarias-para-negocios-relacionados-com-a-canabis\/","title":{"rendered":"Banca para empresas relacionadas com a can\u00e1bis"},"content":{"rendered":"<div class=\"lazyblock-interior-hero-Z2kb5D wp-block-lazyblock-interior-hero\">\n<div class=\"section hero\">\n\t<div class=\"backing parallaxContainer\">\n\t\t<div class=\"backing\" style=\"background-image: url(https:\/\/baycoast.bank\/wp-content\/uploads\/2023\/10\/Banking-For-Cannabis-Related-Businesses.jpg\" role=\"img\" aria-label=\"Hero Image\"><\/div>\n\t<\/div>\n\n\t<div class=\"heroContent\">\n\t\t<div class=\"plusPlus blue\" ><\/div>\n\t\t\n\t\t<div class=\"heroWrapper\">\n\t\t\t<div class=\"heroBlock bgWhite\">\n\t\t\t\t\n\t\t\t\t<div class=\"heroBlockHeadline\">\n\n\t\t\t\t\t\t\t\t\t\t\t<div class=\"categories flex\" style=\"justify-content: flex-start;\">\n\t\t\t\t\t\t\t<div class=\"h6\">\n\n\t\t\t\t\t\t\t  \t\t\t\t\t\t\t\t    \t<a href=\"https:\/\/baycoast.bank\/pt-pt\/servicos-bancarios-para-a-canabis\/\">Servi\u00e7os banc\u00e1rios de cannabis em MA e RI<\/a>\n\t\t\t\t\t\t\t    \t\t\t\t\t\t\t  \n\t\t\t\t\t\t\t<\/div>\n\t\t\t\t\t\t\t\n\t\t\t\t\t\t\t\t\t\t\t\t\t<\/div>\n\t\t\t\t\t\t\t\t\t\t\n\t\t\t\t\t<h1 class=\"blue\">Banca para empresas relacionadas com a can\u00e1bis<\/h1>\n\t\t\t\t<\/div>\n\t\t\t<\/div>\n\t\t\t    \t\n\t\t\t\n\t\t<\/div>\n\t<\/div>\n<\/div> \n\n<div class=\"spacer\"><\/div><\/div>\n<div class=\"wp-block-stackable-columns stk-block-columns stk-block stk-53c354a\" data-block-id=\"53c354a\"><style>.stk-53c354a{max-width:50% !important;margin-right:auto !important;margin-bottom:50px !important;margin-left:auto !important}@media screen and (max-width:767px){.stk-53c354a{max-width:75% !important}}<\/style><div class=\"stk-row stk-inner-blocks stk-block-content stk-content-align stk-53c354a-column\">\n<div class=\"wp-block-stackable-column stk-block-column stk-column stk-block stk-d913bee\" data-v=\"4\" data-block-id=\"d913bee\"><div class=\"stk-column-wrapper stk-block-column__content stk-container stk-d913bee-container stk--no-background stk--no-padding\"><div class=\"stk-block-content stk-inner-blocks stk-d913bee-inner-blocks\">\n<div class=\"wp-block-stackable-spacer stk-block-spacer stk--no-padding stk-block stk-c50b6f6\" data-block-id=\"c50b6f6\"><style>.stk-c50b6f6{height:25px !important}<\/style><\/div>\n\n\n\n<p>A Nova Inglaterra est\u00e1 a estabelecer progressivamente a sua posi\u00e7\u00e3o no panorama da marijuana legalizada. Tendo inicialmente aprovado a marijuana medicinal em 2016, Massachusetts tornou-se um dos primeiros estados a legalizar a marijuana recreativa em 2018. Rhode Island legalizou a marijuana medicinal pela primeira vez em 2006 e aprovou o uso recreativo em 2022. \u00c0 medida que um n\u00famero crescente de estados dos EUA adopta legisla\u00e7\u00e3o semelhante, as ind\u00fastrias de Massachusetts e Rhode Island servem de refer\u00eancia para o desenvolvimento futuro.<\/p>\n\n\n\n<p>Mas, ao contr\u00e1rio da maioria das outras ind\u00fastrias, as empresas relacionadas com a can\u00e1bis t\u00eam de navegar num cen\u00e1rio regulamentar complexo para a sua gest\u00e3o financeira. Esta complexidade resulta do conflito entre as leis estatais que legalizam a venda de can\u00e1bis e as leis federais que a pro\u00edbem. Para gerir legalmente uma empresa deste tipo, necessitar\u00e1s de um parceiro que te possa orientar eficazmente atrav\u00e9s destes desafios.  <\/p>\n\n\n\n<p>No BayCoast Bank, o nosso pessoal especializado dedica-se a fornecer <a href=\"https:\/\/baycoast.bank\/pt-pt\/servicos-bancarios-para-a-canabis\/\">servi\u00e7os banc\u00e1rios de<\/a> primeira linha para a <a href=\"https:\/\/baycoast.bank\/pt-pt\/servicos-bancarios-para-a-canabis\/\">can\u00e1bis<\/a>.\nExplora as formas como o BayCoast pode ajudar a elevar o seu neg\u00f3cio: <\/p>\n\n\n\n<div class=\"wp-block-stackable-spacer stk-block-spacer stk--no-padding stk-block stk-e7084ea\" data-block-id=\"e7084ea\"><style>.stk-e7084ea{height:5px !important}<\/style><\/div>\n\n\n\n<div class=\"wp-block-stackable-spacer stk-block-spacer stk--no-padding stk-block stk-2a29e69\" data-block-id=\"2a29e69\"><style>.stk-2a29e69{height:25px !important}<\/style><\/div>\n\n\n\n<h4 class=\"wp-block-heading\">O teu neg\u00f3cio relacionado com a can\u00e1bis<\/h4>\n\n\n\n<p>O termo &#8220;neg\u00f3cio relacionado com a can\u00e1bis&#8221; refere-se especificamente a entidades que tocam nas plantas, distinguindo-as dos neg\u00f3cios auxiliares que servem a ind\u00fastria. Esta classifica\u00e7\u00e3o engloba uma gama diversificada de empresas, tais como dispens\u00e1rios, cultivadores, grossistas, laborat\u00f3rios de testes e transportadores. As empresas auxiliares, incluindo os empreiteiros de AVAC e os electricistas, fornecem produtos e servi\u00e7os essenciais \u00e0 ind\u00fastria da can\u00e1bis.  <\/p>\n\n\n\n<p>O licenciamento estatal de can\u00e1bis \u00e9 uma parte complexa mas essencial do teu percurso como empresa relacionada com a can\u00e1bis. Esta \u00e9 uma ind\u00fastria onde o cumprimento rigoroso dos regulamentos n\u00e3o \u00e9 negoci\u00e1vel. Quer esteja totalmente licenciado, provisoriamente licenciado ou apenas a iniciar o processo de candidatura, o BayCoast Bank est\u00e1 pronto para come\u00e7ar a trabalhar consigo para o ajudar a gerir as suas necessidades financeiras di\u00e1rias.<\/p>\n\n\n\n<h4 class=\"wp-block-heading has-text-align-left\">Produtos e servi\u00e7os para empresas relacionadas com a can\u00e1bis<\/h4>\n\n\n\n<p>Apesar de as empresas nossas parceiras enfrentarem mais requisitos do que as empresas convencionais, os nossos especialistas guiam-te atrav\u00e9s do processo de documenta\u00e7\u00e3o de conformidade. Uma vez cumpridos os pr\u00e9-requisitos, os produtos e servi\u00e7os financeiros que oferecemos assemelham-se muito aos utilizados por empresas de todos os sectores.  <\/p>\n\n\n\n<p class=\"has-text-align-left\"><strong>Estes servi\u00e7os incluem:  <\/strong><\/p>\n\n\n\n<div class=\"wp-block-stackable-icon-list stk-block-icon-list stk-block stk-b06a9d7\" data-block-id=\"b06a9d7\"><style>.stk-b06a9d7 ul li:nth-child(1){list-style-image:url('data:image\/svg+xml;base64,PHN2ZyBhcmlhLWhpZGRlbj0idHJ1ZSIgZGF0YS1wcmVmaXg9ImZhcyIgZGF0YS1pY29uPSJjaGVjayIgY2xhc3M9InN2Zy1pbmxpbmUtLWZhIGZhLWNoZWNrIGZhLXctMTYiIHJvbGU9ImltZyIgeG1sbnM9Imh0dHA6Ly93d3cudzMub3JnLzIwMDAvc3ZnIiB2aWV3Qm94PSIwIDAgNTEyIDUxMiIgc3R5bGU9ImZpbGw6ICMzMzMzMzMgIWltcG9ydGFudDsgY29sb3I6ICMzMzMzMzMgIWltcG9ydGFudDt0cmFuc2Zvcm06IHJvdGF0ZShkZWcpICFpbXBvcnRhbnQ7Ij48cGF0aCBmaWxsPSIjMzMzMzMzIiBkPSJNMTczLjg5OCA0MzkuNDA0bC0xNjYuNC0xNjYuNGMtOS45OTctOS45OTctOS45OTctMjYuMjA2IDAtMzYuMjA0bDM2LjIwMy0zNi4yMDRjOS45OTctOS45OTggMjYuMjA3LTkuOTk4IDM2LjIwNCAwTDE5MiAzMTIuNjkgNDMyLjA5NSA3Mi41OTZjOS45OTctOS45OTcgMjYuMjA3LTkuOTk3IDM2LjIwNCAwbDM2LjIwMyAzNi4yMDRjOS45OTcgOS45OTcgOS45OTcgMjYuMjA2IDAgMzYuMjA0bC0yOTQuNCAyOTQuNDAxYy05Ljk5OCA5Ljk5Ny0yNi4yMDcgOS45OTctMzYuMjA0LS4wMDF6IiBzdHJva2U9IiMzMzMzMzMiIHN0eWxlPSJmaWxsOiByZ2IoNTEsIDUxLCA1MSk7IHN0cm9rZTogcmdiKDUxLCA1MSwgNTEpOyIvPjwvc3ZnPg==') !important}.stk-b06a9d7 ul li:nth-child(2){list-style-image:url('data:image\/svg+xml;base64,PHN2ZyBhcmlhLWhpZGRlbj0idHJ1ZSIgZGF0YS1wcmVmaXg9ImZhcyIgZGF0YS1pY29uPSJjaGVjayIgY2xhc3M9InN2Zy1pbmxpbmUtLWZhIGZhLWNoZWNrIGZhLXctMTYiIHJvbGU9ImltZyIgeG1sbnM9Imh0dHA6Ly93d3cudzMub3JnLzIwMDAvc3ZnIiB2aWV3Qm94PSIwIDAgNTEyIDUxMiIgc3R5bGU9ImZpbGw6ICMzMzMzMzMgIWltcG9ydGFudDsgY29sb3I6ICMzMzMzMzMgIWltcG9ydGFudDt0cmFuc2Zvcm06IHJvdGF0ZShkZWcpICFpbXBvcnRhbnQ7Ij48cGF0aCBmaWxsPSIjMzMzMzMzIiBkPSJNMTczLjg5OCA0MzkuNDA0bC0xNjYuNC0xNjYuNGMtOS45OTctOS45OTctOS45OTctMjYuMjA2IDAtMzYuMjA0bDM2LjIwMy0zNi4yMDRjOS45OTctOS45OTggMjYuMjA3LTkuOTk4IDM2LjIwNCAwTDE5MiAzMTIuNjkgNDMyLjA5NSA3Mi41OTZjOS45OTctOS45OTcgMjYuMjA3LTkuOTk3IDM2LjIwNCAwbDM2LjIwMyAzNi4yMDRjOS45OTcgOS45OTcgOS45OTcgMjYuMjA2IDAgMzYuMjA0bC0yOTQuNCAyOTQuNDAxYy05Ljk5OCA5Ljk5Ny0yNi4yMDcgOS45OTctMzYuMjA0LS4wMDF6IiBzdHJva2U9IiMzMzMzMzMiIHN0eWxlPSJmaWxsOiByZ2IoNTEsIDUxLCA1MSk7IHN0cm9rZTogcmdiKDUxLCA1MSwgNTEpOyIvPjwvc3ZnPg==') !important}.stk-b06a9d7 ul li:nth-child(3){list-style-image:url('data:image\/svg+xml;base64,PHN2ZyBhcmlhLWhpZGRlbj0idHJ1ZSIgZGF0YS1wcmVmaXg9ImZhcyIgZGF0YS1pY29uPSJjaGVjayIgY2xhc3M9InN2Zy1pbmxpbmUtLWZhIGZhLWNoZWNrIGZhLXctMTYiIHJvbGU9ImltZyIgeG1sbnM9Imh0dHA6Ly93d3cudzMub3JnLzIwMDAvc3ZnIiB2aWV3Qm94PSIwIDAgNTEyIDUxMiIgc3R5bGU9ImZpbGw6ICMzMzMzMzMgIWltcG9ydGFudDsgY29sb3I6ICMzMzMzMzMgIWltcG9ydGFudDt0cmFuc2Zvcm06IHJvdGF0ZShkZWcpICFpbXBvcnRhbnQ7Ij48cGF0aCBmaWxsPSIjMzMzMzMzIiBkPSJNMTczLjg5OCA0MzkuNDA0bC0xNjYuNC0xNjYuNGMtOS45OTctOS45OTctOS45OTctMjYuMjA2IDAtMzYuMjA0bDM2LjIwMy0zNi4yMDRjOS45OTctOS45OTggMjYuMjA3LTkuOTk4IDM2LjIwNCAwTDE5MiAzMTIuNjkgNDMyLjA5NSA3Mi41OTZjOS45OTctOS45OTcgMjYuMjA3LTkuOTk3IDM2LjIwNCAwbDM2LjIwMyAzNi4yMDRjOS45OTcgOS45OTcgOS45OTcgMjYuMjA2IDAgMzYuMjA0bC0yOTQuNCAyOTQuNDAxYy05Ljk5OCA5Ljk5Ny0yNi4yMDcgOS45OTctMzYuMjA0LS4wMDF6IiBzdHJva2U9IiMzMzMzMzMiIHN0eWxlPSJmaWxsOiByZ2IoNTEsIDUxLCA1MSk7IHN0cm9rZTogcmdiKDUxLCA1MSwgNTEpOyIvPjwvc3ZnPg==') !important}.stk-b06a9d7 ul li:nth-child(4){list-style-image:url('data:image\/svg+xml;base64,PHN2ZyBhcmlhLWhpZGRlbj0idHJ1ZSIgZGF0YS1wcmVmaXg9ImZhcyIgZGF0YS1pY29uPSJjaGVjayIgY2xhc3M9InN2Zy1pbmxpbmUtLWZhIGZhLWNoZWNrIGZhLXctMTYiIHJvbGU9ImltZyIgeG1sbnM9Imh0dHA6Ly93d3cudzMub3JnLzIwMDAvc3ZnIiB2aWV3Qm94PSIwIDAgNTEyIDUxMiIgc3R5bGU9ImZpbGw6ICMzMzMzMzMgIWltcG9ydGFudDsgY29sb3I6ICMzMzMzMzMgIWltcG9ydGFudDt0cmFuc2Zvcm06IHJvdGF0ZShkZWcpICFpbXBvcnRhbnQ7Ij48cGF0aCBmaWxsPSIjMzMzMzMzIiBkPSJNMTczLjg5OCA0MzkuNDA0bC0xNjYuNC0xNjYuNGMtOS45OTctOS45OTctOS45OTctMjYuMjA2IDAtMzYuMjA0bDM2LjIwMy0zNi4yMDRjOS45OTctOS45OTggMjYuMjA3LTkuOTk4IDM2LjIwNCAwTDE5MiAzMTIuNjkgNDMyLjA5NSA3Mi41OTZjOS45OTctOS45OTcgMjYuMjA3LTkuOTk3IDM2LjIwNCAwbDM2LjIwMyAzNi4yMDRjOS45OTcgOS45OTcgOS45OTcgMjYuMjA2IDAgMzYuMjA0bC0yOTQuNCAyOTQuNDAxYy05Ljk5OCA5Ljk5Ny0yNi4yMDcgOS45OTctMzYuMjA0LS4wMDF6IiBzdHJva2U9IiMzMzMzMzMiIHN0eWxlPSJmaWxsOiByZ2IoNTEsIDUxLCA1MSk7IHN0cm9rZTogcmdiKDUxLCA1MSwgNTEpOyIvPjwvc3ZnPg==') !important}.stk-b06a9d7 ul li:nth-child(5){list-style-image:url('data:image\/svg+xml;base64,PHN2ZyBhcmlhLWhpZGRlbj0idHJ1ZSIgZGF0YS1wcmVmaXg9ImZhcyIgZGF0YS1pY29uPSJjaGVjayIgY2xhc3M9InN2Zy1pbmxpbmUtLWZhIGZhLWNoZWNrIGZhLXctMTYiIHJvbGU9ImltZyIgeG1sbnM9Imh0dHA6Ly93d3cudzMub3JnLzIwMDAvc3ZnIiB2aWV3Qm94PSIwIDAgNTEyIDUxMiIgc3R5bGU9ImZpbGw6ICMzMzMzMzMgIWltcG9ydGFudDsgY29sb3I6ICMzMzMzMzMgIWltcG9ydGFudDt0cmFuc2Zvcm06IHJvdGF0ZShkZWcpICFpbXBvcnRhbnQ7Ij48cGF0aCBmaWxsPSIjMzMzMzMzIiBkPSJNMTczLjg5OCA0MzkuNDA0bC0xNjYuNC0xNjYuNGMtOS45OTctOS45OTctOS45OTctMjYuMjA2IDAtMzYuMjA0bDM2LjIwMy0zNi4yMDRjOS45OTctOS45OTggMjYuMjA3LTkuOTk4IDM2LjIwNCAwTDE5MiAzMTIuNjkgNDMyLjA5NSA3Mi41OTZjOS45OTctOS45OTcgMjYuMjA3LTkuOTk3IDM2LjIwNCAwbDM2LjIwMyAzNi4yMDRjOS45OTcgOS45OTcgOS45OTcgMjYuMjA2IDAgMzYuMjA0bC0yOTQuNCAyOTQuNDAxYy05Ljk5OCA5Ljk5Ny0yNi4yMDcgOS45OTctMzYuMjA0LS4wMDF6IiBzdHJva2U9IiMzMzMzMzMiIHN0eWxlPSJmaWxsOiByZ2IoNTEsIDUxLCA1MSk7IHN0cm9rZTogcmdiKDUxLCA1MSwgNTEpOyIvPjwvc3ZnPg==') !important}.stk-b06a9d7 ul li:nth-child(6){list-style-image:url('data:image\/svg+xml;base64,PHN2ZyBhcmlhLWhpZGRlbj0idHJ1ZSIgZGF0YS1wcmVmaXg9ImZhcyIgZGF0YS1pY29uPSJjaGVjayIgY2xhc3M9InN2Zy1pbmxpbmUtLWZhIGZhLWNoZWNrIGZhLXctMTYiIHJvbGU9ImltZyIgeG1sbnM9Imh0dHA6Ly93d3cudzMub3JnLzIwMDAvc3ZnIiB2aWV3Qm94PSIwIDAgNTEyIDUxMiIgc3R5bGU9ImZpbGw6ICMzMzMzMzMgIWltcG9ydGFudDsgY29sb3I6ICMzMzMzMzMgIWltcG9ydGFudDt0cmFuc2Zvcm06IHJvdGF0ZShkZWcpICFpbXBvcnRhbnQ7Ij48cGF0aCBmaWxsPSIjMzMzMzMzIiBkPSJNMTczLjg5OCA0MzkuNDA0bC0xNjYuNC0xNjYuNGMtOS45OTctOS45OTctOS45OTctMjYuMjA2IDAtMzYuMjA0bDM2LjIwMy0zNi4yMDRjOS45OTctOS45OTggMjYuMjA3LTkuOTk4IDM2LjIwNCAwTDE5MiAzMTIuNjkgNDMyLjA5NSA3Mi41OTZjOS45OTctOS45OTcgMjYuMjA3LTkuOTk3IDM2LjIwNCAwbDM2LjIwMyAzNi4yMDRjOS45OTcgOS45OTcgOS45OTcgMjYuMjA2IDAgMzYuMjA0bC0yOTQuNCAyOTQuNDAxYy05Ljk5OCA5Ljk5Ny0yNi4yMDcgOS45OTctMzYuMjA0LS4wMDF6IiBzdHJva2U9IiMzMzMzMzMiIHN0eWxlPSJmaWxsOiByZ2IoNTEsIDUxLCA1MSk7IHN0cm9rZTogcmdiKDUxLCA1MSwgNTEpOyIvPjwvc3ZnPg==') !important}.stk-b06a9d7 ul li:nth-child(7){list-style-image:url('data:image\/svg+xml;base64,PHN2ZyBhcmlhLWhpZGRlbj0idHJ1ZSIgZGF0YS1wcmVmaXg9ImZhcyIgZGF0YS1pY29uPSJjaGVjayIgY2xhc3M9InN2Zy1pbmxpbmUtLWZhIGZhLWNoZWNrIGZhLXctMTYiIHJvbGU9ImltZyIgeG1sbnM9Imh0dHA6Ly93d3cudzMub3JnLzIwMDAvc3ZnIiB2aWV3Qm94PSIwIDAgNTEyIDUxMiIgc3R5bGU9ImZpbGw6ICMzMzMzMzMgIWltcG9ydGFudDsgY29sb3I6ICMzMzMzMzMgIWltcG9ydGFudDt0cmFuc2Zvcm06IHJvdGF0ZShkZWcpICFpbXBvcnRhbnQ7Ij48cGF0aCBmaWxsPSIjMzMzMzMzIiBkPSJNMTczLjg5OCA0MzkuNDA0bC0xNjYuNC0xNjYuNGMtOS45OTctOS45OTctOS45OTctMjYuMjA2IDAtMzYuMjA0bDM2LjIwMy0zNi4yMDRjOS45OTctOS45OTggMjYuMjA3LTkuOTk4IDM2LjIwNCAwTDE5MiAzMTIuNjkgNDMyLjA5NSA3Mi41OTZjOS45OTctOS45OTcgMjYuMjA3LTkuOTk3IDM2LjIwNCAwbDM2LjIwMyAzNi4yMDRjOS45OTcgOS45OTcgOS45OTcgMjYuMjA2IDAgMzYuMjA0bC0yOTQuNCAyOTQuNDAxYy05Ljk5OCA5Ljk5Ny0yNi4yMDcgOS45OTctMzYuMjA0LS4wMDF6IiBzdHJva2U9IiMzMzMzMzMiIHN0eWxlPSJmaWxsOiByZ2IoNTEsIDUxLCA1MSk7IHN0cm9rZTogcmdiKDUxLCA1MSwgNTEpOyIvPjwvc3ZnPg==') !important}.stk-b06a9d7 li{padding-inline-start:5px !important}.stk-b06a9d7 ul li{list-style-image:url('data:image\/svg+xml;base64,undefined') !important}.stk-b06a9d7 li::marker{color:#333333 !important}<\/style><ul><li>CRB Business Checking<\/li><li>Verifica\u00e7\u00e3o de neg\u00f3cios relacionados<\/li><li>Banca de neg\u00f3cios online e m\u00f3vel<\/li><li>Captura remota de dep\u00f3sitos<\/li><li>Transac\u00e7\u00f5es ACH<\/li><li>Transfer\u00eancias banc\u00e1rias online<\/li><li>Employee Bank at Work (Um programa para os propriet\u00e1rios e funcion\u00e1rios do CRB utilizarem o BayCoast Bank para as suas necessidades pessoais).<\/li><\/ul><\/div>\n\n\n\n<h4 class=\"wp-block-heading\">Configurar as tuas contas CRB<\/h4>\n\n\n\n<p>Quando faz uma parceria com o BayCoast Bank, trabalha com especialistas que se especializam em prestar servi\u00e7os a empresas relacionadas com a can\u00e1bis. Prestaram assist\u00eancia a uma s\u00e9rie de empresas como a tua e podem ajudar-te a ultrapassar os desafios legais e de conformidade. Com a sua ajuda, a cria\u00e7\u00e3o das tuas contas \u00e9 mais f\u00e1cil do que pensavas.<\/p>\n\n\n\n<h4 class=\"wp-block-heading\">Comece, hoje mesmo, a sua jornada CRB<\/h4>\n\n\n\n<p>Independentemente da fase em que se encontra o teu neg\u00f3cio relacionado com a can\u00e1bis em Massachusetts ou Rhode Island, o BayCoast oferece todas as ferramentas banc\u00e1rias de que precisas para teres sucesso. Entra em contacto connosco hoje mesmo para marcar uma primeira conversa, e n\u00f3s guiar-te-emos pelos passos para constru\u00edres um futuro mais forte!<\/p>\n<\/div><\/div><\/div>\n<\/div><\/div>\n\n<a name=\"contactus\"><\/a>\n<a href=\"#contactus\"> <\/a>\n\n<div class=\"wp-block-stackable-columns stk-block-columns stk-block stk-1e02f1f\" data-block-id=\"1e02f1f\"><style>.stk-1e02f1f{margin-bottom:25px !important}<\/style><div class=\"stk-row stk-inner-blocks stk-block-content stk-content-align stk-1e02f1f-column\">\n<div class=\"wp-block-stackable-column stk-block-column stk-column stk-block stk-40831ed\" data-v=\"4\" data-block-id=\"40831ed\"><style>.stk-40831ed-container{background-color:#18428f !important}.stk-40831ed-container:before{background-color:#18428f !important}<\/style><div class=\"stk-column-wrapper stk-block-column__content stk-container stk-40831ed-container stk-hover-parent\"><div class=\"stk-block-content stk-inner-blocks stk-40831ed-inner-blocks\">\n<div class=\"wp-block-stackable-heading stk-block-heading stk-block-heading--v2 stk-block stk-89842ad\" id=\"span-style-color-ffffff-class-stk-highlight-if-youre-a-cannabis-related-business-trust-a-bank-with-a-proven-track-record-of-experience-trust-bay-coast-bank-span\" data-block-id=\"89842ad\"><style>.stk-89842ad{max-width:52% !important;margin-right:auto !important;margin-bottom:0px !important;margin-left:auto !important}@media screen and (max-width:767px){.stk-89842ad{max-width:75% !important}}<\/style><h4 class=\"stk-block-heading__text has-text-align-left stk-block-heading--use-theme-margins\"><span style=\"color: #ffffff\" class=\"stk-highlight\">Se \u00e9s um neg\u00f3cio relacionado com a can\u00e1bis, confia num banco com um historial de experi\u00eancia comprovada.\nConfia no BayCoast Bank.   <\/span><\/h4><\/div>\n<\/div><\/div><\/div>\n<\/div><\/div>\n\n<div class=\"wp-block-stackable-columns stk-block-columns stk-block stk-a358dd6\" data-block-id=\"a358dd6\"><style>.stk-a358dd6{max-width:50% !important;margin-right:auto !important;margin-left:auto !important}@media screen and (max-width:767px){.stk-a358dd6{max-width:75% !important}}<\/style><div class=\"stk-row stk-inner-blocks stk-block-content stk-content-align stk-a358dd6-column\">\n<div class=\"wp-block-stackable-column stk-block-column stk-column stk-block stk-d990e39\" data-v=\"4\" data-block-id=\"d990e39\"><div class=\"stk-column-wrapper stk-block-column__content stk-container stk-d990e39-container stk--no-background stk--no-padding\"><div class=\"stk-block-content stk-inner-blocks stk-d990e39-inner-blocks\">\n<div class=\"wp-block-stackable-heading stk-block-heading stk-block-heading--v2 stk-block stk-330cf36\" id=\"strong-contact-us-today-strong\" data-block-id=\"330cf36\"><style>.stk-330cf36{margin-bottom:15px !important;top:15px !important}.stk-330cf36 .stk-block-heading__text{color:#fbad18 !important}<\/style><h3 class=\"stk-block-heading__text has-text-color stk-block-heading--use-theme-margins\"><strong>Contacte-nos agora<\/strong><\/h3><\/div>\n\n\n\n<p><svg xmlns=\"http:\/\/www.w3.org\/2000\/svg\" width=\"16\" height=\"16\" viewbox=\"0 0 24 24\"><path d=\"M20 4H4c-1.103 0-2 .897-2 2v12c0 1.103.897 2 2 2h16c1.103 0 2-.897 2-2V6c0-1.103-.897-2-2-2zm0 2v.511l-8 6.223-8-6.222V6h16zM4 18V9.044l7.386 5.745a.994.994 0 0 0 1.228 0L20 9.044 20.002 18H4z\"><\/path><\/svg>   CRBDepartment@baycoastbank.com<br\/><svg xmlns=\"http:\/\/www.w3.org\/2000\/svg\" width=\"16\" height=\"16\" viewbox=\"0 0 24 24\"><path d=\"M17.707 12.293a.999.999 0 0 0-1.414 0l-1.594 1.594c-.739-.22-2.118-.72-2.992-1.594s-1.374-2.253-1.594-2.992l1.594-1.594a.999.999 0 0 0 0-1.414l-4-4a.999.999 0 0 0-1.414 0L3.581 5.005c-.38.38-.594.902-.586 1.435.023 1.424.4 6.37 4.298 10.268s8.844 4.274 10.269 4.298h.028c.528 0 1.027-.208 1.405-.586l2.712-2.712a.999.999 0 0 0 0-1.414l-4-4.001zm-.127 6.712c-1.248-.021-5.518-.356-8.873-3.712-3.366-3.366-3.692-7.651-3.712-8.874L7 4.414 9.586 7 8.293 8.293a1 1 0 0 0-.272.912c.024.115.611 2.842 2.271 4.502s4.387 2.247 4.502 2.271a.991.991 0 0 0 .912-.271L17 14.414 19.586 17l-2.006 2.005z\"><\/path><\/svg> 508-996-7718  <\/p>\n<\/div><\/div><\/div>\n\n\n\n<div class=\"wp-block-stackable-column stk-block-column stk-column stk-block stk-c5066e2\" data-v=\"4\" data-block-id=\"c5066e2\"><style>.stk-c5066e2{margin-top:-2% !important}@media screen and (max-width:767px){.stk-c5066e2{top:-40px !important}}<\/style><div class=\"stk-column-wrapper stk-block-column__content stk-container stk-c5066e2-container stk--no-background stk--no-padding\"><div class=\"stk-block-content stk-inner-blocks stk-c5066e2-inner-blocks\"><\/div><\/div><\/div>\n<\/div><\/div>\n","protected":false},"excerpt":{"rendered":"<p>A Nova Inglaterra est\u00e1 a estabelecer progressivamente a sua posi\u00e7\u00e3o no panorama da marijuana legalizada. Tendo inicialmente aprovado a marijuana medicinal em 2016, Massachusetts tornou-se um dos primeiros estados a legalizar a marijuana recreativa em 2018. Rhode Island legalizou a marijuana medicinal pela primeira vez em 2006 e aprovou o uso recreativo em 2022. \u00c0 [&hellip;]<\/p>\n","protected":false},"author":13,"featured_media":10769,"parent":7203,"menu_order":13,"comment_status":"closed","ping_status":"closed","template":"","meta":{"_acf_changed":false,"inline_featured_image":false,"footnotes":""},"class_list":["post-10871","page","type-page","status-publish","has-post-thumbnail","hentry"],"acf":[],"featured_image_urls_v2":{"full":["https:\/\/baycoast.bank\/wp-content\/uploads\/2023\/10\/Banking-For-Cannabis-Related-Businesses.jpg",1920,600,false],"thumbnail":["https:\/\/baycoast.bank\/wp-content\/uploads\/2023\/10\/Banking-For-Cannabis-Related-Businesses-150x150.jpg",150,150,true],"medium":["https:\/\/baycoast.bank\/wp-content\/uploads\/2023\/10\/Banking-For-Cannabis-Related-Businesses-300x94.jpg",300,94,true],"medium_large":["https:\/\/baycoast.bank\/wp-content\/uploads\/2023\/10\/Banking-For-Cannabis-Related-Businesses-768x240.jpg",768,240,true],"large":["https:\/\/baycoast.bank\/wp-content\/uploads\/2023\/10\/Banking-For-Cannabis-Related-Businesses-1024x320.jpg",1024,320,true],"1536x1536":["https:\/\/baycoast.bank\/wp-content\/uploads\/2023\/10\/Banking-For-Cannabis-Related-Businesses-1536x480.jpg",1536,480,true],"2048x2048":["https:\/\/baycoast.bank\/wp-content\/uploads\/2023\/10\/Banking-For-Cannabis-Related-Businesses.jpg",1920,600,false]},"post_excerpt_stackable_v2":"<p>Servi\u00e7os banc\u00e1rios de cannabis em MA e RI Banca para empresas relacionadas com a can\u00e1bis A Nova Inglaterra est\u00e1 a estabelecer progressivamente a sua posi\u00e7\u00e3o no panorama da marijuana legalizada. Tendo inicialmente aprovado a marijuana medicinal em 2016, Massachusetts tornou-se um dos primeiros estados a legalizar a marijuana recreativa em 2018. Rhode Island legalizou a marijuana medicinal pela primeira vez em 2006 e aprovou o uso recreativo em 2022. \u00c0 medida que um n\u00famero crescente de estados dos EUA adopta legisla\u00e7\u00e3o semelhante, as ind\u00fastrias de Massachusetts e Rhode Island servem de refer\u00eancia para o desenvolvimento futuro. Mas, ao contr\u00e1rio da&hellip;<\/p>\n","category_list_v2":"","author_info_v2":{"name":"","url":"https:\/\/baycoast.bank\/pt-pt\/author\/"},"comments_num_v2":"0 comments","publishpress_future_action":{"enabled":false,"date":"2026-04-23 22:00:39","action":"change-status","newStatus":"draft","terms":[],"taxonomy":"translation_priority","extraData":[]},"publishpress_future_workflow_manual_trigger":{"enabledWorkflows":[]},"_links":{"self":[{"href":"https:\/\/baycoast.bank\/pt-pt\/wp-json\/wp\/v2\/pages\/10871","targetHints":{"allow":["GET"]}}],"collection":[{"href":"https:\/\/baycoast.bank\/pt-pt\/wp-json\/wp\/v2\/pages"}],"about":[{"href":"https:\/\/baycoast.bank\/pt-pt\/wp-json\/wp\/v2\/types\/page"}],"author":[{"embeddable":true,"href":"https:\/\/baycoast.bank\/pt-pt\/wp-json\/wp\/v2\/users\/13"}],"replies":[{"embeddable":true,"href":"https:\/\/baycoast.bank\/pt-pt\/wp-json\/wp\/v2\/comments?post=10871"}],"version-history":[{"count":0,"href":"https:\/\/baycoast.bank\/pt-pt\/wp-json\/wp\/v2\/pages\/10871\/revisions"}],"up":[{"embeddable":true,"href":"https:\/\/baycoast.bank\/pt-pt\/wp-json\/wp\/v2\/pages\/7203"}],"wp:featuredmedia":[{"embeddable":true,"href":"https:\/\/baycoast.bank\/pt-pt\/wp-json\/wp\/v2\/media\/10769"}],"wp:attachment":[{"href":"https:\/\/baycoast.bank\/pt-pt\/wp-json\/wp\/v2\/media?parent=10871"}],"curies":[{"name":"wp","href":"https:\/\/api.w.org\/{rel}","templated":true}]}}