{"id":10881,"date":"2023-10-11T16:51:34","date_gmt":"2023-10-11T20:51:34","guid":{"rendered":"https:\/\/baycoast.bank\/servicos-bancarios-para-a-canabis\/solucoes-bancarias-para-empresas-de-canabis\/"},"modified":"2024-07-25T10:15:11","modified_gmt":"2024-07-25T14:15:11","slug":"solucoes-bancarias-para-empresas-de-canabis","status":"publish","type":"page","link":"https:\/\/baycoast.bank\/pt-pt\/servicos-bancarios-para-a-canabis\/solucoes-bancarias-para-empresas-de-canabis\/","title":{"rendered":"Banca de can\u00e1bis para empresas"},"content":{"rendered":"<div class=\"lazyblock-interior-hero-Z2kb5D wp-block-lazyblock-interior-hero\">\n<div class=\"section hero\">\n\t<div class=\"backing parallaxContainer\">\n\t\t<div class=\"backing\" style=\"background-image: url(https:\/\/baycoast.bank\/wp-content\/uploads\/2023\/10\/CRB-1.png\" role=\"img\" aria-label=\"Hero Image\"><\/div>\n\t<\/div>\n\n\t<div class=\"heroContent\">\n\t\t<div class=\"plusPlus blue\" ><\/div>\n\t\t\n\t\t<div class=\"heroWrapper\">\n\t\t\t<div class=\"heroBlock bgWhite\">\n\t\t\t\t\n\t\t\t\t<div class=\"heroBlockHeadline\">\n\n\t\t\t\t\t\t\t\t\t\t\t<div class=\"categories flex\" style=\"justify-content: flex-start;\">\n\t\t\t\t\t\t\t<div class=\"h6\">\n\n\t\t\t\t\t\t\t  \t\t\t\t\t\t\t\t    \t<a href=\"https:\/\/baycoast.bank\/pt-pt\/servicos-bancarios-para-a-canabis\/\">Servi\u00e7os banc\u00e1rios de cannabis em MA e RI<\/a>\n\t\t\t\t\t\t\t    \t\t\t\t\t\t\t  \n\t\t\t\t\t\t\t<\/div>\n\t\t\t\t\t\t\t\n\t\t\t\t\t\t\t\t\t\t\t\t\t<\/div>\n\t\t\t\t\t\t\t\t\t\t\n\t\t\t\t\t<h1 class=\"blue\">Banca de can\u00e1bis para empresas<\/h1>\n\t\t\t\t<\/div>\n\t\t\t<\/div>\n\t\t\t    \t\n\t\t\t\n\t\t<\/div>\n\t<\/div>\n<\/div> \n\n<div class=\"spacer\"><\/div><\/div>\n<div class=\"wp-block-stackable-columns stk-block-columns stk-block stk-53c354a\" data-block-id=\"53c354a\"><style>.stk-53c354a{max-width:50% !important;margin-right:auto !important;margin-bottom:50px !important;margin-left:auto !important}@media screen and (max-width:767px){.stk-53c354a{max-width:75% !important}}<\/style><div class=\"stk-row stk-inner-blocks stk-block-content stk-content-align stk-53c354a-column\">\n<div class=\"wp-block-stackable-column stk-block-column stk-column stk-block stk-d913bee\" data-v=\"4\" data-block-id=\"d913bee\"><div class=\"stk-column-wrapper stk-block-column__content stk-container stk-d913bee-container stk--no-background stk--no-padding\"><div class=\"stk-block-content stk-inner-blocks stk-d913bee-inner-blocks\">\n<div class=\"wp-block-stackable-spacer stk-block-spacer stk--no-padding stk-block stk-c50b6f6\" data-block-id=\"c50b6f6\"><style>.stk-c50b6f6{height:25px !important}<\/style><\/div>\n\n\n\n<p>Quando as empresas de Massachusetts e Rhode Island procuram tirar o m\u00e1ximo partido da legaliza\u00e7\u00e3o da can\u00e1bis em todo o estado, deparam-se frequentemente com obst\u00e1culos no que diz respeito \u00e0s suas op\u00e7\u00f5es banc\u00e1rias. As empresas de can\u00e1bis t\u00eam dificuldade em garantir os seus ganhos devido \u00e0 incapacidade ou hesita\u00e7\u00e3o de muitos bancos em oferecer apoio, em grande parte devido aos regulamentos federais existentes.<\/p>\n\n\n\n<p>Como apoiante de longa data das empresas locais, a BayCoast orgulha-se de apoiar os propriet\u00e1rios de empresas de can\u00e1bis. Pens\u00e1mos em explorar alguns dos obst\u00e1culos que as empresas enfrentam quando iniciam o seu neg\u00f3cio relacionado com a can\u00e1bis e explicar como a BayCoast pode ajudar-te a evit\u00e1-los.<\/p>\n\n\n\n<div class=\"wp-block-stackable-spacer stk-block-spacer stk--no-padding stk-block stk-e7084ea\" data-block-id=\"e7084ea\"><style>.stk-e7084ea{height:5px !important}<\/style><\/div>\n\n\n\n<div class=\"wp-block-stackable-spacer stk-block-spacer stk--no-padding stk-block stk-2a29e69\" data-block-id=\"2a29e69\"><style>.stk-2a29e69{height:25px !important}<\/style><\/div>\n\n\n\n<h4 class=\"wp-block-heading\">Iniciar um neg\u00f3cio relacionado com a can\u00e1bis<\/h4>\n\n\n\n<p>Para iniciares o teu neg\u00f3cio relacionado com a can\u00e1bis (abreviado como CRB), ter\u00e1s de obter o licenciamento adequado. \u00c0 medida que o sector cresce, obter uma licen\u00e7a e garantir a conformidade pode tornar-se um processo cada vez mais moroso. Felizmente, BayCoast pode ajudar-te, independentemente da fase do processo em que te encontres.  <\/p>\n\n\n\n<h4 class=\"wp-block-heading\">Conformidade empresarial CRB<\/h4>\n\n\n\n<p>Navegar no panorama regulamentar dos CRBs pode ser uma tarefa dif\u00edcil para os propriet\u00e1rios de empresas. Sem uma equipa para te ajudar, garantir a conformidade com os munic\u00edpios locais e outras ag\u00eancias pode parecer quase imposs\u00edvel.  <\/p>\n\n\n\n<p>\u00c9 por isso que a BayCoast tem especialistas internos dedicados a ajudar os CRBs a atingir os seus objectivos.\nQuando falas com os especialistas da nossa divis\u00e3o de <a href=\"https:\/\/baycoast.bank\/pt-pt\/servicos-bancarios-para-a-canabis\/\">neg\u00f3cios relacionados com a can\u00e1bis<\/a>, eles podem ajudar-te a navegar no desafiante ambiente regulamentar. <\/p>\n\n\n\n<h4 class=\"wp-block-heading\">Servi\u00e7os banc\u00e1rios de cannabis<\/h4>\n\n\n\n<p>Enquanto alguns bancos podem oferecer servi\u00e7os limitados para os CRBs, o BayCoast est\u00e1 empenhado em fornecer um conjunto abrangente de servi\u00e7os banc\u00e1rios para empresas \u00e0 nossa clientela CRB. Para al\u00e9m da nossa equipa CRB dedicada, os clientes tamb\u00e9m beneficiam de in\u00fameros servi\u00e7os que simplificam o percurso empresarial.  <\/p>\n\n\n\n<p>A nossa gama de servi\u00e7os inclui op\u00e7\u00f5es como CRB Business Checking, Processamento de Moedas e Divisas, Captura Remota de Dep\u00f3sitos, processamento de ACH e de transfer\u00eancias electr\u00f3nicas, e muito mais. Al\u00e9m disso, atrav\u00e9s do nosso portal banc\u00e1rio digital simplificado, a gest\u00e3o de todas as tuas contas empresariais torna-se f\u00e1cil e conveniente.<\/p>\n\n\n\n<h4 class=\"wp-block-heading\">Estamos prontos para apoiar o teu neg\u00f3cio de can\u00e1bis<\/h4>\n\n\n\n<p>Se geres um CRB (ou est\u00e1s a planear come\u00e7ar um em breve), n\u00e3o hesites em <a href=\"https:\/\/baycoast.bank\/pt-pt\/servicos-bancarios-para-a-canabis\/#contactus\">contactar-nos<\/a> e deixar que a nossa equipa de especialistas em CRB te apoie no teu percurso.\nEstamos ansiosos por ver como ser\u00e1 o futuro desta ind\u00fastria e esperamos que te juntes a n\u00f3s para ajudar a mold\u00e1-lo! <\/p>\n<\/div><\/div><\/div>\n<\/div><\/div>\n\n<a name=\"contactus\"><\/a>\n<a href=\"#contactus\"> <\/a>\n\n<div class=\"wp-block-stackable-columns stk-block-columns stk-block stk-1e02f1f\" data-block-id=\"1e02f1f\"><style>.stk-1e02f1f{margin-bottom:25px !important}<\/style><div class=\"stk-row stk-inner-blocks stk-block-content stk-content-align stk-1e02f1f-column\">\n<div class=\"wp-block-stackable-column stk-block-column stk-column stk-block stk-40831ed\" data-v=\"4\" data-block-id=\"40831ed\"><style>.stk-40831ed-container{background-color:#18428f !important}.stk-40831ed-container:before{background-color:#18428f !important}<\/style><div class=\"stk-column-wrapper stk-block-column__content stk-container stk-40831ed-container stk-hover-parent\"><div class=\"stk-block-content stk-inner-blocks stk-40831ed-inner-blocks\">\n<div class=\"wp-block-stackable-heading stk-block-heading stk-block-heading--v2 stk-block stk-89842ad\" id=\"span-style-color-ffffff-class-stk-highlight-if-youre-a-cannabis-related-business-trust-a-bank-with-a-proven-track-record-of-experience-nbsp-trust-bay-coast-bank-nbsp-span\" data-block-id=\"89842ad\"><style>.stk-89842ad{max-width:52% !important;margin-right:auto !important;margin-bottom:0px !important;margin-left:auto !important}@media screen and (max-width:767px){.stk-89842ad{max-width:75% !important}}<\/style><h4 class=\"stk-block-heading__text has-text-align-left stk-block-heading--use-theme-margins\"><span style=\"color: #ffffff\" class=\"stk-highlight\">Se \u00e9s um neg\u00f3cio relacionado com a can\u00e1bis, confia num banco com um historial de experi\u00eancia comprovada.\nConfia no BayCoast Bank.   <\/span><\/h4><\/div>\n<\/div><\/div><\/div>\n<\/div><\/div>\n\n<div class=\"wp-block-stackable-columns stk-block-columns stk-block stk-a358dd6\" data-block-id=\"a358dd6\"><style>.stk-a358dd6{max-width:50% !important;margin-right:auto !important;margin-left:auto !important}@media screen and (max-width:767px){.stk-a358dd6{max-width:75% !important}}<\/style><div class=\"stk-row stk-inner-blocks stk-block-content stk-content-align stk-a358dd6-column\">\n<div class=\"wp-block-stackable-column stk-block-column stk-column stk-block stk-d990e39\" data-v=\"4\" data-block-id=\"d990e39\"><div class=\"stk-column-wrapper stk-block-column__content stk-container stk-d990e39-container stk--no-background stk--no-padding\"><div class=\"stk-block-content stk-inner-blocks stk-d990e39-inner-blocks\">\n<div class=\"wp-block-stackable-heading stk-block-heading stk-block-heading--v2 stk-block stk-330cf36\" id=\"strong-contact-us-today-strong\" data-block-id=\"330cf36\"><style>.stk-330cf36{margin-bottom:15px !important;top:15px !important}.stk-330cf36 .stk-block-heading__text{color:#fbad18 !important}<\/style><h3 class=\"stk-block-heading__text has-text-color stk-block-heading--use-theme-margins\"><strong>Contacte-nos agora<\/strong><\/h3><\/div>\n\n\n\n<p><svg xmlns=\"http:\/\/www.w3.org\/2000\/svg\" width=\"16\" height=\"16\" viewbox=\"0 0 24 24\"><path d=\"M20 4H4c-1.103 0-2 .897-2 2v12c0 1.103.897 2 2 2h16c1.103 0 2-.897 2-2V6c0-1.103-.897-2-2-2zm0 2v.511l-8 6.223-8-6.222V6h16zM4 18V9.044l7.386 5.745a.994.994 0 0 0 1.228 0L20 9.044 20.002 18H4z\"><\/path><\/svg>   CRBDepartment@baycoastbank.com<br\/><svg xmlns=\"http:\/\/www.w3.org\/2000\/svg\" width=\"16\" height=\"16\" viewbox=\"0 0 24 24\"><path d=\"M17.707 12.293a.999.999 0 0 0-1.414 0l-1.594 1.594c-.739-.22-2.118-.72-2.992-1.594s-1.374-2.253-1.594-2.992l1.594-1.594a.999.999 0 0 0 0-1.414l-4-4a.999.999 0 0 0-1.414 0L3.581 5.005c-.38.38-.594.902-.586 1.435.023 1.424.4 6.37 4.298 10.268s8.844 4.274 10.269 4.298h.028c.528 0 1.027-.208 1.405-.586l2.712-2.712a.999.999 0 0 0 0-1.414l-4-4.001zm-.127 6.712c-1.248-.021-5.518-.356-8.873-3.712-3.366-3.366-3.692-7.651-3.712-8.874L7 4.414 9.586 7 8.293 8.293a1 1 0 0 0-.272.912c.024.115.611 2.842 2.271 4.502s4.387 2.247 4.502 2.271a.991.991 0 0 0 .912-.271L17 14.414 19.586 17l-2.006 2.005z\"><\/path><\/svg> 508-996-7718  <\/p>\n<\/div><\/div><\/div>\n\n\n\n<div class=\"wp-block-stackable-column stk-block-column stk-column stk-block stk-c5066e2\" data-v=\"4\" data-block-id=\"c5066e2\"><style>.stk-c5066e2{margin-top:-2% !important}@media screen and (max-width:767px){.stk-c5066e2{top:-40px !important}}<\/style><div class=\"stk-column-wrapper stk-block-column__content stk-container stk-c5066e2-container stk--no-background stk--no-padding\"><div class=\"stk-block-content stk-inner-blocks stk-c5066e2-inner-blocks\"><\/div><\/div><\/div>\n<\/div><\/div>\n","protected":false},"excerpt":{"rendered":"<p>Quando as empresas de Massachusetts e Rhode Island procuram tirar o m\u00e1ximo partido da legaliza\u00e7\u00e3o da can\u00e1bis em todo o estado, deparam-se frequentemente com obst\u00e1culos no que diz respeito \u00e0s suas op\u00e7\u00f5es banc\u00e1rias. As empresas de can\u00e1bis t\u00eam dificuldade em garantir os seus ganhos devido \u00e0 incapacidade ou hesita\u00e7\u00e3o de muitos bancos em oferecer apoio, [&hellip;]<\/p>\n","protected":false},"author":13,"featured_media":10696,"parent":7203,"menu_order":13,"comment_status":"closed","ping_status":"closed","template":"","meta":{"_acf_changed":false,"inline_featured_image":false,"footnotes":""},"class_list":["post-10881","page","type-page","status-publish","has-post-thumbnail","hentry"],"acf":[],"featured_image_urls_v2":{"full":["https:\/\/baycoast.bank\/wp-content\/uploads\/2023\/10\/CRB-1.png",1920,600,false],"thumbnail":["https:\/\/baycoast.bank\/wp-content\/uploads\/2023\/10\/CRB-1-150x150.png",150,150,true],"medium":["https:\/\/baycoast.bank\/wp-content\/uploads\/2023\/10\/CRB-1-300x94.png",300,94,true],"medium_large":["https:\/\/baycoast.bank\/wp-content\/uploads\/2023\/10\/CRB-1-768x240.png",768,240,true],"large":["https:\/\/baycoast.bank\/wp-content\/uploads\/2023\/10\/CRB-1-1024x320.png",1024,320,true],"1536x1536":["https:\/\/baycoast.bank\/wp-content\/uploads\/2023\/10\/CRB-1-1536x480.png",1536,480,true],"2048x2048":["https:\/\/baycoast.bank\/wp-content\/uploads\/2023\/10\/CRB-1.png",1920,600,false]},"post_excerpt_stackable_v2":"<p>Servi\u00e7os banc\u00e1rios de cannabis em MA e RI Banca de can\u00e1bis para empresas Quando as empresas de Massachusetts e Rhode Island procuram tirar o m\u00e1ximo partido da legaliza\u00e7\u00e3o da can\u00e1bis em todo o estado, deparam-se frequentemente com obst\u00e1culos no que diz respeito \u00e0s suas op\u00e7\u00f5es banc\u00e1rias. As empresas de can\u00e1bis t\u00eam dificuldade em garantir os seus ganhos devido \u00e0 incapacidade ou hesita\u00e7\u00e3o de muitos bancos em oferecer apoio, em grande parte devido aos regulamentos federais existentes. Como apoiante de longa data das empresas locais, a BayCoast orgulha-se de apoiar os propriet\u00e1rios de empresas de can\u00e1bis. Pens\u00e1mos em explorar alguns dos&hellip;<\/p>\n","category_list_v2":"","author_info_v2":{"name":"","url":"https:\/\/baycoast.bank\/pt-pt\/author\/"},"comments_num_v2":"0 comments","publishpress_future_action":{"enabled":false,"date":"2026-05-20 14:14:08","action":"change-status","newStatus":"draft","terms":[],"taxonomy":"translation_priority","extraData":[]},"publishpress_future_workflow_manual_trigger":{"enabledWorkflows":[]},"_links":{"self":[{"href":"https:\/\/baycoast.bank\/pt-pt\/wp-json\/wp\/v2\/pages\/10881","targetHints":{"allow":["GET"]}}],"collection":[{"href":"https:\/\/baycoast.bank\/pt-pt\/wp-json\/wp\/v2\/pages"}],"about":[{"href":"https:\/\/baycoast.bank\/pt-pt\/wp-json\/wp\/v2\/types\/page"}],"author":[{"embeddable":true,"href":"https:\/\/baycoast.bank\/pt-pt\/wp-json\/wp\/v2\/users\/13"}],"replies":[{"embeddable":true,"href":"https:\/\/baycoast.bank\/pt-pt\/wp-json\/wp\/v2\/comments?post=10881"}],"version-history":[{"count":0,"href":"https:\/\/baycoast.bank\/pt-pt\/wp-json\/wp\/v2\/pages\/10881\/revisions"}],"up":[{"embeddable":true,"href":"https:\/\/baycoast.bank\/pt-pt\/wp-json\/wp\/v2\/pages\/7203"}],"wp:featuredmedia":[{"embeddable":true,"href":"https:\/\/baycoast.bank\/pt-pt\/wp-json\/wp\/v2\/media\/10696"}],"wp:attachment":[{"href":"https:\/\/baycoast.bank\/pt-pt\/wp-json\/wp\/v2\/media?parent=10881"}],"curies":[{"name":"wp","href":"https:\/\/api.w.org\/{rel}","templated":true}]}}