{"id":11702,"date":"2023-11-13T13:13:37","date_gmt":"2023-11-13T18:13:37","guid":{"rendered":"https:\/\/baycoast.bank\/servicos-bancarios-para-a-canabis\/solucoes-bancarias-para-o-negocio-da-canabis\/"},"modified":"2024-07-24T15:37:22","modified_gmt":"2024-07-24T19:37:22","slug":"solucoes-bancarias-para-o-negocio-da-canabis","status":"publish","type":"page","link":"https:\/\/baycoast.bank\/pt-pt\/servicos-bancarios-para-a-canabis\/solucoes-bancarias-para-o-negocio-da-canabis\/","title":{"rendered":"Banca como neg\u00f3cio de can\u00e1bis"},"content":{"rendered":"<div class=\"lazyblock-interior-hero-Z2kb5D wp-block-lazyblock-interior-hero\">\n<div class=\"section hero\">\n\t<div class=\"backing parallaxContainer\">\n\t\t<div class=\"backing\" style=\"background-image: url(https:\/\/baycoast.bank\/wp-content\/uploads\/2023\/11\/Banking-as-a-Cannabis-Business-Hero-.jpg\" role=\"img\" aria-label=\"Hero Image\"><\/div>\n\t<\/div>\n\n\t<div class=\"heroContent\">\n\t\t<div class=\"plusPlus blue\" ><\/div>\n\t\t\n\t\t<div class=\"heroWrapper\">\n\t\t\t<div class=\"heroBlock bgWhite\">\n\t\t\t\t\n\t\t\t\t<div class=\"heroBlockHeadline\">\n\n\t\t\t\t\t\t\t\t\t\t\t<div class=\"categories flex\" style=\"justify-content: flex-start;\">\n\t\t\t\t\t\t\t<div class=\"h6\">\n\n\t\t\t\t\t\t\t  \t\t\t\t\t\t\t\t    \t<a href=\"https:\/\/baycoast.bank\/pt-pt\/servicos-bancarios-para-a-canabis\/\">Servi\u00e7os banc\u00e1rios de cannabis em MA e RI<\/a>\n\t\t\t\t\t\t\t    \t\t\t\t\t\t\t  \n\t\t\t\t\t\t\t<\/div>\n\t\t\t\t\t\t\t\n\t\t\t\t\t\t\t\t\t\t\t\t\t<\/div>\n\t\t\t\t\t\t\t\t\t\t\n\t\t\t\t\t<h1 class=\"blue\">Banca como neg\u00f3cio de can\u00e1bis<\/h1>\n\t\t\t\t<\/div>\n\t\t\t<\/div>\n\t\t\t    \t\n\t\t\t\n\t\t<\/div>\n\t<\/div>\n<\/div> \n\n<div class=\"spacer\"><\/div><\/div>\n<div class=\"wp-block-stackable-columns stk-block-columns stk-block stk-53c354a\" data-block-id=\"53c354a\"><style>.stk-53c354a{max-width:50% !important;margin-right:auto !important;margin-bottom:50px !important;margin-left:auto !important}@media screen and (max-width:767px){.stk-53c354a{max-width:75% !important}}<\/style><div class=\"stk-row stk-inner-blocks stk-block-content stk-content-align stk-53c354a-column\">\n<div class=\"wp-block-stackable-column stk-block-column stk-column stk-block stk-d913bee\" data-v=\"4\" data-block-id=\"d913bee\"><div class=\"stk-column-wrapper stk-block-column__content stk-container stk-d913bee-container stk--no-background stk--no-padding\"><div class=\"stk-block-content stk-inner-blocks stk-d913bee-inner-blocks\">\n<div class=\"wp-block-stackable-spacer stk-block-spacer stk--no-padding stk-block stk-c50b6f6\" data-block-id=\"c50b6f6\"><style>.stk-c50b6f6{height:25px !important}<\/style><\/div>\n\n\n\n<p>Nos \u00faltimos anos, os estados de Massachusetts e Rhode Island aprovaram a legaliza\u00e7\u00e3o da marijuana, originando o surgimento de muitas empresas novas relacionadas com a can\u00e1bis (CRB) para responderem \u00e0 procura crescente do mercado. Para muitos propriet\u00e1rios de empresas locais, as opera\u00e7\u00f5es no mercado legal da can\u00e1bis s\u00e3o uma oportunidade entusiasmante.<\/p>\n\n\n\n<p>Contudo, as CRB enfrentam um desafio: a marijuana foi legalizada em alguns estados, mas n\u00e3o foi legalizada ao n\u00edvel do governo federal. Devido a problemas de ilegalidade ao n\u00edvel federal, as CRB est\u00e3o sujeitas a um potencial bloqueio legal quando se trata de depositarem e gerirem o seu dinheiro. Embora muitos bancos nacionais n\u00e3o prestem servi\u00e7os \u00e0s CRB, os bancos comunit\u00e1rios, como o BayCoast, avan\u00e7aram no apoio a estes neg\u00f3cios.<\/p>\n\n\n\n<div class=\"wp-block-stackable-spacer stk-block-spacer stk--no-padding stk-block stk-e7084ea\" data-block-id=\"e7084ea\"><style>.stk-e7084ea{height:5px !important}<\/style><\/div>\n\n\n\n<div class=\"wp-block-stackable-spacer stk-block-spacer stk--no-padding stk-block stk-2a29e69\" data-block-id=\"2a29e69\"><style>.stk-2a29e69{height:25px !important}<\/style><\/div>\n\n\n\n<h4 class=\"wp-block-heading\">Recursos banc\u00e1rios essenciais para a can\u00e1bis<\/h4>\n\n\n\n<p>A Financial Crimes Enforcement Network (FinCEN), um gabinete da Administra\u00e7\u00e3o Fiscal do Departamento do Tesouro dos EUA, emitiu uma orienta\u00e7\u00e3o para clarificar o Bank Secrecy Act (\u201cBSA\u201d), em rela\u00e7\u00e3o \u00e0s expectativas das institui\u00e7\u00f5es financeiras que pretendam prestar servi\u00e7os \u00e0s empresas relacionadas com a can\u00e1bis.<\/p>\n\n\n\n<p>Se uma CRB trabalhar com um banco que adere a um elevado padr\u00e3o de conformidade, estar\u00e1 a funcionar de acordo com as orienta\u00e7\u00f5es do FinCEN. Isto implica que a empresa esteja licenciada e registada em todas as ag\u00eancias estaduais pertinentes, nomeadamente a Comiss\u00e3o de Controlo de Can\u00e1bis. Adicionalmente, o banco \u00e9 obrigado a monitorizar se as CRB realizam alguma atividade incomum e implementar as devidas dilig\u00eancias para garantir a exatid\u00e3o da informa\u00e7\u00e3o da empresa.<\/p>\n\n\n\n<h4 class=\"wp-block-heading has-text-align-left\">Servi\u00e7os financeiros para empresas relacionadas com a can\u00e1bis<\/h4>\n\n\n\n<p>Quando escolhe um banco para a sua empresa, a confian\u00e7a \u00e9 essencial. O banco deve transmitir de forma proativa as informa\u00e7\u00f5es e documentos espec\u00edficos que ter\u00e1 de apresentar, manter uma comunica\u00e7\u00e3o permanente com os reguladores e informar sempre que ocorram quaisquer altera\u00e7\u00f5es. Ao manter registos rigorosos e fomentar uma cultura de transpar\u00eancia com os funcion\u00e1rios do seu banco, poder\u00e1 confiar neles para facilitar e simplificar as opera\u00e7\u00f5es.<\/p>\n\n\n\n<p>Ao escolher um banco de confian\u00e7a, pode beneficiar de todos os servi\u00e7os banc\u00e1rios como qualquer outro neg\u00f3cio. Ter\u00e1 acesso a produtos e servi\u00e7os frequentes, como conta \u00e0 ordem empresarial (com op\u00e7\u00f5es banc\u00e1rias online), transa\u00e7\u00f5es por d\u00e9bito direto e transfer\u00eancias banc\u00e1rias. O mesmo banco pode ser utilizado por si e pelos seus funcion\u00e1rios para a satisfa\u00e7\u00e3o de necessidades financeiras pessoais. No BayCoast Bank, tamb\u00e9m recomendamos fornecedores de tecnologia de confian\u00e7a que desenvolvem produtos digitais especificamente para o setor da can\u00e1bis.<\/p>\n\n\n\n<h4 class=\"wp-block-heading\">Comece, hoje mesmo, a sua jornada CRB<\/h4>\n\n\n\n<p>Se estiveres a operar ou aspirares a gerir um neg\u00f3cio relacionado com a can\u00e1bis em Massachusetts ou Rhode Island, o BayCoast Bank est\u00e1 equipado para acomodar todos os teus requisitos banc\u00e1rios. Aproveitando o nosso vasto conhecimento do intrincado cen\u00e1rio de conformidade legal, os nossos especialistas podem facilitar o acesso a todos os <a href=\"https:\/\/baycoast.bank\/pt-pt\/servicos-bancarios-para-a-canabis\/\">servi\u00e7os banc\u00e1rios<\/a> necess\u00e1rios para a tua empresa.<br\/><\/p>\n<\/div><\/div><\/div>\n<\/div><\/div>\n\n<a name=\"contactus\"><\/a>\n<a href=\"#contactus\"> <\/a>\n\n<div class=\"wp-block-stackable-columns stk-block-columns stk-block stk-1e02f1f\" data-block-id=\"1e02f1f\"><style>.stk-1e02f1f{margin-bottom:25px !important}<\/style><div class=\"stk-row stk-inner-blocks stk-block-content stk-content-align stk-1e02f1f-column\">\n<div class=\"wp-block-stackable-column stk-block-column stk-column stk-block stk-40831ed\" data-v=\"4\" data-block-id=\"40831ed\"><style>.stk-40831ed-container{background-color:#18428f !important}.stk-40831ed-container:before{background-color:#18428f !important}<\/style><div class=\"stk-column-wrapper stk-block-column__content stk-container stk-40831ed-container stk-hover-parent\"><div class=\"stk-block-content stk-inner-blocks stk-40831ed-inner-blocks\">\n<div class=\"wp-block-stackable-heading stk-block-heading stk-block-heading--v2 stk-block stk-89842ad\" id=\"span-style-color-ffffff-class-stk-highlight-if-youre-a-cannabis-related-business-trust-a-bank-with-a-proven-track-record-of-experience-trust-bay-coast-bank-span\" data-block-id=\"89842ad\"><style>.stk-89842ad{max-width:52% !important;margin-right:auto !important;margin-bottom:0px !important;margin-left:auto !important}@media screen and (max-width:767px){.stk-89842ad{max-width:75% !important}}<\/style><h4 class=\"stk-block-heading__text has-text-align-left stk-block-heading--use-theme-margins\"><span style=\"color: #ffffff\" class=\"stk-highlight\">Se \u00e9s um neg\u00f3cio relacionado com a can\u00e1bis, confia num banco com uma experi\u00eancia comprovada. Confia no BayCoast Bank.  <\/span><\/h4><\/div>\n<\/div><\/div><\/div>\n<\/div><\/div>\n\n<div class=\"wp-block-stackable-columns stk-block-columns stk-block stk-a358dd6\" data-block-id=\"a358dd6\"><style>.stk-a358dd6{max-width:50% !important;margin-right:auto !important;margin-left:auto !important}@media screen and (max-width:767px){.stk-a358dd6{max-width:75% !important}}<\/style><div class=\"stk-row stk-inner-blocks stk-block-content stk-content-align stk-a358dd6-column\">\n<div class=\"wp-block-stackable-column stk-block-column stk-column stk-block stk-d990e39\" data-v=\"4\" data-block-id=\"d990e39\"><div class=\"stk-column-wrapper stk-block-column__content stk-container stk-d990e39-container stk--no-background stk--no-padding\"><div class=\"stk-block-content stk-inner-blocks stk-d990e39-inner-blocks\">\n<div class=\"wp-block-stackable-heading stk-block-heading stk-block-heading--v2 stk-block stk-330cf36\" id=\"strong-contact-us-today-strong\" data-block-id=\"330cf36\"><style>.stk-330cf36{margin-bottom:15px !important;top:15px !important}.stk-330cf36 .stk-block-heading__text{color:#fbad18 !important}<\/style><h3 class=\"stk-block-heading__text has-text-color stk-block-heading--use-theme-margins\"><strong>Contacta-nos hoje<\/strong><\/h3><\/div>\n\n\n\n<p><svg xmlns=\"http:\/\/www.w3.org\/2000\/svg\" width=\"16\" height=\"16\" viewbox=\"0 0 24 24\"><path d=\"M20 4H4c-1.103 0-2 .897-2 2v12c0 1.103.897 2 2 2h16c1.103 0 2-.897 2-2V6c0-1.103-.897-2-2-2zm0 2v.511l-8 6.223-8-6.222V6h16zM4 18V9.044l7.386 5.745a.994.994 0 0 0 1.228 0L20 9.044 20.002 18H4z\"><\/path><\/svg>   CRBDepartment@baycoastbank.com<br\/><svg xmlns=\"http:\/\/www.w3.org\/2000\/svg\" width=\"16\" height=\"16\" viewbox=\"0 0 24 24\"><path d=\"M17.707 12.293a.999.999 0 0 0-1.414 0l-1.594 1.594c-.739-.22-2.118-.72-2.992-1.594s-1.374-2.253-1.594-2.992l1.594-1.594a.999.999 0 0 0 0-1.414l-4-4a.999.999 0 0 0-1.414 0L3.581 5.005c-.38.38-.594.902-.586 1.435.023 1.424.4 6.37 4.298 10.268s8.844 4.274 10.269 4.298h.028c.528 0 1.027-.208 1.405-.586l2.712-2.712a.999.999 0 0 0 0-1.414l-4-4.001zm-.127 6.712c-1.248-.021-5.518-.356-8.873-3.712-3.366-3.366-3.692-7.651-3.712-8.874L7 4.414 9.586 7 8.293 8.293a1 1 0 0 0-.272.912c.024.115.611 2.842 2.271 4.502s4.387 2.247 4.502 2.271a.991.991 0 0 0 .912-.271L17 14.414 19.586 17l-2.006 2.005z\"><\/path><\/svg> 508-996-7718  <\/p>\n<\/div><\/div><\/div>\n\n\n\n<div class=\"wp-block-stackable-column stk-block-column stk-column stk-block stk-c5066e2\" data-v=\"4\" data-block-id=\"c5066e2\"><style>.stk-c5066e2{margin-top:-2% !important}@media screen and (max-width:767px){.stk-c5066e2{top:-40px !important}}<\/style><div class=\"stk-column-wrapper stk-block-column__content stk-container stk-c5066e2-container stk--no-background stk--no-padding\"><div class=\"stk-block-content stk-inner-blocks stk-c5066e2-inner-blocks\"><\/div><\/div><\/div>\n<\/div><\/div>\n","protected":false},"excerpt":{"rendered":"<p>Nos \u00faltimos anos, os estados de Massachusetts e Rhode Island aprovaram a legaliza\u00e7\u00e3o da marijuana, originando o surgimento de muitas empresas novas relacionadas com a can\u00e1bis (CRB) para responderem \u00e0 procura crescente do mercado. Para muitos propriet\u00e1rios de empresas locais, as opera\u00e7\u00f5es no mercado legal da can\u00e1bis s\u00e3o uma oportunidade entusiasmante. Contudo, as CRB enfrentam [&hellip;]<\/p>\n","protected":false},"author":17,"featured_media":10793,"parent":7203,"menu_order":13,"comment_status":"closed","ping_status":"closed","template":"","meta":{"_acf_changed":false,"inline_featured_image":false,"footnotes":""},"class_list":["post-11702","page","type-page","status-publish","has-post-thumbnail","hentry"],"acf":[],"featured_image_urls_v2":{"full":["https:\/\/baycoast.bank\/wp-content\/uploads\/2023\/11\/Banking-as-a-Cannabis-Business-Hero-.jpg",1920,600,false],"thumbnail":["https:\/\/baycoast.bank\/wp-content\/uploads\/2023\/11\/Banking-as-a-Cannabis-Business-Hero--150x150.jpg",150,150,true],"medium":["https:\/\/baycoast.bank\/wp-content\/uploads\/2023\/11\/Banking-as-a-Cannabis-Business-Hero--300x94.jpg",300,94,true],"medium_large":["https:\/\/baycoast.bank\/wp-content\/uploads\/2023\/11\/Banking-as-a-Cannabis-Business-Hero--768x240.jpg",768,240,true],"large":["https:\/\/baycoast.bank\/wp-content\/uploads\/2023\/11\/Banking-as-a-Cannabis-Business-Hero--1024x320.jpg",1024,320,true],"1536x1536":["https:\/\/baycoast.bank\/wp-content\/uploads\/2023\/11\/Banking-as-a-Cannabis-Business-Hero--1536x480.jpg",1536,480,true],"2048x2048":["https:\/\/baycoast.bank\/wp-content\/uploads\/2023\/11\/Banking-as-a-Cannabis-Business-Hero-.jpg",1920,600,false]},"post_excerpt_stackable_v2":"<p>Servi\u00e7os banc\u00e1rios de cannabis em MA e RI Banca como neg\u00f3cio de can\u00e1bis Nos \u00faltimos anos, os estados de Massachusetts e Rhode Island aprovaram a legaliza\u00e7\u00e3o da marijuana, originando o surgimento de muitas empresas novas relacionadas com a can\u00e1bis (CRB) para responderem \u00e0 procura crescente do mercado. Para muitos propriet\u00e1rios de empresas locais, as opera\u00e7\u00f5es no mercado legal da can\u00e1bis s\u00e3o uma oportunidade entusiasmante. Contudo, as CRB enfrentam um desafio: a marijuana foi legalizada em alguns estados, mas n\u00e3o foi legalizada ao n\u00edvel do governo federal. Devido a problemas de ilegalidade ao n\u00edvel federal, as CRB est\u00e3o sujeitas a um&hellip;<\/p>\n","category_list_v2":"","author_info_v2":{"name":"knogueira","url":"https:\/\/baycoast.bank\/pt-pt\/author\/knogueira\/"},"comments_num_v2":"0 comments","publishpress_future_action":{"enabled":false,"date":"2026-04-30 09:03:12","action":"change-status","newStatus":"draft","terms":[],"taxonomy":"translation_priority","extraData":[]},"publishpress_future_workflow_manual_trigger":{"enabledWorkflows":[]},"_links":{"self":[{"href":"https:\/\/baycoast.bank\/pt-pt\/wp-json\/wp\/v2\/pages\/11702","targetHints":{"allow":["GET"]}}],"collection":[{"href":"https:\/\/baycoast.bank\/pt-pt\/wp-json\/wp\/v2\/pages"}],"about":[{"href":"https:\/\/baycoast.bank\/pt-pt\/wp-json\/wp\/v2\/types\/page"}],"author":[{"embeddable":true,"href":"https:\/\/baycoast.bank\/pt-pt\/wp-json\/wp\/v2\/users\/17"}],"replies":[{"embeddable":true,"href":"https:\/\/baycoast.bank\/pt-pt\/wp-json\/wp\/v2\/comments?post=11702"}],"version-history":[{"count":0,"href":"https:\/\/baycoast.bank\/pt-pt\/wp-json\/wp\/v2\/pages\/11702\/revisions"}],"up":[{"embeddable":true,"href":"https:\/\/baycoast.bank\/pt-pt\/wp-json\/wp\/v2\/pages\/7203"}],"wp:featuredmedia":[{"embeddable":true,"href":"https:\/\/baycoast.bank\/pt-pt\/wp-json\/wp\/v2\/media\/10793"}],"wp:attachment":[{"href":"https:\/\/baycoast.bank\/pt-pt\/wp-json\/wp\/v2\/media?parent=11702"}],"curies":[{"name":"wp","href":"https:\/\/api.w.org\/{rel}","templated":true}]}}