{"id":13154,"date":"2025-07-14T10:33:23","date_gmt":"2025-07-14T14:33:23","guid":{"rendered":"https:\/\/baycoast.bank\/financiar-uma-casa-mais-sustentavel\/"},"modified":"2025-07-14T14:59:51","modified_gmt":"2025-07-14T18:59:51","slug":"financiar-uma-casa-mais-sustentavel","status":"publish","type":"page","link":"https:\/\/baycoast.bank\/pt-pt\/financiar-uma-casa-mais-sustentavel\/","title":{"rendered":"Financiar uma casa mais sustent\u00e1vel"},"content":{"rendered":"<div class=\"lazyblock-interior-hero-Z1uefCT wp-block-lazyblock-interior-hero\">\n<div class=\"section hero\">\n\t<div class=\"backing parallaxContainer\">\n\t\t<div class=\"backing\" style=\"background-image: url(https:\/\/baycoast.bank\/wp-content\/uploads\/2025\/07\/Financing-A-More-Sustainable-Home.jpg\" role=\"img\" aria-label=\"Hero Image\"><\/div>\n\t<\/div>\n\n\t<div class=\"heroContent\">\n\t\t<div class=\"plusPlus blue\" ><\/div>\n\t\t\n\t\t<div class=\"heroWrapper\">\n\t\t\t<div class=\"heroBlock bgWhite\">\n\t\t\t\t\n\t\t\t\t<div class=\"heroBlockHeadline\">\n\n\t\t\t\t\t\t\t\t\t\t\n\t\t\t\t\t<h1 class=\"blue\">Financiar uma casa mais sustent\u00e1vel<\/h1>\n\t\t\t\t<\/div>\n\t\t\t<\/div>\n\t\t\t    \t\n\t\t\t\n\t\t<\/div>\n\t<\/div>\n<\/div> \n\n<div class=\"spacer\"><\/div><\/div>\n<div class=\"wp-block-stackable-columns stk-block-columns stk-block stk-53c354a\" data-block-id=\"53c354a\"><style>.stk-53c354a {max-width:50% !important;min-width:auto !important;margin-right:auto !important;margin-bottom:50px !important;margin-left:auto !important;}@media screen and (max-width: 767px){.stk-53c354a {max-width:75% !important;min-width:auto !important;}}<\/style><div class=\"stk-row stk-inner-blocks stk-block-content stk-content-align stk-53c354a-column\">\n<div class=\"wp-block-stackable-column stk-block-column stk-column stk-block stk-d913bee\" data-v=\"4\" data-block-id=\"d913bee\"><div class=\"stk-column-wrapper stk-block-column__content stk-container stk-d913bee-container stk--no-background stk--no-padding\"><div class=\"stk-block-content stk-inner-blocks stk-d913bee-inner-blocks\">\n<div class=\"wp-block-stackable-spacer stk-block-spacer stk--no-padding stk-block stk-c50b6f6\" data-block-id=\"c50b6f6\"><style>.stk-c50b6f6 {height:25px !important;}<\/style><\/div>\n\n\n\n<h2 class=\"wp-block-heading\">Solu\u00e7\u00f5es de cr\u00e9dito flex\u00edveis para ajudar os propriet\u00e1rios a tornarem-se ecol\u00f3gicos.<\/h2>\n\n\n\n<p>Fazer actualiza\u00e7\u00f5es ecol\u00f3gicas na tua casa \u00e9 uma forma inteligente de reduzir a tua pegada ambiental e, ao mesmo tempo, aumentar a efici\u00eancia energ\u00e9tica e apoiar a tua sa\u00fade e bem-estar. Considera estas melhorias impactantes para a sustentabilidade: <\/p>\n\n\n\n<ul class=\"wp-block-list\">\n<li><strong>Substitui a tua bomba de calor:<\/strong> Atualizar para uma bomba de calor ENERGY STAR\u00ae de alta efici\u00eancia pode reduzir as suas contas de energia e aumentar o conforto interior e a qualidade do ar.<\/li>\n\n\n\n<li><strong>Melhora o teu sistema s\u00e9tico:<\/strong> Substituir o teu sistema atual por um sistema s\u00e9tico desnitrificante ajuda a reduzir a polui\u00e7\u00e3o por azoto nas \u00e1guas costeiras, protegendo os ecossistemas locais.<\/li>\n\n\n\n<li><strong>Liga-te aos sistemas municipais:<\/strong> A liga\u00e7\u00e3o a um sistema municipal de esgotos ou de \u00e1gua pode melhorar a efici\u00eancia e salvaguardar a qualidade das \u00e1guas subterr\u00e2neas.<\/li>\n\n\n\n<li><strong>Instala pain\u00e9is solares (sistemas fotovoltaicos):<\/strong> Aproveita a contagem l\u00edquida, que te permite compensar o teu consumo de eletricidade e ganhar cr\u00e9ditos pela energia excedente enviada de volta para a rede.<\/li>\n<\/ul>\n\n\n\n<div class=\"wp-block-stackable-spacer stk-block-spacer stk--no-padding stk-block stk-e7084ea\" data-block-id=\"e7084ea\"><style>.stk-e7084ea {height:5px !important;}<\/style><\/div>\n\n\n\n<div class=\"wp-block-stackable-button-group stk-block-button-group stk-block stk-c62bd56\" data-block-id=\"c62bd56\"><div class=\"stk-row stk-inner-blocks stk-block-content stk-button-group\">\n<div class=\"wp-block-stackable-button stk-block-button stk-block stk-50f5477\" data-block-id=\"50f5477\"><style>.stk-50f5477 .stk-button{padding-top:15px !important;padding-right:20px !important;padding-bottom:15px !important;padding-left:20px !important;background:#fbad18 !important;}.stk-50f5477 .stk-button__inner-text{font-size:16px !important;color:#18428f !important;font-weight:600 !important;}@media screen and (max-width: 1023px){.stk-50f5477 .stk-button__inner-text{font-size:16px !important;}}<\/style><a class=\"stk-link stk-button stk--hover-effect-darken\" href=\"https:\/\/oa.fisglobal.com\/oa\/fi\/beginApp\" target=\"_blank\" rel=\"noopener\"><span class=\"has-text-color stk-button__inner-text\">Solicite agora<\/span><\/a><\/div>\n<\/div><\/div>\n\n\n\n<div class=\"wp-block-stackable-spacer stk-block-spacer stk--no-padding stk-block stk-2a29e69\" data-block-id=\"2a29e69\"><style>.stk-2a29e69 {height:25px !important;}<\/style><\/div>\n\n\n\n<div class=\"wp-block-stackable-columns alignfull stk-block-columns stk-block stk-d6ea868\" data-block-id=\"d6ea868\"><style>.stk-d6ea868 {margin-top:var(--stk--preset--spacing--70, 3.38rem) !important;margin-bottom:var(--stk--preset--spacing--70, 3.38rem) !important;}<\/style><div class=\"stk-row stk-inner-blocks stk-block-content stk-content-align stk-d6ea868-column alignwide\">\n<div class=\"wp-block-stackable-column stk-block-column stk-column stk-block stk-aa62414\" data-v=\"4\" data-block-id=\"aa62414\"><div class=\"stk-column-wrapper stk-block-column__content stk-container stk-aa62414-container stk--no-background stk--no-padding\"><div class=\"stk-block-content stk-inner-blocks stk-aa62414-inner-blocks\">\n<div class=\"wp-block-stackable-heading stk-block-heading stk-block-heading--v2 stk-block stk-b34a8f5\" id=\"heading-placeholder\" data-block-id=\"b34a8f5\"><h2 class=\"stk-block-heading__text has-text-align-center\"><strong>Op\u00e7\u00f5es de financiamento para poupan\u00e7a de energia<\/strong><\/h2><\/div>\n\n\n\n<div class=\"wp-block-stackable-text stk-block-text stk-block stk-fbce3d5\" data-block-id=\"fbce3d5\"><p class=\"stk-block-text__text has-text-align-center\">Est\u00e1s pronto para aumentar potencialmente o valor da tua casa e reduzir os custos de energia? Agora pode ser o momento perfeito para agir. No BayCoast Bank, temos uma s\u00e9rie de op\u00e7\u00f5es de financiamento para o ajudar a fazer actualiza\u00e7\u00f5es sustent\u00e1veis no seu espa\u00e7o habitacional. Elas incluem:   <\/p><\/div>\n\n\n\n<div class=\"wp-block-stackable-columns stk-block-columns stk-block stk-1cd2a91\" data-block-id=\"1cd2a91\"><div class=\"stk-row stk-inner-blocks stk-block-content stk-content-align stk-1cd2a91-column\">\n<div class=\"wp-block-stackable-column stk-block-column stk-column stk-block stk-e82f7da\" data-v=\"4\" data-block-id=\"e82f7da\"><style>@media screen and (min-width: 768px) and (max-width: 1023px){.stk-e82f7da {flex:var(--stk-flex-grow, 1) 1 calc(100% - var(--stk-column-gap, 0px) * 0 \/ 1 ) !important;}}<\/style><div class=\"stk-column-wrapper stk-block-column__content stk-container stk-e82f7da-container stk-hover-parent\"><div class=\"has-text-align-center stk-block-content stk-inner-blocks stk-e82f7da-inner-blocks\">\n<div class=\"wp-block-stackable-heading stk-block-heading stk-block-heading--v2 stk-block stk-bf613ba\" id=\"home-equity-loans-heloan\" data-block-id=\"bf613ba\"><h4 class=\"stk-block-heading__text\">Empr\u00e9stimos para aquisi\u00e7\u00e3o de habita\u00e7\u00e3o pr\u00f3pria (HELOAN)<\/h4><\/div>\n\n\n\n<div class=\"wp-block-stackable-button-group stk-block-button-group stk-block stk-6851244\" data-block-id=\"6851244\"><div class=\"stk-row stk-inner-blocks stk-block-content stk-button-group\">\n<div class=\"wp-block-stackable-button stk-block-button is-style-ghost stk-block stk-b1dbaed\" data-block-id=\"b1dbaed\"><style>.stk-b1dbaed .stk-button{background:transparent !important;}.stk-b1dbaed .stk-button:hover:after{background:transparent !important;opacity:1 !important;}:where(.stk-hover-parent:hover,  .stk-hover-parent.stk--is-hovered) .stk-b1dbaed .stk-button:after{background:transparent !important;opacity:1 !important;}.stk-b1dbaed .stk-button:before{border-style:solid !important;border-color:var(--stk-global-color-63884, #fbad18) !important;}.stk-b1dbaed .stk-button__inner-text{font-size:16px !important;color:var(--stk-global-color-3828, #18428f) !important;}@media screen and (max-width: 1023px){.stk-b1dbaed .stk-button__inner-text{font-size:16px !important;}}<\/style><a class=\"stk-link stk-button stk--hover-effect-darken\" href=\"https:\/\/baycoast.bank\/pt-pt\/personal\/credito\/emprestimo-para-aquisicao-de-habitacao-propria-heloan\/\"><span class=\"has-text-color stk-button__inner-text\">Vamos come\u00e7ar<\/span><\/a><\/div>\n<\/div><\/div>\n\n\n\n<div class=\"wp-block-stackable-text stk-block-text stk-block stk-8ebc951\" data-block-id=\"8ebc951\"><p class=\"stk-block-text__text\">Descobre os benef\u00edcios de um Empr\u00e9stimo de Capital Pr\u00f3prio (HELOAN) do BayCoast Bank. Quer esteja a planear uma grande renova\u00e7\u00e3o da casa, a consolidar a d\u00edvida ou a financiar uma compra significativa, um HELOAN oferece uma forma inteligente e segura de atingir os seus objectivos financeiros. <\/p><\/div>\n<\/div><\/div><\/div>\n\n\n\n<div class=\"wp-block-stackable-column stk-block-column stk-column stk-block stk-1efdabc\" data-v=\"4\" data-block-id=\"1efdabc\"><style>.stk-1efdabc-container{box-shadow:0 5px 30px -10px #123f524d !important;}@media screen and (min-width: 768px) and (max-width: 1023px){.stk-1efdabc {flex:var(--stk-flex-grow, 1) 1 calc(100% - var(--stk-column-gap, 0px) * 0 \/ 1 ) !important;}}<\/style><div class=\"stk-column-wrapper stk-block-column__content stk-container stk-1efdabc-container stk-hover-parent\"><div class=\"has-text-align-center stk-block-content stk-inner-blocks stk-1efdabc-inner-blocks\">\n<div class=\"wp-block-stackable-heading stk-block-heading stk-block-heading--v2 stk-block stk-fcbe7c4\" id=\"home-equity-lines-of-credit-heloc\" data-block-id=\"fcbe7c4\"><h4 class=\"stk-block-heading__text\">Linhas de cr\u00e9dito de capital pr\u00f3prio (HELOC)<\/h4><\/div>\n\n\n\n<div class=\"wp-block-stackable-button-group stk-block-button-group stk-block stk-ea19a2f\" data-block-id=\"ea19a2f\"><div class=\"stk-row stk-inner-blocks stk-block-content stk-button-group\">\n<div class=\"wp-block-stackable-button stk-block-button stk-block stk-6937cc5\" data-block-id=\"6937cc5\"><style>.stk-6937cc5 .stk-button{background:var(--stk-global-color-63884, #fbad18) !important;}.stk-6937cc5 .stk-button__inner-text{font-size:16px !important;}@media screen and (max-width: 1023px){.stk-6937cc5 .stk-button__inner-text{font-size:16px !important;}}<\/style><a class=\"stk-link stk-button stk--hover-effect-darken\" href=\"https:\/\/baycoast.bank\/pt-pt\/personal\/credito\/emprestimos-e-linhas-de-credito\/\"><span class=\"stk-button__inner-text\">Vamos come\u00e7ar<\/span><\/a><\/div>\n<\/div><\/div>\n\n\n\n<div class=\"wp-block-stackable-text stk-block-text stk-block stk-2fc7ca0\" data-block-id=\"2fc7ca0\"><p class=\"stk-block-text__text\">Seja renovando a sua cozinha, actualizando uma casa de banho, melhorando a sua propriedade com revestimento de vinil, financiando despesas de ensino, ou at\u00e9 mesmo desfrutando de umas f\u00e9rias de sonho, uma Linha de Cr\u00e9dito de Capital Pr\u00f3prio (HELOC) pode ajudar a tornar as suas aspira\u00e7\u00f5es uma realidade.<\/p><\/div>\n<\/div><\/div><\/div>\n\n\n\n<div class=\"wp-block-stackable-column stk-block-column stk-column stk-block stk-b480698\" data-v=\"4\" data-block-id=\"b480698\"><style>@media screen and (min-width: 768px) and (max-width: 1023px){.stk-b480698 {flex:var(--stk-flex-grow, 1) 1 calc(100% - var(--stk-column-gap, 0px) * 0 \/ 1 ) !important;}}<\/style><div class=\"stk-column-wrapper stk-block-column__content stk-container stk-b480698-container stk-hover-parent\"><div class=\"has-text-align-center stk-block-content stk-inner-blocks stk-b480698-inner-blocks\">\n<div class=\"wp-block-stackable-heading stk-block-heading stk-block-heading--v2 stk-block stk-de1ee66\" id=\"energy-efficiency-loans\" data-block-id=\"de1ee66\"><h4 class=\"stk-block-heading__text\">Empr\u00e9stimos para efici\u00eancia energ\u00e9tica<\/h4><\/div>\n\n\n\n<div class=\"wp-block-stackable-button-group stk-block-button-group stk-block stk-1599255\" data-block-id=\"1599255\"><div class=\"stk-row stk-inner-blocks stk-block-content stk-button-group\">\n<div class=\"wp-block-stackable-button stk-block-button is-style-ghost stk-block stk-a43cc29\" data-block-id=\"a43cc29\"><style>.stk-a43cc29 .stk-button{background:transparent !important;}.stk-a43cc29 .stk-button:hover:after{background:transparent !important;opacity:1 !important;}:where(.stk-hover-parent:hover,  .stk-hover-parent.stk--is-hovered) .stk-a43cc29 .stk-button:after{background:transparent !important;opacity:1 !important;}.stk-a43cc29 .stk-button:before{border-style:solid !important;border-color:var(--stk-global-color-63884, #fbad18) !important;}.stk-a43cc29 .stk-button__inner-text{font-size:16px !important;color:var(--stk-global-color-3828, #18428f) !important;}@media screen and (max-width: 1023px){.stk-a43cc29 .stk-button__inner-text{font-size:16px !important;}}<\/style><a class=\"stk-link stk-button stk--hover-effect-darken\" href=\"https:\/\/baycoast.bank\/pt-pt\/personal\/credito\/emprestimos-para-eficiencia-energetica\/\"><span class=\"has-text-color stk-button__inner-text\">Vamos come\u00e7ar<\/span><\/a><\/div>\n<\/div><\/div>\n\n\n\n<div class=\"wp-block-stackable-text stk-block-text stk-block stk-d851753\" data-block-id=\"d851753\"><p class=\"stk-block-text__text\">Melhora o consumo de energia da tua casa e reduz as contas de servi\u00e7os p\u00fablicos com o nosso Empr\u00e9stimo para Melhoria da Efici\u00eancia Energ\u00e9tica da Casa.<\/p><\/div>\n\n\n\n<p><\/p>\n<\/div><\/div><\/div>\n<\/div><\/div>\n\n\n\n<div class=\"wp-block-stackable-columns stk-block-columns stk-block stk-7bda35a\" data-block-id=\"7bda35a\"><div class=\"stk-row stk-inner-blocks stk-block-content stk-content-align stk-7bda35a-column\">\n<div class=\"wp-block-stackable-column stk-block-column stk-column stk-block stk-954061b\" data-v=\"4\" data-block-id=\"954061b\"><style>@media screen and (min-width: 768px) and (max-width: 1023px){.stk-954061b {flex:var(--stk-flex-grow, 1) 1 calc(100% - var(--stk-column-gap, 0px) * 0 \/ 1 ) !important;}}<\/style><div class=\"stk-column-wrapper stk-block-column__content stk-container stk-954061b-container stk-hover-parent\"><div class=\"has-text-align-center stk-block-content stk-inner-blocks stk-954061b-inner-blocks\">\n<div class=\"wp-block-stackable-heading stk-block-heading stk-block-heading--v2 stk-block stk-c00b0a2\" id=\"heat-loans\" data-block-id=\"c00b0a2\"><h4 class=\"stk-block-heading__text\">Empr\u00e9stimos HEAT<\/h4><\/div>\n\n\n\n<div class=\"wp-block-stackable-button-group stk-block-button-group stk-block stk-ec0202d\" data-block-id=\"ec0202d\"><div class=\"stk-row stk-inner-blocks stk-block-content stk-button-group\">\n<div class=\"wp-block-stackable-button stk-block-button is-style-ghost stk-block stk-9c5e7d9\" data-block-id=\"9c5e7d9\"><style>.stk-9c5e7d9 .stk-button{background:transparent !important;}.stk-9c5e7d9 .stk-button:hover:after{background:transparent !important;opacity:1 !important;}:where(.stk-hover-parent:hover,  .stk-hover-parent.stk--is-hovered) .stk-9c5e7d9 .stk-button:after{background:transparent !important;opacity:1 !important;}.stk-9c5e7d9 .stk-button:before{border-style:solid !important;border-color:var(--stk-global-color-63884, #fbad18) !important;}.stk-9c5e7d9 .stk-button__inner-text{font-size:16px !important;color:var(--stk-global-color-3828, #18428f) !important;}@media screen and (max-width: 1023px){.stk-9c5e7d9 .stk-button__inner-text{font-size:16px !important;}}<\/style><a class=\"stk-link stk-button stk--hover-effect-darken\" href=\"https:\/\/baycoast.bank\/pt-pt\/personal\/credito\/emprestimo-heat\/\"><span class=\"has-text-color stk-button__inner-text\">Vamos come\u00e7ar<\/span><\/a><\/div>\n<\/div><\/div>\n\n\n\n<div class=\"wp-block-stackable-text stk-block-text stk-block stk-260ec27\" data-block-id=\"260ec27\"><p class=\"stk-block-text__text\">O Programa de Empr\u00e9stimo HEAT residencial d\u00e1 aos clientes a oportunidade de se candidatarem a um empr\u00e9stimo sem juros junto dos credores participantes para ajudar na instala\u00e7\u00e3o de melhorias qualificadas de efici\u00eancia energ\u00e9tica nas suas casas ou propriedades de aluguer.<\/p><\/div>\n<\/div><\/div><\/div>\n\n\n\n<div class=\"wp-block-stackable-column stk-block-column stk-column stk-block stk-9627ec3\" data-v=\"4\" data-block-id=\"9627ec3\"><style>.stk-9627ec3-container{box-shadow:0 5px 30px -10px #123f524d !important;}@media screen and (min-width: 768px) and (max-width: 1023px){.stk-9627ec3 {flex:var(--stk-flex-grow, 1) 1 calc(100% - var(--stk-column-gap, 0px) * 0 \/ 1 ) !important;}}<\/style><div class=\"stk-column-wrapper stk-block-column__content stk-container stk-9627ec3-container stk-hover-parent\"><div class=\"has-text-align-center stk-block-content stk-inner-blocks stk-9627ec3-inner-blocks\">\n<div class=\"wp-block-stackable-heading stk-block-heading stk-block-heading--v2 stk-block stk-c57311e\" id=\"home-improvement-loans-ma-amp-ri-residents\" data-block-id=\"c57311e\"><h4 class=\"stk-block-heading__text\">Empr\u00e9stimos para melhoria da casa (residentes em MA e RI)<\/h4><\/div>\n\n\n\n<div class=\"wp-block-stackable-button-group stk-block-button-group stk-block stk-a3aaab7\" data-block-id=\"a3aaab7\"><div class=\"stk-row stk-inner-blocks stk-block-content stk-button-group\">\n<div class=\"wp-block-stackable-button stk-block-button stk-block stk-c9b450a\" data-block-id=\"c9b450a\"><style>.stk-c9b450a .stk-button{background:var(--stk-global-color-63884, #fbad18) !important;}.stk-c9b450a .stk-button__inner-text{font-size:16px !important;}@media screen and (max-width: 1023px){.stk-c9b450a .stk-button__inner-text{font-size:16px !important;}}<\/style><a class=\"stk-link stk-button stk--hover-effect-darken\" href=\"https:\/\/baycoast.bank\/pt-pt\/personal\/credito\/emprestimos-para-melhorias-em-casa\/\"><span class=\"stk-button__inner-text\">Vamos come\u00e7ar<\/span><\/a><\/div>\n<\/div><\/div>\n\n\n\n<div class=\"wp-block-stackable-text stk-block-text stk-block stk-36ccbcd\" data-block-id=\"36ccbcd\"><p class=\"stk-block-text__text\">Fazer actualiza\u00e7\u00f5es e renova\u00e7\u00f5es aumenta o capital da tua casa, tornando-a mais valiosa no futuro. Os nossos empr\u00e9stimos a taxa fixa facilitam a concretiza\u00e7\u00e3o da tua vis\u00e3o para a tua casa. <\/p><\/div>\n<\/div><\/div><\/div>\n\n\n\n<div class=\"wp-block-stackable-column stk-block-column stk-column stk-block stk-046e97b\" data-v=\"4\" data-block-id=\"046e97b\"><div class=\"stk-column-wrapper stk-block-column__content stk-container stk-046e97b-container stk--no-background stk--no-padding\"><div class=\"stk-block-content stk-inner-blocks stk-046e97b-inner-blocks\"><\/div><\/div><\/div>\n<\/div><\/div>\n<\/div><\/div><\/div>\n<\/div><\/div>\n\n\n\n<div class=\"wp-block-stackable-spacer stk-block-spacer stk--no-padding stk-block stk-f64e4d8\" data-block-id=\"f64e4d8\"><\/div>\n\n\n\n<div class=\"wp-block-stackable-heading stk-block-heading stk-block-heading--v2 stk-block stk-1ae3201\" id=\"strong-questions-were-here-to-help-strong\" data-block-id=\"1ae3201\"><h3 class=\"stk-block-heading__text\"><strong>Tens d\u00favidas? Estamos aqui para ajudar-te! <\/strong><\/h3><\/div>\n\n\n\n<p><a href=\"https:\/\/baycoastmortgage.com\/en\/loan-officers\/\" target=\"_blank\" rel=\"noopener\">Os nossos experientes profissionais de cr\u00e9dito<\/a> est\u00e3o aqui para o ajudar em cada passo do processo. <a href=\"https:\/\/baycoast.bank\/pt-pt\/localizacoes\/\">Visita uma das nossas sucursais locais<\/a> ou liga-nos para o n\u00famero 508-678-7641 para come\u00e7ar.<\/p>\n<\/div><\/div><\/div>\n<\/div><\/div>\n","protected":false},"excerpt":{"rendered":"<p>Solu\u00e7\u00f5es de cr\u00e9dito flex\u00edveis para ajudar os propriet\u00e1rios a tornarem-se ecol\u00f3gicos. Fazer actualiza\u00e7\u00f5es ecol\u00f3gicas na tua casa \u00e9 uma forma inteligente de reduzir a tua pegada ambiental e, ao mesmo tempo, aumentar a efici\u00eancia energ\u00e9tica e apoiar a tua sa\u00fade e bem-estar. Considera estas melhorias impactantes para a sustentabilidade: Solicite agora Op\u00e7\u00f5es de financiamento para [&hellip;]<\/p>\n","protected":false},"author":30,"featured_media":13096,"parent":0,"menu_order":13,"comment_status":"closed","ping_status":"closed","template":"","meta":{"_acf_changed":false,"inline_featured_image":false,"footnotes":""},"class_list":["post-13154","page","type-page","status-publish","has-post-thumbnail","hentry"],"acf":[],"featured_image_urls_v2":{"full":["https:\/\/baycoast.bank\/wp-content\/uploads\/2025\/07\/Financing-A-More-Sustainable-Home.jpg",1920,1171,false],"thumbnail":["https:\/\/baycoast.bank\/wp-content\/uploads\/2025\/07\/Financing-A-More-Sustainable-Home-150x150.jpg",150,150,true],"medium":["https:\/\/baycoast.bank\/wp-content\/uploads\/2025\/07\/Financing-A-More-Sustainable-Home-300x183.jpg",300,183,true],"medium_large":["https:\/\/baycoast.bank\/wp-content\/uploads\/2025\/07\/Financing-A-More-Sustainable-Home-768x468.jpg",768,468,true],"large":["https:\/\/baycoast.bank\/wp-content\/uploads\/2025\/07\/Financing-A-More-Sustainable-Home-1024x625.jpg",1024,625,true],"1536x1536":["https:\/\/baycoast.bank\/wp-content\/uploads\/2025\/07\/Financing-A-More-Sustainable-Home-1536x937.jpg",1536,937,true],"2048x2048":["https:\/\/baycoast.bank\/wp-content\/uploads\/2025\/07\/Financing-A-More-Sustainable-Home.jpg",1920,1171,false]},"post_excerpt_stackable_v2":"<p>Financiar uma casa mais sustent\u00e1vel Solu\u00e7\u00f5es de cr\u00e9dito flex\u00edveis para ajudar os propriet\u00e1rios a tornarem-se ecol\u00f3gicos. Fazer actualiza\u00e7\u00f5es ecol\u00f3gicas na tua casa \u00e9 uma forma inteligente de reduzir a tua pegada ambiental e, ao mesmo tempo, aumentar a efici\u00eancia energ\u00e9tica e apoiar a tua sa\u00fade e bem-estar. Considera estas melhorias impactantes para a sustentabilidade: Substitui a tua bomba de calor: Atualizar para uma bomba de calor ENERGY STAR\u00ae de alta efici\u00eancia pode reduzir as suas contas de energia e aumentar o conforto interior e a qualidade do ar. Melhora o teu sistema s\u00e9tico: Substituir o teu sistema atual por um&hellip;<\/p>\n","category_list_v2":"","author_info_v2":{"name":"BayCoast Marketing","url":"https:\/\/baycoast.bank\/pt-pt\/author\/marketingbaycoastbank-com\/"},"comments_num_v2":"0 comments","publishpress_future_action":{"enabled":false,"date":"2026-05-03 05:28:16","action":"change-status","newStatus":"draft","terms":[],"taxonomy":"translation_priority","extraData":[]},"publishpress_future_workflow_manual_trigger":{"enabledWorkflows":[]},"_links":{"self":[{"href":"https:\/\/baycoast.bank\/pt-pt\/wp-json\/wp\/v2\/pages\/13154","targetHints":{"allow":["GET"]}}],"collection":[{"href":"https:\/\/baycoast.bank\/pt-pt\/wp-json\/wp\/v2\/pages"}],"about":[{"href":"https:\/\/baycoast.bank\/pt-pt\/wp-json\/wp\/v2\/types\/page"}],"author":[{"embeddable":true,"href":"https:\/\/baycoast.bank\/pt-pt\/wp-json\/wp\/v2\/users\/30"}],"replies":[{"embeddable":true,"href":"https:\/\/baycoast.bank\/pt-pt\/wp-json\/wp\/v2\/comments?post=13154"}],"version-history":[{"count":0,"href":"https:\/\/baycoast.bank\/pt-pt\/wp-json\/wp\/v2\/pages\/13154\/revisions"}],"wp:featuredmedia":[{"embeddable":true,"href":"https:\/\/baycoast.bank\/pt-pt\/wp-json\/wp\/v2\/media\/13096"}],"wp:attachment":[{"href":"https:\/\/baycoast.bank\/pt-pt\/wp-json\/wp\/v2\/media?parent=13154"}],"curies":[{"name":"wp","href":"https:\/\/api.w.org\/{rel}","templated":true}]}}