{"id":13196,"date":"2025-02-03T08:16:05","date_gmt":"2025-02-03T13:16:05","guid":{"rendered":"https:\/\/baycoast.bank\/ofertas-paginas-hifi\/conta-corrente-gratuita\/"},"modified":"2025-07-14T14:57:13","modified_gmt":"2025-07-14T18:57:13","slug":"conta-corrente-gratuita","status":"publish","type":"page","link":"https:\/\/baycoast.bank\/pt-pt\/ofertas-paginas-hifi\/conta-corrente-gratuita\/","title":{"rendered":"Conta corrente gratuita"},"content":{"rendered":"<div class=\"lazyblock-main-hero-static-lLfOa wp-block-lazyblock-main-hero-static\"><div class=\"section hero staticHero mainHero\">\n\t<div id=\"heroFlexslider\" class=\"flexslider heroFlexslider backing\" style=\"z-index: 0;\">\n\t\t<ul class=\"slides backing\">\n\t\t\t<li class=\"slide backing\">\n\t\t\t\t<div class=\"backing parallaxContainer\">\n\t\t\t\t\t<div class=\"backing slideImage\" style=\"background-image: url(https:\/\/baycoast.bank\/wp-content\/uploads\/2024\/09\/6.jpg);\" role=\"img\" aria-label=\"Abre uma conta corrente gratuita\"><\/div>\n\t\t\t\t<\/div>\n\t\t\t\t<!-- <div class=\"backing lightOverlay bgWhite\"><\/div>\n\t\t\t\t<div class=\"backing colorOverlay bgGradientBlue\" style=\"opacity: 1; mix-blend-mode: multiply;\"><\/div> -->\n\t\t\t<\/li>\n\t\t<\/ul>\n\t<\/div>\n\t\n\t<div class=\"heroContent\">\n\t\t<div class=\"heroWrapper\">\n\t\t\t<div class=\"heroBlock bgWhite\">\n\n\t\t\t\t<div id=\"heroHeadlineFlexslider\">\n\t\t\t\t\t<ul class=\"slides\">\n\t\t\t\t\t\t<li class=\"slide\">\n\t\t\t\t\t\t\n\t\t\t\t\t\t\t<div class=\"heroBlockHeadline\">\n\t\t\t\t\t\t\t\t<div class=\"h1 h1Smallest blue\">Abre uma conta corrente gratuita<\/div>\n\n\t\t\t\t\t\t\t\t<div class=\"hr bgPrimaryColor\"><\/div>\n\n\t\t\t\t\t\t\t\t<p><\/p>\n\n\t\t\t\t\t\t\t\t<a href=\"https:\/\/apply.baycoast.bank\/apply.aspx?enc=Kw21Wblm1yxpjJabdoZaD8Gt5F8AGMk9HZu4Ma1r7QewstuQif7nTAPMm3uYKgZZHbYxzv1AeuFtgBZYnMq8rA\"><div class=\"btn blue\" role=\"button\" tabindex=\"0\">Abrir uma conta <span class=\"primaryColor\">+<\/span> <div class=\"backing\"><\/div><\/div><\/a>\n\t\t\t\t\t\t\t<\/div>\n\n\t\t\t\t\t\t<\/li>\n\t\t\t\t\t<\/ul>\n\t\t\t\t<\/div>\n\t\t\t\t\n\t\t\t<\/div>\n\t\t<\/div>\t\t\n\t<\/div>\n<\/div><\/div><div class=\"lazyblock-interior-content-QViue wp-block-lazyblock-interior-content\"><div class=\"spacer\"><\/div>\n\n<div class=\"section\">\n\t<div class=\"paddedWrapper\">\n\t\t<div class=\"wrapper flex gutenberg\" style=\"justify-content: center;\">\n\n\t\t\t\n\t\t\t<div class=\"smallWrapper gutenberg\">\n\t\t\t\n\t\t\t\t<div class=\"h3\">Conta corrente gratuita em Massachusetts e Rhode Island, diz adeus \u00e0s taxas. N\u00e3o paga taxas de servi\u00e7o mensais. Sem taxas de transa\u00e7\u00e3o.  <\/div>\n\t\t\t  \n\t\t\t  \t<hr style=\"margin-bottom: 5rem;\">\n\t\t\t\t\n\t\t\t\t\n\n<p>Abre a tua conta corrente GRATUITA <a href=\"https:\/\/apply.baycoast.bank\/apply.aspx?enc=Kw21Wblm1yxpjJabdoZaD8Gt5F8AGMk9HZu4Ma1r7QewstuQif7nTAPMm3uYKgZZHbYxzv1AeuFtgBZYnMq8rA\">online<\/a> ou pessoalmente numa das <a href=\"https:\/\/baycoast.bank\/pt-pt\/localizacoes\/\">ag\u00eancias convenientes<\/a> do BayCoast Bank na Costa Sul de Massachusetts e Rhode Island e poder\u00e1s desfrutar:<\/p>\n\n\n\n<div class=\"wp-block-stackable-button-group stk-block-button-group stk-block stk-9905ddc\" data-block-id=\"9905ddc\"><style>.stk-9905ddc .stk-button-group{flex-direction:row !important;}.stk-9905ddc {margin-bottom:70px !important;top:15px !important;}@media screen and (max-width: 1023px){.stk-9905ddc .stk-button-group{flex-direction:row !important;}}@media screen and (max-width: 767px){.stk-9905ddc .stk-button-group{flex-direction:row !important;}}<\/style><div class=\"stk-row stk-inner-blocks stk-block-content stk-button-group\">\n<div class=\"wp-block-stackable-button stk-block-button stk-block stk-dd07e3f\" data-block-id=\"dd07e3f\"><style>.stk-dd07e3f .stk-button{padding-top:15px !important;padding-right:20px !important;padding-bottom:15px !important;padding-left:20px !important;background:var(--stk-global-color-63884, #fbad18) !important;}.stk-dd07e3f .stk-button__inner-text{font-size:14px !important;color:var(u002du002dstk-global-color-3828, #18428f) !important;font-weight:700 !important;text-transform:uppercase !important;}@media screen and (max-width: 1023px){.stk-dd07e3f .stk-button__inner-text{font-size:14px !important;}}<\/style><a class=\"stk-link stk-button stk--hover-effect-darken\" href=\"https:\/\/apply.baycoast.bank\/apply.aspx?enc=Kw21Wblm1yxpjJabdoZaD8Gt5F8AGMk9HZu4Ma1r7QewstuQif7nTAPMm3uYKgZZHbYxzv1AeuFtgBZYnMq8rA\" target=\"_blank\" rel=\"noreferrer noopener\"><span class=\"has-text-color has-stk-global-color-3828-color stk-button__inner-text\">Abre uma conta<\/span><\/a><\/div>\n<\/div><\/div>\n\n\n\n<p><strong>Obt\u00e9m uma conta corrente GRATUITA, segura e flex\u00edvel do banco em que os habitantes do sudeste da Nova Inglaterra confiam, o BayCoast Bank!<\/strong><\/p>\n\n\n\n<ul class=\"wp-block-list\">\n<li>Sem taxas de servi\u00e7o mensais<\/li>\n\n\n\n<li>Sem requisito de saldo m\u00ednimo<\/li>\n\n\n\n<li>Sem taxas de transa\u00e7\u00e3o<\/li>\n\n\n\n<li>Emiss\u00e3o ilimitada de cheques<\/li>\n\n\n\n<li>Pacote inicial de cheques GR\u00c1TIS<\/li>\n<\/ul>\n\n\n\n<div class=\"wp-block-stackable-spacer stk-block-spacer stk--no-padding stk-block stk-6be27a1\" data-block-id=\"6be27a1\"><\/div>\n\n\n\n<h4 class=\"wp-block-heading\">Porque \u00e9 que a conta corrente pessoal GRATUITA do BayCoast em Rhode Island e Massachusetts \u00e9 a melhor para ti?<\/h4>\n\n\n\n<p>Com a conta Free Personal Checking do BayCoast, n\u00e3o ter\u00e1s de pagar nenhuma taxa de servi\u00e7o mensal nem requisitos de saldo m\u00ednimo, o que a torna a op\u00e7\u00e3o mais simples e acess\u00edvel para as tuas necessidades banc\u00e1rias. Quer estejas apenas a iniciar a tua viagem financeira ou \u00e0 procura de mudar de banco, a nossa conta corrente gratuita foi concebida para te ajudar a gerir o teu dinheiro com facilidade e flexibilidade. <\/p>\n\n\n\n<p>No BayCoast Bank, orgulhamo-nos de ser o melhor banco da comunidade local em<strong> Rhode Island e Massachusetts<\/strong>, empenhados em prestar um servi\u00e7o personalizado com um enfoque nos valores locais. Quando fazes opera\u00e7\u00f5es banc\u00e1rias connosco, est\u00e1s a apoiar um banco que reinveste em empresas, organiza\u00e7\u00f5es e causas locais. A nossa conta Free Personal Checking \u00e9 um reflexo dessa dedica\u00e7\u00e3o, oferecendo-te a liberdade de fazer opera\u00e7\u00f5es banc\u00e1rias sem comiss\u00f5es ocultas ou condi\u00e7\u00f5es complicadas.  <\/p>\n\n\n\n<p>Experimenta a diferen\u00e7a que um banco comunit\u00e1rio local pode fazer com a conta corrente pessoal gratuita do BayCoast.<\/p>\n\n\n\n<div class=\"wp-block-stackable-spacer stk-block-spacer stk--no-padding stk-block stk-7eecf16\" data-block-id=\"7eecf16\"><\/div>\n\n\n\n<p>Se ainda n\u00e3o o fizeste, inscreve-te no banco online e descarrega a nossa aplica\u00e7\u00e3o BayCoast Mobile Banking para desfrutares de todas as conveni\u00eancias da nossa conta corrente GRATUITA enquanto est\u00e1s em movimento!  <\/p>\n\n\n\n<div class=\"wp-block-stackable-columns stk-block-columns stk-block stk-92ad3ed\" data-block-id=\"92ad3ed\"><style>.stk-92ad3ed {margin-bottom:73px !important;}<\/style><div class=\"stk-row stk-inner-blocks stk-block-content stk-content-align stk-92ad3ed-column\">\n<div class=\"wp-block-stackable-column stk-block-column stk-column stk-block stk-f2c5f83\" data-v=\"4\" data-block-id=\"f2c5f83\"><style>@media screen and (min-width: 768px){.stk-f2c5f83 {flex:var(--stk-flex-grow, 1) 1 calc(17.8% - var(--stk-column-gap, 0px) * 3 \/ 4 ) !important;}}<\/style><div class=\"stk-column-wrapper stk-block-column__content stk-container stk-f2c5f83-container stk--no-background stk--no-padding\"><div class=\"stk-block-content stk-inner-blocks stk-f2c5f83-inner-blocks\">\n<div class=\"wp-block-stackable-image stk-block-image stk-block stk-1aed8d0\" data-block-id=\"1aed8d0\"><figure><a class=\"stk-link\" href=\"https:\/\/play.google.com\/store\/search?q=baycoast%20bank&amp;c=apps&amp;hl=en_US&amp;gl=US\" target=\"_blank\" rel=\"noopener\"><span class=\"stk-img-wrapper stk-image--shape-stretch\"><img decoding=\"async\" class=\"stk-img wp-image-1159\" src=\"https:\/\/baycoast.bank\/wp-content\/uploads\/2020\/08\/Google-Play-1.png\" width=\"1024\" height=\"303\" alt=\"Obt&#xE9;m-no no bot&#xE3;o Google Play\" srcset=\"https:\/\/baycoast.bank\/wp-content\/uploads\/2020\/08\/Google-Play-1.png 1024w, https:\/\/baycoast.bank\/wp-content\/uploads\/2020\/08\/Google-Play-1-300x89.png 300w, https:\/\/baycoast.bank\/wp-content\/uploads\/2020\/08\/Google-Play-1-768x227.png 768w\" sizes=\"(max-width: 1024px) 100vw, 1024px\" \/><\/span><\/a><\/figure><\/div>\n<\/div><\/div><\/div>\n\n\n\n<div class=\"wp-block-stackable-column stk-block-column stk-column stk-block stk-c2565d8\" data-v=\"4\" data-block-id=\"c2565d8\"><style>@media screen and (min-width: 768px){.stk-c2565d8 {flex:var(--stk-flex-grow, 1) 1 calc(17.8% - var(--stk-column-gap, 0px) * 3 \/ 4 ) !important;}}<\/style><div class=\"stk-column-wrapper stk-block-column__content stk-container stk-c2565d8-container stk--no-background stk--no-padding\"><div class=\"stk-block-content stk-inner-blocks stk-c2565d8-inner-blocks\">\n<div class=\"wp-block-stackable-image stk-block-image stk-block stk-94b2c42\" data-block-id=\"94b2c42\"><figure><a class=\"stk-link\" href=\"https:\/\/apps.apple.com\/us\/app\/baycoast-bank-mobile\/id575675176\" target=\"_blank\" rel=\"noopener\"><span class=\"stk-img-wrapper stk-image--shape-stretch\"><img decoding=\"async\" class=\"stk-img wp-image-1158\" src=\"https:\/\/baycoast.bank\/wp-content\/uploads\/2020\/08\/App-Store-1.png\" width=\"500\" height=\"148\" alt=\"Dispon&#xED;vel no bot&#xE3;o da App Store\" srcset=\"https:\/\/baycoast.bank\/wp-content\/uploads\/2020\/08\/App-Store-1.png 500w, https:\/\/baycoast.bank\/wp-content\/uploads\/2020\/08\/App-Store-1-300x89.png 300w\" sizes=\"(max-width: 500px) 100vw, 500px\" \/><\/span><\/a><\/figure><\/div>\n<\/div><\/div><\/div>\n\n\n\n<div class=\"wp-block-stackable-column stk-block-column stk-column stk-block stk-9cd524a\" data-v=\"4\" data-block-id=\"9cd524a\"><style>@media screen and (min-width: 768px){.stk-9cd524a {flex:var(--stk-flex-grow, 1) 1 calc(39.39999999999999% - var(--stk-column-gap, 0px) * 3 \/ 4 ) !important;}}<\/style><div class=\"stk-column-wrapper stk-block-column__content stk-container stk-9cd524a-container stk--no-background stk--no-padding\"><div class=\"stk-block-content stk-inner-blocks stk-9cd524a-inner-blocks\"><\/div><\/div><\/div>\n\n\n\n<div class=\"wp-block-stackable-column stk-block-column stk-column stk-block stk-40c378e\" data-v=\"4\" data-block-id=\"40c378e\"><style>@media screen and (min-width: 768px){.stk-40c378e {flex:var(--stk-flex-grow, 1) 1 calc(25% - var(--stk-column-gap, 0px) * 3 \/ 4 ) !important;}}<\/style><div class=\"stk-column-wrapper stk-block-column__content stk-container stk-40c378e-container stk--no-background stk--no-padding\"><div class=\"stk-block-content stk-inner-blocks stk-40c378e-inner-blocks\"><\/div><\/div><\/div>\n<\/div><\/div>\n\n\n\n<div class=\"wp-block-stackable-heading stk-block-heading stk-block-heading--v2 stk-block stk-16d310f\" id=\"benefits-amp-pricing\" data-block-id=\"16d310f\"><h3 class=\"stk-block-heading__text\">Benef\u00edcios e pre\u00e7os<\/h3><\/div>\n\n\n\n<div class=\"wp-block-stackable-tabs stk-block-tabs stk-block stk-6be3a60 stk-block-background\" data-initial-tab=\"1\" data-block-id=\"6be3a60\"><style>.stk-6be3a60 .stk-block-tab-content .stk-block-content .stk-block-column[hidden]{display:none !important;}.stk-6be3a60 {background-color:#00000000 !important;margin-bottom:43px !important;}.stk-6be3a60:before{background-color:#00000000 !important;}<\/style><div class=\"stk-row stk-inner-blocks stk-block-content stk-block-tabs--vertical stk-block-tabs--fade stk-content-align stk-6be3a60-column\">\n<div class=\"wp-block-stackable-tab-labels stk-block-tab-labels stk-block stk-be8abaa is-style-classic\" data-block-id=\"be8abaa\"><style>.stk-be8abaa {--tabs-column-gap:10px !important;--tabs-row-gap:20px !important;overflow:hidden !important;box-shadow:inset -1px 0px 0px 0px #000000ff !important;}.stk-be8abaa .stk-block-tabs__tab{color:var(--stk-global-color-3828, #18428f) !important;background:#ffffff !important;border-style:solid !important;border-color:var(--stk-global-color-3828, #18428f) !important;border-top-width:1px !important;border-right-width:1px !important;border-bottom-width:1px !important;border-left-width:1px !important;}.stk-be8abaa .stk-block-tabs__tab.stk-block-tabs__tab--active .stk-block-tab-labels__text{color:var(--stk-global-color-3828, #18428f) !important;}.stk-be8abaa .stk-block-tab-labels__text{text-shadow:none !important;font-size:16px !important;color:var(--stk-global-color-3828, #18428f) !important;}.stk-be8abaa .stk-block-tabs__tab .stk--inner-svg svg:last-child, .stk-be8abaa .stk-block-tabs__tab .stk--inner-svg svg:last-child :is(g, path, rect, polygon, ellipse){fill:#000000 !important;}.stk-be8abaa .stk-block-tabs__tab.stk-block-tabs__tab--active{background:#ffffff !important;border-color:#000000 !important;border-top-width:1px !important;border-right-width:0px !important;border-bottom-width:1px !important;border-left-width:1px !important;}@media screen and (max-width: 1023px){.stk-be8abaa .stk-block-tab-labels__text{font-size:16px !important;}}<\/style><div class=\"stk-block-tab-labels__wrapper\" role=\"tablist\"><button class=\"stk-block-tabs__tab\" role=\"tab\"><div class=\"stk-block-tab-labels__text\"><span>Taxa mensal de servi\u00e7o de manuten\u00e7\u00e3o<\/span><\/div><\/button><button class=\"stk-block-tabs__tab\" role=\"tab\"><div class=\"stk-block-tab-labels__text\"><span>M\u00ednimo para abrir uma conta<\/span><\/div><\/button><button class=\"stk-block-tabs__tab\" role=\"tab\"><div class=\"stk-block-tab-labels__text\"><span>Taxa<\/span><\/div><\/button><button class=\"stk-block-tabs__tab\" role=\"tab\"><div class=\"stk-block-tab-labels__text\"><span>Taxa de servi\u00e7o ATM<\/span><\/div><\/button><button class=\"stk-block-tabs__tab\" role=\"tab\"><div class=\"stk-block-tab-labels__text\"><span>Check Orders<\/span><\/div><\/button><button class=\"stk-block-tabs__tab\" role=\"tab\"><div class=\"stk-block-tab-labels__text\"><span>Other Features<\/span><\/div><\/button><\/div><\/div>\n\n\n\n<div class=\"wp-block-stackable-tab-content stk-block-tab-content stk-block stk-8af658e\" data-block-id=\"8af658e\"><div class=\"stk-row stk-inner-blocks stk-block-content stk-content-align stk-8af658e-column\">\n<div class=\"wp-block-stackable-column stk-block-column stk-column stk-block stk-db27724\" data-v=\"4\" role=\"tabpanel\" data-block-id=\"db27724\"><div class=\"stk-column-wrapper stk-block-column__content stk-container stk-db27724-container stk--no-background stk--no-padding\"><div class=\"stk-block-content stk-inner-blocks stk-db27724-inner-blocks\">\n<div class=\"wp-block-stackable-text stk-block-text stk-block stk-491991b\" id=\"none\" data-block-id=\"491991b\"><p class=\"stk-block-text__text\">N\u00e3o tens<\/p><\/div>\n<\/div><\/div><\/div>\n\n\n\n<div class=\"wp-block-stackable-column stk-block-column stk-column stk-block stk-8e141b3\" data-v=\"4\" role=\"tabpanel\" data-block-id=\"8e141b3\"><div class=\"stk-column-wrapper stk-block-column__content stk-container stk-8e141b3-container stk--no-background stk--no-padding\"><div class=\"stk-block-content stk-inner-blocks stk-8e141b3-inner-blocks\">\n<div class=\"wp-block-stackable-text stk-block-text stk-block stk-4ec0426\" data-block-id=\"4ec0426\"><p class=\"stk-block-text__text\">\u00c9 necess\u00e1rio um dep\u00f3sito de $10,00 para abrir esta conta. (1)<\/p><\/div>\n<\/div><\/div><\/div>\n\n\n\n<div class=\"wp-block-stackable-column stk-block-column stk-column stk-block stk-6c22b73\" data-v=\"4\" role=\"tabpanel\" data-block-id=\"6c22b73\"><div class=\"stk-column-wrapper stk-block-column__content stk-container stk-6c22b73-container stk--no-background stk--no-padding\"><div class=\"stk-block-content stk-inner-blocks stk-6c22b73-inner-blocks\">\n<div class=\"wp-block-stackable-text stk-block-text stk-block stk-455bf32\" data-block-id=\"455bf32\"><p class=\"stk-block-text__text\">Esta conta n\u00e3o rende juros.<\/p><\/div>\n<\/div><\/div><\/div>\n\n\n\n<div class=\"wp-block-stackable-column stk-block-column stk-column stk-block stk-f186c22\" data-v=\"4\" role=\"tabpanel\" data-block-id=\"f186c22\"><div class=\"stk-column-wrapper stk-block-column__content stk-container stk-f186c22-container stk--no-background stk--no-padding\"><div class=\"stk-block-content stk-inner-blocks stk-f186c22-inner-blocks\">\n<div class=\"wp-block-stackable-text stk-block-text stk-block stk-9004c44\" data-block-id=\"9004c44\"><p class=\"stk-block-text__text\">Todas as taxas de servi\u00e7o de ATM s\u00e3o isentas nos ATMs do BayCoast Bank. Outras institui\u00e7\u00f5es financeiras podem cobrar uma taxa de multibanco. (3)<\/p><\/div>\n<\/div><\/div><\/div>\n\n\n\n<div class=\"wp-block-stackable-column stk-block-column stk-column stk-block stk-591cdc0\" data-v=\"4\" role=\"tabpanel\" data-block-id=\"591cdc0\"><div class=\"stk-column-wrapper stk-block-column__content stk-container stk-591cdc0-container stk--no-background stk--no-padding\"><div class=\"stk-block-content stk-inner-blocks stk-591cdc0-inner-blocks\">\n<div class=\"wp-block-stackable-text stk-block-text stk-block stk-e8187a8\" data-block-id=\"e8187a8\"><p class=\"stk-block-text__text\">Pacote inicial de cheques GR\u00c1TIS (2)<\/p><\/div>\n<\/div><\/div><\/div>\n\n\n\n<div class=\"wp-block-stackable-column stk-block-column stk-column stk-block stk-a61ae46\" data-v=\"4\" role=\"tabpanel\" data-block-id=\"a61ae46\"><div class=\"stk-column-wrapper stk-block-column__content stk-container stk-a61ae46-container stk--no-background stk--no-padding\"><div class=\"stk-block-content stk-inner-blocks stk-a61ae46-inner-blocks\">\n<div class=\"wp-block-stackable-text stk-block-text stk-block stk-949dbfc\" data-block-id=\"949dbfc\"><p class=\"stk-block-text__text\">Os cheques emitidos nesta conta n\u00e3o est\u00e3o sujeitos a qualquer taxa.<\/p><\/div>\n<\/div><\/div><\/div>\n<\/div><\/div>\n<\/div><\/div>\n\n\n\n<p class=\"has-small-font-size\"><em>Membro do FDIC. Membro DIF. (1) Ser\u00e1 cobrada uma comiss\u00e3o de encerramento antecipado de $25,00 se esta conta for encerrada no prazo de seis (6) meses ap\u00f3s a abertura da conta. (2) Um pacote inicial gratuito inclui 40 cheques. As taxas para pedidos de cheques adicionais variam de acordo com o n\u00famero e o estilo dos cheques selecionados.     (3). Consulta a divulga\u00e7\u00e3o de Taxas e Encargos Diversos para saberes quais as taxas adicionais que podem ser cobradas, incluindo, mas n\u00e3o se limitando a, taxas de servi\u00e7o de ATM e taxas de insufici\u00eancia de fundos.<\/em><\/p>\n\n\n\n<div class=\"wp-block-stackable-spacer stk-block-spacer stk--no-padding stk-block stk-6d50f94\" data-block-id=\"6d50f94\"><\/div>\n\n\n\t\t\t<\/div>\n\n\t\t<\/div>\n\t<\/div>\n<\/div> <\/div><div class=\"lazyblock-looking-for-more-QrDJK wp-block-lazyblock-looking-for-more\"><div class=\"spacer\"><\/div>\n\n<div class=\"section\">\n\t<div class=\"paddedWrapper\">\n\t\t<div class=\"wrapper\">\n\t\t\t<div class=\"mediumWrapper\">\n\n\t\t\t\t<div class=\"lookingForMore\">\n\t\t\t\t\t<h4 class=\"blue h3 hide\">Pretende algo mais?<\/h4><!--\n\t\t\t\t\t--><div class=\"moreLinkList\">\n\t\t\t\t\t\t\t\t\t\t\t\t\t<a href=\"\"><div class=\"moreBtn hide\">Verifica\u00e7\u00e3o ativa  <span class=\"primaryColor\">+<\/span> <div class=\"backing\"><\/div><\/div><\/a>\n        \t\t\t\t\t\t\t\t\t\t\t<a href=\"\"><div class=\"moreBtn hide\">Conta \u00e0 ordem Direta <span class=\"primaryColor\">+<\/span> <div class=\"backing\"><\/div><\/div><\/a>\n        \t\t\t\t\t\t\t\t\t\t\t<a href=\"\"><div class=\"moreBtn hide\">Conta \u00e0 ordem Preferencial <span class=\"primaryColor\">+<\/span> <div class=\"backing\"><\/div><\/div><\/a>\n        \t\t\t\t\t\t\t\t\t\t\t<a href=\"\"><div class=\"moreBtn hide\">Verifica\u00e7\u00e3o de alunos <span class=\"primaryColor\">+<\/span> <div class=\"backing\"><\/div><\/div><\/a>\n        \t\t\t\t\t\t\t\t\t\t\t<a href=\"\"><div class=\"moreBtn hide\">Conta \u00e0 ordem S\u00e9nior <span class=\"primaryColor\">+<\/span> <div class=\"backing\"><\/div><\/div><\/a>\n        \t\t\t\t\t\t\t\t\t\t\t<a href=\"\"><div class=\"moreBtn hide\">Compare as nossas contas <span class=\"primaryColor\">+<\/span> <div class=\"backing\"><\/div><\/div><\/a>\n        \t\t\t\t\t\t\t\t\t\t\t<a href=\"\"><div class=\"moreBtn hide\">Poupan\u00e7as particulares <span class=\"primaryColor\">+<\/span> <div class=\"backing\"><\/div><\/div><\/a>\n        \t\t\t\t\t\t\t\t\t<\/div>\n\t\t\t\t<\/div>\n\n\t\t\t<\/div>\n\t\t<\/div>\n\t<\/div>\n<\/div> <\/div>","protected":false},"excerpt":{"rendered":"","protected":false},"author":20,"featured_media":12155,"parent":10934,"menu_order":21,"comment_status":"closed","ping_status":"closed","template":"","meta":{"_acf_changed":false,"inline_featured_image":false,"footnotes":""},"class_list":["post-13196","page","type-page","status-publish","has-post-thumbnail","hentry"],"acf":[],"featured_image_urls_v2":{"full":["https:\/\/baycoast.bank\/wp-content\/uploads\/2024\/09\/6.jpg",1573,920,false],"thumbnail":["https:\/\/baycoast.bank\/wp-content\/uploads\/2024\/09\/6-150x150.jpg",150,150,true],"medium":["https:\/\/baycoast.bank\/wp-content\/uploads\/2024\/09\/6-300x175.jpg",300,175,true],"medium_large":["https:\/\/baycoast.bank\/wp-content\/uploads\/2024\/09\/6-768x449.jpg",768,449,true],"large":["https:\/\/baycoast.bank\/wp-content\/uploads\/2024\/09\/6-1024x599.jpg",1024,599,true],"1536x1536":["https:\/\/baycoast.bank\/wp-content\/uploads\/2024\/09\/6-1536x898.jpg",1536,898,true],"2048x2048":["https:\/\/baycoast.bank\/wp-content\/uploads\/2024\/09\/6.jpg",1573,920,false]},"post_excerpt_stackable_v2":"<p>Abre uma conta corrente gratuita Abrir uma conta + Conta corrente gratuita em Massachusetts e Rhode Island, diz adeus \u00e0s taxas. N\u00e3o paga taxas de servi\u00e7o mensais. Sem taxas de transa\u00e7\u00e3o. Abre a tua conta corrente GRATUITA online ou pessoalmente numa das ag\u00eancias convenientes do BayCoast Bank na Costa Sul de Massachusetts e Rhode Island e poder\u00e1s desfrutar: Abre uma conta Obt\u00e9m uma conta corrente GRATUITA, segura e flex\u00edvel do banco em que os habitantes do sudeste da Nova Inglaterra confiam, o BayCoast Bank! Sem taxas de servi\u00e7o mensais Sem requisito de saldo m\u00ednimo Sem taxas de transa\u00e7\u00e3o Emiss\u00e3o ilimitada&hellip;<\/p>\n","category_list_v2":"","author_info_v2":{"name":"kcaisse","url":"https:\/\/baycoast.bank\/pt-pt\/author\/kcaisse\/"},"comments_num_v2":"0 comments","publishpress_future_action":{"enabled":false,"date":"2026-05-08 21:18:57","action":"change-status","newStatus":"draft","terms":[],"taxonomy":"translation_priority","extraData":[]},"publishpress_future_workflow_manual_trigger":{"enabledWorkflows":[]},"_links":{"self":[{"href":"https:\/\/baycoast.bank\/pt-pt\/wp-json\/wp\/v2\/pages\/13196","targetHints":{"allow":["GET"]}}],"collection":[{"href":"https:\/\/baycoast.bank\/pt-pt\/wp-json\/wp\/v2\/pages"}],"about":[{"href":"https:\/\/baycoast.bank\/pt-pt\/wp-json\/wp\/v2\/types\/page"}],"author":[{"embeddable":true,"href":"https:\/\/baycoast.bank\/pt-pt\/wp-json\/wp\/v2\/users\/20"}],"replies":[{"embeddable":true,"href":"https:\/\/baycoast.bank\/pt-pt\/wp-json\/wp\/v2\/comments?post=13196"}],"version-history":[{"count":0,"href":"https:\/\/baycoast.bank\/pt-pt\/wp-json\/wp\/v2\/pages\/13196\/revisions"}],"up":[{"embeddable":true,"href":"https:\/\/baycoast.bank\/pt-pt\/wp-json\/wp\/v2\/pages\/10934"}],"wp:featuredmedia":[{"embeddable":true,"href":"https:\/\/baycoast.bank\/pt-pt\/wp-json\/wp\/v2\/media\/12155"}],"wp:attachment":[{"href":"https:\/\/baycoast.bank\/pt-pt\/wp-json\/wp\/v2\/media?parent=13196"}],"curies":[{"name":"wp","href":"https:\/\/api.w.org\/{rel}","templated":true}]}}