{"id":7055,"date":"2020-06-29T16:18:56","date_gmt":"2020-06-29T20:18:56","guid":{"rendered":"https:\/\/baycoast.bank\/quem-somos\/"},"modified":"2024-07-24T14:25:48","modified_gmt":"2024-07-24T18:25:48","slug":"quem-somos","status":"publish","type":"page","link":"https:\/\/baycoast.bank\/pt-pt\/quem-somos\/","title":{"rendered":"Quem somos"},"content":{"rendered":"<div class=\"lazyblock-interior-hero-Z2wXRzb wp-block-lazyblock-interior-hero\">\n<div class=\"section hero\">\n\t<div class=\"backing parallaxContainer\">\n\t\t<div class=\"backing\" style=\"background-image: url(https:\/\/baycoast.bank\/wp-content\/uploads\/2021\/12\/about-us-hero.png\" role=\"img\" aria-label=\"Hero Image\"><\/div>\n\t<\/div>\n\n\t<div class=\"heroContent\">\n\t\t<div class=\"plusPlus blue\" ><\/div>\n\t\t\n\t\t<div class=\"heroWrapper\">\n\t\t\t<div class=\"heroBlock bgWhite\">\n\t\t\t\t\n\t\t\t\t<div class=\"heroBlockHeadline\">\n\n\t\t\t\t\t\t\t\t\t\t\n\t\t\t\t\t<h1 class=\"blue\">Quem somos<\/h1>\n\t\t\t\t<\/div>\n\t\t\t<\/div>\n\t\t\t    \t\n\t\t\t\n\t\t<\/div>\n\t<\/div>\n<\/div> \n\n<div class=\"spacer\"><\/div><\/div><div class=\"lazyblock-interior-content-ZIT0va wp-block-lazyblock-interior-content\"><div class=\"spacer\"><\/div>\n\n<div class=\"section\">\n\t<div class=\"paddedWrapper\">\n\t\t<div class=\"wrapper flex gutenberg\" style=\"justify-content: center;\">\n\n\t\t\t\n\t\t\t<div class=\"smallWrapper gutenberg\">\n\t\t\t\n\t\t\t\t<div class=\"h3\">No BayCoast Bank temos orgulho em servir as pessoas e as empresas de Massachusetts e Rhode Island. <\/div>\n\t\t\t  \n\t\t\t  \t<hr style=\"margin-bottom: 5rem;\">\n\t\t\t\t\n\t\t\t\t\n\n<p>O BayCoast acredita na import\u00e2ncia do envolvimento com a comunidade e disponibiliza um vasto leque de servi\u00e7os financeiros. Somos os seus amigos e vizinhos, empenhados em ajudar as comunidades nos locais onde vivemos e trabalhamos. Oferecemos uma grande variedade de solu\u00e7\u00f5es financeiras que se adaptam \u00e0 sua viv\u00eancia e estilo de vida. Sabemos que tem os seus objetivos financeiros e n\u00f3s estamos aqui para ajudar a conquist\u00e1-los. <\/p>\n\n\n\n<div style=\"height:20px\" aria-hidden=\"true\" class=\"wp-block-spacer\"><\/div>\n\n\n\n<h3 class=\"wp-block-heading\">A nossa hist\u00f3ria<\/h3>\n\n\n\n<div class=\"wp-block-columns is-layout-flex wp-container-core-columns-is-layout-9d6595d7 wp-block-columns-is-layout-flex\">\n<div class=\"wp-block-column is-layout-flow wp-block-column-is-layout-flow\">\n<p>O BayCoast Bank \u00e9 um banco comunit\u00e1rio de longa data, que presta servi\u00e7os aos seus clientes desde 1851. Constitu\u00eddo originalmente em Tiverton, em Rhode Island, o BayCoast Bank apresentou-se pela primeira vez como <em>The Savings Bank<\/em>, e abriu as suas portas no dia 1 de dezembro desse ano. Em 1862, uma altera\u00e7\u00e3o nos limites do estado transferiu o <em>The Savings Bank<\/em> para o lado de Massachusetts. Durante mais de um s\u00e9culo, teve a sua casa na cidade de Fall River e, em 2001, a sua sede foi transferida para Swansea.<\/p>\n\n\n\n<p>Sentimo-nos muito honrados pelas nossa tradi\u00e7\u00e3o de muitas d\u00e9cadas de servi\u00e7os financeiros nesta zona. Atualmente, estamos mais empenhados do que nunca e temos o privil\u00e9gio de lhe continuar a prestar um servi\u00e7o excecional, tal como fizemos com os seus pais, av\u00f3s e bisav\u00f3s.<\/p>\n<\/div>\n\n\n\n<div class=\"wp-block-column is-layout-flow wp-block-column-is-layout-flow\">\n<div style=\"height:20px\" aria-hidden=\"true\" class=\"wp-block-spacer\"><\/div>\n\n\n\n<figure class=\"wp-block-image size-full\"><img decoding=\"async\" width=\"750\" height=\"750\" src=\"https:\/\/baycoast.bank\/wp-content\/uploads\/2021\/12\/170-years-circle.png\" alt=\"\" class=\"wp-image-4016\" srcset=\"https:\/\/baycoast.bank\/wp-content\/uploads\/2021\/12\/170-years-circle.png 750w, https:\/\/baycoast.bank\/wp-content\/uploads\/2021\/12\/170-years-circle-300x300.png 300w, https:\/\/baycoast.bank\/wp-content\/uploads\/2021\/12\/170-years-circle-150x150.png 150w\" sizes=\"(max-width: 750px) 100vw, 750px\" \/><\/figure>\n<\/div>\n<\/div>\n\n\n\n<h3 class=\"wp-block-heading\">A nossa miss\u00e3o<\/h3>\n\n\n\n<p>No BayCoast Bank, somos uma comunidade de pessoas que ajuda as pessoas. A nossa miss\u00e3o \u00e9 oferecer servi\u00e7os e solu\u00e7\u00f5es excecionais \u00e0 nossa comunidade.<\/p>\n\n\n\n<div style=\"height:20px\" aria-hidden=\"true\" class=\"wp-block-spacer\"><\/div>\n\n\n\n<h3 class=\"wp-block-heading\">Os nossos valores<\/h3>\n\n\n\n<p>Temos um forte conjunto de valores que nos guiam no nosso trabalho di\u00e1rio. No BayCoast Bank, a presta\u00e7\u00e3o de um servi\u00e7o ao cliente excecional assenta em quatro valores essenciais. Como funcion\u00e1rio do BayCoast, vou:<\/p>\n\n\n\n<ul class=\"wp-block-list\">\n<li>Ter orgulho no que fa\u00e7o.<\/li>\n\n\n\n<li>Acreditar que o meu trabalho \u00e9 importante.<\/li>\n\n\n\n<li>Preocupar-me com as pessoas.<\/li>\n\n\n\n<li>Ter uma atitude positiva.<\/li>\n<\/ul>\n\n\n\n<div style=\"height:40px\" aria-hidden=\"true\" class=\"wp-block-spacer\"><\/div>\n\n\n\n<hr class=\"wp-block-separator has-text-color has-css-opacity has-background is-style-wide\" style=\"background-color:#fbad18;color:#fbad18\"\/>\n\n\n\n<div style=\"height:20px\" aria-hidden=\"true\" class=\"wp-block-spacer\"><\/div>\n\n\n\n<h3 class=\"wp-block-heading\"><strong>Os nossos servi\u00e7os<\/strong><\/h3>\n\n\n\n<p>Seja para abrir uma conta \u00e0 ordem ou uma conta poupan\u00e7a, realizar dep\u00f3sitos a prazo ou solicitar um empr\u00e9stimo autom\u00f3vel, estamos aqui para lhe oferecer as solu\u00e7\u00f5es que precisa. <\/p>\n\n\n\n<div style=\"height:10px\" aria-hidden=\"true\" class=\"wp-block-spacer\"><\/div>\n\n\n\n<p class=\"has-stk-global-color-3828-color has-text-color\" style=\"font-size:18px\"><strong>As solu\u00e7\u00f5es banc\u00e1rias para particulares incluem:<\/strong><\/p>\n\n\n\n<ul class=\"wp-block-list\">\n<li><a href=\"https:\/\/baycoast.bank\/pt-pt\/particular\/conta-a-ordem-particular\/\">Conta \u00e0 ordem<\/a><\/li>\n\n\n\n<li><a href=\"https:\/\/baycoast.bank\/pt-pt\/particular\/poupancas\/\">Poupan\u00e7as<\/a><\/li>\n\n\n\n<li><a href=\"https:\/\/baycoast.bank\/pt-pt\/particular\/credito\/\">Empr\u00e9stimos<\/a><\/li>\n\n\n\n<li><a href=\"https:\/\/baycoast.bank\/pt-pt\/particular\/investimento\/\">Investimento<\/a><\/li>\n\n\n\n<li><a href=\"https:\/\/baycoast.bank\/pt-pt\/banco-online\/\">Banco Online<\/a><\/li>\n\n\n\n<li><a href=\"https:\/\/baycoast.bank\/pt-pt\/outros-servicos\/\">Servi\u00e7os adicionais<\/a><\/li>\n<\/ul>\n\n\n\n<p class=\"has-stk-global-color-3828-color has-text-color\" style=\"font-size:18px\"><strong>As solu\u00e7\u00f5es banc\u00e1rias para empresas incluem:<\/strong><\/p>\n\n\n\n<ul class=\"wp-block-list\">\n<li><a href=\"https:\/\/baycoast.bank\/pt-pt\/empresas\/conta-a-ordem-empresarial\/\">Conta \u00e0 ordem<\/a><\/li>\n\n\n\n<li><a href=\"https:\/\/baycoast.bank\/pt-pt\/empresas\/poupancas\/\">Poupan\u00e7as<\/a><\/li>\n\n\n\n<li><a href=\"https:\/\/baycoast.bank\/pt-pt\/empresas\/credito\/\">Cr\u00e9dito<\/a><\/li>\n\n\n\n<li><a href=\"https:\/\/baycoast.bank\/pt-pt\/empresas\/servicos\/\">Servi\u00e7os adicionais<\/a><\/li>\n<\/ul>\n\n\n\n<hr class=\"wp-block-separator has-text-color has-css-opacity has-background is-style-wide\" style=\"background-color:#fbad18;color:#fbad18\"\/>\n\n\n\n<h3 class=\"wp-block-heading\"><strong>Relat\u00f3rio de contas 2023<\/strong><\/h3>\n\n\n\n<div class=\"wp-block-stackable-spacer stk-block-spacer stk--no-padding stk-block stk-92669ca\" data-block-id=\"92669ca\"><style>.stk-92669ca{height:25px !important}<\/style><\/div>\n\n\n\n<div style=\"position:relative;padding-top:max(60%,326px);height:0;width:100%\"><iframe allow=\"clipboard-write\" sandbox=\"allow-top-navigation allow-top-navigation-by-user-activation allow-downloads allow-scripts allow-same-origin allow-popups allow-modals allow-popups-to-escape-sandbox allow-forms\" allowfullscreen=\"true\" style=\"position:absolute;border:none;width:100%;height:100%;left:0;right:0;top:0;bottom:0;\" src=\"https:\/\/e.issuu.com\/embed.html?backgroundColor=%23ffffff&#038;backgroundColorFullscreen=%23ffffff&#038;d=2023_annualreport_with_financials_1_&#038;hideIssuuLogo=true&#038;logoImageUrl=https%3A%2F%2Fbaycoast.bank%2Fwp-content%2Fuploads%2F2022%2F12%2FBayCoast-Bank-Logo_Full-Color.png&#038;u=baycoastbank\"><\/iframe><\/div>\n\n\n\n<hr class=\"wp-block-separator has-text-color has-css-opacity has-background is-style-wide\" style=\"background-color:#fbad18;color:#fbad18\"\/>\n\n\n\n<div style=\"height:40px\" aria-hidden=\"true\" class=\"wp-block-spacer\"><\/div>\n\n\n\n<h3 class=\"wp-block-heading\">A nossa Fam\u00edlia de Servi\u00e7os<\/h3>\n\n\n\n<p>No BayCoast, n\u00e3o somos apenas um banco. Somos uma fam\u00edlia e queremos ajudar para que consiga compreender toda a sua situa\u00e7\u00e3o financeira. Atrav\u00e9s da nossa Fam\u00edlia de Servi\u00e7os do BayCoast, podemos ajudar a gerir todas as suas necessidades financeiras enquanto trabalha para melhorar o seu bem-estar financeiro. Isto inclui servi\u00e7os de investimento e de reforma, coberturas de seguro e muito mais.<\/p>\n\n\n\n<div style=\"height:20px\" aria-hidden=\"true\" class=\"wp-block-spacer\"><\/div>\n\n\n\t\t\t<\/div>\n\n\t\t<\/div>\n\t<\/div>\n<\/div> <\/div><div class=\"lazyblock-left-image-right-text-2tN2N9 wp-block-lazyblock-left-image-right-text\"><div class=\"spacer\"><\/div>\n\n<div class=\"section overlap-section\">\n\t<div class=\"wrapper\">\n\t\t\n\t\t<div class=\"absoluteRight overlapContent bgWhite\">\n\t\t\t<div class=\"flex hide\">\n\t\t\t\t<div class=\"line\"><\/div>\n\t\t\t\t<div class=\"h6 blue\">Banco<\/div>\n\t\t\t<\/div>\n\t\t\t\n\t\t\t<div class=\"hide\">\n\t\t\t\t  \n\t\t\t    \t<div class=\"h3 blue\">BayCoast Bank<\/div>\n\t\t\t  \t\t\t\t  \n\t\t\t  \t\n\n<p>Constitu\u00eddo em 1851, o BayCoast Bank \u00e9 um banco comunit\u00e1rio, que serve as pessoas e as empresas da Costa Sul de Massachusetts e de Rhode Island. Oferecemos solu\u00e7\u00f5es banc\u00e1rias que s\u00e3o as indicadas \u201cJust Right\u00ae\u201d para o seu estilo de vida agitado.<\/p>\n\n\t\t\t<\/div>\n\t\t\t\n\t\t\t\t\t<\/div>\n\t\n\t\t<div class=\"visual hide\" style=\"width: 60%;\">\n\t\t\t<div class=\"plusBackground plusDesign plusRight\" style=\"bottom: -90px; top: auto;\"><\/div>\n\t\t\t<div class=\"backing\" style=\"background-image: url(https:\/\/baycoast.bank\/wp-content\/uploads\/2021\/04\/iStock-1257805716-min-e1618505502752.jpg);\" role=\"img\" aria-label=\"BayCoast Bank\"><\/div>\n\t\t<\/div>\n\n\t<\/div>\n<\/div><\/div><div class=\"lazyblock-right-image-left-text-2bEsu5 wp-block-lazyblock-right-image-left-text\"><div class=\"spacer\"><\/div>\n\n<div class=\"section overlap-section\">\n\t<div class=\"wrapper\">\n\t\t\n\t\t<div class=\"absoluteLeft overlapContent bgWhite\">\n\t\t\t<div class=\"flex hide\">\n\t\t\t\t<div class=\"line\"><\/div>\n\t\t\t\t<div class=\"h6 blue\">Hipoteca<\/div>\n\t\t\t<\/div>\n\t\t\t\n\t\t\t  \n\t\t\t    <div class=\"h3 blue\">BayCoast Mortgage Company<\/div>\n\t\t\t\t\t\t  \n\t\t\t\n\n<p>Quando precisa de solu\u00e7\u00f5es de hipoteca de qualidade, fale com a BayCoast Mortgage Company. Somos uma institui\u00e7\u00e3o credora completa, oferecendo as melhores solu\u00e7\u00f5es da ind\u00fastria para a aquisi\u00e7\u00e3o de resid\u00eancia, refinanciamento, renova\u00e7\u00e3o e empr\u00e9stimos de constru\u00e7\u00e3o. Temos a flexibilidade necess\u00e1ria para oferecer produtos e servi\u00e7os de qualidade superior, tornando o processo simples e pr\u00e1tico.<\/p>\n\n\t\t\t  \n\t\t\t\t\t\t\t<a href=\"https:\/\/www.baycoastmortgage.com\/\" target=\"_blank\" rel=\"noopener\"><div class=\"btn blue hide\" role=\"button\" tabindex=\"0\">Visite o BayCoast Mortgage <span class=\"primaryColor\">+<\/span> <div class=\"backing\"><\/div><\/div><\/a>\n\t\t\t\t\t<\/div>\n\t\n\t\t<div class=\"visual marginRight hide\" style=\"width: 60%;\">\n\t\t\t<div class=\"plusBackground plusDesign plusRight\" style=\"bottom: -90px; top: auto;\"><\/div>\n\t\t\t<div class=\"backing\" style=\"background-image: url(https:\/\/baycoast.bank\/wp-content\/uploads\/2021\/04\/iStock-1256023753-min.jpg);\" role=\"img\" aria-label=\"BayCoast Mortgage Company\" role=\"img\" aria-label=\"BayCoast Mortgage Company image\"><\/div>\n\t\t<\/div>\n\n\t<\/div>\n<\/div><\/div><div class=\"lazyblock-left-image-right-text-Z1uiqVq wp-block-lazyblock-left-image-right-text\"><div class=\"spacer\"><\/div>\n\n<div class=\"section overlap-section\">\n\t<div class=\"wrapper\">\n\t\t\n\t\t<div class=\"absoluteRight overlapContent bgWhite\">\n\t\t\t<div class=\"flex hide\">\n\t\t\t\t<div class=\"line\"><\/div>\n\t\t\t\t<div class=\"h6 blue\">Investimento<\/div>\n\t\t\t<\/div>\n\t\t\t\n\t\t\t<div class=\"hide\">\n\t\t\t\t  \n\t\t\t    \t<div class=\"h3 blue\">Plimoth Investment Advisors<\/div>\n\t\t\t  \t\t\t\t  \n\t\t\t  \t\n\n<p>A Plimoth Investment Advisors tem uma longa hist\u00f3ria de sucesso na gest\u00e3o de carteiras, tanto para clientes particulares como empresas. Estamos focados em criar uma experi\u00eancia \u00fanica e personalizada a cada um dos nossos clientes, para ajudar no desenvolvimento do seu plano de investimento, adequado aos seus objetivos financeiros espec\u00edficos.<\/p>\n\n\t\t\t<\/div>\n\t\t\t\n\t\t\t\t\t\t  \t<a href=\"https:\/\/www.plimothinvestmentadvisors.com\/\" target=\"_blank\" rel=\"noopener\"><div class=\"btn blue hide\" role=\"button\" tabindex=\"0\">Visite a Plimoth Investments <span class=\"primaryColor\">+<\/span> <div class=\"backing\"><\/div><\/div><\/a>\n\t\t\t\t\t<\/div>\n\t\n\t\t<div class=\"visual hide\" style=\"width: 60%;\">\n\t\t\t<div class=\"plusBackground plusDesign plusRight\" style=\"bottom: -90px; top: auto;\"><\/div>\n\t\t\t<div class=\"backing\" style=\"background-image: url(https:\/\/baycoast.bank\/wp-content\/uploads\/2021\/04\/iStock-881635134-min.jpg);\" role=\"img\" aria-label=\"Plimoth Investment Advisors\"><\/div>\n\t\t<\/div>\n\n\t<\/div>\n<\/div><\/div><div class=\"lazyblock-right-image-left-text-1pMtNd wp-block-lazyblock-right-image-left-text\"><div class=\"spacer\"><\/div>\n\n<div class=\"section overlap-section\">\n\t<div class=\"wrapper\">\n\t\t\n\t\t<div class=\"absoluteLeft overlapContent bgWhite\">\n\t\t\t<div class=\"flex hide\">\n\t\t\t\t<div class=\"line\"><\/div>\n\t\t\t\t<div class=\"h6 blue\">Seguros<\/div>\n\t\t\t<\/div>\n\t\t\t\n\t\t\t  \n\t\t\t    <div class=\"h3 blue\">BayCoast Insurance <\/div>\n\t\t\t\t\t\t  \n\t\t\t\n\n<p>A cobertura de seguro n\u00e3o pode ser igual para todos. Na BayCoast Insurance contamos consigo para adaptar a cobertura \u00e0s suas necessidades, ao melhor pre\u00e7o poss\u00edvel. Enquanto ag\u00eancia seguradora independente e local, n\u00e3o trabalhamos para as companhias seguradoras. Trabalhamos para si.<\/p>\n\n\t\t\t  \n\t\t\t\t\t\t\t<a href=\"https:\/\/www.baycoastinsurance.com\/\" target=\"_blank\" rel=\"noopener\"><div class=\"btn blue hide\" role=\"button\" tabindex=\"0\">Visite a BayCoast Insurance <span class=\"primaryColor\">+<\/span> <div class=\"backing\"><\/div><\/div><\/a>\n\t\t\t\t\t<\/div>\n\t\n\t\t<div class=\"visual marginRight hide\" style=\"width: 60%;\">\n\t\t\t<div class=\"plusBackground plusDesign plusRight\" style=\"bottom: -90px; top: auto;\"><\/div>\n\t\t\t<div class=\"backing\" style=\"background-image: url(https:\/\/baycoast.bank\/wp-content\/uploads\/2021\/12\/Homepage-Slider-Auto-Insurance.jpg);\" role=\"img\" aria-label=\"BayCoast Insurance \" role=\"img\" aria-label=\"BayCoast Insurance  image\"><\/div>\n\t\t<\/div>\n\n\t<\/div>\n<\/div><\/div><div class=\"lazyblock-interior-content-Z1kG7s4 wp-block-lazyblock-interior-content\"><div class=\"spacer\"><\/div>\n\n<div class=\"section\">\n\t<div class=\"paddedWrapper\">\n\t\t<div class=\"wrapper flex gutenberg\" style=\"justify-content: center;\">\n\n\t\t\t\n\t\t\t<div class=\"smallWrapper gutenberg\">\n\t\t\t\n\t\t\t\t<div class=\"h3\"><\/div>\n\t\t\t  \n\t\t\t  \t<hr style=\"margin-bottom: 5rem;\">\n\t\t\t\t\n\t\t\t\t\n\n<h4 class=\"wp-block-heading\">Os nossos recursos<\/h4>\n\n\n\n<p>No BayCoast Bank, sabemos que tem d\u00favidas sobre um vasto leque de t\u00f3picos relacionados com o mundo financeiro. Orgulhamo-nos de oferecer informa\u00e7\u00e3o adicional que possa ser \u00fatil para si e para a sua fam\u00edlia. Desde programas de educa\u00e7\u00e3o financeira a sugest\u00f5es sobre seguran\u00e7a na Internet, alertas contra fraudes, entre muitos outros, temos os recursos aqui \u00e0 sua disposi\u00e7\u00e3o, \u00e0 dist\u00e2ncia de um clique. Clique abaixo para:<\/p>\n\n\n\n<ul class=\"wp-block-list\">\n<li><a href=\"https:\/\/baycoast.bank\/security\/\">Centro de seguran\u00e7a<\/a><\/li>\n\n\n\n<li><a href=\"https:\/\/baycoast.bank\/pt-pt\/recursos\/educacao-financeira-2\/\">Educa\u00e7\u00e3o financeira<\/a><\/li>\n\n\n\n<li><a href=\"https:\/\/baycoast.bank\/pt-pt\/recursos\/educacao-financeira-2\/\">Ferramentas e sugest\u00f5es<\/a><\/li>\n<\/ul>\n\n\n\n<div style=\"height:20px\" aria-hidden=\"true\" class=\"wp-block-spacer\"><\/div>\n\n\n\n<h4 class=\"wp-block-heading\">O seu guia banc\u00e1rio<\/h4>\n\n\n\n<p>N\u00e3o tem a certeza de que servi\u00e7os financeiros pode necessitar? Sem problema! Temos um <a href=\"https:\/\/baycoast.bank\/pt-pt\/questionario\/\">question\u00e1rio especial<\/a>, desenvolvido para ajudar a explicar-lhe quais os produtos banc\u00e1rios mais adequados para as suas necessidades. Basta responder a algumas quest\u00f5es para podermos indicar-lhe o caminho certo!<\/p>\n\n\n\n<div class=\"wp-block-stackable-button-group stk-block-button-group stk-block stk-c2e666f\" data-block-id=\"c2e666f\"><style>.stk-c2e666f{margin-bottom:0px !important}<\/style><div class=\"stk-row stk-inner-blocks stk-block-content stk-button-group\">\n<div class=\"wp-block-stackable-button stk-block-button is-style-ghost stk-block stk-f5713f5\" data-block-id=\"f5713f5\"><style>.stk-f5713f5 .stk-button{padding-top:15px !important;padding-right:20px !important;padding-bottom:15px !important;padding-left:20px !important;background:transparent !important}.stk-f5713f5 .stk-button:hover:after{background:transparent !important;opacity:1 !important}:where(.stk-hover-parent:hover,.stk-hover-parent.stk--is-hovered) .stk-f5713f5 .stk-button:after{background:transparent !important;opacity:1 !important}.stk-f5713f5 .stk-button:before{border-style:solid !important;border-color:#fbad18 !important}.stk-f5713f5 .stk-button__inner-text{font-size:16px !important;color:#18428f !important;font-weight:600 !important}@media screen and (max-width:1023px){.stk-f5713f5 .stk-button__inner-text{font-size:16px !important}}<\/style><a class=\"stk-link stk-button stk--hover-effect-lift-scale\" href=\"https:\/\/baycoast.bank\/pt-pt\/questionario\/\"><span class=\"has-text-color stk-button__inner-text\">Deixe-nos ajudar<\/span><\/a><\/div>\n<\/div><\/div>\n\n\n\n<div style=\"height:25px\" aria-hidden=\"true\" class=\"wp-block-spacer\"><\/div>\n\n\n\n<h4 class=\"wp-block-heading\">Apoio ao cliente<\/h4>\n\n\n\n<p>Precisa de falar connosco? Estamos aqui para ajudar no que precisar!<\/p>\n\n\n\n<div class=\"wp-block-stackable-button-group stk-block-button-group stk-block stk-ccae43a\" data-block-id=\"ccae43a\"><style>.stk-ccae43a{margin-bottom:0px !important}<\/style><div class=\"stk-row stk-inner-blocks stk-block-content stk-button-group\">\n<div class=\"wp-block-stackable-button stk-block-button is-style-ghost stk-block stk-a1dd013\" data-block-id=\"a1dd013\"><style>.stk-a1dd013 .stk-button{padding-top:15px !important;padding-right:20px !important;padding-bottom:15px !important;padding-left:20px !important;background:transparent !important}.stk-a1dd013 .stk-button:hover:after{background:transparent !important;opacity:1 !important}:where(.stk-hover-parent:hover,.stk-hover-parent.stk--is-hovered) .stk-a1dd013 .stk-button:after{background:transparent !important;opacity:1 !important}.stk-a1dd013 .stk-button:before{border-style:solid !important;border-color:#fbad18 !important}.stk-a1dd013 .stk-button__inner-text{font-size:16px !important;color:#18428f !important;font-weight:600 !important}@media screen and (max-width:1023px){.stk-a1dd013 .stk-button__inner-text{font-size:16px !important}}<\/style><a class=\"stk-link stk-button stk--hover-effect-lift-scale\" href=\"https:\/\/baycoast.bank\/pt-pt\/quem-somos\/apoio-ao-cliente\/\"><span class=\"has-text-color stk-button__inner-text\">Contactar o apoio ao cliente<\/span><\/a><\/div>\n<\/div><\/div>\n\n\n\n<div class=\"wp-block-stackable-spacer stk-block-spacer stk--no-padding stk-block stk-e9acb9a\" data-block-id=\"e9acb9a\"><style>.stk-e9acb9a{height:100px !important}<\/style><\/div>\n\n\n\t\t\t<\/div>\n\n\t\t<\/div>\n\t<\/div>\n<\/div> <\/div>\n<div class=\"wp-block-stackable-text stk-block-text stk-block stk-344ef02\" data-block-id=\"344ef02\"><style>.stk-344ef02{max-width:80% !important;margin-right:auto !important;margin-bottom:0px !important;margin-left:auto !important}.stk-344ef02 .stk-block-text__text{font-size:12px !important}@media screen and (max-width:1023px){.stk-344ef02 .stk-block-text__text{font-size:12px !important}}<\/style><p class=\"stk-block-text__text has-text-align-left\">Os produtos e servi\u00e7os disponibilizados pelo BayCoast Financial Services, BayCoast Insurance e Plimoth Investment Advisors n\u00e3o s\u00e3o garantidos pela FDIC, DIF ou qualquer outra ag\u00eancia respons\u00e1vel por administrar o seguro dos dep\u00f3sitos nos Estados Unidos, e n\u00e3o s\u00e3o dep\u00f3sitos ou obriga\u00e7\u00f5es do, nem garantidos ou segurados pelo BayCoast Bank ou qualquer dos seus afiliados. Os produtos de investimento est\u00e3o sujeitos a risco, incluindo a possibilidade de perda do capital investido.<\/p><\/div>\n","protected":false},"excerpt":{"rendered":"<p>Os produtos e servi\u00e7os disponibilizados pelo BayCoast Financial Services, BayCoast Insurance e Plimoth Investment Advisors n\u00e3o s\u00e3o garantidos pela FDIC, DIF ou qualquer outra ag\u00eancia respons\u00e1vel por administrar o seguro dos dep\u00f3sitos nos Estados Unidos, e n\u00e3o s\u00e3o dep\u00f3sitos ou obriga\u00e7\u00f5es do, nem garantidos ou segurados pelo BayCoast Bank ou qualquer dos seus afiliados. Os [&hellip;]<\/p>\n","protected":false},"author":2,"featured_media":6284,"parent":0,"menu_order":119,"comment_status":"closed","ping_status":"closed","template":"","meta":{"_acf_changed":false,"inline_featured_image":false,"footnotes":""},"class_list":["post-7055","page","type-page","status-publish","has-post-thumbnail","hentry"],"acf":[],"featured_image_urls_v2":{"full":["https:\/\/baycoast.bank\/wp-content\/uploads\/2021\/12\/about-us-hero.png",1920,800,false],"thumbnail":["https:\/\/baycoast.bank\/wp-content\/uploads\/2021\/12\/about-us-hero-150x150.png",150,150,true],"medium":["https:\/\/baycoast.bank\/wp-content\/uploads\/2021\/12\/about-us-hero-300x125.png",300,125,true],"medium_large":["https:\/\/baycoast.bank\/wp-content\/uploads\/2021\/12\/about-us-hero-768x320.png",768,320,true],"large":["https:\/\/baycoast.bank\/wp-content\/uploads\/2021\/12\/about-us-hero-1024x427.png",1024,427,true],"1536x1536":["https:\/\/baycoast.bank\/wp-content\/uploads\/2021\/12\/about-us-hero-1536x640.png",1536,640,true],"2048x2048":["https:\/\/baycoast.bank\/wp-content\/uploads\/2021\/12\/about-us-hero.png",1920,800,false]},"post_excerpt_stackable_v2":"<p>Quem somos No BayCoast Bank temos orgulho em servir as pessoas e as empresas de Massachusetts e Rhode Island. O BayCoast acredita na import\u00e2ncia do envolvimento com a comunidade e disponibiliza um vasto leque de servi\u00e7os financeiros. Somos os seus amigos e vizinhos, empenhados em ajudar as comunidades nos locais onde vivemos e trabalhamos. Oferecemos uma grande variedade de solu\u00e7\u00f5es financeiras que se adaptam \u00e0 sua viv\u00eancia e estilo de vida. Sabemos que tem os seus objetivos financeiros e n\u00f3s estamos aqui para ajudar a conquist\u00e1-los. A nossa hist\u00f3ria O BayCoast Bank \u00e9 um banco comunit\u00e1rio de longa data, que&hellip;<\/p>\n","category_list_v2":"","author_info_v2":{"name":"","url":"https:\/\/baycoast.bank\/pt-pt\/author\/"},"comments_num_v2":"0 comments","publishpress_future_action":{"enabled":false,"date":"2026-05-24 15:50:53","action":"change-status","newStatus":"draft","terms":[],"taxonomy":"translation_priority","extraData":[]},"publishpress_future_workflow_manual_trigger":{"enabledWorkflows":[]},"_links":{"self":[{"href":"https:\/\/baycoast.bank\/pt-pt\/wp-json\/wp\/v2\/pages\/7055","targetHints":{"allow":["GET"]}}],"collection":[{"href":"https:\/\/baycoast.bank\/pt-pt\/wp-json\/wp\/v2\/pages"}],"about":[{"href":"https:\/\/baycoast.bank\/pt-pt\/wp-json\/wp\/v2\/types\/page"}],"author":[{"embeddable":true,"href":"https:\/\/baycoast.bank\/pt-pt\/wp-json\/wp\/v2\/users\/2"}],"replies":[{"embeddable":true,"href":"https:\/\/baycoast.bank\/pt-pt\/wp-json\/wp\/v2\/comments?post=7055"}],"version-history":[{"count":0,"href":"https:\/\/baycoast.bank\/pt-pt\/wp-json\/wp\/v2\/pages\/7055\/revisions"}],"wp:featuredmedia":[{"embeddable":true,"href":"https:\/\/baycoast.bank\/pt-pt\/wp-json\/wp\/v2\/media\/6284"}],"wp:attachment":[{"href":"https:\/\/baycoast.bank\/pt-pt\/wp-json\/wp\/v2\/media?parent=7055"}],"curies":[{"name":"wp","href":"https:\/\/api.w.org\/{rel}","templated":true}]}}