{"id":7115,"date":"2020-07-19T12:55:38","date_gmt":"2020-07-19T16:55:38","guid":{"rendered":"https:\/\/baycoast.bank\/quem-somos\/afiliados\/"},"modified":"2023-06-27T09:17:24","modified_gmt":"2023-06-27T13:17:24","slug":"afiliados","status":"publish","type":"page","link":"https:\/\/baycoast.bank\/pt-pt\/quem-somos\/afiliados\/","title":{"rendered":"Afiliados"},"content":{"rendered":"<div class=\"lazyblock-no-hero-gwXDF wp-block-lazyblock-no-hero\"><div class=\"noHero\" style=\"height: 10rem;\"><\/div><\/div>\n<div class=\"wp-block-ugb-container ugb-container ugb-599253a ugb-container--v2 ugb-container--design-plain ugb-main-block\"><style>@media screen and (min-width:768px){.ugb-599253a-content-wrapper.ugb-container__content-wrapper{width:100% !important}}@media screen and (min-width:768px){.ugb-599253a > .ugb-inner-block > .ugb-block-content > *{padding-top:0px !important;padding-bottom:0px !important;padding-right:0px !important;padding-left:0px !important}}<\/style><div class=\"ugb-inner-block\"><div class=\"ugb-block-content\"><div class=\"ugb-container__wrapper ugb-599253a-wrapper\"><div class=\"ugb-container__side\"><div class=\"ugb-container__content-wrapper ugb-599253a-content-wrapper\">\n<div class=\"wp-block-ugb-heading ugb-heading ugb-d81e0d0 ugb-main-block\"><style>.ugb-d81e0d0 .ugb-heading__title{color:#18428f;font-size:38px !important;text-align:center}.ugb-d81e0d0 .ugb-inner-block{text-align:center}@media screen and (min-width:768px){.ugb-d81e0d0.ugb-heading{margin-top:2% !important;margin-bottom:0% !important;margin-right:17% !important;margin-left:17% !important}}<\/style><div class=\"ugb-inner-block\"><div class=\"ugb-block-content\"><h1 class=\"ugb-heading__title\">N\u00e3o somos apenas um banco, somos uma fam\u00edlia.<\/h1><\/div><\/div><\/div>\n\n\n\n<div class=\"alignwide wp-block-ugb-video-popup ugb-video-popup ugb-40086a6 ugb-video-popup--v3 ugb-main-block\"><style>.ugb-40086a6 .ugb-video-popup__wrapper{max-width:1000px;height:300px !important;border-radius:0px;background-color:#18428f;background-image:url(https:\/\/baycoast.bank\/wp-content\/uploads\/2021\/09\/Just-Right-Video-Screen-Grab.jpg)}.ugb-40086a6 .ugb-video-popup__wrapper:before{background-color:#18428f;opacity:0.3}.ugb-40086a6 .ugb-video-popup__wrapper:hover:before{opacity:0.6}@media screen and (min-width:768px){.ugb-40086a6.ugb-video-popup{margin-bottom:0% !important;margin-right:30% !important;margin-left:30% !important}}<\/style><div class=\"ugb-inner-block\"><div class=\"ugb-block-content\"><div class=\"ugb-video-popup__wrapper ugb--shadow-0 ugb--has-background-overlay\" data-video=\"600533810\"><button class=\"ugb-video-popup__overlay\" aria-label=\"Play\"><span class=\"ugb-video-popup__play-button\"><svg xmlns=\"http:\/\/www.w3.org\/2000\/svg\" viewbox=\"0 0 34 34\" class=\"ugb-play-button-outline\" width=\"50\" height=\"50\"><path d=\"M17 34C7.6 34 0 26.4 0 17S7.6 0 17 0s17 7.6 17 17-7.6 17-17 17zm0-32C8.7 2 2 8.7 2 17s6.7 15 15 15 15-6.7 15-15S25.3 2 17 2z\"><!-- wpml:html_fragment <\/path> --><path d=\"M12 25.7V8.3L27 17l-15 8.7zm2-14v10.5l9-5.3-9-5.2z\"><!-- wpml:html_fragment <\/path> --><\/svg><\/span><\/button><\/div><\/div><\/div><\/div>\n\n\n\n<div class=\"wp-block-ugb-text ugb-text ugb-3d71b74 ugb-text--design-plain ugb-text--columns-1 ugb-main-block\"><style>.ugb-3d71b74 .ugb-inner-block{text-align:center}@media screen and (min-width:768px){.ugb-3d71b74.ugb-text{margin-bottom:0% !important;margin-right:22% !important;margin-left:22% !important;padding-right:10px !important;padding-left:10px !important}}<\/style><div class=\"ugb-inner-block\"><div class=\"ugb-block-content\"><div class=\"ugb-text__text-wrapper\"><div class=\"ugb-text__text\"><p class=\"ugb-text__text-1\">Como parte integrante da comunidade BayCoast, ter\u00e1 sempre todo o apoio que necessitar para garantir o seu crescimento. A nossa fam\u00edlia de servi\u00e7os \u2014 BayCoast Mortgage Company, Plimoth Investment Advisors, e Partners Insurance Group s\u00e3o mais do que produtos banc\u00e1rios, s\u00e3o a nossa forma de oferecer bem-estar, conforto e de fazer uma ponte para o seu futuro financeiro.<\/p><\/div><\/div><\/div><\/div><\/div>\n\n\n\n<div class=\"wp-block-ugb-icon ugb-icon ugb-534c847 ugb-icon--v2 ugb-icon--design-basic ugb-main-block\"><style>.ugb-534c847 .ugb-icon__icon .ugb-icon-inner-svg,.ugb-534c847 .ugb-icon__icon .ugb-icon-inner-svg svg{width:40px !important;height:40px !important}.ugb-534c847 .ugb-icon__icon .ugb-icon-inner-svg{color:#fbad18 !important}@media screen and (min-width:768px){.ugb-534c847.ugb-icon{margin-top:0px !important;margin-bottom:20px !important}}.ugb-534c847 .ugb-icon__icon .ugb-icon-inner-svg,.ugb-534c847 .ugb-icon__icon .ugb-icon-inner-svg svg *{color:#fbad18 !important;fill:#fbad18 !important}<\/style><div class=\"ugb-inner-block\"><div class=\"ugb-block-content\"><div class=\"ugb-icon__content-wrapper\"><div class=\"ugb-icon__item ugb-icon__item1\"><div class=\"ugb-icon__icon\"><div class=\"ugb-icon-inner-svg\"><svg xmlns=\"http:\/\/www.w3.org\/2000\/svg\" data-prefix=\"fas\" data-icon=\"angle-double-down\" class=\"svg-inline--fa fa-angle-double-down fa-w-10\" role=\"img\" viewbox=\"0 0 320 512\"><path fill=\"currentColor\" d=\"M143 256.3L7 120.3c-9.4-9.4-9.4-24.6 0-33.9l22.6-22.6c9.4-9.4 24.6-9.4 33.9 0l96.4 96.4 96.4-96.4c9.4-9.4 24.6-9.4 33.9 0L313 86.3c9.4 9.4 9.4 24.6 0 33.9l-136 136c-9.4 9.5-24.6 9.5-34 .1zm34 192l136-136c9.4-9.4 9.4-24.6 0-33.9l-22.6-22.6c-9.4-9.4-24.6-9.4-33.9 0L160 352.1l-96.4-96.4c-9.4-9.4-24.6-9.4-33.9 0L7 278.3c-9.4 9.4-9.4 24.6 0 33.9l136 136c9.4 9.5 24.6 9.5 34 .1z\"><!-- wpml:html_fragment <\/path> --><\/svg><\/div><\/div><\/div><\/div><\/div><\/div><\/div>\n\n\n\n<div class=\"alignfull wp-block-ugb-cta ugb-cta ugb-39c5565 ugb-cta ugb-cta--v2 ugb-cta--design-plain ugb-main-block ugb-main-block--inner-wide ugb--has-block-background ugb--has-background-overlay\"><style>.ugb-39c5565 .ugb-cta__title{font-size:28px !important;color:#ffffff}.ugb-39c5565.ugb-cta{background-color:#18428f}.ugb-39c5565.ugb-cta:before{background-image:linear-gradient(360deg,#18428f 56%,#6381dc 100%);mix-blend-mode:color}@media screen and (min-width:768px){.ugb-39c5565.ugb-cta{margin-bottom:-25px !important;padding-right:12% !important;padding-left:12% !important}}<\/style><div class=\"ugb-inner-block ugb-inner-block--wide\"><div class=\"ugb-block-content\"><div class=\"ugb-cta__item\"><h2 class=\"ugb-cta__title\">A nossa fam\u00edlia de servi\u00e7os pode ajudar na gest\u00e3o de todas as suas necessidades financeiras.<\/h2><\/div><\/div><\/div><\/div>\n<\/div><\/div><\/div><\/div><\/div><\/div>\n<div class=\"lazyblock-left-image-right-text-Z1yiJ28 wp-block-lazyblock-left-image-right-text\"><div class=\"spacer\"><\/div>\n\n<div class=\"section overlap-section\">\n\t<div class=\"wrapper\">\n\t\t\n\t\t<div class=\"absoluteRight overlapContent bgWhite\">\n\t\t\t<div class=\"flex hide\">\n\t\t\t\t<div class=\"line\"><\/div>\n\t\t\t\t<div class=\"h6 blue\"><\/div>\n\t\t\t<\/div>\n\t\t\t\n\t\t\t<div class=\"hide\">\n\t\t\t\t\t\t\t  \n\t\t\t  \t\n\n<figure class=\"wp-block-image size-large is-resized\"><img decoding=\"async\" src=\"https:\/\/baycoast.bank\/wp-content\/uploads\/2020\/05\/bayCoastLogo.svg\" alt=\"Log&#xF3;tipo do BayCoast Bank\" class=\"wp-image-22\" height=\"59\"\/><\/figure>\n\n\n\n<div style=\"height:20px\" aria-hidden=\"true\" class=\"wp-block-spacer\"><\/div>\n\n\n\n<p>Constitu\u00eddo em 1851, o BayCoast Bank \u00e9 um banco comunit\u00e1rio, que se dedica a servir as pessoas e as empresas da zona sudeste de Massachusetts e de Rhode Island.<\/p>\n\n\t\t\t<\/div>\n\t\t\t\n\t\t\t\t\t\t  \t<a href=\"https:\/\/baycoast.bank\/\"><div class=\"btn blue hide\" role=\"button\" tabindex=\"0\">BayCoast Bank <span class=\"primaryColor\">+<\/span> <div class=\"backing\"><\/div><\/div><\/a>\n\t\t\t\t\t<\/div>\n\t\n\t\t<div class=\"visual hide\" style=\"width: 60%;\">\n\t\t\t<div class=\"plusBackground plusDesign plusRight\" style=\"bottom: -90px; top: auto;\"><\/div>\n\t\t\t<div class=\"backing\" style=\"background-image: url(https:\/\/baycoast.bank\/wp-content\/uploads\/2021\/09\/BCB-Brand-Image.jpg);\" role=\"img\" aria-label=\"\"><\/div>\n\t\t<\/div>\n\n\t<\/div>\n<\/div><\/div><div class=\"lazyblock-right-image-left-text-1vd3qt wp-block-lazyblock-right-image-left-text\"><div class=\"spacer\"><\/div>\n\n<div class=\"section overlap-section\">\n\t<div class=\"wrapper\">\n\t\t\n\t\t<div class=\"absoluteLeft overlapContent bgWhite\">\n\t\t\t<div class=\"flex hide\">\n\t\t\t\t<div class=\"line\"><\/div>\n\t\t\t\t<div class=\"h6 blue\"><\/div>\n\t\t\t<\/div>\n\t\t\t\n\t\t\t\t\t\t  \n\t\t\t\n\n<figure class=\"wp-block-image size-large is-resized\"><img decoding=\"async\" src=\"https:\/\/baycoast.bank\/wp-content\/uploads\/2023\/05\/BayCoast_Mortgage_Logo_R_FullColor-1-1024x297.png\" alt=\"\" class=\"wp-image-10036\" width=\"225\" height=\"60\"\/><\/figure>\n\n\n\n<div style=\"height:20px\" aria-hidden=\"true\" class=\"wp-block-spacer\"><\/div>\n\n\n\n<p>A BayCoast Mortgage \u00e9 uma institui\u00e7\u00e3o credora completa, que oferece as melhores solu\u00e7\u00f5es da ind\u00fastria para a aquisi\u00e7\u00e3o de resid\u00eancia, refinanciamento, renova\u00e7\u00e3o e empr\u00e9stimos de constru\u00e7\u00e3o.<\/p>\n\n\t\t\t  \n\t\t\t\t\t\t\t<a href=\"https:\/\/www.baycoastmortgage.com\/\" target=\"_blank\" rel=\"noopener\"><div class=\"btn blue hide\" role=\"button\" tabindex=\"0\">BayCoast Mortgage <span class=\"primaryColor\">+<\/span> <div class=\"backing\"><\/div><\/div><\/a>\n\t\t\t\t\t<\/div>\n\t\n\t\t<div class=\"visual marginRight hide\" style=\"width: 60%;\">\n\t\t\t<div class=\"plusBackground plusDesign plusRight\" style=\"bottom: -90px; top: auto;\"><\/div>\n\t\t\t<div class=\"backing\" style=\"background-image: url(https:\/\/baycoast.bank\/wp-content\/uploads\/2021\/04\/iStock-1276724602-min.jpg);\" role=\"img\" aria-label=\"\" role=\"img\" aria-label=\" image\"><\/div>\n\t\t<\/div>\n\n\t<\/div>\n<\/div><\/div><div class=\"lazyblock-left-image-right-text-ZetRTp wp-block-lazyblock-left-image-right-text\"><div class=\"spacer\"><\/div>\n\n<div class=\"section overlap-section\">\n\t<div class=\"wrapper\">\n\t\t\n\t\t<div class=\"absoluteRight overlapContent bgWhite\">\n\t\t\t<div class=\"flex hide\">\n\t\t\t\t<div class=\"line\"><\/div>\n\t\t\t\t<div class=\"h6 blue\"><\/div>\n\t\t\t<\/div>\n\t\t\t\n\t\t\t<div class=\"hide\">\n\t\t\t\t\t\t\t  \n\t\t\t  \t\n\n<figure class=\"wp-block-image size-large is-resized\"><img decoding=\"async\" src=\"https:\/\/baycoast.bank\/wp-content\/uploads\/2021\/04\/Plimoth-Logo.svg\" alt=\"Log&#xF3;tipo da Plimoth Investment Advisors\" class=\"wp-image-2116\" width=\"225\"\/><\/figure>\n\n\n\n<div style=\"height:20px\" aria-hidden=\"true\" class=\"wp-block-spacer\"><\/div>\n\n\n\n<p>A Plimoth Investment Advisors oferece um modelo de servi\u00e7o que combina a dilig\u00eancia \u00e0 antiga com o mais recente e moderno conhecimento da ind\u00fastria, oferecido por uma equipa que vive na sua comunidade.<\/p>\n\n\t\t\t<\/div>\n\t\t\t\n\t\t\t\t\t\t  \t<a href=\"https:\/\/www.plimothinvestmentadvisors.com\/\" target=\"_blank\" rel=\"noopener\"><div class=\"btn blue hide\" role=\"button\" tabindex=\"0\">Plimoth Investment <span class=\"primaryColor\">+<\/span> <div class=\"backing\"><\/div><\/div><\/a>\n\t\t\t\t\t<\/div>\n\t\n\t\t<div class=\"visual hide\" style=\"width: 60%;\">\n\t\t\t<div class=\"plusBackground plusDesign plusRight\" style=\"bottom: -90px; top: auto;\"><\/div>\n\t\t\t<div class=\"backing\" style=\"background-image: url(https:\/\/baycoast.bank\/wp-content\/uploads\/2021\/04\/iStock-1257805716-min-e1618505502752.jpg);\" role=\"img\" aria-label=\"\"><\/div>\n\t\t<\/div>\n\n\t<\/div>\n<\/div><\/div><div class=\"lazyblock-right-image-left-text-ZCrfOa wp-block-lazyblock-right-image-left-text\"><div class=\"spacer\"><\/div>\n\n<div class=\"section overlap-section\">\n\t<div class=\"wrapper\">\n\t\t\n\t\t<div class=\"absoluteLeft overlapContent bgWhite\">\n\t\t\t<div class=\"flex hide\">\n\t\t\t\t<div class=\"line\"><\/div>\n\t\t\t\t<div class=\"h6 blue\"><\/div>\n\t\t\t<\/div>\n\t\t\t\n\t\t\t\t\t\t  \n\t\t\t\n\n<div style=\"height:20px\" aria-hidden=\"true\" class=\"wp-block-spacer\"><\/div>\n\n\n\n<figure class=\"wp-block-image size-large is-resized\"><img decoding=\"async\" src=\"https:\/\/baycoast.bank\/wp-content\/uploads\/2023\/05\/BayCoast_Insurance_Logo_TM_FullColor-1-1024x297.png\" alt=\"\" class=\"wp-image-10033\" width=\"245\" height=\"66\"\/><\/figure>\n\n\n\n<p>Somos uma ag\u00eancia de seguros profissional que cria parcerias com os nossos clientes, com a nossa equipa dedicada e com as empresas seguradoras que representamos.<\/p>\n\n\t\t\t  \n\t\t\t\t\t\t\t<a href=\"https:\/\/www.baycoastinsurance.com\/\" target=\"_blank\" rel=\"noopener\"><div class=\"btn blue hide\" role=\"button\" tabindex=\"0\">BayCoast Insurance <span class=\"primaryColor\">+<\/span> <div class=\"backing\"><\/div><\/div><\/a>\n\t\t\t\t\t<\/div>\n\t\n\t\t<div class=\"visual marginRight hide\" style=\"width: 60%;\">\n\t\t\t<div class=\"plusBackground plusDesign plusRight\" style=\"bottom: -90px; top: auto;\"><\/div>\n\t\t\t<div class=\"backing\" style=\"background-image: url(https:\/\/baycoast.bank\/wp-content\/uploads\/2021\/04\/iStock-1216596950-min.jpg);\" role=\"img\" aria-label=\"\" role=\"img\" aria-label=\" image\"><\/div>\n\t\t<\/div>\n\n\t<\/div>\n<\/div><\/div>","protected":false},"excerpt":{"rendered":"<p>N\u00e3o somos apenas um banco, somos uma fam\u00edlia. Como parte integrante da comunidade BayCoast, ter\u00e1 sempre todo o apoio que necessitar para garantir o seu crescimento. A nossa fam\u00edlia de servi\u00e7os \u2014 BayCoast Mortgage Company, Plimoth Investment Advisors, e Partners Insurance Group s\u00e3o mais do que produtos banc\u00e1rios, s\u00e3o a nossa forma de oferecer bem-estar, [&hellip;]<\/p>\n","protected":false},"author":2,"featured_media":5308,"parent":7055,"menu_order":136,"comment_status":"closed","ping_status":"closed","template":"","meta":{"_acf_changed":false,"inline_featured_image":false,"footnotes":""},"class_list":["post-7115","page","type-page","status-publish","has-post-thumbnail","hentry"],"acf":[],"featured_image_urls_v2":{"full":["https:\/\/baycoast.bank\/wp-content\/uploads\/2020\/06\/lighthouse-scaled.jpg",2560,1672,false],"thumbnail":["https:\/\/baycoast.bank\/wp-content\/uploads\/2020\/06\/lighthouse-150x150.jpg",150,150,true],"medium":["https:\/\/baycoast.bank\/wp-content\/uploads\/2020\/06\/lighthouse-300x196.jpg",300,196,true],"medium_large":["https:\/\/baycoast.bank\/wp-content\/uploads\/2020\/06\/lighthouse-768x502.jpg",768,502,true],"large":["https:\/\/baycoast.bank\/wp-content\/uploads\/2020\/06\/lighthouse-1024x669.jpg",1024,669,true],"1536x1536":["https:\/\/baycoast.bank\/wp-content\/uploads\/2020\/06\/lighthouse-1536x1003.jpg",1536,1003,true],"2048x2048":["https:\/\/baycoast.bank\/wp-content\/uploads\/2020\/06\/lighthouse-2048x1338.jpg",2048,1338,true]},"post_excerpt_stackable_v2":"<p>N\u00e3o somos apenas um banco, somos uma fam\u00edlia. Como parte integrante da comunidade BayCoast, ter\u00e1 sempre todo o apoio que necessitar para garantir o seu crescimento. A nossa fam\u00edlia de servi\u00e7os \u2014 BayCoast Mortgage Company, Plimoth Investment Advisors, e Partners Insurance Group s\u00e3o mais do que produtos banc\u00e1rios, s\u00e3o a nossa forma de oferecer bem-estar, conforto e de fazer uma ponte para o seu futuro financeiro. A nossa fam\u00edlia de servi\u00e7os pode ajudar na gest\u00e3o de todas as suas necessidades financeiras. Constitu\u00eddo em 1851, o BayCoast Bank \u00e9 um banco comunit\u00e1rio, que se dedica a servir as pessoas e as&hellip;<\/p>\n","category_list_v2":"","author_info_v2":{"name":"","url":"https:\/\/baycoast.bank\/pt-pt\/author\/"},"comments_num_v2":"0 comments","publishpress_future_action":{"enabled":false,"date":"2026-05-09 06:01:37","action":"change-status","newStatus":"draft","terms":[],"taxonomy":"translation_priority","extraData":[]},"publishpress_future_workflow_manual_trigger":{"enabledWorkflows":[]},"_links":{"self":[{"href":"https:\/\/baycoast.bank\/pt-pt\/wp-json\/wp\/v2\/pages\/7115","targetHints":{"allow":["GET"]}}],"collection":[{"href":"https:\/\/baycoast.bank\/pt-pt\/wp-json\/wp\/v2\/pages"}],"about":[{"href":"https:\/\/baycoast.bank\/pt-pt\/wp-json\/wp\/v2\/types\/page"}],"author":[{"embeddable":true,"href":"https:\/\/baycoast.bank\/pt-pt\/wp-json\/wp\/v2\/users\/2"}],"replies":[{"embeddable":true,"href":"https:\/\/baycoast.bank\/pt-pt\/wp-json\/wp\/v2\/comments?post=7115"}],"version-history":[{"count":0,"href":"https:\/\/baycoast.bank\/pt-pt\/wp-json\/wp\/v2\/pages\/7115\/revisions"}],"up":[{"embeddable":true,"href":"https:\/\/baycoast.bank\/pt-pt\/wp-json\/wp\/v2\/pages\/7055"}],"wp:featuredmedia":[{"embeddable":true,"href":"https:\/\/baycoast.bank\/pt-pt\/wp-json\/wp\/v2\/media\/5308"}],"wp:attachment":[{"href":"https:\/\/baycoast.bank\/pt-pt\/wp-json\/wp\/v2\/media?parent=7115"}],"curies":[{"name":"wp","href":"https:\/\/api.w.org\/{rel}","templated":true}]}}