{"id":7159,"date":"2020-08-07T14:42:53","date_gmt":"2020-08-07T18:42:53","guid":{"rendered":"https:\/\/baycoast.bank\/outros-servicos\/"},"modified":"2024-06-06T16:09:53","modified_gmt":"2024-06-06T20:09:53","slug":"outros-servicos","status":"publish","type":"page","link":"https:\/\/baycoast.bank\/pt-pt\/outros-servicos\/","title":{"rendered":"Outros servi\u00e7os"},"content":{"rendered":"<div class=\"lazyblock-interior-hero-1WSX8o wp-block-lazyblock-interior-hero\">\n<div class=\"section hero\">\n\t<div class=\"backing parallaxContainer\">\n\t\t<div class=\"backing\" style=\"background-image: url(https:\/\/baycoast.bank\/wp-content\/uploads\/2020\/07\/resource_fixedVsAdjustable-min-e1596767061498.jpg\" role=\"img\" aria-label=\"Hero Image\"><\/div>\n\t<\/div>\n\n\t<div class=\"heroContent\">\n\t\t<div class=\"plusPlus blue\" ><\/div>\n\t\t\n\t\t<div class=\"heroWrapper\">\n\t\t\t<div class=\"heroBlock bgWhite\">\n\t\t\t\t\n\t\t\t\t<div class=\"heroBlockHeadline\">\n\n\t\t\t\t\t\t\t\t\t\t\n\t\t\t\t\t<h1 class=\"blue\">Outros servi\u00e7os<\/h1>\n\t\t\t\t<\/div>\n\t\t\t<\/div>\n\t\t\t    \t\n\t\t\t\n\t\t<\/div>\n\t<\/div>\n<\/div> \n\n<div class=\"spacer\"><\/div><\/div><div class=\"lazyblock-interior-content-tsjgC wp-block-lazyblock-interior-content\"><div class=\"spacer\"><\/div>\n\n<div class=\"section\">\n\t<div class=\"paddedWrapper\">\n\t\t<div class=\"wrapper flex gutenberg\" style=\"justify-content: center;\">\n\n\t\t\t\n\t\t\t<div class=\"smallWrapper gutenberg\">\n\t\t\t\n\t\t\t\t<div class=\"h3\">Seja qual for a sua necessidade banc\u00e1ria, pode contar com o BayCoast Bank.<\/div>\n\t\t\t  \n\t\t\t  \t<hr style=\"margin-bottom: 5rem;\">\n\t\t\t\t\n\t\t\t\t\n\n<p>Seja qual for a sua necessidade banc\u00e1ria, pode contar com o BayCoast Bank. Para al\u00e9m dos nossos servi\u00e7os de <a href=\"https:\/\/baycoast.bank\/pt-pt\/particular\/conta-a-ordem-particular\/\">conta \u00e0 ordem<\/a>, <a href=\"https:\/\/baycoast.bank\/pt-pt\/particular\/poupancas\/\">poupan\u00e7as<\/a>, e <a href=\"https:\/\/baycoast.bank\/pt-pt\/personal\/credito\/emprestimos-pessoais\/\">empr\u00e9stimos<\/a> particulares, oferecemos servi\u00e7os e solu\u00e7\u00f5es financeiras adicionais para garantir a satisfa\u00e7\u00e3o de todas as necessidades banc\u00e1rias dos nossos clientes. <\/p>\n\n\n\n<p>Desde c\u00e2mbio de moeda estrangeira, cart\u00f5es de cr\u00e9dito, Caixas Multibanco Interativas (ITMs) e cart\u00e3o Multibanco\/D\u00e9bito, at\u00e9 cofres de seguran\u00e7a, extrato de conta eletr\u00f3nico e prote\u00e7\u00e3o para valores a descoberto, em seguida, pode aceder a mais informa\u00e7\u00f5es sobre os nossos servi\u00e7os adicionais:<\/p>\n\n\n\n<ul class=\"wp-block-list\">\n<li><strong>C\u00e2mbio de moeda estrangeira<\/strong>: Quer provar uns croissants em Paris? Fazer um descontra\u00eddo passeio de gondola em Veneza? Percorra o mundo sem limita\u00e7\u00f5es, mas antes visite o balc\u00e3o BayCoast mais perto de si para solucionar as suas necessidades de <a href=\"https:\/\/baycoast.bank\/pt-pt\/outros-servicos\/cambio-de-moeda-estrangeira\/\">c\u00e2mbio de moeda estrangeira<\/a>. N\u00e3o se arrisque a pagar elevadas taxas no estrangeiro. A nossa equipa no BayCoast pode ajudar a realizar o c\u00e2mbio seguro de moeda estrangeira, no valor de at\u00e9 $1,000.00 para 90 pa\u00edses estrangeiros, com taxas de c\u00e2mbio competitivas. Oferecemos este servi\u00e7o tanto a clientes como a n\u00e3o clientes. <strong><\/strong><\/li>\n\n\n\n<li><strong>Cart\u00f5es de cr\u00e9dito:<\/strong> Escolha o <a href=\"https:\/\/baycoast.bank\/pt-pt\/outros-servicos\/cartoes-de-credito\/\">cart\u00e3o de cr\u00e9dito<\/a> adequado para si. Quer esteja \u00e0 procura de receber recompensas atrav\u00e9s de reembolsos ou baixar a sua TAE, temos o cart\u00e3o indicado para si. Juntamente com o reconhecimento da marca Mastercard\u00ae, vai usar um cart\u00e3o de um banco local que conhece e em que confia. Deixe-nos ajudar a encontrar o cart\u00e3o de cr\u00e9dito que melhor responde \u00e0s suas necessidades!<\/li>\n\n\n\n<li><strong>Caixas Multibanco Interativas:<\/strong> As nossas <a href=\"https:\/\/baycoast.bank\/pt-pt\/outros-servicos\/caixas-multibanco-interativas-itm\/\">Caixas Multibanco Interativas<\/a> combinam a comodidade de uma caixa Multibanco com o servi\u00e7o personalizado que receberia num dos nossos balc\u00f5es locais. Quando utiliza uma das nossas Caixas Multibanco Interativas, pode falar com uma pessoa da nossa equipa de funcion\u00e1rios banc\u00e1rios locais atrav\u00e9s de uma sess\u00e3o de v\u00eddeo em direto segura e pode realizar diversas transa\u00e7\u00f5es banc\u00e1rias, tais como: levantamentos, dep\u00f3sitos e descontar cheques, transferir dinheiro entre contas, realizar troca de moeda estrangeira, pagamentos de empr\u00e9stimos e muito mais! As Caixas Multibanco Interativas s\u00e3o pr\u00e1ticas porque est\u00e3o a funcionar para al\u00e9m do hor\u00e1rio de expediente dos balc\u00f5es. Quando uma Caixa Multibanco Interativa n\u00e3o est\u00e1 a funcionar, a caixa pode ser usada como caixa Multibanco, 24 horas por dia, sete dias por semana. O BayCoast Bank orgulha-se de ser um dos primeiros bancos da nossa regi\u00e3o a adotar a tecnologia ITM para melhorar a experi\u00eancia do cliente.<\/li>\n\n\n\n<li><strong>Cart\u00e3o Multibanco\/D\u00e9bito:<\/strong> As Caixas Multibanco s\u00e3o extremamente pr\u00e1ticas, permitindo aceder ao seu dinheiro em milhares de locais, n\u00e3o s\u00f3 localmente, como em todo o pa\u00eds. Como membro da rede SUM\u00ae, pode usar o seu cart\u00e3o de d\u00e9bito BayCoast Bank para levantar dinheiro nas Caixas Multibanco da rede SUM\u00ae. A nossa ades\u00e3o \u00e0 rede SUM\u00ae oferece-lhe acesso a milhares de Caixas Multibanco que pode utilizar gratuitamente para aceder \u00e0 sua conta BayCoast e realizar levantamentos. Os nossos <a href=\"https:\/\/baycoast.bank\/pt-pt\/outros-servicos\/cartao-multibanco-debito\/\">cart\u00f5es de d\u00e9bito<\/a> incluem ainda um microchip integrado e uma op\u00e7\u00e3o de pagamento sem contacto que mant\u00e9m a sua informa\u00e7\u00e3o segura nas compras em loja. <\/li>\n\n\n\n<li><strong>Cofres de seguran\u00e7a:<\/strong> Se necessitar de guardar documentos importantes ou outros objetos valiosos em seguran\u00e7a, pode faz\u00ea-lo com um dos nossos <a href=\"https:\/\/baycoast.bank\/pt-pt\/outros-servicos\/cofres-de-seguranca\/\">cofres de seguran\u00e7a<\/a>. Oferecemos cofres de seguran\u00e7a de diferentes dimens\u00f5es por um custo anual acess\u00edvel, garantindo que os nossos clientes acedem a um cofre adequado \u00e0s suas necessidades.<\/li>\n\n\n\n<li><strong>Extratos de conta eletr\u00f3nicos:<\/strong> No BayCoast, queremos simplificar ao m\u00e1ximo a forma como os nossos clientes verificam as suas contas. Por esse motivo, disponibilizamos os <a href=\"https:\/\/baycoast.bank\/pt-pt\/outros-servicos\/extratos-de-conta-eletronicos\/\">extratos de conta eletr\u00f3nicos a todos os clientes<\/a>. Quando acede ao portal de banco Online do BayCoast Bank, pode consultar e verificar rapidamente o seu extrato de conta eletr\u00f3nico com toda a sua informa\u00e7\u00e3o financeira. Como estes extratos s\u00e3o digitais, pode reduzir a utiliza\u00e7\u00e3o de papel e n\u00e3o perde tempo a pesquisar in\u00fameros documentos para encontrar um extrato.<\/li>\n\n\n\n<li><strong>Prote\u00e7\u00e3o para valores a descoberto:<\/strong> Se subscreveu o programa de Prote\u00e7\u00e3o para valores a descoberto, pode aceder \u00e0s vantagens da nossa <a href=\"https:\/\/baycoast.bank\/pt-pt\/outros-servicos\/protecao-para-valores-a-descoberto\/\">prote\u00e7\u00e3o para valores a descoberto<\/a> para a sua conta \u00e0 ordem particular. Com a nossa prote\u00e7\u00e3o para valores a descoberto base, poderemos cobrir o pagamento de contas autom\u00e1ticas, cheques, ou outras transa\u00e7\u00f5es que utilizam o seu n\u00famero de conta \u00e0 ordem. Pode ainda subscrever outros planos de prote\u00e7\u00e3o para valores a descoberto, tais como uma linha de cr\u00e9dito a descoberto particular ou uma associa\u00e7\u00e3o \u00e0 sua conta de poupan\u00e7as, para evitar as taxas elevadas do saldo a descoberto da sua conta.<\/li>\n<\/ul>\n\n\n\n<p><strong>Escolha o BayCoast Bank para todas as suas necessidades banc\u00e1rias<\/strong><\/p>\n\n\n\n<p>No BayCoast Bank, estamos empenhados em oferecer aos nossos clientes a melhor experi\u00eancia banc\u00e1ria poss\u00edvel. Quer procure um empr\u00e9stimo para uma casa nova, pretenda abrir uma conta \u00e0 ordem ou precise de ajuda para fazer crescer a sua pequena empresa, pode contar com o BayCoast. Para al\u00e9m dos muitos servi\u00e7os indicados acima, pode abrir as suas contas <a href=\"https:\/\/baycoast.bank\/pt-pt\/particular\/conta-a-ordem-particular\/\">\u00e0 ordem<\/a> e <a href=\"https:\/\/baycoast.bank\/pt-pt\/particular\/poupancas\/\">poupan\u00e7as<\/a>, tanto online como pessoalmente num dos nossos balc\u00f5es locais. E se fizer a gest\u00e3o da sua empresa, pode recorrer aos<a href=\"https:\/\/baycoast.bank\/business\/\"> diversos servi\u00e7os para empresas<\/a> de que dispomos. <\/p>\n\n\n\n<p>Se desejar esclarecer alguma d\u00favida sobre qualquer um dos nossos servi\u00e7os, <a href=\"https:\/\/baycoast.bank\/pt-pt\/quem-somos\/apoio-ao-cliente\/\">contacte-nos<\/a> ou visite um dos <a href=\"https:\/\/baycoast.bank\/pt-pt\/localizacoes\/\">nossos balc\u00f5es locais<\/a>. Teremos todo o gosto em ajudar!<\/p>\n\n\n\t\t\t<\/div>\n\n\t\t<\/div>\n\t<\/div>\n<\/div> <\/div><div class=\"lazyblock-archive-section-Z2u76ys wp-block-lazyblock-archive-section\"><div class=\"spacer\"><\/div>\n\n<div class=\"section archive-section\">\n\t<div class=\"paddedWrapper\">\n\t\t<div class=\"wrapper\">\n\t\t\t\n\t\t\t<div class=\"thumbnails grid hide smallerGrid\">\n\t\t\t\t\n\t\t\t\t\t\t<div id=\"parent-9171\" class=\"thumbnail\">\n\t\t\t\t\t\t\t<div class=\"thumbnailImage\">\n\t\t\t\t\t\t\t\t<div class=\"backing\" style=\"background-image: url(https:\/\/baycoast.bank\/wp-content\/uploads\/2022\/11\/Foreign-Currency-Webpage-Hero-1920-\u00d7-600-px-5.jpg\" role=\"img\" aria-label=\"C\u00e2mbio de moeda estrangeira\"><\/div>\n\t\t\t\t\t\t\t<\/div>\n\n\t\t\t\t\t\t\t<div class=\"thumbnailContent\">\n\t\t\t\t\t\t\t\t<h3 class=\"blue\">C\u00e2mbio de moeda estrangeira<\/h3>\n\n\t\t\t\t\t\t\t\t<p>\u2022 C\u00e2mbio de moeda estrangeira: Viaje pelo mundo sem taxas elevadas. Passe pelo seu balc\u00e3o BayCoast mais pr\u00f3ximo para fazer o c\u00e2mbio de moeda estrangeira antes de partir para a sua viagem.<\/p>\n\n\t\t\t\t\t\t\t\t<div class=\"btn blue \" role=\"button\" tabindex=\"0\">Saiba Mais <span class=\"primaryColor\">+<\/span> <div class=\"backing\"><\/div><\/div>\n\t\t\t\t\t\t\t<\/div>\n\n\t\t\t\t\t\t\t<a href=\"https:\/\/baycoast.bank\/pt-pt\/outros-servicos\/cambio-de-moeda-estrangeira\/\"><\/a>\n\t\t\t\t\t\t<\/div>\n\n\t\t\t\t\t\n\t\t\t\t\t\t<div id=\"parent-7345\" class=\"thumbnail\">\n\t\t\t\t\t\t\t<div class=\"thumbnailImage\">\n\t\t\t\t\t\t\t\t<div class=\"backing\" style=\"background-image: url(https:\/\/baycoast.bank\/wp-content\/uploads\/2022\/02\/Personal-Credit-Card-Page-mobile.jpg\" role=\"img\" aria-label=\"Cart\u00f5es de cr\u00e9dito\"><\/div>\n\t\t\t\t\t\t\t<\/div>\n\n\t\t\t\t\t\t\t<div class=\"thumbnailContent\">\n\t\t\t\t\t\t\t\t<h3 class=\"blue\">Cart\u00f5es de cr\u00e9dito<\/h3>\n\n\t\t\t\t\t\t\t\t<p>Cart\u00f5es de cr\u00e9dito: Temos orgulho em oferecer-te v\u00e1rios tipos de op\u00e7\u00f5es de cart\u00f5es de cr\u00e9dito que apresentam taxas de juro baixas e o servi\u00e7o local e simp\u00e1tico que esperas de n\u00f3s.<\/p>\n\n\t\t\t\t\t\t\t\t<div class=\"btn blue \" role=\"button\" tabindex=\"0\">Saiba Mais <span class=\"primaryColor\">+<\/span> <div class=\"backing\"><\/div><\/div>\n\t\t\t\t\t\t\t<\/div>\n\n\t\t\t\t\t\t\t<a href=\"https:\/\/baycoast.bank\/pt-pt\/outros-servicos\/cartoes-de-credito\/\"><\/a>\n\t\t\t\t\t\t<\/div>\n\n\t\t\t\t\t\n\t\t\t\t\t\t<div id=\"parent-13200\" class=\"thumbnail\">\n\t\t\t\t\t\t\t<div class=\"thumbnailImage\">\n\t\t\t\t\t\t\t\t<div class=\"backing\" style=\"background-image: url(https:\/\/baycoast.bank\/wp-content\/uploads\/2022\/02\/Personal-Credit-Card-Page-mobile.jpg\" role=\"img\" aria-label=\"Cart\u00f5es de cr\u00e9dito de consumo\"><\/div>\n\t\t\t\t\t\t\t<\/div>\n\n\t\t\t\t\t\t\t<div class=\"thumbnailContent\">\n\t\t\t\t\t\t\t\t<h3 class=\"blue\">Cart\u00f5es de cr\u00e9dito de consumo<\/h3>\n\n\t\t\t\t\t\t\t\t<p>Temos orgulho em oferecer-te v\u00e1rios tipos de op\u00e7\u00f5es de cart\u00f5es de cr\u00e9dito ao consumidor com taxas de juro baixas e o servi\u00e7o local e simp\u00e1tico que esperas de n\u00f3s.<\/p>\n\n\t\t\t\t\t\t\t\t<div class=\"btn blue \" role=\"button\" tabindex=\"0\">Saiba Mais <span class=\"primaryColor\">+<\/span> <div class=\"backing\"><\/div><\/div>\n\t\t\t\t\t\t\t<\/div>\n\n\t\t\t\t\t\t\t<a href=\"https:\/\/baycoast.bank\/pt-pt\/outros-servicos\/cartoes-de-credito-de-consumo\/\"><\/a>\n\t\t\t\t\t\t<\/div>\n\n\t\t\t\t\t\n\t\t\t\t\t\t<div id=\"parent-7826\" class=\"thumbnail\">\n\t\t\t\t\t\t\t<div class=\"thumbnailImage\">\n\t\t\t\t\t\t\t\t<div class=\"backing\" style=\"background-image: url(https:\/\/baycoast.bank\/wp-content\/uploads\/2021\/11\/ITM.jpg\" role=\"img\" aria-label=\"Caixas autom\u00e1ticas interactivas (ITM)\"><\/div>\n\t\t\t\t\t\t\t<\/div>\n\n\t\t\t\t\t\t\t<div class=\"thumbnailContent\">\n\t\t\t\t\t\t\t\t<h3 class=\"blue\">Caixas autom\u00e1ticas interactivas (ITM)<\/h3>\n\n\t\t\t\t\t\t\t\t<p>Combina a comodidade de um ATM com o servi\u00e7o pessoal de um banqueiro pessoal, visitando qualquer um dos nossos ITMs para as tuas transac\u00e7\u00f5es banc\u00e1rias.<\/p>\n\n\t\t\t\t\t\t\t\t<div class=\"btn blue \" role=\"button\" tabindex=\"0\">Saiba Mais <span class=\"primaryColor\">+<\/span> <div class=\"backing\"><\/div><\/div>\n\t\t\t\t\t\t\t<\/div>\n\n\t\t\t\t\t\t\t<a href=\"https:\/\/baycoast.bank\/pt-pt\/outros-servicos\/caixas-multibanco-interativas-itm\/\"><\/a>\n\t\t\t\t\t\t<\/div>\n\n\t\t\t\t\t\n\t\t\t\t\t\t<div id=\"parent-7161\" class=\"thumbnail\">\n\t\t\t\t\t\t\t<div class=\"thumbnailImage\">\n\t\t\t\t\t\t\t\t<div class=\"backing\" style=\"background-image: url(https:\/\/baycoast.bank\/wp-content\/uploads\/2020\/07\/iStock-1077565558-min-e1616788103918.jpg\" role=\"img\" aria-label=\"Cart\u00e3o Multibanco\/D\u00e9bito\"><\/div>\n\t\t\t\t\t\t\t<\/div>\n\n\t\t\t\t\t\t\t<div class=\"thumbnailContent\">\n\t\t\t\t\t\t\t\t<h3 class=\"blue\">Cart\u00e3o Multibanco\/D\u00e9bito<\/h3>\n\n\t\t\t\t\t\t\t\t<p>Uma forma pr\u00e1tica e segura para aceder e gerir os seus fundos, transformando os pagamentos di\u00e1rios e os levantamentos numa experi\u00eancia simples<\/p>\n\n\t\t\t\t\t\t\t\t<div class=\"btn blue \" role=\"button\" tabindex=\"0\">Saiba Mais <span class=\"primaryColor\">+<\/span> <div class=\"backing\"><\/div><\/div>\n\t\t\t\t\t\t\t<\/div>\n\n\t\t\t\t\t\t\t<a href=\"https:\/\/baycoast.bank\/pt-pt\/outros-servicos\/cartao-multibanco-debito\/\"><\/a>\n\t\t\t\t\t\t<\/div>\n\n\t\t\t\t\t\n\t\t\t\t\t\t<div id=\"parent-7163\" class=\"thumbnail\">\n\t\t\t\t\t\t\t<div class=\"thumbnailImage\">\n\t\t\t\t\t\t\t\t<div class=\"backing\" style=\"background-image: url(https:\/\/baycoast.bank\/wp-content\/uploads\/2021\/04\/iStock-1239844469-min-e1618505210293.jpg\" role=\"img\" aria-label=\"Cofres de seguran\u00e7a\"><\/div>\n\t\t\t\t\t\t\t<\/div>\n\n\t\t\t\t\t\t\t<div class=\"thumbnailContent\">\n\t\t\t\t\t\t\t\t<h3 class=\"blue\">Cofres de seguran\u00e7a<\/h3>\n\n\t\t\t\t\t\t\t\t<p>Os cofres de seguran\u00e7a oferecem um espa\u00e7o privado e seguro para guardar os seus objetos de valor e documentos importantes, para lhe oferecer tranquilidade.<\/p>\n\n\t\t\t\t\t\t\t\t<div class=\"btn blue \" role=\"button\" tabindex=\"0\">Saiba Mais <span class=\"primaryColor\">+<\/span> <div class=\"backing\"><\/div><\/div>\n\t\t\t\t\t\t\t<\/div>\n\n\t\t\t\t\t\t\t<a href=\"https:\/\/baycoast.bank\/pt-pt\/outros-servicos\/cofres-de-seguranca\/\"><\/a>\n\t\t\t\t\t\t<\/div>\n\n\t\t\t\t\t\n\t\t\t\t\t\t<div id=\"parent-7171\" class=\"thumbnail\">\n\t\t\t\t\t\t\t<div class=\"thumbnailImage\">\n\t\t\t\t\t\t\t\t<div class=\"backing\" style=\"background-image: url(https:\/\/baycoast.bank\/wp-content\/uploads\/2021\/04\/iStock-1257664287-min-e1618503585348.jpg\" role=\"img\" aria-label=\"Extratos de conta eletr\u00f3nicos\"><\/div>\n\t\t\t\t\t\t\t<\/div>\n\n\t\t\t\t\t\t\t<div class=\"thumbnailContent\">\n\t\t\t\t\t\t\t\t<h3 class=\"blue\">Extratos de conta eletr\u00f3nicos<\/h3>\n\n\t\t\t\t\t\t\t\t<p>Subscreva hoje mesmo os extratos de conta eletr\u00f3nicos! \u00c9 r\u00e1pido e f\u00e1cil. Os extratos de conta eletr\u00f3nicos oferecem uma solu\u00e7\u00e3o ecol\u00f3gica, sem recurso a papel, para ajudar a acompanhar as suas transa\u00e7\u00f5es, consultar o seu hist\u00f3rico financeiro e gerir a sua conta de forma eficiente.<\/p>\n\n\t\t\t\t\t\t\t\t<div class=\"btn blue \" role=\"button\" tabindex=\"0\">Saiba Mais <span class=\"primaryColor\">+<\/span> <div class=\"backing\"><\/div><\/div>\n\t\t\t\t\t\t\t<\/div>\n\n\t\t\t\t\t\t\t<a href=\"https:\/\/baycoast.bank\/pt-pt\/outros-servicos\/extratos-de-conta-eletronicos\/\"><\/a>\n\t\t\t\t\t\t<\/div>\n\n\t\t\t\t\t\n\t\t\t\t\t\t<div id=\"parent-7401\" class=\"thumbnail\">\n\t\t\t\t\t\t\t<div class=\"thumbnailImage\">\n\t\t\t\t\t\t\t\t<div class=\"backing\" style=\"background-image: url(https:\/\/baycoast.bank\/wp-content\/uploads\/2021\/04\/iStock-1169976759-min-e1618506020944.jpg\" role=\"img\" aria-label=\"Prote\u00e7\u00e3o para valores a descoberto\"><\/div>\n\t\t\t\t\t\t\t<\/div>\n\n\t\t\t\t\t\t\t<div class=\"thumbnailContent\">\n\t\t\t\t\t\t\t\t<h3 class=\"blue\">Prote\u00e7\u00e3o para valores a descoberto<\/h3>\n\n\t\t\t\t\t\t\t\t<p>\u2022 : A prote\u00e7\u00e3o para valores a descoberto cobre automaticamente o montante em falta quando realiza uma compra que excede o saldo da sua conta, evitando taxas e complica\u00e7\u00f5es.<\/p>\n\n\t\t\t\t\t\t\t\t<div class=\"btn blue \" role=\"button\" tabindex=\"0\">Saiba Mais <span class=\"primaryColor\">+<\/span> <div class=\"backing\"><\/div><\/div>\n\t\t\t\t\t\t\t<\/div>\n\n\t\t\t\t\t\t\t<a href=\"https:\/\/baycoast.bank\/pt-pt\/outros-servicos\/protecao-para-valores-a-descoberto\/\"><\/a>\n\t\t\t\t\t\t<\/div>\n\n\t\t\t\t\t\t\t\t<\/div>\n\t\t<\/div>\n\t<\/div>\n<\/div><\/div>","protected":false},"excerpt":{"rendered":"","protected":false},"author":1,"featured_media":5468,"parent":0,"menu_order":43,"comment_status":"closed","ping_status":"closed","template":"","meta":{"_acf_changed":false,"inline_featured_image":false,"footnotes":""},"class_list":["post-7159","page","type-page","status-publish","has-post-thumbnail","hentry"],"acf":[],"featured_image_urls_v2":{"full":["https:\/\/baycoast.bank\/wp-content\/uploads\/2020\/07\/resource_fixedVsAdjustable-min-e1596767061498.jpg",2121,1203,false],"thumbnail":["https:\/\/baycoast.bank\/wp-content\/uploads\/2020\/07\/resource_fixedVsAdjustable-min-e1596767061498-150x150.jpg",150,150,true],"medium":["https:\/\/baycoast.bank\/wp-content\/uploads\/2020\/07\/resource_fixedVsAdjustable-min-e1596767061498-300x170.jpg",300,170,true],"medium_large":["https:\/\/baycoast.bank\/wp-content\/uploads\/2020\/07\/resource_fixedVsAdjustable-min-e1596767061498-768x436.jpg",768,436,true],"large":["https:\/\/baycoast.bank\/wp-content\/uploads\/2020\/07\/resource_fixedVsAdjustable-min-e1596767061498-1024x581.jpg",1024,581,true],"1536x1536":["https:\/\/baycoast.bank\/wp-content\/uploads\/2020\/07\/resource_fixedVsAdjustable-min-e1596767061498-1536x871.jpg",1536,871,true],"2048x2048":["https:\/\/baycoast.bank\/wp-content\/uploads\/2020\/07\/resource_fixedVsAdjustable-min-e1596767061498-2048x1162.jpg",2048,1162,true]},"post_excerpt_stackable_v2":"<p>Outros servi\u00e7os Seja qual for a sua necessidade banc\u00e1ria, pode contar com o BayCoast Bank. Seja qual for a sua necessidade banc\u00e1ria, pode contar com o BayCoast Bank. Para al\u00e9m dos nossos servi\u00e7os de conta \u00e0 ordem, poupan\u00e7as, e empr\u00e9stimos particulares, oferecemos servi\u00e7os e solu\u00e7\u00f5es financeiras adicionais para garantir a satisfa\u00e7\u00e3o de todas as necessidades banc\u00e1rias dos nossos clientes. Desde c\u00e2mbio de moeda estrangeira, cart\u00f5es de cr\u00e9dito, Caixas Multibanco Interativas (ITMs) e cart\u00e3o Multibanco\/D\u00e9bito, at\u00e9 cofres de seguran\u00e7a, extrato de conta eletr\u00f3nico e prote\u00e7\u00e3o para valores a descoberto, em seguida, pode aceder a mais informa\u00e7\u00f5es sobre os nossos servi\u00e7os adicionais:&hellip;<\/p>\n","category_list_v2":"","author_info_v2":{"name":"","url":"https:\/\/baycoast.bank\/pt-pt\/author\/"},"comments_num_v2":"0 comments","publishpress_future_action":{"enabled":false,"date":"2026-05-01 16:22:43","action":"change-status","newStatus":"draft","terms":[],"taxonomy":"translation_priority","extraData":[]},"publishpress_future_workflow_manual_trigger":{"enabledWorkflows":[]},"_links":{"self":[{"href":"https:\/\/baycoast.bank\/pt-pt\/wp-json\/wp\/v2\/pages\/7159","targetHints":{"allow":["GET"]}}],"collection":[{"href":"https:\/\/baycoast.bank\/pt-pt\/wp-json\/wp\/v2\/pages"}],"about":[{"href":"https:\/\/baycoast.bank\/pt-pt\/wp-json\/wp\/v2\/types\/page"}],"author":[{"embeddable":true,"href":"https:\/\/baycoast.bank\/pt-pt\/wp-json\/wp\/v2\/users\/1"}],"replies":[{"embeddable":true,"href":"https:\/\/baycoast.bank\/pt-pt\/wp-json\/wp\/v2\/comments?post=7159"}],"version-history":[{"count":0,"href":"https:\/\/baycoast.bank\/pt-pt\/wp-json\/wp\/v2\/pages\/7159\/revisions"}],"wp:featuredmedia":[{"embeddable":true,"href":"https:\/\/baycoast.bank\/pt-pt\/wp-json\/wp\/v2\/media\/5468"}],"wp:attachment":[{"href":"https:\/\/baycoast.bank\/pt-pt\/wp-json\/wp\/v2\/media?parent=7159"}],"curies":[{"name":"wp","href":"https:\/\/api.w.org\/{rel}","templated":true}]}}