{"id":7161,"date":"2020-08-07T14:52:15","date_gmt":"2020-08-07T18:52:15","guid":{"rendered":"https:\/\/baycoast.bank\/outros-servicos\/cartao-multibanco-debito\/"},"modified":"2024-01-10T12:46:01","modified_gmt":"2024-01-10T17:46:01","slug":"cartao-multibanco-debito","status":"publish","type":"page","link":"https:\/\/baycoast.bank\/pt-pt\/outros-servicos\/cartao-multibanco-debito\/","title":{"rendered":"Cart\u00e3o Multibanco\/D\u00e9bito"},"content":{"rendered":"<div class=\"lazyblock-interior-hero-1LNQ87 wp-block-lazyblock-interior-hero\">\n<div class=\"section hero\">\n\t<div class=\"backing parallaxContainer\">\n\t\t<div class=\"backing\" style=\"background-image: url(https:\/\/baycoast.bank\/wp-content\/uploads\/2020\/07\/iStock-1077565558-min-e1616788103918.jpg\" role=\"img\" aria-label=\"Hero Image\"><\/div>\n\t<\/div>\n\n\t<div class=\"heroContent\">\n\t\t<div class=\"plusPlus blue\" ><\/div>\n\t\t\n\t\t<div class=\"heroWrapper\">\n\t\t\t<div class=\"heroBlock bgWhite\">\n\t\t\t\t\n\t\t\t\t<div class=\"heroBlockHeadline\">\n\n\t\t\t\t\t\t\t\t\t\t\t<div class=\"categories flex\" style=\"justify-content: flex-start;\">\n\t\t\t\t\t\t\t<div class=\"h6\">\n\n\t\t\t\t\t\t\t  \t\t\t\t\t\t\t\t    \t<a href=\"https:\/\/baycoast.bank\/pt-pt\/outros-servicos\/\">Outros servi\u00e7os<\/a>\n\t\t\t\t\t\t\t    \t\t\t\t\t\t\t  \n\t\t\t\t\t\t\t<\/div>\n\t\t\t\t\t\t\t\n\t\t\t\t\t\t\t\t\t\t\t\t\t<\/div>\n\t\t\t\t\t\t\t\t\t\t\n\t\t\t\t\t<h1 class=\"blue\">Cart\u00e3o Multibanco\/D\u00e9bito<\/h1>\n\t\t\t\t<\/div>\n\t\t\t<\/div>\n\t\t\t    \t\n\t\t\t\n\t\t<\/div>\n\t<\/div>\n<\/div> \n\n<div class=\"spacer\"><\/div><\/div><div class=\"lazyblock-interior-content-Z1pDAox wp-block-lazyblock-interior-content\"><div class=\"spacer\"><\/div>\n\n<div class=\"section\">\n\t<div class=\"paddedWrapper\">\n\t\t<div class=\"wrapper flex gutenberg\" style=\"justify-content: center;\">\n\n\t\t\t\n\t\t\t<div class=\"smallWrapper gutenberg\">\n\t\t\t\n\t\t\t\t<div class=\"h3\">Utilize o seu cart\u00e3o Multibanco para aceder a qualquer uma das suas contas \u00e0 ordem ou contas poupan\u00e7a com extrato do BayCoast Bank em milhares de caixas Multibanco.<\/div>\n\t\t\t  \n\t\t\t  \t<hr style=\"margin-bottom: 5rem;\">\n\t\t\t\t\n\t\t\t\t\n\n<p>O BayCoast Bank integra a rede SUM, assim evita a cobran\u00e7a de taxas pelos propriet\u00e1rios de outras caixas Multibanco da rede SUM. Consoante as funcionalidades da sua conta BayCoast, poder\u00e1 ainda estar sujeito a taxas Multibanco adicionais por usar a caixa Multibanco de outros bancos. Consulte as declara\u00e7\u00f5es da sua conta de dep\u00f3sito.<\/p>\n\n\n\n<h2 class=\"wp-block-heading blue h5\">Cart\u00e3o de D\u00e9bito Mastercard\u00ae<\/h2>\n\n\n\n<p>Funciona como um cheque, mas \u00e9 ainda melhor. Quando realiza compras, o valor \u00e9 deduzido diretamente da sua conta \u00e0 ordem. Al\u00e9m disso, usufrui ainda do conforto e prote\u00e7\u00f5es de seguran\u00e7a atrav\u00e9s da tecnologia do chip. Este cart\u00e3o de d\u00e9bito inclui um microchip integrado que oferece uma prote\u00e7\u00e3o para as compras na loja, porque cria um c\u00f3digo de utiliza\u00e7\u00e3o \u00fanica para cada transa\u00e7\u00e3o. Esta tecnologia oferece-lhe um maior n\u00edvel de seguran\u00e7a e tranquilidade quando realiza transa\u00e7\u00f5es em terminais com leitura de chip. <a href=\"https:\/\/baycoast.bank\/wp-content\/uploads\/2020\/08\/Chip-Card-FAQ.pdf\" target=\"_blank\" rel=\"noreferrer noopener\">Saiba mais sobre os cart\u00f5es com chip.<\/a><\/p>\n\n\n\n<ul class=\"wp-block-list\">\n<li>Sem taxas de compra<\/li>\n\n\n\n<li>Sem taxas anuais<\/li>\n\n\n\n<li>Sem taxas em qualquer caixa Multibanco dos balc\u00f5es BayCoast Bank<\/li>\n\n\n\n<li>Aceite em todo o mundo, nos terminais que apresentarem os log\u00f3tipos Mastercard\u00ae, NYCE\u00ae, PLUS, ou MoneyPass\u00ae.<\/li>\n<\/ul>\n\n\n\n<h2 class=\"wp-block-heading blue h5\">Perdeu ou roubaram o seu cart\u00e3o?<\/h2>\n\n\n\n<p>Se precisar de comunicar a perda ou roubo de um cart\u00e3o, fa\u00e7a-o imediatamente. Durante o hor\u00e1rio de expediente, contacte o BayCoast Bank atrav\u00e9s do n\u00famero 508-678-7641 ou 833-337-6075 ap\u00f3s o hor\u00e1rio de expediente.<\/p>\n\n\n\t\t\t<\/div>\n\n\t\t<\/div>\n\t<\/div>\n<\/div> <\/div>","protected":false},"excerpt":{"rendered":"<p>Uma forma pr\u00e1tica e segura para aceder e gerir os seus fundos, transformando os pagamentos di\u00e1rios e os levantamentos numa experi\u00eancia simples<\/p>\n","protected":false},"author":1,"featured_media":5398,"parent":7159,"menu_order":46,"comment_status":"closed","ping_status":"closed","template":"","meta":{"_acf_changed":false,"inline_featured_image":false,"footnotes":""},"class_list":["post-7161","page","type-page","status-publish","has-post-thumbnail","hentry"],"acf":[],"featured_image_urls_v2":{"full":["https:\/\/baycoast.bank\/wp-content\/uploads\/2020\/07\/iStock-1077565558-min-e1616788103918.jpg",2121,1219,false],"thumbnail":["https:\/\/baycoast.bank\/wp-content\/uploads\/2020\/07\/iStock-1077565558-min-e1616788103918-150x150.jpg",150,150,true],"medium":["https:\/\/baycoast.bank\/wp-content\/uploads\/2020\/07\/iStock-1077565558-min-e1616788103918-300x172.jpg",300,172,true],"medium_large":["https:\/\/baycoast.bank\/wp-content\/uploads\/2020\/07\/iStock-1077565558-min-e1616788103918-768x441.jpg",768,441,true],"large":["https:\/\/baycoast.bank\/wp-content\/uploads\/2020\/07\/iStock-1077565558-min-e1616788103918-1024x589.jpg",1024,589,true],"1536x1536":["https:\/\/baycoast.bank\/wp-content\/uploads\/2020\/07\/iStock-1077565558-min-e1616788103918-1536x883.jpg",1536,883,true],"2048x2048":["https:\/\/baycoast.bank\/wp-content\/uploads\/2020\/07\/iStock-1077565558-min-e1616788103918-2048x1177.jpg",2048,1177,true]},"post_excerpt_stackable_v2":"<p>Uma forma pr\u00e1tica e segura para aceder e gerir os seus fundos, transformando os pagamentos di\u00e1rios e os levantamentos numa experi\u00eancia simples<\/p>\n","category_list_v2":"","author_info_v2":{"name":"","url":"https:\/\/baycoast.bank\/pt-pt\/author\/"},"comments_num_v2":"0 comments","publishpress_future_action":{"enabled":false,"date":"2026-05-06 21:12:34","action":"change-status","newStatus":"draft","terms":[],"taxonomy":"translation_priority","extraData":[]},"publishpress_future_workflow_manual_trigger":{"enabledWorkflows":[]},"_links":{"self":[{"href":"https:\/\/baycoast.bank\/pt-pt\/wp-json\/wp\/v2\/pages\/7161","targetHints":{"allow":["GET"]}}],"collection":[{"href":"https:\/\/baycoast.bank\/pt-pt\/wp-json\/wp\/v2\/pages"}],"about":[{"href":"https:\/\/baycoast.bank\/pt-pt\/wp-json\/wp\/v2\/types\/page"}],"author":[{"embeddable":true,"href":"https:\/\/baycoast.bank\/pt-pt\/wp-json\/wp\/v2\/users\/1"}],"replies":[{"embeddable":true,"href":"https:\/\/baycoast.bank\/pt-pt\/wp-json\/wp\/v2\/comments?post=7161"}],"version-history":[{"count":0,"href":"https:\/\/baycoast.bank\/pt-pt\/wp-json\/wp\/v2\/pages\/7161\/revisions"}],"up":[{"embeddable":true,"href":"https:\/\/baycoast.bank\/pt-pt\/wp-json\/wp\/v2\/pages\/7159"}],"wp:featuredmedia":[{"embeddable":true,"href":"https:\/\/baycoast.bank\/pt-pt\/wp-json\/wp\/v2\/media\/5398"}],"wp:attachment":[{"href":"https:\/\/baycoast.bank\/pt-pt\/wp-json\/wp\/v2\/media?parent=7161"}],"curies":[{"name":"wp","href":"https:\/\/api.w.org\/{rel}","templated":true}]}}