{"id":7163,"date":"2020-08-07T15:02:28","date_gmt":"2020-08-07T19:02:28","guid":{"rendered":"https:\/\/baycoast.bank\/outros-servicos\/cofres-de-seguranca\/"},"modified":"2024-01-10T12:46:01","modified_gmt":"2024-01-10T17:46:01","slug":"cofres-de-seguranca","status":"publish","type":"page","link":"https:\/\/baycoast.bank\/pt-pt\/outros-servicos\/cofres-de-seguranca\/","title":{"rendered":"Cofres de seguran\u00e7a"},"content":{"rendered":"<div class=\"lazyblock-interior-hero-VRIkS wp-block-lazyblock-interior-hero\">\n<div class=\"section hero\">\n\t<div class=\"backing parallaxContainer\">\n\t\t<div class=\"backing\" style=\"background-image: url(https:\/\/baycoast.bank\/wp-content\/uploads\/2021\/04\/iStock-1239844469-min-e1618505210293.jpg\" role=\"img\" aria-label=\"Hero Image\"><\/div>\n\t<\/div>\n\n\t<div class=\"heroContent\">\n\t\t<div class=\"plusPlus blue\" ><\/div>\n\t\t\n\t\t<div class=\"heroWrapper\">\n\t\t\t<div class=\"heroBlock bgWhite\">\n\t\t\t\t\n\t\t\t\t<div class=\"heroBlockHeadline\">\n\n\t\t\t\t\t\t\t\t\t\t\t<div class=\"categories flex\" style=\"justify-content: flex-start;\">\n\t\t\t\t\t\t\t<div class=\"h6\">\n\n\t\t\t\t\t\t\t  \t\t\t\t\t\t\t\t    \t<a href=\"https:\/\/baycoast.bank\/pt-pt\/outros-servicos\/\">Outros servi\u00e7os<\/a>\n\t\t\t\t\t\t\t    \t\t\t\t\t\t\t  \n\t\t\t\t\t\t\t<\/div>\n\t\t\t\t\t\t\t\n\t\t\t\t\t\t\t\t\t\t\t\t\t<\/div>\n\t\t\t\t\t\t\t\t\t\t\n\t\t\t\t\t<h1 class=\"blue\">Cofres de seguran\u00e7a<\/h1>\n\t\t\t\t<\/div>\n\t\t\t<\/div>\n\t\t\t    \t\n\t\t\t\n\t\t<\/div>\n\t<\/div>\n<\/div> \n\n<div class=\"spacer\"><\/div><\/div><div class=\"lazyblock-interior-content-Z1fzQh6 wp-block-lazyblock-interior-content\"><div class=\"spacer\"><\/div>\n\n<div class=\"section\">\n\t<div class=\"paddedWrapper\">\n\t\t<div class=\"wrapper flex gutenberg\" style=\"justify-content: center;\">\n\n\t\t\t\n\t\t\t<div class=\"smallWrapper gutenberg\">\n\t\t\t\n\t\t\t\t<div class=\"h3\">Os cofres de seguran\u00e7a s\u00e3o uma excelente forma para os nossos clientes protegerem os seus bens e organizarem documentos importantes.<\/div>\n\t\t\t  \n\t\t\t  \t<hr style=\"margin-bottom: 5rem;\">\n\t\t\t\t\n\t\t\t\t\n\n<p>Ligue 508-678-7641 ou visite um dos nossos balc\u00f5es para obter mais informa\u00e7\u00f5es e saber qual a disponibilidade.<\/p>\n\n\n\n<div style=\"height:10px\" aria-hidden=\"true\" class=\"wp-block-spacer\"><\/div>\n\n\n\n<div class=\"wp-block-stackable-button-group stk-block-button-group stk-block stk-bbbc10d\" data-block-id=\"bbbc10d\"><style>.stk-bbbc10d{margin-bottom:0px !important}<\/style><div class=\"stk-row stk-inner-blocks stk-block-content stk-button-group\">\n<div class=\"wp-block-stackable-button stk-block-button stk-block stk-79899cc\" data-block-id=\"79899cc\"><style>.stk-79899cc .stk-button{padding-top:15px !important;padding-right:20px !important;padding-bottom:15px !important;padding-left:20px !important;background:#fbad18 !important}.stk-79899cc .stk-button__inner-text{font-size:16px !important;color:#18428f !important}@media screen and (max-width:1023px){.stk-79899cc .stk-button__inner-text{font-size:16px !important}}<\/style><a class=\"stk-link stk-button stk--hover-effect-scale\" href=\"https:\/\/baycoast.bank\/services\/safe-deposit-boxes\/\"><span class=\"has-text-color stk-button__inner-text\"><strong>ENCONTRAR UM COFRE DE SEGURAN\u00c7A PERTO DE MIM<\/strong><\/span><\/a><\/div>\n<\/div><\/div>\n\n\n\n<figure class=\"wp-block-table\"><table><tbody><tr><td>Dimens\u00e3o do cofre de seguran\u00e7a<\/td><td>Custo anual<\/td><\/tr><tr><td>2&#8243; x 5&#8243; x 24&#8243;<\/td><td>$40.00<\/td><\/tr><tr><td>3&#8243; x 5&#8243; x 24&#8243;<\/td><td>$45.00<\/td><\/tr><tr><td>5&#8243; x 5&#8243; x 24&#8243;<\/td><td>$55.00<\/td><\/tr><tr><td>3&#8243; x 10&#8243; x 24&#8243;<\/td><td>$70.00<\/td><\/tr><tr><td>5&#8243; x 10&#8243; x 24&#8243;<\/td><td>$85.00<\/td><\/tr><tr><td>10&#8243; x 10&#8243; x 24&#8243;<\/td><td>$150.00<\/td><\/tr><\/tbody><\/table><\/figure>\n\n\n\n<p>O conte\u00fado dos cofres de seguran\u00e7a n\u00e3o est\u00e1 seguro pela FDIC, DIF ou pelo BayCoast Bank.<\/p>\n\n\n\t\t\t<\/div>\n\n\t\t<\/div>\n\t<\/div>\n<\/div> <\/div>","protected":false},"excerpt":{"rendered":"<p>Os cofres de seguran\u00e7a oferecem um espa\u00e7o privado e seguro para guardar os seus objetos de valor e documentos importantes, para lhe oferecer tranquilidade.<\/p>\n","protected":false},"author":1,"featured_media":6048,"parent":7159,"menu_order":47,"comment_status":"closed","ping_status":"closed","template":"","meta":{"_acf_changed":false,"inline_featured_image":false,"footnotes":""},"class_list":["post-7163","page","type-page","status-publish","has-post-thumbnail","hentry"],"acf":[],"featured_image_urls_v2":{"full":["https:\/\/baycoast.bank\/wp-content\/uploads\/2021\/04\/iStock-1239844469-min-e1618505210293.jpg",1920,1176,false],"thumbnail":["https:\/\/baycoast.bank\/wp-content\/uploads\/2021\/04\/iStock-1239844469-min-e1618505210293-150x150.jpg",150,150,true],"medium":["https:\/\/baycoast.bank\/wp-content\/uploads\/2021\/04\/iStock-1239844469-min-e1618505210293-300x184.jpg",300,184,true],"medium_large":["https:\/\/baycoast.bank\/wp-content\/uploads\/2021\/04\/iStock-1239844469-min-e1618505210293-768x470.jpg",768,470,true],"large":["https:\/\/baycoast.bank\/wp-content\/uploads\/2021\/04\/iStock-1239844469-min-e1618505210293-1024x627.jpg",1024,627,true],"1536x1536":["https:\/\/baycoast.bank\/wp-content\/uploads\/2021\/04\/iStock-1239844469-min-e1618505210293-1536x941.jpg",1536,941,true],"2048x2048":["https:\/\/baycoast.bank\/wp-content\/uploads\/2021\/04\/iStock-1239844469-min-e1618505210293.jpg",1920,1176,false]},"post_excerpt_stackable_v2":"<p>Os cofres de seguran\u00e7a oferecem um espa\u00e7o privado e seguro para guardar os seus objetos de valor e documentos importantes, para lhe oferecer tranquilidade.<\/p>\n","category_list_v2":"","author_info_v2":{"name":"","url":"https:\/\/baycoast.bank\/pt-pt\/author\/"},"comments_num_v2":"0 comments","publishpress_future_action":{"enabled":false,"date":"2026-04-27 09:09:41","action":"change-status","newStatus":"draft","terms":[],"taxonomy":"translation_priority","extraData":[]},"publishpress_future_workflow_manual_trigger":{"enabledWorkflows":[]},"_links":{"self":[{"href":"https:\/\/baycoast.bank\/pt-pt\/wp-json\/wp\/v2\/pages\/7163","targetHints":{"allow":["GET"]}}],"collection":[{"href":"https:\/\/baycoast.bank\/pt-pt\/wp-json\/wp\/v2\/pages"}],"about":[{"href":"https:\/\/baycoast.bank\/pt-pt\/wp-json\/wp\/v2\/types\/page"}],"author":[{"embeddable":true,"href":"https:\/\/baycoast.bank\/pt-pt\/wp-json\/wp\/v2\/users\/1"}],"replies":[{"embeddable":true,"href":"https:\/\/baycoast.bank\/pt-pt\/wp-json\/wp\/v2\/comments?post=7163"}],"version-history":[{"count":0,"href":"https:\/\/baycoast.bank\/pt-pt\/wp-json\/wp\/v2\/pages\/7163\/revisions"}],"up":[{"embeddable":true,"href":"https:\/\/baycoast.bank\/pt-pt\/wp-json\/wp\/v2\/pages\/7159"}],"wp:featuredmedia":[{"embeddable":true,"href":"https:\/\/baycoast.bank\/pt-pt\/wp-json\/wp\/v2\/media\/6048"}],"wp:attachment":[{"href":"https:\/\/baycoast.bank\/pt-pt\/wp-json\/wp\/v2\/media?parent=7163"}],"curies":[{"name":"wp","href":"https:\/\/api.w.org\/{rel}","templated":true}]}}