{"id":7167,"date":"2020-08-07T16:39:15","date_gmt":"2020-08-07T20:39:15","guid":{"rendered":"https:\/\/baycoast.bank\/exoneracao-de-responsabilidade\/"},"modified":"2024-07-24T16:16:20","modified_gmt":"2024-07-24T20:16:20","slug":"exoneracao-de-responsabilidade","status":"publish","type":"page","link":"https:\/\/baycoast.bank\/pt-pt\/exoneracao-de-responsabilidade\/","title":{"rendered":"Declara\u00e7\u00e3o de exonera\u00e7\u00e3o de responsabilidade"},"content":{"rendered":"<div class=\"lazyblock-no-hero-Z1LN4W5 wp-block-lazyblock-no-hero\"><div class=\"noHero\" style=\"height: 10rem;\"><\/div><\/div><div class=\"lazyblock-interior-content-ZFo4Dp wp-block-lazyblock-interior-content\"><div class=\"spacer\"><\/div>\n\n<div class=\"section\">\n\t<div class=\"paddedWrapper\">\n\t\t<div class=\"wrapper flex gutenberg\" style=\"justify-content: center;\">\n\n\t\t\t\n\t\t\t<div class=\"smallWrapper gutenberg\">\n\t\t\t\n\t\t\t\t<div class=\"h3\"><\/div>\n\t\t\t  \n\t\t\t  \t<hr style=\"margin-bottom: 5rem;\">\n\t\t\t\t\n\t\t\t\t\n\n<h1 class=\"wp-block-heading has-large-font-size\">Este website informativo e transacional \u00e9 propriedade do BayCoast Bank.<\/h1>\n\n\n\n<p>O acesso ou a utiliza\u00e7\u00e3o n\u00e3o autorizada n\u00e3o \u00e9 permitida e constitui um crime punido por lei (T\u00edtulo 18, \u00a7 1030 do C\u00f3digo dos EUA). Qualquer difus\u00e3o, distribui\u00e7\u00e3o ou c\u00f3pia da informa\u00e7\u00e3o contida neste website \u00e9 estritamente proibida.<\/p>\n\n\n\n<p>A oferta de produtos, taxas, prazos e outras informa\u00e7\u00f5es dispon\u00edveis neste website est\u00e3o sujeitas a altera\u00e7\u00e3o sem aviso pr\u00e9vio ou podem ser retiradas a qualquer momento.<\/p>\n\n\n\n<p>Tendo em conta a possibilidade de erro humano e mec\u00e2nico, bem como de outros fatores, o BayCoast Bank n\u00e3o assume qualquer responsabilidade por quaisquer erros ou omiss\u00f5es nas informa\u00e7\u00f5es contidas neste website ou acedidas atrav\u00e9s deste website. As referidas informa\u00e7\u00f5es s\u00e3o fornecidas ao utilizador \u201ctal como est\u00e3o\u201d, sem garantias expressas ou impl\u00edcitas de qualquer tipo, incluindo as garantias de comerciabilidade, n\u00e3o viola\u00e7\u00e3o da propriedade intelectual ou adequa\u00e7\u00e3o para qualquer finalidade em particular. Adicionalmente, o BayCoast Bank n\u00e3o ser\u00e1 respons\u00e1vel por nenhum atraso, dificuldade na utiliza\u00e7\u00e3o, precis\u00e3o da informa\u00e7\u00e3o, v\u00edrus inform\u00e1ticos, c\u00f3digo malicioso ou outros defeitos neste website.<\/p>\n\n\n\t\t\t<\/div>\n\n\t\t<\/div>\n\t<\/div>\n<\/div> <\/div>","protected":false},"excerpt":{"rendered":"","protected":false},"author":1,"featured_media":0,"parent":0,"menu_order":163,"comment_status":"closed","ping_status":"closed","template":"","meta":{"_acf_changed":false,"inline_featured_image":false,"footnotes":""},"class_list":["post-7167","page","type-page","status-publish","hentry"],"acf":[],"featured_image_urls_v2":{"full":"","thumbnail":"","medium":"","medium_large":"","large":"","1536x1536":"","2048x2048":""},"post_excerpt_stackable_v2":"<p>Este website informativo e transacional \u00e9 propriedade do BayCoast Bank. O acesso ou a utiliza\u00e7\u00e3o n\u00e3o autorizada n\u00e3o \u00e9 permitida e constitui um crime punido por lei (T\u00edtulo 18, \u00a7 1030 do C\u00f3digo dos EUA). Qualquer difus\u00e3o, distribui\u00e7\u00e3o ou c\u00f3pia da informa\u00e7\u00e3o contida neste website \u00e9 estritamente proibida. A oferta de produtos, taxas, prazos e outras informa\u00e7\u00f5es dispon\u00edveis neste website est\u00e3o sujeitas a altera\u00e7\u00e3o sem aviso pr\u00e9vio ou podem ser retiradas a qualquer momento. Tendo em conta a possibilidade de erro humano e mec\u00e2nico, bem como de outros fatores, o BayCoast Bank n\u00e3o assume qualquer responsabilidade por quaisquer erros ou&hellip;<\/p>\n","category_list_v2":"","author_info_v2":{"name":"","url":"https:\/\/baycoast.bank\/pt-pt\/author\/"},"comments_num_v2":"0 comments","publishpress_future_action":{"enabled":false,"date":"2026-05-11 10:30:58","action":"change-status","newStatus":"draft","terms":[],"taxonomy":"translation_priority","extraData":[]},"publishpress_future_workflow_manual_trigger":{"enabledWorkflows":[]},"_links":{"self":[{"href":"https:\/\/baycoast.bank\/pt-pt\/wp-json\/wp\/v2\/pages\/7167","targetHints":{"allow":["GET"]}}],"collection":[{"href":"https:\/\/baycoast.bank\/pt-pt\/wp-json\/wp\/v2\/pages"}],"about":[{"href":"https:\/\/baycoast.bank\/pt-pt\/wp-json\/wp\/v2\/types\/page"}],"author":[{"embeddable":true,"href":"https:\/\/baycoast.bank\/pt-pt\/wp-json\/wp\/v2\/users\/1"}],"replies":[{"embeddable":true,"href":"https:\/\/baycoast.bank\/pt-pt\/wp-json\/wp\/v2\/comments?post=7167"}],"version-history":[{"count":0,"href":"https:\/\/baycoast.bank\/pt-pt\/wp-json\/wp\/v2\/pages\/7167\/revisions"}],"wp:attachment":[{"href":"https:\/\/baycoast.bank\/pt-pt\/wp-json\/wp\/v2\/media?parent=7167"}],"curies":[{"name":"wp","href":"https:\/\/api.w.org\/{rel}","templated":true}]}}