{"id":7175,"date":"2020-08-09T17:26:15","date_gmt":"2020-08-09T21:26:15","guid":{"rendered":"https:\/\/baycoast.bank\/seguranca-no-banco-movel\/"},"modified":"2023-02-28T15:54:56","modified_gmt":"2023-02-28T20:54:56","slug":"seguranca-no-banco-movel","status":"publish","type":"page","link":"https:\/\/baycoast.bank\/pt-pt\/banco-online\/banco-movel\/seguranca-no-banco-movel\/","title":{"rendered":"Seguran\u00e7a no Banco M\u00f3vel"},"content":{"rendered":"<div class=\"lazyblock-interior-hero-Z2U5Rl wp-block-lazyblock-interior-hero\">\n<div class=\"section hero\">\n\t<div class=\"backing parallaxContainer\">\n\t\t<div class=\"backing\" style=\"background-image: url(https:\/\/baycoast.bank\/wp-content\/uploads\/2020\/07\/iStock-468353920-min.jpg\" role=\"img\" aria-label=\"Hero Image\"><\/div>\n\t<\/div>\n\n\t<div class=\"heroContent\">\n\t\t<div class=\"plusPlus blue\" ><\/div>\n\t\t\n\t\t<div class=\"heroWrapper\">\n\t\t\t<div class=\"heroBlock bgWhite\">\n\t\t\t\t\n\t\t\t\t<div class=\"heroBlockHeadline\">\n\n\t\t\t\t\t\t\t\t\t\t\t<div class=\"categories flex\" style=\"justify-content: flex-start;\">\n\t\t\t\t\t\t\t<div class=\"h6\">\n\n\t\t\t\t\t\t\t  \t\t\t\t\t\t\t\t    \t<a href=\"https:\/\/baycoast.bank\/pt-pt\/banco-online\/banco-movel\/\">Banco M\u00f3vel<\/a>\n\t\t\t\t\t\t\t    \t\t\t\t\t\t\t  \n\t\t\t\t\t\t\t<\/div>\n\t\t\t\t\t\t\t\n\t\t\t\t\t\t\t\t\t\t\t\t\t<\/div>\n\t\t\t\t\t\t\t\t\t\t\n\t\t\t\t\t<h1 class=\"blue\">Seguran\u00e7a no Banco M\u00f3vel<\/h1>\n\t\t\t\t<\/div>\n\t\t\t<\/div>\n\t\t\t    \t\n\t\t\t\n\t\t<\/div>\n\t<\/div>\n<\/div> \n\n<div class=\"spacer\"><\/div><\/div><div class=\"lazyblock-interior-content-qwrfz wp-block-lazyblock-interior-content\"><div class=\"spacer\"><\/div>\n\n<div class=\"section\">\n\t<div class=\"paddedWrapper\">\n\t\t<div class=\"wrapper flex gutenberg\" style=\"justify-content: center;\">\n\n\t\t\t\n\t\t\t<div class=\"smallWrapper gutenberg\">\n\t\t\t\n\t\t\t\t<div class=\"h3\"><\/div>\n\t\t\t  \n\t\t\t  \t<hr style=\"margin-bottom: 5rem;\">\n\t\t\t\t\n\t\t\t\t\n\n<h2 class=\"h3 wp-block-heading\">Registo Seguro Mobile<\/h2>\n\n\n\n<ul class=\"wp-block-list\">\n<li>Para aceder ao Banco M\u00f3vel BayCoast Bank \u00e9 necess\u00e1rio proceder ao registo no Banco Online.<\/li>\n\n\n\n<li>Os utilizadores usam os mesmos dados de ID e de palavra-passe no Banco Online.<\/li>\n\n\n\n<li>Os funcion\u00e1rios do BayCoast Bank nunca ter\u00e3o acesso \u00e0 ID do utilizador, palavra-passe ou a quaisquer perguntas e respostas de seguran\u00e7a.<\/li>\n\n\n\n<li>Ser\u00e3o v\u00e1lidos apenas os c\u00f3digos das mensagens de texto SMS enviados para os n\u00fameros de telefone previamente ativados. S\u00e3o utilizados os sistemas de seguran\u00e7a mais avan\u00e7ados para garantir liga\u00e7\u00f5es seguras.<\/li>\n<\/ul>\n\n\n\n<p><strong>Em caso de perda\/roubo do telefone<\/strong><\/p>\n\n\n\n<ul class=\"wp-block-list\">\n<li>Desative o banco m\u00f3vel ao iniciar sess\u00e3o no Banco Online e clique e, Banco M\u00f3vel e separador Alertas de navega\u00e7\u00e3o para desativar o seu telefone. Contacte o e-Commerce para o n\u00famero 508-675-4404, se precisar de ajuda.<\/li>\n\n\n\n<li>Contacte o seu fornecedor de servi\u00e7os sem fios para comunicar a perda\/roubo do seu telefone e interromper imediatamente o seu servi\u00e7os sem fios.<\/li>\n<\/ul>\n\n\n\n<p><strong>Sugest\u00f5es \u00fateis para manter a sua seguran\u00e7a m\u00f3vel<\/strong><\/p>\n\n\n\n<ul class=\"wp-block-list\">\n<li>Transfira e aplique as atualiza\u00e7\u00f5es e corre\u00e7\u00f5es de seguran\u00e7a no seu browser para dispositivo m\u00f3vel, logo que s\u00e3o disponibilizadas pelo seu fornecedor de servi\u00e7os sem fios. Desta forma, aumenta a sua prote\u00e7\u00e3o contra potenciais problemas de seguran\u00e7a conhecidos.<\/li>\n\n\n\n<li>Para impedir v\u00edrus ou outros problemas indesejados, n\u00e3o abra anexos de fontes desconhecidas ou n\u00e3o fidedignas.<\/li>\n\n\n\n<li>N\u00e3o instale software pirateado ou proveniente de origem desconhecida.<\/li>\n\n\n\n<li>Limite o acesso n\u00e3o autorizado ao seu telem\u00f3vel. N\u00e3o deixe o seu telem\u00f3vel sem vigil\u00e2ncia durante uma sess\u00e3o de banco m\u00f3vel ativa.<\/li>\n\n\n\n<li>Nunca guarde a sua ID de utilizador e palavra-passe no seu telem\u00f3vel, em notas, ou outra aplica\u00e7\u00e3o do seu dispositivo.<\/li>\n\n\n\n<li>Nunca se esque\u00e7a de terminar a sess\u00e3o corretamente, atrav\u00e9s do bot\u00e3o \u201cTerminar Sess\u00e3o\u201d depois de ter realizado todas as suas opera\u00e7\u00f5es no banco m\u00f3vel.<\/li>\n\n\n\n<li>Preste aten\u00e7\u00e3o \u00e0s potenciais aplica\u00e7\u00f5es de banco m\u00f3vel fraudulentas.<\/li>\n<\/ul>\n\n\n\n<p>O BayCoast Bank NUNCA ir\u00e1 solicitar os seus n\u00fameros de conta, palavras-passe ou outras informa\u00e7\u00f5es pessoais sens\u00edveis por e-mail, telefone ou qualquer outro m\u00e9todo. Da mesma forma, nunca dever\u00e1 enviar dados pessoais, tais como os n\u00fameros de conta ou de Seguran\u00e7a Social nos seus e-mails, se n\u00e3o conhecer o destinat\u00e1rio.<\/p>\n\n\n\t\t\t<\/div>\n\n\t\t<\/div>\n\t<\/div>\n<\/div> <\/div>","protected":false},"excerpt":{"rendered":"","protected":false},"author":1,"featured_media":5438,"parent":7247,"menu_order":32,"comment_status":"closed","ping_status":"closed","template":"","meta":{"_acf_changed":false,"inline_featured_image":false,"footnotes":""},"class_list":["post-7175","page","type-page","status-publish","has-post-thumbnail","hentry"],"acf":[],"featured_image_urls_v2":{"full":["https:\/\/baycoast.bank\/wp-content\/uploads\/2020\/07\/iStock-468353920-min.jpg",2046,1466,false],"thumbnail":["https:\/\/baycoast.bank\/wp-content\/uploads\/2020\/07\/iStock-468353920-min-150x150.jpg",150,150,true],"medium":["https:\/\/baycoast.bank\/wp-content\/uploads\/2020\/07\/iStock-468353920-min-300x215.jpg",300,215,true],"medium_large":["https:\/\/baycoast.bank\/wp-content\/uploads\/2020\/07\/iStock-468353920-min-768x550.jpg",768,550,true],"large":["https:\/\/baycoast.bank\/wp-content\/uploads\/2020\/07\/iStock-468353920-min-1024x734.jpg",1024,734,true],"1536x1536":["https:\/\/baycoast.bank\/wp-content\/uploads\/2020\/07\/iStock-468353920-min-1536x1101.jpg",1536,1101,true],"2048x2048":["https:\/\/baycoast.bank\/wp-content\/uploads\/2020\/07\/iStock-468353920-min.jpg",2046,1466,false]},"post_excerpt_stackable_v2":"<p>Banco M\u00f3vel Seguran\u00e7a no Banco M\u00f3vel Registo Seguro Mobile Para aceder ao Banco M\u00f3vel BayCoast Bank \u00e9 necess\u00e1rio proceder ao registo no Banco Online. Os utilizadores usam os mesmos dados de ID e de palavra-passe no Banco Online. Os funcion\u00e1rios do BayCoast Bank nunca ter\u00e3o acesso \u00e0 ID do utilizador, palavra-passe ou a quaisquer perguntas e respostas de seguran\u00e7a. Ser\u00e3o v\u00e1lidos apenas os c\u00f3digos das mensagens de texto SMS enviados para os n\u00fameros de telefone previamente ativados. S\u00e3o utilizados os sistemas de seguran\u00e7a mais avan\u00e7ados para garantir liga\u00e7\u00f5es seguras. Em caso de perda\/roubo do telefone Desative o banco m\u00f3vel ao&hellip;<\/p>\n","category_list_v2":"","author_info_v2":{"name":"","url":"https:\/\/baycoast.bank\/pt-pt\/author\/"},"comments_num_v2":"0 comments","publishpress_future_action":{"enabled":false,"date":"2026-05-22 17:19:04","action":"change-status","newStatus":"draft","terms":[],"taxonomy":"translation_priority","extraData":[]},"publishpress_future_workflow_manual_trigger":{"enabledWorkflows":[]},"_links":{"self":[{"href":"https:\/\/baycoast.bank\/pt-pt\/wp-json\/wp\/v2\/pages\/7175","targetHints":{"allow":["GET"]}}],"collection":[{"href":"https:\/\/baycoast.bank\/pt-pt\/wp-json\/wp\/v2\/pages"}],"about":[{"href":"https:\/\/baycoast.bank\/pt-pt\/wp-json\/wp\/v2\/types\/page"}],"author":[{"embeddable":true,"href":"https:\/\/baycoast.bank\/pt-pt\/wp-json\/wp\/v2\/users\/1"}],"replies":[{"embeddable":true,"href":"https:\/\/baycoast.bank\/pt-pt\/wp-json\/wp\/v2\/comments?post=7175"}],"version-history":[{"count":0,"href":"https:\/\/baycoast.bank\/pt-pt\/wp-json\/wp\/v2\/pages\/7175\/revisions"}],"up":[{"embeddable":true,"href":"https:\/\/baycoast.bank\/pt-pt\/wp-json\/wp\/v2\/pages\/7247"}],"wp:featuredmedia":[{"embeddable":true,"href":"https:\/\/baycoast.bank\/pt-pt\/wp-json\/wp\/v2\/media\/5438"}],"wp:attachment":[{"href":"https:\/\/baycoast.bank\/pt-pt\/wp-json\/wp\/v2\/media?parent=7175"}],"curies":[{"name":"wp","href":"https:\/\/api.w.org\/{rel}","templated":true}]}}