{"id":7177,"date":"2020-08-09T17:31:59","date_gmt":"2020-08-09T21:31:59","guid":{"rendered":"https:\/\/baycoast.bank\/recursos\/ferramentas-e-sugestoes\/sugestoes-em-viagem\/"},"modified":"2024-01-10T13:01:07","modified_gmt":"2024-01-10T18:01:07","slug":"sugestoes-em-viagem","status":"publish","type":"page","link":"https:\/\/baycoast.bank\/pt-pt\/recursos\/ferramentas-e-sugestoes\/sugestoes-em-viagem\/","title":{"rendered":"Sugest\u00f5es em viagem"},"content":{"rendered":"<div class=\"lazyblock-interior-hero-9zWe3 wp-block-lazyblock-interior-hero\">\n<div class=\"section hero\">\n\t<div class=\"backing parallaxContainer\">\n\t\t<div class=\"backing\" style=\"background-image: url(https:\/\/baycoast.bank\/wp-content\/uploads\/2021\/04\/iStock-1217428017-min-e1618505675127.jpg\" role=\"img\" aria-label=\"Hero Image\"><\/div>\n\t<\/div>\n\n\t<div class=\"heroContent\">\n\t\t<div class=\"plusPlus blue\" ><\/div>\n\t\t\n\t\t<div class=\"heroWrapper\">\n\t\t\t<div class=\"heroBlock bgWhite\">\n\t\t\t\t\n\t\t\t\t<div class=\"heroBlockHeadline\">\n\n\t\t\t\t\t\t\t\t\t\t\t<div class=\"categories flex\" style=\"justify-content: flex-start;\">\n\t\t\t\t\t\t\t<div class=\"h6\">\n\n\t\t\t\t\t\t\t  \t\t\t\t\t\t\t\t    \t<a href=\"https:\/\/baycoast.bank\/pt-pt\/recursos\/ferramentas-e-sugestoes\/\">Ferramentas e sugest\u00f5es<\/a>\n\t\t\t\t\t\t\t    \t\t\t\t\t\t\t  \n\t\t\t\t\t\t\t<\/div>\n\t\t\t\t\t\t\t\n\t\t\t\t\t\t\t\t\t\t\t\t\t<\/div>\n\t\t\t\t\t\t\t\t\t\t\n\t\t\t\t\t<h1 class=\"blue\">Sugest\u00f5es em viagem<\/h1>\n\t\t\t\t<\/div>\n\t\t\t<\/div>\n\t\t\t    \t\n\t\t\t\n\t\t<\/div>\n\t<\/div>\n<\/div> \n\n<div class=\"spacer\"><\/div><\/div><div class=\"lazyblock-interior-content-Z1A9afo wp-block-lazyblock-interior-content\"><div class=\"spacer\"><\/div>\n\n<div class=\"section\">\n\t<div class=\"paddedWrapper\">\n\t\t<div class=\"wrapper flex gutenberg\" style=\"justify-content: center;\">\n\n\t\t\t\n\t\t\t<div class=\"smallWrapper gutenberg\">\n\t\t\t\n\t\t\t\t<div class=\"h3\">Est\u00e1 a planear viajar em breve?<\/div>\n\t\t\t  \n\t\t\t  \t<hr style=\"margin-bottom: 5rem;\">\n\t\t\t\t\n\t\t\t\t\n\n<ol class=\"wp-block-list\">\n<li>Para a sua seguran\u00e7a, monitorizamos as transa\u00e7\u00f5es com o cart\u00e3o de d\u00e9bito e poderemos recusar aquelas que n\u00e3o se enquadrem no seu padr\u00e3o ou atividade normal. Se estiver a viajar, informe-nos dos seus planos, bastando seguir os passos descritos abaixo ou contactando-nos para o n\u00famero 508-675-4404.<\/li>\n\n\n\n<li>Preencha o <a href=\"https:\/\/baycoast.bank\/pt-pt\/quem-somos\/apoio-ao-cliente\/\">formul\u00e1rio de e-mail de Apoio ao Cliente<\/a>.<\/li>\n\n\n\n<li>Indique as datas de viagem, os estados dos EUA ou os pa\u00edses para onde vai viajar, o seu nome e morada e os \u00faltimos 4 d\u00edgitos do n\u00famero do seu cart\u00e3o de D\u00e9bito Mastercard\u00ae na caixa \u201cMensagem\u201d.<\/li>\n\n\n\n<li>Clique \u201cEnviar\u201d e procederemos ao registo do seu cart\u00e3o para viajar. <\/li>\n<\/ol>\n\n\n\n<h2 class=\"wp-block-heading h4\"><em>Desejamos-lhe uma viagem maravilhosa!<\/em><\/h2>\n\n\n\t\t\t<\/div>\n\n\t\t<\/div>\n\t<\/div>\n<\/div> <\/div>","protected":false},"excerpt":{"rendered":"","protected":false},"author":1,"featured_media":6040,"parent":7173,"menu_order":112,"comment_status":"closed","ping_status":"closed","template":"","meta":{"_acf_changed":false,"inline_featured_image":false,"footnotes":""},"class_list":["post-7177","page","type-page","status-publish","has-post-thumbnail","hentry"],"acf":[],"featured_image_urls_v2":{"full":["https:\/\/baycoast.bank\/wp-content\/uploads\/2021\/04\/iStock-1217428017-min-e1618505675127.jpg",1920,1080,false],"thumbnail":["https:\/\/baycoast.bank\/wp-content\/uploads\/2021\/04\/iStock-1217428017-min-e1618505675127-150x150.jpg",150,150,true],"medium":["https:\/\/baycoast.bank\/wp-content\/uploads\/2021\/04\/iStock-1217428017-min-e1618505675127-300x169.jpg",300,169,true],"medium_large":["https:\/\/baycoast.bank\/wp-content\/uploads\/2021\/04\/iStock-1217428017-min-e1618505675127-768x432.jpg",768,432,true],"large":["https:\/\/baycoast.bank\/wp-content\/uploads\/2021\/04\/iStock-1217428017-min-e1618505675127-1024x576.jpg",1024,576,true],"1536x1536":["https:\/\/baycoast.bank\/wp-content\/uploads\/2021\/04\/iStock-1217428017-min-e1618505675127-1536x864.jpg",1536,864,true],"2048x2048":["https:\/\/baycoast.bank\/wp-content\/uploads\/2021\/04\/iStock-1217428017-min-e1618505675127.jpg",1920,1080,false]},"post_excerpt_stackable_v2":"<p>Ferramentas e sugest\u00f5es Sugest\u00f5es em viagem Est\u00e1 a planear viajar em breve? Para a sua seguran\u00e7a, monitorizamos as transa\u00e7\u00f5es com o cart\u00e3o de d\u00e9bito e poderemos recusar aquelas que n\u00e3o se enquadrem no seu padr\u00e3o ou atividade normal. Se estiver a viajar, informe-nos dos seus planos, bastando seguir os passos descritos abaixo ou contactando-nos para o n\u00famero 508-675-4404. Preencha o formul\u00e1rio de e-mail de Apoio ao Cliente. Indique as datas de viagem, os estados dos EUA ou os pa\u00edses para onde vai viajar, o seu nome e morada e os \u00faltimos 4 d\u00edgitos do n\u00famero do seu cart\u00e3o de D\u00e9bito&hellip;<\/p>\n","category_list_v2":"","author_info_v2":{"name":"","url":"https:\/\/baycoast.bank\/pt-pt\/author\/"},"comments_num_v2":"0 comments","publishpress_future_action":{"enabled":false,"date":"2026-05-02 11:06:30","action":"change-status","newStatus":"draft","terms":[],"taxonomy":"translation_priority","extraData":[]},"publishpress_future_workflow_manual_trigger":{"enabledWorkflows":[]},"_links":{"self":[{"href":"https:\/\/baycoast.bank\/pt-pt\/wp-json\/wp\/v2\/pages\/7177","targetHints":{"allow":["GET"]}}],"collection":[{"href":"https:\/\/baycoast.bank\/pt-pt\/wp-json\/wp\/v2\/pages"}],"about":[{"href":"https:\/\/baycoast.bank\/pt-pt\/wp-json\/wp\/v2\/types\/page"}],"author":[{"embeddable":true,"href":"https:\/\/baycoast.bank\/pt-pt\/wp-json\/wp\/v2\/users\/1"}],"replies":[{"embeddable":true,"href":"https:\/\/baycoast.bank\/pt-pt\/wp-json\/wp\/v2\/comments?post=7177"}],"version-history":[{"count":0,"href":"https:\/\/baycoast.bank\/pt-pt\/wp-json\/wp\/v2\/pages\/7177\/revisions"}],"up":[{"embeddable":true,"href":"https:\/\/baycoast.bank\/pt-pt\/wp-json\/wp\/v2\/pages\/7173"}],"wp:featuredmedia":[{"embeddable":true,"href":"https:\/\/baycoast.bank\/pt-pt\/wp-json\/wp\/v2\/media\/6040"}],"wp:attachment":[{"href":"https:\/\/baycoast.bank\/pt-pt\/wp-json\/wp\/v2\/media?parent=7177"}],"curies":[{"name":"wp","href":"https:\/\/api.w.org\/{rel}","templated":true}]}}