{"id":7179,"date":"2020-08-21T08:32:49","date_gmt":"2020-08-21T12:32:49","guid":{"rendered":"https:\/\/baycoast.bank\/money-management\/"},"modified":"2023-02-28T15:54:43","modified_gmt":"2023-02-28T20:54:43","slug":"money-management","status":"publish","type":"page","link":"https:\/\/baycoast.bank\/pt-pt\/banco-online\/money-management\/","title":{"rendered":"Money Management"},"content":{"rendered":"<div class=\"lazyblock-interior-hero-Z2pm80c wp-block-lazyblock-interior-hero\">\n<div class=\"section hero\">\n\t<div class=\"backing parallaxContainer\">\n\t\t<div class=\"backing\" style=\"background-image: url(https:\/\/baycoast.bank\/wp-content\/uploads\/2020\/08\/iStock-613241502-min.jpg\" role=\"img\" aria-label=\"Hero Image\"><\/div>\n\t<\/div>\n\n\t<div class=\"heroContent\">\n\t\t<div class=\"plusPlus blue\" ><\/div>\n\t\t\n\t\t<div class=\"heroWrapper\">\n\t\t\t<div class=\"heroBlock bgWhite\">\n\t\t\t\t\n\t\t\t\t<div class=\"heroBlockHeadline\">\n\n\t\t\t\t\t\t\t\t\t\t\t<div class=\"categories flex\" style=\"justify-content: flex-start;\">\n\t\t\t\t\t\t\t<div class=\"h6\">\n\n\t\t\t\t\t\t\t  \t\t\t\t\t\t\t\t    \t<a href=\"https:\/\/baycoast.bank\/pt-pt\/banco-online\/\">Banco Online<\/a>\n\t\t\t\t\t\t\t    \t\t\t\t\t\t\t  \n\t\t\t\t\t\t\t<\/div>\n\t\t\t\t\t\t\t\n\t\t\t\t\t\t\t\t\t\t\t\t\t<\/div>\n\t\t\t\t\t\t\t\t\t\t\n\t\t\t\t\t<h1 class=\"blue\">Money Management<\/h1>\n\t\t\t\t<\/div>\n\t\t\t<\/div>\n\t\t\t    \t\n\t\t\t\n\t\t<\/div>\n\t<\/div>\n<\/div> \n\n<div class=\"spacer\"><\/div><\/div><div class=\"lazyblock-interior-content-DfS7S wp-block-lazyblock-interior-content\"><div class=\"spacer\"><\/div>\n\n<div class=\"section\">\n\t<div class=\"paddedWrapper\">\n\t\t<div class=\"wrapper flex gutenberg\" style=\"justify-content: center;\">\n\n\t\t\t\t\t    \t<div class=\"illustration\" style=\"background-image: url(https:\/\/baycoast.bank\/wp-content\/uploads\/2020\/08\/financeworks.png); background-size: \" role=\"img\" aria-label=\"Fazer um or\u00e7amento para um futuro mais brilhante.\"><\/div>\n\t\t  \t\n\t\t\t<div class=\"smallWrapper gutenberg\">\n\t\t\t\n\t\t\t\t<div class=\"h3\">Fazer um or\u00e7amento para um futuro mais brilhante.<\/div>\n\t\t\t  \n\t\t\t  \t<hr style=\"margin-bottom: 5rem;\">\n\t\t\t\t\n\t\t\t\t\n\n<p>Criar h\u00e1bitos de gest\u00e3o do dinheiro vai contribuir para aproveitar da melhor forma o patrim\u00f3nio que tem dispon\u00edvel, para viver a vida que deseja. Use a ferramenta \u201cMoney Management\u201d do BayCoast Bank para gerir o seu or\u00e7amento, poupan\u00e7as, investimentos, despesas e definir objetivos financeiros a curto e a longo prazo. <\/p>\n\n\n\n<p>Pode aceder \u00e0s informa\u00e7\u00f5es da sua conta, incluindo outras fun\u00e7\u00f5es n\u00e3o relacionadas com o BayCoast Bank, bem como 13 meses de hist\u00f3rico, categorias personalizadas, or\u00e7amentos, tabelas de despesas, notas de transa\u00e7\u00f5es, assinalar contas para empresas e outras funcionalidades importantes. Al\u00e9m de&#8230;<\/p>\n\n\n\n<ul class=\"wp-block-list\">\n<li>Acesso atrav\u00e9s de dispositivos m\u00f3veis.<\/li>\n\n\n\n<li>Identificar transa\u00e7\u00f5es.<\/li>\n\n\n\n<li>Definir objetivos.<\/li>\n\n\n\n<li>Visualizar tend\u00eancias.<\/li>\n\n\n\n<li>Calcular o pagamento de d\u00edvida.<\/li>\n\n\n\n<li>Configurar alertas em mensagem.<\/li>\n<\/ul>\n\n\n\n<p>Como sempre, se sentir alguma dificuldade com o MONEY MANAGEMENT ou o Banco Online, sabe que pode contar com os esclarecimentos da nossa equipa de especialistas em e-Commerce!<\/p>\n\n\n\n<p>E-mail: ecommerce@baycoastbank.com<\/p>\n\n\n\n<p>Telefone: 508-675-4404<\/p>\n\n\n\n<p>Ainda n\u00e3o fez o registo para o Banco Online? <a href=\"https:\/\/baycoast.bank\/pt-pt\/banco-online\/\">Clique aqui e pe\u00e7a hoje mesmo!<\/a><\/p>\n\n\n\t\t\t<\/div>\n\n\t\t<\/div>\n\t<\/div>\n<\/div> <\/div>","protected":false},"excerpt":{"rendered":"","protected":false},"author":2,"featured_media":5704,"parent":7245,"menu_order":39,"comment_status":"closed","ping_status":"closed","template":"","meta":{"_acf_changed":false,"inline_featured_image":false,"footnotes":""},"class_list":["post-7179","page","type-page","status-publish","has-post-thumbnail","hentry"],"acf":[],"featured_image_urls_v2":{"full":["https:\/\/baycoast.bank\/wp-content\/uploads\/2020\/08\/iStock-613241502-min.jpg",2121,1414,false],"thumbnail":["https:\/\/baycoast.bank\/wp-content\/uploads\/2020\/08\/iStock-613241502-min-150x150.jpg",150,150,true],"medium":["https:\/\/baycoast.bank\/wp-content\/uploads\/2020\/08\/iStock-613241502-min-300x200.jpg",300,200,true],"medium_large":["https:\/\/baycoast.bank\/wp-content\/uploads\/2020\/08\/iStock-613241502-min-768x512.jpg",768,512,true],"large":["https:\/\/baycoast.bank\/wp-content\/uploads\/2020\/08\/iStock-613241502-min-1024x683.jpg",1024,683,true],"1536x1536":["https:\/\/baycoast.bank\/wp-content\/uploads\/2020\/08\/iStock-613241502-min-1536x1024.jpg",1536,1024,true],"2048x2048":["https:\/\/baycoast.bank\/wp-content\/uploads\/2020\/08\/iStock-613241502-min-2048x1365.jpg",2048,1365,true]},"post_excerpt_stackable_v2":"<p>Banco Online Money Management Fazer um or\u00e7amento para um futuro mais brilhante. Criar h\u00e1bitos de gest\u00e3o do dinheiro vai contribuir para aproveitar da melhor forma o patrim\u00f3nio que tem dispon\u00edvel, para viver a vida que deseja. Use a ferramenta \u201cMoney Management\u201d do BayCoast Bank para gerir o seu or\u00e7amento, poupan\u00e7as, investimentos, despesas e definir objetivos financeiros a curto e a longo prazo. Pode aceder \u00e0s informa\u00e7\u00f5es da sua conta, incluindo outras fun\u00e7\u00f5es n\u00e3o relacionadas com o BayCoast Bank, bem como 13 meses de hist\u00f3rico, categorias personalizadas, or\u00e7amentos, tabelas de despesas, notas de transa\u00e7\u00f5es, assinalar contas para empresas e outras funcionalidades&hellip;<\/p>\n","category_list_v2":"","author_info_v2":{"name":"","url":"https:\/\/baycoast.bank\/pt-pt\/author\/"},"comments_num_v2":"0 comments","publishpress_future_action":{"enabled":false,"date":"2026-05-03 03:38:26","action":"change-status","newStatus":"draft","terms":[],"taxonomy":"translation_priority","extraData":[]},"publishpress_future_workflow_manual_trigger":{"enabledWorkflows":[]},"_links":{"self":[{"href":"https:\/\/baycoast.bank\/pt-pt\/wp-json\/wp\/v2\/pages\/7179","targetHints":{"allow":["GET"]}}],"collection":[{"href":"https:\/\/baycoast.bank\/pt-pt\/wp-json\/wp\/v2\/pages"}],"about":[{"href":"https:\/\/baycoast.bank\/pt-pt\/wp-json\/wp\/v2\/types\/page"}],"author":[{"embeddable":true,"href":"https:\/\/baycoast.bank\/pt-pt\/wp-json\/wp\/v2\/users\/2"}],"replies":[{"embeddable":true,"href":"https:\/\/baycoast.bank\/pt-pt\/wp-json\/wp\/v2\/comments?post=7179"}],"version-history":[{"count":0,"href":"https:\/\/baycoast.bank\/pt-pt\/wp-json\/wp\/v2\/pages\/7179\/revisions"}],"up":[{"embeddable":true,"href":"https:\/\/baycoast.bank\/pt-pt\/wp-json\/wp\/v2\/pages\/7245"}],"wp:featuredmedia":[{"embeddable":true,"href":"https:\/\/baycoast.bank\/pt-pt\/wp-json\/wp\/v2\/media\/5704"}],"wp:attachment":[{"href":"https:\/\/baycoast.bank\/pt-pt\/wp-json\/wp\/v2\/media?parent=7179"}],"curies":[{"name":"wp","href":"https:\/\/api.w.org\/{rel}","templated":true}]}}