{"id":7203,"date":"2021-12-10T09:26:40","date_gmt":"2021-12-10T14:26:40","guid":{"rendered":"https:\/\/baycoast.bank\/servicos-bancarios-para-a-canabis\/"},"modified":"2024-07-24T15:39:16","modified_gmt":"2024-07-24T19:39:16","slug":"servicos-bancarios-para-a-canabis","status":"publish","type":"page","link":"https:\/\/baycoast.bank\/pt-pt\/servicos-bancarios-para-a-canabis\/","title":{"rendered":"Servi\u00e7os banc\u00e1rios de cannabis em MA e RI"},"content":{"rendered":"<div class=\"lazyblock-interior-hero-Z1uefCT wp-block-lazyblock-interior-hero\">\n<div class=\"section hero\">\n\t<div class=\"backing parallaxContainer\">\n\t\t<div class=\"backing\" style=\"background-image: url(https:\/\/baycoast.bank\/wp-content\/uploads\/2021\/12\/CRB-Hero-V1.jpg\" role=\"img\" aria-label=\"Hero Image\"><\/div>\n\t<\/div>\n\n\t<div class=\"heroContent\">\n\t\t<div class=\"plusPlus blue\" ><\/div>\n\t\t\n\t\t<div class=\"heroWrapper\">\n\t\t\t<div class=\"heroBlock bgWhite\">\n\t\t\t\t\n\t\t\t\t<div class=\"heroBlockHeadline\">\n\n\t\t\t\t\t\t\t\t\t\t\n\t\t\t\t\t<h1 class=\"blue\">Servi\u00e7os banc\u00e1rios de cannabis em MA e RI<\/h1>\n\t\t\t\t<\/div>\n\t\t\t<\/div>\n\t\t\t    \t\n\t\t\t\n\t\t<\/div>\n\t<\/div>\n<\/div> \n\n<div class=\"spacer\"><\/div><\/div>\n<div class=\"wp-block-stackable-columns stk-block-columns stk-block stk-53c354a\" data-block-id=\"53c354a\"><style>.stk-53c354a{max-width:50% !important;margin-right:auto !important;margin-bottom:50px !important;margin-left:auto !important}@media screen and (max-width:767px){.stk-53c354a{max-width:75% !important}}<\/style><div class=\"stk-row stk-inner-blocks stk-block-content stk-content-align stk-53c354a-column\">\n<div class=\"wp-block-stackable-column stk-block-column stk-column stk-block stk-d913bee\" data-v=\"4\" data-block-id=\"d913bee\"><div class=\"stk-column-wrapper stk-block-column__content stk-container stk-d913bee-container stk--no-background stk--no-padding\"><div class=\"stk-block-content stk-inner-blocks stk-d913bee-inner-blocks\">\n<div class=\"wp-block-stackable-spacer stk-block-spacer stk--no-padding stk-block stk-c50b6f6\" data-block-id=\"c50b6f6\"><style>.stk-c50b6f6{height:25px !important}<\/style><\/div>\n\n\n\n<h4 class=\"wp-block-heading\">O teu neg\u00f3cio de can\u00e1bis est\u00e1 a crescer. Agora h\u00e1 um banco que pode crescer contigo. Apresentamos-te o BayCoast Bank: O teu banco amigo da can\u00e1bis em Massachusetts e Rhode Island.<\/h4>\n\n\n\n<p>O BayCoast Bank \u00e9 l\u00edder em solu\u00e7\u00f5es banc\u00e1rias para a can\u00e1bis, utilizando a nossa experi\u00eancia financeira para servir <strong>as empresas relacionadas com a can\u00e1bis (CRB) em Massachusetts e Rhode Island<\/strong>. Com os meios banc\u00e1rios tradicionais n\u00e3o muito acess\u00edveis \u00e0s empresas licenciadas que lidam com can\u00e1bis, o BayCoast Bank destaca-se como uma das primeiras institui\u00e7\u00f5es financeiras em Massachusetts a come\u00e7ar a trabalhar com CRBs e a conceder-lhes empr\u00e9stimos, permitindo-lhes um caminho cr\u00edtico para o capital e os servi\u00e7os financeiros de que necessitam para operar, gerir e fazer crescer os seus neg\u00f3cios com sucesso.<\/p>\n\n\n\n<div class=\"wp-block-stackable-spacer stk-block-spacer stk--no-padding stk-block stk-e7084ea\" data-block-id=\"e7084ea\"><style>.stk-e7084ea{height:5px !important}<\/style><\/div>\n\n\n\n<div class=\"wp-block-stackable-button-group stk-block-button-group stk-block stk-c62bd56\" data-block-id=\"c62bd56\"><div class=\"stk-row stk-inner-blocks stk-block-content stk-button-group\">\n<div class=\"wp-block-stackable-button stk-block-button stk-block stk-50f5477\" data-block-id=\"50f5477\"><style>.stk-50f5477 .stk-button{padding-top:15px !important;padding-right:20px !important;padding-bottom:15px !important;padding-left:20px !important;background:#fbad18 !important}.stk-50f5477 .stk-button__inner-text{font-size:16px !important;color:#18428f !important;font-weight:600 !important}@media screen and (max-width:1023px){.stk-50f5477 .stk-button__inner-text{font-size:16px !important}}<\/style><a class=\"stk-link stk-button stk--hover-effect-darken\" href=\"https:\/\/baycoast.bank\/pt-pt\/servicos-bancarios-para-a-canabis\/#contactus\"><span class=\"has-text-color stk-button__inner-text\">Contacte-nos agora<\/span><\/a><\/div>\n<\/div><\/div>\n\n\n\n<div class=\"wp-block-stackable-spacer stk-block-spacer stk--no-padding stk-block stk-2a29e69\" data-block-id=\"2a29e69\"><style>.stk-2a29e69{height:25px !important}<\/style><\/div>\n\n\n\n<h4 class=\"wp-block-heading has-text-align-left\">O BayCoast Bank \u00e9 o teu banco amigo dos 420. Estamos prontos para apoiar o teu neg\u00f3cio de can\u00e1bis licenciado em Massachusetts e Rhode Island.<\/h4>\n\n\n\n<p>As nossas subsidi\u00e1rias totalmente detidas oferecem uma vasta gama de solu\u00e7\u00f5es financeiras para empresas de can\u00e1bis qualificadas e para os seus funcion\u00e1rios, incluindo:<\/p>\n\n\n\n<div class=\"wp-block-stackable-icon-list stk-block-icon-list stk-block stk-c31bcc4\" data-block-id=\"c31bcc4\"><style>.stk-c31bcc4{margin-bottom:10px !important;--stk-icon-list-column-count:2 !important;--stk-icon-height:7.75px !important}.stk-c31bcc4 .stk-block-icon-list-item__content{gap:4px !important;align-items:baseline !important}<\/style><svg style=\"display:none\"><defs><g id=\"stk-icon-list__icon-svg-def-c31bcc4\"><svg xmlns=\"http:\/\/www.w3.org\/2000\/svg\" viewBox=\"0 0 190 190\"><polygon points=\"173.8,28.4 60.4,141.8 15.7,97.2 5.1,107.8 60.4,163 184.4,39 173.8,28.4\" \/><\/svg><\/g><\/defs><\/svg><div class=\"stk-block-icon-list__ul stk-block-icon-list--column\"><ul class=\"stk-block-icon-list__group\">\n<li class=\"wp-block-stackable-icon-list-item stk-block-icon-list-item stk-block stk-f428748\" data-block-id=\"f428748\"><div class=\"stk-block-icon-list-item__content\"><span class=\"stk--svg-wrapper\"><div class=\"stk--inner-svg\"><svg aria-hidden=\"true\" width=\"32\" height=\"32\"><\/svg><\/div><\/span><span class=\"stk-block-icon-list-item__text\">Contas correntes do Cannabis Business Bank  <\/span><\/div><\/li>\n\n\n\n<li class=\"wp-block-stackable-icon-list-item stk-block-icon-list-item stk-block stk-43e0366\" data-block-id=\"43e0366\"><div class=\"stk-block-icon-list-item__content\"><span class=\"stk--svg-wrapper\"><div class=\"stk--inner-svg\"><svg aria-hidden=\"true\" width=\"32\" height=\"32\"><\/svg><\/div><\/span><span class=\"stk-block-icon-list-item__text\">Conta corrente para empresas relacionadas com a can\u00e1bis<\/span><\/div><\/li>\n\n\n\n<li class=\"wp-block-stackable-icon-list-item stk-block-icon-list-item stk-block stk-bbc355f\" data-block-id=\"bbc355f\"><div class=\"stk-block-icon-list-item__content\"><span class=\"stk--svg-wrapper\"><div class=\"stk--inner-svg\"><svg aria-hidden=\"true\" width=\"32\" height=\"32\"><\/svg><\/div><\/span><span class=\"stk-block-icon-list-item__text\">Banca de neg\u00f3cios online<\/span><\/div><\/li>\n\n\n\n<li class=\"wp-block-stackable-icon-list-item stk-block-icon-list-item stk-block stk-c9ba80a\" data-block-id=\"c9ba80a\"><div class=\"stk-block-icon-list-item__content\"><span class=\"stk--svg-wrapper\"><div class=\"stk--inner-svg\"><svg aria-hidden=\"true\" width=\"32\" height=\"32\"><\/svg><\/div><\/span><span class=\"stk-block-icon-list-item__text\">Captura remota de dep\u00f3sitos<\/span><\/div><\/li>\n\n\n\n<li class=\"wp-block-stackable-icon-list-item stk-block-icon-list-item stk-block stk-7cff35e\" data-block-id=\"7cff35e\"><div class=\"stk-block-icon-list-item__content\"><span class=\"stk--svg-wrapper\"><div class=\"stk--inner-svg\"><svg aria-hidden=\"true\" width=\"32\" height=\"32\"><\/svg><\/div><\/span><span class=\"stk-block-icon-list-item__text\">Aplica\u00e7\u00e3o de banca m\u00f3vel para empresas<\/span><\/div><\/li>\n\n\n\n<li class=\"wp-block-stackable-icon-list-item stk-block-icon-list-item stk-block stk-4376324\" data-block-id=\"4376324\"><div class=\"stk-block-icon-list-item__content\"><span class=\"stk--svg-wrapper\"><div class=\"stk--inner-svg\"><svg aria-hidden=\"true\" width=\"32\" height=\"32\"><\/svg><\/div><\/span><span class=\"stk-block-icon-list-item__text\">Transac\u00e7\u00f5es ACH<\/span><\/div><\/li>\n\n\n\n<li class=\"wp-block-stackable-icon-list-item stk-block-icon-list-item stk-block stk-7df2fd1\" data-block-id=\"7df2fd1\"><div class=\"stk-block-icon-list-item__content\"><span class=\"stk--svg-wrapper\"><div class=\"stk--inner-svg\"><svg aria-hidden=\"true\" width=\"32\" height=\"32\"><\/svg><\/div><\/span><span class=\"stk-block-icon-list-item__text\">Processamento de moedas e divisas<\/span><\/div><\/li>\n\n\n\n<li class=\"wp-block-stackable-icon-list-item stk-block-icon-list-item stk-block stk-465e043\" data-block-id=\"465e043\"><div class=\"stk-block-icon-list-item__content\"><span class=\"stk--svg-wrapper\"><div class=\"stk--inner-svg\"><svg aria-hidden=\"true\" width=\"32\" height=\"32\"><\/svg><\/div><\/span><span class=\"stk-block-icon-list-item__text\">Transfer\u00eancias banc\u00e1rias online<\/span><\/div><\/li>\n\n\n\n<li class=\"wp-block-stackable-icon-list-item stk-block-icon-list-item stk-block stk-eb1ea16\" data-block-id=\"eb1ea16\"><div class=\"stk-block-icon-list-item__content\"><span class=\"stk--svg-wrapper\"><div class=\"stk--inner-svg\"><svg aria-hidden=\"true\" width=\"32\" height=\"32\"><\/svg><\/div><\/span><span class=\"stk-block-icon-list-item__text\">Transfer\u00eancias pr\u00e9-autorizadas<\/span><\/div><\/li>\n\n\n\n<li class=\"wp-block-stackable-icon-list-item stk-block-icon-list-item stk-block stk-4caf5a0\" data-block-id=\"4caf5a0\"><div class=\"stk-block-icon-list-item__content\"><span class=\"stk--svg-wrapper\"><div class=\"stk--inner-svg\"><svg aria-hidden=\"true\" width=\"32\" height=\"32\"><\/svg><\/div><\/span><span class=\"stk-block-icon-list-item__text\">Banca telef\u00f3nica<\/span><\/div><\/li>\n\n\n\n<li class=\"wp-block-stackable-icon-list-item stk-block-icon-list-item stk-block stk-73dd445\" data-block-id=\"73dd445\"><div class=\"stk-block-icon-list-item__content\"><span class=\"stk--svg-wrapper\"><div class=\"stk--inner-svg\"><svg aria-hidden=\"true\" width=\"32\" height=\"32\"><\/svg><\/div><\/span><span class=\"stk-block-icon-list-item__text\">Programa Banco do Empregado no Trabalho<\/span><\/div><\/li>\n<\/ul><\/div><\/div>\n\n\n\n<p>A nossa equipa CRB poder\u00e1 ainda recomendar v\u00e1rios fornecedores externos de confian\u00e7a, que disponibilizam solu\u00e7\u00f5es tecnol\u00f3gicas concebidas especificamente para empresas na ind\u00fastria da can\u00e1bis.<\/p>\n\n\n\n<p>O BayCoast Bank oferece a melhor conta banc\u00e1ria para neg\u00f3cios relacionados com a can\u00e1bis e a marijuana<\/p>\n\n\n\n<h4 class=\"wp-block-heading has-text-align-left\">Porque deve trabalhar com o BayCoast Bank?<\/h4>\n\n\n\n<div class=\"wp-block-stackable-icon-list stk-block-icon-list stk-block stk-b06a9d7\" data-block-id=\"b06a9d7\"><style>.stk-b06a9d7 .stk-block-icon-list-item__content{gap:9px !important;align-items:baseline !important}.stk-b06a9d7{--stk-icon-list-marker-color:#333333 !important;--stk-icon-height:7.75px !important}<\/style><svg style=\"display:none\"><defs><g id=\"stk-icon-list__icon-svg-def-b06a9d7\"><svg aria-hidden=\"true\" data-prefix=\"fas\" data-icon=\"circle\" class=\"svg-inline--fa fa-circle fa-w-16\" role=\"img\" xmlns=\"http:\/\/www.w3.org\/2000\/svg\" viewBox=\"0 0 512 512\"><path fill=\"currentColor\" d=\"M256 8C119 8 8 119 8 256s111 248 248 248 248-111 248-248S393 8 256 8z\"><\/path><\/svg><\/g><\/defs><\/svg><div class=\"stk-block-icon-list__ul stk-block-icon-list--column\"><ul class=\"stk-block-icon-list__group\">\n<li class=\"wp-block-stackable-icon-list-item stk-block-icon-list-item stk-block stk-26a2406\" data-block-id=\"26a2406\"><div class=\"stk-block-icon-list-item__content\"><span class=\"stk--svg-wrapper\"><div class=\"stk--inner-svg\"><svg aria-hidden=\"true\" width=\"32\" height=\"32\"><\/svg><\/div><\/span><span class=\"stk-block-icon-list-item__text\">A BayCoast tem uma equipa CRB dedicada e experiente que tem conhecimento da ind\u00fastria da can\u00e1bis do ponto de vista banc\u00e1rio e oferece um servi\u00e7o personalizado e especializado aos seus clientes.<\/span><\/div><\/li>\n\n\n\n<li class=\"wp-block-stackable-icon-list-item stk-block-icon-list-item stk-block stk-a7f942c\" data-block-id=\"a7f942c\"><div class=\"stk-block-icon-list-item__content\"><span class=\"stk--svg-wrapper\"><div class=\"stk--inner-svg\"><svg aria-hidden=\"true\" width=\"32\" height=\"32\"><\/svg><\/div><\/span><span class=\"stk-block-icon-list-item__text\">A nossa equipa CRB tem conhecimentos sobre as leis federais e estatais que afectam as necessidades banc\u00e1rias dos que trabalham no sector da can\u00e1bis e est\u00e1 dispon\u00edvel para ajudar os clientes a navegar nesta ind\u00fastria em r\u00e1pida evolu\u00e7\u00e3o.<\/span><\/div><\/li>\n\n\n\n<li class=\"wp-block-stackable-icon-list-item stk-block-icon-list-item stk-block stk-f45c0b4\" data-block-id=\"f45c0b4\"><div class=\"stk-block-icon-list-item__content\"><span class=\"stk--svg-wrapper\"><div class=\"stk--inner-svg\"><svg aria-hidden=\"true\" width=\"32\" height=\"32\"><\/svg><\/div><\/span><span class=\"stk-block-icon-list-item__text\">Os propriet\u00e1rios e empregados de empresas relacionadas com a can\u00e1bis s\u00e3o encorajados a utilizar o banco para as suas necessidades banc\u00e1rias pessoais e uma gama completa de produtos est\u00e1 dispon\u00edvel para estes clientes.<\/span><\/div><\/li>\n<\/ul><\/div><\/div>\n<\/div><\/div><\/div>\n<\/div><\/div>\n\n<a name=\"contactus\"><\/a>\n<a href=\"#contactus\"> <\/a>\n\n<div class=\"wp-block-stackable-columns stk-block-columns stk-block stk-1e02f1f\" data-block-id=\"1e02f1f\"><style>.stk-1e02f1f{margin-bottom:25px !important}<\/style><div class=\"stk-row stk-inner-blocks stk-block-content stk-content-align stk-1e02f1f-column\">\n<div class=\"wp-block-stackable-column stk-block-column stk-column stk-block stk-40831ed\" data-v=\"4\" data-block-id=\"40831ed\"><style>.stk-40831ed-container{background-color:#18428f !important}.stk-40831ed-container:before{background-color:#18428f !important}<\/style><div class=\"stk-column-wrapper stk-block-column__content stk-container stk-40831ed-container stk-hover-parent\"><div class=\"stk-block-content stk-inner-blocks stk-40831ed-inner-blocks\">\n<div class=\"wp-block-stackable-heading stk-block-heading stk-block-heading--v2 stk-block stk-89842ad\" id=\"span-style-color-ffffff-class-stk-highlight-if-youre-a-cannabis-related-business-trust-a-bank-with-a-proven-track-record-of-experience-nbsp-trust-bay-coast-bank-nbsp-span\" data-block-id=\"89842ad\"><style>.stk-89842ad{max-width:52% !important;margin-right:auto !important;margin-bottom:0px !important;margin-left:auto !important}@media screen and (max-width:767px){.stk-89842ad{max-width:75% !important}}<\/style><h4 class=\"stk-block-heading__text has-text-align-left stk-block-heading--use-theme-margins\"><span style=\"color: #ffffff\" class=\"stk-highlight\">Se \u00e9s um neg\u00f3cio relacionado com a can\u00e1bis, confia num banco com uma experi\u00eancia comprovada. Confia no BayCoast Bank.  <\/span><\/h4><\/div>\n<\/div><\/div><\/div>\n<\/div><\/div>\n\n<div class=\"wp-block-stackable-columns stk-block-columns stk-block stk-a358dd6\" data-block-id=\"a358dd6\"><style>.stk-a358dd6{max-width:50% !important;margin-right:auto !important;margin-left:auto !important}@media screen and (max-width:767px){.stk-a358dd6{max-width:75% !important}}<\/style><div class=\"stk-row stk-inner-blocks stk-block-content stk-content-align stk-a358dd6-column\">\n<div class=\"wp-block-stackable-column stk-block-column stk-column stk-block stk-d990e39\" data-v=\"4\" data-block-id=\"d990e39\"><div class=\"stk-column-wrapper stk-block-column__content stk-container stk-d990e39-container stk--no-background stk--no-padding\"><div class=\"stk-block-content stk-inner-blocks stk-d990e39-inner-blocks\">\n<div class=\"wp-block-stackable-heading stk-block-heading stk-block-heading--v2 stk-block stk-330cf36\" id=\"strong-contact-us-today-strong\" data-block-id=\"330cf36\"><style>.stk-330cf36{margin-bottom:15px !important;top:15px !important}.stk-330cf36 .stk-block-heading__text{color:#fbad18 !important}<\/style><h3 class=\"stk-block-heading__text has-text-color stk-block-heading--use-theme-margins\"><strong>Contacta-nos hoje<\/strong><\/h3><\/div>\n\n\n\n<p><svg xmlns=\"http:\/\/www.w3.org\/2000\/svg\" width=\"16\" height=\"16\" viewbox=\"0 0 24 24\"><path d=\"M20 4H4c-1.103 0-2 .897-2 2v12c0 1.103.897 2 2 2h16c1.103 0 2-.897 2-2V6c0-1.103-.897-2-2-2zm0 2v.511l-8 6.223-8-6.222V6h16zM4 18V9.044l7.386 5.745a.994.994 0 0 0 1.228 0L20 9.044 20.002 18H4z\"><\/path><\/svg>   CRBDepartment@baycoastbank.com<br\/><svg xmlns=\"http:\/\/www.w3.org\/2000\/svg\" width=\"16\" height=\"16\" viewbox=\"0 0 24 24\"><path d=\"M17.707 12.293a.999.999 0 0 0-1.414 0l-1.594 1.594c-.739-.22-2.118-.72-2.992-1.594s-1.374-2.253-1.594-2.992l1.594-1.594a.999.999 0 0 0 0-1.414l-4-4a.999.999 0 0 0-1.414 0L3.581 5.005c-.38.38-.594.902-.586 1.435.023 1.424.4 6.37 4.298 10.268s8.844 4.274 10.269 4.298h.028c.528 0 1.027-.208 1.405-.586l2.712-2.712a.999.999 0 0 0 0-1.414l-4-4.001zm-.127 6.712c-1.248-.021-5.518-.356-8.873-3.712-3.366-3.366-3.692-7.651-3.712-8.874L7 4.414 9.586 7 8.293 8.293a1 1 0 0 0-.272.912c.024.115.611 2.842 2.271 4.502s4.387 2.247 4.502 2.271a.991.991 0 0 0 .912-.271L17 14.414 19.586 17l-2.006 2.005z\"><\/path><\/svg> 508-996-7718  <\/p>\n<\/div><\/div><\/div>\n\n\n\n<div class=\"wp-block-stackable-column stk-block-column stk-column stk-block stk-c5066e2\" data-v=\"4\" data-block-id=\"c5066e2\"><style>.stk-c5066e2{margin-top:-2% !important}@media screen and (max-width:767px){.stk-c5066e2{top:-40px !important}}<\/style><div class=\"stk-column-wrapper stk-block-column__content stk-container stk-c5066e2-container stk--no-background stk--no-padding\"><div class=\"stk-block-content stk-inner-blocks stk-c5066e2-inner-blocks\"><\/div><\/div><\/div>\n<\/div><\/div>\n<div class=\"lazyblock-looking-for-more-slC5B wp-block-lazyblock-looking-for-more\"><div class=\"spacer\"><\/div>\n\n<div class=\"section\">\n\t<div class=\"paddedWrapper\">\n\t\t<div class=\"wrapper\">\n\t\t\t<div class=\"mediumWrapper\">\n\n\t\t\t\t<div class=\"lookingForMore\">\n\t\t\t\t\t<h4 class=\"blue h3 hide\">Recursos banc\u00e1rios para a can\u00e1bis<\/h4><!--\n\t\t\t\t\t--><div class=\"moreLinkList\">\n\t\t\t\t\t\t\t\t\t\t\t\t\t<a href=\"https:\/\/baycoast.bank\/en\/cannabis-banking-services-crb\/cannabis-banking-for-business\/\"><div class=\"moreBtn hide\">Solu\u00e7\u00f5es banc\u00e1rias para navegar pelo neg\u00f3cio da can\u00e1bis <span class=\"primaryColor\">+<\/span> <div class=\"backing\"><\/div><\/div><\/a>\n        \t\t\t\t\t\t\t\t\t\t\t<a href=\"\/cannabis-banking-services-crb\/banking-cannabis\/\"><div class=\"moreBtn hide\">Solu\u00e7\u00f5es banc\u00e1rias b\u00e1sicas para empresas relacionadas com a can\u00e1bis <span class=\"primaryColor\">+<\/span> <div class=\"backing\"><\/div><\/div><\/a>\n        \t\t\t\t\t\t\t\t\t\t\t<a href=\"https:\/\/baycoast.bank\/en\/cannabis-banking-services-crb\/banking-as-a-cannabis-business\/\"><div class=\"moreBtn hide\">Solu\u00e7\u00f5es banc\u00e1rias para o neg\u00f3cio da can\u00e1bis <span class=\"primaryColor\">+<\/span> <div class=\"backing\"><\/div><\/div><\/a>\n        \t\t\t\t\t\t\t\t\t<\/div>\n\t\t\t\t<\/div>\n\n\t\t\t<\/div>\n\t\t<\/div>\n\t<\/div>\n<\/div> <\/div>","protected":false},"excerpt":{"rendered":"<p>O teu neg\u00f3cio de can\u00e1bis est\u00e1 a crescer. Agora h\u00e1 um banco que pode crescer contigo. Apresentamos-te o BayCoast Bank: O teu banco amigo da can\u00e1bis em Massachusetts e Rhode Island. O BayCoast Bank \u00e9 l\u00edder em solu\u00e7\u00f5es banc\u00e1rias para a can\u00e1bis, utilizando a nossa experi\u00eancia financeira para servir as empresas relacionadas com a can\u00e1bis [&hellip;]<\/p>\n","protected":false},"author":13,"featured_media":6268,"parent":0,"menu_order":13,"comment_status":"closed","ping_status":"closed","template":"","meta":{"_acf_changed":false,"inline_featured_image":false,"footnotes":""},"class_list":["post-7203","page","type-page","status-publish","has-post-thumbnail","hentry"],"acf":[],"featured_image_urls_v2":{"full":["https:\/\/baycoast.bank\/wp-content\/uploads\/2021\/12\/CRB-Hero-V1.jpg",1920,600,false],"thumbnail":["https:\/\/baycoast.bank\/wp-content\/uploads\/2021\/12\/CRB-Hero-V1-150x150.jpg",150,150,true],"medium":["https:\/\/baycoast.bank\/wp-content\/uploads\/2021\/12\/CRB-Hero-V1-300x94.jpg",300,94,true],"medium_large":["https:\/\/baycoast.bank\/wp-content\/uploads\/2021\/12\/CRB-Hero-V1-768x240.jpg",768,240,true],"large":["https:\/\/baycoast.bank\/wp-content\/uploads\/2021\/12\/CRB-Hero-V1-1024x320.jpg",1024,320,true],"1536x1536":["https:\/\/baycoast.bank\/wp-content\/uploads\/2021\/12\/CRB-Hero-V1-1536x480.jpg",1536,480,true],"2048x2048":["https:\/\/baycoast.bank\/wp-content\/uploads\/2021\/12\/CRB-Hero-V1.jpg",1920,600,false]},"post_excerpt_stackable_v2":"<p>Servi\u00e7os banc\u00e1rios de cannabis em MA e RI O teu neg\u00f3cio de can\u00e1bis est\u00e1 a crescer. Agora h\u00e1 um banco que pode crescer contigo. Apresentamos-te o BayCoast Bank: O teu banco amigo da can\u00e1bis em Massachusetts e Rhode Island. O BayCoast Bank \u00e9 l\u00edder em solu\u00e7\u00f5es banc\u00e1rias para a can\u00e1bis, utilizando a nossa experi\u00eancia financeira para servir as empresas relacionadas com a can\u00e1bis (CRB) em Massachusetts e Rhode Island. Com os meios banc\u00e1rios tradicionais n\u00e3o muito acess\u00edveis \u00e0s empresas licenciadas que lidam com can\u00e1bis, o BayCoast Bank destaca-se como uma das primeiras institui\u00e7\u00f5es financeiras em Massachusetts a come\u00e7ar a trabalhar&hellip;<\/p>\n","category_list_v2":"","author_info_v2":{"name":"","url":"https:\/\/baycoast.bank\/pt-pt\/author\/"},"comments_num_v2":"0 comments","publishpress_future_action":{"enabled":false,"date":"2026-05-16 08:29:21","action":"change-status","newStatus":"draft","terms":[],"taxonomy":"translation_priority","extraData":[]},"publishpress_future_workflow_manual_trigger":{"enabledWorkflows":[]},"_links":{"self":[{"href":"https:\/\/baycoast.bank\/pt-pt\/wp-json\/wp\/v2\/pages\/7203","targetHints":{"allow":["GET"]}}],"collection":[{"href":"https:\/\/baycoast.bank\/pt-pt\/wp-json\/wp\/v2\/pages"}],"about":[{"href":"https:\/\/baycoast.bank\/pt-pt\/wp-json\/wp\/v2\/types\/page"}],"author":[{"embeddable":true,"href":"https:\/\/baycoast.bank\/pt-pt\/wp-json\/wp\/v2\/users\/13"}],"replies":[{"embeddable":true,"href":"https:\/\/baycoast.bank\/pt-pt\/wp-json\/wp\/v2\/comments?post=7203"}],"version-history":[{"count":0,"href":"https:\/\/baycoast.bank\/pt-pt\/wp-json\/wp\/v2\/pages\/7203\/revisions"}],"wp:featuredmedia":[{"embeddable":true,"href":"https:\/\/baycoast.bank\/pt-pt\/wp-json\/wp\/v2\/media\/6268"}],"wp:attachment":[{"href":"https:\/\/baycoast.bank\/pt-pt\/wp-json\/wp\/v2\/media?parent=7203"}],"curies":[{"name":"wp","href":"https:\/\/api.w.org\/{rel}","templated":true}]}}