{"id":7207,"date":"2022-01-21T09:35:21","date_gmt":"2022-01-21T14:35:21","guid":{"rendered":"https:\/\/baycoast.bank\/pagamentos-de-emprestimos-online\/"},"modified":"2023-02-28T15:54:29","modified_gmt":"2023-02-28T20:54:29","slug":"pagamentos-de-emprestimos-online","status":"publish","type":"page","link":"https:\/\/baycoast.bank\/pt-pt\/pagamentos-de-emprestimos-online\/","title":{"rendered":"Pagamentos de empr\u00e9stimos online"},"content":{"rendered":"<div class=\"lazyblock-interior-hero-ZSvyCf wp-block-lazyblock-interior-hero\">\n<div class=\"section hero\">\n\t<div class=\"backing parallaxContainer\">\n\t\t<div class=\"backing\" style=\"background-image: url(https:\/\/baycoast.bank\/wp-content\/uploads\/2022\/01\/Online-Payment-Portal-Page-v2.jpg\" role=\"img\" aria-label=\"Hero Image\"><\/div>\n\t<\/div>\n\n\t<div class=\"heroContent\">\n\t\t<div class=\"plusPlus blue\" ><\/div>\n\t\t\n\t\t<div class=\"heroWrapper\">\n\t\t\t<div class=\"heroBlock bgWhite\">\n\t\t\t\t\n\t\t\t\t<div class=\"heroBlockHeadline\">\n\n\t\t\t\t\t\t\t\t\t\t\n\t\t\t\t\t<h1 class=\"blue\">Pagamentos de empr\u00e9stimos online<\/h1>\n\t\t\t\t<\/div>\n\t\t\t<\/div>\n\t\t\t    \t\n\t\t\t\n\t\t<\/div>\n\t<\/div>\n<\/div> \n\n<div class=\"spacer\"><\/div><\/div><div class=\"lazyblock-interior-content-7tvUY wp-block-lazyblock-interior-content\"><div class=\"spacer\"><\/div>\n\n<div class=\"section\">\n\t<div class=\"paddedWrapper\">\n\t\t<div class=\"wrapper flex gutenberg\" style=\"justify-content: center;\">\n\n\t\t\t\n\t\t\t<div class=\"smallWrapper gutenberg\">\n\t\t\t\n\t\t\t\t<div class=\"h3\"><h2>Pagamentos de empr\u00e9stimos r\u00e1pidos e f\u00e1ceis com o BayCoast Bank<\/h2><\/div>\n\t\t\t  \n\t\t\t  \t<hr style=\"margin-bottom: 5rem;\">\n\t\t\t\t\n\t\t\t\t\n\n<p>Leia as instru\u00e7\u00f5es apresentadas abaixo para garantir que est\u00e1 a recorrer \u00e0 forma mais eficiente de pagamento dos seus empr\u00e9stimos no BayCoast Bank. <\/p>\n\n\n\n<div class=\"wp-block-stackable-spacer stk-block-spacer stk--no-padding stk-block stk-7a09a6b\" data-block-id=\"7a09a6b\"><style>.stk-7a09a6b{height:15px !important}<\/style><\/div>\n\n\n\n<h3 class=\"wp-block-heading\">Tem banco online e uma conta \u00e0 ordem ou conta poupan\u00e7a com o BayCoast Bank?<\/h3>\n\n\n\n<p>Use a nossa <a href=\"https:\/\/baycoast.bank\/pt-pt\/banco-online\/\"><strong>plataforma digital<\/strong><\/a> para realizar pagamentos a partir da sua conta \u00e0 ordem ou conta poupan\u00e7a BayCoast Bank. Esta \u00e9 a forma mais r\u00e1pida de processar os seus pagamentos mensais, porque os pagamentos s\u00e3o realizados instantaneamente. Ainda n\u00e3o fez o registo para o banco online? Configure a sua conta, <a href=\"https:\/\/baycoast.bank\/pt-pt\/banco-online\/faca-o-seu-pedido\/\">aqui<\/a>.<\/p>\n\n\n\n<div class=\"wp-block-stackable-spacer stk-block-spacer stk--no-padding stk-block stk-8233960\" data-block-id=\"8233960\"><style>.stk-8233960{height:10px !important}<\/style><\/div>\n\n\n\n<div class=\"wp-block-stackable-button-group stk-block-button-group stk-block stk-715a2d7\" data-block-id=\"715a2d7\"><div class=\"stk-row stk-inner-blocks stk-block-content stk-button-group\">\n<div class=\"wp-block-stackable-button stk-block-button stk-block stk-ef268a6\" data-block-id=\"ef268a6\"><style>.stk-ef268a6 .stk-button{padding-top:15px !important;padding-bottom:15px !important;background:#fbad18 !important}.stk-ef268a6 .stk-button__inner-text{font-size:16px !important;color:#18428f !important;font-weight:600 !important}@media screen and (max-width:1023px){.stk-ef268a6 .stk-button__inner-text{font-size:16px !important}}<\/style><a class=\"stk-link stk-button stk--hover-effect-scale\" href=\"https:\/\/www.baycoastbank.com\/dbank\/live\/app\/login\/consumer\" target=\"_blank\" rel=\"noreferrer noopener\"><span class=\"has-text-color stk-button__inner-text\"> In\u00edcio de sess\u00e3o do Banco Online <\/span><\/a><\/div>\n\n\n\n<div class=\"wp-block-stackable-button stk-block-button stk-block stk-d9c015e\" data-block-id=\"d9c015e\"><style>.stk-d9c015e .stk-button{padding-top:15px !important;padding-bottom:15px !important;background:#fbad18 !important}.stk-d9c015e .stk-button__inner-text{font-size:16px !important;color:#18428f !important;font-weight:600 !important}@media screen and (max-width:1023px){.stk-d9c015e .stk-button__inner-text{font-size:16px !important}}<\/style><a class=\"stk-link stk-button stk--hover-effect-scale\" href=\"https:\/\/baycoast.bank\/pt-pt\/banco-online\/faca-o-seu-pedido\/\" rel=\"noreferrer noopener\"><span class=\"has-text-color stk-button__inner-text\">Registe-se para o Banco Online<\/span><\/a><\/div>\n<\/div><\/div>\n\n\n\n<div class=\"wp-block-stackable-spacer stk-block-spacer stk--no-padding stk-block stk-a93fc59\" data-block-id=\"a93fc59\"><style>.stk-a93fc59{height:5px !important}<\/style><\/div>\n\n\n\n<p>Para maior comodidade, <a href=\"https:\/\/baycoast.bank\/pt-pt\/banco-online\/banco-movel\/\"><strong>transfira a aplica\u00e7\u00e3o m\u00f3vel<\/strong><\/a> para realizar pagamentos a partir do seu dispositivo m\u00f3vel, quando e onde quiser. Transfira a nossa aplica\u00e7\u00e3o m\u00f3vel gratuita aqui:<\/p>\n\n\n\n<p><a href=\"https:\/\/itunes.apple.com\/us\/app\/baycoast-bank-mobile\/id575675176?ls=1&amp;mt=8\" target=\"_blank\" rel=\"noreferrer noopener\"><img decoding=\"async\" width=\"150\" height=\"49\" class=\"wp-image-1082\" style=\"width: 150px;\" src=\"https:\/\/baycoast.bank\/wp-content\/uploads\/2020\/08\/App-Store.png\" alt=\"\" srcset=\"https:\/\/baycoast.bank\/wp-content\/uploads\/2020\/08\/App-Store.png 393w, https:\/\/baycoast.bank\/wp-content\/uploads\/2020\/08\/App-Store-300x98.png 300w\" sizes=\"(max-width: 150px) 100vw, 150px\" \/><\/a>    \n       <a href=\"https:\/\/play.google.com\/store\/search?q=baycoast+bank\" target=\"_blank\" rel=\"noreferrer noopener\"><img decoding=\"async\" width=\"120\" height=\"28\" class=\"wp-image-1083\" style=\"width: 120px;\" src=\"https:\/\/baycoast.bank\/wp-content\/uploads\/2020\/08\/Google-Play.png\" alt=\"\"\/><\/a><\/p>\n\n\n\n<div class=\"wp-block-stackable-spacer stk-block-spacer stk--no-padding stk-block stk-f68871e\" data-block-id=\"f68871e\"><style>.stk-f68871e{height:30px !important}<\/style><\/div>\n\n\n\n<h3 class=\"wp-block-heading\"><strong>\u00c9 um cliente com um empr\u00e9stimo sem uma conta \u00e0 ordem ou conta poupan\u00e7a BayCoast Bank?<\/strong><\/h3>\n\n\n\n<p>Tem \u00e0 sua disposi\u00e7\u00e3o m\u00faltiplas op\u00e7\u00f5es para realizar os pagamentos do seu empr\u00e9stimo.<\/p>\n\n\n\n<div class=\"wp-block-stackable-spacer stk-block-spacer stk--no-padding stk-block stk-92c53ab\" data-block-id=\"92c53ab\"><style>.stk-92c53ab{height:5px !important}<\/style><\/div>\n\n\n\n<h5 class=\"wp-block-heading\">Pagar Online<\/h5>\n\n\n\n<p>Realize um pagamento atrav\u00e9s do nosso <strong><a href=\"https:\/\/baycoastbank.tfaforms.net\/67\" target=\"_blank\" rel=\"noreferrer noopener\">Novo Portal de Pagamento de Empr\u00e9stimo<\/a><\/strong>.<\/p>\n\n\n\n<div class=\"wp-block-stackable-spacer stk-block-spacer stk--no-padding stk-block stk-5d95401\" data-block-id=\"5d95401\"><style>.stk-5d95401{height:10px !important}<\/style><\/div>\n\n\n\n<div class=\"wp-block-stackable-button-group stk-block-button-group stk-block stk-e780329\" data-block-id=\"e780329\"><div class=\"stk-row stk-inner-blocks stk-block-content stk-button-group\">\n<div class=\"wp-block-stackable-button stk-block-button stk-block stk-4463ba3\" data-block-id=\"4463ba3\"><style>.stk-4463ba3 .stk-button{padding-top:15px !important;padding-bottom:15px !important;background:#fbad18 !important}.stk-4463ba3 .stk-button__inner-text{font-size:16px !important;color:#18428f !important;font-weight:600 !important}@media screen and (max-width:1023px){.stk-4463ba3 .stk-button__inner-text{font-size:16px !important}}<\/style><a class=\"stk-link stk-button stk--hover-effect-scale\" href=\"https:\/\/baycoastbank.tfaforms.net\/67\" target=\"_blank\" rel=\"noreferrer noopener\"><span class=\"has-text-color stk-button__inner-text\">Portal de Pagamento online<\/span><\/a><\/div>\n<\/div><\/div>\n\n\n\n<div class=\"wp-block-stackable-spacer stk-block-spacer stk--no-padding stk-block stk-24e1911\" data-block-id=\"24e1911\"><style>.stk-24e1911{height:5px !important}<\/style><\/div>\n\n\n\n<h5 class=\"wp-block-heading\">Abrir uma conta<\/h5>\n\n\n\n<p>Considere abrir uma <strong><a href=\"https:\/\/baycoast.bank\/pt-pt\/Particular\/conta-a-ordem-particular\/\">conta \u00e0 ordem BayCoast Bank<\/a> <\/strong>para aceder ao banco online. Se tiver uma conta \u00e0 ordem connosco, pode:<\/p>\n\n\n\n<ul class=\"wp-block-list\">\n<li>Realizar os pagamentos de empr\u00e9stimos imediatamente a partir da sua conta BayCoast atrav\u00e9s do <a href=\"https:\/\/baycoast.bank\/pt-pt\/banco-online\/\"><strong>banco online<\/strong><\/a>.<\/li>\n\n\n\n<li>Assim que tiver configurado o banco online, tem a possibilidade de realizar pagamentos instant\u00e2neos atrav\u00e9s da nossa <a href=\"https:\/\/baycoast.bank\/pt-pt\/banco-online\/banco-movel\/\"><strong>app m\u00f3vel<\/strong><\/a>.<\/li>\n<\/ul>\n\n\n\n<div class=\"wp-block-stackable-spacer stk-block-spacer stk--no-padding stk-block stk-76ba5d7\" data-block-id=\"76ba5d7\"><style>.stk-76ba5d7{height:10px !important}<\/style><\/div>\n\n\n\n<div class=\"wp-block-stackable-button-group stk-block-button-group stk-block stk-ae08f2e\" data-block-id=\"ae08f2e\"><div class=\"stk-row stk-inner-blocks stk-block-content stk-button-group\">\n<div class=\"wp-block-stackable-button stk-block-button stk-block stk-1f665ae\" data-block-id=\"1f665ae\"><style>.stk-1f665ae .stk-button{padding-top:15px !important;padding-bottom:15px !important;background:#fbad18 !important}.stk-1f665ae .stk-button__inner-text{font-size:16px !important;color:#18428f !important;font-weight:600 !important}@media screen and (max-width:1023px){.stk-1f665ae .stk-button__inner-text{font-size:16px !important}}<\/style><a class=\"stk-link stk-button stk--hover-effect-scale\" href=\"https:\/\/baycoast.bank\/pt-pt\/abrir-conta-online\/\"><span class=\"has-text-color stk-button__inner-text\">Conhe\u00e7a as nossas contas \u00e0 ordem<\/span><\/a><\/div>\n<\/div><\/div>\n\n\n\n<div class=\"wp-block-stackable-spacer stk-block-spacer stk--no-padding stk-block stk-bfa97f6\" data-block-id=\"bfa97f6\"><style>.stk-bfa97f6{height:5px !important}<\/style><\/div>\n\n\n\n<h5 class=\"wp-block-heading\">Op\u00e7\u00f5es adicionais<\/h5>\n\n\n\n<p>Tamb\u00e9m tem a possibilidade de realizar o pagamento por correio, <a href=\"https:\/\/baycoast.bank\/pt-pt\/localizacoes\/\">presencialmente num balc\u00e3o<\/a>, <a href=\"https:\/\/baycoast.bank\/pt-pt\/services\/caixas-multibanco-interativas\/\">numa Caixa Multibanco Interativa<\/a>, ou por telefone.<\/p>\n\n\n\t\t\t<\/div>\n\n\t\t<\/div>\n\t<\/div>\n<\/div> <\/div>","protected":false},"excerpt":{"rendered":"<p>Comece por selecionar uma destas excelentes contas.<\/p>\n","protected":false},"author":13,"featured_media":6288,"parent":0,"menu_order":142,"comment_status":"closed","ping_status":"closed","template":"","meta":{"_acf_changed":false,"inline_featured_image":false,"footnotes":""},"class_list":["post-7207","page","type-page","status-publish","has-post-thumbnail","hentry"],"acf":[],"featured_image_urls_v2":{"full":["https:\/\/baycoast.bank\/wp-content\/uploads\/2022\/01\/Online-Payment-Portal-Page-v2.jpg",1920,800,false],"thumbnail":["https:\/\/baycoast.bank\/wp-content\/uploads\/2022\/01\/Online-Payment-Portal-Page-v2-150x150.jpg",150,150,true],"medium":["https:\/\/baycoast.bank\/wp-content\/uploads\/2022\/01\/Online-Payment-Portal-Page-v2-300x125.jpg",300,125,true],"medium_large":["https:\/\/baycoast.bank\/wp-content\/uploads\/2022\/01\/Online-Payment-Portal-Page-v2-768x320.jpg",768,320,true],"large":["https:\/\/baycoast.bank\/wp-content\/uploads\/2022\/01\/Online-Payment-Portal-Page-v2-1024x427.jpg",1024,427,true],"1536x1536":["https:\/\/baycoast.bank\/wp-content\/uploads\/2022\/01\/Online-Payment-Portal-Page-v2-1536x640.jpg",1536,640,true],"2048x2048":["https:\/\/baycoast.bank\/wp-content\/uploads\/2022\/01\/Online-Payment-Portal-Page-v2.jpg",1920,800,false]},"post_excerpt_stackable_v2":"<p>Comece por selecionar uma destas excelentes contas.<\/p>\n","category_list_v2":"","author_info_v2":{"name":"","url":"https:\/\/baycoast.bank\/pt-pt\/author\/"},"comments_num_v2":"0 comments","publishpress_future_action":{"enabled":false,"date":"2026-05-16 06:42:35","action":"change-status","newStatus":"draft","terms":[],"taxonomy":"translation_priority","extraData":[]},"publishpress_future_workflow_manual_trigger":{"enabledWorkflows":[]},"_links":{"self":[{"href":"https:\/\/baycoast.bank\/pt-pt\/wp-json\/wp\/v2\/pages\/7207","targetHints":{"allow":["GET"]}}],"collection":[{"href":"https:\/\/baycoast.bank\/pt-pt\/wp-json\/wp\/v2\/pages"}],"about":[{"href":"https:\/\/baycoast.bank\/pt-pt\/wp-json\/wp\/v2\/types\/page"}],"author":[{"embeddable":true,"href":"https:\/\/baycoast.bank\/pt-pt\/wp-json\/wp\/v2\/users\/13"}],"replies":[{"embeddable":true,"href":"https:\/\/baycoast.bank\/pt-pt\/wp-json\/wp\/v2\/comments?post=7207"}],"version-history":[{"count":0,"href":"https:\/\/baycoast.bank\/pt-pt\/wp-json\/wp\/v2\/pages\/7207\/revisions"}],"wp:featuredmedia":[{"embeddable":true,"href":"https:\/\/baycoast.bank\/pt-pt\/wp-json\/wp\/v2\/media\/6288"}],"wp:attachment":[{"href":"https:\/\/baycoast.bank\/pt-pt\/wp-json\/wp\/v2\/media?parent=7207"}],"curies":[{"name":"wp","href":"https:\/\/api.w.org\/{rel}","templated":true}]}}