{"id":7245,"date":"2020-07-24T03:42:17","date_gmt":"2020-07-24T07:42:17","guid":{"rendered":"https:\/\/baycoast.bank\/banco-online\/"},"modified":"2023-02-28T15:56:11","modified_gmt":"2023-02-28T20:56:11","slug":"banco-online","status":"publish","type":"page","link":"https:\/\/baycoast.bank\/pt-pt\/banco-online\/","title":{"rendered":"Banco Online"},"content":{"rendered":"<div class=\"lazyblock-interior-hero-ZbQRwX wp-block-lazyblock-interior-hero\">\n<div class=\"section hero\">\n\t<div class=\"backing parallaxContainer\">\n\t\t<div class=\"backing\" style=\"background-image: url(https:\/\/baycoast.bank\/wp-content\/uploads\/2020\/07\/iStock-1161412655-min-scaled-e1596806511218.jpg\" role=\"img\" aria-label=\"Hero Image\"><\/div>\n\t<\/div>\n\n\t<div class=\"heroContent\">\n\t\t<div class=\"plusPlus blue\" ><\/div>\n\t\t\n\t\t<div class=\"heroWrapper\">\n\t\t\t<div class=\"heroBlock bgWhite\">\n\t\t\t\t\n\t\t\t\t<div class=\"heroBlockHeadline\">\n\n\t\t\t\t\t\t\t\t\t\t\n\t\t\t\t\t<h1 class=\"blue\">Banco Online<\/h1>\n\t\t\t\t<\/div>\n\t\t\t<\/div>\n\t\t\t    \t\n\t\t\t\n\t\t\t\t<div class=\"openAccount bgBlue\">\n\t\t\t\t\t<div class=\"grain\" role=\"presentation\"><\/div>\n\t\t\t\t\t<div class=\"btn white\" role=\"button\" tabindex=\"0\">Solicite agora&nbsp;<span class=\"primaryColor\">+<\/span> <div class=\"backing bgPrimaryColor\"><\/div><\/div>\n\n\t\t\t\t\t<div class=\"backing bgPrimaryColor\"><\/div>\n\t\t\t\t\t\n\t\t\t\t\t<a href=\"https:\/\/baycoast.bank\/online-banking\/apply\"><\/a>\n\t\t\t\t<\/div>\n\n\t\t\t\n\t\t<\/div>\n\t<\/div>\n<\/div> \n\n<div class=\"spacer\"><\/div><\/div><div class=\"lazyblock-interior-content-O8CAQ wp-block-lazyblock-interior-content\"><div class=\"spacer\"><\/div>\n\n<div class=\"section\">\n\t<div class=\"paddedWrapper\">\n\t\t<div class=\"wrapper flex gutenberg\" style=\"justify-content: center;\">\n\n\t\t\t\n\t\t\t<div class=\"smallWrapper gutenberg\">\n\t\t\t\n\t\t\t\t<div class=\"h3\">Mantenha as suas finan\u00e7as a funcionar a toda a velocidade. <\/div>\n\t\t\t  \n\t\t\t  \t<hr style=\"margin-bottom: 5rem;\">\n\t\t\t\t\n\t\t\t\t\n\n<p>Consulte o saldo da sua conta, realize transfer\u00eancias, acompanhe os dep\u00f3sitos autom\u00e1ticos, controlo a atividade da sua conta, obtenha respostas \u00e0s suas perguntas via e-mail e muito mais.<\/p>\n\n\n\n<p>O melhor \u00e9 que pode aceder \u00e0 sua conta de v\u00e1rias formas:<\/p>\n\n\n\n<ul class=\"wp-block-list\">\n<li>Computador &#8211; clique Iniciar sess\u00e3o no canto superior direito desta p\u00e1gina<\/li>\n\n\n\n<li>Smartphone ou tablet &#8211; <a href=\"https:\/\/baycoast.bank\/pt-pt\/banco-online\/banco-movel\/\">transfira a app<\/a><\/li>\n\n\n\n<li>Caixa Multibanco &#8211; <a href=\"https:\/\/baycoast.bank\/pt-pt\/localizacoes\/\">encontre uma Caixa Multibanco<\/a><\/li>\n\n\n\n<li>Telefone &#8211; marque 888-533-6695<\/li>\n<\/ul>\n\n\n\n<p>No Banco Online pode aceder \u00e0s seguintes funcionalidades: <\/p>\n\n\n\n<ul class=\"wp-block-list\">\n<li>Extratos de conta eletr\u00f3nicos<\/li>\n\n\n\n<li>Apresenta\u00e7\u00e3o e pagamento de faturas eletr\u00f3nicas<\/li>\n\n\n\n<li>Verificar imagens<\/li>\n\n\n\n<li>Carteira do mercado bolsista<\/li>\n\n\n\n<li>Seguran\u00e7a avan\u00e7ada de in\u00edcio de sess\u00e3o<\/li>\n\n\n\n<li>Funcionalidade Turbo Tax durante a \u00e9poca dos impostos<\/li>\n<\/ul>\n\n\n\n<p>Para mais informa\u00e7\u00f5es sobre o Banco Online, visite a p\u00e1gina <a href=\"https:\/\/baycoast.bank\/pt-pt\/banco-online\/perguntas-frequentes-sobre-o-banco-online\/\">Perguntas mais Frequentes<\/a>.<br\/><a href=\"https:\/\/www.baycoastbank.com\/home\/onlinebanking\/personal\/application\" target=\"_blank\" rel=\"noopener\"><\/a><\/p>\n\n\n\n<p class=\"has-small-font-size\"><em>A Microsoft \u00e9 uma marca comercial registada da Microsoft Corporation nos Estados Unidos da Am\u00e9rica e\/ou outros pa\u00edses.<\/em><\/p>\n\n\n\n<p class=\"has-small-font-size\"><em>A Quicken, QuickBooks e QuickBooks Online s\u00e3o marcas comerciais registadas da Intuit, Inc., registada nos Estados Unidos da Am\u00e9rica e outros pa\u00edses.<\/em><\/p>\n\n\n\t\t\t<\/div>\n\n\t\t<\/div>\n\t<\/div>\n<\/div> <\/div><div class=\"lazyblock-archive-section-jIBEq wp-block-lazyblock-archive-section\"><div class=\"spacer\"><\/div>\n\n<div class=\"section archive-section\">\n\t<div class=\"paddedWrapper\">\n\t\t<div class=\"wrapper\">\n\t\t\t\n\t\t\t<div class=\"thumbnails grid hide smallerGrid\">\n\t\t\t\t\n\t\t\t\t\t\t<div id=\"parent-7247\" class=\"thumbnail\">\n\t\t\t\t\t\t\t<div class=\"thumbnailImage\">\n\t\t\t\t\t\t\t\t<div class=\"backing\" style=\"background-image: url(https:\/\/baycoast.bank\/wp-content\/uploads\/2020\/07\/iStock-1164972371-min-scaled.jpg\" role=\"img\" aria-label=\"Banco M\u00f3vel\"><\/div>\n\t\t\t\t\t\t\t<\/div>\n\n\t\t\t\t\t\t\t<div class=\"thumbnailContent\">\n\t\t\t\t\t\t\t\t<h3 class=\"blue\">Banco M\u00f3vel<\/h3>\n\n\t\t\t\t\t\t\t\t\n\t\t\t\t\t\t\t\t<div class=\"btn blue noExcerpt\" role=\"button\" tabindex=\"0\">Saiba Mais <span class=\"primaryColor\">+<\/span> <div class=\"backing\"><\/div><\/div>\n\t\t\t\t\t\t\t<\/div>\n\n\t\t\t\t\t\t\t<a href=\"https:\/\/baycoast.bank\/pt-pt\/banco-online\/banco-movel\/\"><\/a>\n\t\t\t\t\t\t<\/div>\n\n\t\t\t\t\t\n\t\t\t\t\t\t<div id=\"parent-7817\" class=\"thumbnail\">\n\t\t\t\t\t\t\t<div class=\"thumbnailImage\">\n\t\t\t\t\t\t\t\t<div class=\"backing\" style=\"background-image: url(https:\/\/baycoast.bank\/wp-content\/uploads\/2022\/10\/MobileImages_Blue_BayCoast.jpg\" role=\"img\" aria-label=\"Perfil de cr\u00e9dito\"><\/div>\n\t\t\t\t\t\t\t<\/div>\n\n\t\t\t\t\t\t\t<div class=\"thumbnailContent\">\n\t\t\t\t\t\t\t\t<h3 class=\"blue\">Perfil de cr\u00e9dito<\/h3>\n\n\t\t\t\t\t\t\t\t<p>O seu perfil de cr\u00e9dito.E mais. A qualquer momento. Em qualquer lugar. O perfil de cr\u00e9dito disponibilizado pela SavvyMoney pode ser acedido pelos clientes do BayCoast Bank no banco online e banco m\u00f3vel. Com uma ferramenta poderosa, aceda ao seu perfil de cr\u00e9dito, relat\u00f3rio completo de cr\u00e9dito, monitoriza\u00e7\u00e3o de cr\u00e9dito, sugest\u00f5es financeiras e educa\u00e7\u00e3o. Acess\u00edvel [&hellip;]<\/p>\n\n\t\t\t\t\t\t\t\t<div class=\"btn blue \" role=\"button\" tabindex=\"0\">Saiba Mais <span class=\"primaryColor\">+<\/span> <div class=\"backing\"><\/div><\/div>\n\t\t\t\t\t\t\t<\/div>\n\n\t\t\t\t\t\t\t<a href=\"https:\/\/baycoast.bank\/pt-pt\/banco-online\/perfil-de-credito\/\"><\/a>\n\t\t\t\t\t\t<\/div>\n\n\t\t\t\t\t\n\t\t\t\t\t\t<div id=\"parent-7309\" class=\"thumbnail\">\n\t\t\t\t\t\t\t<div class=\"thumbnailImage\">\n\t\t\t\t\t\t\t\t<div class=\"backing\" style=\"background-image: url(https:\/\/baycoast.bank\/wp-content\/uploads\/2021\/04\/iStock-920710216-min-e1618505140306.jpg\" role=\"img\" aria-label=\"Recompensas de compras\"><\/div>\n\t\t\t\t\t\t\t<\/div>\n\n\t\t\t\t\t\t\t<div class=\"thumbnailContent\">\n\t\t\t\t\t\t\t\t<h3 class=\"blue\">Recompensas de compras<\/h3>\n\n\t\t\t\t\t\t\t\t\n\t\t\t\t\t\t\t\t<div class=\"btn blue noExcerpt\" role=\"button\" tabindex=\"0\">Saiba Mais <span class=\"primaryColor\">+<\/span> <div class=\"backing\"><\/div><\/div>\n\t\t\t\t\t\t\t<\/div>\n\n\t\t\t\t\t\t\t<a href=\"https:\/\/baycoast.bank\/pt-pt\/banco-online\/recompensas-de-compras\/\"><\/a>\n\t\t\t\t\t\t<\/div>\n\n\t\t\t\t\t\n\t\t\t\t\t\t<div id=\"parent-7275\" class=\"thumbnail\">\n\t\t\t\t\t\t\t<div class=\"thumbnailImage\">\n\t\t\t\t\t\t\t\t<div class=\"backing\" style=\"background-image: url(https:\/\/baycoast.bank\/wp-content\/uploads\/2021\/04\/iStock-521459708-min-e1618503803182.jpg\" role=\"img\" aria-label=\"CardValet\u00ae\"><\/div>\n\t\t\t\t\t\t\t<\/div>\n\n\t\t\t\t\t\t\t<div class=\"thumbnailContent\">\n\t\t\t\t\t\t\t\t<h3 class=\"blue\">CardValet\u00ae<\/h3>\n\n\t\t\t\t\t\t\t\t\n\t\t\t\t\t\t\t\t<div class=\"btn blue noExcerpt\" role=\"button\" tabindex=\"0\">Saiba Mais <span class=\"primaryColor\">+<\/span> <div class=\"backing\"><\/div><\/div>\n\t\t\t\t\t\t\t<\/div>\n\n\t\t\t\t\t\t\t<a href=\"https:\/\/baycoast.bank\/pt-pt\/banco-online\/cardvalet\/\"><\/a>\n\t\t\t\t\t\t<\/div>\n\n\t\t\t\t\t\n\t\t\t\t\t\t<div id=\"parent-7165\" class=\"thumbnail\">\n\t\t\t\t\t\t\t<div class=\"thumbnailImage\">\n\t\t\t\t\t\t\t\t<div class=\"backing\" style=\"background-image: url(https:\/\/baycoast.bank\/wp-content\/uploads\/2020\/05\/womanPhone-min.jpg\" role=\"img\" aria-label=\"Apple e Google Pay\"><\/div>\n\t\t\t\t\t\t\t<\/div>\n\n\t\t\t\t\t\t\t<div class=\"thumbnailContent\">\n\t\t\t\t\t\t\t\t<h3 class=\"blue\">Apple e Google Pay<\/h3>\n\n\t\t\t\t\t\t\t\t\n\t\t\t\t\t\t\t\t<div class=\"btn blue noExcerpt\" role=\"button\" tabindex=\"0\">Saiba Mais <span class=\"primaryColor\">+<\/span> <div class=\"backing\"><\/div><\/div>\n\t\t\t\t\t\t\t<\/div>\n\n\t\t\t\t\t\t\t<a href=\"https:\/\/baycoast.bank\/pt-pt\/banco-online\/apple-e-google-pay\/\"><\/a>\n\t\t\t\t\t\t<\/div>\n\n\t\t\t\t\t\n\t\t\t\t\t\t<div id=\"parent-7179\" class=\"thumbnail\">\n\t\t\t\t\t\t\t<div class=\"thumbnailImage\">\n\t\t\t\t\t\t\t\t<div class=\"backing\" style=\"background-image: url(https:\/\/baycoast.bank\/wp-content\/uploads\/2020\/08\/iStock-613241502-min.jpg\" role=\"img\" aria-label=\"Money Management\"><\/div>\n\t\t\t\t\t\t\t<\/div>\n\n\t\t\t\t\t\t\t<div class=\"thumbnailContent\">\n\t\t\t\t\t\t\t\t<h3 class=\"blue\">Money Management<\/h3>\n\n\t\t\t\t\t\t\t\t\n\t\t\t\t\t\t\t\t<div class=\"btn blue noExcerpt\" role=\"button\" tabindex=\"0\">Saiba Mais <span class=\"primaryColor\">+<\/span> <div class=\"backing\"><\/div><\/div>\n\t\t\t\t\t\t\t<\/div>\n\n\t\t\t\t\t\t\t<a href=\"https:\/\/baycoast.bank\/pt-pt\/banco-online\/money-management\/\"><\/a>\n\t\t\t\t\t\t<\/div>\n\n\t\t\t\t\t\n\t\t\t\t\t\t<div id=\"parent-7271\" class=\"thumbnail\">\n\t\t\t\t\t\t\t<div class=\"thumbnailImage\">\n\t\t\t\t\t\t\t\t<div class=\"backing\" style=\"background-image: url(https:\/\/baycoast.bank\/wp-content\/uploads\/2020\/07\/iStock-1210359011-min-scaled-e1596807793740.jpg\" role=\"img\" aria-label=\"Fa\u00e7a o seu pedido\"><\/div>\n\t\t\t\t\t\t\t<\/div>\n\n\t\t\t\t\t\t\t<div class=\"thumbnailContent\">\n\t\t\t\t\t\t\t\t<h3 class=\"blue\">Fa\u00e7a o seu pedido<\/h3>\n\n\t\t\t\t\t\t\t\t\n\t\t\t\t\t\t\t\t<div class=\"btn blue noExcerpt\" role=\"button\" tabindex=\"0\">Saiba Mais <span class=\"primaryColor\">+<\/span> <div class=\"backing\"><\/div><\/div>\n\t\t\t\t\t\t\t<\/div>\n\n\t\t\t\t\t\t\t<a href=\"https:\/\/baycoast.bank\/pt-pt\/banco-online\/faca-o-seu-pedido\/\"><\/a>\n\t\t\t\t\t\t<\/div>\n\n\t\t\t\t\t\n\t\t\t\t\t\t<div id=\"parent-10301\" class=\"thumbnail\">\n\t\t\t\t\t\t\t<div class=\"thumbnailImage\">\n\t\t\t\t\t\t\t\t<div class=\"backing\" style=\"background-image: url(https:\/\/baycoast.bank\/wp-content\/uploads\/2023\/05\/Payrailz-Webpage-Hero-2.jpg\" role=\"img\" aria-label=\"Transfer\u00eancias de dinheiro simples\"><\/div>\n\t\t\t\t\t\t\t<\/div>\n\n\t\t\t\t\t\t\t<div class=\"thumbnailContent\">\n\t\t\t\t\t\t\t\t<h3 class=\"blue\">Transfer\u00eancias de dinheiro simples<\/h3>\n\n\t\t\t\t\t\t\t\t\n\t\t\t\t\t\t\t\t<div class=\"btn blue noExcerpt\" role=\"button\" tabindex=\"0\">Saiba Mais <span class=\"primaryColor\">+<\/span> <div class=\"backing\"><\/div><\/div>\n\t\t\t\t\t\t\t<\/div>\n\n\t\t\t\t\t\t\t<a href=\"https:\/\/baycoast.bank\/pt-pt\/banco-online\/transferencias-de-dinheiro-simples\/\"><\/a>\n\t\t\t\t\t\t<\/div>\n\n\t\t\t\t\t\n\t\t\t\t\t\t<div id=\"parent-7397\" class=\"thumbnail\">\n\t\t\t\t\t\t\t<div class=\"thumbnailImage\">\n\t\t\t\t\t\t\t\t<div class=\"backing\" style=\"background-image: url(https:\/\/baycoast.bank\/wp-content\/uploads\/2021\/04\/iStock-1286249877-min-e1618505231163.jpg\" role=\"img\" aria-label=\"Perguntas frequentes sobre o banco online\"><\/div>\n\t\t\t\t\t\t\t<\/div>\n\n\t\t\t\t\t\t\t<div class=\"thumbnailContent\">\n\t\t\t\t\t\t\t\t<h3 class=\"blue\">Perguntas frequentes sobre o banco online<\/h3>\n\n\t\t\t\t\t\t\t\t\n\t\t\t\t\t\t\t\t<div class=\"btn blue noExcerpt\" role=\"button\" tabindex=\"0\">Saiba Mais <span class=\"primaryColor\">+<\/span> <div class=\"backing\"><\/div><\/div>\n\t\t\t\t\t\t\t<\/div>\n\n\t\t\t\t\t\t\t<a href=\"https:\/\/baycoast.bank\/pt-pt\/banco-online\/perguntas-frequentes-sobre-o-banco-online\/\"><\/a>\n\t\t\t\t\t\t<\/div>\n\n\t\t\t\t\t\t\t\t<\/div>\n\t\t<\/div>\n\t<\/div>\n<\/div><\/div>","protected":false},"excerpt":{"rendered":"","protected":false},"author":2,"featured_media":5378,"parent":0,"menu_order":29,"comment_status":"closed","ping_status":"closed","template":"","meta":{"_acf_changed":false,"inline_featured_image":false,"footnotes":""},"class_list":["post-7245","page","type-page","status-publish","has-post-thumbnail","hentry"],"acf":[],"featured_image_urls_v2":{"full":["https:\/\/baycoast.bank\/wp-content\/uploads\/2020\/07\/iStock-1161412655-min-scaled-e1596806511218.jpg",1803,1143,false],"thumbnail":["https:\/\/baycoast.bank\/wp-content\/uploads\/2020\/07\/iStock-1161412655-min-scaled-e1596806511218-150x150.jpg",150,150,true],"medium":["https:\/\/baycoast.bank\/wp-content\/uploads\/2020\/07\/iStock-1161412655-min-scaled-e1596806511218-300x190.jpg",300,190,true],"medium_large":["https:\/\/baycoast.bank\/wp-content\/uploads\/2020\/07\/iStock-1161412655-min-scaled-e1596806511218-768x487.jpg",768,487,true],"large":["https:\/\/baycoast.bank\/wp-content\/uploads\/2020\/07\/iStock-1161412655-min-scaled-e1596806511218-1024x649.jpg",1024,649,true],"1536x1536":["https:\/\/baycoast.bank\/wp-content\/uploads\/2020\/07\/iStock-1161412655-min-scaled-e1596806511218-1536x974.jpg",1536,974,true],"2048x2048":["https:\/\/baycoast.bank\/wp-content\/uploads\/2020\/07\/iStock-1161412655-min-2048x1365.jpg",2048,1365,true]},"post_excerpt_stackable_v2":"<p>Banco Online Solicite agora&nbsp;+ Mantenha as suas finan\u00e7as a funcionar a toda a velocidade. Consulte o saldo da sua conta, realize transfer\u00eancias, acompanhe os dep\u00f3sitos autom\u00e1ticos, controlo a atividade da sua conta, obtenha respostas \u00e0s suas perguntas via e-mail e muito mais. O melhor \u00e9 que pode aceder \u00e0 sua conta de v\u00e1rias formas: Computador &#8211; clique Iniciar sess\u00e3o no canto superior direito desta p\u00e1gina Smartphone ou tablet &#8211; transfira a app Caixa Multibanco &#8211; encontre uma Caixa Multibanco Telefone &#8211; marque 888-533-6695 No Banco Online pode aceder \u00e0s seguintes funcionalidades: Extratos de conta eletr\u00f3nicos Apresenta\u00e7\u00e3o e pagamento de faturas&hellip;<\/p>\n","category_list_v2":"","author_info_v2":{"name":"","url":"https:\/\/baycoast.bank\/pt-pt\/author\/"},"comments_num_v2":"0 comments","publishpress_future_action":{"enabled":false,"date":"2026-05-06 15:14:57","action":"change-status","newStatus":"draft","terms":[],"taxonomy":"translation_priority","extraData":[]},"publishpress_future_workflow_manual_trigger":{"enabledWorkflows":[]},"_links":{"self":[{"href":"https:\/\/baycoast.bank\/pt-pt\/wp-json\/wp\/v2\/pages\/7245","targetHints":{"allow":["GET"]}}],"collection":[{"href":"https:\/\/baycoast.bank\/pt-pt\/wp-json\/wp\/v2\/pages"}],"about":[{"href":"https:\/\/baycoast.bank\/pt-pt\/wp-json\/wp\/v2\/types\/page"}],"author":[{"embeddable":true,"href":"https:\/\/baycoast.bank\/pt-pt\/wp-json\/wp\/v2\/users\/2"}],"replies":[{"embeddable":true,"href":"https:\/\/baycoast.bank\/pt-pt\/wp-json\/wp\/v2\/comments?post=7245"}],"version-history":[{"count":0,"href":"https:\/\/baycoast.bank\/pt-pt\/wp-json\/wp\/v2\/pages\/7245\/revisions"}],"wp:featuredmedia":[{"embeddable":true,"href":"https:\/\/baycoast.bank\/pt-pt\/wp-json\/wp\/v2\/media\/5378"}],"wp:attachment":[{"href":"https:\/\/baycoast.bank\/pt-pt\/wp-json\/wp\/v2\/media?parent=7245"}],"curies":[{"name":"wp","href":"https:\/\/api.w.org\/{rel}","templated":true}]}}