{"id":7247,"date":"2020-07-24T03:43:47","date_gmt":"2020-07-24T07:43:47","guid":{"rendered":"https:\/\/baycoast.bank\/banco-online\/banco-movel\/"},"modified":"2023-02-28T15:56:11","modified_gmt":"2023-02-28T20:56:11","slug":"banco-movel","status":"publish","type":"page","link":"https:\/\/baycoast.bank\/pt-pt\/banco-online\/banco-movel\/","title":{"rendered":"Banco M\u00f3vel"},"content":{"rendered":"<div class=\"lazyblock-interior-hero-Z21JToO wp-block-lazyblock-interior-hero\">\n<div class=\"section hero\">\n\t<div class=\"backing parallaxContainer\">\n\t\t<div class=\"backing\" style=\"background-image: url(https:\/\/baycoast.bank\/wp-content\/uploads\/2020\/07\/iStock-1164972371-min-scaled.jpg\" role=\"img\" aria-label=\"Hero Image\"><\/div>\n\t<\/div>\n\n\t<div class=\"heroContent\">\n\t\t<div class=\"plusPlus blue\" ><\/div>\n\t\t\n\t\t<div class=\"heroWrapper\">\n\t\t\t<div class=\"heroBlock bgWhite\">\n\t\t\t\t\n\t\t\t\t<div class=\"heroBlockHeadline\">\n\n\t\t\t\t\t\t\t\t\t\t\t<div class=\"categories flex\" style=\"justify-content: flex-start;\">\n\t\t\t\t\t\t\t<div class=\"h6\">\n\n\t\t\t\t\t\t\t  \t\t\t\t\t\t\t\t    \t<a href=\"https:\/\/baycoast.bank\/pt-pt\/banco-online\/\">Banco Online<\/a>\n\t\t\t\t\t\t\t    \t\t\t\t\t\t\t  \n\t\t\t\t\t\t\t<\/div>\n\t\t\t\t\t\t\t\n\t\t\t\t\t\t\t\t\t\t\t\t\t<\/div>\n\t\t\t\t\t\t\t\t\t\t\n\t\t\t\t\t<h1 class=\"blue\">Banco M\u00f3vel<\/h1>\n\t\t\t\t<\/div>\n\t\t\t<\/div>\n\t\t\t    \t\n\t\t\t\n\t\t\t\t<div class=\"openAccount bgBlue\">\n\t\t\t\t\t<div class=\"grain\" role=\"presentation\"><\/div>\n\t\t\t\t\t<div class=\"btn white\" role=\"button\" tabindex=\"0\">Consultar Perguntas mais Frequentes&nbsp;<span class=\"primaryColor\">+<\/span> <div class=\"backing bgPrimaryColor\"><\/div><\/div>\n\n\t\t\t\t\t<div class=\"backing bgPrimaryColor\"><\/div>\n\t\t\t\t\t\n\t\t\t\t\t<a  href=\"https:\/\/baycoast.bank\/online-banking\/mobile-banking\/mobile-banking-faqs\/\"><\/a>\n\t\t\t\t<\/div>\n\n\t\t\t\n\t\t<\/div>\n\t<\/div>\n<\/div> \n\n<div class=\"spacer\"><\/div><\/div><div class=\"lazyblock-interior-content-Z24E4q9 wp-block-lazyblock-interior-content\"><div class=\"spacer\"><\/div>\n\n<div class=\"section\">\n\t<div class=\"paddedWrapper\">\n\t\t<div class=\"wrapper flex gutenberg\" style=\"justify-content: center;\">\n\n\t\t\t\t\t    \t<div class=\"illustration\" style=\"background-image: url(https:\/\/baycoast.bank\/wp-content\/uploads\/2020\/05\/bayPhoneRight-min-scaled.jpg); background-size: \" role=\"img\" aria-label=\"N\u00e3o espere para depositar o seu cheque, basta tocar, fotografar e depositar.\"><\/div>\n\t\t  \t\n\t\t\t<div class=\"smallWrapper gutenberg\">\n\t\t\t\n\t\t\t\t<div class=\"h3\">N\u00e3o espere para depositar o seu cheque, basta tocar, fotografar e depositar.<\/div>\n\t\t\t  \n\t\t\t  \t<hr style=\"margin-bottom: 5rem;\">\n\t\t\t\t\n\t\t\t\t\n\n<p>Fa\u00e7a a gest\u00e3o das suas finan\u00e7as a qualquer hora, em qualquer lugar, ao aceder \u00e0s suas contas atrav\u00e9s de um dispositivo m\u00f3vel. Transfira a aplica\u00e7\u00e3o gratuita BayCoast Bank para Banco M\u00f3vel na App Store para iPhone ou em Google Play para dispositivos Android. <\/p>\n\n\n\n<p><a href=\"https:\/\/itunes.apple.com\/us\/app\/baycoast-bank-mobile\/id575675176?ls=1&amp;mt=8\" target=\"_blank\" rel=\"noopener noreferrer\"><img decoding=\"async\" style=\"width:120px;\" src=\"https:\/\/baycoast.bank\/wp-content\/uploads\/2020\/08\/App-Store.png\"\/><\/a>            <a href=\"https:\/\/play.google.com\/store\/search?q=baycoast+bank\" target=\"_blank\" rel=\"noopener noreferrer\"><img decoding=\"async\" style=\"width:120px;\" src=\"https:\/\/baycoast.bank\/wp-content\/uploads\/2020\/08\/Google-Play.png\"\/><\/a><\/p>\n\n\n\n<ul class=\"wp-block-list\">\n<li>Poupe tempo com menos idas ao banco<\/li>\n\n\n\n<li>Deposite cheques a qualquer hora, em qualquer lugar<\/li>\n\n\n\n<li>Aceda mais cedo aos seus fundos<\/li>\n\n\n\n<li>Totalmente gratuito<\/li>\n<\/ul>\n\n\n\n<p>\u00c9 necess\u00e1ria a aplica\u00e7\u00e3o m\u00f3vel BayCoast Bank para aceder aos Dep\u00f3sitos Mobile.<\/p>\n\n\n<div class=\"lazyblock-buttons-Z2eVEI4 wp-block-lazyblock-buttons\"><div class=\"buttonsListed\">\n\t\t\t\t\t\t\t\n\t<div class=\"grid\" style=\"align-items: center;\">\n\t\t\t\t\t<a href=\"https:\/\/baycoast.bank\/online-banking\/mobile-banking\/mobile-deposit-faqs\/\"><div class=\"btn blue\" role=\"button\" tabindex=\"0\">Perguntas frequentes sobre o dep\u00f3sito m\u00f3vel&nbsp;<span class=\"primaryColor\">+<\/span> <div class=\"backing\"><\/div><\/div><\/a>\n\t\t\t<\/div>\n\t\n<\/div><\/div>\n\n\n<div style=\"height:30px\" aria-hidden=\"true\" class=\"wp-block-spacer\"><\/div>\n\n\n\n<h3 class=\"blue wp-block-heading\">Banco por Mensagem<\/h3>\n\n\n\n<p>O Banco por Mensagem permite aceder \u00e0s suas contas atrav\u00e9s de mensagens de texto (SMS) no seu telefone. Receber\u00e1 mensagens quando as solicitar utilizando os <a href=\"https:\/\/baycoast.bank\/wp-content\/uploads\/2020\/08\/TextBankingCommands.pdf\">comandos do banco por mensagem<\/a>. Para configurar as mensagens por texto, inicie sess\u00e3o no Banco Online do BayCoast Bank e clique em \u201cBanco M\u00f3vel\u201d no separador \u201cExtratos de conta eletr\u00f3nicos e outros servi\u00e7os\u201d na parte superior. O servi\u00e7o necessita da ativa\u00e7\u00e3o do dispositivo m\u00f3vel ao solicitar um c\u00f3digo \u00fanico de ativa\u00e7\u00e3o. Geralmente, \u00e9 necess\u00e1rio um plano de mensagens de texto\/dados, caso contr\u00e1rio, a utiliza\u00e7\u00e3o de dados por tornar-se dispendiosa. Consulte o seu prestador de servi\u00e7o sem fios para mais informa\u00e7\u00f5es.<\/p>\n\n\n\n<p>Para aderir ao Banco Online \u00e9 necess\u00e1rio aceder ao Banco M\u00f3vel, Dep\u00f3sito M\u00f3vel e Banco por Mensagem. <a href=\"https:\/\/baycoast.bank\/pt-pt\/banco-online\/faca-o-seu-pedido\/\">Clique aqui para aderir ao Banco Online<\/a>.<\/p>\n\n\n\n<hr class=\"wp-block-separator has-css-opacity\"\/>\n\n\n\n<div style=\"height:20px\" aria-hidden=\"true\" class=\"wp-block-spacer\"><\/div>\n\n\n<div class=\"lazyblock-buttons-Z1pf5Ck wp-block-lazyblock-buttons\"><div class=\"buttonsListed\">\n\t\t\t\t\t\t\t\n\t<div class=\"grid\" style=\"align-items: center;\">\n\t\t\t\t\t<a href=\"https:\/\/baycoast.bank\/online-banking\/mobile-banking\/mobile-banking-security\/\"><div class=\"btn blue\" role=\"button\" tabindex=\"0\">Seguran\u00e7a no Banco M\u00f3vel&nbsp;<span class=\"primaryColor\">+<\/span> <div class=\"backing\"><\/div><\/div><\/a>\n\t\t\t<\/div>\n\t\n<\/div><\/div>\n\n\t\t\t<\/div>\n\n\t\t<\/div>\n\t<\/div>\n<\/div> <\/div>","protected":false},"excerpt":{"rendered":"","protected":false},"author":2,"featured_media":5380,"parent":7245,"menu_order":30,"comment_status":"closed","ping_status":"closed","template":"","meta":{"_acf_changed":false,"inline_featured_image":false,"footnotes":""},"class_list":["post-7247","page","type-page","status-publish","has-post-thumbnail","hentry"],"acf":[],"featured_image_urls_v2":{"full":["https:\/\/baycoast.bank\/wp-content\/uploads\/2020\/07\/iStock-1164972371-min-scaled.jpg",2560,1707,false],"thumbnail":["https:\/\/baycoast.bank\/wp-content\/uploads\/2020\/07\/iStock-1164972371-min-150x150.jpg",150,150,true],"medium":["https:\/\/baycoast.bank\/wp-content\/uploads\/2020\/07\/iStock-1164972371-min-300x200.jpg",300,200,true],"medium_large":["https:\/\/baycoast.bank\/wp-content\/uploads\/2020\/07\/iStock-1164972371-min-768x512.jpg",768,512,true],"large":["https:\/\/baycoast.bank\/wp-content\/uploads\/2020\/07\/iStock-1164972371-min-1024x683.jpg",1024,683,true],"1536x1536":["https:\/\/baycoast.bank\/wp-content\/uploads\/2020\/07\/iStock-1164972371-min-1536x1024.jpg",1536,1024,true],"2048x2048":["https:\/\/baycoast.bank\/wp-content\/uploads\/2020\/07\/iStock-1164972371-min-2048x1366.jpg",2048,1366,true]},"post_excerpt_stackable_v2":"<p>Banco Online Banco M\u00f3vel Consultar Perguntas mais Frequentes&nbsp;+ N\u00e3o espere para depositar o seu cheque, basta tocar, fotografar e depositar. Fa\u00e7a a gest\u00e3o das suas finan\u00e7as a qualquer hora, em qualquer lugar, ao aceder \u00e0s suas contas atrav\u00e9s de um dispositivo m\u00f3vel. Transfira a aplica\u00e7\u00e3o gratuita BayCoast Bank para Banco M\u00f3vel na App Store para iPhone ou em Google Play para dispositivos Android. Poupe tempo com menos idas ao banco Deposite cheques a qualquer hora, em qualquer lugar Aceda mais cedo aos seus fundos Totalmente gratuito \u00c9 necess\u00e1ria a aplica\u00e7\u00e3o m\u00f3vel BayCoast Bank para aceder aos Dep\u00f3sitos Mobile. Perguntas frequentes&hellip;<\/p>\n","category_list_v2":"","author_info_v2":{"name":"","url":"https:\/\/baycoast.bank\/pt-pt\/author\/"},"comments_num_v2":"0 comments","publishpress_future_action":{"enabled":false,"date":"2026-04-29 08:22:18","action":"change-status","newStatus":"draft","terms":[],"taxonomy":"translation_priority","extraData":[]},"publishpress_future_workflow_manual_trigger":{"enabledWorkflows":[]},"_links":{"self":[{"href":"https:\/\/baycoast.bank\/pt-pt\/wp-json\/wp\/v2\/pages\/7247","targetHints":{"allow":["GET"]}}],"collection":[{"href":"https:\/\/baycoast.bank\/pt-pt\/wp-json\/wp\/v2\/pages"}],"about":[{"href":"https:\/\/baycoast.bank\/pt-pt\/wp-json\/wp\/v2\/types\/page"}],"author":[{"embeddable":true,"href":"https:\/\/baycoast.bank\/pt-pt\/wp-json\/wp\/v2\/users\/2"}],"replies":[{"embeddable":true,"href":"https:\/\/baycoast.bank\/pt-pt\/wp-json\/wp\/v2\/comments?post=7247"}],"version-history":[{"count":0,"href":"https:\/\/baycoast.bank\/pt-pt\/wp-json\/wp\/v2\/pages\/7247\/revisions"}],"up":[{"embeddable":true,"href":"https:\/\/baycoast.bank\/pt-pt\/wp-json\/wp\/v2\/pages\/7245"}],"wp:featuredmedia":[{"embeddable":true,"href":"https:\/\/baycoast.bank\/pt-pt\/wp-json\/wp\/v2\/media\/5380"}],"wp:attachment":[{"href":"https:\/\/baycoast.bank\/pt-pt\/wp-json\/wp\/v2\/media?parent=7247"}],"curies":[{"name":"wp","href":"https:\/\/api.w.org\/{rel}","templated":true}]}}