{"id":7271,"date":"2020-08-07T13:34:21","date_gmt":"2020-08-07T17:34:21","guid":{"rendered":"https:\/\/baycoast.bank\/banco-online\/faca-o-seu-pedido\/"},"modified":"2023-02-28T15:58:03","modified_gmt":"2023-02-28T20:58:03","slug":"faca-o-seu-pedido","status":"publish","type":"page","link":"https:\/\/baycoast.bank\/pt-pt\/banco-online\/faca-o-seu-pedido\/","title":{"rendered":"Fa\u00e7a o seu pedido"},"content":{"rendered":"<div class=\"lazyblock-interior-hero-Z2o8xwe wp-block-lazyblock-interior-hero\">\n<div class=\"section hero\">\n\t<div class=\"backing parallaxContainer\">\n\t\t<div class=\"backing\" style=\"background-image: url(https:\/\/baycoast.bank\/wp-content\/uploads\/2020\/07\/iStock-1210359011-min-scaled-e1596807793740.jpg\" role=\"img\" aria-label=\"Hero Image\"><\/div>\n\t<\/div>\n\n\t<div class=\"heroContent\">\n\t\t<div class=\"plusPlus blue\" ><\/div>\n\t\t\n\t\t<div class=\"heroWrapper\">\n\t\t\t<div class=\"heroBlock bgWhite\">\n\t\t\t\t\n\t\t\t\t<div class=\"heroBlockHeadline\">\n\n\t\t\t\t\t\t\t\t\t\t\t<div class=\"categories flex\" style=\"justify-content: flex-start;\">\n\t\t\t\t\t\t\t<div class=\"h6\">\n\n\t\t\t\t\t\t\t  \t\t\t\t\t\t\t\t    \t<a href=\"https:\/\/baycoast.bank\/pt-pt\/banco-online\/\">Banco Online<\/a>\n\t\t\t\t\t\t\t    \t\t\t\t\t\t\t  \n\t\t\t\t\t\t\t<\/div>\n\t\t\t\t\t\t\t\n\t\t\t\t\t\t\t\t\t\t\t\t\t<\/div>\n\t\t\t\t\t\t\t\t\t\t\n\t\t\t\t\t<h1 class=\"blue\">Fa\u00e7a o seu pedido<\/h1>\n\t\t\t\t<\/div>\n\t\t\t<\/div>\n\t\t\t    \t\n\t\t\t\n\t\t<\/div>\n\t<\/div>\n<\/div> \n\n<div class=\"spacer\"><\/div><\/div><div class=\"lazyblock-interior-content-ZiQGWm wp-block-lazyblock-interior-content\"><div class=\"spacer\"><\/div>\n\n<div class=\"section\">\n\t<div class=\"paddedWrapper\">\n\t\t<div class=\"wrapper flex gutenberg\" style=\"justify-content: center;\">\n\n\t\t\t\n\t\t\t<div class=\"smallWrapper gutenberg\">\n\t\t\t\n\t\t\t\t<div class=\"h3\">Pedido para Banco Online BayCoast Bank<\/div>\n\t\t\t  \n\t\t\t  \t<hr style=\"margin-bottom: 5rem;\">\n\t\t\t\t\n\t\t\t\t\n\n<p><strong>Os requisitos de elegibilidade para o banco online BayCoast Bank incluem:<\/strong><\/p>\n\n\n\n<ul class=\"wp-block-list\">\n<li>Ter uma conta ativa no banco<\/li>\n\n\n\n<li>Ter um n\u00famero de Seguran\u00e7a Social v\u00e1lido<\/li>\n\n\n\n<li>Ter um endere\u00e7o de e-mail v\u00e1lido<\/li>\n<\/ul>\n\n\n\n<p>Como utilizador do banco online, poder\u00e1 ter acesso online a todas as contas eleg\u00edveis das quais \u00e9 titular. Entre as contas eleg\u00edveis incluem-se as conta \u00e0 ordem, contas poupan\u00e7a, contas de mercado monet\u00e1rio, dep\u00f3sitos a prazo, contas de empr\u00e9stimos, contas de linhas de cr\u00e9dito e empr\u00e9stimos hipotec\u00e1rios. Assim que terminar de preencher o Formul\u00e1rio de Registo para Banco Online, poder\u00e1 iniciar a sess\u00e3o com recurso ao seu ID de utilizador e palavra-passe.*<\/p>\n\n\n\n<div style=\"height:10px\" aria-hidden=\"true\" class=\"wp-block-spacer\"><\/div>\n\n\n\n<div class=\"wp-block-stackable-button-group stk-block-button-group stk-block stk-fe66a0b\" data-block-id=\"fe66a0b\"><div class=\"stk-row stk-inner-blocks stk-block-content stk-button-group\">\n<div class=\"wp-block-stackable-button stk-block-button stk-block stk-d7ad297\" data-block-id=\"d7ad297\"><style>.stk-d7ad297 .stk-button{padding-top:20px !important;padding-right:20px !important;padding-bottom:20px !important;padding-left:20px !important;background:#fbad18 !important}.stk-d7ad297 .stk-button__inner-text{font-size:20px !important;color:#18428f !important;font-weight:600 !important}@media screen and (max-width:1023px){.stk-d7ad297 .stk-button__inner-text{font-size:20px !important}}<\/style><a class=\"stk-link stk-button stk--hover-effect-darken\" href=\"https:\/\/www.baycoastbank.com\/tob\/live\/usp-core\/app\/register\" title=\"Registe-se agora\" target=\"_blank\" rel=\"noopener\"><span class=\"has-text-color stk-button__inner-text\">Registe-se agora<\/span><\/a><\/div>\n<\/div><\/div>\n\n\n\n<div style=\"height:5px\" aria-hidden=\"true\" class=\"wp-block-spacer\"><\/div>\n\n\n\n<p style=\"font-size:12px\"><em>* Todos os pedidos est\u00e3o sujeitos a aprova\u00e7\u00e3o do banco. As Contas Poupan\u00e7a com Caderneta n\u00e3o s\u00e3o eleg\u00edveis para regastes ou transfer\u00eancias atrav\u00e9s do banco online. Os dep\u00f3sitos a prazo e os Planos de Poupan\u00e7a Reforma podem ser acedidas online apenas para visualiza\u00e7\u00e3o e n\u00e3o s\u00e3o eleg\u00edveis para transfer\u00eancias online. O BayCoast Bank reserva-se o direito de determinar que contas podem ser ligadas ao servi\u00e7o.<\/em><\/p>\n\n\n\t\t\t<\/div>\n\n\t\t<\/div>\n\t<\/div>\n<\/div> <\/div><div class=\"lazyblock-looking-for-more-1Hqhub wp-block-lazyblock-looking-for-more\"><div class=\"spacer\"><\/div>\n\n<div class=\"section\">\n\t<div class=\"paddedWrapper\">\n\t\t<div class=\"wrapper\">\n\t\t\t<div class=\"mediumWrapper\">\n\n\t\t\t\t<div class=\"lookingForMore\">\n\t\t\t\t\t<h4 class=\"blue h3 hide\">Pretende algo mais?<\/h4><!--\n\t\t\t\t\t--><div class=\"moreLinkList\">\n\t\t\t\t\t\t\t\t\t\t\t\t\t<a href=\"https:\/\/baycoast.bank\/security\/\"><div class=\"moreBtn hide\">Centro de seguran\u00e7a <span class=\"primaryColor\">+<\/span> <div class=\"backing\"><\/div><\/div><\/a>\n        \t\t\t\t\t\t\t\t\t\t\t<a href=\"https:\/\/baycoast.bank\/online-banking\/mobile-banking\/\"><div class=\"moreBtn hide\">Banco M\u00f3vel <span class=\"primaryColor\">+<\/span> <div class=\"backing\"><\/div><\/div><\/a>\n        \t\t\t\t\t\t\t\t\t\t\t<a href=\"https:\/\/baycoast.bank\/online-banking\/money-management\/\"><div class=\"moreBtn hide\">Money Management <span class=\"primaryColor\">+<\/span> <div class=\"backing\"><\/div><\/div><\/a>\n        \t\t\t\t\t\t\t\t\t\t\t<a href=\"https:\/\/baycoast.bank\/online-banking\/money-management\/\"><div class=\"moreBtn hide\">PopMoney <span class=\"primaryColor\">+<\/span> <div class=\"backing\"><\/div><\/div><\/a>\n        \t\t\t\t\t\t\t\t\t\t\t<a href=\"https:\/\/baycoast.bank\/other-services\/estatements\/\"><div class=\"moreBtn hide\">Extratos de conta eletr\u00f3nicos <span class=\"primaryColor\">+<\/span> <div class=\"backing\"><\/div><\/div><\/a>\n        \t\t\t\t\t\t\t\t\t<\/div>\n\t\t\t\t<\/div>\n\n\t\t\t<\/div>\n\t\t<\/div>\n\t<\/div>\n<\/div> <\/div>","protected":false},"excerpt":{"rendered":"","protected":false},"author":1,"featured_media":5396,"parent":7245,"menu_order":40,"comment_status":"closed","ping_status":"closed","template":"","meta":{"_acf_changed":false,"inline_featured_image":false,"footnotes":""},"class_list":["post-7271","page","type-page","status-publish","has-post-thumbnail","hentry"],"acf":[],"featured_image_urls_v2":{"full":["https:\/\/baycoast.bank\/wp-content\/uploads\/2020\/07\/iStock-1210359011-min-scaled-e1596807793740.jpg",2553,1536,false],"thumbnail":["https:\/\/baycoast.bank\/wp-content\/uploads\/2020\/07\/iStock-1210359011-min-scaled-e1596807793740-150x150.jpg",150,150,true],"medium":["https:\/\/baycoast.bank\/wp-content\/uploads\/2020\/07\/iStock-1210359011-min-scaled-e1596807793740-300x180.jpg",300,180,true],"medium_large":["https:\/\/baycoast.bank\/wp-content\/uploads\/2020\/07\/iStock-1210359011-min-scaled-e1596807793740-768x462.jpg",768,462,true],"large":["https:\/\/baycoast.bank\/wp-content\/uploads\/2020\/07\/iStock-1210359011-min-scaled-e1596807793740-1024x616.jpg",1024,616,true],"1536x1536":["https:\/\/baycoast.bank\/wp-content\/uploads\/2020\/07\/iStock-1210359011-min-scaled-e1596807793740-1536x924.jpg",1536,924,true],"2048x2048":["https:\/\/baycoast.bank\/wp-content\/uploads\/2020\/07\/iStock-1210359011-min-scaled-e1596807793740-2048x1232.jpg",2048,1232,true]},"post_excerpt_stackable_v2":"<p>Banco Online Fa\u00e7a o seu pedido Pedido para Banco Online BayCoast Bank Os requisitos de elegibilidade para o banco online BayCoast Bank incluem: Ter uma conta ativa no banco Ter um n\u00famero de Seguran\u00e7a Social v\u00e1lido Ter um endere\u00e7o de e-mail v\u00e1lido Como utilizador do banco online, poder\u00e1 ter acesso online a todas as contas eleg\u00edveis das quais \u00e9 titular. Entre as contas eleg\u00edveis incluem-se as conta \u00e0 ordem, contas poupan\u00e7a, contas de mercado monet\u00e1rio, dep\u00f3sitos a prazo, contas de empr\u00e9stimos, contas de linhas de cr\u00e9dito e empr\u00e9stimos hipotec\u00e1rios. Assim que terminar de preencher o Formul\u00e1rio de Registo para Banco&hellip;<\/p>\n","category_list_v2":"","author_info_v2":{"name":"","url":"https:\/\/baycoast.bank\/pt-pt\/author\/"},"comments_num_v2":"0 comments","publishpress_future_action":{"enabled":false,"date":"2026-04-30 04:26:38","action":"change-status","newStatus":"draft","terms":[],"taxonomy":"translation_priority","extraData":[]},"publishpress_future_workflow_manual_trigger":{"enabledWorkflows":[]},"_links":{"self":[{"href":"https:\/\/baycoast.bank\/pt-pt\/wp-json\/wp\/v2\/pages\/7271","targetHints":{"allow":["GET"]}}],"collection":[{"href":"https:\/\/baycoast.bank\/pt-pt\/wp-json\/wp\/v2\/pages"}],"about":[{"href":"https:\/\/baycoast.bank\/pt-pt\/wp-json\/wp\/v2\/types\/page"}],"author":[{"embeddable":true,"href":"https:\/\/baycoast.bank\/pt-pt\/wp-json\/wp\/v2\/users\/1"}],"replies":[{"embeddable":true,"href":"https:\/\/baycoast.bank\/pt-pt\/wp-json\/wp\/v2\/comments?post=7271"}],"version-history":[{"count":0,"href":"https:\/\/baycoast.bank\/pt-pt\/wp-json\/wp\/v2\/pages\/7271\/revisions"}],"up":[{"embeddable":true,"href":"https:\/\/baycoast.bank\/pt-pt\/wp-json\/wp\/v2\/pages\/7245"}],"wp:featuredmedia":[{"embeddable":true,"href":"https:\/\/baycoast.bank\/pt-pt\/wp-json\/wp\/v2\/media\/5396"}],"wp:attachment":[{"href":"https:\/\/baycoast.bank\/pt-pt\/wp-json\/wp\/v2\/media?parent=7271"}],"curies":[{"name":"wp","href":"https:\/\/api.w.org\/{rel}","templated":true}]}}