{"id":7275,"date":"2020-08-07T14:12:10","date_gmt":"2020-08-07T18:12:10","guid":{"rendered":"https:\/\/baycoast.bank\/banco-online\/cardvalet\/"},"modified":"2023-02-28T15:58:06","modified_gmt":"2023-02-28T20:58:06","slug":"cardvalet","status":"publish","type":"page","link":"https:\/\/baycoast.bank\/pt-pt\/banco-online\/cardvalet\/","title":{"rendered":"CardValet\u00ae"},"content":{"rendered":"<div class=\"lazyblock-interior-hero-Z2hWfko wp-block-lazyblock-interior-hero\">\n<div class=\"section hero\">\n\t<div class=\"backing parallaxContainer\">\n\t\t<div class=\"backing\" style=\"background-image: url(https:\/\/baycoast.bank\/wp-content\/uploads\/2021\/04\/iStock-521459708-min-e1618503803182.jpg\" role=\"img\" aria-label=\"Hero Image\"><\/div>\n\t<\/div>\n\n\t<div class=\"heroContent\">\n\t\t<div class=\"plusPlus blue\" ><\/div>\n\t\t\n\t\t<div class=\"heroWrapper\">\n\t\t\t<div class=\"heroBlock bgWhite\">\n\t\t\t\t\n\t\t\t\t<div class=\"heroBlockHeadline\">\n\n\t\t\t\t\t\t\t\t\t\t\t<div class=\"categories flex\" style=\"justify-content: flex-start;\">\n\t\t\t\t\t\t\t<div class=\"h6\">\n\n\t\t\t\t\t\t\t  \t\t\t\t\t\t\t\t    \t<a href=\"https:\/\/baycoast.bank\/pt-pt\/banco-online\/\">Banco Online<\/a>\n\t\t\t\t\t\t\t    \t\t\t\t\t\t\t  \n\t\t\t\t\t\t\t<\/div>\n\t\t\t\t\t\t\t\n\t\t\t\t\t\t\t\t\t\t\t\t\t<\/div>\n\t\t\t\t\t\t\t\t\t\t\n\t\t\t\t\t<h1 class=\"blue\">CardValet\u00ae<\/h1>\n\t\t\t\t<\/div>\n\t\t\t<\/div>\n\t\t\t    \t\n\t\t\t\n\t\t<\/div>\n\t<\/div>\n<\/div> \n\n<div class=\"spacer\"><\/div><\/div><div class=\"lazyblock-interior-content-hy2em wp-block-lazyblock-interior-content\"><div class=\"spacer\"><\/div>\n\n<div class=\"section\">\n\t<div class=\"paddedWrapper\">\n\t\t<div class=\"wrapper flex gutenberg\" style=\"justify-content: center;\">\n\n\t\t\t\n\t\t\t<div class=\"smallWrapper gutenberg\">\n\t\t\t\n\t\t\t\t<div class=\"h3\">N\u00e3o abra a m\u00e3o do controlo e transfira a app CardValet\u00ae.<\/div>\n\t\t\t  \n\t\t\t  \t<hr style=\"margin-bottom: 5rem;\">\n\t\t\t\t\n\t\t\t\t\n\n<p>\u00c9 f\u00e1cil de gerir a sua conta de d\u00e9bito e proteger-se contra a fraude com CardValet\u00ae. Com a app CardValet\u00ae, pode configurar a sua conta de d\u00e9bito e, em seguida, gerir e controlar a sua conta em qualquer lugar! Assuma o controlo do acesso ao seu cart\u00e3o de d\u00e9bito sem precisar de contactar a linha de apoio. Pode definir medidas de seguran\u00e7a a partir do seu telefone para ajudar a evitar as complica\u00e7\u00f5es da fraude de conta. <\/p>\n\n\n\n<p>Para transferir a app CardValet\u00ae pode pesquisar pelo nome na sua App Store, ou ent\u00e3o basta iniciar sess\u00e3o na sua app de Banco M\u00f3vel do BayCoast Bank! Vai encontrar uma liga\u00e7\u00e3o direta para a app CardValet\u00ae no menu \u201cMais\u201d, identificada como \u201cControlar o meu Cart\u00e3o de D\u00e9bito\u201d que far\u00e1 o redirecionado direto para a app CardValet\u00ae na sua App Store.<\/p>\n\n\n\n<p>A app CardValet\u00ae para controlo do cart\u00e3o obriga a que o titular do cart\u00e3o fa\u00e7a o registo de um novo nome de utilizador e palavra-passe e introduza as credenciais do cart\u00e3o para autentica\u00e7\u00e3o. O nome de utilizador e palavra-passe do CardValet\u00ae n\u00e3o est\u00e3o associadas ao nome de utilizador e palavra-passe do banco online do BayCoast Bank.<\/p>\n\n\n\n<p><a href=\"https:\/\/apps.apple.com\/us\/app\/cardvalet\/id849898083\" target=\"_blank\" rel=\"noopener\"><img decoding=\"async\" alt=\"\" src=\"https:\/\/baycoast.bank\/wp-content\/uploads\/2020\/08\/App-Store.png\" style=\"width: 150px; height: 49px;\"\/><\/a>     <a href=\"https:\/\/play.google.com\/store\/apps\/details?id=com.fiservcardvalet.mobile.android&amp;hl=en_US\" target=\"_blank\" rel=\"noopener\"><img decoding=\"async\" alt=\"\" src=\"https:\/\/baycoast.bank\/wp-content\/uploads\/2020\/08\/Google-Play.png\" style=\"width: 150px; height: 34px;\"\/><\/a><\/p>\n\n\n\n<p>Como sempre, se sentir alguma dificuldade com o CardValet\u00ae ou o banco online, sabe que pode contar com os esclarecimentos da nossa equipa de especialistas em e-Commerce!<\/p>\n\n\n\n<p>E-mail: <a href=\"mailto:ecommerce@baycoastbank.com\">ecommerce@baycoastbank.com<\/a><br\/>Telefone: 508-675-4404<\/p>\n\n\n\t\t\t<\/div>\n\n\t\t<\/div>\n\t<\/div>\n<\/div> <\/div>","protected":false},"excerpt":{"rendered":"","protected":false},"author":1,"featured_media":5964,"parent":7245,"menu_order":37,"comment_status":"closed","ping_status":"closed","template":"","meta":{"_acf_changed":false,"inline_featured_image":false,"footnotes":""},"class_list":["post-7275","page","type-page","status-publish","has-post-thumbnail","hentry"],"acf":[],"featured_image_urls_v2":{"full":["https:\/\/baycoast.bank\/wp-content\/uploads\/2021\/04\/iStock-521459708-min-e1618503803182.jpg",1920,988,false],"thumbnail":["https:\/\/baycoast.bank\/wp-content\/uploads\/2021\/04\/iStock-521459708-min-e1618503803182-150x150.jpg",150,150,true],"medium":["https:\/\/baycoast.bank\/wp-content\/uploads\/2021\/04\/iStock-521459708-min-e1618503803182-300x154.jpg",300,154,true],"medium_large":["https:\/\/baycoast.bank\/wp-content\/uploads\/2021\/04\/iStock-521459708-min-e1618503803182-768x395.jpg",768,395,true],"large":["https:\/\/baycoast.bank\/wp-content\/uploads\/2021\/04\/iStock-521459708-min-e1618503803182-1024x527.jpg",1024,527,true],"1536x1536":["https:\/\/baycoast.bank\/wp-content\/uploads\/2021\/04\/iStock-521459708-min-e1618503803182-1536x790.jpg",1536,790,true],"2048x2048":["https:\/\/baycoast.bank\/wp-content\/uploads\/2021\/04\/iStock-521459708-min-e1618503803182.jpg",1920,988,false]},"post_excerpt_stackable_v2":"<p>Banco Online CardValet\u00ae N\u00e3o abra a m\u00e3o do controlo e transfira a app CardValet\u00ae. \u00c9 f\u00e1cil de gerir a sua conta de d\u00e9bito e proteger-se contra a fraude com CardValet\u00ae. Com a app CardValet\u00ae, pode configurar a sua conta de d\u00e9bito e, em seguida, gerir e controlar a sua conta em qualquer lugar! Assuma o controlo do acesso ao seu cart\u00e3o de d\u00e9bito sem precisar de contactar a linha de apoio. Pode definir medidas de seguran\u00e7a a partir do seu telefone para ajudar a evitar as complica\u00e7\u00f5es da fraude de conta. Para transferir a app CardValet\u00ae pode pesquisar pelo nome&hellip;<\/p>\n","category_list_v2":"","author_info_v2":{"name":"","url":"https:\/\/baycoast.bank\/pt-pt\/author\/"},"comments_num_v2":"0 comments","publishpress_future_action":{"enabled":false,"date":"2026-04-29 15:37:24","action":"change-status","newStatus":"draft","terms":[],"taxonomy":"translation_priority","extraData":[]},"publishpress_future_workflow_manual_trigger":{"enabledWorkflows":[]},"_links":{"self":[{"href":"https:\/\/baycoast.bank\/pt-pt\/wp-json\/wp\/v2\/pages\/7275","targetHints":{"allow":["GET"]}}],"collection":[{"href":"https:\/\/baycoast.bank\/pt-pt\/wp-json\/wp\/v2\/pages"}],"about":[{"href":"https:\/\/baycoast.bank\/pt-pt\/wp-json\/wp\/v2\/types\/page"}],"author":[{"embeddable":true,"href":"https:\/\/baycoast.bank\/pt-pt\/wp-json\/wp\/v2\/users\/1"}],"replies":[{"embeddable":true,"href":"https:\/\/baycoast.bank\/pt-pt\/wp-json\/wp\/v2\/comments?post=7275"}],"version-history":[{"count":0,"href":"https:\/\/baycoast.bank\/pt-pt\/wp-json\/wp\/v2\/pages\/7275\/revisions"}],"up":[{"embeddable":true,"href":"https:\/\/baycoast.bank\/pt-pt\/wp-json\/wp\/v2\/pages\/7245"}],"wp:featuredmedia":[{"embeddable":true,"href":"https:\/\/baycoast.bank\/pt-pt\/wp-json\/wp\/v2\/media\/5964"}],"wp:attachment":[{"href":"https:\/\/baycoast.bank\/pt-pt\/wp-json\/wp\/v2\/media?parent=7275"}],"curies":[{"name":"wp","href":"https:\/\/api.w.org\/{rel}","templated":true}]}}