{"id":7277,"date":"2020-08-07T14:33:01","date_gmt":"2020-08-07T18:33:01","guid":{"rendered":"https:\/\/baycoast.bank\/o-seu-dinheiro-esta-seguro\/"},"modified":"2025-07-14T14:46:34","modified_gmt":"2025-07-14T18:46:34","slug":"o-seu-dinheiro-esta-seguro","status":"publish","type":"page","link":"https:\/\/baycoast.bank\/pt-pt\/o-seu-dinheiro-esta-seguro\/","title":{"rendered":"Seguro de dep\u00f3sito FDIC e DIF"},"content":{"rendered":"<div class=\"lazyblock-interior-hero-Z22RP5C wp-block-lazyblock-interior-hero\">\n<div class=\"section hero\">\n\t<div class=\"backing parallaxContainer\">\n\t\t<div class=\"backing\" style=\"background-image: url(https:\/\/baycoast.bank\/wp-content\/uploads\/2023\/03\/FDICDIF-Webpage-Hero-v2.jpg\" role=\"img\" aria-label=\"Hero Image\"><\/div>\n\t<\/div>\n\n\t<div class=\"heroContent\">\n\t\t<div class=\"plusPlus blue\" ><\/div>\n\t\t\n\t\t<div class=\"heroWrapper\">\n\t\t\t<div class=\"heroBlock bgWhite\">\n\t\t\t\t\n\t\t\t\t<div class=\"heroBlockHeadline\">\n\n\t\t\t\t\t\t\t\t\t\t\n\t\t\t\t\t<h1 class=\"blue\">Seguro de dep\u00f3sito FDIC e DIF<\/h1>\n\t\t\t\t<\/div>\n\t\t\t<\/div>\n\t\t\t    \t\n\t\t\t\n\t\t\t\t<div class=\"openAccount bgBlue\">\n\t\t\t\t\t<div class=\"grain\" role=\"presentation\"><\/div>\n\t\t\t\t\t<div class=\"btn white\" role=\"button\" tabindex=\"0\">Abrir uma conta&nbsp;<span class=\"primaryColor\">+<\/span> <div class=\"backing bgPrimaryColor\"><\/div><\/div>\n\n\t\t\t\t\t<div class=\"backing bgPrimaryColor\"><\/div>\n\t\t\t\t\t\n\t\t\t\t\t<a  href=\"\/online-account-opening\/\"><\/a>\n\t\t\t\t<\/div>\n\n\t\t\t\n\t\t<\/div>\n\t<\/div>\n<\/div> \n\n<div class=\"spacer\"><\/div><\/div><div class=\"lazyblock-interior-content-ZJ2deD wp-block-lazyblock-interior-content\"><div class=\"spacer\"><\/div>\n\n<div class=\"section\">\n\t<div class=\"paddedWrapper\">\n\t\t<div class=\"wrapper flex gutenberg\" style=\"justify-content: center;\">\n\n\t\t\t\n\t\t\t<div class=\"smallWrapper gutenberg\">\n\t\t\t\n\t\t\t\t<div class=\"h3\">No BayCoast Bank, os seus dep\u00f3sitos est\u00e3o seguros a 100%.<\/div>\n\t\t\t  \n\t\t\t  \t<hr style=\"margin-bottom: 5rem;\">\n\t\t\t\t\n\t\t\t\t\n\n<p>Quando escolhe o nosso banco, 100% dos dep\u00f3sitos no seu BayCoast est\u00e3o totalmente seguros pelo FDIC (Federal Deposit Insurance Corporation) e DIF (Depositors Insurance Fund). No BayCoast, temos uma longa tradi\u00e7\u00e3o de cuidar dos nossos clientes e do seu bem-estar financeiro.<\/p>\n\n\n\n<p>Desde 1851 que o banco serve com orgulho as pessoas e os neg\u00f3cios na costa sul de Massachusetts e Rhode Island. Oferecer um servi\u00e7o e solu\u00e7\u00f5es excecionais \u00e0 nossa comunidade \u00e9 importante para n\u00f3s. Atualmente, esse compromisso \u00e9 mais forte do que nunca. Estamos aqui para si, tal como estivemos para os seus pais, av\u00f3s e bisav\u00f3s antes deles.<\/p>\n\n\n\n<div class=\"wp-block-stackable-button-group stk-block-button-group stk-block stk-ee45ca7\" data-block-id=\"ee45ca7\"><style>.stk-ee45ca7 .stk-button-group{flex-direction:row !important;}.stk-ee45ca7 {margin-bottom:25px !important;}@media screen and (max-width: 1023px){.stk-ee45ca7 .stk-button-group{flex-direction:row !important;}}@media screen and (max-width: 767px){.stk-ee45ca7 .stk-button-group{flex-direction:row !important;}}<\/style><div class=\"stk-row stk-inner-blocks stk-block-content stk-button-group\">\n<div class=\"wp-block-stackable-button stk-block-button stk-block stk-3b990ba\" data-block-id=\"3b990ba\"><style>.stk-3b990ba .stk-button{padding-top:15px !important;padding-right:20px !important;padding-bottom:15px !important;padding-left:20px !important;background:var(--stk-global-color-63884, #fbad18) !important;}.stk-3b990ba .stk-button__inner-text{font-size:14px !important;color:var(--stk-global-color-3828, #18428f) !important;font-weight:700 !important;text-transform:uppercase !important;}@media screen and (max-width: 1023px){.stk-3b990ba .stk-button__inner-text{font-size:14px !important;}}<\/style><a class=\"stk-link stk-button stk--hover-effect-darken\" href=\"https:\/\/baycoast.bank\/pt-pt\/abrir-conta-online\/\" target=\"_blank\" rel=\"noreferrer noopener\"><span class=\"has-text-color has-stk-global-color-3828-color stk-button__inner-text\">Abra uma conta hoje<\/span><\/a><\/div>\n<\/div><\/div>\n\n\n\n<p>Aqui fica uma an\u00e1lise mais detalhada do seguro de dep\u00f3sito combinado FDIC e DIF do BayCoast, que oferece a todos os depositantes prote\u00e7\u00e3o e tranquilidade.<\/p>\n\n\n\n<h4 class=\"wp-block-heading\">Seguro de dep\u00f3sito FDIC<\/h4>\n\n\n\n<p>O FDIC \u00e9 uma ag\u00eancia independente de pleno direito do governo dos Estados Unidos, empenhada em garantir que todo o dinheiro dos depositantes permanece seguro. Como cliente do BayCoast Bank, os seus dep\u00f3sitos connosco est\u00e3o automaticamente abrangidos pelo seguro de dep\u00f3sito FDIC, at\u00e9, pelo menos $250,000 por depositante. <\/p>\n\n\n\n<div class=\"wp-block-stackable-button-group stk-block-button-group stk-block stk-9905ddc\" data-block-id=\"9905ddc\"><style>.stk-9905ddc .stk-button-group{flex-direction:row !important;}.stk-9905ddc {margin-bottom:25px !important;}@media screen and (max-width: 1023px){.stk-9905ddc .stk-button-group{flex-direction:row !important;}}@media screen and (max-width: 767px){.stk-9905ddc .stk-button-group{flex-direction:row !important;}}<\/style><div class=\"stk-row stk-inner-blocks stk-block-content stk-button-group\">\n<div class=\"wp-block-stackable-button stk-block-button stk-block stk-dd07e3f\" data-block-id=\"dd07e3f\"><style>.stk-dd07e3f .stk-button{padding-top:15px !important;padding-right:20px !important;padding-bottom:15px !important;padding-left:20px !important;background:var(--stk-global-color-63884, #fbad18) !important;}.stk-dd07e3f .stk-button__inner-text{font-size:14px !important;color:var(--stk-global-color-3828, #18428f) !important;font-weight:700 !important;text-transform:uppercase !important;}@media screen and (max-width: 1023px){.stk-dd07e3f .stk-button__inner-text{font-size:14px !important;}}<\/style><a class=\"stk-link stk-button stk--hover-effect-darken\" href=\"https:\/\/www.fdic.gov\/\" target=\"_blank\" rel=\"noreferrer noopener\"><span class=\"has-text-color has-stk-global-color-3828-color stk-button__inner-text\">Saiba mais sobre o FDIC<\/span><\/a><\/div>\n<\/div><\/div>\n\n\n\n<h4 class=\"wp-block-heading\">Seguro de dep\u00f3sito DIF<\/h4>\n\n\n\n<p>O DIF \u00e9 um fundo de seguro privado apoiado pela ind\u00fastria, exclusivo para os bancos comunit\u00e1rios constitu\u00eddos no Estado de Massachusetts, que garante todos os dep\u00f3sitos acima do limite FDIC de $250,000 por depositante. Isso significa que com o seguro de dep\u00f3sito FDIC e DIF, os seus dep\u00f3sitos no BayCoast est\u00e3o totalmente cobertos, seja qual for o montante.<\/p>\n\n\n\n<div class=\"wp-block-stackable-button-group stk-block-button-group stk-block stk-d1ec068\" data-block-id=\"d1ec068\"><style>.stk-d1ec068 .stk-button-group{flex-direction:row !important;}.stk-d1ec068 {margin-bottom:25px !important;}@media screen and (max-width: 1023px){.stk-d1ec068 .stk-button-group{flex-direction:row !important;}}@media screen and (max-width: 767px){.stk-d1ec068 .stk-button-group{flex-direction:row !important;}}<\/style><div class=\"stk-row stk-inner-blocks stk-block-content stk-button-group\">\n<div class=\"wp-block-stackable-button stk-block-button stk-block stk-695a17c\" data-block-id=\"695a17c\"><style>.stk-695a17c .stk-button{padding-top:15px !important;padding-right:20px !important;padding-bottom:15px !important;padding-left:20px !important;background:var(--stk-global-color-63884, #fbad18) !important;}.stk-695a17c .stk-button__inner-text{font-size:14px !important;color:var(--stk-global-color-3828, #18428f) !important;font-weight:700 !important;text-transform:uppercase !important;}@media screen and (max-width: 1023px){.stk-695a17c .stk-button__inner-text{font-size:14px !important;}}<\/style><a class=\"stk-link stk-button stk--hover-effect-darken\" href=\"https:\/\/difxs.com\/about\/\" target=\"_blank\" rel=\"noreferrer noopener\"><span class=\"has-text-color has-stk-global-color-3828-color stk-button__inner-text\">Saiba mais sobre o DIF<\/span><\/a><\/div>\n<\/div><\/div>\n\n\n\n<h4 class=\"wp-block-heading\">Nenhum depositante perdeu um c\u00eantimo que fosse num banco segurado pelo FDIC e pelo DIF.<\/h4>\n\n\n\n<p>A combina\u00e7\u00e3o do seguro FDIC e DIF oferece seguro de dep\u00f3sito total em todas as nossas contas de dep\u00f3sito.<\/p>\n\n\n\n<p>Para mais informa\u00e7\u00f5es, contacte-nos diretamente para o <strong><a href=\"tel:5086787641\">508-678-7641<\/a><\/strong>. <\/p>\n\n\n\n<div class=\"wp-block-stackable-button-group stk-block-button-group stk-block stk-3ed6e20\" data-block-id=\"3ed6e20\"><style>.stk-3ed6e20 .stk-button-group{flex-direction:row !important;}.stk-3ed6e20 {margin-bottom:25px !important;}@media screen and (max-width: 1023px){.stk-3ed6e20 .stk-button-group{flex-direction:row !important;}}@media screen and (max-width: 767px){.stk-3ed6e20 .stk-button-group{flex-direction:row !important;}}<\/style><div class=\"stk-row stk-inner-blocks stk-block-content stk-button-group\">\n<div class=\"wp-block-stackable-button stk-block-button stk-block stk-69be4a9\" data-block-id=\"69be4a9\"><style>.stk-69be4a9 .stk-button{padding-top:15px !important;padding-right:20px !important;padding-bottom:15px !important;padding-left:20px !important;background:var(--stk-global-color-63884, #fbad18) !important;}.stk-69be4a9 .stk-button__inner-text{font-size:14px !important;color:var(--stk-global-color-3828, #18428f) !important;font-weight:700 !important;text-transform:uppercase !important;}@media screen and (max-width: 1023px){.stk-69be4a9 .stk-button__inner-text{font-size:14px !important;}}<\/style><a class=\"stk-link stk-button stk--hover-effect-darken\" href=\"https:\/\/baycoast.bank\/pt-pt\/abrir-conta-online\/\" target=\"_blank\" rel=\"noreferrer noopener\"><span class=\"has-text-color has-stk-global-color-3828-color stk-button__inner-text\">Abra uma conta hoje<\/span><\/a><\/div>\n<\/div><\/div>\n\n\n\t\t\t<\/div>\n\n\t\t<\/div>\n\t<\/div>\n<\/div> <\/div>","protected":false},"excerpt":{"rendered":"","protected":false},"author":1,"featured_media":9593,"parent":0,"menu_order":166,"comment_status":"closed","ping_status":"closed","template":"","meta":{"_acf_changed":false,"inline_featured_image":false,"footnotes":""},"class_list":["post-7277","page","type-page","status-publish","has-post-thumbnail","hentry"],"acf":[],"featured_image_urls_v2":{"full":["https:\/\/baycoast.bank\/wp-content\/uploads\/2023\/03\/FDICDIF-Webpage-Hero-v2.jpg",1920,600,false],"thumbnail":["https:\/\/baycoast.bank\/wp-content\/uploads\/2023\/03\/FDICDIF-Webpage-Hero-v2-150x150.jpg",150,150,true],"medium":["https:\/\/baycoast.bank\/wp-content\/uploads\/2023\/03\/FDICDIF-Webpage-Hero-v2-300x94.jpg",300,94,true],"medium_large":["https:\/\/baycoast.bank\/wp-content\/uploads\/2023\/03\/FDICDIF-Webpage-Hero-v2-768x240.jpg",768,240,true],"large":["https:\/\/baycoast.bank\/wp-content\/uploads\/2023\/03\/FDICDIF-Webpage-Hero-v2-1024x320.jpg",1024,320,true],"1536x1536":["https:\/\/baycoast.bank\/wp-content\/uploads\/2023\/03\/FDICDIF-Webpage-Hero-v2-1536x480.jpg",1536,480,true],"2048x2048":["https:\/\/baycoast.bank\/wp-content\/uploads\/2023\/03\/FDICDIF-Webpage-Hero-v2.jpg",1920,600,false]},"post_excerpt_stackable_v2":"<p>Seguro de dep\u00f3sito FDIC e DIF Abrir uma conta&nbsp;+ No BayCoast Bank, os seus dep\u00f3sitos est\u00e3o seguros a 100%. Quando escolhe o nosso banco, 100% dos dep\u00f3sitos no seu BayCoast est\u00e3o totalmente seguros pelo FDIC (Federal Deposit Insurance Corporation) e DIF (Depositors Insurance Fund). No BayCoast, temos uma longa tradi\u00e7\u00e3o de cuidar dos nossos clientes e do seu bem-estar financeiro. Desde 1851 que o banco serve com orgulho as pessoas e os neg\u00f3cios na costa sul de Massachusetts e Rhode Island. Oferecer um servi\u00e7o e solu\u00e7\u00f5es excecionais \u00e0 nossa comunidade \u00e9 importante para n\u00f3s. Atualmente, esse compromisso \u00e9 mais forte&hellip;<\/p>\n","category_list_v2":"","author_info_v2":{"name":"","url":"https:\/\/baycoast.bank\/pt-pt\/author\/"},"comments_num_v2":"0 comments","publishpress_future_action":{"enabled":false,"date":"2026-05-05 22:33:09","action":"change-status","newStatus":"draft","terms":[],"taxonomy":"translation_priority","extraData":[]},"publishpress_future_workflow_manual_trigger":{"enabledWorkflows":[]},"_links":{"self":[{"href":"https:\/\/baycoast.bank\/pt-pt\/wp-json\/wp\/v2\/pages\/7277","targetHints":{"allow":["GET"]}}],"collection":[{"href":"https:\/\/baycoast.bank\/pt-pt\/wp-json\/wp\/v2\/pages"}],"about":[{"href":"https:\/\/baycoast.bank\/pt-pt\/wp-json\/wp\/v2\/types\/page"}],"author":[{"embeddable":true,"href":"https:\/\/baycoast.bank\/pt-pt\/wp-json\/wp\/v2\/users\/1"}],"replies":[{"embeddable":true,"href":"https:\/\/baycoast.bank\/pt-pt\/wp-json\/wp\/v2\/comments?post=7277"}],"version-history":[{"count":0,"href":"https:\/\/baycoast.bank\/pt-pt\/wp-json\/wp\/v2\/pages\/7277\/revisions"}],"wp:featuredmedia":[{"embeddable":true,"href":"https:\/\/baycoast.bank\/pt-pt\/wp-json\/wp\/v2\/media\/9593"}],"wp:attachment":[{"href":"https:\/\/baycoast.bank\/pt-pt\/wp-json\/wp\/v2\/media?parent=7277"}],"curies":[{"name":"wp","href":"https:\/\/api.w.org\/{rel}","templated":true}]}}